{"id":54295,"date":"2026-04-04T10:28:54","date_gmt":"2026-04-04T08:28:54","guid":{"rendered":"https:\/\/dev6.erresse-shop.it\/shop\/unkategorisiert\/joseph-joseph-collect-4l-grau\/"},"modified":"2025-09-14T01:39:49","modified_gmt":"2025-09-13T23:39:49","slug":"joseph-joseph-collect-4l-grau","status":"publish","type":"product","link":"https:\/\/dev6.erresse-shop.it\/de\/shop\/einrichtung-haus\/badezimmer\/joseph-joseph-collect-4l-grau\/","title":{"rendered":"JOSEPH JOSEPH Collect  4l Grau"},"content":{"rendered":"<p>Dieser elegante Edelstahlbeh\u00e4lter f\u00fcr Lebensmittelabf\u00e4lle ist etwas, das Sie nicht verstecken m\u00f6chten. Er verf\u00fcgt \u00fcber eine breite \u00d6ffnung und einen herausnehmbaren Inneneimer, der das Entleeren zum Kinderspiel macht. Au\u00dferdem verf\u00fcgt er \u00fcber einen effektiven, bel\u00fcfteten Geruchsfilter, der unangenehme Ger\u00fcche fernh\u00e4lt. Unter dem Inneneimer ist Platz f\u00fcr ein P\u00e4ckchen ma\u00dfgeschneiderter kompostierbarer Joseph Joseph IW2-Abfallbeutel (separat erh\u00e4ltlich).<br \/>\nDer herausnehmbare Inneneimer macht die Abfallentsorgung zu einem Kinderspiel.<br \/>\nDer Flip-Top-Deckel ist mit einem intelligenten Bel\u00fcftungsfilter ausgestattet, der Feuchtigkeit und unerw\u00fcnschte Ger\u00fcche reduziert.<br \/>\nDas Design ist abgewinkelt und hat eine breite \u00d6ffnung, um das Bef\u00fcllen des Beh\u00e4lters so einfach wie m\u00f6glich zu machen.<br \/>\nUnter dem Inneneimer ist Platz f\u00fcr einen ma\u00dfgeschneiderten kompostierbaren Joseph Joseph IW2 Abfallbeutel.<br \/>\nLeicht zu reinigendes, langlebiges und elegantes Edelstahlfinish.<\/p>\n<p>Pflege und Gebrauch:<\/p>\n<p>Hauptk\u00f6rper und Deckel: mit einem weichen, in lauwarmem Wasser und mildem Reinigungsmittel getr\u00e4nkten Tuch reinigen. Mit einem weichen, trockenen Tuch abtrocknen. Keine scheuernden T\u00fccher oder scharfe chemische Reinigungsmittel verwenden.<\/p>\n<p>Eimer: mit warmem Wasser und Seife reinigen. Um unangenehme Ger\u00fcche zu beseitigen, kann auch eine L\u00f6sung aus Hefe und Wasser verwendet werden. Vor dem Wiedereinsetzen in das Ger\u00e4t trocknen lassen.<\/p>\n<p>Geruchsfilter: Um eine optimale Leistung zu gew\u00e4hrleisten, wird empfohlen, ihn alle drei Monate auszutauschen.<\/p>\n<p>Abmessungen: H20,9 x B30,3 x T17,4 cm (H8 x B12 x T7 Zoll)<\/p>\n<p>Gewicht: 1,7 kg<\/p>\n","protected":false},"excerpt":{"rendered":"<p>Dieser elegante Edelstahlbeh\u00e4lter f\u00fcr Lebensmittelabf\u00e4lle ist etwas, das Sie nicht verstecken m\u00f6chten. Er verf\u00fcgt \u00fcber eine breite \u00d6ffnung und einen herausnehmbaren Inneneimer, der das Entleeren zum Kinderspiel macht. Au\u00dferdem verf\u00fcgt er \u00fcber einen effektiven, bel\u00fcfteten Geruchsfilter, der unangenehme Ger\u00fcche fernh\u00e4lt. Unter dem Inneneimer ist Platz f\u00fcr ein P\u00e4ckchen ma\u00dfgeschneiderter kompostierbarer Joseph Joseph IW2-Abfallbeutel (separat erh\u00e4ltlich). [&hellip;]<\/p>\n","protected":false},"featured_media":6283127,"template":"","meta":{"_acf_changed":false},"product_cat":[12182,12098],"product_tag":[],"class_list":{"0":"post-54295","1":"product","2":"type-product","3":"status-publish","4":"has-post-thumbnail","6":"product_cat-badezimmer","7":"product_cat-einrichtung-haus","9":"first","10":"instock","11":"taxable","12":"shipping-taxable","13":"purchasable","14":"product-type-simple","swatches":"rey-swatches","show_selected":"","stretch_labels":"rey-swatches--stretch-labels"},"acf":[],"yoast_head":"<!-- This site is optimized with the Yoast SEO plugin v25.4 - https:\/\/yoast.com\/wordpress\/plugins\/seo\/ -->\n<title>JOSEPH JOSEPH Collect 4l Grau - dev6 Erresse<\/title>\n<meta name=\"description\" content=\"Dieser elegante Edelstahlbeh\u00e4lter f\u00fcr Lebensmittelabf\u00e4lle ist etwas, das Sie nicht verstecken m\u00f6chten. Er verf\u00fcgt \u00fcber eine breite \u00d6ffnung und einen\" \/>\n<meta name=\"robots\" content=\"noindex, follow, max-snippet:-1, max-image-preview:large, max-video-preview:-1\" \/>\n<meta property=\"og:locale\" content=\"de_DE\" \/>\n<meta property=\"og:type\" content=\"article\" \/>\n<meta property=\"og:title\" content=\"JOSEPH JOSEPH Collect 4l Grau - dev6 Erresse\" \/>\n<meta property=\"og:description\" content=\"Dieser elegante Edelstahlbeh\u00e4lter f\u00fcr Lebensmittelabf\u00e4lle ist etwas, das Sie nicht verstecken m\u00f6chten. Er verf\u00fcgt \u00fcber eine breite \u00d6ffnung und einen\" \/>\n<meta property=\"og:url\" content=\"https:\/\/dev6.erresse-shop.it\/de\/shop\/einrichtung-haus\/badezimmer\/joseph-joseph-collect-4l-grau\/\" \/>\n<meta property=\"og:site_name\" content=\"dev6 Erresse\" \/>\n<meta property=\"og:image\" content=\"https:\/\/interpim.erresse-shop.it\/Import\/Prodotti\/joseph-joseph-collect-4l-grigio.jpg\" \/><meta property=\"og:image\" content=\"https:\/\/interpim.erresse-shop.it\/Import\/Prodotti\/joseph-joseph-collect-4l-grigio.jpg\" \/>\n\t<meta property=\"og:image:width\" content=\"1024\" \/>\n\t<meta property=\"og:image:height\" content=\"1024\" \/>\n\t<meta property=\"og:image:type\" content=\"image\/jpeg\" \/>\n<meta name=\"twitter:card\" content=\"summary_large_image\" \/>\n<meta name=\"twitter:image\" content=\"https:\/\/interpim.erresse-shop.it\/Import\/Prodotti\/joseph-joseph-collect-4l-grigio.jpg\" \/>\n<script type=\"application\/ld+json\" class=\"yoast-schema-graph\">{\"@context\":\"https:\/\/schema.org\",\"@graph\":[{\"@type\":\"WebPage\",\"@id\":\"https:\/\/dev6.erresse-shop.it\/de\/shop\/einrichtung-haus\/badezimmer\/joseph-joseph-collect-4l-grau\/\",\"url\":\"https:\/\/dev6.erresse-shop.it\/de\/shop\/einrichtung-haus\/badezimmer\/joseph-joseph-collect-4l-grau\/\",\"name\":\"JOSEPH JOSEPH Collect 4l Grau - dev6 Erresse\",\"isPartOf\":{\"@id\":\"https:\/\/dev6.erresse-shop.it\/#website\"},\"primaryImageOfPage\":{\"@id\":\"https:\/\/dev6.erresse-shop.it\/de\/shop\/einrichtung-haus\/badezimmer\/joseph-joseph-collect-4l-grau\/#primaryimage\"},\"image\":{\"@id\":\"https:\/\/dev6.erresse-shop.it\/de\/shop\/einrichtung-haus\/badezimmer\/joseph-joseph-collect-4l-grau\/#primaryimage\"},\"thumbnailUrl\":\"https:\/\/i2.wp.com\/interpim.erresse-shop.it\/Import\/Prodotti\/joseph-joseph-collect-4l-grigio.jpg?ssl=1\",\"datePublished\":\"2026-04-04T08:28:54+00:00\",\"description\":\"Dieser elegante Edelstahlbeh\u00e4lter f\u00fcr Lebensmittelabf\u00e4lle ist etwas, das Sie nicht verstecken m\u00f6chten. Er verf\u00fcgt \u00fcber eine breite \u00d6ffnung und einen\",\"breadcrumb\":{\"@id\":\"https:\/\/dev6.erresse-shop.it\/de\/shop\/einrichtung-haus\/badezimmer\/joseph-joseph-collect-4l-grau\/#breadcrumb\"},\"inLanguage\":\"de\",\"potentialAction\":[{\"@type\":\"ReadAction\",\"target\":[\"https:\/\/dev6.erresse-shop.it\/de\/shop\/einrichtung-haus\/badezimmer\/joseph-joseph-collect-4l-grau\/\"]}]},{\"@type\":\"ImageObject\",\"inLanguage\":\"de\",\"@id\":\"https:\/\/dev6.erresse-shop.it\/de\/shop\/einrichtung-haus\/badezimmer\/joseph-joseph-collect-4l-grau\/#primaryimage\",\"url\":\"https:\/\/i2.wp.com\/interpim.erresse-shop.it\/Import\/Prodotti\/joseph-joseph-collect-4l-grigio.jpg?ssl=1\",\"contentUrl\":\"https:\/\/i2.wp.com\/interpim.erresse-shop.it\/Import\/Prodotti\/joseph-joseph-collect-4l-grigio.jpg?ssl=1\"},{\"@type\":\"BreadcrumbList\",\"@id\":\"https:\/\/dev6.erresse-shop.it\/de\/shop\/einrichtung-haus\/badezimmer\/joseph-joseph-collect-4l-grau\/#breadcrumb\",\"itemListElement\":[{\"@type\":\"ListItem\",\"position\":1,\"name\":\"Home\",\"item\":\"https:\/\/dev6.erresse-shop.it\/\"},{\"@type\":\"ListItem\",\"position\":2,\"name\":\"Shop\",\"item\":\"https:\/\/dev6.erresse-shop.it\/shop\/\"},{\"@type\":\"ListItem\",\"position\":3,\"name\":\"JOSEPH JOSEPH Collect 4l Grau\"}]},{\"@type\":\"WebSite\",\"@id\":\"https:\/\/dev6.erresse-shop.it\/#website\",\"url\":\"https:\/\/dev6.erresse-shop.it\/\",\"name\":\"Erresse Shop\",\"description\":\"\",\"publisher\":{\"@id\":\"https:\/\/dev6.erresse-shop.it\/#organization\"},\"potentialAction\":[{\"@type\":\"SearchAction\",\"target\":{\"@type\":\"EntryPoint\",\"urlTemplate\":\"https:\/\/dev6.erresse-shop.it\/?s={search_term_string}\"},\"query-input\":{\"@type\":\"PropertyValueSpecification\",\"valueRequired\":true,\"valueName\":\"search_term_string\"}}],\"inLanguage\":\"de\"},{\"@type\":\"Organization\",\"@id\":\"https:\/\/dev6.erresse-shop.it\/#organization\",\"name\":\"Erresse Shop\",\"url\":\"https:\/\/dev6.erresse-shop.it\/\",\"logo\":{\"@type\":\"ImageObject\",\"inLanguage\":\"de\",\"@id\":\"https:\/\/dev6.erresse-shop.it\/#\/schema\/logo\/image\/\",\"url\":\"https:\/\/dev6.erresse-shop.it\/wp-content\/uploads\/2025\/01\/LOGO-ERRESSE-CLASSICO.svg\",\"contentUrl\":\"https:\/\/dev6.erresse-shop.it\/wp-content\/uploads\/2025\/01\/LOGO-ERRESSE-CLASSICO.svg\",\"caption\":\"Erresse Shop\"},\"image\":{\"@id\":\"https:\/\/dev6.erresse-shop.it\/#\/schema\/logo\/image\/\"}}]}<\/script>\n<!-- \/ Yoast SEO plugin. -->","yoast_head_json":{"title":"JOSEPH JOSEPH Collect 4l Grau - dev6 Erresse","description":"Dieser elegante Edelstahlbeh\u00e4lter f\u00fcr Lebensmittelabf\u00e4lle ist etwas, das Sie nicht verstecken m\u00f6chten. Er verf\u00fcgt \u00fcber eine breite \u00d6ffnung und einen","robots":{"index":"noindex","follow":"follow","max-snippet":"max-snippet:-1","max-image-preview":"max-image-preview:large","max-video-preview":"max-video-preview:-1"},"og_locale":"de_DE","og_type":"article","og_title":"JOSEPH JOSEPH Collect 4l Grau - dev6 Erresse","og_description":"Dieser elegante Edelstahlbeh\u00e4lter f\u00fcr Lebensmittelabf\u00e4lle ist etwas, das Sie nicht verstecken m\u00f6chten. Er verf\u00fcgt \u00fcber eine breite \u00d6ffnung und einen","og_url":"https:\/\/dev6.erresse-shop.it\/de\/shop\/einrichtung-haus\/badezimmer\/joseph-joseph-collect-4l-grau\/","og_site_name":"dev6 Erresse","og_image":[{"url":"https:\/\/interpim.erresse-shop.it\/Import\/Prodotti\/joseph-joseph-collect-4l-grigio.jpg","type":"","width":"","height":""},{"url":"https:\/\/interpim.erresse-shop.it\/Import\/Prodotti\/joseph-joseph-collect-4l-grigio.jpg","width":1024,"height":1024,"type":"image\/jpeg"}],"twitter_card":"summary_large_image","twitter_image":"https:\/\/interpim.erresse-shop.it\/Import\/Prodotti\/joseph-joseph-collect-4l-grigio.jpg","schema":{"@context":"https:\/\/schema.org","@graph":[{"@type":"WebPage","@id":"https:\/\/dev6.erresse-shop.it\/de\/shop\/einrichtung-haus\/badezimmer\/joseph-joseph-collect-4l-grau\/","url":"https:\/\/dev6.erresse-shop.it\/de\/shop\/einrichtung-haus\/badezimmer\/joseph-joseph-collect-4l-grau\/","name":"JOSEPH JOSEPH Collect 4l Grau - dev6 Erresse","isPartOf":{"@id":"https:\/\/dev6.erresse-shop.it\/#website"},"primaryImageOfPage":{"@id":"https:\/\/dev6.erresse-shop.it\/de\/shop\/einrichtung-haus\/badezimmer\/joseph-joseph-collect-4l-grau\/#primaryimage"},"image":{"@id":"https:\/\/dev6.erresse-shop.it\/de\/shop\/einrichtung-haus\/badezimmer\/joseph-joseph-collect-4l-grau\/#primaryimage"},"thumbnailUrl":"https:\/\/i2.wp.com\/interpim.erresse-shop.it\/Import\/Prodotti\/joseph-joseph-collect-4l-grigio.jpg?ssl=1","datePublished":"2026-04-04T08:28:54+00:00","description":"Dieser elegante Edelstahlbeh\u00e4lter f\u00fcr Lebensmittelabf\u00e4lle ist etwas, das Sie nicht verstecken m\u00f6chten. Er verf\u00fcgt \u00fcber eine breite \u00d6ffnung und einen","breadcrumb":{"@id":"https:\/\/dev6.erresse-shop.it\/de\/shop\/einrichtung-haus\/badezimmer\/joseph-joseph-collect-4l-grau\/#breadcrumb"},"inLanguage":"de","potentialAction":[{"@type":"ReadAction","target":["https:\/\/dev6.erresse-shop.it\/de\/shop\/einrichtung-haus\/badezimmer\/joseph-joseph-collect-4l-grau\/"]}]},{"@type":"ImageObject","inLanguage":"de","@id":"https:\/\/dev6.erresse-shop.it\/de\/shop\/einrichtung-haus\/badezimmer\/joseph-joseph-collect-4l-grau\/#primaryimage","url":"https:\/\/i2.wp.com\/interpim.erresse-shop.it\/Import\/Prodotti\/joseph-joseph-collect-4l-grigio.jpg?ssl=1","contentUrl":"https:\/\/i2.wp.com\/interpim.erresse-shop.it\/Import\/Prodotti\/joseph-joseph-collect-4l-grigio.jpg?ssl=1"},{"@type":"BreadcrumbList","@id":"https:\/\/dev6.erresse-shop.it\/de\/shop\/einrichtung-haus\/badezimmer\/joseph-joseph-collect-4l-grau\/#breadcrumb","itemListElement":[{"@type":"ListItem","position":1,"name":"Home","item":"https:\/\/dev6.erresse-shop.it\/"},{"@type":"ListItem","position":2,"name":"Shop","item":"https:\/\/dev6.erresse-shop.it\/shop\/"},{"@type":"ListItem","position":3,"name":"JOSEPH JOSEPH Collect 4l Grau"}]},{"@type":"WebSite","@id":"https:\/\/dev6.erresse-shop.it\/#website","url":"https:\/\/dev6.erresse-shop.it\/","name":"Erresse Shop","description":"","publisher":{"@id":"https:\/\/dev6.erresse-shop.it\/#organization"},"potentialAction":[{"@type":"SearchAction","target":{"@type":"EntryPoint","urlTemplate":"https:\/\/dev6.erresse-shop.it\/?s={search_term_string}"},"query-input":{"@type":"PropertyValueSpecification","valueRequired":true,"valueName":"search_term_string"}}],"inLanguage":"de"},{"@type":"Organization","@id":"https:\/\/dev6.erresse-shop.it\/#organization","name":"Erresse Shop","url":"https:\/\/dev6.erresse-shop.it\/","logo":{"@type":"ImageObject","inLanguage":"de","@id":"https:\/\/dev6.erresse-shop.it\/#\/schema\/logo\/image\/","url":"https:\/\/dev6.erresse-shop.it\/wp-content\/uploads\/2025\/01\/LOGO-ERRESSE-CLASSICO.svg","contentUrl":"https:\/\/dev6.erresse-shop.it\/wp-content\/uploads\/2025\/01\/LOGO-ERRESSE-CLASSICO.svg","caption":"Erresse Shop"},"image":{"@id":"https:\/\/dev6.erresse-shop.it\/#\/schema\/logo\/image\/"}}]}},"df_price":54.99,"df_sale_price":"","df_regular_price":54.99,"df_image_link":"https:\/\/i2.wp.com\/interpim.erresse-shop.it\/Import\/Prodotti\/joseph-joseph-collect-4l-grigio.jpg?resize=300,300&ssl=1","fifu_image_url":"https:\/\/interpim.erresse-shop.it\/Import\/Prodotti\/joseph-joseph-collect-4l-grigio.jpg","_links":{"self":[{"href":"https:\/\/dev6.erresse-shop.it\/de\/wp-json\/wp\/v2\/product\/54295","targetHints":{"allow":["GET"]}}],"collection":[{"href":"https:\/\/dev6.erresse-shop.it\/de\/wp-json\/wp\/v2\/product"}],"about":[{"href":"https:\/\/dev6.erresse-shop.it\/de\/wp-json\/wp\/v2\/types\/product"}],"wp:featuredmedia":[{"embeddable":true,"href":"https:\/\/dev6.erresse-shop.it\/de\/wp-json\/wp\/v2\/media\/6283127"}],"wp:attachment":[{"href":"https:\/\/dev6.erresse-shop.it\/de\/wp-json\/wp\/v2\/media?parent=54295"}],"wp:term":[{"taxonomy":"product_cat","embeddable":true,"href":"https:\/\/dev6.erresse-shop.it\/de\/wp-json\/wp\/v2\/product_cat?post=54295"},{"taxonomy":"product_tag","embeddable":true,"href":"https:\/\/dev6.erresse-shop.it\/de\/wp-json\/wp\/v2\/product_tag?post=54295"}],"curies":[{"name":"wp","href":"https:\/\/api.w.org\/{rel}","templated":true}]}}