{"id":54281,"date":"2026-04-12T10:29:38","date_gmt":"2026-04-12T08:29:38","guid":{"rendered":"https:\/\/dev6.erresse-shop.it\/shop\/unkategorisiert\/illy-216-pods-e-s-e-stark-espresso\/"},"modified":"2025-09-14T01:39:26","modified_gmt":"2025-09-13T23:39:26","slug":"illy-216-pods-e-s-e-stark-espresso","status":"publish","type":"product","link":"https:\/\/dev6.erresse-shop.it\/de\/shop\/kaffe\/kaffeepads-und-kapseln\/illy-216-pods-e-s-e-stark-espresso\/","title":{"rendered":"ILLY 216 Pods E.S.E. Stark Espresso"},"content":{"rendered":"<p>Packung mit 18 Pods, insgesamt 216 Pods (12 Packungen).<\/p>\n<p>Neue E.S.E.-zertifizierte, kompostierbare Kapseln<br \/>\nDie zertifizierten kompostierbaren Pads, die \u00fcber die Bioabfall-Sammlung entsorgt werden k\u00f6nnen (informieren Sie sich bei Ihrer Gemeinde \u00fcber die aktuelle M\u00fclltrennung), sind perfekt, um Ihren Lieblings- illy-Espresso auf praktische Weise zuzubereiten, ohne dabei auf Geschmack und Frische zu verzichten. illy Kaffeepads in Filterpapier k\u00f6nnen mit allen ESE-Kaffeemaschinen verwendet werden<\/p>\n<p>Die E.S.E. (Easy Serving Espresso)-Pads sind sehr \u201coffen\u201d: Sie k\u00f6nnen sie nicht nur mit illy-Pad-Kaffeemaschinen verwenden, sondern auch mit allen anderen Pad-Maschinen. Die Kapsel ist nichts anderes als gemahlener Kaffee, der bereits richtig dosiert und gepresst ist und sich zwischen 2 Bl\u00e4ttern Filterpapier befindet.<\/p>\n<p>Aromatische Noten<br \/>\nDas CLASSICO-Aroma der einzigartigen Mischung aus 100% Arabica illy bringt zarte Noten von Karamell, Orangenbl\u00fcten und Jasmin zum Ausdruck, mit einem s\u00fc\u00dfen Nachgeschmack. F\u00fcr alle, die eine Tasse Kaffee mit einem weichen und samtigen Geschmack bevorzugen. Die Packung enth\u00e4lt 18 Einzeldosen CLASSICO-Kaffeepads, die von E.S.E. ger\u00f6stet wurden.<\/p>\n","protected":false},"excerpt":{"rendered":"<p>Packung mit 18 Pods, insgesamt 216 Pods (12 Packungen). Neue E.S.E.-zertifizierte, kompostierbare Kapseln Die zertifizierten kompostierbaren Pads, die \u00fcber die Bioabfall-Sammlung entsorgt werden k\u00f6nnen (informieren Sie sich bei Ihrer Gemeinde \u00fcber die aktuelle M\u00fclltrennung), sind perfekt, um Ihren Lieblings- illy-Espresso auf praktische Weise zuzubereiten, ohne dabei auf Geschmack und Frische zu verzichten. illy Kaffeepads in [&hellip;]<\/p>\n","protected":false},"featured_media":6366330,"template":"","meta":{"_acf_changed":false},"product_cat":[12147],"product_tag":[],"class_list":{"0":"post-54281","1":"product","2":"type-product","3":"status-publish","4":"has-post-thumbnail","6":"product_cat-kaffeepads-und-kapseln","8":"first","9":"instock","10":"taxable","11":"shipping-taxable","12":"purchasable","13":"product-type-simple","swatches":"rey-swatches","show_selected":"","stretch_labels":"rey-swatches--stretch-labels"},"acf":[],"yoast_head":"<!-- This site is optimized with the Yoast SEO plugin v25.4 - https:\/\/yoast.com\/wordpress\/plugins\/seo\/ -->\n<title>ILLY 216 Pods E.S.E. Stark Espresso - dev6 Erresse<\/title>\n<meta name=\"description\" content=\"Packung mit 18 Pods, insgesamt 216 Pods (12 Packungen). Neue E.S.E.-zertifizierte, kompostierbare Kapseln Die zertifizierten kompostierbaren Pads, die\" \/>\n<meta name=\"robots\" content=\"noindex, follow, max-snippet:-1, max-image-preview:large, max-video-preview:-1\" \/>\n<meta property=\"og:locale\" content=\"de_DE\" \/>\n<meta property=\"og:type\" content=\"article\" \/>\n<meta property=\"og:title\" content=\"ILLY 216 Pods E.S.E. Stark Espresso - dev6 Erresse\" \/>\n<meta property=\"og:description\" content=\"Packung mit 18 Pods, insgesamt 216 Pods (12 Packungen). Neue E.S.E.-zertifizierte, kompostierbare Kapseln Die zertifizierten kompostierbaren Pads, die\" \/>\n<meta property=\"og:url\" content=\"https:\/\/dev6.erresse-shop.it\/de\/shop\/kaffe\/kaffeepads-und-kapseln\/illy-216-pods-e-s-e-stark-espresso\/\" \/>\n<meta property=\"og:site_name\" content=\"dev6 Erresse\" \/>\n<meta property=\"og:image\" content=\"https:\/\/interpim.erresse-shop.it\/Import\/Prodotti\/illy-cialde-ese-forte.jpg\" \/><meta property=\"og:image\" content=\"https:\/\/interpim.erresse-shop.it\/Import\/Prodotti\/illy-cialde-ese-forte.jpg\" \/>\n\t<meta property=\"og:image:width\" content=\"1024\" \/>\n\t<meta property=\"og:image:height\" content=\"1024\" \/>\n\t<meta property=\"og:image:type\" content=\"image\/jpeg\" \/>\n<meta name=\"twitter:card\" content=\"summary_large_image\" \/>\n<meta name=\"twitter:image\" content=\"https:\/\/interpim.erresse-shop.it\/Import\/Prodotti\/illy-cialde-ese-forte.jpg\" \/>\n<script type=\"application\/ld+json\" class=\"yoast-schema-graph\">{\"@context\":\"https:\/\/schema.org\",\"@graph\":[{\"@type\":\"WebPage\",\"@id\":\"https:\/\/dev6.erresse-shop.it\/de\/shop\/kaffe\/kaffeepads-und-kapseln\/illy-216-pods-e-s-e-stark-espresso\/\",\"url\":\"https:\/\/dev6.erresse-shop.it\/de\/shop\/kaffe\/kaffeepads-und-kapseln\/illy-216-pods-e-s-e-stark-espresso\/\",\"name\":\"ILLY 216 Pods E.S.E. Stark Espresso - dev6 Erresse\",\"isPartOf\":{\"@id\":\"https:\/\/dev6.erresse-shop.it\/#website\"},\"primaryImageOfPage\":{\"@id\":\"https:\/\/dev6.erresse-shop.it\/de\/shop\/kaffe\/kaffeepads-und-kapseln\/illy-216-pods-e-s-e-stark-espresso\/#primaryimage\"},\"image\":{\"@id\":\"https:\/\/dev6.erresse-shop.it\/de\/shop\/kaffe\/kaffeepads-und-kapseln\/illy-216-pods-e-s-e-stark-espresso\/#primaryimage\"},\"thumbnailUrl\":\"https:\/\/i0.wp.com\/interpim.erresse-shop.it\/Import\/Prodotti\/illy-cialde-ese-forte.jpg?ssl=1\",\"datePublished\":\"2026-04-12T08:29:38+00:00\",\"description\":\"Packung mit 18 Pods, insgesamt 216 Pods (12 Packungen). Neue E.S.E.-zertifizierte, kompostierbare Kapseln Die zertifizierten kompostierbaren Pads, die\",\"breadcrumb\":{\"@id\":\"https:\/\/dev6.erresse-shop.it\/de\/shop\/kaffe\/kaffeepads-und-kapseln\/illy-216-pods-e-s-e-stark-espresso\/#breadcrumb\"},\"inLanguage\":\"de\",\"potentialAction\":[{\"@type\":\"ReadAction\",\"target\":[\"https:\/\/dev6.erresse-shop.it\/de\/shop\/kaffe\/kaffeepads-und-kapseln\/illy-216-pods-e-s-e-stark-espresso\/\"]}]},{\"@type\":\"ImageObject\",\"inLanguage\":\"de\",\"@id\":\"https:\/\/dev6.erresse-shop.it\/de\/shop\/kaffe\/kaffeepads-und-kapseln\/illy-216-pods-e-s-e-stark-espresso\/#primaryimage\",\"url\":\"https:\/\/i0.wp.com\/interpim.erresse-shop.it\/Import\/Prodotti\/illy-cialde-ese-forte.jpg?ssl=1\",\"contentUrl\":\"https:\/\/i0.wp.com\/interpim.erresse-shop.it\/Import\/Prodotti\/illy-cialde-ese-forte.jpg?ssl=1\"},{\"@type\":\"BreadcrumbList\",\"@id\":\"https:\/\/dev6.erresse-shop.it\/de\/shop\/kaffe\/kaffeepads-und-kapseln\/illy-216-pods-e-s-e-stark-espresso\/#breadcrumb\",\"itemListElement\":[{\"@type\":\"ListItem\",\"position\":1,\"name\":\"Home\",\"item\":\"https:\/\/dev6.erresse-shop.it\/\"},{\"@type\":\"ListItem\",\"position\":2,\"name\":\"Shop\",\"item\":\"https:\/\/dev6.erresse-shop.it\/shop\/\"},{\"@type\":\"ListItem\",\"position\":3,\"name\":\"ILLY 216 Pods E.S.E. Stark Espresso\"}]},{\"@type\":\"WebSite\",\"@id\":\"https:\/\/dev6.erresse-shop.it\/#website\",\"url\":\"https:\/\/dev6.erresse-shop.it\/\",\"name\":\"Erresse Shop\",\"description\":\"\",\"publisher\":{\"@id\":\"https:\/\/dev6.erresse-shop.it\/#organization\"},\"potentialAction\":[{\"@type\":\"SearchAction\",\"target\":{\"@type\":\"EntryPoint\",\"urlTemplate\":\"https:\/\/dev6.erresse-shop.it\/?s={search_term_string}\"},\"query-input\":{\"@type\":\"PropertyValueSpecification\",\"valueRequired\":true,\"valueName\":\"search_term_string\"}}],\"inLanguage\":\"de\"},{\"@type\":\"Organization\",\"@id\":\"https:\/\/dev6.erresse-shop.it\/#organization\",\"name\":\"Erresse Shop\",\"url\":\"https:\/\/dev6.erresse-shop.it\/\",\"logo\":{\"@type\":\"ImageObject\",\"inLanguage\":\"de\",\"@id\":\"https:\/\/dev6.erresse-shop.it\/#\/schema\/logo\/image\/\",\"url\":\"https:\/\/dev6.erresse-shop.it\/wp-content\/uploads\/2025\/01\/LOGO-ERRESSE-CLASSICO.svg\",\"contentUrl\":\"https:\/\/dev6.erresse-shop.it\/wp-content\/uploads\/2025\/01\/LOGO-ERRESSE-CLASSICO.svg\",\"caption\":\"Erresse Shop\"},\"image\":{\"@id\":\"https:\/\/dev6.erresse-shop.it\/#\/schema\/logo\/image\/\"}}]}<\/script>\n<!-- \/ Yoast SEO plugin. -->","yoast_head_json":{"title":"ILLY 216 Pods E.S.E. Stark Espresso - dev6 Erresse","description":"Packung mit 18 Pods, insgesamt 216 Pods (12 Packungen). Neue E.S.E.-zertifizierte, kompostierbare Kapseln Die zertifizierten kompostierbaren Pads, die","robots":{"index":"noindex","follow":"follow","max-snippet":"max-snippet:-1","max-image-preview":"max-image-preview:large","max-video-preview":"max-video-preview:-1"},"og_locale":"de_DE","og_type":"article","og_title":"ILLY 216 Pods E.S.E. Stark Espresso - dev6 Erresse","og_description":"Packung mit 18 Pods, insgesamt 216 Pods (12 Packungen). Neue E.S.E.-zertifizierte, kompostierbare Kapseln Die zertifizierten kompostierbaren Pads, die","og_url":"https:\/\/dev6.erresse-shop.it\/de\/shop\/kaffe\/kaffeepads-und-kapseln\/illy-216-pods-e-s-e-stark-espresso\/","og_site_name":"dev6 Erresse","og_image":[{"url":"https:\/\/interpim.erresse-shop.it\/Import\/Prodotti\/illy-cialde-ese-forte.jpg","type":"","width":"","height":""},{"url":"https:\/\/interpim.erresse-shop.it\/Import\/Prodotti\/illy-cialde-ese-forte.jpg","width":1024,"height":1024,"type":"image\/jpeg"}],"twitter_card":"summary_large_image","twitter_image":"https:\/\/interpim.erresse-shop.it\/Import\/Prodotti\/illy-cialde-ese-forte.jpg","schema":{"@context":"https:\/\/schema.org","@graph":[{"@type":"WebPage","@id":"https:\/\/dev6.erresse-shop.it\/de\/shop\/kaffe\/kaffeepads-und-kapseln\/illy-216-pods-e-s-e-stark-espresso\/","url":"https:\/\/dev6.erresse-shop.it\/de\/shop\/kaffe\/kaffeepads-und-kapseln\/illy-216-pods-e-s-e-stark-espresso\/","name":"ILLY 216 Pods E.S.E. Stark Espresso - dev6 Erresse","isPartOf":{"@id":"https:\/\/dev6.erresse-shop.it\/#website"},"primaryImageOfPage":{"@id":"https:\/\/dev6.erresse-shop.it\/de\/shop\/kaffe\/kaffeepads-und-kapseln\/illy-216-pods-e-s-e-stark-espresso\/#primaryimage"},"image":{"@id":"https:\/\/dev6.erresse-shop.it\/de\/shop\/kaffe\/kaffeepads-und-kapseln\/illy-216-pods-e-s-e-stark-espresso\/#primaryimage"},"thumbnailUrl":"https:\/\/i0.wp.com\/interpim.erresse-shop.it\/Import\/Prodotti\/illy-cialde-ese-forte.jpg?ssl=1","datePublished":"2026-04-12T08:29:38+00:00","description":"Packung mit 18 Pods, insgesamt 216 Pods (12 Packungen). Neue E.S.E.-zertifizierte, kompostierbare Kapseln Die zertifizierten kompostierbaren Pads, die","breadcrumb":{"@id":"https:\/\/dev6.erresse-shop.it\/de\/shop\/kaffe\/kaffeepads-und-kapseln\/illy-216-pods-e-s-e-stark-espresso\/#breadcrumb"},"inLanguage":"de","potentialAction":[{"@type":"ReadAction","target":["https:\/\/dev6.erresse-shop.it\/de\/shop\/kaffe\/kaffeepads-und-kapseln\/illy-216-pods-e-s-e-stark-espresso\/"]}]},{"@type":"ImageObject","inLanguage":"de","@id":"https:\/\/dev6.erresse-shop.it\/de\/shop\/kaffe\/kaffeepads-und-kapseln\/illy-216-pods-e-s-e-stark-espresso\/#primaryimage","url":"https:\/\/i0.wp.com\/interpim.erresse-shop.it\/Import\/Prodotti\/illy-cialde-ese-forte.jpg?ssl=1","contentUrl":"https:\/\/i0.wp.com\/interpim.erresse-shop.it\/Import\/Prodotti\/illy-cialde-ese-forte.jpg?ssl=1"},{"@type":"BreadcrumbList","@id":"https:\/\/dev6.erresse-shop.it\/de\/shop\/kaffe\/kaffeepads-und-kapseln\/illy-216-pods-e-s-e-stark-espresso\/#breadcrumb","itemListElement":[{"@type":"ListItem","position":1,"name":"Home","item":"https:\/\/dev6.erresse-shop.it\/"},{"@type":"ListItem","position":2,"name":"Shop","item":"https:\/\/dev6.erresse-shop.it\/shop\/"},{"@type":"ListItem","position":3,"name":"ILLY 216 Pods E.S.E. Stark Espresso"}]},{"@type":"WebSite","@id":"https:\/\/dev6.erresse-shop.it\/#website","url":"https:\/\/dev6.erresse-shop.it\/","name":"Erresse Shop","description":"","publisher":{"@id":"https:\/\/dev6.erresse-shop.it\/#organization"},"potentialAction":[{"@type":"SearchAction","target":{"@type":"EntryPoint","urlTemplate":"https:\/\/dev6.erresse-shop.it\/?s={search_term_string}"},"query-input":{"@type":"PropertyValueSpecification","valueRequired":true,"valueName":"search_term_string"}}],"inLanguage":"de"},{"@type":"Organization","@id":"https:\/\/dev6.erresse-shop.it\/#organization","name":"Erresse Shop","url":"https:\/\/dev6.erresse-shop.it\/","logo":{"@type":"ImageObject","inLanguage":"de","@id":"https:\/\/dev6.erresse-shop.it\/#\/schema\/logo\/image\/","url":"https:\/\/dev6.erresse-shop.it\/wp-content\/uploads\/2025\/01\/LOGO-ERRESSE-CLASSICO.svg","contentUrl":"https:\/\/dev6.erresse-shop.it\/wp-content\/uploads\/2025\/01\/LOGO-ERRESSE-CLASSICO.svg","caption":"Erresse Shop"},"image":{"@id":"https:\/\/dev6.erresse-shop.it\/#\/schema\/logo\/image\/"}}]}},"df_price":65.9,"df_sale_price":"","df_regular_price":65.9,"df_image_link":"https:\/\/i0.wp.com\/interpim.erresse-shop.it\/Import\/Prodotti\/illy-cialde-ese-forte.jpg?resize=300,300&ssl=1","fifu_image_url":"https:\/\/interpim.erresse-shop.it\/Import\/Prodotti\/illy-cialde-ese-forte.jpg","_links":{"self":[{"href":"https:\/\/dev6.erresse-shop.it\/de\/wp-json\/wp\/v2\/product\/54281","targetHints":{"allow":["GET"]}}],"collection":[{"href":"https:\/\/dev6.erresse-shop.it\/de\/wp-json\/wp\/v2\/product"}],"about":[{"href":"https:\/\/dev6.erresse-shop.it\/de\/wp-json\/wp\/v2\/types\/product"}],"wp:featuredmedia":[{"embeddable":true,"href":"https:\/\/dev6.erresse-shop.it\/de\/wp-json\/wp\/v2\/media\/6366330"}],"wp:attachment":[{"href":"https:\/\/dev6.erresse-shop.it\/de\/wp-json\/wp\/v2\/media?parent=54281"}],"wp:term":[{"taxonomy":"product_cat","embeddable":true,"href":"https:\/\/dev6.erresse-shop.it\/de\/wp-json\/wp\/v2\/product_cat?post=54281"},{"taxonomy":"product_tag","embeddable":true,"href":"https:\/\/dev6.erresse-shop.it\/de\/wp-json\/wp\/v2\/product_tag?post=54281"}],"curies":[{"name":"wp","href":"https:\/\/api.w.org\/{rel}","templated":true}]}}