{"id":54279,"date":"2026-04-12T10:29:38","date_gmt":"2026-04-12T08:29:38","guid":{"rendered":"https:\/\/dev6.erresse-shop.it\/shop\/unkategorisiert\/le-creuset-niedriger-petal-topf-26-cm-weiss\/"},"modified":"2025-09-14T01:39:22","modified_gmt":"2025-09-13T23:39:22","slug":"le-creuset-niedriger-petal-topf-26-cm-weiss","status":"publish","type":"product","link":"https:\/\/dev6.erresse-shop.it\/de\/shop\/toepfe-pfannen\/schmorpfannen\/le-creuset-niedriger-petal-topf-26-cm-weiss\/","title":{"rendered":"LE CREUSET Niedriger Petal-Topf 26 cm wei\u00df"},"content":{"rendered":"<p>Inspiriert von der franz\u00f6sischen Anemonenbl\u00fcte, zeigt die realistische und zarte Bl\u00fctendekoration auf dem Deckel dieser vielseitigen Pfanne unsere au\u00dfergew\u00f6hnliche Handwerkskunst. Die Griffe bieten einen sicheren Halt, w\u00e4hrend der Knopf in der Mitte der Bl\u00fctenbl\u00e4tter nicht nur eine elegante Note hat, sondern auch bis zu 260 \u00b0C backofenfest ist.<\/p>\n<p>Abmessungen:<\/p>\n<p>Fassungsverm\u00f6gen: 2,2 l<br \/>\nL\u00e4nge: 33,9 cm<br \/>\nBreite: 27,4 cm<br \/>\nH\u00f6he: 9,8 cm<br \/>\nTiefe: 4,8 cm<\/p>\n<p>W\u00e4rmequelle:<\/p>\n<p>Backofen<br \/>\nBackofen Grillmodus<br \/>\nKochfeld Elektrisch<br \/>\nGlaskeramik<br \/>\nGas-Kochfeld<br \/>\nInduktionskochfeld<\/p>\n<p>Reinigung und Pflege:<\/p>\n<p>Warten Sie, bis das Produkt abgek\u00fchlt ist, bevor Sie es reinigen.<br \/>\nReinigen Sie den Boden und die Seiten des Ger\u00e4ts von Essensresten. Wenn Essensreste daran haften, f\u00fcllen Sie das Ger\u00e4t mit warmem Seifenwasser und lassen Sie es 15-20 Minuten einweichen, bevor Sie es wie gewohnt waschen.<br \/>\nVerwenden Sie keine Scheuermittel oder scheuernde oder sehr steife Metallschw\u00e4mme oder B\u00fcrsten f\u00fcr die Oberfl\u00e4chen.<br \/>\nNach dem Waschen gut abtrocknen und an einem trockenen Ort aufbewahren.<\/p>\n","protected":false},"excerpt":{"rendered":"<p>Inspiriert von der franz\u00f6sischen Anemonenbl\u00fcte, zeigt die realistische und zarte Bl\u00fctendekoration auf dem Deckel dieser vielseitigen Pfanne unsere au\u00dfergew\u00f6hnliche Handwerkskunst. Die Griffe bieten einen sicheren Halt, w\u00e4hrend der Knopf in der Mitte der Bl\u00fctenbl\u00e4tter nicht nur eine elegante Note hat, sondern auch bis zu 260 \u00b0C backofenfest ist. Abmessungen: Fassungsverm\u00f6gen: 2,2 l L\u00e4nge: 33,9 cm [&hellip;]<\/p>\n","protected":false},"featured_media":6366321,"template":"","meta":{"_acf_changed":false},"product_cat":[11667,12120,12099],"product_tag":[],"class_list":{"0":"post-54279","1":"product","2":"type-product","3":"status-publish","4":"has-post-thumbnail","6":"product_cat-padelle-pentole","7":"product_cat-schmorpfannen","8":"product_cat-toepfe-pfannen","10":"first","11":"instock","12":"sale","13":"taxable","14":"shipping-taxable","15":"purchasable","16":"product-type-simple","swatches":"rey-swatches","show_selected":"","stretch_labels":"rey-swatches--stretch-labels"},"acf":[],"yoast_head":"<!-- This site is optimized with the Yoast SEO plugin v25.4 - https:\/\/yoast.com\/wordpress\/plugins\/seo\/ -->\n<title>LE CREUSET Niedriger Petal-Topf 26 cm wei\u00df - dev6 Erresse<\/title>\n<meta name=\"description\" content=\"Inspiriert von der franz\u00f6sischen Anemonenbl\u00fcte, zeigt die realistische und zarte Bl\u00fctendekoration auf dem Deckel dieser vielseitigen Pfanne unsere\" \/>\n<meta name=\"robots\" content=\"noindex, follow, max-snippet:-1, max-image-preview:large, max-video-preview:-1\" \/>\n<meta property=\"og:locale\" content=\"de_DE\" \/>\n<meta property=\"og:type\" content=\"article\" \/>\n<meta property=\"og:title\" content=\"LE CREUSET Niedriger Petal-Topf 26 cm wei\u00df - dev6 Erresse\" \/>\n<meta property=\"og:description\" content=\"Inspiriert von der franz\u00f6sischen Anemonenbl\u00fcte, zeigt die realistische und zarte Bl\u00fctendekoration auf dem Deckel dieser vielseitigen Pfanne unsere\" \/>\n<meta property=\"og:url\" content=\"https:\/\/dev6.erresse-shop.it\/de\/shop\/toepfe-pfannen\/schmorpfannen\/le-creuset-niedriger-petal-topf-26-cm-weiss\/\" \/>\n<meta property=\"og:site_name\" content=\"dev6 Erresse\" \/>\n<meta property=\"og:image\" content=\"https:\/\/interpim.erresse-shop.it\/Import\/Prodotti\/le-creuset-petalo-bianco-3.jpg\" \/><meta property=\"og:image\" content=\"https:\/\/interpim.erresse-shop.it\/Import\/Prodotti\/le-creuset-petalo-bianco-3.jpg\" \/>\n\t<meta property=\"og:image:width\" content=\"1024\" \/>\n\t<meta property=\"og:image:height\" content=\"1024\" \/>\n\t<meta property=\"og:image:type\" content=\"image\/jpeg\" \/>\n<meta name=\"twitter:card\" content=\"summary_large_image\" \/>\n<meta name=\"twitter:image\" content=\"https:\/\/interpim.erresse-shop.it\/Import\/Prodotti\/le-creuset-petalo-bianco-3.jpg\" \/>\n<script type=\"application\/ld+json\" class=\"yoast-schema-graph\">{\"@context\":\"https:\/\/schema.org\",\"@graph\":[{\"@type\":\"WebPage\",\"@id\":\"https:\/\/dev6.erresse-shop.it\/de\/shop\/toepfe-pfannen\/schmorpfannen\/le-creuset-niedriger-petal-topf-26-cm-weiss\/\",\"url\":\"https:\/\/dev6.erresse-shop.it\/de\/shop\/toepfe-pfannen\/schmorpfannen\/le-creuset-niedriger-petal-topf-26-cm-weiss\/\",\"name\":\"LE CREUSET Niedriger Petal-Topf 26 cm wei\u00df - dev6 Erresse\",\"isPartOf\":{\"@id\":\"https:\/\/dev6.erresse-shop.it\/#website\"},\"primaryImageOfPage\":{\"@id\":\"https:\/\/dev6.erresse-shop.it\/de\/shop\/toepfe-pfannen\/schmorpfannen\/le-creuset-niedriger-petal-topf-26-cm-weiss\/#primaryimage\"},\"image\":{\"@id\":\"https:\/\/dev6.erresse-shop.it\/de\/shop\/toepfe-pfannen\/schmorpfannen\/le-creuset-niedriger-petal-topf-26-cm-weiss\/#primaryimage\"},\"thumbnailUrl\":\"https:\/\/i3.wp.com\/interpim.erresse-shop.it\/Import\/Prodotti\/le-creuset-petalo-bianco-3.jpg?ssl=1\",\"datePublished\":\"2026-04-12T08:29:38+00:00\",\"description\":\"Inspiriert von der franz\u00f6sischen Anemonenbl\u00fcte, zeigt die realistische und zarte Bl\u00fctendekoration auf dem Deckel dieser vielseitigen Pfanne unsere\",\"breadcrumb\":{\"@id\":\"https:\/\/dev6.erresse-shop.it\/de\/shop\/toepfe-pfannen\/schmorpfannen\/le-creuset-niedriger-petal-topf-26-cm-weiss\/#breadcrumb\"},\"inLanguage\":\"de\",\"potentialAction\":[{\"@type\":\"ReadAction\",\"target\":[\"https:\/\/dev6.erresse-shop.it\/de\/shop\/toepfe-pfannen\/schmorpfannen\/le-creuset-niedriger-petal-topf-26-cm-weiss\/\"]}]},{\"@type\":\"ImageObject\",\"inLanguage\":\"de\",\"@id\":\"https:\/\/dev6.erresse-shop.it\/de\/shop\/toepfe-pfannen\/schmorpfannen\/le-creuset-niedriger-petal-topf-26-cm-weiss\/#primaryimage\",\"url\":\"https:\/\/i3.wp.com\/interpim.erresse-shop.it\/Import\/Prodotti\/le-creuset-petalo-bianco-3.jpg?ssl=1\",\"contentUrl\":\"https:\/\/i3.wp.com\/interpim.erresse-shop.it\/Import\/Prodotti\/le-creuset-petalo-bianco-3.jpg?ssl=1\"},{\"@type\":\"BreadcrumbList\",\"@id\":\"https:\/\/dev6.erresse-shop.it\/de\/shop\/toepfe-pfannen\/schmorpfannen\/le-creuset-niedriger-petal-topf-26-cm-weiss\/#breadcrumb\",\"itemListElement\":[{\"@type\":\"ListItem\",\"position\":1,\"name\":\"Home\",\"item\":\"https:\/\/dev6.erresse-shop.it\/\"},{\"@type\":\"ListItem\",\"position\":2,\"name\":\"Shop\",\"item\":\"https:\/\/dev6.erresse-shop.it\/shop\/\"},{\"@type\":\"ListItem\",\"position\":3,\"name\":\"LE CREUSET Niedriger Petal-Topf 26 cm wei\u00df\"}]},{\"@type\":\"WebSite\",\"@id\":\"https:\/\/dev6.erresse-shop.it\/#website\",\"url\":\"https:\/\/dev6.erresse-shop.it\/\",\"name\":\"Erresse Shop\",\"description\":\"\",\"publisher\":{\"@id\":\"https:\/\/dev6.erresse-shop.it\/#organization\"},\"potentialAction\":[{\"@type\":\"SearchAction\",\"target\":{\"@type\":\"EntryPoint\",\"urlTemplate\":\"https:\/\/dev6.erresse-shop.it\/?s={search_term_string}\"},\"query-input\":{\"@type\":\"PropertyValueSpecification\",\"valueRequired\":true,\"valueName\":\"search_term_string\"}}],\"inLanguage\":\"de\"},{\"@type\":\"Organization\",\"@id\":\"https:\/\/dev6.erresse-shop.it\/#organization\",\"name\":\"Erresse Shop\",\"url\":\"https:\/\/dev6.erresse-shop.it\/\",\"logo\":{\"@type\":\"ImageObject\",\"inLanguage\":\"de\",\"@id\":\"https:\/\/dev6.erresse-shop.it\/#\/schema\/logo\/image\/\",\"url\":\"https:\/\/dev6.erresse-shop.it\/wp-content\/uploads\/2025\/01\/LOGO-ERRESSE-CLASSICO.svg\",\"contentUrl\":\"https:\/\/dev6.erresse-shop.it\/wp-content\/uploads\/2025\/01\/LOGO-ERRESSE-CLASSICO.svg\",\"caption\":\"Erresse Shop\"},\"image\":{\"@id\":\"https:\/\/dev6.erresse-shop.it\/#\/schema\/logo\/image\/\"}}]}<\/script>\n<!-- \/ Yoast SEO plugin. -->","yoast_head_json":{"title":"LE CREUSET Niedriger Petal-Topf 26 cm wei\u00df - dev6 Erresse","description":"Inspiriert von der franz\u00f6sischen Anemonenbl\u00fcte, zeigt die realistische und zarte Bl\u00fctendekoration auf dem Deckel dieser vielseitigen Pfanne unsere","robots":{"index":"noindex","follow":"follow","max-snippet":"max-snippet:-1","max-image-preview":"max-image-preview:large","max-video-preview":"max-video-preview:-1"},"og_locale":"de_DE","og_type":"article","og_title":"LE CREUSET Niedriger Petal-Topf 26 cm wei\u00df - dev6 Erresse","og_description":"Inspiriert von der franz\u00f6sischen Anemonenbl\u00fcte, zeigt die realistische und zarte Bl\u00fctendekoration auf dem Deckel dieser vielseitigen Pfanne unsere","og_url":"https:\/\/dev6.erresse-shop.it\/de\/shop\/toepfe-pfannen\/schmorpfannen\/le-creuset-niedriger-petal-topf-26-cm-weiss\/","og_site_name":"dev6 Erresse","og_image":[{"url":"https:\/\/interpim.erresse-shop.it\/Import\/Prodotti\/le-creuset-petalo-bianco-3.jpg","type":"","width":"","height":""},{"url":"https:\/\/interpim.erresse-shop.it\/Import\/Prodotti\/le-creuset-petalo-bianco-3.jpg","width":1024,"height":1024,"type":"image\/jpeg"}],"twitter_card":"summary_large_image","twitter_image":"https:\/\/interpim.erresse-shop.it\/Import\/Prodotti\/le-creuset-petalo-bianco-3.jpg","schema":{"@context":"https:\/\/schema.org","@graph":[{"@type":"WebPage","@id":"https:\/\/dev6.erresse-shop.it\/de\/shop\/toepfe-pfannen\/schmorpfannen\/le-creuset-niedriger-petal-topf-26-cm-weiss\/","url":"https:\/\/dev6.erresse-shop.it\/de\/shop\/toepfe-pfannen\/schmorpfannen\/le-creuset-niedriger-petal-topf-26-cm-weiss\/","name":"LE CREUSET Niedriger Petal-Topf 26 cm wei\u00df - dev6 Erresse","isPartOf":{"@id":"https:\/\/dev6.erresse-shop.it\/#website"},"primaryImageOfPage":{"@id":"https:\/\/dev6.erresse-shop.it\/de\/shop\/toepfe-pfannen\/schmorpfannen\/le-creuset-niedriger-petal-topf-26-cm-weiss\/#primaryimage"},"image":{"@id":"https:\/\/dev6.erresse-shop.it\/de\/shop\/toepfe-pfannen\/schmorpfannen\/le-creuset-niedriger-petal-topf-26-cm-weiss\/#primaryimage"},"thumbnailUrl":"https:\/\/i3.wp.com\/interpim.erresse-shop.it\/Import\/Prodotti\/le-creuset-petalo-bianco-3.jpg?ssl=1","datePublished":"2026-04-12T08:29:38+00:00","description":"Inspiriert von der franz\u00f6sischen Anemonenbl\u00fcte, zeigt die realistische und zarte Bl\u00fctendekoration auf dem Deckel dieser vielseitigen Pfanne unsere","breadcrumb":{"@id":"https:\/\/dev6.erresse-shop.it\/de\/shop\/toepfe-pfannen\/schmorpfannen\/le-creuset-niedriger-petal-topf-26-cm-weiss\/#breadcrumb"},"inLanguage":"de","potentialAction":[{"@type":"ReadAction","target":["https:\/\/dev6.erresse-shop.it\/de\/shop\/toepfe-pfannen\/schmorpfannen\/le-creuset-niedriger-petal-topf-26-cm-weiss\/"]}]},{"@type":"ImageObject","inLanguage":"de","@id":"https:\/\/dev6.erresse-shop.it\/de\/shop\/toepfe-pfannen\/schmorpfannen\/le-creuset-niedriger-petal-topf-26-cm-weiss\/#primaryimage","url":"https:\/\/i3.wp.com\/interpim.erresse-shop.it\/Import\/Prodotti\/le-creuset-petalo-bianco-3.jpg?ssl=1","contentUrl":"https:\/\/i3.wp.com\/interpim.erresse-shop.it\/Import\/Prodotti\/le-creuset-petalo-bianco-3.jpg?ssl=1"},{"@type":"BreadcrumbList","@id":"https:\/\/dev6.erresse-shop.it\/de\/shop\/toepfe-pfannen\/schmorpfannen\/le-creuset-niedriger-petal-topf-26-cm-weiss\/#breadcrumb","itemListElement":[{"@type":"ListItem","position":1,"name":"Home","item":"https:\/\/dev6.erresse-shop.it\/"},{"@type":"ListItem","position":2,"name":"Shop","item":"https:\/\/dev6.erresse-shop.it\/shop\/"},{"@type":"ListItem","position":3,"name":"LE CREUSET Niedriger Petal-Topf 26 cm wei\u00df"}]},{"@type":"WebSite","@id":"https:\/\/dev6.erresse-shop.it\/#website","url":"https:\/\/dev6.erresse-shop.it\/","name":"Erresse Shop","description":"","publisher":{"@id":"https:\/\/dev6.erresse-shop.it\/#organization"},"potentialAction":[{"@type":"SearchAction","target":{"@type":"EntryPoint","urlTemplate":"https:\/\/dev6.erresse-shop.it\/?s={search_term_string}"},"query-input":{"@type":"PropertyValueSpecification","valueRequired":true,"valueName":"search_term_string"}}],"inLanguage":"de"},{"@type":"Organization","@id":"https:\/\/dev6.erresse-shop.it\/#organization","name":"Erresse Shop","url":"https:\/\/dev6.erresse-shop.it\/","logo":{"@type":"ImageObject","inLanguage":"de","@id":"https:\/\/dev6.erresse-shop.it\/#\/schema\/logo\/image\/","url":"https:\/\/dev6.erresse-shop.it\/wp-content\/uploads\/2025\/01\/LOGO-ERRESSE-CLASSICO.svg","contentUrl":"https:\/\/dev6.erresse-shop.it\/wp-content\/uploads\/2025\/01\/LOGO-ERRESSE-CLASSICO.svg","caption":"Erresse Shop"},"image":{"@id":"https:\/\/dev6.erresse-shop.it\/#\/schema\/logo\/image\/"}}]}},"df_price":229.95,"df_sale_price":229.95,"df_regular_price":329,"df_image_link":"https:\/\/i3.wp.com\/interpim.erresse-shop.it\/Import\/Prodotti\/le-creuset-petalo-bianco-3.jpg?resize=300,300&ssl=1","fifu_image_url":"https:\/\/interpim.erresse-shop.it\/Import\/Prodotti\/le-creuset-petalo-bianco-3.jpg","_links":{"self":[{"href":"https:\/\/dev6.erresse-shop.it\/de\/wp-json\/wp\/v2\/product\/54279","targetHints":{"allow":["GET"]}}],"collection":[{"href":"https:\/\/dev6.erresse-shop.it\/de\/wp-json\/wp\/v2\/product"}],"about":[{"href":"https:\/\/dev6.erresse-shop.it\/de\/wp-json\/wp\/v2\/types\/product"}],"wp:featuredmedia":[{"embeddable":true,"href":"https:\/\/dev6.erresse-shop.it\/de\/wp-json\/wp\/v2\/media\/6366321"}],"wp:attachment":[{"href":"https:\/\/dev6.erresse-shop.it\/de\/wp-json\/wp\/v2\/media?parent=54279"}],"wp:term":[{"taxonomy":"product_cat","embeddable":true,"href":"https:\/\/dev6.erresse-shop.it\/de\/wp-json\/wp\/v2\/product_cat?post=54279"},{"taxonomy":"product_tag","embeddable":true,"href":"https:\/\/dev6.erresse-shop.it\/de\/wp-json\/wp\/v2\/product_tag?post=54279"}],"curies":[{"name":"wp","href":"https:\/\/api.w.org\/{rel}","templated":true}]}}