{"id":54273,"date":"2026-04-12T10:29:38","date_gmt":"2026-04-12T08:29:38","guid":{"rendered":"https:\/\/dev6.erresse-shop.it\/shop\/unkategorisiert\/joseph-joseph-tota-starrer-waeschekorb-90l-j-lawes\/"},"modified":"2025-12-08T17:46:54","modified_gmt":"2025-12-08T16:46:54","slug":"joseph-joseph-tota-starrer-waeschekorb-90l-j-lawes","status":"publish","type":"product","link":"https:\/\/dev6.erresse-shop.it\/de\/shop\/einrichtung-haus\/badezimmer\/joseph-joseph-tota-starrer-waeschekorb-90l-j-lawes\/","title":{"rendered":"JOSEPH JOSEPH Tota Starrer W\u00e4schekorb 90l J Lawes"},"content":{"rendered":"<p>Innovative W\u00e4sche trifft in der Joseph Joseph x Jonathan Lawes Kollektion auf individuelles Design.<\/p>\n<p>Zwei 45-Liter-F\u00e4cher erm\u00f6glichen eine einfache Trennung der W\u00e4sche.<\/p>\n<p>Abnehmbare Beutel mit Griffen erleichtern den Transport der W\u00e4sche in der Waschmaschine.<\/p>\n<p>Griffe an der Unterseite der Taschen erleichtern das Entleeren der Taschen.<\/p>\n<p>Die Beutel lassen sich gut im W\u00e4schekorb verstauen und k\u00f6nnen so leicht zur\u00fcckgebracht werden.<\/p>\n<p>Der Deckel verbirgt die schmutzige W\u00e4sche vor Blicken und sorgt so f\u00fcr mehr Ordnung im Haus.<\/p>\n<p>Das platzsparende Design ist perfekt f\u00fcr Schlafzimmer, Badezimmer oder Hauswirtschaftsr\u00e4ume.<\/p>\n<p>Wird zerlegt geliefert und enth\u00e4lt eine Montageanleitung.<\/p>\n<p>Pflege und Gebrauch:<\/p>\n<p>Tragetaschen: maschinenwaschbar, Anweisungen siehe Etikett auf dem Produkt, vor dem Waschen das Plastikfutter entfernen<\/p>\n<p>Au\u00dfenmaterial: nur mit einem Tuch abwischen, nicht in der Maschine waschen<\/p>\n<p>Deckel, Kanten und Rahmen: mit einem feuchten Tuch reinigen<\/p>\n<p>Achtung: keine schweren Gegenst\u00e4nde auf den Korb legen oder stellen<\/p>\n<p>Lassen Sie Kinder nicht mit dem Korb spielen<\/p>\n<p>Montage durch den Benutzer ist erforderlich: das vollst\u00e4ndige Video mit Montageanleitung finden Sie hier<\/p>\n<p>Die vollst\u00e4ndige Anleitung finden Sie hier<\/p>\n<p>Abmessungen: H71 x B56 x T39,5 cm (H28 x B22\u00bc x T15\u00be Zoll)<\/p>\n","protected":false},"excerpt":{"rendered":"<p>Innovative W\u00e4sche trifft in der Joseph Joseph x Jonathan Lawes Kollektion auf individuelles Design. Zwei 45-Liter-F\u00e4cher erm\u00f6glichen eine einfache Trennung der W\u00e4sche. Abnehmbare Beutel mit Griffen erleichtern den Transport der W\u00e4sche in der Waschmaschine. Griffe an der Unterseite der Taschen erleichtern das Entleeren der Taschen. Die Beutel lassen sich gut im W\u00e4schekorb verstauen und k\u00f6nnen [&hellip;]<\/p>\n","protected":false},"featured_media":6366270,"template":"","meta":{"_acf_changed":false},"product_cat":[12182,12098],"product_tag":[],"class_list":{"0":"post-54273","1":"product","2":"type-product","3":"status-publish","4":"has-post-thumbnail","6":"product_cat-badezimmer","7":"product_cat-einrichtung-haus","9":"first","10":"instock","11":"sale","12":"taxable","13":"shipping-taxable","14":"purchasable","15":"product-type-simple","swatches":"rey-swatches","show_selected":"","stretch_labels":"rey-swatches--stretch-labels"},"acf":[],"yoast_head":"<!-- This site is optimized with the Yoast SEO plugin v25.4 - https:\/\/yoast.com\/wordpress\/plugins\/seo\/ -->\n<title>JOSEPH JOSEPH Tota Starrer W\u00e4schekorb 90l J Lawes - dev6 Erresse<\/title>\n<meta name=\"description\" content=\"Innovative W\u00e4sche trifft in der Joseph Joseph x Jonathan Lawes Kollektion auf individuelles Design. Zwei 45-Liter-F\u00e4cher erm\u00f6glichen eine einfache\" \/>\n<meta name=\"robots\" content=\"noindex, follow, max-snippet:-1, max-image-preview:large, max-video-preview:-1\" \/>\n<meta property=\"og:locale\" content=\"de_DE\" \/>\n<meta property=\"og:type\" content=\"article\" \/>\n<meta property=\"og:title\" content=\"JOSEPH JOSEPH Tota Starrer W\u00e4schekorb 90l J Lawes - dev6 Erresse\" \/>\n<meta property=\"og:description\" content=\"Innovative W\u00e4sche trifft in der Joseph Joseph x Jonathan Lawes Kollektion auf individuelles Design. Zwei 45-Liter-F\u00e4cher erm\u00f6glichen eine einfache\" \/>\n<meta property=\"og:url\" content=\"https:\/\/dev6.erresse-shop.it\/de\/shop\/einrichtung-haus\/badezimmer\/joseph-joseph-tota-starrer-waeschekorb-90l-j-lawes\/\" \/>\n<meta property=\"og:site_name\" content=\"dev6 Erresse\" \/>\n<meta property=\"og:image\" content=\"https:\/\/interpim.erresse-shop.it\/Import\/Prodotti\/joseph-joseph-cesta-biancheria-rigido-j-lawes-4.jpg\" \/><meta property=\"og:image\" content=\"https:\/\/interpim.erresse-shop.it\/Import\/Prodotti\/joseph-joseph-cesta-biancheria-rigido-j-lawes-4.jpg\" \/>\n\t<meta property=\"og:image:width\" content=\"1024\" \/>\n\t<meta property=\"og:image:height\" content=\"1024\" \/>\n\t<meta property=\"og:image:type\" content=\"image\/jpeg\" \/>\n<meta name=\"twitter:card\" content=\"summary_large_image\" \/>\n<meta name=\"twitter:image\" content=\"https:\/\/interpim.erresse-shop.it\/Import\/Prodotti\/joseph-joseph-cesta-biancheria-rigido-j-lawes-4.jpg\" \/>\n<script type=\"application\/ld+json\" class=\"yoast-schema-graph\">{\"@context\":\"https:\/\/schema.org\",\"@graph\":[{\"@type\":\"WebPage\",\"@id\":\"https:\/\/dev6.erresse-shop.it\/de\/shop\/einrichtung-haus\/badezimmer\/joseph-joseph-tota-starrer-waeschekorb-90l-j-lawes\/\",\"url\":\"https:\/\/dev6.erresse-shop.it\/de\/shop\/einrichtung-haus\/badezimmer\/joseph-joseph-tota-starrer-waeschekorb-90l-j-lawes\/\",\"name\":\"JOSEPH JOSEPH Tota Starrer W\u00e4schekorb 90l J Lawes - dev6 Erresse\",\"isPartOf\":{\"@id\":\"https:\/\/dev6.erresse-shop.it\/#website\"},\"primaryImageOfPage\":{\"@id\":\"https:\/\/dev6.erresse-shop.it\/de\/shop\/einrichtung-haus\/badezimmer\/joseph-joseph-tota-starrer-waeschekorb-90l-j-lawes\/#primaryimage\"},\"image\":{\"@id\":\"https:\/\/dev6.erresse-shop.it\/de\/shop\/einrichtung-haus\/badezimmer\/joseph-joseph-tota-starrer-waeschekorb-90l-j-lawes\/#primaryimage\"},\"thumbnailUrl\":\"https:\/\/i1.wp.com\/interpim.erresse-shop.it\/Import\/Prodotti\/joseph-joseph-cesta-biancheria-rigido-j-lawes-4.jpg?ssl=1\",\"datePublished\":\"2026-04-12T08:29:38+00:00\",\"description\":\"Innovative W\u00e4sche trifft in der Joseph Joseph x Jonathan Lawes Kollektion auf individuelles Design. Zwei 45-Liter-F\u00e4cher erm\u00f6glichen eine einfache\",\"breadcrumb\":{\"@id\":\"https:\/\/dev6.erresse-shop.it\/de\/shop\/einrichtung-haus\/badezimmer\/joseph-joseph-tota-starrer-waeschekorb-90l-j-lawes\/#breadcrumb\"},\"inLanguage\":\"de\",\"potentialAction\":[{\"@type\":\"ReadAction\",\"target\":[\"https:\/\/dev6.erresse-shop.it\/de\/shop\/einrichtung-haus\/badezimmer\/joseph-joseph-tota-starrer-waeschekorb-90l-j-lawes\/\"]}]},{\"@type\":\"ImageObject\",\"inLanguage\":\"de\",\"@id\":\"https:\/\/dev6.erresse-shop.it\/de\/shop\/einrichtung-haus\/badezimmer\/joseph-joseph-tota-starrer-waeschekorb-90l-j-lawes\/#primaryimage\",\"url\":\"https:\/\/i1.wp.com\/interpim.erresse-shop.it\/Import\/Prodotti\/joseph-joseph-cesta-biancheria-rigido-j-lawes-4.jpg?ssl=1\",\"contentUrl\":\"https:\/\/i1.wp.com\/interpim.erresse-shop.it\/Import\/Prodotti\/joseph-joseph-cesta-biancheria-rigido-j-lawes-4.jpg?ssl=1\"},{\"@type\":\"BreadcrumbList\",\"@id\":\"https:\/\/dev6.erresse-shop.it\/de\/shop\/einrichtung-haus\/badezimmer\/joseph-joseph-tota-starrer-waeschekorb-90l-j-lawes\/#breadcrumb\",\"itemListElement\":[{\"@type\":\"ListItem\",\"position\":1,\"name\":\"Home\",\"item\":\"https:\/\/dev6.erresse-shop.it\/\"},{\"@type\":\"ListItem\",\"position\":2,\"name\":\"Shop\",\"item\":\"https:\/\/dev6.erresse-shop.it\/shop\/\"},{\"@type\":\"ListItem\",\"position\":3,\"name\":\"JOSEPH JOSEPH Tota Starrer W\u00e4schekorb 90l J Lawes\"}]},{\"@type\":\"WebSite\",\"@id\":\"https:\/\/dev6.erresse-shop.it\/#website\",\"url\":\"https:\/\/dev6.erresse-shop.it\/\",\"name\":\"Erresse Shop\",\"description\":\"\",\"publisher\":{\"@id\":\"https:\/\/dev6.erresse-shop.it\/#organization\"},\"potentialAction\":[{\"@type\":\"SearchAction\",\"target\":{\"@type\":\"EntryPoint\",\"urlTemplate\":\"https:\/\/dev6.erresse-shop.it\/?s={search_term_string}\"},\"query-input\":{\"@type\":\"PropertyValueSpecification\",\"valueRequired\":true,\"valueName\":\"search_term_string\"}}],\"inLanguage\":\"de\"},{\"@type\":\"Organization\",\"@id\":\"https:\/\/dev6.erresse-shop.it\/#organization\",\"name\":\"Erresse Shop\",\"url\":\"https:\/\/dev6.erresse-shop.it\/\",\"logo\":{\"@type\":\"ImageObject\",\"inLanguage\":\"de\",\"@id\":\"https:\/\/dev6.erresse-shop.it\/#\/schema\/logo\/image\/\",\"url\":\"https:\/\/dev6.erresse-shop.it\/wp-content\/uploads\/2025\/01\/LOGO-ERRESSE-CLASSICO.svg\",\"contentUrl\":\"https:\/\/dev6.erresse-shop.it\/wp-content\/uploads\/2025\/01\/LOGO-ERRESSE-CLASSICO.svg\",\"caption\":\"Erresse Shop\"},\"image\":{\"@id\":\"https:\/\/dev6.erresse-shop.it\/#\/schema\/logo\/image\/\"}}]}<\/script>\n<!-- \/ Yoast SEO plugin. -->","yoast_head_json":{"title":"JOSEPH JOSEPH Tota Starrer W\u00e4schekorb 90l J Lawes - dev6 Erresse","description":"Innovative W\u00e4sche trifft in der Joseph Joseph x Jonathan Lawes Kollektion auf individuelles Design. Zwei 45-Liter-F\u00e4cher erm\u00f6glichen eine einfache","robots":{"index":"noindex","follow":"follow","max-snippet":"max-snippet:-1","max-image-preview":"max-image-preview:large","max-video-preview":"max-video-preview:-1"},"og_locale":"de_DE","og_type":"article","og_title":"JOSEPH JOSEPH Tota Starrer W\u00e4schekorb 90l J Lawes - dev6 Erresse","og_description":"Innovative W\u00e4sche trifft in der Joseph Joseph x Jonathan Lawes Kollektion auf individuelles Design. Zwei 45-Liter-F\u00e4cher erm\u00f6glichen eine einfache","og_url":"https:\/\/dev6.erresse-shop.it\/de\/shop\/einrichtung-haus\/badezimmer\/joseph-joseph-tota-starrer-waeschekorb-90l-j-lawes\/","og_site_name":"dev6 Erresse","og_image":[{"url":"https:\/\/interpim.erresse-shop.it\/Import\/Prodotti\/joseph-joseph-cesta-biancheria-rigido-j-lawes-4.jpg","type":"","width":"","height":""},{"url":"https:\/\/interpim.erresse-shop.it\/Import\/Prodotti\/joseph-joseph-cesta-biancheria-rigido-j-lawes-4.jpg","width":1024,"height":1024,"type":"image\/jpeg"}],"twitter_card":"summary_large_image","twitter_image":"https:\/\/interpim.erresse-shop.it\/Import\/Prodotti\/joseph-joseph-cesta-biancheria-rigido-j-lawes-4.jpg","schema":{"@context":"https:\/\/schema.org","@graph":[{"@type":"WebPage","@id":"https:\/\/dev6.erresse-shop.it\/de\/shop\/einrichtung-haus\/badezimmer\/joseph-joseph-tota-starrer-waeschekorb-90l-j-lawes\/","url":"https:\/\/dev6.erresse-shop.it\/de\/shop\/einrichtung-haus\/badezimmer\/joseph-joseph-tota-starrer-waeschekorb-90l-j-lawes\/","name":"JOSEPH JOSEPH Tota Starrer W\u00e4schekorb 90l J Lawes - dev6 Erresse","isPartOf":{"@id":"https:\/\/dev6.erresse-shop.it\/#website"},"primaryImageOfPage":{"@id":"https:\/\/dev6.erresse-shop.it\/de\/shop\/einrichtung-haus\/badezimmer\/joseph-joseph-tota-starrer-waeschekorb-90l-j-lawes\/#primaryimage"},"image":{"@id":"https:\/\/dev6.erresse-shop.it\/de\/shop\/einrichtung-haus\/badezimmer\/joseph-joseph-tota-starrer-waeschekorb-90l-j-lawes\/#primaryimage"},"thumbnailUrl":"https:\/\/i1.wp.com\/interpim.erresse-shop.it\/Import\/Prodotti\/joseph-joseph-cesta-biancheria-rigido-j-lawes-4.jpg?ssl=1","datePublished":"2026-04-12T08:29:38+00:00","description":"Innovative W\u00e4sche trifft in der Joseph Joseph x Jonathan Lawes Kollektion auf individuelles Design. Zwei 45-Liter-F\u00e4cher erm\u00f6glichen eine einfache","breadcrumb":{"@id":"https:\/\/dev6.erresse-shop.it\/de\/shop\/einrichtung-haus\/badezimmer\/joseph-joseph-tota-starrer-waeschekorb-90l-j-lawes\/#breadcrumb"},"inLanguage":"de","potentialAction":[{"@type":"ReadAction","target":["https:\/\/dev6.erresse-shop.it\/de\/shop\/einrichtung-haus\/badezimmer\/joseph-joseph-tota-starrer-waeschekorb-90l-j-lawes\/"]}]},{"@type":"ImageObject","inLanguage":"de","@id":"https:\/\/dev6.erresse-shop.it\/de\/shop\/einrichtung-haus\/badezimmer\/joseph-joseph-tota-starrer-waeschekorb-90l-j-lawes\/#primaryimage","url":"https:\/\/i1.wp.com\/interpim.erresse-shop.it\/Import\/Prodotti\/joseph-joseph-cesta-biancheria-rigido-j-lawes-4.jpg?ssl=1","contentUrl":"https:\/\/i1.wp.com\/interpim.erresse-shop.it\/Import\/Prodotti\/joseph-joseph-cesta-biancheria-rigido-j-lawes-4.jpg?ssl=1"},{"@type":"BreadcrumbList","@id":"https:\/\/dev6.erresse-shop.it\/de\/shop\/einrichtung-haus\/badezimmer\/joseph-joseph-tota-starrer-waeschekorb-90l-j-lawes\/#breadcrumb","itemListElement":[{"@type":"ListItem","position":1,"name":"Home","item":"https:\/\/dev6.erresse-shop.it\/"},{"@type":"ListItem","position":2,"name":"Shop","item":"https:\/\/dev6.erresse-shop.it\/shop\/"},{"@type":"ListItem","position":3,"name":"JOSEPH JOSEPH Tota Starrer W\u00e4schekorb 90l J Lawes"}]},{"@type":"WebSite","@id":"https:\/\/dev6.erresse-shop.it\/#website","url":"https:\/\/dev6.erresse-shop.it\/","name":"Erresse Shop","description":"","publisher":{"@id":"https:\/\/dev6.erresse-shop.it\/#organization"},"potentialAction":[{"@type":"SearchAction","target":{"@type":"EntryPoint","urlTemplate":"https:\/\/dev6.erresse-shop.it\/?s={search_term_string}"},"query-input":{"@type":"PropertyValueSpecification","valueRequired":true,"valueName":"search_term_string"}}],"inLanguage":"de"},{"@type":"Organization","@id":"https:\/\/dev6.erresse-shop.it\/#organization","name":"Erresse Shop","url":"https:\/\/dev6.erresse-shop.it\/","logo":{"@type":"ImageObject","inLanguage":"de","@id":"https:\/\/dev6.erresse-shop.it\/#\/schema\/logo\/image\/","url":"https:\/\/dev6.erresse-shop.it\/wp-content\/uploads\/2025\/01\/LOGO-ERRESSE-CLASSICO.svg","contentUrl":"https:\/\/dev6.erresse-shop.it\/wp-content\/uploads\/2025\/01\/LOGO-ERRESSE-CLASSICO.svg","caption":"Erresse Shop"},"image":{"@id":"https:\/\/dev6.erresse-shop.it\/#\/schema\/logo\/image\/"}}]}},"df_price":109,"df_sale_price":109,"df_regular_price":129.99,"df_image_link":"https:\/\/i1.wp.com\/interpim.erresse-shop.it\/Import\/Prodotti\/joseph-joseph-cesta-biancheria-rigido-j-lawes-4.jpg?resize=300,300&ssl=1","fifu_image_url":"https:\/\/interpim.erresse-shop.it\/Import\/Prodotti\/joseph-joseph-cesta-biancheria-rigido-j-lawes-4.jpg","_links":{"self":[{"href":"https:\/\/dev6.erresse-shop.it\/de\/wp-json\/wp\/v2\/product\/54273","targetHints":{"allow":["GET"]}}],"collection":[{"href":"https:\/\/dev6.erresse-shop.it\/de\/wp-json\/wp\/v2\/product"}],"about":[{"href":"https:\/\/dev6.erresse-shop.it\/de\/wp-json\/wp\/v2\/types\/product"}],"wp:featuredmedia":[{"embeddable":true,"href":"https:\/\/dev6.erresse-shop.it\/de\/wp-json\/wp\/v2\/media\/6366270"}],"wp:attachment":[{"href":"https:\/\/dev6.erresse-shop.it\/de\/wp-json\/wp\/v2\/media?parent=54273"}],"wp:term":[{"taxonomy":"product_cat","embeddable":true,"href":"https:\/\/dev6.erresse-shop.it\/de\/wp-json\/wp\/v2\/product_cat?post=54273"},{"taxonomy":"product_tag","embeddable":true,"href":"https:\/\/dev6.erresse-shop.it\/de\/wp-json\/wp\/v2\/product_tag?post=54273"}],"curies":[{"name":"wp","href":"https:\/\/api.w.org\/{rel}","templated":true}]}}