{"id":54261,"date":"2026-04-12T10:29:38","date_gmt":"2026-04-12T08:29:38","guid":{"rendered":"https:\/\/dev6.erresse-shop.it\/shop\/unkategorisiert\/venini-vaso-bolle-gruener-apfel-gelb-bernstein-und-violett\/"},"modified":"2025-07-03T21:31:09","modified_gmt":"2025-07-03T19:31:09","slug":"venini-vaso-bolle-gruener-apfel-gelb-bernstein-und-violett","status":"publish","type":"product","link":"https:\/\/dev6.erresse-shop.it\/de\/shop\/einrichtung-haus\/vasen\/venini-vaso-bolle-gruener-apfel-gelb-bernstein-und-violett\/","title":{"rendered":"VENINI Vaso Bolle Gr\u00fcner Apfel Gelb Bernstein und Violett"},"content":{"rendered":"<p>Die Vase ist Flasche f\u00fcr Tapio Wikkala. In Apfelgr\u00fcn, Gelb und Violett. Die drei verschiedenen Farben sind mit der Technik des Incalmo, der hei\u00dfen Verbindung zweier geblasener Formen, physisch verbunden.<\/p>\n<p>Modell: Bubbles Vase<\/p>\n<p>Farbe: Apfelgr\u00fcn, Bernsteingelb und Violett<\/p>\n<p>Material: Glas<\/p>\n<p>Abmessungen: Durchmesser: 10 cm x H\u00f6he: 34,5 cm<\/p>\n<p>AUS SICHERHEITSGR\u00dcNDEN, DA ES SICH UM EIN LUXUSPRODUKT HANDELT, KANN DIE VERSANDZEIT ZWEI ZUS\u00c4TZLICHE TAGE DAUERN.<\/p>\n","protected":false},"excerpt":{"rendered":"<p>Die Vase ist Flasche f\u00fcr Tapio Wikkala. In Apfelgr\u00fcn, Gelb und Violett. Die drei verschiedenen Farben sind mit der Technik des Incalmo, der hei\u00dfen Verbindung zweier geblasener Formen, physisch verbunden. Modell: Bubbles Vase Farbe: Apfelgr\u00fcn, Bernsteingelb und Violett Material: Glas Abmessungen: Durchmesser: 10 cm x H\u00f6he: 34,5 cm AUS SICHERHEITSGR\u00dcNDEN, DA ES SICH UM EIN [&hellip;]<\/p>\n","protected":false},"featured_media":6366246,"template":"","meta":{"_acf_changed":false},"product_cat":[11666,12098,12126],"product_tag":[],"class_list":{"0":"post-54261","1":"product","2":"type-product","3":"status-publish","4":"has-post-thumbnail","6":"product_cat-arredamento-casa","7":"product_cat-einrichtung-haus","8":"product_cat-vasen","10":"first","11":"instock","12":"taxable","13":"shipping-taxable","14":"purchasable","15":"product-type-simple","swatches":"rey-swatches","show_selected":"","stretch_labels":"rey-swatches--stretch-labels"},"acf":[],"yoast_head":"<!-- This site is optimized with the Yoast SEO plugin v25.4 - https:\/\/yoast.com\/wordpress\/plugins\/seo\/ -->\n<title>VENINI Vaso Bolle Gr\u00fcner Apfel Gelb Bernstein und Violett - dev6 Erresse<\/title>\n<meta name=\"description\" content=\"Die Vase ist Flasche f\u00fcr Tapio Wikkala. In Apfelgr\u00fcn, Gelb und Violett. Die drei verschiedenen Farben sind mit der Technik des Incalmo, der hei\u00dfen\" \/>\n<meta name=\"robots\" content=\"noindex, follow, max-snippet:-1, max-image-preview:large, max-video-preview:-1\" \/>\n<meta property=\"og:locale\" content=\"de_DE\" \/>\n<meta property=\"og:type\" content=\"article\" \/>\n<meta property=\"og:title\" content=\"VENINI Vaso Bolle Gr\u00fcner Apfel Gelb Bernstein und Violett - dev6 Erresse\" \/>\n<meta property=\"og:description\" content=\"Die Vase ist Flasche f\u00fcr Tapio Wikkala. In Apfelgr\u00fcn, Gelb und Violett. Die drei verschiedenen Farben sind mit der Technik des Incalmo, der hei\u00dfen\" \/>\n<meta property=\"og:url\" content=\"https:\/\/dev6.erresse-shop.it\/de\/shop\/einrichtung-haus\/vasen\/venini-vaso-bolle-gruener-apfel-gelb-bernstein-und-violett\/\" \/>\n<meta property=\"og:site_name\" content=\"dev6 Erresse\" \/>\n<meta property=\"og:image\" content=\"https:\/\/interpim.erresse-shop.it\/img-catalogo\/venini\/venini-vaso-multicolor.jpg\" \/><meta property=\"og:image\" content=\"https:\/\/interpim.erresse-shop.it\/img-catalogo\/venini\/venini-vaso-multicolor.jpg\" \/>\n\t<meta property=\"og:image:width\" content=\"1024\" \/>\n\t<meta property=\"og:image:height\" content=\"1024\" \/>\n\t<meta property=\"og:image:type\" content=\"image\/jpeg\" \/>\n<meta name=\"twitter:card\" content=\"summary_large_image\" \/>\n<meta name=\"twitter:image\" content=\"https:\/\/interpim.erresse-shop.it\/img-catalogo\/venini\/venini-vaso-multicolor.jpg\" \/>\n<script type=\"application\/ld+json\" class=\"yoast-schema-graph\">{\"@context\":\"https:\/\/schema.org\",\"@graph\":[{\"@type\":\"WebPage\",\"@id\":\"https:\/\/dev6.erresse-shop.it\/de\/shop\/einrichtung-haus\/vasen\/venini-vaso-bolle-gruener-apfel-gelb-bernstein-und-violett\/\",\"url\":\"https:\/\/dev6.erresse-shop.it\/de\/shop\/einrichtung-haus\/vasen\/venini-vaso-bolle-gruener-apfel-gelb-bernstein-und-violett\/\",\"name\":\"VENINI Vaso Bolle Gr\u00fcner Apfel Gelb Bernstein und Violett - dev6 Erresse\",\"isPartOf\":{\"@id\":\"https:\/\/dev6.erresse-shop.it\/#website\"},\"primaryImageOfPage\":{\"@id\":\"https:\/\/dev6.erresse-shop.it\/de\/shop\/einrichtung-haus\/vasen\/venini-vaso-bolle-gruener-apfel-gelb-bernstein-und-violett\/#primaryimage\"},\"image\":{\"@id\":\"https:\/\/dev6.erresse-shop.it\/de\/shop\/einrichtung-haus\/vasen\/venini-vaso-bolle-gruener-apfel-gelb-bernstein-und-violett\/#primaryimage\"},\"thumbnailUrl\":\"https:\/\/i0.wp.com\/interpim.erresse-shop.it\/img-catalogo\/venini\/venini-vaso-multicolor.jpg?ssl=1\",\"datePublished\":\"2026-04-12T08:29:38+00:00\",\"description\":\"Die Vase ist Flasche f\u00fcr Tapio Wikkala. In Apfelgr\u00fcn, Gelb und Violett. Die drei verschiedenen Farben sind mit der Technik des Incalmo, der hei\u00dfen\",\"breadcrumb\":{\"@id\":\"https:\/\/dev6.erresse-shop.it\/de\/shop\/einrichtung-haus\/vasen\/venini-vaso-bolle-gruener-apfel-gelb-bernstein-und-violett\/#breadcrumb\"},\"inLanguage\":\"de\",\"potentialAction\":[{\"@type\":\"ReadAction\",\"target\":[\"https:\/\/dev6.erresse-shop.it\/de\/shop\/einrichtung-haus\/vasen\/venini-vaso-bolle-gruener-apfel-gelb-bernstein-und-violett\/\"]}]},{\"@type\":\"ImageObject\",\"inLanguage\":\"de\",\"@id\":\"https:\/\/dev6.erresse-shop.it\/de\/shop\/einrichtung-haus\/vasen\/venini-vaso-bolle-gruener-apfel-gelb-bernstein-und-violett\/#primaryimage\",\"url\":\"https:\/\/i0.wp.com\/interpim.erresse-shop.it\/img-catalogo\/venini\/venini-vaso-multicolor.jpg?ssl=1\",\"contentUrl\":\"https:\/\/i0.wp.com\/interpim.erresse-shop.it\/img-catalogo\/venini\/venini-vaso-multicolor.jpg?ssl=1\"},{\"@type\":\"BreadcrumbList\",\"@id\":\"https:\/\/dev6.erresse-shop.it\/de\/shop\/einrichtung-haus\/vasen\/venini-vaso-bolle-gruener-apfel-gelb-bernstein-und-violett\/#breadcrumb\",\"itemListElement\":[{\"@type\":\"ListItem\",\"position\":1,\"name\":\"Home\",\"item\":\"https:\/\/dev6.erresse-shop.it\/\"},{\"@type\":\"ListItem\",\"position\":2,\"name\":\"Shop\",\"item\":\"https:\/\/dev6.erresse-shop.it\/shop\/\"},{\"@type\":\"ListItem\",\"position\":3,\"name\":\"VENINI Vaso Bolle Gr\u00fcner Apfel Gelb Bernstein und Violett\"}]},{\"@type\":\"WebSite\",\"@id\":\"https:\/\/dev6.erresse-shop.it\/#website\",\"url\":\"https:\/\/dev6.erresse-shop.it\/\",\"name\":\"Erresse Shop\",\"description\":\"\",\"publisher\":{\"@id\":\"https:\/\/dev6.erresse-shop.it\/#organization\"},\"potentialAction\":[{\"@type\":\"SearchAction\",\"target\":{\"@type\":\"EntryPoint\",\"urlTemplate\":\"https:\/\/dev6.erresse-shop.it\/?s={search_term_string}\"},\"query-input\":{\"@type\":\"PropertyValueSpecification\",\"valueRequired\":true,\"valueName\":\"search_term_string\"}}],\"inLanguage\":\"de\"},{\"@type\":\"Organization\",\"@id\":\"https:\/\/dev6.erresse-shop.it\/#organization\",\"name\":\"Erresse Shop\",\"url\":\"https:\/\/dev6.erresse-shop.it\/\",\"logo\":{\"@type\":\"ImageObject\",\"inLanguage\":\"de\",\"@id\":\"https:\/\/dev6.erresse-shop.it\/#\/schema\/logo\/image\/\",\"url\":\"https:\/\/dev6.erresse-shop.it\/wp-content\/uploads\/2025\/01\/LOGO-ERRESSE-CLASSICO.svg\",\"contentUrl\":\"https:\/\/dev6.erresse-shop.it\/wp-content\/uploads\/2025\/01\/LOGO-ERRESSE-CLASSICO.svg\",\"caption\":\"Erresse Shop\"},\"image\":{\"@id\":\"https:\/\/dev6.erresse-shop.it\/#\/schema\/logo\/image\/\"}}]}<\/script>\n<!-- \/ Yoast SEO plugin. -->","yoast_head_json":{"title":"VENINI Vaso Bolle Gr\u00fcner Apfel Gelb Bernstein und Violett - dev6 Erresse","description":"Die Vase ist Flasche f\u00fcr Tapio Wikkala. In Apfelgr\u00fcn, Gelb und Violett. Die drei verschiedenen Farben sind mit der Technik des Incalmo, der hei\u00dfen","robots":{"index":"noindex","follow":"follow","max-snippet":"max-snippet:-1","max-image-preview":"max-image-preview:large","max-video-preview":"max-video-preview:-1"},"og_locale":"de_DE","og_type":"article","og_title":"VENINI Vaso Bolle Gr\u00fcner Apfel Gelb Bernstein und Violett - dev6 Erresse","og_description":"Die Vase ist Flasche f\u00fcr Tapio Wikkala. In Apfelgr\u00fcn, Gelb und Violett. Die drei verschiedenen Farben sind mit der Technik des Incalmo, der hei\u00dfen","og_url":"https:\/\/dev6.erresse-shop.it\/de\/shop\/einrichtung-haus\/vasen\/venini-vaso-bolle-gruener-apfel-gelb-bernstein-und-violett\/","og_site_name":"dev6 Erresse","og_image":[{"url":"https:\/\/interpim.erresse-shop.it\/img-catalogo\/venini\/venini-vaso-multicolor.jpg","type":"","width":"","height":""},{"url":"https:\/\/interpim.erresse-shop.it\/img-catalogo\/venini\/venini-vaso-multicolor.jpg","width":1024,"height":1024,"type":"image\/jpeg"}],"twitter_card":"summary_large_image","twitter_image":"https:\/\/interpim.erresse-shop.it\/img-catalogo\/venini\/venini-vaso-multicolor.jpg","schema":{"@context":"https:\/\/schema.org","@graph":[{"@type":"WebPage","@id":"https:\/\/dev6.erresse-shop.it\/de\/shop\/einrichtung-haus\/vasen\/venini-vaso-bolle-gruener-apfel-gelb-bernstein-und-violett\/","url":"https:\/\/dev6.erresse-shop.it\/de\/shop\/einrichtung-haus\/vasen\/venini-vaso-bolle-gruener-apfel-gelb-bernstein-und-violett\/","name":"VENINI Vaso Bolle Gr\u00fcner Apfel Gelb Bernstein und Violett - dev6 Erresse","isPartOf":{"@id":"https:\/\/dev6.erresse-shop.it\/#website"},"primaryImageOfPage":{"@id":"https:\/\/dev6.erresse-shop.it\/de\/shop\/einrichtung-haus\/vasen\/venini-vaso-bolle-gruener-apfel-gelb-bernstein-und-violett\/#primaryimage"},"image":{"@id":"https:\/\/dev6.erresse-shop.it\/de\/shop\/einrichtung-haus\/vasen\/venini-vaso-bolle-gruener-apfel-gelb-bernstein-und-violett\/#primaryimage"},"thumbnailUrl":"https:\/\/i0.wp.com\/interpim.erresse-shop.it\/img-catalogo\/venini\/venini-vaso-multicolor.jpg?ssl=1","datePublished":"2026-04-12T08:29:38+00:00","description":"Die Vase ist Flasche f\u00fcr Tapio Wikkala. In Apfelgr\u00fcn, Gelb und Violett. Die drei verschiedenen Farben sind mit der Technik des Incalmo, der hei\u00dfen","breadcrumb":{"@id":"https:\/\/dev6.erresse-shop.it\/de\/shop\/einrichtung-haus\/vasen\/venini-vaso-bolle-gruener-apfel-gelb-bernstein-und-violett\/#breadcrumb"},"inLanguage":"de","potentialAction":[{"@type":"ReadAction","target":["https:\/\/dev6.erresse-shop.it\/de\/shop\/einrichtung-haus\/vasen\/venini-vaso-bolle-gruener-apfel-gelb-bernstein-und-violett\/"]}]},{"@type":"ImageObject","inLanguage":"de","@id":"https:\/\/dev6.erresse-shop.it\/de\/shop\/einrichtung-haus\/vasen\/venini-vaso-bolle-gruener-apfel-gelb-bernstein-und-violett\/#primaryimage","url":"https:\/\/i0.wp.com\/interpim.erresse-shop.it\/img-catalogo\/venini\/venini-vaso-multicolor.jpg?ssl=1","contentUrl":"https:\/\/i0.wp.com\/interpim.erresse-shop.it\/img-catalogo\/venini\/venini-vaso-multicolor.jpg?ssl=1"},{"@type":"BreadcrumbList","@id":"https:\/\/dev6.erresse-shop.it\/de\/shop\/einrichtung-haus\/vasen\/venini-vaso-bolle-gruener-apfel-gelb-bernstein-und-violett\/#breadcrumb","itemListElement":[{"@type":"ListItem","position":1,"name":"Home","item":"https:\/\/dev6.erresse-shop.it\/"},{"@type":"ListItem","position":2,"name":"Shop","item":"https:\/\/dev6.erresse-shop.it\/shop\/"},{"@type":"ListItem","position":3,"name":"VENINI Vaso Bolle Gr\u00fcner Apfel Gelb Bernstein und Violett"}]},{"@type":"WebSite","@id":"https:\/\/dev6.erresse-shop.it\/#website","url":"https:\/\/dev6.erresse-shop.it\/","name":"Erresse Shop","description":"","publisher":{"@id":"https:\/\/dev6.erresse-shop.it\/#organization"},"potentialAction":[{"@type":"SearchAction","target":{"@type":"EntryPoint","urlTemplate":"https:\/\/dev6.erresse-shop.it\/?s={search_term_string}"},"query-input":{"@type":"PropertyValueSpecification","valueRequired":true,"valueName":"search_term_string"}}],"inLanguage":"de"},{"@type":"Organization","@id":"https:\/\/dev6.erresse-shop.it\/#organization","name":"Erresse Shop","url":"https:\/\/dev6.erresse-shop.it\/","logo":{"@type":"ImageObject","inLanguage":"de","@id":"https:\/\/dev6.erresse-shop.it\/#\/schema\/logo\/image\/","url":"https:\/\/dev6.erresse-shop.it\/wp-content\/uploads\/2025\/01\/LOGO-ERRESSE-CLASSICO.svg","contentUrl":"https:\/\/dev6.erresse-shop.it\/wp-content\/uploads\/2025\/01\/LOGO-ERRESSE-CLASSICO.svg","caption":"Erresse Shop"},"image":{"@id":"https:\/\/dev6.erresse-shop.it\/#\/schema\/logo\/image\/"}}]}},"df_price":2890,"df_sale_price":"","df_regular_price":2890,"df_image_link":"https:\/\/i0.wp.com\/interpim.erresse-shop.it\/img-catalogo\/venini\/venini-vaso-multicolor.jpg?resize=300,300&ssl=1","fifu_image_url":"https:\/\/interpim.erresse-shop.it\/img-catalogo\/venini\/venini-vaso-multicolor.jpg","_links":{"self":[{"href":"https:\/\/dev6.erresse-shop.it\/de\/wp-json\/wp\/v2\/product\/54261","targetHints":{"allow":["GET"]}}],"collection":[{"href":"https:\/\/dev6.erresse-shop.it\/de\/wp-json\/wp\/v2\/product"}],"about":[{"href":"https:\/\/dev6.erresse-shop.it\/de\/wp-json\/wp\/v2\/types\/product"}],"wp:featuredmedia":[{"embeddable":true,"href":"https:\/\/dev6.erresse-shop.it\/de\/wp-json\/wp\/v2\/media\/6366246"}],"wp:attachment":[{"href":"https:\/\/dev6.erresse-shop.it\/de\/wp-json\/wp\/v2\/media?parent=54261"}],"wp:term":[{"taxonomy":"product_cat","embeddable":true,"href":"https:\/\/dev6.erresse-shop.it\/de\/wp-json\/wp\/v2\/product_cat?post=54261"},{"taxonomy":"product_tag","embeddable":true,"href":"https:\/\/dev6.erresse-shop.it\/de\/wp-json\/wp\/v2\/product_tag?post=54261"}],"curies":[{"name":"wp","href":"https:\/\/api.w.org\/{rel}","templated":true}]}}