{"id":54197,"date":"2026-04-12T10:26:11","date_gmt":"2026-04-12T08:26:11","guid":{"rendered":"https:\/\/dev6.erresse-shop.it\/shop\/unkategorisiert\/versace-home-becher-mit-deckel-les-tresors-de-la-mer\/"},"modified":"2025-09-14T01:37:46","modified_gmt":"2025-09-13T23:37:46","slug":"versace-home-becher-mit-deckel-les-tresors-de-la-mer","status":"publish","type":"product","link":"https:\/\/dev6.erresse-shop.it\/de\/shop\/tisch\/tassen\/versace-home-becher-mit-deckel-les-tresors-de-la-mer\/","title":{"rendered":"VERSACE HOME Becher mit Deckel Les Tresors De La Mer"},"content":{"rendered":"<p>Zur Feier des 30-j\u00e4hrigen Jubil\u00e4ums bringt Rosenthal meets Versace eine limitierte Sonderkollektion auf den Markt. 30 Tassen, dekoriert mit 30 legend\u00e4ren Dekoren, erz\u00e4hlen die Geschichte dieser au\u00dfergew\u00f6hnlichen Zusammenarbeit als eine Reise durch Zeit, Raum und Kulturen. Die exquisiten Deckel sind mit einem goldenen Medusa-Kopf verziert, dem ikonischen Symbol von Versace seit den Anf\u00e4ngen.<\/p>\n<p>Material: Porzellan<\/p>\n<p>Abmessungen: 12 cm hoch<\/p>\n<p>DA ES SICH UM EIN LUXUSPRODUKT HANDELT, KANN DIE VERSANDZEIT AUS SICHERHEITSGR\u00dcNDEN ZWEI TAGE L\u00c4NGER DAUERN.<\/p>\n","protected":false},"excerpt":{"rendered":"<p>Zur Feier des 30-j\u00e4hrigen Jubil\u00e4ums bringt Rosenthal meets Versace eine limitierte Sonderkollektion auf den Markt. 30 Tassen, dekoriert mit 30 legend\u00e4ren Dekoren, erz\u00e4hlen die Geschichte dieser au\u00dfergew\u00f6hnlichen Zusammenarbeit als eine Reise durch Zeit, Raum und Kulturen. Die exquisiten Deckel sind mit einem goldenen Medusa-Kopf verziert, dem ikonischen Symbol von Versace seit den Anf\u00e4ngen. Material: Porzellan [&hellip;]<\/p>\n","protected":false},"featured_media":6366133,"template":"","meta":{"_acf_changed":false},"product_cat":[12121,11671,12103],"product_tag":[],"class_list":{"0":"post-54197","1":"product","2":"type-product","3":"status-publish","4":"has-post-thumbnail","6":"product_cat-tassen","7":"product_cat-tavola","8":"product_cat-tisch","10":"first","11":"instock","12":"taxable","13":"shipping-taxable","14":"purchasable","15":"product-type-simple","swatches":"rey-swatches","show_selected":"","stretch_labels":"rey-swatches--stretch-labels"},"acf":[],"yoast_head":"<!-- This site is optimized with the Yoast SEO plugin v25.4 - https:\/\/yoast.com\/wordpress\/plugins\/seo\/ -->\n<title>VERSACE HOME Becher mit Deckel Les Tresors De La Mer - dev6 Erresse<\/title>\n<meta name=\"description\" content=\"Zur Feier des 30-j\u00e4hrigen Jubil\u00e4ums bringt Rosenthal meets Versace eine limitierte Sonderkollektion auf den Markt. 30 Tassen, dekoriert mit 30 legend\u00e4ren\" \/>\n<meta name=\"robots\" content=\"noindex, follow, max-snippet:-1, max-image-preview:large, max-video-preview:-1\" \/>\n<meta property=\"og:locale\" content=\"de_DE\" \/>\n<meta property=\"og:type\" content=\"article\" \/>\n<meta property=\"og:title\" content=\"VERSACE HOME Becher mit Deckel Les Tresors De La Mer - dev6 Erresse\" \/>\n<meta property=\"og:description\" content=\"Zur Feier des 30-j\u00e4hrigen Jubil\u00e4ums bringt Rosenthal meets Versace eine limitierte Sonderkollektion auf den Markt. 30 Tassen, dekoriert mit 30 legend\u00e4ren\" \/>\n<meta property=\"og:url\" content=\"https:\/\/dev6.erresse-shop.it\/de\/shop\/tisch\/tassen\/versace-home-becher-mit-deckel-les-tresors-de-la-mer\/\" \/>\n<meta property=\"og:site_name\" content=\"dev6 Erresse\" \/>\n<meta property=\"og:image\" content=\"https:\/\/interpim.erresse-shop.it\/img-catalogo\/versace\/versace-mug-coperchio-limited-les-tresors-de-la-mer.jpg\" \/><meta property=\"og:image\" content=\"https:\/\/interpim.erresse-shop.it\/img-catalogo\/versace\/versace-mug-coperchio-limited-les-tresors-de-la-mer.jpg\" \/>\n\t<meta property=\"og:image:width\" content=\"1024\" \/>\n\t<meta property=\"og:image:height\" content=\"1024\" \/>\n\t<meta property=\"og:image:type\" content=\"image\/jpeg\" \/>\n<meta name=\"twitter:card\" content=\"summary_large_image\" \/>\n<meta name=\"twitter:image\" content=\"https:\/\/interpim.erresse-shop.it\/img-catalogo\/versace\/versace-mug-coperchio-limited-les-tresors-de-la-mer.jpg\" \/>\n<script type=\"application\/ld+json\" class=\"yoast-schema-graph\">{\"@context\":\"https:\/\/schema.org\",\"@graph\":[{\"@type\":\"WebPage\",\"@id\":\"https:\/\/dev6.erresse-shop.it\/de\/shop\/tisch\/tassen\/versace-home-becher-mit-deckel-les-tresors-de-la-mer\/\",\"url\":\"https:\/\/dev6.erresse-shop.it\/de\/shop\/tisch\/tassen\/versace-home-becher-mit-deckel-les-tresors-de-la-mer\/\",\"name\":\"VERSACE HOME Becher mit Deckel Les Tresors De La Mer - dev6 Erresse\",\"isPartOf\":{\"@id\":\"https:\/\/dev6.erresse-shop.it\/#website\"},\"primaryImageOfPage\":{\"@id\":\"https:\/\/dev6.erresse-shop.it\/de\/shop\/tisch\/tassen\/versace-home-becher-mit-deckel-les-tresors-de-la-mer\/#primaryimage\"},\"image\":{\"@id\":\"https:\/\/dev6.erresse-shop.it\/de\/shop\/tisch\/tassen\/versace-home-becher-mit-deckel-les-tresors-de-la-mer\/#primaryimage\"},\"thumbnailUrl\":\"https:\/\/i0.wp.com\/interpim.erresse-shop.it\/img-catalogo\/versace\/versace-mug-coperchio-limited-les-tresors-de-la-mer.jpg?ssl=1\",\"datePublished\":\"2026-04-12T08:26:11+00:00\",\"description\":\"Zur Feier des 30-j\u00e4hrigen Jubil\u00e4ums bringt Rosenthal meets Versace eine limitierte Sonderkollektion auf den Markt. 30 Tassen, dekoriert mit 30 legend\u00e4ren\",\"breadcrumb\":{\"@id\":\"https:\/\/dev6.erresse-shop.it\/de\/shop\/tisch\/tassen\/versace-home-becher-mit-deckel-les-tresors-de-la-mer\/#breadcrumb\"},\"inLanguage\":\"de\",\"potentialAction\":[{\"@type\":\"ReadAction\",\"target\":[\"https:\/\/dev6.erresse-shop.it\/de\/shop\/tisch\/tassen\/versace-home-becher-mit-deckel-les-tresors-de-la-mer\/\"]}]},{\"@type\":\"ImageObject\",\"inLanguage\":\"de\",\"@id\":\"https:\/\/dev6.erresse-shop.it\/de\/shop\/tisch\/tassen\/versace-home-becher-mit-deckel-les-tresors-de-la-mer\/#primaryimage\",\"url\":\"https:\/\/i0.wp.com\/interpim.erresse-shop.it\/img-catalogo\/versace\/versace-mug-coperchio-limited-les-tresors-de-la-mer.jpg?ssl=1\",\"contentUrl\":\"https:\/\/i0.wp.com\/interpim.erresse-shop.it\/img-catalogo\/versace\/versace-mug-coperchio-limited-les-tresors-de-la-mer.jpg?ssl=1\"},{\"@type\":\"BreadcrumbList\",\"@id\":\"https:\/\/dev6.erresse-shop.it\/de\/shop\/tisch\/tassen\/versace-home-becher-mit-deckel-les-tresors-de-la-mer\/#breadcrumb\",\"itemListElement\":[{\"@type\":\"ListItem\",\"position\":1,\"name\":\"Home\",\"item\":\"https:\/\/dev6.erresse-shop.it\/\"},{\"@type\":\"ListItem\",\"position\":2,\"name\":\"Shop\",\"item\":\"https:\/\/dev6.erresse-shop.it\/shop\/\"},{\"@type\":\"ListItem\",\"position\":3,\"name\":\"VERSACE HOME Becher mit Deckel Les Tresors De La Mer\"}]},{\"@type\":\"WebSite\",\"@id\":\"https:\/\/dev6.erresse-shop.it\/#website\",\"url\":\"https:\/\/dev6.erresse-shop.it\/\",\"name\":\"Erresse Shop\",\"description\":\"\",\"publisher\":{\"@id\":\"https:\/\/dev6.erresse-shop.it\/#organization\"},\"potentialAction\":[{\"@type\":\"SearchAction\",\"target\":{\"@type\":\"EntryPoint\",\"urlTemplate\":\"https:\/\/dev6.erresse-shop.it\/?s={search_term_string}\"},\"query-input\":{\"@type\":\"PropertyValueSpecification\",\"valueRequired\":true,\"valueName\":\"search_term_string\"}}],\"inLanguage\":\"de\"},{\"@type\":\"Organization\",\"@id\":\"https:\/\/dev6.erresse-shop.it\/#organization\",\"name\":\"Erresse Shop\",\"url\":\"https:\/\/dev6.erresse-shop.it\/\",\"logo\":{\"@type\":\"ImageObject\",\"inLanguage\":\"de\",\"@id\":\"https:\/\/dev6.erresse-shop.it\/#\/schema\/logo\/image\/\",\"url\":\"https:\/\/dev6.erresse-shop.it\/wp-content\/uploads\/2025\/01\/LOGO-ERRESSE-CLASSICO.svg\",\"contentUrl\":\"https:\/\/dev6.erresse-shop.it\/wp-content\/uploads\/2025\/01\/LOGO-ERRESSE-CLASSICO.svg\",\"caption\":\"Erresse Shop\"},\"image\":{\"@id\":\"https:\/\/dev6.erresse-shop.it\/#\/schema\/logo\/image\/\"}}]}<\/script>\n<!-- \/ Yoast SEO plugin. -->","yoast_head_json":{"title":"VERSACE HOME Becher mit Deckel Les Tresors De La Mer - dev6 Erresse","description":"Zur Feier des 30-j\u00e4hrigen Jubil\u00e4ums bringt Rosenthal meets Versace eine limitierte Sonderkollektion auf den Markt. 30 Tassen, dekoriert mit 30 legend\u00e4ren","robots":{"index":"noindex","follow":"follow","max-snippet":"max-snippet:-1","max-image-preview":"max-image-preview:large","max-video-preview":"max-video-preview:-1"},"og_locale":"de_DE","og_type":"article","og_title":"VERSACE HOME Becher mit Deckel Les Tresors De La Mer - dev6 Erresse","og_description":"Zur Feier des 30-j\u00e4hrigen Jubil\u00e4ums bringt Rosenthal meets Versace eine limitierte Sonderkollektion auf den Markt. 30 Tassen, dekoriert mit 30 legend\u00e4ren","og_url":"https:\/\/dev6.erresse-shop.it\/de\/shop\/tisch\/tassen\/versace-home-becher-mit-deckel-les-tresors-de-la-mer\/","og_site_name":"dev6 Erresse","og_image":[{"url":"https:\/\/interpim.erresse-shop.it\/img-catalogo\/versace\/versace-mug-coperchio-limited-les-tresors-de-la-mer.jpg","type":"","width":"","height":""},{"url":"https:\/\/interpim.erresse-shop.it\/img-catalogo\/versace\/versace-mug-coperchio-limited-les-tresors-de-la-mer.jpg","width":1024,"height":1024,"type":"image\/jpeg"}],"twitter_card":"summary_large_image","twitter_image":"https:\/\/interpim.erresse-shop.it\/img-catalogo\/versace\/versace-mug-coperchio-limited-les-tresors-de-la-mer.jpg","schema":{"@context":"https:\/\/schema.org","@graph":[{"@type":"WebPage","@id":"https:\/\/dev6.erresse-shop.it\/de\/shop\/tisch\/tassen\/versace-home-becher-mit-deckel-les-tresors-de-la-mer\/","url":"https:\/\/dev6.erresse-shop.it\/de\/shop\/tisch\/tassen\/versace-home-becher-mit-deckel-les-tresors-de-la-mer\/","name":"VERSACE HOME Becher mit Deckel Les Tresors De La Mer - dev6 Erresse","isPartOf":{"@id":"https:\/\/dev6.erresse-shop.it\/#website"},"primaryImageOfPage":{"@id":"https:\/\/dev6.erresse-shop.it\/de\/shop\/tisch\/tassen\/versace-home-becher-mit-deckel-les-tresors-de-la-mer\/#primaryimage"},"image":{"@id":"https:\/\/dev6.erresse-shop.it\/de\/shop\/tisch\/tassen\/versace-home-becher-mit-deckel-les-tresors-de-la-mer\/#primaryimage"},"thumbnailUrl":"https:\/\/i0.wp.com\/interpim.erresse-shop.it\/img-catalogo\/versace\/versace-mug-coperchio-limited-les-tresors-de-la-mer.jpg?ssl=1","datePublished":"2026-04-12T08:26:11+00:00","description":"Zur Feier des 30-j\u00e4hrigen Jubil\u00e4ums bringt Rosenthal meets Versace eine limitierte Sonderkollektion auf den Markt. 30 Tassen, dekoriert mit 30 legend\u00e4ren","breadcrumb":{"@id":"https:\/\/dev6.erresse-shop.it\/de\/shop\/tisch\/tassen\/versace-home-becher-mit-deckel-les-tresors-de-la-mer\/#breadcrumb"},"inLanguage":"de","potentialAction":[{"@type":"ReadAction","target":["https:\/\/dev6.erresse-shop.it\/de\/shop\/tisch\/tassen\/versace-home-becher-mit-deckel-les-tresors-de-la-mer\/"]}]},{"@type":"ImageObject","inLanguage":"de","@id":"https:\/\/dev6.erresse-shop.it\/de\/shop\/tisch\/tassen\/versace-home-becher-mit-deckel-les-tresors-de-la-mer\/#primaryimage","url":"https:\/\/i0.wp.com\/interpim.erresse-shop.it\/img-catalogo\/versace\/versace-mug-coperchio-limited-les-tresors-de-la-mer.jpg?ssl=1","contentUrl":"https:\/\/i0.wp.com\/interpim.erresse-shop.it\/img-catalogo\/versace\/versace-mug-coperchio-limited-les-tresors-de-la-mer.jpg?ssl=1"},{"@type":"BreadcrumbList","@id":"https:\/\/dev6.erresse-shop.it\/de\/shop\/tisch\/tassen\/versace-home-becher-mit-deckel-les-tresors-de-la-mer\/#breadcrumb","itemListElement":[{"@type":"ListItem","position":1,"name":"Home","item":"https:\/\/dev6.erresse-shop.it\/"},{"@type":"ListItem","position":2,"name":"Shop","item":"https:\/\/dev6.erresse-shop.it\/shop\/"},{"@type":"ListItem","position":3,"name":"VERSACE HOME Becher mit Deckel Les Tresors De La Mer"}]},{"@type":"WebSite","@id":"https:\/\/dev6.erresse-shop.it\/#website","url":"https:\/\/dev6.erresse-shop.it\/","name":"Erresse Shop","description":"","publisher":{"@id":"https:\/\/dev6.erresse-shop.it\/#organization"},"potentialAction":[{"@type":"SearchAction","target":{"@type":"EntryPoint","urlTemplate":"https:\/\/dev6.erresse-shop.it\/?s={search_term_string}"},"query-input":{"@type":"PropertyValueSpecification","valueRequired":true,"valueName":"search_term_string"}}],"inLanguage":"de"},{"@type":"Organization","@id":"https:\/\/dev6.erresse-shop.it\/#organization","name":"Erresse Shop","url":"https:\/\/dev6.erresse-shop.it\/","logo":{"@type":"ImageObject","inLanguage":"de","@id":"https:\/\/dev6.erresse-shop.it\/#\/schema\/logo\/image\/","url":"https:\/\/dev6.erresse-shop.it\/wp-content\/uploads\/2025\/01\/LOGO-ERRESSE-CLASSICO.svg","contentUrl":"https:\/\/dev6.erresse-shop.it\/wp-content\/uploads\/2025\/01\/LOGO-ERRESSE-CLASSICO.svg","caption":"Erresse Shop"},"image":{"@id":"https:\/\/dev6.erresse-shop.it\/#\/schema\/logo\/image\/"}}]}},"df_price":289,"df_sale_price":"","df_regular_price":289,"df_image_link":"https:\/\/i0.wp.com\/interpim.erresse-shop.it\/img-catalogo\/versace\/versace-mug-coperchio-limited-les-tresors-de-la-mer.jpg?resize=300,300&ssl=1","fifu_image_url":"https:\/\/interpim.erresse-shop.it\/img-catalogo\/versace\/versace-mug-coperchio-limited-les-tresors-de-la-mer.jpg","_links":{"self":[{"href":"https:\/\/dev6.erresse-shop.it\/de\/wp-json\/wp\/v2\/product\/54197","targetHints":{"allow":["GET"]}}],"collection":[{"href":"https:\/\/dev6.erresse-shop.it\/de\/wp-json\/wp\/v2\/product"}],"about":[{"href":"https:\/\/dev6.erresse-shop.it\/de\/wp-json\/wp\/v2\/types\/product"}],"wp:featuredmedia":[{"embeddable":true,"href":"https:\/\/dev6.erresse-shop.it\/de\/wp-json\/wp\/v2\/media\/6366133"}],"wp:attachment":[{"href":"https:\/\/dev6.erresse-shop.it\/de\/wp-json\/wp\/v2\/media?parent=54197"}],"wp:term":[{"taxonomy":"product_cat","embeddable":true,"href":"https:\/\/dev6.erresse-shop.it\/de\/wp-json\/wp\/v2\/product_cat?post=54197"},{"taxonomy":"product_tag","embeddable":true,"href":"https:\/\/dev6.erresse-shop.it\/de\/wp-json\/wp\/v2\/product_tag?post=54197"}],"curies":[{"name":"wp","href":"https:\/\/api.w.org\/{rel}","templated":true}]}}