{"id":54178,"date":"2026-04-12T10:26:11","date_gmt":"2026-04-12T08:26:11","guid":{"rendered":"https:\/\/dev6.erresse-shop.it\/shop\/unkategorisiert\/versace-home-prestige-gala-platzhalter-30-cm-2\/"},"modified":"2026-01-15T23:36:01","modified_gmt":"2026-01-15T22:36:01","slug":"versace-home-prestige-gala-platzhalter-30-cm-2","status":"publish","type":"product","link":"https:\/\/dev6.erresse-shop.it\/de\/shop\/tisch\/teller-geschirr\/versace-home-prestige-gala-platzhalter-30-cm-2\/","title":{"rendered":"VERSACE HOME Prestige Gala Platzhalter 30 cm"},"content":{"rendered":"<p>Barocke Elemente und der griechische Rahmen sind die dominierenden Motive der Kollektion Prestige Gala.<\/p>\n<p>Bei dieser Art der Dekoration werden die Farben bei einer Temperatur von 1000 \u00b0C in die Glasur eingeschmolzen. Bei dieser Technik wird die Glasur weich, absorbiert das Dekor und macht die Farben und den Glanz unzerst\u00f6rbar, was zu einem kratzfesten und \u00e4u\u00dferst widerstandsf\u00e4higen Ergebnis f\u00fchrt. Allerdings sind Golddekorationen aufgrund der Eigenschaften des Materials nicht v\u00f6llig kratzfest.<\/p>\n<p>Von Hand ein St\u00fcck nach dem anderen waschen<\/p>\n<p>Nach der Reinigung abtropfen lassen<\/p>\n<p>Sorgf\u00e4ltig trocknen, um Waschmittelflecken zu vermeiden<\/p>\n<p>Farbe: Multicolour<\/p>\n<p>Material: Porzellan<\/p>\n<p>Abmessungen: Durchmesser: 30 cm<\/p>\n<p>AUS SICHERHEITSGR\u00dcNDEN, DA ES SICH UM EIN LUXUSPRODUKT HANDELT, KANN DIE VERSANDZEIT ZWEI TAGE L\u00c4NGER DAUERN.<\/p>\n","protected":false},"excerpt":{"rendered":"<p>Barocke Elemente und der griechische Rahmen sind die dominierenden Motive der Kollektion Prestige Gala. Bei dieser Art der Dekoration werden die Farben bei einer Temperatur von 1000 \u00b0C in die Glasur eingeschmolzen. Bei dieser Technik wird die Glasur weich, absorbiert das Dekor und macht die Farben und den Glanz unzerst\u00f6rbar, was zu einem kratzfesten und [&hellip;]<\/p>\n","protected":false},"featured_media":6366111,"template":"","meta":{"_acf_changed":false},"product_cat":[12129,12098,11697,12122,12103],"product_tag":[],"class_list":{"0":"post-54178","1":"product","2":"type-product","3":"status-publish","4":"has-post-thumbnail","6":"product_cat-dekoartikel","7":"product_cat-einrichtung-haus","8":"product_cat-oggettistica","9":"product_cat-teller-geschirr","10":"product_cat-tisch","12":"first","13":"instock","14":"sale","15":"taxable","16":"shipping-taxable","17":"purchasable","18":"product-type-simple","swatches":"rey-swatches","show_selected":"","stretch_labels":"rey-swatches--stretch-labels"},"acf":[],"yoast_head":"<!-- This site is optimized with the Yoast SEO plugin v25.4 - https:\/\/yoast.com\/wordpress\/plugins\/seo\/ -->\n<title>VERSACE HOME Prestige Gala Platzhalter 30 cm - dev6 Erresse<\/title>\n<meta name=\"description\" content=\"Barocke Elemente und der griechische Rahmen sind die dominierenden Motive der Kollektion Prestige Gala. Bei dieser Art der Dekoration werden die Farben\" \/>\n<meta name=\"robots\" content=\"noindex, follow, max-snippet:-1, max-image-preview:large, max-video-preview:-1\" \/>\n<meta property=\"og:locale\" content=\"de_DE\" \/>\n<meta property=\"og:type\" content=\"article\" \/>\n<meta property=\"og:title\" content=\"VERSACE HOME Prestige Gala Platzhalter 30 cm - dev6 Erresse\" \/>\n<meta property=\"og:description\" content=\"Barocke Elemente und der griechische Rahmen sind die dominierenden Motive der Kollektion Prestige Gala. Bei dieser Art der Dekoration werden die Farben\" \/>\n<meta property=\"og:url\" content=\"https:\/\/dev6.erresse-shop.it\/de\/shop\/tisch\/teller-geschirr\/versace-home-prestige-gala-platzhalter-30-cm-2\/\" \/>\n<meta property=\"og:site_name\" content=\"dev6 Erresse\" \/>\n<meta property=\"og:image\" content=\"https:\/\/interpim.erresse-shop.it\/img-catalogo\/versace\/versace-home-les-jardins-de-versace.jpg\" \/><meta property=\"og:image\" content=\"https:\/\/interpim.erresse-shop.it\/img-catalogo\/versace\/versace-home-les-jardins-de-versace.jpg\" \/>\n\t<meta property=\"og:image:width\" content=\"1024\" \/>\n\t<meta property=\"og:image:height\" content=\"1024\" \/>\n\t<meta property=\"og:image:type\" content=\"image\/jpeg\" \/>\n<meta name=\"twitter:card\" content=\"summary_large_image\" \/>\n<meta name=\"twitter:image\" content=\"https:\/\/interpim.erresse-shop.it\/img-catalogo\/versace\/versace-home-les-jardins-de-versace.jpg\" \/>\n<script type=\"application\/ld+json\" class=\"yoast-schema-graph\">{\"@context\":\"https:\/\/schema.org\",\"@graph\":[{\"@type\":\"WebPage\",\"@id\":\"https:\/\/dev6.erresse-shop.it\/de\/shop\/tisch\/teller-geschirr\/versace-home-prestige-gala-platzhalter-30-cm-2\/\",\"url\":\"https:\/\/dev6.erresse-shop.it\/de\/shop\/tisch\/teller-geschirr\/versace-home-prestige-gala-platzhalter-30-cm-2\/\",\"name\":\"VERSACE HOME Prestige Gala Platzhalter 30 cm - dev6 Erresse\",\"isPartOf\":{\"@id\":\"https:\/\/dev6.erresse-shop.it\/#website\"},\"primaryImageOfPage\":{\"@id\":\"https:\/\/dev6.erresse-shop.it\/de\/shop\/tisch\/teller-geschirr\/versace-home-prestige-gala-platzhalter-30-cm-2\/#primaryimage\"},\"image\":{\"@id\":\"https:\/\/dev6.erresse-shop.it\/de\/shop\/tisch\/teller-geschirr\/versace-home-prestige-gala-platzhalter-30-cm-2\/#primaryimage\"},\"thumbnailUrl\":\"https:\/\/i3.wp.com\/interpim.erresse-shop.it\/img-catalogo\/versace\/versace-home-les-jardins-de-versace.jpg?ssl=1\",\"datePublished\":\"2026-04-12T08:26:11+00:00\",\"description\":\"Barocke Elemente und der griechische Rahmen sind die dominierenden Motive der Kollektion Prestige Gala. Bei dieser Art der Dekoration werden die Farben\",\"breadcrumb\":{\"@id\":\"https:\/\/dev6.erresse-shop.it\/de\/shop\/tisch\/teller-geschirr\/versace-home-prestige-gala-platzhalter-30-cm-2\/#breadcrumb\"},\"inLanguage\":\"de\",\"potentialAction\":[{\"@type\":\"ReadAction\",\"target\":[\"https:\/\/dev6.erresse-shop.it\/de\/shop\/tisch\/teller-geschirr\/versace-home-prestige-gala-platzhalter-30-cm-2\/\"]}]},{\"@type\":\"ImageObject\",\"inLanguage\":\"de\",\"@id\":\"https:\/\/dev6.erresse-shop.it\/de\/shop\/tisch\/teller-geschirr\/versace-home-prestige-gala-platzhalter-30-cm-2\/#primaryimage\",\"url\":\"https:\/\/i3.wp.com\/interpim.erresse-shop.it\/img-catalogo\/versace\/versace-home-les-jardins-de-versace.jpg?ssl=1\",\"contentUrl\":\"https:\/\/i3.wp.com\/interpim.erresse-shop.it\/img-catalogo\/versace\/versace-home-les-jardins-de-versace.jpg?ssl=1\"},{\"@type\":\"BreadcrumbList\",\"@id\":\"https:\/\/dev6.erresse-shop.it\/de\/shop\/tisch\/teller-geschirr\/versace-home-prestige-gala-platzhalter-30-cm-2\/#breadcrumb\",\"itemListElement\":[{\"@type\":\"ListItem\",\"position\":1,\"name\":\"Home\",\"item\":\"https:\/\/dev6.erresse-shop.it\/\"},{\"@type\":\"ListItem\",\"position\":2,\"name\":\"Shop\",\"item\":\"https:\/\/dev6.erresse-shop.it\/shop\/\"},{\"@type\":\"ListItem\",\"position\":3,\"name\":\"VERSACE HOME Prestige Gala Platzhalter 30 cm\"}]},{\"@type\":\"WebSite\",\"@id\":\"https:\/\/dev6.erresse-shop.it\/#website\",\"url\":\"https:\/\/dev6.erresse-shop.it\/\",\"name\":\"Erresse Shop\",\"description\":\"\",\"publisher\":{\"@id\":\"https:\/\/dev6.erresse-shop.it\/#organization\"},\"potentialAction\":[{\"@type\":\"SearchAction\",\"target\":{\"@type\":\"EntryPoint\",\"urlTemplate\":\"https:\/\/dev6.erresse-shop.it\/?s={search_term_string}\"},\"query-input\":{\"@type\":\"PropertyValueSpecification\",\"valueRequired\":true,\"valueName\":\"search_term_string\"}}],\"inLanguage\":\"de\"},{\"@type\":\"Organization\",\"@id\":\"https:\/\/dev6.erresse-shop.it\/#organization\",\"name\":\"Erresse Shop\",\"url\":\"https:\/\/dev6.erresse-shop.it\/\",\"logo\":{\"@type\":\"ImageObject\",\"inLanguage\":\"de\",\"@id\":\"https:\/\/dev6.erresse-shop.it\/#\/schema\/logo\/image\/\",\"url\":\"https:\/\/dev6.erresse-shop.it\/wp-content\/uploads\/2025\/01\/LOGO-ERRESSE-CLASSICO.svg\",\"contentUrl\":\"https:\/\/dev6.erresse-shop.it\/wp-content\/uploads\/2025\/01\/LOGO-ERRESSE-CLASSICO.svg\",\"caption\":\"Erresse Shop\"},\"image\":{\"@id\":\"https:\/\/dev6.erresse-shop.it\/#\/schema\/logo\/image\/\"}}]}<\/script>\n<!-- \/ Yoast SEO plugin. -->","yoast_head_json":{"title":"VERSACE HOME Prestige Gala Platzhalter 30 cm - dev6 Erresse","description":"Barocke Elemente und der griechische Rahmen sind die dominierenden Motive der Kollektion Prestige Gala. Bei dieser Art der Dekoration werden die Farben","robots":{"index":"noindex","follow":"follow","max-snippet":"max-snippet:-1","max-image-preview":"max-image-preview:large","max-video-preview":"max-video-preview:-1"},"og_locale":"de_DE","og_type":"article","og_title":"VERSACE HOME Prestige Gala Platzhalter 30 cm - dev6 Erresse","og_description":"Barocke Elemente und der griechische Rahmen sind die dominierenden Motive der Kollektion Prestige Gala. Bei dieser Art der Dekoration werden die Farben","og_url":"https:\/\/dev6.erresse-shop.it\/de\/shop\/tisch\/teller-geschirr\/versace-home-prestige-gala-platzhalter-30-cm-2\/","og_site_name":"dev6 Erresse","og_image":[{"url":"https:\/\/interpim.erresse-shop.it\/img-catalogo\/versace\/versace-home-les-jardins-de-versace.jpg","type":"","width":"","height":""},{"url":"https:\/\/interpim.erresse-shop.it\/img-catalogo\/versace\/versace-home-les-jardins-de-versace.jpg","width":1024,"height":1024,"type":"image\/jpeg"}],"twitter_card":"summary_large_image","twitter_image":"https:\/\/interpim.erresse-shop.it\/img-catalogo\/versace\/versace-home-les-jardins-de-versace.jpg","schema":{"@context":"https:\/\/schema.org","@graph":[{"@type":"WebPage","@id":"https:\/\/dev6.erresse-shop.it\/de\/shop\/tisch\/teller-geschirr\/versace-home-prestige-gala-platzhalter-30-cm-2\/","url":"https:\/\/dev6.erresse-shop.it\/de\/shop\/tisch\/teller-geschirr\/versace-home-prestige-gala-platzhalter-30-cm-2\/","name":"VERSACE HOME Prestige Gala Platzhalter 30 cm - dev6 Erresse","isPartOf":{"@id":"https:\/\/dev6.erresse-shop.it\/#website"},"primaryImageOfPage":{"@id":"https:\/\/dev6.erresse-shop.it\/de\/shop\/tisch\/teller-geschirr\/versace-home-prestige-gala-platzhalter-30-cm-2\/#primaryimage"},"image":{"@id":"https:\/\/dev6.erresse-shop.it\/de\/shop\/tisch\/teller-geschirr\/versace-home-prestige-gala-platzhalter-30-cm-2\/#primaryimage"},"thumbnailUrl":"https:\/\/i3.wp.com\/interpim.erresse-shop.it\/img-catalogo\/versace\/versace-home-les-jardins-de-versace.jpg?ssl=1","datePublished":"2026-04-12T08:26:11+00:00","description":"Barocke Elemente und der griechische Rahmen sind die dominierenden Motive der Kollektion Prestige Gala. Bei dieser Art der Dekoration werden die Farben","breadcrumb":{"@id":"https:\/\/dev6.erresse-shop.it\/de\/shop\/tisch\/teller-geschirr\/versace-home-prestige-gala-platzhalter-30-cm-2\/#breadcrumb"},"inLanguage":"de","potentialAction":[{"@type":"ReadAction","target":["https:\/\/dev6.erresse-shop.it\/de\/shop\/tisch\/teller-geschirr\/versace-home-prestige-gala-platzhalter-30-cm-2\/"]}]},{"@type":"ImageObject","inLanguage":"de","@id":"https:\/\/dev6.erresse-shop.it\/de\/shop\/tisch\/teller-geschirr\/versace-home-prestige-gala-platzhalter-30-cm-2\/#primaryimage","url":"https:\/\/i3.wp.com\/interpim.erresse-shop.it\/img-catalogo\/versace\/versace-home-les-jardins-de-versace.jpg?ssl=1","contentUrl":"https:\/\/i3.wp.com\/interpim.erresse-shop.it\/img-catalogo\/versace\/versace-home-les-jardins-de-versace.jpg?ssl=1"},{"@type":"BreadcrumbList","@id":"https:\/\/dev6.erresse-shop.it\/de\/shop\/tisch\/teller-geschirr\/versace-home-prestige-gala-platzhalter-30-cm-2\/#breadcrumb","itemListElement":[{"@type":"ListItem","position":1,"name":"Home","item":"https:\/\/dev6.erresse-shop.it\/"},{"@type":"ListItem","position":2,"name":"Shop","item":"https:\/\/dev6.erresse-shop.it\/shop\/"},{"@type":"ListItem","position":3,"name":"VERSACE HOME Prestige Gala Platzhalter 30 cm"}]},{"@type":"WebSite","@id":"https:\/\/dev6.erresse-shop.it\/#website","url":"https:\/\/dev6.erresse-shop.it\/","name":"Erresse Shop","description":"","publisher":{"@id":"https:\/\/dev6.erresse-shop.it\/#organization"},"potentialAction":[{"@type":"SearchAction","target":{"@type":"EntryPoint","urlTemplate":"https:\/\/dev6.erresse-shop.it\/?s={search_term_string}"},"query-input":{"@type":"PropertyValueSpecification","valueRequired":true,"valueName":"search_term_string"}}],"inLanguage":"de"},{"@type":"Organization","@id":"https:\/\/dev6.erresse-shop.it\/#organization","name":"Erresse Shop","url":"https:\/\/dev6.erresse-shop.it\/","logo":{"@type":"ImageObject","inLanguage":"de","@id":"https:\/\/dev6.erresse-shop.it\/#\/schema\/logo\/image\/","url":"https:\/\/dev6.erresse-shop.it\/wp-content\/uploads\/2025\/01\/LOGO-ERRESSE-CLASSICO.svg","contentUrl":"https:\/\/dev6.erresse-shop.it\/wp-content\/uploads\/2025\/01\/LOGO-ERRESSE-CLASSICO.svg","caption":"Erresse Shop"},"image":{"@id":"https:\/\/dev6.erresse-shop.it\/#\/schema\/logo\/image\/"}}]}},"df_price":99,"df_sale_price":99,"df_regular_price":119,"df_image_link":"https:\/\/i3.wp.com\/interpim.erresse-shop.it\/img-catalogo\/versace\/versace-home-les-jardins-de-versace.jpg?resize=300,300&ssl=1","fifu_image_url":"https:\/\/interpim.erresse-shop.it\/img-catalogo\/versace\/versace-home-les-jardins-de-versace.jpg","_links":{"self":[{"href":"https:\/\/dev6.erresse-shop.it\/de\/wp-json\/wp\/v2\/product\/54178","targetHints":{"allow":["GET"]}}],"collection":[{"href":"https:\/\/dev6.erresse-shop.it\/de\/wp-json\/wp\/v2\/product"}],"about":[{"href":"https:\/\/dev6.erresse-shop.it\/de\/wp-json\/wp\/v2\/types\/product"}],"wp:featuredmedia":[{"embeddable":true,"href":"https:\/\/dev6.erresse-shop.it\/de\/wp-json\/wp\/v2\/media\/6366111"}],"wp:attachment":[{"href":"https:\/\/dev6.erresse-shop.it\/de\/wp-json\/wp\/v2\/media?parent=54178"}],"wp:term":[{"taxonomy":"product_cat","embeddable":true,"href":"https:\/\/dev6.erresse-shop.it\/de\/wp-json\/wp\/v2\/product_cat?post=54178"},{"taxonomy":"product_tag","embeddable":true,"href":"https:\/\/dev6.erresse-shop.it\/de\/wp-json\/wp\/v2\/product_tag?post=54178"}],"curies":[{"name":"wp","href":"https:\/\/api.w.org\/{rel}","templated":true}]}}