{"id":54128,"date":"2026-04-12T10:24:28","date_gmt":"2026-04-12T08:24:28","guid":{"rendered":"https:\/\/dev6.erresse-shop.it\/shop\/unkategorisiert\/bamix-maxx-stabmixer-weiss\/"},"modified":"2025-11-27T16:53:42","modified_gmt":"2025-11-27T15:53:42","slug":"bamix-maxx-stabmixer-weiss","status":"publish","type":"product","link":"https:\/\/dev6.erresse-shop.it\/de\/shop\/kleine-elektrogeraete\/mixer\/bamix-maxx-stabmixer-weiss\/","title":{"rendered":"BAMIX MAXX Stabmixer Wei\u00df"},"content":{"rendered":"<p>BESCHREIBUNG<\/p>\n<p>Schweizer Pr\u00e4zision in einer kleinen K\u00fcchenmaschine. Erh\u00e4ltlich in der st\u00e4rksten Version mit 350W in 3 verschiedenen Farben schwarz, rot und wei\u00df. \u2013 2 Geschwindigkeitsstufen: \u2013 Stufe 1: 18.000 Umdrehungen pro Minute \u2013 Stufe 2: 22.000 Umdrehungen pro Minute \u2013 Motorleistung: 350W \u2013 AC-Motor \u2013 Doppelte Isolierung \u2013 Stabl\u00e4nge: 14 cm<\/p>\n<p>Schweizer Pr\u00e4zision in einer kleinen K\u00fcchenmaschine.<br \/>\nErh\u00e4ltlich in der st\u00e4rksten Version mit 350W in 3 verschiedenen Farben schwarz, rot und wei\u00df.<\/p>\n<p>Das Paket enth\u00e4lt:<\/p>\n<p>\u2013 bamix\u00ae One<\/p>\n<p>\u2013 Mehrzweckmesser<\/p>\n<p>FEATURES<\/p>\n<p>2 Geschwindigkeitsstufen:<br \/>\n\u2013 Stufe 1: 18.000 U\/min<br \/>\n\u2013 Stufe 2: 22.000 U\/min<br \/>\nMotorleistung: 350W<br \/>\nAC-Motor<br \/>\nDoppelte Isolierung<br \/>\nL\u00e4nge der Stange: 14 cm<br \/>\nAbmessungen 7,00 x 6,50 x 35,50 cm<\/p>\n<p>NICHT ZUM VERKAUF AUSSERHALB EUROPAS<\/p>\n","protected":false},"excerpt":{"rendered":"<p>BESCHREIBUNG Schweizer Pr\u00e4zision in einer kleinen K\u00fcchenmaschine. Erh\u00e4ltlich in der st\u00e4rksten Version mit 350W in 3 verschiedenen Farben schwarz, rot und wei\u00df. \u2013 2 Geschwindigkeitsstufen: \u2013 Stufe 1: 18.000 Umdrehungen pro Minute \u2013 Stufe 2: 22.000 Umdrehungen pro Minute \u2013 Motorleistung: 350W \u2013 AC-Motor \u2013 Doppelte Isolierung \u2013 Stabl\u00e4nge: 14 cm Schweizer Pr\u00e4zision in einer [&hellip;]<\/p>\n","protected":false},"featured_media":6366074,"template":"","meta":{"_acf_changed":false},"product_cat":[12163,12169],"product_tag":[],"class_list":{"0":"post-54128","1":"product","2":"type-product","3":"status-publish","4":"has-post-thumbnail","6":"product_cat-kleine-elektrogeraete","7":"product_cat-mixer","9":"first","10":"instock","11":"taxable","12":"shipping-taxable","13":"purchasable","14":"product-type-simple","swatches":"rey-swatches","show_selected":"","stretch_labels":"rey-swatches--stretch-labels"},"acf":[],"yoast_head":"<!-- This site is optimized with the Yoast SEO plugin v25.4 - https:\/\/yoast.com\/wordpress\/plugins\/seo\/ -->\n<title>BAMIX MAXX Stabmixer Wei\u00df - dev6 Erresse<\/title>\n<meta name=\"description\" content=\"BESCHREIBUNG Schweizer Pr\u00e4zision in einer kleinen K\u00fcchenmaschine. Erh\u00e4ltlich in der st\u00e4rksten Version mit 350W in 3 verschiedenen Farben schwarz, rot und\" \/>\n<meta name=\"robots\" content=\"noindex, follow, max-snippet:-1, max-image-preview:large, max-video-preview:-1\" \/>\n<meta property=\"og:locale\" content=\"de_DE\" \/>\n<meta property=\"og:type\" content=\"article\" \/>\n<meta property=\"og:title\" content=\"BAMIX MAXX Stabmixer Wei\u00df - dev6 Erresse\" \/>\n<meta property=\"og:description\" content=\"BESCHREIBUNG Schweizer Pr\u00e4zision in einer kleinen K\u00fcchenmaschine. Erh\u00e4ltlich in der st\u00e4rksten Version mit 350W in 3 verschiedenen Farben schwarz, rot und\" \/>\n<meta property=\"og:url\" content=\"https:\/\/dev6.erresse-shop.it\/de\/shop\/kleine-elektrogeraete\/mixer\/bamix-maxx-stabmixer-weiss\/\" \/>\n<meta property=\"og:site_name\" content=\"dev6 Erresse\" \/>\n<meta property=\"og:image\" content=\"https:\/\/interpim.erresse-shop.it\/Import\/Prodotti\/bamix-maxx-bianco.jpg\" \/><meta property=\"og:image\" content=\"https:\/\/interpim.erresse-shop.it\/Import\/Prodotti\/bamix-maxx-bianco.jpg\" \/>\n\t<meta property=\"og:image:width\" content=\"1024\" \/>\n\t<meta property=\"og:image:height\" content=\"1024\" \/>\n\t<meta property=\"og:image:type\" content=\"image\/jpeg\" \/>\n<meta name=\"twitter:card\" content=\"summary_large_image\" \/>\n<meta name=\"twitter:image\" content=\"https:\/\/interpim.erresse-shop.it\/Import\/Prodotti\/bamix-maxx-bianco.jpg\" \/>\n<script type=\"application\/ld+json\" class=\"yoast-schema-graph\">{\"@context\":\"https:\/\/schema.org\",\"@graph\":[{\"@type\":\"WebPage\",\"@id\":\"https:\/\/dev6.erresse-shop.it\/de\/shop\/kleine-elektrogeraete\/mixer\/bamix-maxx-stabmixer-weiss\/\",\"url\":\"https:\/\/dev6.erresse-shop.it\/de\/shop\/kleine-elektrogeraete\/mixer\/bamix-maxx-stabmixer-weiss\/\",\"name\":\"BAMIX MAXX Stabmixer Wei\u00df - dev6 Erresse\",\"isPartOf\":{\"@id\":\"https:\/\/dev6.erresse-shop.it\/#website\"},\"primaryImageOfPage\":{\"@id\":\"https:\/\/dev6.erresse-shop.it\/de\/shop\/kleine-elektrogeraete\/mixer\/bamix-maxx-stabmixer-weiss\/#primaryimage\"},\"image\":{\"@id\":\"https:\/\/dev6.erresse-shop.it\/de\/shop\/kleine-elektrogeraete\/mixer\/bamix-maxx-stabmixer-weiss\/#primaryimage\"},\"thumbnailUrl\":\"https:\/\/i0.wp.com\/interpim.erresse-shop.it\/Import\/Prodotti\/bamix-maxx-bianco.jpg?ssl=1\",\"datePublished\":\"2026-04-12T08:24:28+00:00\",\"description\":\"BESCHREIBUNG Schweizer Pr\u00e4zision in einer kleinen K\u00fcchenmaschine. Erh\u00e4ltlich in der st\u00e4rksten Version mit 350W in 3 verschiedenen Farben schwarz, rot und\",\"breadcrumb\":{\"@id\":\"https:\/\/dev6.erresse-shop.it\/de\/shop\/kleine-elektrogeraete\/mixer\/bamix-maxx-stabmixer-weiss\/#breadcrumb\"},\"inLanguage\":\"de\",\"potentialAction\":[{\"@type\":\"ReadAction\",\"target\":[\"https:\/\/dev6.erresse-shop.it\/de\/shop\/kleine-elektrogeraete\/mixer\/bamix-maxx-stabmixer-weiss\/\"]}]},{\"@type\":\"ImageObject\",\"inLanguage\":\"de\",\"@id\":\"https:\/\/dev6.erresse-shop.it\/de\/shop\/kleine-elektrogeraete\/mixer\/bamix-maxx-stabmixer-weiss\/#primaryimage\",\"url\":\"https:\/\/i0.wp.com\/interpim.erresse-shop.it\/Import\/Prodotti\/bamix-maxx-bianco.jpg?ssl=1\",\"contentUrl\":\"https:\/\/i0.wp.com\/interpim.erresse-shop.it\/Import\/Prodotti\/bamix-maxx-bianco.jpg?ssl=1\"},{\"@type\":\"BreadcrumbList\",\"@id\":\"https:\/\/dev6.erresse-shop.it\/de\/shop\/kleine-elektrogeraete\/mixer\/bamix-maxx-stabmixer-weiss\/#breadcrumb\",\"itemListElement\":[{\"@type\":\"ListItem\",\"position\":1,\"name\":\"Home\",\"item\":\"https:\/\/dev6.erresse-shop.it\/\"},{\"@type\":\"ListItem\",\"position\":2,\"name\":\"Shop\",\"item\":\"https:\/\/dev6.erresse-shop.it\/shop\/\"},{\"@type\":\"ListItem\",\"position\":3,\"name\":\"BAMIX MAXX Stabmixer Wei\u00df\"}]},{\"@type\":\"WebSite\",\"@id\":\"https:\/\/dev6.erresse-shop.it\/#website\",\"url\":\"https:\/\/dev6.erresse-shop.it\/\",\"name\":\"Erresse Shop\",\"description\":\"\",\"publisher\":{\"@id\":\"https:\/\/dev6.erresse-shop.it\/#organization\"},\"potentialAction\":[{\"@type\":\"SearchAction\",\"target\":{\"@type\":\"EntryPoint\",\"urlTemplate\":\"https:\/\/dev6.erresse-shop.it\/?s={search_term_string}\"},\"query-input\":{\"@type\":\"PropertyValueSpecification\",\"valueRequired\":true,\"valueName\":\"search_term_string\"}}],\"inLanguage\":\"de\"},{\"@type\":\"Organization\",\"@id\":\"https:\/\/dev6.erresse-shop.it\/#organization\",\"name\":\"Erresse Shop\",\"url\":\"https:\/\/dev6.erresse-shop.it\/\",\"logo\":{\"@type\":\"ImageObject\",\"inLanguage\":\"de\",\"@id\":\"https:\/\/dev6.erresse-shop.it\/#\/schema\/logo\/image\/\",\"url\":\"https:\/\/dev6.erresse-shop.it\/wp-content\/uploads\/2025\/01\/LOGO-ERRESSE-CLASSICO.svg\",\"contentUrl\":\"https:\/\/dev6.erresse-shop.it\/wp-content\/uploads\/2025\/01\/LOGO-ERRESSE-CLASSICO.svg\",\"caption\":\"Erresse Shop\"},\"image\":{\"@id\":\"https:\/\/dev6.erresse-shop.it\/#\/schema\/logo\/image\/\"}}]}<\/script>\n<!-- \/ Yoast SEO plugin. -->","yoast_head_json":{"title":"BAMIX MAXX Stabmixer Wei\u00df - dev6 Erresse","description":"BESCHREIBUNG Schweizer Pr\u00e4zision in einer kleinen K\u00fcchenmaschine. Erh\u00e4ltlich in der st\u00e4rksten Version mit 350W in 3 verschiedenen Farben schwarz, rot und","robots":{"index":"noindex","follow":"follow","max-snippet":"max-snippet:-1","max-image-preview":"max-image-preview:large","max-video-preview":"max-video-preview:-1"},"og_locale":"de_DE","og_type":"article","og_title":"BAMIX MAXX Stabmixer Wei\u00df - dev6 Erresse","og_description":"BESCHREIBUNG Schweizer Pr\u00e4zision in einer kleinen K\u00fcchenmaschine. Erh\u00e4ltlich in der st\u00e4rksten Version mit 350W in 3 verschiedenen Farben schwarz, rot und","og_url":"https:\/\/dev6.erresse-shop.it\/de\/shop\/kleine-elektrogeraete\/mixer\/bamix-maxx-stabmixer-weiss\/","og_site_name":"dev6 Erresse","og_image":[{"url":"https:\/\/interpim.erresse-shop.it\/Import\/Prodotti\/bamix-maxx-bianco.jpg","type":"","width":"","height":""},{"url":"https:\/\/interpim.erresse-shop.it\/Import\/Prodotti\/bamix-maxx-bianco.jpg","width":1024,"height":1024,"type":"image\/jpeg"}],"twitter_card":"summary_large_image","twitter_image":"https:\/\/interpim.erresse-shop.it\/Import\/Prodotti\/bamix-maxx-bianco.jpg","schema":{"@context":"https:\/\/schema.org","@graph":[{"@type":"WebPage","@id":"https:\/\/dev6.erresse-shop.it\/de\/shop\/kleine-elektrogeraete\/mixer\/bamix-maxx-stabmixer-weiss\/","url":"https:\/\/dev6.erresse-shop.it\/de\/shop\/kleine-elektrogeraete\/mixer\/bamix-maxx-stabmixer-weiss\/","name":"BAMIX MAXX Stabmixer Wei\u00df - dev6 Erresse","isPartOf":{"@id":"https:\/\/dev6.erresse-shop.it\/#website"},"primaryImageOfPage":{"@id":"https:\/\/dev6.erresse-shop.it\/de\/shop\/kleine-elektrogeraete\/mixer\/bamix-maxx-stabmixer-weiss\/#primaryimage"},"image":{"@id":"https:\/\/dev6.erresse-shop.it\/de\/shop\/kleine-elektrogeraete\/mixer\/bamix-maxx-stabmixer-weiss\/#primaryimage"},"thumbnailUrl":"https:\/\/i0.wp.com\/interpim.erresse-shop.it\/Import\/Prodotti\/bamix-maxx-bianco.jpg?ssl=1","datePublished":"2026-04-12T08:24:28+00:00","description":"BESCHREIBUNG Schweizer Pr\u00e4zision in einer kleinen K\u00fcchenmaschine. Erh\u00e4ltlich in der st\u00e4rksten Version mit 350W in 3 verschiedenen Farben schwarz, rot und","breadcrumb":{"@id":"https:\/\/dev6.erresse-shop.it\/de\/shop\/kleine-elektrogeraete\/mixer\/bamix-maxx-stabmixer-weiss\/#breadcrumb"},"inLanguage":"de","potentialAction":[{"@type":"ReadAction","target":["https:\/\/dev6.erresse-shop.it\/de\/shop\/kleine-elektrogeraete\/mixer\/bamix-maxx-stabmixer-weiss\/"]}]},{"@type":"ImageObject","inLanguage":"de","@id":"https:\/\/dev6.erresse-shop.it\/de\/shop\/kleine-elektrogeraete\/mixer\/bamix-maxx-stabmixer-weiss\/#primaryimage","url":"https:\/\/i0.wp.com\/interpim.erresse-shop.it\/Import\/Prodotti\/bamix-maxx-bianco.jpg?ssl=1","contentUrl":"https:\/\/i0.wp.com\/interpim.erresse-shop.it\/Import\/Prodotti\/bamix-maxx-bianco.jpg?ssl=1"},{"@type":"BreadcrumbList","@id":"https:\/\/dev6.erresse-shop.it\/de\/shop\/kleine-elektrogeraete\/mixer\/bamix-maxx-stabmixer-weiss\/#breadcrumb","itemListElement":[{"@type":"ListItem","position":1,"name":"Home","item":"https:\/\/dev6.erresse-shop.it\/"},{"@type":"ListItem","position":2,"name":"Shop","item":"https:\/\/dev6.erresse-shop.it\/shop\/"},{"@type":"ListItem","position":3,"name":"BAMIX MAXX Stabmixer Wei\u00df"}]},{"@type":"WebSite","@id":"https:\/\/dev6.erresse-shop.it\/#website","url":"https:\/\/dev6.erresse-shop.it\/","name":"Erresse Shop","description":"","publisher":{"@id":"https:\/\/dev6.erresse-shop.it\/#organization"},"potentialAction":[{"@type":"SearchAction","target":{"@type":"EntryPoint","urlTemplate":"https:\/\/dev6.erresse-shop.it\/?s={search_term_string}"},"query-input":{"@type":"PropertyValueSpecification","valueRequired":true,"valueName":"search_term_string"}}],"inLanguage":"de"},{"@type":"Organization","@id":"https:\/\/dev6.erresse-shop.it\/#organization","name":"Erresse Shop","url":"https:\/\/dev6.erresse-shop.it\/","logo":{"@type":"ImageObject","inLanguage":"de","@id":"https:\/\/dev6.erresse-shop.it\/#\/schema\/logo\/image\/","url":"https:\/\/dev6.erresse-shop.it\/wp-content\/uploads\/2025\/01\/LOGO-ERRESSE-CLASSICO.svg","contentUrl":"https:\/\/dev6.erresse-shop.it\/wp-content\/uploads\/2025\/01\/LOGO-ERRESSE-CLASSICO.svg","caption":"Erresse Shop"},"image":{"@id":"https:\/\/dev6.erresse-shop.it\/#\/schema\/logo\/image\/"}}]}},"df_price":239,"df_sale_price":"","df_regular_price":239,"df_image_link":"https:\/\/i0.wp.com\/interpim.erresse-shop.it\/Import\/Prodotti\/bamix-maxx-bianco.jpg?resize=300,300&ssl=1","fifu_image_url":"https:\/\/interpim.erresse-shop.it\/Import\/Prodotti\/bamix-maxx-bianco.jpg","_links":{"self":[{"href":"https:\/\/dev6.erresse-shop.it\/de\/wp-json\/wp\/v2\/product\/54128","targetHints":{"allow":["GET"]}}],"collection":[{"href":"https:\/\/dev6.erresse-shop.it\/de\/wp-json\/wp\/v2\/product"}],"about":[{"href":"https:\/\/dev6.erresse-shop.it\/de\/wp-json\/wp\/v2\/types\/product"}],"wp:featuredmedia":[{"embeddable":true,"href":"https:\/\/dev6.erresse-shop.it\/de\/wp-json\/wp\/v2\/media\/6366074"}],"wp:attachment":[{"href":"https:\/\/dev6.erresse-shop.it\/de\/wp-json\/wp\/v2\/media?parent=54128"}],"wp:term":[{"taxonomy":"product_cat","embeddable":true,"href":"https:\/\/dev6.erresse-shop.it\/de\/wp-json\/wp\/v2\/product_cat?post=54128"},{"taxonomy":"product_tag","embeddable":true,"href":"https:\/\/dev6.erresse-shop.it\/de\/wp-json\/wp\/v2\/product_tag?post=54128"}],"curies":[{"name":"wp","href":"https:\/\/api.w.org\/{rel}","templated":true}]}}