{"id":54110,"date":"2026-04-12T10:22:38","date_gmt":"2026-04-12T08:22:38","guid":{"rendered":"https:\/\/dev6.erresse-shop.it\/shop\/unkategorisiert\/emile-henry-feu-doux-tajine-32-cm\/"},"modified":"2025-09-14T01:37:19","modified_gmt":"2025-09-13T23:37:19","slug":"emile-henry-feu-doux-tajine-32-cm","status":"publish","type":"product","link":"https:\/\/dev6.erresse-shop.it\/de\/shop\/toepfe-pfannen\/tajine-de\/emile-henry-feu-doux-tajine-32-cm\/","title":{"rendered":"EMILE HENRY Feu Doux Tajine 32 cm"},"content":{"rendered":"<p>Mit der Blue Ceramic Flame Tajine k\u00f6nnen Sie k\u00f6stliche Tajine-Rezepte und andere gekochte Gerichte auf dem Herd oder im Backofen zubereiten. Sie kann auf Gas-, Elektro- oder Halogenkochfeldern (mit einer Relaisscheibe f\u00fcr Induktion) und im Backofen verwendet werden.<br \/>\nDie Keramikflamme wurde speziell f\u00fcr das sanfte Garen von Aromen entwickelt.<br \/>\nDie Form des Deckels ist einzigartig: Sie l\u00e4sst den Dampf w\u00e4hrend des Garens zirkulieren und sorgt so f\u00fcr ein weiches und zartes Ergebnis mit konzentriertem Geschmack. Die klaren Linien des kegelf\u00f6rmigen Deckels und des gro\u00dfz\u00fcgigen Bodens sorgen f\u00fcr ein elegantes und farbenfrohes Tafelservice, das alle Rezepte, ob exotisch oder eher traditionell, bereichert.<\/p>\n<p>Mit einer nat\u00fcrlichen Glasur versehen, ist sie leicht zu reinigen und sp\u00fclmaschinenfest.<br \/>\nSeine Gr\u00f6\u00dfe ist ideal f\u00fcr 6 bis 10 Personen.<br \/>\nAlle Produkte von Emile Henry werden in Frankreich hergestellt und haben eine Garantie von 10 Jahren.<\/p>\n<p>Eine weitere Exklusivit\u00e4t von Emile Henry ist die Flammenkeramik, eine Keramik, die die Hitze noch intensiver verteilt und daher die ideale Wahl f\u00fcr alle Arten des langsamen Kochens ist. Aus diesem Grund hat Emile Henry eine Reihe von Tajinen entwickelt, die genau f\u00fcr diese Art des Kochens geeignet sind. Dank dieser Tajine, die mit einem Deckel ausgestattet ist, k\u00f6nnen die Speisen unter Ausnutzung der Hitze gegart werden, so dass ihr Geschmack und ihre N\u00e4hrstoffe optimal erhalten bleiben.<\/p>\n<p>Merkmale:<\/p>\n<p>Kratz- und sto\u00dffest<br \/>\nSp\u00fclmaschinentauglich<br \/>\nZubereitung f\u00fcr 6 \u2013 10 Personen<br \/>\nDirektes Kochen auf Gas-, Glaskeramik-, Halogen-, Elektro- und Induktionskochfeldern, im Backofen und in der Mikrowelle<br \/>\nFlammkeramik frei von Blei, Cadmium und Nickel<br \/>\nMaximale Temperatur 450\u00b0C<br \/>\nMin. Temperatur -20<br \/>\n10 Jahre Garantie<br \/>\nNutzbares Fassungsverm\u00f6gen: 3 Liter<br \/>\nGesamtvolumen: 5 Liter<br \/>\nAbmessungen: Durchmesser \u00d8 32 x 23 h cm, Innenh\u00f6he von 7 cm, Innendurchmesser von 28,5 cm<br \/>\nGewicht: 3,5 kg<\/p>\n<p>Hergestellt in Frankreich<\/p>\n","protected":false},"excerpt":{"rendered":"<p>Mit der Blue Ceramic Flame Tajine k\u00f6nnen Sie k\u00f6stliche Tajine-Rezepte und andere gekochte Gerichte auf dem Herd oder im Backofen zubereiten. Sie kann auf Gas-, Elektro- oder Halogenkochfeldern (mit einer Relaisscheibe f\u00fcr Induktion) und im Backofen verwendet werden. Die Keramikflamme wurde speziell f\u00fcr das sanfte Garen von Aromen entwickelt. Die Form des Deckels ist einzigartig: [&hellip;]<\/p>\n","protected":false},"featured_media":6366041,"template":"","meta":{"_acf_changed":false},"product_cat":[11667,12133,12099],"product_tag":[],"class_list":{"0":"post-54110","1":"product","2":"type-product","3":"status-publish","4":"has-post-thumbnail","6":"product_cat-padelle-pentole","7":"product_cat-tajine-de","8":"product_cat-toepfe-pfannen","10":"first","11":"instock","12":"sale","13":"taxable","14":"shipping-taxable","15":"purchasable","16":"product-type-simple","swatches":"rey-swatches","show_selected":"","stretch_labels":"rey-swatches--stretch-labels"},"acf":[],"yoast_head":"<!-- This site is optimized with the Yoast SEO plugin v25.4 - https:\/\/yoast.com\/wordpress\/plugins\/seo\/ -->\n<title>EMILE HENRY Feu Doux Tajine 32 cm - dev6 Erresse<\/title>\n<meta name=\"description\" content=\"Mit der Blue Ceramic Flame Tajine k\u00f6nnen Sie k\u00f6stliche Tajine-Rezepte und andere gekochte Gerichte auf dem Herd oder im Backofen zubereiten. Sie kann auf\" \/>\n<meta name=\"robots\" content=\"noindex, follow, max-snippet:-1, max-image-preview:large, max-video-preview:-1\" \/>\n<meta property=\"og:locale\" content=\"de_DE\" \/>\n<meta property=\"og:type\" content=\"article\" \/>\n<meta property=\"og:title\" content=\"EMILE HENRY Feu Doux Tajine 32 cm - dev6 Erresse\" \/>\n<meta property=\"og:description\" content=\"Mit der Blue Ceramic Flame Tajine k\u00f6nnen Sie k\u00f6stliche Tajine-Rezepte und andere gekochte Gerichte auf dem Herd oder im Backofen zubereiten. Sie kann auf\" \/>\n<meta property=\"og:url\" content=\"https:\/\/dev6.erresse-shop.it\/de\/shop\/toepfe-pfannen\/tajine-de\/emile-henry-feu-doux-tajine-32-cm\/\" \/>\n<meta property=\"og:site_name\" content=\"dev6 Erresse\" \/>\n<meta property=\"og:image\" content=\"https:\/\/interpim.erresse-shop.it\/Import\/Prodotti\/emile-henry-tajine-32-cm.jpg\" \/><meta property=\"og:image\" content=\"https:\/\/interpim.erresse-shop.it\/Import\/Prodotti\/emile-henry-tajine-32-cm.jpg\" \/>\n\t<meta property=\"og:image:width\" content=\"1024\" \/>\n\t<meta property=\"og:image:height\" content=\"1024\" \/>\n\t<meta property=\"og:image:type\" content=\"image\/jpeg\" \/>\n<meta name=\"twitter:card\" content=\"summary_large_image\" \/>\n<meta name=\"twitter:image\" content=\"https:\/\/interpim.erresse-shop.it\/Import\/Prodotti\/emile-henry-tajine-32-cm.jpg\" \/>\n<script type=\"application\/ld+json\" class=\"yoast-schema-graph\">{\"@context\":\"https:\/\/schema.org\",\"@graph\":[{\"@type\":\"WebPage\",\"@id\":\"https:\/\/dev6.erresse-shop.it\/de\/shop\/toepfe-pfannen\/tajine-de\/emile-henry-feu-doux-tajine-32-cm\/\",\"url\":\"https:\/\/dev6.erresse-shop.it\/de\/shop\/toepfe-pfannen\/tajine-de\/emile-henry-feu-doux-tajine-32-cm\/\",\"name\":\"EMILE HENRY Feu Doux Tajine 32 cm - dev6 Erresse\",\"isPartOf\":{\"@id\":\"https:\/\/dev6.erresse-shop.it\/#website\"},\"primaryImageOfPage\":{\"@id\":\"https:\/\/dev6.erresse-shop.it\/de\/shop\/toepfe-pfannen\/tajine-de\/emile-henry-feu-doux-tajine-32-cm\/#primaryimage\"},\"image\":{\"@id\":\"https:\/\/dev6.erresse-shop.it\/de\/shop\/toepfe-pfannen\/tajine-de\/emile-henry-feu-doux-tajine-32-cm\/#primaryimage\"},\"thumbnailUrl\":\"https:\/\/i2.wp.com\/interpim.erresse-shop.it\/Import\/Prodotti\/emile-henry-tajine-32-cm.jpg?ssl=1\",\"datePublished\":\"2026-04-12T08:22:38+00:00\",\"description\":\"Mit der Blue Ceramic Flame Tajine k\u00f6nnen Sie k\u00f6stliche Tajine-Rezepte und andere gekochte Gerichte auf dem Herd oder im Backofen zubereiten. Sie kann auf\",\"breadcrumb\":{\"@id\":\"https:\/\/dev6.erresse-shop.it\/de\/shop\/toepfe-pfannen\/tajine-de\/emile-henry-feu-doux-tajine-32-cm\/#breadcrumb\"},\"inLanguage\":\"de\",\"potentialAction\":[{\"@type\":\"ReadAction\",\"target\":[\"https:\/\/dev6.erresse-shop.it\/de\/shop\/toepfe-pfannen\/tajine-de\/emile-henry-feu-doux-tajine-32-cm\/\"]}]},{\"@type\":\"ImageObject\",\"inLanguage\":\"de\",\"@id\":\"https:\/\/dev6.erresse-shop.it\/de\/shop\/toepfe-pfannen\/tajine-de\/emile-henry-feu-doux-tajine-32-cm\/#primaryimage\",\"url\":\"https:\/\/i2.wp.com\/interpim.erresse-shop.it\/Import\/Prodotti\/emile-henry-tajine-32-cm.jpg?ssl=1\",\"contentUrl\":\"https:\/\/i2.wp.com\/interpim.erresse-shop.it\/Import\/Prodotti\/emile-henry-tajine-32-cm.jpg?ssl=1\"},{\"@type\":\"BreadcrumbList\",\"@id\":\"https:\/\/dev6.erresse-shop.it\/de\/shop\/toepfe-pfannen\/tajine-de\/emile-henry-feu-doux-tajine-32-cm\/#breadcrumb\",\"itemListElement\":[{\"@type\":\"ListItem\",\"position\":1,\"name\":\"Home\",\"item\":\"https:\/\/dev6.erresse-shop.it\/\"},{\"@type\":\"ListItem\",\"position\":2,\"name\":\"Shop\",\"item\":\"https:\/\/dev6.erresse-shop.it\/shop\/\"},{\"@type\":\"ListItem\",\"position\":3,\"name\":\"EMILE HENRY Feu Doux Tajine 32 cm\"}]},{\"@type\":\"WebSite\",\"@id\":\"https:\/\/dev6.erresse-shop.it\/#website\",\"url\":\"https:\/\/dev6.erresse-shop.it\/\",\"name\":\"Erresse Shop\",\"description\":\"\",\"publisher\":{\"@id\":\"https:\/\/dev6.erresse-shop.it\/#organization\"},\"potentialAction\":[{\"@type\":\"SearchAction\",\"target\":{\"@type\":\"EntryPoint\",\"urlTemplate\":\"https:\/\/dev6.erresse-shop.it\/?s={search_term_string}\"},\"query-input\":{\"@type\":\"PropertyValueSpecification\",\"valueRequired\":true,\"valueName\":\"search_term_string\"}}],\"inLanguage\":\"de\"},{\"@type\":\"Organization\",\"@id\":\"https:\/\/dev6.erresse-shop.it\/#organization\",\"name\":\"Erresse Shop\",\"url\":\"https:\/\/dev6.erresse-shop.it\/\",\"logo\":{\"@type\":\"ImageObject\",\"inLanguage\":\"de\",\"@id\":\"https:\/\/dev6.erresse-shop.it\/#\/schema\/logo\/image\/\",\"url\":\"https:\/\/dev6.erresse-shop.it\/wp-content\/uploads\/2025\/01\/LOGO-ERRESSE-CLASSICO.svg\",\"contentUrl\":\"https:\/\/dev6.erresse-shop.it\/wp-content\/uploads\/2025\/01\/LOGO-ERRESSE-CLASSICO.svg\",\"caption\":\"Erresse Shop\"},\"image\":{\"@id\":\"https:\/\/dev6.erresse-shop.it\/#\/schema\/logo\/image\/\"}}]}<\/script>\n<!-- \/ Yoast SEO plugin. -->","yoast_head_json":{"title":"EMILE HENRY Feu Doux Tajine 32 cm - dev6 Erresse","description":"Mit der Blue Ceramic Flame Tajine k\u00f6nnen Sie k\u00f6stliche Tajine-Rezepte und andere gekochte Gerichte auf dem Herd oder im Backofen zubereiten. Sie kann auf","robots":{"index":"noindex","follow":"follow","max-snippet":"max-snippet:-1","max-image-preview":"max-image-preview:large","max-video-preview":"max-video-preview:-1"},"og_locale":"de_DE","og_type":"article","og_title":"EMILE HENRY Feu Doux Tajine 32 cm - dev6 Erresse","og_description":"Mit der Blue Ceramic Flame Tajine k\u00f6nnen Sie k\u00f6stliche Tajine-Rezepte und andere gekochte Gerichte auf dem Herd oder im Backofen zubereiten. Sie kann auf","og_url":"https:\/\/dev6.erresse-shop.it\/de\/shop\/toepfe-pfannen\/tajine-de\/emile-henry-feu-doux-tajine-32-cm\/","og_site_name":"dev6 Erresse","og_image":[{"url":"https:\/\/interpim.erresse-shop.it\/Import\/Prodotti\/emile-henry-tajine-32-cm.jpg","type":"","width":"","height":""},{"url":"https:\/\/interpim.erresse-shop.it\/Import\/Prodotti\/emile-henry-tajine-32-cm.jpg","width":1024,"height":1024,"type":"image\/jpeg"}],"twitter_card":"summary_large_image","twitter_image":"https:\/\/interpim.erresse-shop.it\/Import\/Prodotti\/emile-henry-tajine-32-cm.jpg","schema":{"@context":"https:\/\/schema.org","@graph":[{"@type":"WebPage","@id":"https:\/\/dev6.erresse-shop.it\/de\/shop\/toepfe-pfannen\/tajine-de\/emile-henry-feu-doux-tajine-32-cm\/","url":"https:\/\/dev6.erresse-shop.it\/de\/shop\/toepfe-pfannen\/tajine-de\/emile-henry-feu-doux-tajine-32-cm\/","name":"EMILE HENRY Feu Doux Tajine 32 cm - dev6 Erresse","isPartOf":{"@id":"https:\/\/dev6.erresse-shop.it\/#website"},"primaryImageOfPage":{"@id":"https:\/\/dev6.erresse-shop.it\/de\/shop\/toepfe-pfannen\/tajine-de\/emile-henry-feu-doux-tajine-32-cm\/#primaryimage"},"image":{"@id":"https:\/\/dev6.erresse-shop.it\/de\/shop\/toepfe-pfannen\/tajine-de\/emile-henry-feu-doux-tajine-32-cm\/#primaryimage"},"thumbnailUrl":"https:\/\/i2.wp.com\/interpim.erresse-shop.it\/Import\/Prodotti\/emile-henry-tajine-32-cm.jpg?ssl=1","datePublished":"2026-04-12T08:22:38+00:00","description":"Mit der Blue Ceramic Flame Tajine k\u00f6nnen Sie k\u00f6stliche Tajine-Rezepte und andere gekochte Gerichte auf dem Herd oder im Backofen zubereiten. Sie kann auf","breadcrumb":{"@id":"https:\/\/dev6.erresse-shop.it\/de\/shop\/toepfe-pfannen\/tajine-de\/emile-henry-feu-doux-tajine-32-cm\/#breadcrumb"},"inLanguage":"de","potentialAction":[{"@type":"ReadAction","target":["https:\/\/dev6.erresse-shop.it\/de\/shop\/toepfe-pfannen\/tajine-de\/emile-henry-feu-doux-tajine-32-cm\/"]}]},{"@type":"ImageObject","inLanguage":"de","@id":"https:\/\/dev6.erresse-shop.it\/de\/shop\/toepfe-pfannen\/tajine-de\/emile-henry-feu-doux-tajine-32-cm\/#primaryimage","url":"https:\/\/i2.wp.com\/interpim.erresse-shop.it\/Import\/Prodotti\/emile-henry-tajine-32-cm.jpg?ssl=1","contentUrl":"https:\/\/i2.wp.com\/interpim.erresse-shop.it\/Import\/Prodotti\/emile-henry-tajine-32-cm.jpg?ssl=1"},{"@type":"BreadcrumbList","@id":"https:\/\/dev6.erresse-shop.it\/de\/shop\/toepfe-pfannen\/tajine-de\/emile-henry-feu-doux-tajine-32-cm\/#breadcrumb","itemListElement":[{"@type":"ListItem","position":1,"name":"Home","item":"https:\/\/dev6.erresse-shop.it\/"},{"@type":"ListItem","position":2,"name":"Shop","item":"https:\/\/dev6.erresse-shop.it\/shop\/"},{"@type":"ListItem","position":3,"name":"EMILE HENRY Feu Doux Tajine 32 cm"}]},{"@type":"WebSite","@id":"https:\/\/dev6.erresse-shop.it\/#website","url":"https:\/\/dev6.erresse-shop.it\/","name":"Erresse Shop","description":"","publisher":{"@id":"https:\/\/dev6.erresse-shop.it\/#organization"},"potentialAction":[{"@type":"SearchAction","target":{"@type":"EntryPoint","urlTemplate":"https:\/\/dev6.erresse-shop.it\/?s={search_term_string}"},"query-input":{"@type":"PropertyValueSpecification","valueRequired":true,"valueName":"search_term_string"}}],"inLanguage":"de"},{"@type":"Organization","@id":"https:\/\/dev6.erresse-shop.it\/#organization","name":"Erresse Shop","url":"https:\/\/dev6.erresse-shop.it\/","logo":{"@type":"ImageObject","inLanguage":"de","@id":"https:\/\/dev6.erresse-shop.it\/#\/schema\/logo\/image\/","url":"https:\/\/dev6.erresse-shop.it\/wp-content\/uploads\/2025\/01\/LOGO-ERRESSE-CLASSICO.svg","contentUrl":"https:\/\/dev6.erresse-shop.it\/wp-content\/uploads\/2025\/01\/LOGO-ERRESSE-CLASSICO.svg","caption":"Erresse Shop"},"image":{"@id":"https:\/\/dev6.erresse-shop.it\/#\/schema\/logo\/image\/"}}]}},"df_price":92.95,"df_sale_price":92.95,"df_regular_price":124,"df_image_link":"https:\/\/i2.wp.com\/interpim.erresse-shop.it\/Import\/Prodotti\/emile-henry-tajine-32-cm.jpg?resize=300,300&ssl=1","fifu_image_url":"https:\/\/interpim.erresse-shop.it\/Import\/Prodotti\/emile-henry-tajine-32-cm.jpg","_links":{"self":[{"href":"https:\/\/dev6.erresse-shop.it\/de\/wp-json\/wp\/v2\/product\/54110","targetHints":{"allow":["GET"]}}],"collection":[{"href":"https:\/\/dev6.erresse-shop.it\/de\/wp-json\/wp\/v2\/product"}],"about":[{"href":"https:\/\/dev6.erresse-shop.it\/de\/wp-json\/wp\/v2\/types\/product"}],"wp:featuredmedia":[{"embeddable":true,"href":"https:\/\/dev6.erresse-shop.it\/de\/wp-json\/wp\/v2\/media\/6366041"}],"wp:attachment":[{"href":"https:\/\/dev6.erresse-shop.it\/de\/wp-json\/wp\/v2\/media?parent=54110"}],"wp:term":[{"taxonomy":"product_cat","embeddable":true,"href":"https:\/\/dev6.erresse-shop.it\/de\/wp-json\/wp\/v2\/product_cat?post=54110"},{"taxonomy":"product_tag","embeddable":true,"href":"https:\/\/dev6.erresse-shop.it\/de\/wp-json\/wp\/v2\/product_tag?post=54110"}],"curies":[{"name":"wp","href":"https:\/\/api.w.org\/{rel}","templated":true}]}}