{"id":54098,"date":"2026-04-12T10:22:38","date_gmt":"2026-04-12T08:22:38","guid":{"rendered":"https:\/\/dev6.erresse-shop.it\/shop\/unkategorisiert\/berkel-set-4-steakmesser-rot\/"},"modified":"2025-07-03T21:24:59","modified_gmt":"2025-07-03T19:24:59","slug":"berkel-set-4-steakmesser-rot","status":"publish","type":"product","link":"https:\/\/dev6.erresse-shop.it\/de\/shop\/kuche\/messer\/kuechenmesser\/berkel-set-4-steakmesser-rot\/","title":{"rendered":"BERKEL Set 4 Steakmesser Rot"},"content":{"rendered":"<p>4ER-SET TISCHMESSER F\u00dcR FLEISCHGERICHTE<\/p>\n<p>Der Farbtrend kommt auf Ihren Tisch! Ein kurzes, handliches Steakmesser mit leichter, kr\u00e4ftiger Klinge zum Schneiden aller Arten von Fleisch und mehr! Dank seiner Spitze und Sch\u00e4rfe k\u00f6nnen Sie damit gekochtes Fleisch pr\u00e4zise schneiden, ohne dass es zu Br\u00fcchen kommt. Dank des korrosionsbest\u00e4ndigen Stahls l\u00e4sst es sich leicht nachsch\u00e4rfen.<\/p>\n<p>EIN EVERGREEN, DIE FARBE SCHWARZ, ELEGANT, RAFFINIERT UND GENIAL WIE SPAGHETTI MIT TINTENFISCHTINTE!<\/p>\n<p>Set mit 4 Tafelmessern f\u00fcr Fleisch, Fisch, Vorspeisen und mehr! Das Set besteht aus Steakmessern mit glatter Klinge und schwarzem Griff mit matter Oberfl\u00e4che, kurz und handlich. Dank der Spitze und der Sch\u00e4rfe k\u00f6nnen Sie gekochtes Fleisch pr\u00e4zise schneiden und das Ausfransen begrenzen. Diese Berkel-Stahlmesser sind korrosionsbest\u00e4ndig und reiben nicht an der Keramik des Tellers, Eigenschaften, die f\u00fcr den t\u00e4glichen Gebrauch notwendig sind und eine lange Lebensdauer garantieren.<\/p>\n<p>Hergestellt in Italien<\/p>\n<p>KLINGE:<\/p>\n<p>Klinge aus rostfreiem martensitischem Stahl Aperam MA4 (AISI 420c) \u2013 1.4034. AISI 420 ist die am h\u00e4ufigsten verwendete martensitische Stahlsorte f\u00fcr Bestecke, da sie eine gute Korrosionsbest\u00e4ndigkeit aufweist und sich leicht sch\u00e4rfen l\u00e4sst.<br \/>\nH\u00e4rte nach der W\u00e4rmebehandlung 56 hrc<br \/>\nDicke der Klinge 2,25 mm<br \/>\nGlatte Klinge<br \/>\nBerkel-Logo auf der Klinge eingraviert<\/p>\n<p>GRIFFE<\/p>\n<p>Thermoplastisches Polymer mit einer Temperaturbest\u00e4ndigkeit von max. 120\u00b0C.<br \/>\nMatte Oberfl\u00e4che<\/p>\n<p>DICHTUNGSSTIFTE<\/p>\n<p>Stift aus rostfreiem Stahl AISI 303, vernietet<\/p>\n<p>VERWENDUNG und PFLEGE<\/p>\n<p>Sp\u00fclmaschinenfest<br \/>\nKeine scheuernden Stoffe oder Schw\u00e4mme verwenden<\/p>\n<p>Gewicht 266 g<\/p>\n<p>Gr\u00f6\u00dfe der Klinge 11 cm<br \/>\nGesamtl\u00e4nge 23,50 cm<br \/>\nKlingenmaterial Rostfreier Stahl<br \/>\nGriff Thermoplastisches Polymer, hochtemperaturbest\u00e4ndig bis max. 120\u00b0C<\/p>\n","protected":false},"excerpt":{"rendered":"<p>4ER-SET TISCHMESSER F\u00dcR FLEISCHGERICHTE Der Farbtrend kommt auf Ihren Tisch! Ein kurzes, handliches Steakmesser mit leichter, kr\u00e4ftiger Klinge zum Schneiden aller Arten von Fleisch und mehr! Dank seiner Spitze und Sch\u00e4rfe k\u00f6nnen Sie damit gekochtes Fleisch pr\u00e4zise schneiden, ohne dass es zu Br\u00fcchen kommt. Dank des korrosionsbest\u00e4ndigen Stahls l\u00e4sst es sich leicht nachsch\u00e4rfen. EIN EVERGREEN, [&hellip;]<\/p>\n","protected":false},"featured_media":6365978,"template":"","meta":{"_acf_changed":false},"product_cat":[12100,12105],"product_tag":[],"class_list":{"0":"post-54098","1":"product","2":"type-product","3":"status-publish","4":"has-post-thumbnail","6":"product_cat-kuche","7":"product_cat-kuechenmesser","9":"first","10":"instock","11":"sale","12":"taxable","13":"shipping-taxable","14":"purchasable","15":"product-type-simple","swatches":"rey-swatches","show_selected":"","stretch_labels":"rey-swatches--stretch-labels"},"acf":[],"yoast_head":"<!-- This site is optimized with the Yoast SEO plugin v25.4 - https:\/\/yoast.com\/wordpress\/plugins\/seo\/ -->\n<title>BERKEL Set 4 Steakmesser Rot - dev6 Erresse<\/title>\n<meta name=\"description\" content=\"4ER-SET TISCHMESSER F\u00dcR FLEISCHGERICHTE Der Farbtrend kommt auf Ihren Tisch! Ein kurzes, handliches Steakmesser mit leichter, kr\u00e4ftiger Klinge zum\" \/>\n<meta name=\"robots\" content=\"noindex, follow, max-snippet:-1, max-image-preview:large, max-video-preview:-1\" \/>\n<meta property=\"og:locale\" content=\"de_DE\" \/>\n<meta property=\"og:type\" content=\"article\" \/>\n<meta property=\"og:title\" content=\"BERKEL Set 4 Steakmesser Rot - dev6 Erresse\" \/>\n<meta property=\"og:description\" content=\"4ER-SET TISCHMESSER F\u00dcR FLEISCHGERICHTE Der Farbtrend kommt auf Ihren Tisch! Ein kurzes, handliches Steakmesser mit leichter, kr\u00e4ftiger Klinge zum\" \/>\n<meta property=\"og:url\" content=\"https:\/\/dev6.erresse-shop.it\/de\/shop\/kuche\/messer\/kuechenmesser\/berkel-set-4-steakmesser-rot\/\" \/>\n<meta property=\"og:site_name\" content=\"dev6 Erresse\" \/>\n<meta property=\"og:image\" content=\"https:\/\/interpim.erresse-shop.it\/Import\/Prodotti\/berkel-set-4-coltelli-bistecca-rosso.jpg\" \/><meta property=\"og:image\" content=\"https:\/\/interpim.erresse-shop.it\/Import\/Prodotti\/berkel-set-4-coltelli-bistecca-rosso.jpg\" \/>\n\t<meta property=\"og:image:width\" content=\"1024\" \/>\n\t<meta property=\"og:image:height\" content=\"1024\" \/>\n\t<meta property=\"og:image:type\" content=\"image\/jpeg\" \/>\n<meta name=\"twitter:card\" content=\"summary_large_image\" \/>\n<meta name=\"twitter:image\" content=\"https:\/\/interpim.erresse-shop.it\/Import\/Prodotti\/berkel-set-4-coltelli-bistecca-rosso.jpg\" \/>\n<script type=\"application\/ld+json\" class=\"yoast-schema-graph\">{\"@context\":\"https:\/\/schema.org\",\"@graph\":[{\"@type\":\"WebPage\",\"@id\":\"https:\/\/dev6.erresse-shop.it\/de\/shop\/kuche\/messer\/kuechenmesser\/berkel-set-4-steakmesser-rot\/\",\"url\":\"https:\/\/dev6.erresse-shop.it\/de\/shop\/kuche\/messer\/kuechenmesser\/berkel-set-4-steakmesser-rot\/\",\"name\":\"BERKEL Set 4 Steakmesser Rot - dev6 Erresse\",\"isPartOf\":{\"@id\":\"https:\/\/dev6.erresse-shop.it\/#website\"},\"primaryImageOfPage\":{\"@id\":\"https:\/\/dev6.erresse-shop.it\/de\/shop\/kuche\/messer\/kuechenmesser\/berkel-set-4-steakmesser-rot\/#primaryimage\"},\"image\":{\"@id\":\"https:\/\/dev6.erresse-shop.it\/de\/shop\/kuche\/messer\/kuechenmesser\/berkel-set-4-steakmesser-rot\/#primaryimage\"},\"thumbnailUrl\":\"https:\/\/i1.wp.com\/interpim.erresse-shop.it\/Import\/Prodotti\/berkel-set-4-coltelli-bistecca-rosso.jpg?ssl=1\",\"datePublished\":\"2026-04-12T08:22:38+00:00\",\"description\":\"4ER-SET TISCHMESSER F\u00dcR FLEISCHGERICHTE Der Farbtrend kommt auf Ihren Tisch! Ein kurzes, handliches Steakmesser mit leichter, kr\u00e4ftiger Klinge zum\",\"breadcrumb\":{\"@id\":\"https:\/\/dev6.erresse-shop.it\/de\/shop\/kuche\/messer\/kuechenmesser\/berkel-set-4-steakmesser-rot\/#breadcrumb\"},\"inLanguage\":\"de\",\"potentialAction\":[{\"@type\":\"ReadAction\",\"target\":[\"https:\/\/dev6.erresse-shop.it\/de\/shop\/kuche\/messer\/kuechenmesser\/berkel-set-4-steakmesser-rot\/\"]}]},{\"@type\":\"ImageObject\",\"inLanguage\":\"de\",\"@id\":\"https:\/\/dev6.erresse-shop.it\/de\/shop\/kuche\/messer\/kuechenmesser\/berkel-set-4-steakmesser-rot\/#primaryimage\",\"url\":\"https:\/\/i1.wp.com\/interpim.erresse-shop.it\/Import\/Prodotti\/berkel-set-4-coltelli-bistecca-rosso.jpg?ssl=1\",\"contentUrl\":\"https:\/\/i1.wp.com\/interpim.erresse-shop.it\/Import\/Prodotti\/berkel-set-4-coltelli-bistecca-rosso.jpg?ssl=1\"},{\"@type\":\"BreadcrumbList\",\"@id\":\"https:\/\/dev6.erresse-shop.it\/de\/shop\/kuche\/messer\/kuechenmesser\/berkel-set-4-steakmesser-rot\/#breadcrumb\",\"itemListElement\":[{\"@type\":\"ListItem\",\"position\":1,\"name\":\"Home\",\"item\":\"https:\/\/dev6.erresse-shop.it\/\"},{\"@type\":\"ListItem\",\"position\":2,\"name\":\"Shop\",\"item\":\"https:\/\/dev6.erresse-shop.it\/shop\/\"},{\"@type\":\"ListItem\",\"position\":3,\"name\":\"BERKEL Set 4 Steakmesser Rot\"}]},{\"@type\":\"WebSite\",\"@id\":\"https:\/\/dev6.erresse-shop.it\/#website\",\"url\":\"https:\/\/dev6.erresse-shop.it\/\",\"name\":\"Erresse Shop\",\"description\":\"\",\"publisher\":{\"@id\":\"https:\/\/dev6.erresse-shop.it\/#organization\"},\"potentialAction\":[{\"@type\":\"SearchAction\",\"target\":{\"@type\":\"EntryPoint\",\"urlTemplate\":\"https:\/\/dev6.erresse-shop.it\/?s={search_term_string}\"},\"query-input\":{\"@type\":\"PropertyValueSpecification\",\"valueRequired\":true,\"valueName\":\"search_term_string\"}}],\"inLanguage\":\"de\"},{\"@type\":\"Organization\",\"@id\":\"https:\/\/dev6.erresse-shop.it\/#organization\",\"name\":\"Erresse Shop\",\"url\":\"https:\/\/dev6.erresse-shop.it\/\",\"logo\":{\"@type\":\"ImageObject\",\"inLanguage\":\"de\",\"@id\":\"https:\/\/dev6.erresse-shop.it\/#\/schema\/logo\/image\/\",\"url\":\"https:\/\/dev6.erresse-shop.it\/wp-content\/uploads\/2025\/01\/LOGO-ERRESSE-CLASSICO.svg\",\"contentUrl\":\"https:\/\/dev6.erresse-shop.it\/wp-content\/uploads\/2025\/01\/LOGO-ERRESSE-CLASSICO.svg\",\"caption\":\"Erresse Shop\"},\"image\":{\"@id\":\"https:\/\/dev6.erresse-shop.it\/#\/schema\/logo\/image\/\"}}]}<\/script>\n<!-- \/ Yoast SEO plugin. -->","yoast_head_json":{"title":"BERKEL Set 4 Steakmesser Rot - dev6 Erresse","description":"4ER-SET TISCHMESSER F\u00dcR FLEISCHGERICHTE Der Farbtrend kommt auf Ihren Tisch! Ein kurzes, handliches Steakmesser mit leichter, kr\u00e4ftiger Klinge zum","robots":{"index":"noindex","follow":"follow","max-snippet":"max-snippet:-1","max-image-preview":"max-image-preview:large","max-video-preview":"max-video-preview:-1"},"og_locale":"de_DE","og_type":"article","og_title":"BERKEL Set 4 Steakmesser Rot - dev6 Erresse","og_description":"4ER-SET TISCHMESSER F\u00dcR FLEISCHGERICHTE Der Farbtrend kommt auf Ihren Tisch! Ein kurzes, handliches Steakmesser mit leichter, kr\u00e4ftiger Klinge zum","og_url":"https:\/\/dev6.erresse-shop.it\/de\/shop\/kuche\/messer\/kuechenmesser\/berkel-set-4-steakmesser-rot\/","og_site_name":"dev6 Erresse","og_image":[{"url":"https:\/\/interpim.erresse-shop.it\/Import\/Prodotti\/berkel-set-4-coltelli-bistecca-rosso.jpg","type":"","width":"","height":""},{"url":"https:\/\/interpim.erresse-shop.it\/Import\/Prodotti\/berkel-set-4-coltelli-bistecca-rosso.jpg","width":1024,"height":1024,"type":"image\/jpeg"}],"twitter_card":"summary_large_image","twitter_image":"https:\/\/interpim.erresse-shop.it\/Import\/Prodotti\/berkel-set-4-coltelli-bistecca-rosso.jpg","schema":{"@context":"https:\/\/schema.org","@graph":[{"@type":"WebPage","@id":"https:\/\/dev6.erresse-shop.it\/de\/shop\/kuche\/messer\/kuechenmesser\/berkel-set-4-steakmesser-rot\/","url":"https:\/\/dev6.erresse-shop.it\/de\/shop\/kuche\/messer\/kuechenmesser\/berkel-set-4-steakmesser-rot\/","name":"BERKEL Set 4 Steakmesser Rot - dev6 Erresse","isPartOf":{"@id":"https:\/\/dev6.erresse-shop.it\/#website"},"primaryImageOfPage":{"@id":"https:\/\/dev6.erresse-shop.it\/de\/shop\/kuche\/messer\/kuechenmesser\/berkel-set-4-steakmesser-rot\/#primaryimage"},"image":{"@id":"https:\/\/dev6.erresse-shop.it\/de\/shop\/kuche\/messer\/kuechenmesser\/berkel-set-4-steakmesser-rot\/#primaryimage"},"thumbnailUrl":"https:\/\/i1.wp.com\/interpim.erresse-shop.it\/Import\/Prodotti\/berkel-set-4-coltelli-bistecca-rosso.jpg?ssl=1","datePublished":"2026-04-12T08:22:38+00:00","description":"4ER-SET TISCHMESSER F\u00dcR FLEISCHGERICHTE Der Farbtrend kommt auf Ihren Tisch! Ein kurzes, handliches Steakmesser mit leichter, kr\u00e4ftiger Klinge zum","breadcrumb":{"@id":"https:\/\/dev6.erresse-shop.it\/de\/shop\/kuche\/messer\/kuechenmesser\/berkel-set-4-steakmesser-rot\/#breadcrumb"},"inLanguage":"de","potentialAction":[{"@type":"ReadAction","target":["https:\/\/dev6.erresse-shop.it\/de\/shop\/kuche\/messer\/kuechenmesser\/berkel-set-4-steakmesser-rot\/"]}]},{"@type":"ImageObject","inLanguage":"de","@id":"https:\/\/dev6.erresse-shop.it\/de\/shop\/kuche\/messer\/kuechenmesser\/berkel-set-4-steakmesser-rot\/#primaryimage","url":"https:\/\/i1.wp.com\/interpim.erresse-shop.it\/Import\/Prodotti\/berkel-set-4-coltelli-bistecca-rosso.jpg?ssl=1","contentUrl":"https:\/\/i1.wp.com\/interpim.erresse-shop.it\/Import\/Prodotti\/berkel-set-4-coltelli-bistecca-rosso.jpg?ssl=1"},{"@type":"BreadcrumbList","@id":"https:\/\/dev6.erresse-shop.it\/de\/shop\/kuche\/messer\/kuechenmesser\/berkel-set-4-steakmesser-rot\/#breadcrumb","itemListElement":[{"@type":"ListItem","position":1,"name":"Home","item":"https:\/\/dev6.erresse-shop.it\/"},{"@type":"ListItem","position":2,"name":"Shop","item":"https:\/\/dev6.erresse-shop.it\/shop\/"},{"@type":"ListItem","position":3,"name":"BERKEL Set 4 Steakmesser Rot"}]},{"@type":"WebSite","@id":"https:\/\/dev6.erresse-shop.it\/#website","url":"https:\/\/dev6.erresse-shop.it\/","name":"Erresse Shop","description":"","publisher":{"@id":"https:\/\/dev6.erresse-shop.it\/#organization"},"potentialAction":[{"@type":"SearchAction","target":{"@type":"EntryPoint","urlTemplate":"https:\/\/dev6.erresse-shop.it\/?s={search_term_string}"},"query-input":{"@type":"PropertyValueSpecification","valueRequired":true,"valueName":"search_term_string"}}],"inLanguage":"de"},{"@type":"Organization","@id":"https:\/\/dev6.erresse-shop.it\/#organization","name":"Erresse Shop","url":"https:\/\/dev6.erresse-shop.it\/","logo":{"@type":"ImageObject","inLanguage":"de","@id":"https:\/\/dev6.erresse-shop.it\/#\/schema\/logo\/image\/","url":"https:\/\/dev6.erresse-shop.it\/wp-content\/uploads\/2025\/01\/LOGO-ERRESSE-CLASSICO.svg","contentUrl":"https:\/\/dev6.erresse-shop.it\/wp-content\/uploads\/2025\/01\/LOGO-ERRESSE-CLASSICO.svg","caption":"Erresse Shop"},"image":{"@id":"https:\/\/dev6.erresse-shop.it\/#\/schema\/logo\/image\/"}}]}},"df_price":57,"df_sale_price":57,"df_regular_price":69,"df_image_link":"https:\/\/i1.wp.com\/interpim.erresse-shop.it\/Import\/Prodotti\/berkel-set-4-coltelli-bistecca-rosso.jpg?resize=300,300&ssl=1","fifu_image_url":"https:\/\/interpim.erresse-shop.it\/Import\/Prodotti\/berkel-set-4-coltelli-bistecca-rosso.jpg","_links":{"self":[{"href":"https:\/\/dev6.erresse-shop.it\/de\/wp-json\/wp\/v2\/product\/54098","targetHints":{"allow":["GET"]}}],"collection":[{"href":"https:\/\/dev6.erresse-shop.it\/de\/wp-json\/wp\/v2\/product"}],"about":[{"href":"https:\/\/dev6.erresse-shop.it\/de\/wp-json\/wp\/v2\/types\/product"}],"wp:featuredmedia":[{"embeddable":true,"href":"https:\/\/dev6.erresse-shop.it\/de\/wp-json\/wp\/v2\/media\/6365978"}],"wp:attachment":[{"href":"https:\/\/dev6.erresse-shop.it\/de\/wp-json\/wp\/v2\/media?parent=54098"}],"wp:term":[{"taxonomy":"product_cat","embeddable":true,"href":"https:\/\/dev6.erresse-shop.it\/de\/wp-json\/wp\/v2\/product_cat?post=54098"},{"taxonomy":"product_tag","embeddable":true,"href":"https:\/\/dev6.erresse-shop.it\/de\/wp-json\/wp\/v2\/product_tag?post=54098"}],"curies":[{"name":"wp","href":"https:\/\/api.w.org\/{rel}","templated":true}]}}