{"id":54092,"date":"2026-04-12T10:22:38","date_gmt":"2026-04-12T08:22:38","guid":{"rendered":"https:\/\/dev6.erresse-shop.it\/shop\/unkategorisiert\/instant-pot-duo-crisp-e-air-fryer-8l-stahl\/"},"modified":"2025-11-22T17:49:40","modified_gmt":"2025-11-22T16:49:40","slug":"instant-pot-duo-crisp-e-air-fryer-8l-stahl","status":"publish","type":"product","link":"https:\/\/dev6.erresse-shop.it\/de\/shop\/kleine-elektrogeraete\/kuechenmaschinen\/instant-pot-duo-crisp-e-air-fryer-8l-stahl\/","title":{"rendered":"INSTANT POT Duo Crisp e Air Fryer 8L Stahl"},"content":{"rendered":"<p>Ideal f\u00fcr bis zu 8 Personen.<\/p>\n<p>Schnellkochtopf, Slow Cooker, Dampfkochtopf, Sous-Vide-Garen, Bratentopf, Sauteuse, Backofen, Speisenw\u00e4rmer, Fritteuse, Grill und D\u00f6rrger\u00e4t.<br \/>\nMaterial: Deckel und Innentopf aus Edelstahl, Au\u00dfentopf aus geb\u00fcrstetem Edelstahl.<\/p>\n<p>11 anpassbare Programme Smart one-touch standard:<\/p>\n<p>Druckkochen<br \/>\nSautieren\/Grillen<br \/>\nlangsames Garen<br \/>\nd\u00e4mpfend<br \/>\nSous-vide<br \/>\nFrittieren an der Luft<br \/>\nR\u00f6stung<br \/>\nTorten<br \/>\nGrillen<br \/>\nDehydrierung<br \/>\nwarmhaltend<\/p>\n<p>TECHNISCHE MERKMALE:<\/p>\n<p>Fassungsverm\u00f6gen: 8 l<br \/>\nLeistung: 1500W<br \/>\nStromversorgung: 220V<\/p>\n","protected":false},"excerpt":{"rendered":"<p>Ideal f\u00fcr bis zu 8 Personen. Schnellkochtopf, Slow Cooker, Dampfkochtopf, Sous-Vide-Garen, Bratentopf, Sauteuse, Backofen, Speisenw\u00e4rmer, Fritteuse, Grill und D\u00f6rrger\u00e4t. Material: Deckel und Innentopf aus Edelstahl, Au\u00dfentopf aus geb\u00fcrstetem Edelstahl. 11 anpassbare Programme Smart one-touch standard: Druckkochen Sautieren\/Grillen langsames Garen d\u00e4mpfend Sous-vide Frittieren an der Luft R\u00f6stung Torten Grillen Dehydrierung warmhaltend TECHNISCHE MERKMALE: Fassungsverm\u00f6gen: 8 l [&hellip;]<\/p>\n","protected":false},"featured_media":6365952,"template":"","meta":{"_acf_changed":false},"product_cat":[12163,12174],"product_tag":[],"class_list":{"0":"post-54092","1":"product","2":"type-product","3":"status-publish","4":"has-post-thumbnail","6":"product_cat-kleine-elektrogeraete","7":"product_cat-kuechenmaschinen","9":"first","10":"instock","11":"sale","12":"taxable","13":"shipping-taxable","14":"purchasable","15":"product-type-simple","swatches":"rey-swatches","show_selected":"","stretch_labels":"rey-swatches--stretch-labels"},"acf":[],"yoast_head":"<!-- This site is optimized with the Yoast SEO plugin v25.4 - https:\/\/yoast.com\/wordpress\/plugins\/seo\/ -->\n<title>INSTANT POT Duo Crisp e Air Fryer 8L Stahl - dev6 Erresse<\/title>\n<meta name=\"description\" content=\"Ideal f\u00fcr bis zu 8 Personen. Schnellkochtopf, Slow Cooker, Dampfkochtopf, Sous-Vide-Garen, Bratentopf, Sauteuse, Backofen, Speisenw\u00e4rmer, Fritteuse, Grill\" \/>\n<meta name=\"robots\" content=\"noindex, follow, max-snippet:-1, max-image-preview:large, max-video-preview:-1\" \/>\n<meta property=\"og:locale\" content=\"de_DE\" \/>\n<meta property=\"og:type\" content=\"article\" \/>\n<meta property=\"og:title\" content=\"INSTANT POT Duo Crisp e Air Fryer 8L Stahl - dev6 Erresse\" \/>\n<meta property=\"og:description\" content=\"Ideal f\u00fcr bis zu 8 Personen. Schnellkochtopf, Slow Cooker, Dampfkochtopf, Sous-Vide-Garen, Bratentopf, Sauteuse, Backofen, Speisenw\u00e4rmer, Fritteuse, Grill\" \/>\n<meta property=\"og:url\" content=\"https:\/\/dev6.erresse-shop.it\/de\/shop\/kleine-elektrogeraete\/kuechenmaschinen\/instant-pot-duo-crisp-e-air-fryer-8l-stahl\/\" \/>\n<meta property=\"og:site_name\" content=\"dev6 Erresse\" \/>\n<meta property=\"og:image\" content=\"https:\/\/interpim.erresse-shop.it\/Import\/Prodotti\/instant-pot-duo-crisp-e-air-fryer-8l-acciaio.jpg\" \/><meta property=\"og:image\" content=\"https:\/\/interpim.erresse-shop.it\/Import\/Prodotti\/instant-pot-duo-crisp-e-air-fryer-8l-acciaio.jpg\" \/>\n\t<meta property=\"og:image:width\" content=\"1024\" \/>\n\t<meta property=\"og:image:height\" content=\"1024\" \/>\n\t<meta property=\"og:image:type\" content=\"image\/jpeg\" \/>\n<meta name=\"twitter:card\" content=\"summary_large_image\" \/>\n<meta name=\"twitter:image\" content=\"https:\/\/interpim.erresse-shop.it\/Import\/Prodotti\/instant-pot-duo-crisp-e-air-fryer-8l-acciaio.jpg\" \/>\n<script type=\"application\/ld+json\" class=\"yoast-schema-graph\">{\"@context\":\"https:\/\/schema.org\",\"@graph\":[{\"@type\":\"WebPage\",\"@id\":\"https:\/\/dev6.erresse-shop.it\/de\/shop\/kleine-elektrogeraete\/kuechenmaschinen\/instant-pot-duo-crisp-e-air-fryer-8l-stahl\/\",\"url\":\"https:\/\/dev6.erresse-shop.it\/de\/shop\/kleine-elektrogeraete\/kuechenmaschinen\/instant-pot-duo-crisp-e-air-fryer-8l-stahl\/\",\"name\":\"INSTANT POT Duo Crisp e Air Fryer 8L Stahl - dev6 Erresse\",\"isPartOf\":{\"@id\":\"https:\/\/dev6.erresse-shop.it\/#website\"},\"primaryImageOfPage\":{\"@id\":\"https:\/\/dev6.erresse-shop.it\/de\/shop\/kleine-elektrogeraete\/kuechenmaschinen\/instant-pot-duo-crisp-e-air-fryer-8l-stahl\/#primaryimage\"},\"image\":{\"@id\":\"https:\/\/dev6.erresse-shop.it\/de\/shop\/kleine-elektrogeraete\/kuechenmaschinen\/instant-pot-duo-crisp-e-air-fryer-8l-stahl\/#primaryimage\"},\"thumbnailUrl\":\"https:\/\/i2.wp.com\/interpim.erresse-shop.it\/Import\/Prodotti\/instant-pot-duo-crisp-e-air-fryer-8l-acciaio.jpg?ssl=1\",\"datePublished\":\"2026-04-12T08:22:38+00:00\",\"description\":\"Ideal f\u00fcr bis zu 8 Personen. Schnellkochtopf, Slow Cooker, Dampfkochtopf, Sous-Vide-Garen, Bratentopf, Sauteuse, Backofen, Speisenw\u00e4rmer, Fritteuse, Grill\",\"breadcrumb\":{\"@id\":\"https:\/\/dev6.erresse-shop.it\/de\/shop\/kleine-elektrogeraete\/kuechenmaschinen\/instant-pot-duo-crisp-e-air-fryer-8l-stahl\/#breadcrumb\"},\"inLanguage\":\"de\",\"potentialAction\":[{\"@type\":\"ReadAction\",\"target\":[\"https:\/\/dev6.erresse-shop.it\/de\/shop\/kleine-elektrogeraete\/kuechenmaschinen\/instant-pot-duo-crisp-e-air-fryer-8l-stahl\/\"]}]},{\"@type\":\"ImageObject\",\"inLanguage\":\"de\",\"@id\":\"https:\/\/dev6.erresse-shop.it\/de\/shop\/kleine-elektrogeraete\/kuechenmaschinen\/instant-pot-duo-crisp-e-air-fryer-8l-stahl\/#primaryimage\",\"url\":\"https:\/\/i2.wp.com\/interpim.erresse-shop.it\/Import\/Prodotti\/instant-pot-duo-crisp-e-air-fryer-8l-acciaio.jpg?ssl=1\",\"contentUrl\":\"https:\/\/i2.wp.com\/interpim.erresse-shop.it\/Import\/Prodotti\/instant-pot-duo-crisp-e-air-fryer-8l-acciaio.jpg?ssl=1\"},{\"@type\":\"BreadcrumbList\",\"@id\":\"https:\/\/dev6.erresse-shop.it\/de\/shop\/kleine-elektrogeraete\/kuechenmaschinen\/instant-pot-duo-crisp-e-air-fryer-8l-stahl\/#breadcrumb\",\"itemListElement\":[{\"@type\":\"ListItem\",\"position\":1,\"name\":\"Home\",\"item\":\"https:\/\/dev6.erresse-shop.it\/\"},{\"@type\":\"ListItem\",\"position\":2,\"name\":\"Shop\",\"item\":\"https:\/\/dev6.erresse-shop.it\/shop\/\"},{\"@type\":\"ListItem\",\"position\":3,\"name\":\"INSTANT POT Duo Crisp e Air Fryer 8L Stahl\"}]},{\"@type\":\"WebSite\",\"@id\":\"https:\/\/dev6.erresse-shop.it\/#website\",\"url\":\"https:\/\/dev6.erresse-shop.it\/\",\"name\":\"Erresse Shop\",\"description\":\"\",\"publisher\":{\"@id\":\"https:\/\/dev6.erresse-shop.it\/#organization\"},\"potentialAction\":[{\"@type\":\"SearchAction\",\"target\":{\"@type\":\"EntryPoint\",\"urlTemplate\":\"https:\/\/dev6.erresse-shop.it\/?s={search_term_string}\"},\"query-input\":{\"@type\":\"PropertyValueSpecification\",\"valueRequired\":true,\"valueName\":\"search_term_string\"}}],\"inLanguage\":\"de\"},{\"@type\":\"Organization\",\"@id\":\"https:\/\/dev6.erresse-shop.it\/#organization\",\"name\":\"Erresse Shop\",\"url\":\"https:\/\/dev6.erresse-shop.it\/\",\"logo\":{\"@type\":\"ImageObject\",\"inLanguage\":\"de\",\"@id\":\"https:\/\/dev6.erresse-shop.it\/#\/schema\/logo\/image\/\",\"url\":\"https:\/\/dev6.erresse-shop.it\/wp-content\/uploads\/2025\/01\/LOGO-ERRESSE-CLASSICO.svg\",\"contentUrl\":\"https:\/\/dev6.erresse-shop.it\/wp-content\/uploads\/2025\/01\/LOGO-ERRESSE-CLASSICO.svg\",\"caption\":\"Erresse Shop\"},\"image\":{\"@id\":\"https:\/\/dev6.erresse-shop.it\/#\/schema\/logo\/image\/\"}}]}<\/script>\n<!-- \/ Yoast SEO plugin. -->","yoast_head_json":{"title":"INSTANT POT Duo Crisp e Air Fryer 8L Stahl - dev6 Erresse","description":"Ideal f\u00fcr bis zu 8 Personen. Schnellkochtopf, Slow Cooker, Dampfkochtopf, Sous-Vide-Garen, Bratentopf, Sauteuse, Backofen, Speisenw\u00e4rmer, Fritteuse, Grill","robots":{"index":"noindex","follow":"follow","max-snippet":"max-snippet:-1","max-image-preview":"max-image-preview:large","max-video-preview":"max-video-preview:-1"},"og_locale":"de_DE","og_type":"article","og_title":"INSTANT POT Duo Crisp e Air Fryer 8L Stahl - dev6 Erresse","og_description":"Ideal f\u00fcr bis zu 8 Personen. Schnellkochtopf, Slow Cooker, Dampfkochtopf, Sous-Vide-Garen, Bratentopf, Sauteuse, Backofen, Speisenw\u00e4rmer, Fritteuse, Grill","og_url":"https:\/\/dev6.erresse-shop.it\/de\/shop\/kleine-elektrogeraete\/kuechenmaschinen\/instant-pot-duo-crisp-e-air-fryer-8l-stahl\/","og_site_name":"dev6 Erresse","og_image":[{"url":"https:\/\/interpim.erresse-shop.it\/Import\/Prodotti\/instant-pot-duo-crisp-e-air-fryer-8l-acciaio.jpg","type":"","width":"","height":""},{"url":"https:\/\/interpim.erresse-shop.it\/Import\/Prodotti\/instant-pot-duo-crisp-e-air-fryer-8l-acciaio.jpg","width":1024,"height":1024,"type":"image\/jpeg"}],"twitter_card":"summary_large_image","twitter_image":"https:\/\/interpim.erresse-shop.it\/Import\/Prodotti\/instant-pot-duo-crisp-e-air-fryer-8l-acciaio.jpg","schema":{"@context":"https:\/\/schema.org","@graph":[{"@type":"WebPage","@id":"https:\/\/dev6.erresse-shop.it\/de\/shop\/kleine-elektrogeraete\/kuechenmaschinen\/instant-pot-duo-crisp-e-air-fryer-8l-stahl\/","url":"https:\/\/dev6.erresse-shop.it\/de\/shop\/kleine-elektrogeraete\/kuechenmaschinen\/instant-pot-duo-crisp-e-air-fryer-8l-stahl\/","name":"INSTANT POT Duo Crisp e Air Fryer 8L Stahl - dev6 Erresse","isPartOf":{"@id":"https:\/\/dev6.erresse-shop.it\/#website"},"primaryImageOfPage":{"@id":"https:\/\/dev6.erresse-shop.it\/de\/shop\/kleine-elektrogeraete\/kuechenmaschinen\/instant-pot-duo-crisp-e-air-fryer-8l-stahl\/#primaryimage"},"image":{"@id":"https:\/\/dev6.erresse-shop.it\/de\/shop\/kleine-elektrogeraete\/kuechenmaschinen\/instant-pot-duo-crisp-e-air-fryer-8l-stahl\/#primaryimage"},"thumbnailUrl":"https:\/\/i2.wp.com\/interpim.erresse-shop.it\/Import\/Prodotti\/instant-pot-duo-crisp-e-air-fryer-8l-acciaio.jpg?ssl=1","datePublished":"2026-04-12T08:22:38+00:00","description":"Ideal f\u00fcr bis zu 8 Personen. Schnellkochtopf, Slow Cooker, Dampfkochtopf, Sous-Vide-Garen, Bratentopf, Sauteuse, Backofen, Speisenw\u00e4rmer, Fritteuse, Grill","breadcrumb":{"@id":"https:\/\/dev6.erresse-shop.it\/de\/shop\/kleine-elektrogeraete\/kuechenmaschinen\/instant-pot-duo-crisp-e-air-fryer-8l-stahl\/#breadcrumb"},"inLanguage":"de","potentialAction":[{"@type":"ReadAction","target":["https:\/\/dev6.erresse-shop.it\/de\/shop\/kleine-elektrogeraete\/kuechenmaschinen\/instant-pot-duo-crisp-e-air-fryer-8l-stahl\/"]}]},{"@type":"ImageObject","inLanguage":"de","@id":"https:\/\/dev6.erresse-shop.it\/de\/shop\/kleine-elektrogeraete\/kuechenmaschinen\/instant-pot-duo-crisp-e-air-fryer-8l-stahl\/#primaryimage","url":"https:\/\/i2.wp.com\/interpim.erresse-shop.it\/Import\/Prodotti\/instant-pot-duo-crisp-e-air-fryer-8l-acciaio.jpg?ssl=1","contentUrl":"https:\/\/i2.wp.com\/interpim.erresse-shop.it\/Import\/Prodotti\/instant-pot-duo-crisp-e-air-fryer-8l-acciaio.jpg?ssl=1"},{"@type":"BreadcrumbList","@id":"https:\/\/dev6.erresse-shop.it\/de\/shop\/kleine-elektrogeraete\/kuechenmaschinen\/instant-pot-duo-crisp-e-air-fryer-8l-stahl\/#breadcrumb","itemListElement":[{"@type":"ListItem","position":1,"name":"Home","item":"https:\/\/dev6.erresse-shop.it\/"},{"@type":"ListItem","position":2,"name":"Shop","item":"https:\/\/dev6.erresse-shop.it\/shop\/"},{"@type":"ListItem","position":3,"name":"INSTANT POT Duo Crisp e Air Fryer 8L Stahl"}]},{"@type":"WebSite","@id":"https:\/\/dev6.erresse-shop.it\/#website","url":"https:\/\/dev6.erresse-shop.it\/","name":"Erresse Shop","description":"","publisher":{"@id":"https:\/\/dev6.erresse-shop.it\/#organization"},"potentialAction":[{"@type":"SearchAction","target":{"@type":"EntryPoint","urlTemplate":"https:\/\/dev6.erresse-shop.it\/?s={search_term_string}"},"query-input":{"@type":"PropertyValueSpecification","valueRequired":true,"valueName":"search_term_string"}}],"inLanguage":"de"},{"@type":"Organization","@id":"https:\/\/dev6.erresse-shop.it\/#organization","name":"Erresse Shop","url":"https:\/\/dev6.erresse-shop.it\/","logo":{"@type":"ImageObject","inLanguage":"de","@id":"https:\/\/dev6.erresse-shop.it\/#\/schema\/logo\/image\/","url":"https:\/\/dev6.erresse-shop.it\/wp-content\/uploads\/2025\/01\/LOGO-ERRESSE-CLASSICO.svg","contentUrl":"https:\/\/dev6.erresse-shop.it\/wp-content\/uploads\/2025\/01\/LOGO-ERRESSE-CLASSICO.svg","caption":"Erresse Shop"},"image":{"@id":"https:\/\/dev6.erresse-shop.it\/#\/schema\/logo\/image\/"}}]}},"df_price":229.95,"df_sale_price":229.95,"df_regular_price":249.99,"df_image_link":"https:\/\/i2.wp.com\/interpim.erresse-shop.it\/Import\/Prodotti\/instant-pot-duo-crisp-e-air-fryer-8l-acciaio.jpg?resize=300,300&ssl=1","fifu_image_url":"https:\/\/interpim.erresse-shop.it\/Import\/Prodotti\/instant-pot-duo-crisp-e-air-fryer-8l-acciaio.jpg","_links":{"self":[{"href":"https:\/\/dev6.erresse-shop.it\/de\/wp-json\/wp\/v2\/product\/54092","targetHints":{"allow":["GET"]}}],"collection":[{"href":"https:\/\/dev6.erresse-shop.it\/de\/wp-json\/wp\/v2\/product"}],"about":[{"href":"https:\/\/dev6.erresse-shop.it\/de\/wp-json\/wp\/v2\/types\/product"}],"wp:featuredmedia":[{"embeddable":true,"href":"https:\/\/dev6.erresse-shop.it\/de\/wp-json\/wp\/v2\/media\/6365952"}],"wp:attachment":[{"href":"https:\/\/dev6.erresse-shop.it\/de\/wp-json\/wp\/v2\/media?parent=54092"}],"wp:term":[{"taxonomy":"product_cat","embeddable":true,"href":"https:\/\/dev6.erresse-shop.it\/de\/wp-json\/wp\/v2\/product_cat?post=54092"},{"taxonomy":"product_tag","embeddable":true,"href":"https:\/\/dev6.erresse-shop.it\/de\/wp-json\/wp\/v2\/product_tag?post=54092"}],"curies":[{"name":"wp","href":"https:\/\/api.w.org\/{rel}","templated":true}]}}