{"id":54076,"date":"2026-04-12T10:22:38","date_gmt":"2026-04-12T08:22:38","guid":{"rendered":"https:\/\/dev6.erresse-shop.it\/shop\/unkategorisiert\/seletti-toiletpaper-zweisitziges-sofa-shit\/"},"modified":"2025-09-14T01:36:46","modified_gmt":"2025-09-13T23:36:46","slug":"seletti-toiletpaper-zweisitziges-sofa-shit","status":"publish","type":"product","link":"https:\/\/dev6.erresse-shop.it\/de\/shop\/einrichtung-haus\/moebel\/seletti-toiletpaper-zweisitziges-sofa-shit\/","title":{"rendered":"SELETTI Toiletpaper Zweisitziges Sofa Shit"},"content":{"rendered":"<p>Nach dem gro\u00dfen Erfolg des Sessels bekommt die Familie nun mit dem Sofa Zuwachs. Dekorieren Sie Ihr Wohnzimmer mit den ausgefallenen Mustern von TOILETPAPER und erf\u00fcllen Sie sich Ihre k\u00fchnsten Tr\u00e4ume.<\/p>\n<p>Material und Konstruktion: Polyester, Holzrahmen mit Polyurethan-Polsterung und Metall<br \/>\nMa\u00dfe: 122 x 86 h cm 42 \/ 86<br \/>\nEntwurf: Toiletpaper<\/p>\n","protected":false},"excerpt":{"rendered":"<p>Nach dem gro\u00dfen Erfolg des Sessels bekommt die Familie nun mit dem Sofa Zuwachs. Dekorieren Sie Ihr Wohnzimmer mit den ausgefallenen Mustern von TOILETPAPER und erf\u00fcllen Sie sich Ihre k\u00fchnsten Tr\u00e4ume. Material und Konstruktion: Polyester, Holzrahmen mit Polyurethan-Polsterung und Metall Ma\u00dfe: 122 x 86 h cm 42 \/ 86 Entwurf: Toiletpaper<\/p>\n","protected":false},"featured_media":6365909,"template":"","meta":{"_acf_changed":false},"product_cat":[11666,12098,12142],"product_tag":[],"class_list":{"0":"post-54076","1":"product","2":"type-product","3":"status-publish","4":"has-post-thumbnail","6":"product_cat-arredamento-casa","7":"product_cat-einrichtung-haus","8":"product_cat-moebel","10":"first","11":"instock","12":"sale","13":"taxable","14":"shipping-taxable","15":"purchasable","16":"product-type-simple","swatches":"rey-swatches","show_selected":"","stretch_labels":"rey-swatches--stretch-labels"},"acf":[],"yoast_head":"<!-- This site is optimized with the Yoast SEO plugin v25.4 - https:\/\/yoast.com\/wordpress\/plugins\/seo\/ -->\n<title>SELETTI Toiletpaper Zweisitziges Sofa Shit - dev6 Erresse<\/title>\n<meta name=\"description\" content=\"Nach dem gro\u00dfen Erfolg des Sessels bekommt die Familie nun mit dem Sofa Zuwachs. Dekorieren Sie Ihr Wohnzimmer mit den ausgefallenen Mustern von\" \/>\n<meta name=\"robots\" content=\"noindex, follow, max-snippet:-1, max-image-preview:large, max-video-preview:-1\" \/>\n<meta property=\"og:locale\" content=\"de_DE\" \/>\n<meta property=\"og:type\" content=\"article\" \/>\n<meta property=\"og:title\" content=\"SELETTI Toiletpaper Zweisitziges Sofa Shit - dev6 Erresse\" \/>\n<meta property=\"og:description\" content=\"Nach dem gro\u00dfen Erfolg des Sessels bekommt die Familie nun mit dem Sofa Zuwachs. Dekorieren Sie Ihr Wohnzimmer mit den ausgefallenen Mustern von\" \/>\n<meta property=\"og:url\" content=\"https:\/\/dev6.erresse-shop.it\/de\/shop\/einrichtung-haus\/moebel\/seletti-toiletpaper-zweisitziges-sofa-shit\/\" \/>\n<meta property=\"og:site_name\" content=\"dev6 Erresse\" \/>\n<meta property=\"og:image\" content=\"https:\/\/interpim.erresse-shop.it\/img-catalogo\/seletti\/seletti-divano-due-posti-shit.jpg\" \/><meta property=\"og:image\" content=\"https:\/\/interpim.erresse-shop.it\/img-catalogo\/seletti\/seletti-divano-due-posti-shit.jpg\" \/>\n\t<meta property=\"og:image:width\" content=\"1024\" \/>\n\t<meta property=\"og:image:height\" content=\"1024\" \/>\n\t<meta property=\"og:image:type\" content=\"image\/jpeg\" \/>\n<meta name=\"twitter:card\" content=\"summary_large_image\" \/>\n<meta name=\"twitter:image\" content=\"https:\/\/interpim.erresse-shop.it\/img-catalogo\/seletti\/seletti-divano-due-posti-shit.jpg\" \/>\n<script type=\"application\/ld+json\" class=\"yoast-schema-graph\">{\"@context\":\"https:\/\/schema.org\",\"@graph\":[{\"@type\":\"WebPage\",\"@id\":\"https:\/\/dev6.erresse-shop.it\/de\/shop\/einrichtung-haus\/moebel\/seletti-toiletpaper-zweisitziges-sofa-shit\/\",\"url\":\"https:\/\/dev6.erresse-shop.it\/de\/shop\/einrichtung-haus\/moebel\/seletti-toiletpaper-zweisitziges-sofa-shit\/\",\"name\":\"SELETTI Toiletpaper Zweisitziges Sofa Shit - dev6 Erresse\",\"isPartOf\":{\"@id\":\"https:\/\/dev6.erresse-shop.it\/#website\"},\"primaryImageOfPage\":{\"@id\":\"https:\/\/dev6.erresse-shop.it\/de\/shop\/einrichtung-haus\/moebel\/seletti-toiletpaper-zweisitziges-sofa-shit\/#primaryimage\"},\"image\":{\"@id\":\"https:\/\/dev6.erresse-shop.it\/de\/shop\/einrichtung-haus\/moebel\/seletti-toiletpaper-zweisitziges-sofa-shit\/#primaryimage\"},\"thumbnailUrl\":\"https:\/\/i3.wp.com\/interpim.erresse-shop.it\/img-catalogo\/seletti\/seletti-divano-due-posti-shit.jpg?ssl=1\",\"datePublished\":\"2026-04-12T08:22:38+00:00\",\"description\":\"Nach dem gro\u00dfen Erfolg des Sessels bekommt die Familie nun mit dem Sofa Zuwachs. Dekorieren Sie Ihr Wohnzimmer mit den ausgefallenen Mustern von\",\"breadcrumb\":{\"@id\":\"https:\/\/dev6.erresse-shop.it\/de\/shop\/einrichtung-haus\/moebel\/seletti-toiletpaper-zweisitziges-sofa-shit\/#breadcrumb\"},\"inLanguage\":\"de\",\"potentialAction\":[{\"@type\":\"ReadAction\",\"target\":[\"https:\/\/dev6.erresse-shop.it\/de\/shop\/einrichtung-haus\/moebel\/seletti-toiletpaper-zweisitziges-sofa-shit\/\"]}]},{\"@type\":\"ImageObject\",\"inLanguage\":\"de\",\"@id\":\"https:\/\/dev6.erresse-shop.it\/de\/shop\/einrichtung-haus\/moebel\/seletti-toiletpaper-zweisitziges-sofa-shit\/#primaryimage\",\"url\":\"https:\/\/i3.wp.com\/interpim.erresse-shop.it\/img-catalogo\/seletti\/seletti-divano-due-posti-shit.jpg?ssl=1\",\"contentUrl\":\"https:\/\/i3.wp.com\/interpim.erresse-shop.it\/img-catalogo\/seletti\/seletti-divano-due-posti-shit.jpg?ssl=1\"},{\"@type\":\"BreadcrumbList\",\"@id\":\"https:\/\/dev6.erresse-shop.it\/de\/shop\/einrichtung-haus\/moebel\/seletti-toiletpaper-zweisitziges-sofa-shit\/#breadcrumb\",\"itemListElement\":[{\"@type\":\"ListItem\",\"position\":1,\"name\":\"Home\",\"item\":\"https:\/\/dev6.erresse-shop.it\/\"},{\"@type\":\"ListItem\",\"position\":2,\"name\":\"Shop\",\"item\":\"https:\/\/dev6.erresse-shop.it\/shop\/\"},{\"@type\":\"ListItem\",\"position\":3,\"name\":\"SELETTI Toiletpaper Zweisitziges Sofa Shit\"}]},{\"@type\":\"WebSite\",\"@id\":\"https:\/\/dev6.erresse-shop.it\/#website\",\"url\":\"https:\/\/dev6.erresse-shop.it\/\",\"name\":\"Erresse Shop\",\"description\":\"\",\"publisher\":{\"@id\":\"https:\/\/dev6.erresse-shop.it\/#organization\"},\"potentialAction\":[{\"@type\":\"SearchAction\",\"target\":{\"@type\":\"EntryPoint\",\"urlTemplate\":\"https:\/\/dev6.erresse-shop.it\/?s={search_term_string}\"},\"query-input\":{\"@type\":\"PropertyValueSpecification\",\"valueRequired\":true,\"valueName\":\"search_term_string\"}}],\"inLanguage\":\"de\"},{\"@type\":\"Organization\",\"@id\":\"https:\/\/dev6.erresse-shop.it\/#organization\",\"name\":\"Erresse Shop\",\"url\":\"https:\/\/dev6.erresse-shop.it\/\",\"logo\":{\"@type\":\"ImageObject\",\"inLanguage\":\"de\",\"@id\":\"https:\/\/dev6.erresse-shop.it\/#\/schema\/logo\/image\/\",\"url\":\"https:\/\/dev6.erresse-shop.it\/wp-content\/uploads\/2025\/01\/LOGO-ERRESSE-CLASSICO.svg\",\"contentUrl\":\"https:\/\/dev6.erresse-shop.it\/wp-content\/uploads\/2025\/01\/LOGO-ERRESSE-CLASSICO.svg\",\"caption\":\"Erresse Shop\"},\"image\":{\"@id\":\"https:\/\/dev6.erresse-shop.it\/#\/schema\/logo\/image\/\"}}]}<\/script>\n<!-- \/ Yoast SEO plugin. -->","yoast_head_json":{"title":"SELETTI Toiletpaper Zweisitziges Sofa Shit - dev6 Erresse","description":"Nach dem gro\u00dfen Erfolg des Sessels bekommt die Familie nun mit dem Sofa Zuwachs. Dekorieren Sie Ihr Wohnzimmer mit den ausgefallenen Mustern von","robots":{"index":"noindex","follow":"follow","max-snippet":"max-snippet:-1","max-image-preview":"max-image-preview:large","max-video-preview":"max-video-preview:-1"},"og_locale":"de_DE","og_type":"article","og_title":"SELETTI Toiletpaper Zweisitziges Sofa Shit - dev6 Erresse","og_description":"Nach dem gro\u00dfen Erfolg des Sessels bekommt die Familie nun mit dem Sofa Zuwachs. Dekorieren Sie Ihr Wohnzimmer mit den ausgefallenen Mustern von","og_url":"https:\/\/dev6.erresse-shop.it\/de\/shop\/einrichtung-haus\/moebel\/seletti-toiletpaper-zweisitziges-sofa-shit\/","og_site_name":"dev6 Erresse","og_image":[{"url":"https:\/\/interpim.erresse-shop.it\/img-catalogo\/seletti\/seletti-divano-due-posti-shit.jpg","type":"","width":"","height":""},{"url":"https:\/\/interpim.erresse-shop.it\/img-catalogo\/seletti\/seletti-divano-due-posti-shit.jpg","width":1024,"height":1024,"type":"image\/jpeg"}],"twitter_card":"summary_large_image","twitter_image":"https:\/\/interpim.erresse-shop.it\/img-catalogo\/seletti\/seletti-divano-due-posti-shit.jpg","schema":{"@context":"https:\/\/schema.org","@graph":[{"@type":"WebPage","@id":"https:\/\/dev6.erresse-shop.it\/de\/shop\/einrichtung-haus\/moebel\/seletti-toiletpaper-zweisitziges-sofa-shit\/","url":"https:\/\/dev6.erresse-shop.it\/de\/shop\/einrichtung-haus\/moebel\/seletti-toiletpaper-zweisitziges-sofa-shit\/","name":"SELETTI Toiletpaper Zweisitziges Sofa Shit - dev6 Erresse","isPartOf":{"@id":"https:\/\/dev6.erresse-shop.it\/#website"},"primaryImageOfPage":{"@id":"https:\/\/dev6.erresse-shop.it\/de\/shop\/einrichtung-haus\/moebel\/seletti-toiletpaper-zweisitziges-sofa-shit\/#primaryimage"},"image":{"@id":"https:\/\/dev6.erresse-shop.it\/de\/shop\/einrichtung-haus\/moebel\/seletti-toiletpaper-zweisitziges-sofa-shit\/#primaryimage"},"thumbnailUrl":"https:\/\/i3.wp.com\/interpim.erresse-shop.it\/img-catalogo\/seletti\/seletti-divano-due-posti-shit.jpg?ssl=1","datePublished":"2026-04-12T08:22:38+00:00","description":"Nach dem gro\u00dfen Erfolg des Sessels bekommt die Familie nun mit dem Sofa Zuwachs. Dekorieren Sie Ihr Wohnzimmer mit den ausgefallenen Mustern von","breadcrumb":{"@id":"https:\/\/dev6.erresse-shop.it\/de\/shop\/einrichtung-haus\/moebel\/seletti-toiletpaper-zweisitziges-sofa-shit\/#breadcrumb"},"inLanguage":"de","potentialAction":[{"@type":"ReadAction","target":["https:\/\/dev6.erresse-shop.it\/de\/shop\/einrichtung-haus\/moebel\/seletti-toiletpaper-zweisitziges-sofa-shit\/"]}]},{"@type":"ImageObject","inLanguage":"de","@id":"https:\/\/dev6.erresse-shop.it\/de\/shop\/einrichtung-haus\/moebel\/seletti-toiletpaper-zweisitziges-sofa-shit\/#primaryimage","url":"https:\/\/i3.wp.com\/interpim.erresse-shop.it\/img-catalogo\/seletti\/seletti-divano-due-posti-shit.jpg?ssl=1","contentUrl":"https:\/\/i3.wp.com\/interpim.erresse-shop.it\/img-catalogo\/seletti\/seletti-divano-due-posti-shit.jpg?ssl=1"},{"@type":"BreadcrumbList","@id":"https:\/\/dev6.erresse-shop.it\/de\/shop\/einrichtung-haus\/moebel\/seletti-toiletpaper-zweisitziges-sofa-shit\/#breadcrumb","itemListElement":[{"@type":"ListItem","position":1,"name":"Home","item":"https:\/\/dev6.erresse-shop.it\/"},{"@type":"ListItem","position":2,"name":"Shop","item":"https:\/\/dev6.erresse-shop.it\/shop\/"},{"@type":"ListItem","position":3,"name":"SELETTI Toiletpaper Zweisitziges Sofa Shit"}]},{"@type":"WebSite","@id":"https:\/\/dev6.erresse-shop.it\/#website","url":"https:\/\/dev6.erresse-shop.it\/","name":"Erresse Shop","description":"","publisher":{"@id":"https:\/\/dev6.erresse-shop.it\/#organization"},"potentialAction":[{"@type":"SearchAction","target":{"@type":"EntryPoint","urlTemplate":"https:\/\/dev6.erresse-shop.it\/?s={search_term_string}"},"query-input":{"@type":"PropertyValueSpecification","valueRequired":true,"valueName":"search_term_string"}}],"inLanguage":"de"},{"@type":"Organization","@id":"https:\/\/dev6.erresse-shop.it\/#organization","name":"Erresse Shop","url":"https:\/\/dev6.erresse-shop.it\/","logo":{"@type":"ImageObject","inLanguage":"de","@id":"https:\/\/dev6.erresse-shop.it\/#\/schema\/logo\/image\/","url":"https:\/\/dev6.erresse-shop.it\/wp-content\/uploads\/2025\/01\/LOGO-ERRESSE-CLASSICO.svg","contentUrl":"https:\/\/dev6.erresse-shop.it\/wp-content\/uploads\/2025\/01\/LOGO-ERRESSE-CLASSICO.svg","caption":"Erresse Shop"},"image":{"@id":"https:\/\/dev6.erresse-shop.it\/#\/schema\/logo\/image\/"}}]}},"df_price":1349.95,"df_sale_price":1349.95,"df_regular_price":1859,"df_image_link":"https:\/\/i3.wp.com\/interpim.erresse-shop.it\/img-catalogo\/seletti\/seletti-divano-due-posti-shit.jpg?resize=300,300&ssl=1","fifu_image_url":"https:\/\/interpim.erresse-shop.it\/img-catalogo\/seletti\/seletti-divano-due-posti-shit.jpg","_links":{"self":[{"href":"https:\/\/dev6.erresse-shop.it\/de\/wp-json\/wp\/v2\/product\/54076","targetHints":{"allow":["GET"]}}],"collection":[{"href":"https:\/\/dev6.erresse-shop.it\/de\/wp-json\/wp\/v2\/product"}],"about":[{"href":"https:\/\/dev6.erresse-shop.it\/de\/wp-json\/wp\/v2\/types\/product"}],"wp:featuredmedia":[{"embeddable":true,"href":"https:\/\/dev6.erresse-shop.it\/de\/wp-json\/wp\/v2\/media\/6365909"}],"wp:attachment":[{"href":"https:\/\/dev6.erresse-shop.it\/de\/wp-json\/wp\/v2\/media?parent=54076"}],"wp:term":[{"taxonomy":"product_cat","embeddable":true,"href":"https:\/\/dev6.erresse-shop.it\/de\/wp-json\/wp\/v2\/product_cat?post=54076"},{"taxonomy":"product_tag","embeddable":true,"href":"https:\/\/dev6.erresse-shop.it\/de\/wp-json\/wp\/v2\/product_tag?post=54076"}],"curies":[{"name":"wp","href":"https:\/\/api.w.org\/{rel}","templated":true}]}}