{"id":54062,"date":"2026-04-12T10:20:51","date_gmt":"2026-04-12T08:20:51","guid":{"rendered":"https:\/\/dev6.erresse-shop.it\/shop\/unkategorisiert\/marcato-keksmaschine-silber\/"},"modified":"2025-09-14T01:36:20","modified_gmt":"2025-09-13T23:36:20","slug":"marcato-keksmaschine-silber","status":"publish","type":"product","link":"https:\/\/dev6.erresse-shop.it\/de\/shop\/kuche\/keksmaschinen\/marcato-keksmaschine-silber\/","title":{"rendered":"MARCATO Keksmaschine Silber"},"content":{"rendered":"<p>Biscuits ist die schnellste und unterhaltsamste Kekspresse zum Herstellen von selbstgebackenen Keksen.Mit ein paar einfachen Gesten erstellen Sie 20 verschiedene Formen und 2 Gr\u00f6\u00dfen von Keksen, die Sie nach Belieben dekorieren k\u00f6nnen. Sie werden den Geschmack, den Geruch und die Authentizit\u00e4t von frisch gebackenen Keksen wiederentdecken.<\/p>\n<p>Farbenfroh, f\u00fcr Ihre K\u00fccheBiscuits ist nicht nur ein einfacher Keksausstecher: Wir haben ein attraktives Design entwickelt, das Spa\u00df bei der Benutzung macht.Er besteht aus lebensmittelechtem, eloxiertem Aluminium in 7 verschiedenen Farben, mit Stahlringen und ABS-Komponenten.Biscuits ist solide im Gebrauch und sicher f\u00fcr Ihre Gesundheit.<\/p>\n<p>Kekse mit klassischem GeschmackDie Classic-Version der Keksmaschine beh\u00e4lt die gleichen Konstruktionsmerkmale bei, mit einfacheren Linien und einem Design, das in jede K\u00fcche passt.<\/p>\n<p>DER TEIG F\u00dcR DIE KEKSEZutaten:<\/p>\n<p>500 g Weizenmehl \u201900<br \/>\n200 g Zucker<br \/>\n250 g Butter<br \/>\n4 Eigelb<br \/>\n1 Prise Salz<br \/>\n1 kleine Tasse Milch<\/p>\n<p>Mehl, Zucker und eine Prise Salz in einer Sch\u00fcssel mischen. Das Eigelb in die Mitte geben und die Mischung mit einer Gabel verr\u00fchren. Die im Wasserbad geschmolzene Butter und die Milch hinzuf\u00fcgen und den Teig mit den H\u00e4nden kneten, bis er ganz glatt und weich ist.<\/p>\n<p>KEKSE F\u00dcR DEN GEBRAUCH VORBEREITENSchrauben Sie den Verschlussring der Form ab und heben Sie den Kolben an. Einen Teil des Teigs in den Kekszylinder einf\u00fcllen. Die gew\u00e4hlte Matrize in den Verschlussring einsetzen, wobei der erhabene Teil der Matrize nach unten zeigen muss. Schrauben Sie den Verschlussring fest auf den Zylinder. W\u00e4hlen Sie die Gr\u00f6\u00dfe der Kekse, die Sie herstellen m\u00f6chten, indem Sie die Einstellvorrichtung unterhalb des Hebels drehen.<\/p>\n<p>WIE MAN KEKSE HERSTELLTDrehen Sie den oberen Knopf, bis sich die gezahnte Seite auf der Seite des Hebels befindet. Senken Sie den Hebel ein paar Mal, bis der Teig gleichm\u00e4\u00dfig aus den L\u00f6chern in der Matrize austritt. Entfernen Sie den Teig aus der Form. Legen Sie die Kekse direkt auf das saubere Backblech, ohne Butter oder Backpapier hinzuzuf\u00fcgen. Dr\u00fccken Sie den Hebel nach unten und heben Sie die Pl\u00e4tzchen vom Backblech. Die Kekse bleiben an der Oberfl\u00e4che haften. So fortfahren, bis das gesamte Backblech gef\u00fcllt ist. Den Backofen auf etwa 180 \u00b0C vorheizen (&#61; 356 \u00b0F). Das Backblech mit den Keksen etwa 20 Minuten lang backen. Nach dem Backen die Kekse aus dem Blech nehmen und nach Belieben verzieren.<\/p>\n<p>TIPPS<\/p>\n<p>Waschen Sie vor der Verwendung des Ger\u00e4ts alle Teile in hei\u00dfem Wasser mit Sp\u00fclmittel und trocknen Sie sie sofort mit einem Tuch ab;<br \/>\nUm den Kolben anzuheben, drehen Sie den Knopf, bis die gezahnte Seite in die entgegengesetzte Richtung des Hebels zeigt;<br \/>\nTrocknen Sie alle Teile des Kekses immer sorgf\u00e4ltig ab;<br \/>\nDekorieren Sie die Kekse mit Marmelade, Schokoladenst\u00fcckchen, Zuckerguss oder kandierten Fr\u00fcchten. kandierten Fr\u00fcchten;<br \/>\nVerwenden Sie hochwertige Zutaten f\u00fcr einen kr\u00fcmeligen und schmackhaften Keks.<\/p>\n<p>PFLEGE UND WARTUNGEin paar kleine Handgriffe gen\u00fcgen, um die Biscuits-Maschine lange zu erhalten. Waschen Sie das Ger\u00e4t niemals im Wasser oder in der Sp\u00fclmaschine. Waschen Sie nach jedem Gebrauch alle Teile des Ger\u00e4ts mit warmem Wasser und Sp\u00fclmittel. Verwenden Sie eine kleine B\u00fcrste oder einen Zahnstocher, um Teigreste von den Formen und H\u00fclsen zu entfernen. Trocknen Sie die verschiedenen Teile nach dem Waschen gr\u00fcndlich mit einem Baumwolltuch ab.<\/p>\n","protected":false},"excerpt":{"rendered":"<p>Biscuits ist die schnellste und unterhaltsamste Kekspresse zum Herstellen von selbstgebackenen Keksen.Mit ein paar einfachen Gesten erstellen Sie 20 verschiedene Formen und 2 Gr\u00f6\u00dfen von Keksen, die Sie nach Belieben dekorieren k\u00f6nnen. Sie werden den Geschmack, den Geruch und die Authentizit\u00e4t von frisch gebackenen Keksen wiederentdecken. Farbenfroh, f\u00fcr Ihre K\u00fccheBiscuits ist nicht nur ein einfacher [&hellip;]<\/p>\n","protected":false},"featured_media":6365848,"template":"","meta":{"_acf_changed":false},"product_cat":[12141,12100,11709,12160],"product_tag":[],"class_list":{"0":"post-54062","1":"product","2":"type-product","3":"status-publish","4":"has-post-thumbnail","6":"product_cat-keksmaschinen","7":"product_cat-kuche","8":"product_cat-macchine-per-biscotti","9":"product_cat-nudelmaschinen","11":"first","12":"instock","13":"sale","14":"taxable","15":"shipping-taxable","16":"purchasable","17":"product-type-simple","swatches":"rey-swatches","show_selected":"","stretch_labels":"rey-swatches--stretch-labels"},"acf":[],"yoast_head":"<!-- This site is optimized with the Yoast SEO plugin v25.4 - https:\/\/yoast.com\/wordpress\/plugins\/seo\/ -->\n<title>MARCATO Keksmaschine Silber - dev6 Erresse<\/title>\n<meta name=\"description\" content=\"Biscuits ist die schnellste und unterhaltsamste Kekspresse zum Herstellen von selbstgebackenen Keksen.Mit ein paar einfachen Gesten erstellen Sie 20\" \/>\n<meta name=\"robots\" content=\"noindex, follow, max-snippet:-1, max-image-preview:large, max-video-preview:-1\" \/>\n<meta property=\"og:locale\" content=\"de_DE\" \/>\n<meta property=\"og:type\" content=\"article\" \/>\n<meta property=\"og:title\" content=\"MARCATO Keksmaschine Silber - dev6 Erresse\" \/>\n<meta property=\"og:description\" content=\"Biscuits ist die schnellste und unterhaltsamste Kekspresse zum Herstellen von selbstgebackenen Keksen.Mit ein paar einfachen Gesten erstellen Sie 20\" \/>\n<meta property=\"og:url\" content=\"https:\/\/dev6.erresse-shop.it\/de\/shop\/kuche\/keksmaschinen\/marcato-keksmaschine-silber\/\" \/>\n<meta property=\"og:site_name\" content=\"dev6 Erresse\" \/>\n<meta property=\"og:image\" content=\"https:\/\/interpim.erresse-shop.it\/Import\/Prodotti\/marcato-macchina-per-biscotti-argento.png\" \/><meta property=\"og:image\" content=\"https:\/\/interpim.erresse-shop.it\/Import\/Prodotti\/marcato-macchina-per-biscotti-argento.png\" \/>\n\t<meta property=\"og:image:width\" content=\"1024\" \/>\n\t<meta property=\"og:image:height\" content=\"1024\" \/>\n\t<meta property=\"og:image:type\" content=\"image\/jpeg\" \/>\n<meta name=\"twitter:card\" content=\"summary_large_image\" \/>\n<meta name=\"twitter:image\" content=\"https:\/\/interpim.erresse-shop.it\/Import\/Prodotti\/marcato-macchina-per-biscotti-argento.png\" \/>\n<script type=\"application\/ld+json\" class=\"yoast-schema-graph\">{\"@context\":\"https:\/\/schema.org\",\"@graph\":[{\"@type\":\"WebPage\",\"@id\":\"https:\/\/dev6.erresse-shop.it\/de\/shop\/kuche\/keksmaschinen\/marcato-keksmaschine-silber\/\",\"url\":\"https:\/\/dev6.erresse-shop.it\/de\/shop\/kuche\/keksmaschinen\/marcato-keksmaschine-silber\/\",\"name\":\"MARCATO Keksmaschine Silber - dev6 Erresse\",\"isPartOf\":{\"@id\":\"https:\/\/dev6.erresse-shop.it\/#website\"},\"primaryImageOfPage\":{\"@id\":\"https:\/\/dev6.erresse-shop.it\/de\/shop\/kuche\/keksmaschinen\/marcato-keksmaschine-silber\/#primaryimage\"},\"image\":{\"@id\":\"https:\/\/dev6.erresse-shop.it\/de\/shop\/kuche\/keksmaschinen\/marcato-keksmaschine-silber\/#primaryimage\"},\"thumbnailUrl\":\"https:\/\/i0.wp.com\/interpim.erresse-shop.it\/Import\/Prodotti\/marcato-macchina-per-biscotti-argento.png?ssl=1\",\"datePublished\":\"2026-04-12T08:20:51+00:00\",\"description\":\"Biscuits ist die schnellste und unterhaltsamste Kekspresse zum Herstellen von selbstgebackenen Keksen.Mit ein paar einfachen Gesten erstellen Sie 20\",\"breadcrumb\":{\"@id\":\"https:\/\/dev6.erresse-shop.it\/de\/shop\/kuche\/keksmaschinen\/marcato-keksmaschine-silber\/#breadcrumb\"},\"inLanguage\":\"de\",\"potentialAction\":[{\"@type\":\"ReadAction\",\"target\":[\"https:\/\/dev6.erresse-shop.it\/de\/shop\/kuche\/keksmaschinen\/marcato-keksmaschine-silber\/\"]}]},{\"@type\":\"ImageObject\",\"inLanguage\":\"de\",\"@id\":\"https:\/\/dev6.erresse-shop.it\/de\/shop\/kuche\/keksmaschinen\/marcato-keksmaschine-silber\/#primaryimage\",\"url\":\"https:\/\/i0.wp.com\/interpim.erresse-shop.it\/Import\/Prodotti\/marcato-macchina-per-biscotti-argento.png?ssl=1\",\"contentUrl\":\"https:\/\/i0.wp.com\/interpim.erresse-shop.it\/Import\/Prodotti\/marcato-macchina-per-biscotti-argento.png?ssl=1\"},{\"@type\":\"BreadcrumbList\",\"@id\":\"https:\/\/dev6.erresse-shop.it\/de\/shop\/kuche\/keksmaschinen\/marcato-keksmaschine-silber\/#breadcrumb\",\"itemListElement\":[{\"@type\":\"ListItem\",\"position\":1,\"name\":\"Home\",\"item\":\"https:\/\/dev6.erresse-shop.it\/\"},{\"@type\":\"ListItem\",\"position\":2,\"name\":\"Shop\",\"item\":\"https:\/\/dev6.erresse-shop.it\/shop\/\"},{\"@type\":\"ListItem\",\"position\":3,\"name\":\"MARCATO Keksmaschine Silber\"}]},{\"@type\":\"WebSite\",\"@id\":\"https:\/\/dev6.erresse-shop.it\/#website\",\"url\":\"https:\/\/dev6.erresse-shop.it\/\",\"name\":\"Erresse Shop\",\"description\":\"\",\"publisher\":{\"@id\":\"https:\/\/dev6.erresse-shop.it\/#organization\"},\"potentialAction\":[{\"@type\":\"SearchAction\",\"target\":{\"@type\":\"EntryPoint\",\"urlTemplate\":\"https:\/\/dev6.erresse-shop.it\/?s={search_term_string}\"},\"query-input\":{\"@type\":\"PropertyValueSpecification\",\"valueRequired\":true,\"valueName\":\"search_term_string\"}}],\"inLanguage\":\"de\"},{\"@type\":\"Organization\",\"@id\":\"https:\/\/dev6.erresse-shop.it\/#organization\",\"name\":\"Erresse Shop\",\"url\":\"https:\/\/dev6.erresse-shop.it\/\",\"logo\":{\"@type\":\"ImageObject\",\"inLanguage\":\"de\",\"@id\":\"https:\/\/dev6.erresse-shop.it\/#\/schema\/logo\/image\/\",\"url\":\"https:\/\/dev6.erresse-shop.it\/wp-content\/uploads\/2025\/01\/LOGO-ERRESSE-CLASSICO.svg\",\"contentUrl\":\"https:\/\/dev6.erresse-shop.it\/wp-content\/uploads\/2025\/01\/LOGO-ERRESSE-CLASSICO.svg\",\"caption\":\"Erresse Shop\"},\"image\":{\"@id\":\"https:\/\/dev6.erresse-shop.it\/#\/schema\/logo\/image\/\"}}]}<\/script>\n<!-- \/ Yoast SEO plugin. -->","yoast_head_json":{"title":"MARCATO Keksmaschine Silber - dev6 Erresse","description":"Biscuits ist die schnellste und unterhaltsamste Kekspresse zum Herstellen von selbstgebackenen Keksen.Mit ein paar einfachen Gesten erstellen Sie 20","robots":{"index":"noindex","follow":"follow","max-snippet":"max-snippet:-1","max-image-preview":"max-image-preview:large","max-video-preview":"max-video-preview:-1"},"og_locale":"de_DE","og_type":"article","og_title":"MARCATO Keksmaschine Silber - dev6 Erresse","og_description":"Biscuits ist die schnellste und unterhaltsamste Kekspresse zum Herstellen von selbstgebackenen Keksen.Mit ein paar einfachen Gesten erstellen Sie 20","og_url":"https:\/\/dev6.erresse-shop.it\/de\/shop\/kuche\/keksmaschinen\/marcato-keksmaschine-silber\/","og_site_name":"dev6 Erresse","og_image":[{"url":"https:\/\/interpim.erresse-shop.it\/Import\/Prodotti\/marcato-macchina-per-biscotti-argento.png","type":"","width":"","height":""},{"url":"https:\/\/interpim.erresse-shop.it\/Import\/Prodotti\/marcato-macchina-per-biscotti-argento.png","width":1024,"height":1024,"type":"image\/jpeg"}],"twitter_card":"summary_large_image","twitter_image":"https:\/\/interpim.erresse-shop.it\/Import\/Prodotti\/marcato-macchina-per-biscotti-argento.png","schema":{"@context":"https:\/\/schema.org","@graph":[{"@type":"WebPage","@id":"https:\/\/dev6.erresse-shop.it\/de\/shop\/kuche\/keksmaschinen\/marcato-keksmaschine-silber\/","url":"https:\/\/dev6.erresse-shop.it\/de\/shop\/kuche\/keksmaschinen\/marcato-keksmaschine-silber\/","name":"MARCATO Keksmaschine Silber - dev6 Erresse","isPartOf":{"@id":"https:\/\/dev6.erresse-shop.it\/#website"},"primaryImageOfPage":{"@id":"https:\/\/dev6.erresse-shop.it\/de\/shop\/kuche\/keksmaschinen\/marcato-keksmaschine-silber\/#primaryimage"},"image":{"@id":"https:\/\/dev6.erresse-shop.it\/de\/shop\/kuche\/keksmaschinen\/marcato-keksmaschine-silber\/#primaryimage"},"thumbnailUrl":"https:\/\/i0.wp.com\/interpim.erresse-shop.it\/Import\/Prodotti\/marcato-macchina-per-biscotti-argento.png?ssl=1","datePublished":"2026-04-12T08:20:51+00:00","description":"Biscuits ist die schnellste und unterhaltsamste Kekspresse zum Herstellen von selbstgebackenen Keksen.Mit ein paar einfachen Gesten erstellen Sie 20","breadcrumb":{"@id":"https:\/\/dev6.erresse-shop.it\/de\/shop\/kuche\/keksmaschinen\/marcato-keksmaschine-silber\/#breadcrumb"},"inLanguage":"de","potentialAction":[{"@type":"ReadAction","target":["https:\/\/dev6.erresse-shop.it\/de\/shop\/kuche\/keksmaschinen\/marcato-keksmaschine-silber\/"]}]},{"@type":"ImageObject","inLanguage":"de","@id":"https:\/\/dev6.erresse-shop.it\/de\/shop\/kuche\/keksmaschinen\/marcato-keksmaschine-silber\/#primaryimage","url":"https:\/\/i0.wp.com\/interpim.erresse-shop.it\/Import\/Prodotti\/marcato-macchina-per-biscotti-argento.png?ssl=1","contentUrl":"https:\/\/i0.wp.com\/interpim.erresse-shop.it\/Import\/Prodotti\/marcato-macchina-per-biscotti-argento.png?ssl=1"},{"@type":"BreadcrumbList","@id":"https:\/\/dev6.erresse-shop.it\/de\/shop\/kuche\/keksmaschinen\/marcato-keksmaschine-silber\/#breadcrumb","itemListElement":[{"@type":"ListItem","position":1,"name":"Home","item":"https:\/\/dev6.erresse-shop.it\/"},{"@type":"ListItem","position":2,"name":"Shop","item":"https:\/\/dev6.erresse-shop.it\/shop\/"},{"@type":"ListItem","position":3,"name":"MARCATO Keksmaschine Silber"}]},{"@type":"WebSite","@id":"https:\/\/dev6.erresse-shop.it\/#website","url":"https:\/\/dev6.erresse-shop.it\/","name":"Erresse Shop","description":"","publisher":{"@id":"https:\/\/dev6.erresse-shop.it\/#organization"},"potentialAction":[{"@type":"SearchAction","target":{"@type":"EntryPoint","urlTemplate":"https:\/\/dev6.erresse-shop.it\/?s={search_term_string}"},"query-input":{"@type":"PropertyValueSpecification","valueRequired":true,"valueName":"search_term_string"}}],"inLanguage":"de"},{"@type":"Organization","@id":"https:\/\/dev6.erresse-shop.it\/#organization","name":"Erresse Shop","url":"https:\/\/dev6.erresse-shop.it\/","logo":{"@type":"ImageObject","inLanguage":"de","@id":"https:\/\/dev6.erresse-shop.it\/#\/schema\/logo\/image\/","url":"https:\/\/dev6.erresse-shop.it\/wp-content\/uploads\/2025\/01\/LOGO-ERRESSE-CLASSICO.svg","contentUrl":"https:\/\/dev6.erresse-shop.it\/wp-content\/uploads\/2025\/01\/LOGO-ERRESSE-CLASSICO.svg","caption":"Erresse Shop"},"image":{"@id":"https:\/\/dev6.erresse-shop.it\/#\/schema\/logo\/image\/"}}]}},"df_price":72,"df_sale_price":72,"df_regular_price":89.9,"df_image_link":"https:\/\/i0.wp.com\/interpim.erresse-shop.it\/Import\/Prodotti\/marcato-macchina-per-biscotti-argento.png?resize=300,300&ssl=1","fifu_image_url":"https:\/\/interpim.erresse-shop.it\/Import\/Prodotti\/marcato-macchina-per-biscotti-argento.png","_links":{"self":[{"href":"https:\/\/dev6.erresse-shop.it\/de\/wp-json\/wp\/v2\/product\/54062","targetHints":{"allow":["GET"]}}],"collection":[{"href":"https:\/\/dev6.erresse-shop.it\/de\/wp-json\/wp\/v2\/product"}],"about":[{"href":"https:\/\/dev6.erresse-shop.it\/de\/wp-json\/wp\/v2\/types\/product"}],"wp:featuredmedia":[{"embeddable":true,"href":"https:\/\/dev6.erresse-shop.it\/de\/wp-json\/wp\/v2\/media\/6365848"}],"wp:attachment":[{"href":"https:\/\/dev6.erresse-shop.it\/de\/wp-json\/wp\/v2\/media?parent=54062"}],"wp:term":[{"taxonomy":"product_cat","embeddable":true,"href":"https:\/\/dev6.erresse-shop.it\/de\/wp-json\/wp\/v2\/product_cat?post=54062"},{"taxonomy":"product_tag","embeddable":true,"href":"https:\/\/dev6.erresse-shop.it\/de\/wp-json\/wp\/v2\/product_tag?post=54062"}],"curies":[{"name":"wp","href":"https:\/\/api.w.org\/{rel}","templated":true}]}}