{"id":54060,"date":"2026-04-12T10:20:51","date_gmt":"2026-04-12T08:20:51","guid":{"rendered":"https:\/\/dev6.erresse-shop.it\/shop\/unkategorisiert\/zwilling-focus-set-5-kochgeschirr\/"},"modified":"2025-09-14T01:36:16","modified_gmt":"2025-09-13T23:36:16","slug":"zwilling-focus-set-5-kochgeschirr","status":"publish","type":"product","link":"https:\/\/dev6.erresse-shop.it\/de\/shop\/toepfe-pfannen\/topfsets\/zwilling-focus-set-5-kochgeschirr\/","title":{"rendered":"ZWILLING Focus Set 5 Kochgeschirr"},"content":{"rendered":"<p>Set aus 5 klassisch gestalteten Kocht\u00f6pfen f\u00fcr alle Kochfelder einschlie\u00dflich Induktionskochfeldern. Ideal als Grundausstattung und als Erg\u00e4nzung zum vorhandenen Kochgeschirr.<\/p>\n<p>Energiesparendes Kochen: Schnelle, gleichm\u00e4\u00dfige W\u00e4rmeverteilung und optimale W\u00e4rmespeicherung durch den Aluminiumkern. Flacher Glasdeckel mit luftdichtem Verschluss.<\/p>\n<p>Praktisch in der Anwendung: Pr\u00e4zises Dosieren dank Innenskala. Ergonomische Griffe f\u00fcr bequemes und sicheres Tragen. Abgekanteter Rand f\u00fcr sicheres und tropffreies Ausgie\u00dfen. Leicht zu reinigen und kratzfest durch matte Oberfl\u00e4che. Hygienisch und geschmacksneutral.<\/p>\n<p>Material: Hochwertige Verarbeitung aus Edelstahl 18\/10.<\/p>\n<p>Gewicht: 7,2 kg<\/p>\n<p>Fassungsverm\u00f6gen: 4l<\/p>\n<p>Sp\u00fclmaschinengeeignet. Kann auch im Backofen verwendet werden.<\/p>\n<p>Inhalt:<\/p>\n<p>3 T\u00f6pfe &#43; 3 Deckel (\u00d8 16 cm\/1,8 L, \u00d8 20 cm\/4 L, \u00d8 24 cm\/6 L)<br \/>\n1x Stielkasserolle &#43; 1 Deckel (\u00d8 20 cm\/3 L)<br \/>\n1x Kasserolle mit Griff (\u00d8 16 cm\/1,5 L)<\/p>\n","protected":false},"excerpt":{"rendered":"<p>Set aus 5 klassisch gestalteten Kocht\u00f6pfen f\u00fcr alle Kochfelder einschlie\u00dflich Induktionskochfeldern. Ideal als Grundausstattung und als Erg\u00e4nzung zum vorhandenen Kochgeschirr. Energiesparendes Kochen: Schnelle, gleichm\u00e4\u00dfige W\u00e4rmeverteilung und optimale W\u00e4rmespeicherung durch den Aluminiumkern. Flacher Glasdeckel mit luftdichtem Verschluss. Praktisch in der Anwendung: Pr\u00e4zises Dosieren dank Innenskala. Ergonomische Griffe f\u00fcr bequemes und sicheres Tragen. Abgekanteter Rand f\u00fcr sicheres [&hellip;]<\/p>\n","protected":false},"featured_media":6365842,"template":"","meta":{"_acf_changed":false},"product_cat":[11667,12099,12132],"product_tag":[],"class_list":{"0":"post-54060","1":"product","2":"type-product","3":"status-publish","4":"has-post-thumbnail","6":"product_cat-padelle-pentole","7":"product_cat-toepfe-pfannen","8":"product_cat-topfsets","10":"first","11":"instock","12":"sale","13":"taxable","14":"shipping-taxable","15":"purchasable","16":"product-type-simple","swatches":"rey-swatches","show_selected":"","stretch_labels":"rey-swatches--stretch-labels"},"acf":[],"yoast_head":"<!-- This site is optimized with the Yoast SEO plugin v25.4 - https:\/\/yoast.com\/wordpress\/plugins\/seo\/ -->\n<title>ZWILLING Focus Set 5 Kochgeschirr - dev6 Erresse<\/title>\n<meta name=\"description\" content=\"Set aus 5 klassisch gestalteten Kocht\u00f6pfen f\u00fcr alle Kochfelder einschlie\u00dflich Induktionskochfeldern. Ideal als Grundausstattung und als Erg\u00e4nzung zum\" \/>\n<meta name=\"robots\" content=\"noindex, follow, max-snippet:-1, max-image-preview:large, max-video-preview:-1\" \/>\n<meta property=\"og:locale\" content=\"de_DE\" \/>\n<meta property=\"og:type\" content=\"article\" \/>\n<meta property=\"og:title\" content=\"ZWILLING Focus Set 5 Kochgeschirr - dev6 Erresse\" \/>\n<meta property=\"og:description\" content=\"Set aus 5 klassisch gestalteten Kocht\u00f6pfen f\u00fcr alle Kochfelder einschlie\u00dflich Induktionskochfeldern. Ideal als Grundausstattung und als Erg\u00e4nzung zum\" \/>\n<meta property=\"og:url\" content=\"https:\/\/dev6.erresse-shop.it\/de\/shop\/toepfe-pfannen\/topfsets\/zwilling-focus-set-5-kochgeschirr\/\" \/>\n<meta property=\"og:site_name\" content=\"dev6 Erresse\" \/>\n<meta property=\"og:image\" content=\"https:\/\/interpim.erresse-shop.it\/img-catalogo\/zwilling\/zwilling-focus-set-di-5-pentole.jpg\" \/><meta property=\"og:image\" content=\"https:\/\/interpim.erresse-shop.it\/img-catalogo\/zwilling\/zwilling-focus-set-di-5-pentole.jpg\" \/>\n\t<meta property=\"og:image:width\" content=\"1024\" \/>\n\t<meta property=\"og:image:height\" content=\"1024\" \/>\n\t<meta property=\"og:image:type\" content=\"image\/jpeg\" \/>\n<meta name=\"twitter:card\" content=\"summary_large_image\" \/>\n<meta name=\"twitter:image\" content=\"https:\/\/interpim.erresse-shop.it\/img-catalogo\/zwilling\/zwilling-focus-set-di-5-pentole.jpg\" \/>\n<script type=\"application\/ld+json\" class=\"yoast-schema-graph\">{\"@context\":\"https:\/\/schema.org\",\"@graph\":[{\"@type\":\"WebPage\",\"@id\":\"https:\/\/dev6.erresse-shop.it\/de\/shop\/toepfe-pfannen\/topfsets\/zwilling-focus-set-5-kochgeschirr\/\",\"url\":\"https:\/\/dev6.erresse-shop.it\/de\/shop\/toepfe-pfannen\/topfsets\/zwilling-focus-set-5-kochgeschirr\/\",\"name\":\"ZWILLING Focus Set 5 Kochgeschirr - dev6 Erresse\",\"isPartOf\":{\"@id\":\"https:\/\/dev6.erresse-shop.it\/#website\"},\"primaryImageOfPage\":{\"@id\":\"https:\/\/dev6.erresse-shop.it\/de\/shop\/toepfe-pfannen\/topfsets\/zwilling-focus-set-5-kochgeschirr\/#primaryimage\"},\"image\":{\"@id\":\"https:\/\/dev6.erresse-shop.it\/de\/shop\/toepfe-pfannen\/topfsets\/zwilling-focus-set-5-kochgeschirr\/#primaryimage\"},\"thumbnailUrl\":\"https:\/\/i3.wp.com\/interpim.erresse-shop.it\/img-catalogo\/zwilling\/zwilling-focus-set-di-5-pentole.jpg?ssl=1\",\"datePublished\":\"2026-04-12T08:20:51+00:00\",\"description\":\"Set aus 5 klassisch gestalteten Kocht\u00f6pfen f\u00fcr alle Kochfelder einschlie\u00dflich Induktionskochfeldern. Ideal als Grundausstattung und als Erg\u00e4nzung zum\",\"breadcrumb\":{\"@id\":\"https:\/\/dev6.erresse-shop.it\/de\/shop\/toepfe-pfannen\/topfsets\/zwilling-focus-set-5-kochgeschirr\/#breadcrumb\"},\"inLanguage\":\"de\",\"potentialAction\":[{\"@type\":\"ReadAction\",\"target\":[\"https:\/\/dev6.erresse-shop.it\/de\/shop\/toepfe-pfannen\/topfsets\/zwilling-focus-set-5-kochgeschirr\/\"]}]},{\"@type\":\"ImageObject\",\"inLanguage\":\"de\",\"@id\":\"https:\/\/dev6.erresse-shop.it\/de\/shop\/toepfe-pfannen\/topfsets\/zwilling-focus-set-5-kochgeschirr\/#primaryimage\",\"url\":\"https:\/\/i3.wp.com\/interpim.erresse-shop.it\/img-catalogo\/zwilling\/zwilling-focus-set-di-5-pentole.jpg?ssl=1\",\"contentUrl\":\"https:\/\/i3.wp.com\/interpim.erresse-shop.it\/img-catalogo\/zwilling\/zwilling-focus-set-di-5-pentole.jpg?ssl=1\"},{\"@type\":\"BreadcrumbList\",\"@id\":\"https:\/\/dev6.erresse-shop.it\/de\/shop\/toepfe-pfannen\/topfsets\/zwilling-focus-set-5-kochgeschirr\/#breadcrumb\",\"itemListElement\":[{\"@type\":\"ListItem\",\"position\":1,\"name\":\"Home\",\"item\":\"https:\/\/dev6.erresse-shop.it\/\"},{\"@type\":\"ListItem\",\"position\":2,\"name\":\"Shop\",\"item\":\"https:\/\/dev6.erresse-shop.it\/shop\/\"},{\"@type\":\"ListItem\",\"position\":3,\"name\":\"ZWILLING Focus Set 5 Kochgeschirr\"}]},{\"@type\":\"WebSite\",\"@id\":\"https:\/\/dev6.erresse-shop.it\/#website\",\"url\":\"https:\/\/dev6.erresse-shop.it\/\",\"name\":\"Erresse Shop\",\"description\":\"\",\"publisher\":{\"@id\":\"https:\/\/dev6.erresse-shop.it\/#organization\"},\"potentialAction\":[{\"@type\":\"SearchAction\",\"target\":{\"@type\":\"EntryPoint\",\"urlTemplate\":\"https:\/\/dev6.erresse-shop.it\/?s={search_term_string}\"},\"query-input\":{\"@type\":\"PropertyValueSpecification\",\"valueRequired\":true,\"valueName\":\"search_term_string\"}}],\"inLanguage\":\"de\"},{\"@type\":\"Organization\",\"@id\":\"https:\/\/dev6.erresse-shop.it\/#organization\",\"name\":\"Erresse Shop\",\"url\":\"https:\/\/dev6.erresse-shop.it\/\",\"logo\":{\"@type\":\"ImageObject\",\"inLanguage\":\"de\",\"@id\":\"https:\/\/dev6.erresse-shop.it\/#\/schema\/logo\/image\/\",\"url\":\"https:\/\/dev6.erresse-shop.it\/wp-content\/uploads\/2025\/01\/LOGO-ERRESSE-CLASSICO.svg\",\"contentUrl\":\"https:\/\/dev6.erresse-shop.it\/wp-content\/uploads\/2025\/01\/LOGO-ERRESSE-CLASSICO.svg\",\"caption\":\"Erresse Shop\"},\"image\":{\"@id\":\"https:\/\/dev6.erresse-shop.it\/#\/schema\/logo\/image\/\"}}]}<\/script>\n<!-- \/ Yoast SEO plugin. -->","yoast_head_json":{"title":"ZWILLING Focus Set 5 Kochgeschirr - dev6 Erresse","description":"Set aus 5 klassisch gestalteten Kocht\u00f6pfen f\u00fcr alle Kochfelder einschlie\u00dflich Induktionskochfeldern. Ideal als Grundausstattung und als Erg\u00e4nzung zum","robots":{"index":"noindex","follow":"follow","max-snippet":"max-snippet:-1","max-image-preview":"max-image-preview:large","max-video-preview":"max-video-preview:-1"},"og_locale":"de_DE","og_type":"article","og_title":"ZWILLING Focus Set 5 Kochgeschirr - dev6 Erresse","og_description":"Set aus 5 klassisch gestalteten Kocht\u00f6pfen f\u00fcr alle Kochfelder einschlie\u00dflich Induktionskochfeldern. Ideal als Grundausstattung und als Erg\u00e4nzung zum","og_url":"https:\/\/dev6.erresse-shop.it\/de\/shop\/toepfe-pfannen\/topfsets\/zwilling-focus-set-5-kochgeschirr\/","og_site_name":"dev6 Erresse","og_image":[{"url":"https:\/\/interpim.erresse-shop.it\/img-catalogo\/zwilling\/zwilling-focus-set-di-5-pentole.jpg","type":"","width":"","height":""},{"url":"https:\/\/interpim.erresse-shop.it\/img-catalogo\/zwilling\/zwilling-focus-set-di-5-pentole.jpg","width":1024,"height":1024,"type":"image\/jpeg"}],"twitter_card":"summary_large_image","twitter_image":"https:\/\/interpim.erresse-shop.it\/img-catalogo\/zwilling\/zwilling-focus-set-di-5-pentole.jpg","schema":{"@context":"https:\/\/schema.org","@graph":[{"@type":"WebPage","@id":"https:\/\/dev6.erresse-shop.it\/de\/shop\/toepfe-pfannen\/topfsets\/zwilling-focus-set-5-kochgeschirr\/","url":"https:\/\/dev6.erresse-shop.it\/de\/shop\/toepfe-pfannen\/topfsets\/zwilling-focus-set-5-kochgeschirr\/","name":"ZWILLING Focus Set 5 Kochgeschirr - dev6 Erresse","isPartOf":{"@id":"https:\/\/dev6.erresse-shop.it\/#website"},"primaryImageOfPage":{"@id":"https:\/\/dev6.erresse-shop.it\/de\/shop\/toepfe-pfannen\/topfsets\/zwilling-focus-set-5-kochgeschirr\/#primaryimage"},"image":{"@id":"https:\/\/dev6.erresse-shop.it\/de\/shop\/toepfe-pfannen\/topfsets\/zwilling-focus-set-5-kochgeschirr\/#primaryimage"},"thumbnailUrl":"https:\/\/i3.wp.com\/interpim.erresse-shop.it\/img-catalogo\/zwilling\/zwilling-focus-set-di-5-pentole.jpg?ssl=1","datePublished":"2026-04-12T08:20:51+00:00","description":"Set aus 5 klassisch gestalteten Kocht\u00f6pfen f\u00fcr alle Kochfelder einschlie\u00dflich Induktionskochfeldern. Ideal als Grundausstattung und als Erg\u00e4nzung zum","breadcrumb":{"@id":"https:\/\/dev6.erresse-shop.it\/de\/shop\/toepfe-pfannen\/topfsets\/zwilling-focus-set-5-kochgeschirr\/#breadcrumb"},"inLanguage":"de","potentialAction":[{"@type":"ReadAction","target":["https:\/\/dev6.erresse-shop.it\/de\/shop\/toepfe-pfannen\/topfsets\/zwilling-focus-set-5-kochgeschirr\/"]}]},{"@type":"ImageObject","inLanguage":"de","@id":"https:\/\/dev6.erresse-shop.it\/de\/shop\/toepfe-pfannen\/topfsets\/zwilling-focus-set-5-kochgeschirr\/#primaryimage","url":"https:\/\/i3.wp.com\/interpim.erresse-shop.it\/img-catalogo\/zwilling\/zwilling-focus-set-di-5-pentole.jpg?ssl=1","contentUrl":"https:\/\/i3.wp.com\/interpim.erresse-shop.it\/img-catalogo\/zwilling\/zwilling-focus-set-di-5-pentole.jpg?ssl=1"},{"@type":"BreadcrumbList","@id":"https:\/\/dev6.erresse-shop.it\/de\/shop\/toepfe-pfannen\/topfsets\/zwilling-focus-set-5-kochgeschirr\/#breadcrumb","itemListElement":[{"@type":"ListItem","position":1,"name":"Home","item":"https:\/\/dev6.erresse-shop.it\/"},{"@type":"ListItem","position":2,"name":"Shop","item":"https:\/\/dev6.erresse-shop.it\/shop\/"},{"@type":"ListItem","position":3,"name":"ZWILLING Focus Set 5 Kochgeschirr"}]},{"@type":"WebSite","@id":"https:\/\/dev6.erresse-shop.it\/#website","url":"https:\/\/dev6.erresse-shop.it\/","name":"Erresse Shop","description":"","publisher":{"@id":"https:\/\/dev6.erresse-shop.it\/#organization"},"potentialAction":[{"@type":"SearchAction","target":{"@type":"EntryPoint","urlTemplate":"https:\/\/dev6.erresse-shop.it\/?s={search_term_string}"},"query-input":{"@type":"PropertyValueSpecification","valueRequired":true,"valueName":"search_term_string"}}],"inLanguage":"de"},{"@type":"Organization","@id":"https:\/\/dev6.erresse-shop.it\/#organization","name":"Erresse Shop","url":"https:\/\/dev6.erresse-shop.it\/","logo":{"@type":"ImageObject","inLanguage":"de","@id":"https:\/\/dev6.erresse-shop.it\/#\/schema\/logo\/image\/","url":"https:\/\/dev6.erresse-shop.it\/wp-content\/uploads\/2025\/01\/LOGO-ERRESSE-CLASSICO.svg","contentUrl":"https:\/\/dev6.erresse-shop.it\/wp-content\/uploads\/2025\/01\/LOGO-ERRESSE-CLASSICO.svg","caption":"Erresse Shop"},"image":{"@id":"https:\/\/dev6.erresse-shop.it\/#\/schema\/logo\/image\/"}}]}},"df_price":179,"df_sale_price":179,"df_regular_price":249,"df_image_link":"https:\/\/i3.wp.com\/interpim.erresse-shop.it\/img-catalogo\/zwilling\/zwilling-focus-set-di-5-pentole.jpg?resize=300,300&ssl=1","fifu_image_url":"https:\/\/interpim.erresse-shop.it\/img-catalogo\/zwilling\/zwilling-focus-set-di-5-pentole.jpg","_links":{"self":[{"href":"https:\/\/dev6.erresse-shop.it\/de\/wp-json\/wp\/v2\/product\/54060","targetHints":{"allow":["GET"]}}],"collection":[{"href":"https:\/\/dev6.erresse-shop.it\/de\/wp-json\/wp\/v2\/product"}],"about":[{"href":"https:\/\/dev6.erresse-shop.it\/de\/wp-json\/wp\/v2\/types\/product"}],"wp:featuredmedia":[{"embeddable":true,"href":"https:\/\/dev6.erresse-shop.it\/de\/wp-json\/wp\/v2\/media\/6365842"}],"wp:attachment":[{"href":"https:\/\/dev6.erresse-shop.it\/de\/wp-json\/wp\/v2\/media?parent=54060"}],"wp:term":[{"taxonomy":"product_cat","embeddable":true,"href":"https:\/\/dev6.erresse-shop.it\/de\/wp-json\/wp\/v2\/product_cat?post=54060"},{"taxonomy":"product_tag","embeddable":true,"href":"https:\/\/dev6.erresse-shop.it\/de\/wp-json\/wp\/v2\/product_tag?post=54060"}],"curies":[{"name":"wp","href":"https:\/\/api.w.org\/{rel}","templated":true}]}}