{"id":54002,"date":"2026-04-04T10:16:32","date_gmt":"2026-04-04T08:16:32","guid":{"rendered":"https:\/\/dev6.erresse-shop.it\/shop\/unkategorisiert\/staub-krepp-pfanne-30-cm-schwarz\/"},"modified":"2025-09-14T01:35:11","modified_gmt":"2025-09-13T23:35:11","slug":"staub-krepp-pfanne-30-cm-schwarz","status":"publish","type":"product","link":"https:\/\/dev6.erresse-shop.it\/de\/shop\/toepfe-pfannen\/toepfe-und-kochtoepfen\/staub-krepp-pfanne-30-cm-schwarz\/","title":{"rendered":"STAUB Krepp-Pfanne 30 cm Schwarz"},"content":{"rendered":"<p>BESCHREIBUNG<br \/>\nMit dem STAUB Cr\u00eape-Maker k\u00f6nnen Sie s\u00fc\u00dfe und herzhafte Cr\u00eapes f\u00fcr die ganze Familie zubereiten. Dank des niedrigen Randes gelingen auch d\u00fcnne Pfannkuchen gut. Auch das Wenden von Cr\u00eapes und Pfannkuchen ist dank der mitgelieferten Sch\u00f6pfkelle kein Problem. Die Vielfalt an m\u00f6glichen Bel\u00e4gen wird Gro\u00df und Klein begeistern: Apfelmus, Marmelade, Obst oder Zucker-Zimt-Mischungen. Der ergonomische Holzgriff ist w\u00e4rmeisolierend und sch\u00fctzt so vor Verbrennungen. Gleichzeitig erleichtert er die Verwendung der Cr\u00eape-Pfanne auf jeder Art von Kochfeld. Die emaillierte Oberfl\u00e4che der Pfanne besticht durch kurze Aufheizzeiten und eine optimale W\u00e4rmeverteilung und -speicherung, die f\u00fcr ein gleichm\u00e4\u00dfiges Garen der Speisen sorgt. Dank dieser Eigenschaften eignet sich die Cr\u00eape-Pfanne auch f\u00fcr die Zubereitung vieler anderer Gerichte. Vom saftig gegrillten Spie\u00df bis zur knusprigen Pizza sind der Kreativit\u00e4t in der K\u00fcche keine Grenzen gesetzt.<\/p>\n<p>Perfekt zum Backen, Braten und Grillen<br \/>\nF\u00fcr alle Herdarten, auch Induktion<br \/>\nPraktischer Griff, inklusive Spachtel und Teigverteiler<br \/>\nEnergiesparendes Kochen dank der besonderen Eigenschaften von Gusseisen<br \/>\nGlatter Boden f\u00fcr den schonenden Einsatz auf empfindlichen Kochfeldern<br \/>\nMa\u00dfe mit Griff (BxTxH): 53,2 x 30 x 6,6 cm, Durchmesser: 30 cm, Boden: 28,5 cm<br \/>\nGewicht: 2,4 kg<\/p>\n<p>ABMESSUNG<br \/>\nNettogewicht: 3,00 kg<br \/>\nFassungsverm\u00f6gen: 0,00 l<br \/>\nL\u00e4nge des Produkts: 53,20 cm<br \/>\nBreite des Produkts: 30,00 cm<br \/>\nH\u00f6he des Produkts: 6,60 cm<br \/>\nH\u00f6he ohne Deckel: 6,60 cm<br \/>\nDurchmesser oben: 30,00 cm<br \/>\nUnterer Durchmesser: 28,50 cm<\/p>\n","protected":false},"excerpt":{"rendered":"<p>BESCHREIBUNG Mit dem STAUB Cr\u00eape-Maker k\u00f6nnen Sie s\u00fc\u00dfe und herzhafte Cr\u00eapes f\u00fcr die ganze Familie zubereiten. Dank des niedrigen Randes gelingen auch d\u00fcnne Pfannkuchen gut. Auch das Wenden von Cr\u00eapes und Pfannkuchen ist dank der mitgelieferten Sch\u00f6pfkelle kein Problem. Die Vielfalt an m\u00f6glichen Bel\u00e4gen wird Gro\u00df und Klein begeistern: Apfelmus, Marmelade, Obst oder Zucker-Zimt-Mischungen. Der [&hellip;]<\/p>\n","protected":false},"featured_media":6282407,"template":"","meta":{"_acf_changed":false},"product_cat":[11667,12109,12099],"product_tag":[],"class_list":{"0":"post-54002","1":"product","2":"type-product","3":"status-publish","4":"has-post-thumbnail","6":"product_cat-padelle-pentole","7":"product_cat-toepfe-und-kochtoepfen","8":"product_cat-toepfe-pfannen","10":"first","11":"instock","12":"sale","13":"taxable","14":"shipping-taxable","15":"purchasable","16":"product-type-simple","swatches":"rey-swatches","show_selected":"","stretch_labels":"rey-swatches--stretch-labels"},"acf":[],"yoast_head":"<!-- This site is optimized with the Yoast SEO plugin v25.4 - https:\/\/yoast.com\/wordpress\/plugins\/seo\/ -->\n<title>STAUB Krepp-Pfanne 30 cm Schwarz - dev6 Erresse<\/title>\n<meta name=\"description\" content=\"BESCHREIBUNG Mit dem STAUB Cr\u00eape-Maker k\u00f6nnen Sie s\u00fc\u00dfe und herzhafte Cr\u00eapes f\u00fcr die ganze Familie zubereiten. Dank des niedrigen Randes gelingen auch\" \/>\n<meta name=\"robots\" content=\"noindex, follow, max-snippet:-1, max-image-preview:large, max-video-preview:-1\" \/>\n<meta property=\"og:locale\" content=\"de_DE\" \/>\n<meta property=\"og:type\" content=\"article\" \/>\n<meta property=\"og:title\" content=\"STAUB Krepp-Pfanne 30 cm Schwarz - dev6 Erresse\" \/>\n<meta property=\"og:description\" content=\"BESCHREIBUNG Mit dem STAUB Cr\u00eape-Maker k\u00f6nnen Sie s\u00fc\u00dfe und herzhafte Cr\u00eapes f\u00fcr die ganze Familie zubereiten. Dank des niedrigen Randes gelingen auch\" \/>\n<meta property=\"og:url\" content=\"https:\/\/dev6.erresse-shop.it\/de\/shop\/toepfe-pfannen\/toepfe-und-kochtoepfen\/staub-krepp-pfanne-30-cm-schwarz\/\" \/>\n<meta property=\"og:site_name\" content=\"dev6 Erresse\" \/>\n<meta property=\"og:image\" content=\"https:\/\/interpim.erresse-shop.it\/img-catalogo\/staub\/staub-crepiera.jpg\" \/><meta property=\"og:image\" content=\"https:\/\/interpim.erresse-shop.it\/img-catalogo\/staub\/staub-crepiera.jpg\" \/>\n\t<meta property=\"og:image:width\" content=\"1024\" \/>\n\t<meta property=\"og:image:height\" content=\"1024\" \/>\n\t<meta property=\"og:image:type\" content=\"image\/jpeg\" \/>\n<meta name=\"twitter:card\" content=\"summary_large_image\" \/>\n<meta name=\"twitter:image\" content=\"https:\/\/interpim.erresse-shop.it\/img-catalogo\/staub\/staub-crepiera.jpg\" \/>\n<script type=\"application\/ld+json\" class=\"yoast-schema-graph\">{\"@context\":\"https:\/\/schema.org\",\"@graph\":[{\"@type\":\"WebPage\",\"@id\":\"https:\/\/dev6.erresse-shop.it\/de\/shop\/toepfe-pfannen\/toepfe-und-kochtoepfen\/staub-krepp-pfanne-30-cm-schwarz\/\",\"url\":\"https:\/\/dev6.erresse-shop.it\/de\/shop\/toepfe-pfannen\/toepfe-und-kochtoepfen\/staub-krepp-pfanne-30-cm-schwarz\/\",\"name\":\"STAUB Krepp-Pfanne 30 cm Schwarz - dev6 Erresse\",\"isPartOf\":{\"@id\":\"https:\/\/dev6.erresse-shop.it\/#website\"},\"primaryImageOfPage\":{\"@id\":\"https:\/\/dev6.erresse-shop.it\/de\/shop\/toepfe-pfannen\/toepfe-und-kochtoepfen\/staub-krepp-pfanne-30-cm-schwarz\/#primaryimage\"},\"image\":{\"@id\":\"https:\/\/dev6.erresse-shop.it\/de\/shop\/toepfe-pfannen\/toepfe-und-kochtoepfen\/staub-krepp-pfanne-30-cm-schwarz\/#primaryimage\"},\"thumbnailUrl\":\"https:\/\/i3.wp.com\/interpim.erresse-shop.it\/img-catalogo\/staub\/staub-crepiera.jpg?ssl=1\",\"datePublished\":\"2026-04-04T08:16:32+00:00\",\"description\":\"BESCHREIBUNG Mit dem STAUB Cr\u00eape-Maker k\u00f6nnen Sie s\u00fc\u00dfe und herzhafte Cr\u00eapes f\u00fcr die ganze Familie zubereiten. Dank des niedrigen Randes gelingen auch\",\"breadcrumb\":{\"@id\":\"https:\/\/dev6.erresse-shop.it\/de\/shop\/toepfe-pfannen\/toepfe-und-kochtoepfen\/staub-krepp-pfanne-30-cm-schwarz\/#breadcrumb\"},\"inLanguage\":\"de\",\"potentialAction\":[{\"@type\":\"ReadAction\",\"target\":[\"https:\/\/dev6.erresse-shop.it\/de\/shop\/toepfe-pfannen\/toepfe-und-kochtoepfen\/staub-krepp-pfanne-30-cm-schwarz\/\"]}]},{\"@type\":\"ImageObject\",\"inLanguage\":\"de\",\"@id\":\"https:\/\/dev6.erresse-shop.it\/de\/shop\/toepfe-pfannen\/toepfe-und-kochtoepfen\/staub-krepp-pfanne-30-cm-schwarz\/#primaryimage\",\"url\":\"https:\/\/i3.wp.com\/interpim.erresse-shop.it\/img-catalogo\/staub\/staub-crepiera.jpg?ssl=1\",\"contentUrl\":\"https:\/\/i3.wp.com\/interpim.erresse-shop.it\/img-catalogo\/staub\/staub-crepiera.jpg?ssl=1\"},{\"@type\":\"BreadcrumbList\",\"@id\":\"https:\/\/dev6.erresse-shop.it\/de\/shop\/toepfe-pfannen\/toepfe-und-kochtoepfen\/staub-krepp-pfanne-30-cm-schwarz\/#breadcrumb\",\"itemListElement\":[{\"@type\":\"ListItem\",\"position\":1,\"name\":\"Home\",\"item\":\"https:\/\/dev6.erresse-shop.it\/\"},{\"@type\":\"ListItem\",\"position\":2,\"name\":\"Shop\",\"item\":\"https:\/\/dev6.erresse-shop.it\/shop\/\"},{\"@type\":\"ListItem\",\"position\":3,\"name\":\"STAUB Krepp-Pfanne 30 cm Schwarz\"}]},{\"@type\":\"WebSite\",\"@id\":\"https:\/\/dev6.erresse-shop.it\/#website\",\"url\":\"https:\/\/dev6.erresse-shop.it\/\",\"name\":\"Erresse Shop\",\"description\":\"\",\"publisher\":{\"@id\":\"https:\/\/dev6.erresse-shop.it\/#organization\"},\"potentialAction\":[{\"@type\":\"SearchAction\",\"target\":{\"@type\":\"EntryPoint\",\"urlTemplate\":\"https:\/\/dev6.erresse-shop.it\/?s={search_term_string}\"},\"query-input\":{\"@type\":\"PropertyValueSpecification\",\"valueRequired\":true,\"valueName\":\"search_term_string\"}}],\"inLanguage\":\"de\"},{\"@type\":\"Organization\",\"@id\":\"https:\/\/dev6.erresse-shop.it\/#organization\",\"name\":\"Erresse Shop\",\"url\":\"https:\/\/dev6.erresse-shop.it\/\",\"logo\":{\"@type\":\"ImageObject\",\"inLanguage\":\"de\",\"@id\":\"https:\/\/dev6.erresse-shop.it\/#\/schema\/logo\/image\/\",\"url\":\"https:\/\/dev6.erresse-shop.it\/wp-content\/uploads\/2025\/01\/LOGO-ERRESSE-CLASSICO.svg\",\"contentUrl\":\"https:\/\/dev6.erresse-shop.it\/wp-content\/uploads\/2025\/01\/LOGO-ERRESSE-CLASSICO.svg\",\"caption\":\"Erresse Shop\"},\"image\":{\"@id\":\"https:\/\/dev6.erresse-shop.it\/#\/schema\/logo\/image\/\"}}]}<\/script>\n<!-- \/ Yoast SEO plugin. -->","yoast_head_json":{"title":"STAUB Krepp-Pfanne 30 cm Schwarz - dev6 Erresse","description":"BESCHREIBUNG Mit dem STAUB Cr\u00eape-Maker k\u00f6nnen Sie s\u00fc\u00dfe und herzhafte Cr\u00eapes f\u00fcr die ganze Familie zubereiten. Dank des niedrigen Randes gelingen auch","robots":{"index":"noindex","follow":"follow","max-snippet":"max-snippet:-1","max-image-preview":"max-image-preview:large","max-video-preview":"max-video-preview:-1"},"og_locale":"de_DE","og_type":"article","og_title":"STAUB Krepp-Pfanne 30 cm Schwarz - dev6 Erresse","og_description":"BESCHREIBUNG Mit dem STAUB Cr\u00eape-Maker k\u00f6nnen Sie s\u00fc\u00dfe und herzhafte Cr\u00eapes f\u00fcr die ganze Familie zubereiten. Dank des niedrigen Randes gelingen auch","og_url":"https:\/\/dev6.erresse-shop.it\/de\/shop\/toepfe-pfannen\/toepfe-und-kochtoepfen\/staub-krepp-pfanne-30-cm-schwarz\/","og_site_name":"dev6 Erresse","og_image":[{"url":"https:\/\/interpim.erresse-shop.it\/img-catalogo\/staub\/staub-crepiera.jpg","type":"","width":"","height":""},{"url":"https:\/\/interpim.erresse-shop.it\/img-catalogo\/staub\/staub-crepiera.jpg","width":1024,"height":1024,"type":"image\/jpeg"}],"twitter_card":"summary_large_image","twitter_image":"https:\/\/interpim.erresse-shop.it\/img-catalogo\/staub\/staub-crepiera.jpg","schema":{"@context":"https:\/\/schema.org","@graph":[{"@type":"WebPage","@id":"https:\/\/dev6.erresse-shop.it\/de\/shop\/toepfe-pfannen\/toepfe-und-kochtoepfen\/staub-krepp-pfanne-30-cm-schwarz\/","url":"https:\/\/dev6.erresse-shop.it\/de\/shop\/toepfe-pfannen\/toepfe-und-kochtoepfen\/staub-krepp-pfanne-30-cm-schwarz\/","name":"STAUB Krepp-Pfanne 30 cm Schwarz - dev6 Erresse","isPartOf":{"@id":"https:\/\/dev6.erresse-shop.it\/#website"},"primaryImageOfPage":{"@id":"https:\/\/dev6.erresse-shop.it\/de\/shop\/toepfe-pfannen\/toepfe-und-kochtoepfen\/staub-krepp-pfanne-30-cm-schwarz\/#primaryimage"},"image":{"@id":"https:\/\/dev6.erresse-shop.it\/de\/shop\/toepfe-pfannen\/toepfe-und-kochtoepfen\/staub-krepp-pfanne-30-cm-schwarz\/#primaryimage"},"thumbnailUrl":"https:\/\/i3.wp.com\/interpim.erresse-shop.it\/img-catalogo\/staub\/staub-crepiera.jpg?ssl=1","datePublished":"2026-04-04T08:16:32+00:00","description":"BESCHREIBUNG Mit dem STAUB Cr\u00eape-Maker k\u00f6nnen Sie s\u00fc\u00dfe und herzhafte Cr\u00eapes f\u00fcr die ganze Familie zubereiten. Dank des niedrigen Randes gelingen auch","breadcrumb":{"@id":"https:\/\/dev6.erresse-shop.it\/de\/shop\/toepfe-pfannen\/toepfe-und-kochtoepfen\/staub-krepp-pfanne-30-cm-schwarz\/#breadcrumb"},"inLanguage":"de","potentialAction":[{"@type":"ReadAction","target":["https:\/\/dev6.erresse-shop.it\/de\/shop\/toepfe-pfannen\/toepfe-und-kochtoepfen\/staub-krepp-pfanne-30-cm-schwarz\/"]}]},{"@type":"ImageObject","inLanguage":"de","@id":"https:\/\/dev6.erresse-shop.it\/de\/shop\/toepfe-pfannen\/toepfe-und-kochtoepfen\/staub-krepp-pfanne-30-cm-schwarz\/#primaryimage","url":"https:\/\/i3.wp.com\/interpim.erresse-shop.it\/img-catalogo\/staub\/staub-crepiera.jpg?ssl=1","contentUrl":"https:\/\/i3.wp.com\/interpim.erresse-shop.it\/img-catalogo\/staub\/staub-crepiera.jpg?ssl=1"},{"@type":"BreadcrumbList","@id":"https:\/\/dev6.erresse-shop.it\/de\/shop\/toepfe-pfannen\/toepfe-und-kochtoepfen\/staub-krepp-pfanne-30-cm-schwarz\/#breadcrumb","itemListElement":[{"@type":"ListItem","position":1,"name":"Home","item":"https:\/\/dev6.erresse-shop.it\/"},{"@type":"ListItem","position":2,"name":"Shop","item":"https:\/\/dev6.erresse-shop.it\/shop\/"},{"@type":"ListItem","position":3,"name":"STAUB Krepp-Pfanne 30 cm Schwarz"}]},{"@type":"WebSite","@id":"https:\/\/dev6.erresse-shop.it\/#website","url":"https:\/\/dev6.erresse-shop.it\/","name":"Erresse Shop","description":"","publisher":{"@id":"https:\/\/dev6.erresse-shop.it\/#organization"},"potentialAction":[{"@type":"SearchAction","target":{"@type":"EntryPoint","urlTemplate":"https:\/\/dev6.erresse-shop.it\/?s={search_term_string}"},"query-input":{"@type":"PropertyValueSpecification","valueRequired":true,"valueName":"search_term_string"}}],"inLanguage":"de"},{"@type":"Organization","@id":"https:\/\/dev6.erresse-shop.it\/#organization","name":"Erresse Shop","url":"https:\/\/dev6.erresse-shop.it\/","logo":{"@type":"ImageObject","inLanguage":"de","@id":"https:\/\/dev6.erresse-shop.it\/#\/schema\/logo\/image\/","url":"https:\/\/dev6.erresse-shop.it\/wp-content\/uploads\/2025\/01\/LOGO-ERRESSE-CLASSICO.svg","contentUrl":"https:\/\/dev6.erresse-shop.it\/wp-content\/uploads\/2025\/01\/LOGO-ERRESSE-CLASSICO.svg","caption":"Erresse Shop"},"image":{"@id":"https:\/\/dev6.erresse-shop.it\/#\/schema\/logo\/image\/"}}]}},"df_price":74,"df_sale_price":74,"df_regular_price":94.95,"df_image_link":"https:\/\/i3.wp.com\/interpim.erresse-shop.it\/img-catalogo\/staub\/staub-crepiera.jpg?resize=300,300&ssl=1","fifu_image_url":"https:\/\/interpim.erresse-shop.it\/img-catalogo\/staub\/staub-crepiera.jpg","_links":{"self":[{"href":"https:\/\/dev6.erresse-shop.it\/de\/wp-json\/wp\/v2\/product\/54002","targetHints":{"allow":["GET"]}}],"collection":[{"href":"https:\/\/dev6.erresse-shop.it\/de\/wp-json\/wp\/v2\/product"}],"about":[{"href":"https:\/\/dev6.erresse-shop.it\/de\/wp-json\/wp\/v2\/types\/product"}],"wp:featuredmedia":[{"embeddable":true,"href":"https:\/\/dev6.erresse-shop.it\/de\/wp-json\/wp\/v2\/media\/6282407"}],"wp:attachment":[{"href":"https:\/\/dev6.erresse-shop.it\/de\/wp-json\/wp\/v2\/media?parent=54002"}],"wp:term":[{"taxonomy":"product_cat","embeddable":true,"href":"https:\/\/dev6.erresse-shop.it\/de\/wp-json\/wp\/v2\/product_cat?post=54002"},{"taxonomy":"product_tag","embeddable":true,"href":"https:\/\/dev6.erresse-shop.it\/de\/wp-json\/wp\/v2\/product_tag?post=54002"}],"curies":[{"name":"wp","href":"https:\/\/api.w.org\/{rel}","templated":true}]}}