{"id":54000,"date":"2026-04-12T10:19:03","date_gmt":"2026-04-12T08:19:03","guid":{"rendered":"https:\/\/dev6.erresse-shop.it\/shop\/unkategorisiert\/staub-schwarzes-kochgeschirr-set-24-cm\/"},"modified":"2025-09-14T01:35:06","modified_gmt":"2025-09-13T23:35:06","slug":"staub-schwarzes-kochgeschirr-set-24-cm","status":"publish","type":"product","link":"https:\/\/dev6.erresse-shop.it\/de\/shop\/toepfe-pfannen\/toepfe-und-kochtoepfen\/staub-schwarzes-kochgeschirr-set-24-cm\/","title":{"rendered":"STAUB Schwarzes Kochgeschirr-Set 24 cm"},"content":{"rendered":"<p>BESCHREIBUNG<br \/>\nWenn es um gusseisernes Kochgeschirr geht, bilden zwei wesentliche Dinge die Grundlage einer gut ausgestatteten K\u00fcche: eine Bratpfanne oder ein Dutch Oven. Zusammen decken sie fast alle Ihre Kochbed\u00fcrfnisse ab. Und mit der neuen stapelbaren Edition von STAUB k\u00f6nnen Sie sie bei Nichtgebrauch platzsparend und aufger\u00e4umt \u00fcbereinander aufbewahren.<\/p>\n<p>Das schwarze Gusseisen-Set besteht aus einer Kasserolle, einer Bratpfanne und einem Deckel mit einem Durchmesser von jeweils 24 cm. Zum Set geh\u00f6rt ein Kantenschutz, der bei der Aufbewahrung im Schrank zwischen die Pfanne und die Cocotte gelegt und vor dem Kochen entfernt werden muss. Dank ihres hochwertigen emaillierten Materials vereinen diese Pfannen die hervorragenden Kocheigenschaften und die Langlebigkeit von Gusseisen mit der Benutzerfreundlichkeit und Sch\u00f6nheit von emailliertem Kochgeschirr.<\/p>\n<p>Die Gusseisenpfanne eignet sich hervorragend zum Braten von Fleisch oder Fisch, z. B. Lachs mit Kirschtomaten und Oliven, w\u00e4hrend die Kasserolle f\u00fcr die Zubereitung von Nudeln oder Suppe verwendet werden kann. Nat\u00fcrlich kann die Kasserolle auch f\u00fcr klassische Schmorbratenrezepte in den Ofen wandern.<\/p>\n<p>Das Set enth\u00e4lt eine Kasserolle, eine Pfanne mit zwei Griffen und einen Deckel<br \/>\nMit Kantenschutz zur einfachen Aufbewahrung<br \/>\nDurchmesser 24 cm<br \/>\nHochwertiges emailliertes Gusseisen<br \/>\nF\u00fcr alle Herdarten geeignet, auch f\u00fcr Induktionskochfelder<\/p>\n<p>MERKMALE<br \/>\nMaterial: Gusseisen<br \/>\nVorhandener Deckel: ja<br \/>\nInduktion: Ja<br \/>\nGeeignet f\u00fcr den Backofen: Ja<br \/>\nGeeignet f\u00fcr Gefrierschrank: Ja<br \/>\nGeeignet f\u00fcr Kochfeld: Ja<br \/>\nAnzahl der Teile: 2<\/p>\n<p>ABMESSUNGEN:<br \/>\nNettogewicht: 7,00 kg<br \/>\nL\u00e4nge des Produkts: 30,80 cm<br \/>\nBreite des Produkts: 24,00 cm<br \/>\nH\u00f6he des Produkts: 21,60 cm<\/p>\n","protected":false},"excerpt":{"rendered":"<p>BESCHREIBUNG Wenn es um gusseisernes Kochgeschirr geht, bilden zwei wesentliche Dinge die Grundlage einer gut ausgestatteten K\u00fcche: eine Bratpfanne oder ein Dutch Oven. Zusammen decken sie fast alle Ihre Kochbed\u00fcrfnisse ab. Und mit der neuen stapelbaren Edition von STAUB k\u00f6nnen Sie sie bei Nichtgebrauch platzsparend und aufger\u00e4umt \u00fcbereinander aufbewahren. Das schwarze Gusseisen-Set besteht aus einer [&hellip;]<\/p>\n","protected":false},"featured_media":6365652,"template":"","meta":{"_acf_changed":false},"product_cat":[11667,12109,12099],"product_tag":[],"class_list":{"0":"post-54000","1":"product","2":"type-product","3":"status-publish","4":"has-post-thumbnail","6":"product_cat-padelle-pentole","7":"product_cat-toepfe-und-kochtoepfen","8":"product_cat-toepfe-pfannen","10":"first","11":"instock","12":"sale","13":"taxable","14":"shipping-taxable","15":"purchasable","16":"product-type-simple","swatches":"rey-swatches","show_selected":"","stretch_labels":"rey-swatches--stretch-labels"},"acf":[],"yoast_head":"<!-- This site is optimized with the Yoast SEO plugin v25.4 - https:\/\/yoast.com\/wordpress\/plugins\/seo\/ -->\n<title>STAUB Schwarzes Kochgeschirr-Set 24 cm - dev6 Erresse<\/title>\n<meta name=\"description\" content=\"BESCHREIBUNG Wenn es um gusseisernes Kochgeschirr geht, bilden zwei wesentliche Dinge die Grundlage einer gut ausgestatteten K\u00fcche: eine Bratpfanne oder\" \/>\n<meta name=\"robots\" content=\"noindex, follow, max-snippet:-1, max-image-preview:large, max-video-preview:-1\" \/>\n<meta property=\"og:locale\" content=\"de_DE\" \/>\n<meta property=\"og:type\" content=\"article\" \/>\n<meta property=\"og:title\" content=\"STAUB Schwarzes Kochgeschirr-Set 24 cm - dev6 Erresse\" \/>\n<meta property=\"og:description\" content=\"BESCHREIBUNG Wenn es um gusseisernes Kochgeschirr geht, bilden zwei wesentliche Dinge die Grundlage einer gut ausgestatteten K\u00fcche: eine Bratpfanne oder\" \/>\n<meta property=\"og:url\" content=\"https:\/\/dev6.erresse-shop.it\/de\/shop\/toepfe-pfannen\/toepfe-und-kochtoepfen\/staub-schwarzes-kochgeschirr-set-24-cm\/\" \/>\n<meta property=\"og:site_name\" content=\"dev6 Erresse\" \/>\n<meta property=\"og:image\" content=\"https:\/\/interpim.erresse-shop.it\/img-catalogo\/staub\/staub-cuoci-tutto.jpg\" \/><meta property=\"og:image\" content=\"https:\/\/interpim.erresse-shop.it\/img-catalogo\/staub\/staub-cuoci-tutto.jpg\" \/>\n\t<meta property=\"og:image:width\" content=\"1024\" \/>\n\t<meta property=\"og:image:height\" content=\"1024\" \/>\n\t<meta property=\"og:image:type\" content=\"image\/jpeg\" \/>\n<meta name=\"twitter:card\" content=\"summary_large_image\" \/>\n<meta name=\"twitter:image\" content=\"https:\/\/interpim.erresse-shop.it\/img-catalogo\/staub\/staub-cuoci-tutto.jpg\" \/>\n<script type=\"application\/ld+json\" class=\"yoast-schema-graph\">{\"@context\":\"https:\/\/schema.org\",\"@graph\":[{\"@type\":\"WebPage\",\"@id\":\"https:\/\/dev6.erresse-shop.it\/de\/shop\/toepfe-pfannen\/toepfe-und-kochtoepfen\/staub-schwarzes-kochgeschirr-set-24-cm\/\",\"url\":\"https:\/\/dev6.erresse-shop.it\/de\/shop\/toepfe-pfannen\/toepfe-und-kochtoepfen\/staub-schwarzes-kochgeschirr-set-24-cm\/\",\"name\":\"STAUB Schwarzes Kochgeschirr-Set 24 cm - dev6 Erresse\",\"isPartOf\":{\"@id\":\"https:\/\/dev6.erresse-shop.it\/#website\"},\"primaryImageOfPage\":{\"@id\":\"https:\/\/dev6.erresse-shop.it\/de\/shop\/toepfe-pfannen\/toepfe-und-kochtoepfen\/staub-schwarzes-kochgeschirr-set-24-cm\/#primaryimage\"},\"image\":{\"@id\":\"https:\/\/dev6.erresse-shop.it\/de\/shop\/toepfe-pfannen\/toepfe-und-kochtoepfen\/staub-schwarzes-kochgeschirr-set-24-cm\/#primaryimage\"},\"thumbnailUrl\":\"https:\/\/i2.wp.com\/interpim.erresse-shop.it\/img-catalogo\/staub\/staub-cuoci-tutto.jpg?ssl=1\",\"datePublished\":\"2026-04-12T08:19:03+00:00\",\"description\":\"BESCHREIBUNG Wenn es um gusseisernes Kochgeschirr geht, bilden zwei wesentliche Dinge die Grundlage einer gut ausgestatteten K\u00fcche: eine Bratpfanne oder\",\"breadcrumb\":{\"@id\":\"https:\/\/dev6.erresse-shop.it\/de\/shop\/toepfe-pfannen\/toepfe-und-kochtoepfen\/staub-schwarzes-kochgeschirr-set-24-cm\/#breadcrumb\"},\"inLanguage\":\"de\",\"potentialAction\":[{\"@type\":\"ReadAction\",\"target\":[\"https:\/\/dev6.erresse-shop.it\/de\/shop\/toepfe-pfannen\/toepfe-und-kochtoepfen\/staub-schwarzes-kochgeschirr-set-24-cm\/\"]}]},{\"@type\":\"ImageObject\",\"inLanguage\":\"de\",\"@id\":\"https:\/\/dev6.erresse-shop.it\/de\/shop\/toepfe-pfannen\/toepfe-und-kochtoepfen\/staub-schwarzes-kochgeschirr-set-24-cm\/#primaryimage\",\"url\":\"https:\/\/i2.wp.com\/interpim.erresse-shop.it\/img-catalogo\/staub\/staub-cuoci-tutto.jpg?ssl=1\",\"contentUrl\":\"https:\/\/i2.wp.com\/interpim.erresse-shop.it\/img-catalogo\/staub\/staub-cuoci-tutto.jpg?ssl=1\"},{\"@type\":\"BreadcrumbList\",\"@id\":\"https:\/\/dev6.erresse-shop.it\/de\/shop\/toepfe-pfannen\/toepfe-und-kochtoepfen\/staub-schwarzes-kochgeschirr-set-24-cm\/#breadcrumb\",\"itemListElement\":[{\"@type\":\"ListItem\",\"position\":1,\"name\":\"Home\",\"item\":\"https:\/\/dev6.erresse-shop.it\/\"},{\"@type\":\"ListItem\",\"position\":2,\"name\":\"Shop\",\"item\":\"https:\/\/dev6.erresse-shop.it\/shop\/\"},{\"@type\":\"ListItem\",\"position\":3,\"name\":\"STAUB Schwarzes Kochgeschirr-Set 24 cm\"}]},{\"@type\":\"WebSite\",\"@id\":\"https:\/\/dev6.erresse-shop.it\/#website\",\"url\":\"https:\/\/dev6.erresse-shop.it\/\",\"name\":\"Erresse Shop\",\"description\":\"\",\"publisher\":{\"@id\":\"https:\/\/dev6.erresse-shop.it\/#organization\"},\"potentialAction\":[{\"@type\":\"SearchAction\",\"target\":{\"@type\":\"EntryPoint\",\"urlTemplate\":\"https:\/\/dev6.erresse-shop.it\/?s={search_term_string}\"},\"query-input\":{\"@type\":\"PropertyValueSpecification\",\"valueRequired\":true,\"valueName\":\"search_term_string\"}}],\"inLanguage\":\"de\"},{\"@type\":\"Organization\",\"@id\":\"https:\/\/dev6.erresse-shop.it\/#organization\",\"name\":\"Erresse Shop\",\"url\":\"https:\/\/dev6.erresse-shop.it\/\",\"logo\":{\"@type\":\"ImageObject\",\"inLanguage\":\"de\",\"@id\":\"https:\/\/dev6.erresse-shop.it\/#\/schema\/logo\/image\/\",\"url\":\"https:\/\/dev6.erresse-shop.it\/wp-content\/uploads\/2025\/01\/LOGO-ERRESSE-CLASSICO.svg\",\"contentUrl\":\"https:\/\/dev6.erresse-shop.it\/wp-content\/uploads\/2025\/01\/LOGO-ERRESSE-CLASSICO.svg\",\"caption\":\"Erresse Shop\"},\"image\":{\"@id\":\"https:\/\/dev6.erresse-shop.it\/#\/schema\/logo\/image\/\"}}]}<\/script>\n<!-- \/ Yoast SEO plugin. -->","yoast_head_json":{"title":"STAUB Schwarzes Kochgeschirr-Set 24 cm - dev6 Erresse","description":"BESCHREIBUNG Wenn es um gusseisernes Kochgeschirr geht, bilden zwei wesentliche Dinge die Grundlage einer gut ausgestatteten K\u00fcche: eine Bratpfanne oder","robots":{"index":"noindex","follow":"follow","max-snippet":"max-snippet:-1","max-image-preview":"max-image-preview:large","max-video-preview":"max-video-preview:-1"},"og_locale":"de_DE","og_type":"article","og_title":"STAUB Schwarzes Kochgeschirr-Set 24 cm - dev6 Erresse","og_description":"BESCHREIBUNG Wenn es um gusseisernes Kochgeschirr geht, bilden zwei wesentliche Dinge die Grundlage einer gut ausgestatteten K\u00fcche: eine Bratpfanne oder","og_url":"https:\/\/dev6.erresse-shop.it\/de\/shop\/toepfe-pfannen\/toepfe-und-kochtoepfen\/staub-schwarzes-kochgeschirr-set-24-cm\/","og_site_name":"dev6 Erresse","og_image":[{"url":"https:\/\/interpim.erresse-shop.it\/img-catalogo\/staub\/staub-cuoci-tutto.jpg","type":"","width":"","height":""},{"url":"https:\/\/interpim.erresse-shop.it\/img-catalogo\/staub\/staub-cuoci-tutto.jpg","width":1024,"height":1024,"type":"image\/jpeg"}],"twitter_card":"summary_large_image","twitter_image":"https:\/\/interpim.erresse-shop.it\/img-catalogo\/staub\/staub-cuoci-tutto.jpg","schema":{"@context":"https:\/\/schema.org","@graph":[{"@type":"WebPage","@id":"https:\/\/dev6.erresse-shop.it\/de\/shop\/toepfe-pfannen\/toepfe-und-kochtoepfen\/staub-schwarzes-kochgeschirr-set-24-cm\/","url":"https:\/\/dev6.erresse-shop.it\/de\/shop\/toepfe-pfannen\/toepfe-und-kochtoepfen\/staub-schwarzes-kochgeschirr-set-24-cm\/","name":"STAUB Schwarzes Kochgeschirr-Set 24 cm - dev6 Erresse","isPartOf":{"@id":"https:\/\/dev6.erresse-shop.it\/#website"},"primaryImageOfPage":{"@id":"https:\/\/dev6.erresse-shop.it\/de\/shop\/toepfe-pfannen\/toepfe-und-kochtoepfen\/staub-schwarzes-kochgeschirr-set-24-cm\/#primaryimage"},"image":{"@id":"https:\/\/dev6.erresse-shop.it\/de\/shop\/toepfe-pfannen\/toepfe-und-kochtoepfen\/staub-schwarzes-kochgeschirr-set-24-cm\/#primaryimage"},"thumbnailUrl":"https:\/\/i2.wp.com\/interpim.erresse-shop.it\/img-catalogo\/staub\/staub-cuoci-tutto.jpg?ssl=1","datePublished":"2026-04-12T08:19:03+00:00","description":"BESCHREIBUNG Wenn es um gusseisernes Kochgeschirr geht, bilden zwei wesentliche Dinge die Grundlage einer gut ausgestatteten K\u00fcche: eine Bratpfanne oder","breadcrumb":{"@id":"https:\/\/dev6.erresse-shop.it\/de\/shop\/toepfe-pfannen\/toepfe-und-kochtoepfen\/staub-schwarzes-kochgeschirr-set-24-cm\/#breadcrumb"},"inLanguage":"de","potentialAction":[{"@type":"ReadAction","target":["https:\/\/dev6.erresse-shop.it\/de\/shop\/toepfe-pfannen\/toepfe-und-kochtoepfen\/staub-schwarzes-kochgeschirr-set-24-cm\/"]}]},{"@type":"ImageObject","inLanguage":"de","@id":"https:\/\/dev6.erresse-shop.it\/de\/shop\/toepfe-pfannen\/toepfe-und-kochtoepfen\/staub-schwarzes-kochgeschirr-set-24-cm\/#primaryimage","url":"https:\/\/i2.wp.com\/interpim.erresse-shop.it\/img-catalogo\/staub\/staub-cuoci-tutto.jpg?ssl=1","contentUrl":"https:\/\/i2.wp.com\/interpim.erresse-shop.it\/img-catalogo\/staub\/staub-cuoci-tutto.jpg?ssl=1"},{"@type":"BreadcrumbList","@id":"https:\/\/dev6.erresse-shop.it\/de\/shop\/toepfe-pfannen\/toepfe-und-kochtoepfen\/staub-schwarzes-kochgeschirr-set-24-cm\/#breadcrumb","itemListElement":[{"@type":"ListItem","position":1,"name":"Home","item":"https:\/\/dev6.erresse-shop.it\/"},{"@type":"ListItem","position":2,"name":"Shop","item":"https:\/\/dev6.erresse-shop.it\/shop\/"},{"@type":"ListItem","position":3,"name":"STAUB Schwarzes Kochgeschirr-Set 24 cm"}]},{"@type":"WebSite","@id":"https:\/\/dev6.erresse-shop.it\/#website","url":"https:\/\/dev6.erresse-shop.it\/","name":"Erresse Shop","description":"","publisher":{"@id":"https:\/\/dev6.erresse-shop.it\/#organization"},"potentialAction":[{"@type":"SearchAction","target":{"@type":"EntryPoint","urlTemplate":"https:\/\/dev6.erresse-shop.it\/?s={search_term_string}"},"query-input":{"@type":"PropertyValueSpecification","valueRequired":true,"valueName":"search_term_string"}}],"inLanguage":"de"},{"@type":"Organization","@id":"https:\/\/dev6.erresse-shop.it\/#organization","name":"Erresse Shop","url":"https:\/\/dev6.erresse-shop.it\/","logo":{"@type":"ImageObject","inLanguage":"de","@id":"https:\/\/dev6.erresse-shop.it\/#\/schema\/logo\/image\/","url":"https:\/\/dev6.erresse-shop.it\/wp-content\/uploads\/2025\/01\/LOGO-ERRESSE-CLASSICO.svg","contentUrl":"https:\/\/dev6.erresse-shop.it\/wp-content\/uploads\/2025\/01\/LOGO-ERRESSE-CLASSICO.svg","caption":"Erresse Shop"},"image":{"@id":"https:\/\/dev6.erresse-shop.it\/#\/schema\/logo\/image\/"}}]}},"df_price":179,"df_sale_price":179,"df_regular_price":279,"df_image_link":"https:\/\/i2.wp.com\/interpim.erresse-shop.it\/img-catalogo\/staub\/staub-cuoci-tutto.jpg?resize=300,300&ssl=1","fifu_image_url":"https:\/\/interpim.erresse-shop.it\/img-catalogo\/staub\/staub-cuoci-tutto.jpg","_links":{"self":[{"href":"https:\/\/dev6.erresse-shop.it\/de\/wp-json\/wp\/v2\/product\/54000","targetHints":{"allow":["GET"]}}],"collection":[{"href":"https:\/\/dev6.erresse-shop.it\/de\/wp-json\/wp\/v2\/product"}],"about":[{"href":"https:\/\/dev6.erresse-shop.it\/de\/wp-json\/wp\/v2\/types\/product"}],"wp:featuredmedia":[{"embeddable":true,"href":"https:\/\/dev6.erresse-shop.it\/de\/wp-json\/wp\/v2\/media\/6365652"}],"wp:attachment":[{"href":"https:\/\/dev6.erresse-shop.it\/de\/wp-json\/wp\/v2\/media?parent=54000"}],"wp:term":[{"taxonomy":"product_cat","embeddable":true,"href":"https:\/\/dev6.erresse-shop.it\/de\/wp-json\/wp\/v2\/product_cat?post=54000"},{"taxonomy":"product_tag","embeddable":true,"href":"https:\/\/dev6.erresse-shop.it\/de\/wp-json\/wp\/v2\/product_tag?post=54000"}],"curies":[{"name":"wp","href":"https:\/\/api.w.org\/{rel}","templated":true}]}}