{"id":53992,"date":"2026-04-04T10:16:32","date_gmt":"2026-04-04T08:16:32","guid":{"rendered":"https:\/\/dev6.erresse-shop.it\/shop\/unkategorisiert\/staub-graphitgraue-runde-teekanne\/"},"modified":"2025-09-14T01:34:45","modified_gmt":"2025-09-13T23:34:45","slug":"staub-graphitgraue-runde-teekanne","status":"publish","type":"product","link":"https:\/\/dev6.erresse-shop.it\/de\/shop\/tisch\/teekannen-zuckerdosen-milchkannen\/staub-graphitgraue-runde-teekanne\/","title":{"rendered":"STAUB Graphitgraue runde Teekanne"},"content":{"rendered":"<p>Der kleine runde Wasserkocher ist sowohl eine Teekanne als auch ein Wasserkocher. Er verf\u00fcgt \u00fcber eine Halterung f\u00fcr das Tee-Ei und einen Griff aus Edelstahl, der den Deckel beim Ausgie\u00dfen der Fl\u00fcssigkeit verschlie\u00dft. Diese Eigenschaften machen ihn zur perfekten Teekanne, aber er kann auch als reiner Wasserkocher verwendet werden. Sie kann sowohl auf Kochplatten als auch auf Induktionskochfeldern verwendet werden. Die Teekanne hat einen Durchmesser von 16,5 cm, eine H\u00f6he von 18 cm und ein Fassungsverm\u00f6gen von 1,15 Litern. Sie ist aus Gusseisen gefertigt und innen schwarz emailliert. Sie eignet sich perfekt f\u00fcr Tee, da Gusseisen die W\u00e4rme hervorragend speichert und den Tee lange hei\u00df h\u00e4lt. Das emaillierte Gusseisen ist langlebig, \u00e4u\u00dferst robust und leicht zu reinigen. Die Familie, die sich zum Teetrinken versammelt, wird die Klasse dieser farbenfrohen Designer-Teekanne bemerken, die Ihre K\u00fcchenutensilien erg\u00e4nzt. Probieren Sie neue Tees und Kr\u00e4utertees aus und servieren Sie sie mit der emaillierten Teekanne von Staub mit Klasse.<\/p>\n<p>Geeignet f\u00fcr kochendes Wasser und Ziehtee<br \/>\nDer Tee bleibt lange Zeit hei\u00df<br \/>\nDas Tee-Ei wird unter dem Knopf eingeh\u00e4ngt<br \/>\nGeeignet f\u00fcr alle Herdarten, auch f\u00fcr Induktionsherde<br \/>\nEignet sich auch zum Servieren von Suppen auf originelle Art und Weise<\/p>\n<p>ABMESSUNGEN<br \/>\nNettogewicht: 2,60 kg<br \/>\nFassungsverm\u00f6gen: 1,15 l<br \/>\nL\u00e4nge des Produkts: 16,60 cm<br \/>\nBreite des Produkts: 12,00 cm<br \/>\nH\u00f6he des Produkts: 18,00 cm<br \/>\nDurchmesser oben: 21,00 cm<br \/>\nUnterer Durchmesser: 9,50 cm<\/p>\n","protected":false},"excerpt":{"rendered":"<p>Der kleine runde Wasserkocher ist sowohl eine Teekanne als auch ein Wasserkocher. Er verf\u00fcgt \u00fcber eine Halterung f\u00fcr das Tee-Ei und einen Griff aus Edelstahl, der den Deckel beim Ausgie\u00dfen der Fl\u00fcssigkeit verschlie\u00dft. Diese Eigenschaften machen ihn zur perfekten Teekanne, aber er kann auch als reiner Wasserkocher verwendet werden. Sie kann sowohl auf Kochplatten als [&hellip;]<\/p>\n","protected":false},"featured_media":6282310,"template":"","meta":{"_acf_changed":false},"product_cat":[11681,12100,12114,12103,12113],"product_tag":[],"class_list":{"0":"post-53992","1":"product","2":"type-product","3":"status-publish","4":"has-post-thumbnail","6":"product_cat-bollitori","7":"product_cat-kuche","8":"product_cat-teekannen-zuckerdosen-milchkannen","9":"product_cat-tisch","10":"product_cat-wasserkocher","12":"first","13":"instock","14":"sale","15":"taxable","16":"shipping-taxable","17":"purchasable","18":"product-type-simple","swatches":"rey-swatches","show_selected":"","stretch_labels":"rey-swatches--stretch-labels"},"acf":[],"yoast_head":"<!-- This site is optimized with the Yoast SEO plugin v25.4 - https:\/\/yoast.com\/wordpress\/plugins\/seo\/ -->\n<title>STAUB Graphitgraue runde Teekanne - dev6 Erresse<\/title>\n<meta name=\"description\" content=\"Der kleine runde Wasserkocher ist sowohl eine Teekanne als auch ein Wasserkocher. Er verf\u00fcgt \u00fcber eine Halterung f\u00fcr das Tee-Ei und einen Griff aus\" \/>\n<meta name=\"robots\" content=\"noindex, follow, max-snippet:-1, max-image-preview:large, max-video-preview:-1\" \/>\n<meta property=\"og:locale\" content=\"de_DE\" \/>\n<meta property=\"og:type\" content=\"article\" \/>\n<meta property=\"og:title\" content=\"STAUB Graphitgraue runde Teekanne - dev6 Erresse\" \/>\n<meta property=\"og:description\" content=\"Der kleine runde Wasserkocher ist sowohl eine Teekanne als auch ein Wasserkocher. Er verf\u00fcgt \u00fcber eine Halterung f\u00fcr das Tee-Ei und einen Griff aus\" \/>\n<meta property=\"og:url\" content=\"https:\/\/dev6.erresse-shop.it\/de\/shop\/tisch\/teekannen-zuckerdosen-milchkannen\/staub-graphitgraue-runde-teekanne\/\" \/>\n<meta property=\"og:site_name\" content=\"dev6 Erresse\" \/>\n<meta property=\"og:image\" content=\"https:\/\/interpim.erresse-shop.it\/img-catalogo\/staub\/staub-teiera-grigio.jpg\" \/><meta property=\"og:image\" content=\"https:\/\/interpim.erresse-shop.it\/img-catalogo\/staub\/staub-teiera-grigio.jpg\" \/>\n\t<meta property=\"og:image:width\" content=\"1024\" \/>\n\t<meta property=\"og:image:height\" content=\"1024\" \/>\n\t<meta property=\"og:image:type\" content=\"image\/jpeg\" \/>\n<meta name=\"twitter:card\" content=\"summary_large_image\" \/>\n<meta name=\"twitter:image\" content=\"https:\/\/interpim.erresse-shop.it\/img-catalogo\/staub\/staub-teiera-grigio.jpg\" \/>\n<script type=\"application\/ld+json\" class=\"yoast-schema-graph\">{\"@context\":\"https:\/\/schema.org\",\"@graph\":[{\"@type\":\"WebPage\",\"@id\":\"https:\/\/dev6.erresse-shop.it\/de\/shop\/tisch\/teekannen-zuckerdosen-milchkannen\/staub-graphitgraue-runde-teekanne\/\",\"url\":\"https:\/\/dev6.erresse-shop.it\/de\/shop\/tisch\/teekannen-zuckerdosen-milchkannen\/staub-graphitgraue-runde-teekanne\/\",\"name\":\"STAUB Graphitgraue runde Teekanne - dev6 Erresse\",\"isPartOf\":{\"@id\":\"https:\/\/dev6.erresse-shop.it\/#website\"},\"primaryImageOfPage\":{\"@id\":\"https:\/\/dev6.erresse-shop.it\/de\/shop\/tisch\/teekannen-zuckerdosen-milchkannen\/staub-graphitgraue-runde-teekanne\/#primaryimage\"},\"image\":{\"@id\":\"https:\/\/dev6.erresse-shop.it\/de\/shop\/tisch\/teekannen-zuckerdosen-milchkannen\/staub-graphitgraue-runde-teekanne\/#primaryimage\"},\"thumbnailUrl\":\"https:\/\/i1.wp.com\/interpim.erresse-shop.it\/img-catalogo\/staub\/staub-teiera-grigio.jpg?ssl=1\",\"datePublished\":\"2026-04-04T08:16:32+00:00\",\"description\":\"Der kleine runde Wasserkocher ist sowohl eine Teekanne als auch ein Wasserkocher. Er verf\u00fcgt \u00fcber eine Halterung f\u00fcr das Tee-Ei und einen Griff aus\",\"breadcrumb\":{\"@id\":\"https:\/\/dev6.erresse-shop.it\/de\/shop\/tisch\/teekannen-zuckerdosen-milchkannen\/staub-graphitgraue-runde-teekanne\/#breadcrumb\"},\"inLanguage\":\"de\",\"potentialAction\":[{\"@type\":\"ReadAction\",\"target\":[\"https:\/\/dev6.erresse-shop.it\/de\/shop\/tisch\/teekannen-zuckerdosen-milchkannen\/staub-graphitgraue-runde-teekanne\/\"]}]},{\"@type\":\"ImageObject\",\"inLanguage\":\"de\",\"@id\":\"https:\/\/dev6.erresse-shop.it\/de\/shop\/tisch\/teekannen-zuckerdosen-milchkannen\/staub-graphitgraue-runde-teekanne\/#primaryimage\",\"url\":\"https:\/\/i1.wp.com\/interpim.erresse-shop.it\/img-catalogo\/staub\/staub-teiera-grigio.jpg?ssl=1\",\"contentUrl\":\"https:\/\/i1.wp.com\/interpim.erresse-shop.it\/img-catalogo\/staub\/staub-teiera-grigio.jpg?ssl=1\"},{\"@type\":\"BreadcrumbList\",\"@id\":\"https:\/\/dev6.erresse-shop.it\/de\/shop\/tisch\/teekannen-zuckerdosen-milchkannen\/staub-graphitgraue-runde-teekanne\/#breadcrumb\",\"itemListElement\":[{\"@type\":\"ListItem\",\"position\":1,\"name\":\"Home\",\"item\":\"https:\/\/dev6.erresse-shop.it\/\"},{\"@type\":\"ListItem\",\"position\":2,\"name\":\"Shop\",\"item\":\"https:\/\/dev6.erresse-shop.it\/shop\/\"},{\"@type\":\"ListItem\",\"position\":3,\"name\":\"STAUB Graphitgraue runde Teekanne\"}]},{\"@type\":\"WebSite\",\"@id\":\"https:\/\/dev6.erresse-shop.it\/#website\",\"url\":\"https:\/\/dev6.erresse-shop.it\/\",\"name\":\"Erresse Shop\",\"description\":\"\",\"publisher\":{\"@id\":\"https:\/\/dev6.erresse-shop.it\/#organization\"},\"potentialAction\":[{\"@type\":\"SearchAction\",\"target\":{\"@type\":\"EntryPoint\",\"urlTemplate\":\"https:\/\/dev6.erresse-shop.it\/?s={search_term_string}\"},\"query-input\":{\"@type\":\"PropertyValueSpecification\",\"valueRequired\":true,\"valueName\":\"search_term_string\"}}],\"inLanguage\":\"de\"},{\"@type\":\"Organization\",\"@id\":\"https:\/\/dev6.erresse-shop.it\/#organization\",\"name\":\"Erresse Shop\",\"url\":\"https:\/\/dev6.erresse-shop.it\/\",\"logo\":{\"@type\":\"ImageObject\",\"inLanguage\":\"de\",\"@id\":\"https:\/\/dev6.erresse-shop.it\/#\/schema\/logo\/image\/\",\"url\":\"https:\/\/dev6.erresse-shop.it\/wp-content\/uploads\/2025\/01\/LOGO-ERRESSE-CLASSICO.svg\",\"contentUrl\":\"https:\/\/dev6.erresse-shop.it\/wp-content\/uploads\/2025\/01\/LOGO-ERRESSE-CLASSICO.svg\",\"caption\":\"Erresse Shop\"},\"image\":{\"@id\":\"https:\/\/dev6.erresse-shop.it\/#\/schema\/logo\/image\/\"}}]}<\/script>\n<!-- \/ Yoast SEO plugin. -->","yoast_head_json":{"title":"STAUB Graphitgraue runde Teekanne - dev6 Erresse","description":"Der kleine runde Wasserkocher ist sowohl eine Teekanne als auch ein Wasserkocher. Er verf\u00fcgt \u00fcber eine Halterung f\u00fcr das Tee-Ei und einen Griff aus","robots":{"index":"noindex","follow":"follow","max-snippet":"max-snippet:-1","max-image-preview":"max-image-preview:large","max-video-preview":"max-video-preview:-1"},"og_locale":"de_DE","og_type":"article","og_title":"STAUB Graphitgraue runde Teekanne - dev6 Erresse","og_description":"Der kleine runde Wasserkocher ist sowohl eine Teekanne als auch ein Wasserkocher. Er verf\u00fcgt \u00fcber eine Halterung f\u00fcr das Tee-Ei und einen Griff aus","og_url":"https:\/\/dev6.erresse-shop.it\/de\/shop\/tisch\/teekannen-zuckerdosen-milchkannen\/staub-graphitgraue-runde-teekanne\/","og_site_name":"dev6 Erresse","og_image":[{"url":"https:\/\/interpim.erresse-shop.it\/img-catalogo\/staub\/staub-teiera-grigio.jpg","type":"","width":"","height":""},{"url":"https:\/\/interpim.erresse-shop.it\/img-catalogo\/staub\/staub-teiera-grigio.jpg","width":1024,"height":1024,"type":"image\/jpeg"}],"twitter_card":"summary_large_image","twitter_image":"https:\/\/interpim.erresse-shop.it\/img-catalogo\/staub\/staub-teiera-grigio.jpg","schema":{"@context":"https:\/\/schema.org","@graph":[{"@type":"WebPage","@id":"https:\/\/dev6.erresse-shop.it\/de\/shop\/tisch\/teekannen-zuckerdosen-milchkannen\/staub-graphitgraue-runde-teekanne\/","url":"https:\/\/dev6.erresse-shop.it\/de\/shop\/tisch\/teekannen-zuckerdosen-milchkannen\/staub-graphitgraue-runde-teekanne\/","name":"STAUB Graphitgraue runde Teekanne - dev6 Erresse","isPartOf":{"@id":"https:\/\/dev6.erresse-shop.it\/#website"},"primaryImageOfPage":{"@id":"https:\/\/dev6.erresse-shop.it\/de\/shop\/tisch\/teekannen-zuckerdosen-milchkannen\/staub-graphitgraue-runde-teekanne\/#primaryimage"},"image":{"@id":"https:\/\/dev6.erresse-shop.it\/de\/shop\/tisch\/teekannen-zuckerdosen-milchkannen\/staub-graphitgraue-runde-teekanne\/#primaryimage"},"thumbnailUrl":"https:\/\/i1.wp.com\/interpim.erresse-shop.it\/img-catalogo\/staub\/staub-teiera-grigio.jpg?ssl=1","datePublished":"2026-04-04T08:16:32+00:00","description":"Der kleine runde Wasserkocher ist sowohl eine Teekanne als auch ein Wasserkocher. Er verf\u00fcgt \u00fcber eine Halterung f\u00fcr das Tee-Ei und einen Griff aus","breadcrumb":{"@id":"https:\/\/dev6.erresse-shop.it\/de\/shop\/tisch\/teekannen-zuckerdosen-milchkannen\/staub-graphitgraue-runde-teekanne\/#breadcrumb"},"inLanguage":"de","potentialAction":[{"@type":"ReadAction","target":["https:\/\/dev6.erresse-shop.it\/de\/shop\/tisch\/teekannen-zuckerdosen-milchkannen\/staub-graphitgraue-runde-teekanne\/"]}]},{"@type":"ImageObject","inLanguage":"de","@id":"https:\/\/dev6.erresse-shop.it\/de\/shop\/tisch\/teekannen-zuckerdosen-milchkannen\/staub-graphitgraue-runde-teekanne\/#primaryimage","url":"https:\/\/i1.wp.com\/interpim.erresse-shop.it\/img-catalogo\/staub\/staub-teiera-grigio.jpg?ssl=1","contentUrl":"https:\/\/i1.wp.com\/interpim.erresse-shop.it\/img-catalogo\/staub\/staub-teiera-grigio.jpg?ssl=1"},{"@type":"BreadcrumbList","@id":"https:\/\/dev6.erresse-shop.it\/de\/shop\/tisch\/teekannen-zuckerdosen-milchkannen\/staub-graphitgraue-runde-teekanne\/#breadcrumb","itemListElement":[{"@type":"ListItem","position":1,"name":"Home","item":"https:\/\/dev6.erresse-shop.it\/"},{"@type":"ListItem","position":2,"name":"Shop","item":"https:\/\/dev6.erresse-shop.it\/shop\/"},{"@type":"ListItem","position":3,"name":"STAUB Graphitgraue runde Teekanne"}]},{"@type":"WebSite","@id":"https:\/\/dev6.erresse-shop.it\/#website","url":"https:\/\/dev6.erresse-shop.it\/","name":"Erresse Shop","description":"","publisher":{"@id":"https:\/\/dev6.erresse-shop.it\/#organization"},"potentialAction":[{"@type":"SearchAction","target":{"@type":"EntryPoint","urlTemplate":"https:\/\/dev6.erresse-shop.it\/?s={search_term_string}"},"query-input":{"@type":"PropertyValueSpecification","valueRequired":true,"valueName":"search_term_string"}}],"inLanguage":"de"},{"@type":"Organization","@id":"https:\/\/dev6.erresse-shop.it\/#organization","name":"Erresse Shop","url":"https:\/\/dev6.erresse-shop.it\/","logo":{"@type":"ImageObject","inLanguage":"de","@id":"https:\/\/dev6.erresse-shop.it\/#\/schema\/logo\/image\/","url":"https:\/\/dev6.erresse-shop.it\/wp-content\/uploads\/2025\/01\/LOGO-ERRESSE-CLASSICO.svg","contentUrl":"https:\/\/dev6.erresse-shop.it\/wp-content\/uploads\/2025\/01\/LOGO-ERRESSE-CLASSICO.svg","caption":"Erresse Shop"},"image":{"@id":"https:\/\/dev6.erresse-shop.it\/#\/schema\/logo\/image\/"}}]}},"df_price":129.95,"df_sale_price":129.95,"df_regular_price":199,"df_image_link":"https:\/\/i1.wp.com\/interpim.erresse-shop.it\/img-catalogo\/staub\/staub-teiera-grigio.jpg?resize=300,300&ssl=1","fifu_image_url":"https:\/\/interpim.erresse-shop.it\/img-catalogo\/staub\/staub-teiera-grigio.jpg","_links":{"self":[{"href":"https:\/\/dev6.erresse-shop.it\/de\/wp-json\/wp\/v2\/product\/53992","targetHints":{"allow":["GET"]}}],"collection":[{"href":"https:\/\/dev6.erresse-shop.it\/de\/wp-json\/wp\/v2\/product"}],"about":[{"href":"https:\/\/dev6.erresse-shop.it\/de\/wp-json\/wp\/v2\/types\/product"}],"wp:featuredmedia":[{"embeddable":true,"href":"https:\/\/dev6.erresse-shop.it\/de\/wp-json\/wp\/v2\/media\/6282310"}],"wp:attachment":[{"href":"https:\/\/dev6.erresse-shop.it\/de\/wp-json\/wp\/v2\/media?parent=53992"}],"wp:term":[{"taxonomy":"product_cat","embeddable":true,"href":"https:\/\/dev6.erresse-shop.it\/de\/wp-json\/wp\/v2\/product_cat?post=53992"},{"taxonomy":"product_tag","embeddable":true,"href":"https:\/\/dev6.erresse-shop.it\/de\/wp-json\/wp\/v2\/product_tag?post=53992"}],"curies":[{"name":"wp","href":"https:\/\/api.w.org\/{rel}","templated":true}]}}