{"id":53988,"date":"2026-04-04T10:16:32","date_gmt":"2026-04-04T08:16:32","guid":{"rendered":"https:\/\/dev6.erresse-shop.it\/shop\/unkategorisiert\/staub-bratpfanne-28-cm-schwarz\/"},"modified":"2025-09-14T01:34:37","modified_gmt":"2025-09-13T23:34:37","slug":"staub-bratpfanne-28-cm-schwarz","status":"publish","type":"product","link":"https:\/\/dev6.erresse-shop.it\/de\/shop\/toepfe-pfannen\/staub-bratpfanne-28-cm-schwarz\/","title":{"rendered":"STAUB Bratpfanne 28 cm Schwarz"},"content":{"rendered":"<p>BESCHREIBUNG<br \/>\nIn der schwarzen gusseisernen Bratpfanne von STAUB lassen sich m\u00fchelos saftige Steaks, aromatische Gem\u00fcsegerichte, gebratener Fisch und leckere Saucen zubereiten. Der ergonomische Holzgriff ist w\u00e4rmeisolierend und sch\u00fctzt so vor Verbrennungen, gleichzeitig l\u00e4sst sich die Gusseisenpfanne auf dem Kochfeld leicht handhaben und das Bratgut auf den Servierteller bef\u00f6rdern. Der schwarze Gusseisenk\u00f6rper besticht durch kurze Aufheizzeiten und eine optimale W\u00e4rmeverteilung und -speicherung. Dadurch eignet sich die Pfanne nicht nur f\u00fcr die Zubereitung von knusprigen Braten, sondern auch f\u00fcr langsames Schmoren, z. B. von Kohlgerichten. Mit einem passenden Untersetzer kann die Bratpfanne auch zum stilvollen Servieren verwendet werden. Dank ihrer kompakten Abmessungen mit einem Durchmesser von 24 cm ist die Bratpfanne besonders f\u00fcr kleine Haushalte geeignet. Dank der praktischen Aufh\u00e4nge\u00f6se l\u00e4sst sie sich platzsparend aufbewahren.<\/p>\n<p>F\u00fcr die Zubereitung von Fleisch, Fisch, Gem\u00fcse, Eint\u00f6pfen und vielem mehr<br \/>\nGeeignet f\u00fcr Elektro-, Gas-, Halogen-, Glaskeramik- oder Induktionskochfelder<br \/>\nGlatter Boden f\u00fcr den schonenden Einsatz auf empfindlichen Kochfeldern<br \/>\nEnergiesparendes Kochen dank der besonderen Eigenschaften von Gusseisen<br \/>\nMa\u00dfe mit Griff (BxTxH): 50 x 29 x 7,2 cm, Durchmesser: 28 cm, Boden: 21,5 cm<br \/>\nGewicht: 2,5 kg<\/p>\n<p>FEATURES<br \/>\nFarbe: schwarz<br \/>\nHitzebest\u00e4ndigkeit: 260 \u00baCa<br \/>\nK\u00e4ltebest\u00e4ndigkeit: -20 \u00baC<br \/>\nMaterial: Gusseisen<br \/>\nGrifftyp: langer Griff<br \/>\nMarketingbezeichnung Beschichtung: Schwarz Matt<br \/>\nVorhandener Deckel: Nein<br \/>\nInduktion: Ja<br \/>\nGeeignet f\u00fcr Gefrierschrank: Ja<br \/>\nGeeignet f\u00fcr Kochfeld: Ja<\/p>\n<p>ABMESSUNGEN<br \/>\nNettogewicht: 2,50 kg<br \/>\nFassungsverm\u00f6gen: 2,00 l<br \/>\nL\u00e4nge des Produkts: 51,00 cm<br \/>\nBreite des Produkts: 29,00 cm<br \/>\nH\u00f6he des Produkts: 7,20 cm<br \/>\nH\u00f6he ohne Deckel: 5,00 cm<br \/>\nDurchmesser oben: 28,00 cm<br \/>\nUnterer Durchmesser: 21,50 cm<br \/>\nL\u00e4nge des Griffs: 10,50 cm<\/p>\n","protected":false},"excerpt":{"rendered":"<p>BESCHREIBUNG In der schwarzen gusseisernen Bratpfanne von STAUB lassen sich m\u00fchelos saftige Steaks, aromatische Gem\u00fcsegerichte, gebratener Fisch und leckere Saucen zubereiten. Der ergonomische Holzgriff ist w\u00e4rmeisolierend und sch\u00fctzt so vor Verbrennungen, gleichzeitig l\u00e4sst sich die Gusseisenpfanne auf dem Kochfeld leicht handhaben und das Bratgut auf den Servierteller bef\u00f6rdern. Der schwarze Gusseisenk\u00f6rper besticht durch kurze Aufheizzeiten [&hellip;]<\/p>\n","protected":false},"featured_media":6282284,"template":"","meta":{"_acf_changed":false},"product_cat":[12099],"product_tag":[],"class_list":{"0":"post-53988","1":"product","2":"type-product","3":"status-publish","4":"has-post-thumbnail","6":"product_cat-toepfe-pfannen","8":"first","9":"instock","10":"sale","11":"taxable","12":"shipping-taxable","13":"purchasable","14":"product-type-simple","swatches":"rey-swatches","show_selected":"","stretch_labels":"rey-swatches--stretch-labels"},"acf":[],"yoast_head":"<!-- This site is optimized with the Yoast SEO plugin v25.4 - https:\/\/yoast.com\/wordpress\/plugins\/seo\/ -->\n<title>STAUB Bratpfanne 28 cm Schwarz - dev6 Erresse<\/title>\n<meta name=\"description\" content=\"BESCHREIBUNG In der schwarzen gusseisernen Bratpfanne von STAUB lassen sich m\u00fchelos saftige Steaks, aromatische Gem\u00fcsegerichte, gebratener Fisch und\" \/>\n<meta name=\"robots\" content=\"noindex, follow, max-snippet:-1, max-image-preview:large, max-video-preview:-1\" \/>\n<meta property=\"og:locale\" content=\"de_DE\" \/>\n<meta property=\"og:type\" content=\"article\" \/>\n<meta property=\"og:title\" content=\"STAUB Bratpfanne 28 cm Schwarz - dev6 Erresse\" \/>\n<meta property=\"og:description\" content=\"BESCHREIBUNG In der schwarzen gusseisernen Bratpfanne von STAUB lassen sich m\u00fchelos saftige Steaks, aromatische Gem\u00fcsegerichte, gebratener Fisch und\" \/>\n<meta property=\"og:url\" content=\"https:\/\/dev6.erresse-shop.it\/de\/shop\/toepfe-pfannen\/staub-bratpfanne-28-cm-schwarz\/\" \/>\n<meta property=\"og:site_name\" content=\"dev6 Erresse\" \/>\n<meta property=\"og:image\" content=\"https:\/\/interpim.erresse-shop.it\/img-catalogo\/staub\/staub-padella-28-cm-ghisa.jpg\" \/><meta property=\"og:image\" content=\"https:\/\/interpim.erresse-shop.it\/img-catalogo\/staub\/staub-padella-28-cm-ghisa.jpg\" \/>\n\t<meta property=\"og:image:width\" content=\"1024\" \/>\n\t<meta property=\"og:image:height\" content=\"1024\" \/>\n\t<meta property=\"og:image:type\" content=\"image\/jpeg\" \/>\n<meta name=\"twitter:card\" content=\"summary_large_image\" \/>\n<meta name=\"twitter:image\" content=\"https:\/\/interpim.erresse-shop.it\/img-catalogo\/staub\/staub-padella-28-cm-ghisa.jpg\" \/>\n<script type=\"application\/ld+json\" class=\"yoast-schema-graph\">{\"@context\":\"https:\/\/schema.org\",\"@graph\":[{\"@type\":\"WebPage\",\"@id\":\"https:\/\/dev6.erresse-shop.it\/de\/shop\/toepfe-pfannen\/staub-bratpfanne-28-cm-schwarz\/\",\"url\":\"https:\/\/dev6.erresse-shop.it\/de\/shop\/toepfe-pfannen\/staub-bratpfanne-28-cm-schwarz\/\",\"name\":\"STAUB Bratpfanne 28 cm Schwarz - dev6 Erresse\",\"isPartOf\":{\"@id\":\"https:\/\/dev6.erresse-shop.it\/#website\"},\"primaryImageOfPage\":{\"@id\":\"https:\/\/dev6.erresse-shop.it\/de\/shop\/toepfe-pfannen\/staub-bratpfanne-28-cm-schwarz\/#primaryimage\"},\"image\":{\"@id\":\"https:\/\/dev6.erresse-shop.it\/de\/shop\/toepfe-pfannen\/staub-bratpfanne-28-cm-schwarz\/#primaryimage\"},\"thumbnailUrl\":\"https:\/\/i3.wp.com\/interpim.erresse-shop.it\/img-catalogo\/staub\/staub-padella-28-cm-ghisa.jpg?ssl=1\",\"datePublished\":\"2026-04-04T08:16:32+00:00\",\"description\":\"BESCHREIBUNG In der schwarzen gusseisernen Bratpfanne von STAUB lassen sich m\u00fchelos saftige Steaks, aromatische Gem\u00fcsegerichte, gebratener Fisch und\",\"breadcrumb\":{\"@id\":\"https:\/\/dev6.erresse-shop.it\/de\/shop\/toepfe-pfannen\/staub-bratpfanne-28-cm-schwarz\/#breadcrumb\"},\"inLanguage\":\"de\",\"potentialAction\":[{\"@type\":\"ReadAction\",\"target\":[\"https:\/\/dev6.erresse-shop.it\/de\/shop\/toepfe-pfannen\/staub-bratpfanne-28-cm-schwarz\/\"]}]},{\"@type\":\"ImageObject\",\"inLanguage\":\"de\",\"@id\":\"https:\/\/dev6.erresse-shop.it\/de\/shop\/toepfe-pfannen\/staub-bratpfanne-28-cm-schwarz\/#primaryimage\",\"url\":\"https:\/\/i3.wp.com\/interpim.erresse-shop.it\/img-catalogo\/staub\/staub-padella-28-cm-ghisa.jpg?ssl=1\",\"contentUrl\":\"https:\/\/i3.wp.com\/interpim.erresse-shop.it\/img-catalogo\/staub\/staub-padella-28-cm-ghisa.jpg?ssl=1\"},{\"@type\":\"BreadcrumbList\",\"@id\":\"https:\/\/dev6.erresse-shop.it\/de\/shop\/toepfe-pfannen\/staub-bratpfanne-28-cm-schwarz\/#breadcrumb\",\"itemListElement\":[{\"@type\":\"ListItem\",\"position\":1,\"name\":\"Home\",\"item\":\"https:\/\/dev6.erresse-shop.it\/\"},{\"@type\":\"ListItem\",\"position\":2,\"name\":\"Shop\",\"item\":\"https:\/\/dev6.erresse-shop.it\/shop\/\"},{\"@type\":\"ListItem\",\"position\":3,\"name\":\"STAUB Bratpfanne 28 cm Schwarz\"}]},{\"@type\":\"WebSite\",\"@id\":\"https:\/\/dev6.erresse-shop.it\/#website\",\"url\":\"https:\/\/dev6.erresse-shop.it\/\",\"name\":\"Erresse Shop\",\"description\":\"\",\"publisher\":{\"@id\":\"https:\/\/dev6.erresse-shop.it\/#organization\"},\"potentialAction\":[{\"@type\":\"SearchAction\",\"target\":{\"@type\":\"EntryPoint\",\"urlTemplate\":\"https:\/\/dev6.erresse-shop.it\/?s={search_term_string}\"},\"query-input\":{\"@type\":\"PropertyValueSpecification\",\"valueRequired\":true,\"valueName\":\"search_term_string\"}}],\"inLanguage\":\"de\"},{\"@type\":\"Organization\",\"@id\":\"https:\/\/dev6.erresse-shop.it\/#organization\",\"name\":\"Erresse Shop\",\"url\":\"https:\/\/dev6.erresse-shop.it\/\",\"logo\":{\"@type\":\"ImageObject\",\"inLanguage\":\"de\",\"@id\":\"https:\/\/dev6.erresse-shop.it\/#\/schema\/logo\/image\/\",\"url\":\"https:\/\/dev6.erresse-shop.it\/wp-content\/uploads\/2025\/01\/LOGO-ERRESSE-CLASSICO.svg\",\"contentUrl\":\"https:\/\/dev6.erresse-shop.it\/wp-content\/uploads\/2025\/01\/LOGO-ERRESSE-CLASSICO.svg\",\"caption\":\"Erresse Shop\"},\"image\":{\"@id\":\"https:\/\/dev6.erresse-shop.it\/#\/schema\/logo\/image\/\"}}]}<\/script>\n<!-- \/ Yoast SEO plugin. -->","yoast_head_json":{"title":"STAUB Bratpfanne 28 cm Schwarz - dev6 Erresse","description":"BESCHREIBUNG In der schwarzen gusseisernen Bratpfanne von STAUB lassen sich m\u00fchelos saftige Steaks, aromatische Gem\u00fcsegerichte, gebratener Fisch und","robots":{"index":"noindex","follow":"follow","max-snippet":"max-snippet:-1","max-image-preview":"max-image-preview:large","max-video-preview":"max-video-preview:-1"},"og_locale":"de_DE","og_type":"article","og_title":"STAUB Bratpfanne 28 cm Schwarz - dev6 Erresse","og_description":"BESCHREIBUNG In der schwarzen gusseisernen Bratpfanne von STAUB lassen sich m\u00fchelos saftige Steaks, aromatische Gem\u00fcsegerichte, gebratener Fisch und","og_url":"https:\/\/dev6.erresse-shop.it\/de\/shop\/toepfe-pfannen\/staub-bratpfanne-28-cm-schwarz\/","og_site_name":"dev6 Erresse","og_image":[{"url":"https:\/\/interpim.erresse-shop.it\/img-catalogo\/staub\/staub-padella-28-cm-ghisa.jpg","type":"","width":"","height":""},{"url":"https:\/\/interpim.erresse-shop.it\/img-catalogo\/staub\/staub-padella-28-cm-ghisa.jpg","width":1024,"height":1024,"type":"image\/jpeg"}],"twitter_card":"summary_large_image","twitter_image":"https:\/\/interpim.erresse-shop.it\/img-catalogo\/staub\/staub-padella-28-cm-ghisa.jpg","schema":{"@context":"https:\/\/schema.org","@graph":[{"@type":"WebPage","@id":"https:\/\/dev6.erresse-shop.it\/de\/shop\/toepfe-pfannen\/staub-bratpfanne-28-cm-schwarz\/","url":"https:\/\/dev6.erresse-shop.it\/de\/shop\/toepfe-pfannen\/staub-bratpfanne-28-cm-schwarz\/","name":"STAUB Bratpfanne 28 cm Schwarz - dev6 Erresse","isPartOf":{"@id":"https:\/\/dev6.erresse-shop.it\/#website"},"primaryImageOfPage":{"@id":"https:\/\/dev6.erresse-shop.it\/de\/shop\/toepfe-pfannen\/staub-bratpfanne-28-cm-schwarz\/#primaryimage"},"image":{"@id":"https:\/\/dev6.erresse-shop.it\/de\/shop\/toepfe-pfannen\/staub-bratpfanne-28-cm-schwarz\/#primaryimage"},"thumbnailUrl":"https:\/\/i3.wp.com\/interpim.erresse-shop.it\/img-catalogo\/staub\/staub-padella-28-cm-ghisa.jpg?ssl=1","datePublished":"2026-04-04T08:16:32+00:00","description":"BESCHREIBUNG In der schwarzen gusseisernen Bratpfanne von STAUB lassen sich m\u00fchelos saftige Steaks, aromatische Gem\u00fcsegerichte, gebratener Fisch und","breadcrumb":{"@id":"https:\/\/dev6.erresse-shop.it\/de\/shop\/toepfe-pfannen\/staub-bratpfanne-28-cm-schwarz\/#breadcrumb"},"inLanguage":"de","potentialAction":[{"@type":"ReadAction","target":["https:\/\/dev6.erresse-shop.it\/de\/shop\/toepfe-pfannen\/staub-bratpfanne-28-cm-schwarz\/"]}]},{"@type":"ImageObject","inLanguage":"de","@id":"https:\/\/dev6.erresse-shop.it\/de\/shop\/toepfe-pfannen\/staub-bratpfanne-28-cm-schwarz\/#primaryimage","url":"https:\/\/i3.wp.com\/interpim.erresse-shop.it\/img-catalogo\/staub\/staub-padella-28-cm-ghisa.jpg?ssl=1","contentUrl":"https:\/\/i3.wp.com\/interpim.erresse-shop.it\/img-catalogo\/staub\/staub-padella-28-cm-ghisa.jpg?ssl=1"},{"@type":"BreadcrumbList","@id":"https:\/\/dev6.erresse-shop.it\/de\/shop\/toepfe-pfannen\/staub-bratpfanne-28-cm-schwarz\/#breadcrumb","itemListElement":[{"@type":"ListItem","position":1,"name":"Home","item":"https:\/\/dev6.erresse-shop.it\/"},{"@type":"ListItem","position":2,"name":"Shop","item":"https:\/\/dev6.erresse-shop.it\/shop\/"},{"@type":"ListItem","position":3,"name":"STAUB Bratpfanne 28 cm Schwarz"}]},{"@type":"WebSite","@id":"https:\/\/dev6.erresse-shop.it\/#website","url":"https:\/\/dev6.erresse-shop.it\/","name":"Erresse Shop","description":"","publisher":{"@id":"https:\/\/dev6.erresse-shop.it\/#organization"},"potentialAction":[{"@type":"SearchAction","target":{"@type":"EntryPoint","urlTemplate":"https:\/\/dev6.erresse-shop.it\/?s={search_term_string}"},"query-input":{"@type":"PropertyValueSpecification","valueRequired":true,"valueName":"search_term_string"}}],"inLanguage":"de"},{"@type":"Organization","@id":"https:\/\/dev6.erresse-shop.it\/#organization","name":"Erresse Shop","url":"https:\/\/dev6.erresse-shop.it\/","logo":{"@type":"ImageObject","inLanguage":"de","@id":"https:\/\/dev6.erresse-shop.it\/#\/schema\/logo\/image\/","url":"https:\/\/dev6.erresse-shop.it\/wp-content\/uploads\/2025\/01\/LOGO-ERRESSE-CLASSICO.svg","contentUrl":"https:\/\/dev6.erresse-shop.it\/wp-content\/uploads\/2025\/01\/LOGO-ERRESSE-CLASSICO.svg","caption":"Erresse Shop"},"image":{"@id":"https:\/\/dev6.erresse-shop.it\/#\/schema\/logo\/image\/"}}]}},"df_price":119,"df_sale_price":119,"df_regular_price":169,"df_image_link":"https:\/\/i3.wp.com\/interpim.erresse-shop.it\/img-catalogo\/staub\/staub-padella-28-cm-ghisa.jpg?resize=300,300&ssl=1","fifu_image_url":"https:\/\/interpim.erresse-shop.it\/img-catalogo\/staub\/staub-padella-28-cm-ghisa.jpg","_links":{"self":[{"href":"https:\/\/dev6.erresse-shop.it\/de\/wp-json\/wp\/v2\/product\/53988","targetHints":{"allow":["GET"]}}],"collection":[{"href":"https:\/\/dev6.erresse-shop.it\/de\/wp-json\/wp\/v2\/product"}],"about":[{"href":"https:\/\/dev6.erresse-shop.it\/de\/wp-json\/wp\/v2\/types\/product"}],"wp:featuredmedia":[{"embeddable":true,"href":"https:\/\/dev6.erresse-shop.it\/de\/wp-json\/wp\/v2\/media\/6282284"}],"wp:attachment":[{"href":"https:\/\/dev6.erresse-shop.it\/de\/wp-json\/wp\/v2\/media?parent=53988"}],"wp:term":[{"taxonomy":"product_cat","embeddable":true,"href":"https:\/\/dev6.erresse-shop.it\/de\/wp-json\/wp\/v2\/product_cat?post=53988"},{"taxonomy":"product_tag","embeddable":true,"href":"https:\/\/dev6.erresse-shop.it\/de\/wp-json\/wp\/v2\/product_tag?post=53988"}],"curies":[{"name":"wp","href":"https:\/\/api.w.org\/{rel}","templated":true}]}}