{"id":53986,"date":"2026-04-12T10:19:03","date_gmt":"2026-04-12T08:19:03","guid":{"rendered":"https:\/\/dev6.erresse-shop.it\/shop\/unkategorisiert\/berkel-slicer-restoration-kit-schwarz\/"},"modified":"2025-09-14T01:34:34","modified_gmt":"2025-09-13T23:34:34","slug":"berkel-slicer-restoration-kit-schwarz","status":"publish","type":"product","link":"https:\/\/dev6.erresse-shop.it\/de\/shop\/kleine-elektrogeraete\/aufschnittmaschinen\/berkel-slicer-restoration-kit-schwarz\/","title":{"rendered":"BERKEL Slicer Restoration Kit Schwarz"},"content":{"rendered":"<p>Das Restoration Kit ist zum Ausbessern kleinerer Abplatzungen gedacht, die im Laufe der Jahre durch den Gebrauch entstanden sind. Es enth\u00e4lt:<br \/>\nWaschbest\u00e4ndiges ULTRAMICROFIBRA lipotropes Medium-Tuch<br \/>\nSpr\u00fch-Schmier\u00f6l 200 ml<br \/>\nWartungsb\u00fcrste f\u00fcr die Klinge<br \/>\nAusbesserungslack BLACK<br \/>\nUmweltfreundliche Box Crush Cherry<\/p>\n<p>Restoring Kit Black Berkelcare wurde entwickelt, um kleinere Abplatzungen auszubessern, die im Laufe der Jahre durch den Gebrauch entstanden sind.<br \/>\nSchwarzer Ausbesserungslackmarker<br \/>\nKit erh\u00e4ltlich in 2 Versionen mit rotem Berkelmarker oder schwarzem Marker, je nach Farbe Ihrer Aufschnittmaschine.<br \/>\nLappen, Schmier\u00f6l, Desinfektionsmittel und Klingenb\u00fcrste vervollst\u00e4ndigen das Set und erh\u00f6hen die Leistung und Haltbarkeit.<br \/>\nCrush Story, eine Geschichte der Kreislaufwirtschaft: von Kirschb\u00e4umen zu Kirsch-Crush-Papier. Die Boxen, die sie enthalten, wurden auf \u00f6kologisch nachhaltige Weise entwickelt, eine Box nach den Prinzipien der Kreislaufwirtschaft!<\/p>\n<p>Die wichtigsten Merkmale:<\/p>\n<p>Umweltfreundliches Papier, das aus der kreativen Wiederverwendung der Kirschen entsteht: die Kerne.<br \/>\nFSC-zertifiziert, mit EKOenergy hergestellt, GMO-frei und enth\u00e4lt 40 % Post-Consumer-Recyclingmaterial.<br \/>\nDer CO2-Fu\u00dfabdruck ist um 20 % geringer als der eines herk\u00f6mmlichen Papiers, das aus agroindustriellen Abf\u00e4llen und 100 % gr\u00fcner Energie hergestellt wird. Jedes Kit hat eine sch\u00fctzende Au\u00dfenverpackung zus\u00e4tzlich zur Crush-Box.<\/p>\n<p>Einige Details k\u00f6nnen von der Abbildung abweichen.<\/p>\n","protected":false},"excerpt":{"rendered":"<p>Das Restoration Kit ist zum Ausbessern kleinerer Abplatzungen gedacht, die im Laufe der Jahre durch den Gebrauch entstanden sind. Es enth\u00e4lt: Waschbest\u00e4ndiges ULTRAMICROFIBRA lipotropes Medium-Tuch Spr\u00fch-Schmier\u00f6l 200 ml Wartungsb\u00fcrste f\u00fcr die Klinge Ausbesserungslack BLACK Umweltfreundliche Box Crush Cherry Restoring Kit Black Berkelcare wurde entwickelt, um kleinere Abplatzungen auszubessern, die im Laufe der Jahre durch den [&hellip;]<\/p>\n","protected":false},"featured_media":6365547,"template":"","meta":{"_acf_changed":false},"product_cat":[11675,12181,11669,12163,12100,12101,12107],"product_tag":[],"class_list":{"0":"post-53986","1":"product","2":"type-product","3":"status-publish","4":"has-post-thumbnail","6":"product_cat-accessori","7":"product_cat-aufschnittmaschinen","8":"product_cat-coltelli","9":"product_cat-kleine-elektrogeraete","10":"product_cat-kuche","11":"product_cat-messer","12":"product_cat-messerblocke-messer","14":"first","15":"instock","16":"sale","17":"taxable","18":"shipping-taxable","19":"purchasable","20":"product-type-simple","swatches":"rey-swatches","show_selected":"","stretch_labels":"rey-swatches--stretch-labels"},"acf":[],"yoast_head":"<!-- This site is optimized with the Yoast SEO plugin v25.4 - https:\/\/yoast.com\/wordpress\/plugins\/seo\/ -->\n<title>BERKEL Slicer Restoration Kit Schwarz - dev6 Erresse<\/title>\n<meta name=\"description\" content=\"Das Restoration Kit ist zum Ausbessern kleinerer Abplatzungen gedacht, die im Laufe der Jahre durch den Gebrauch entstanden sind. Es enth\u00e4lt:\" \/>\n<meta name=\"robots\" content=\"noindex, follow, max-snippet:-1, max-image-preview:large, max-video-preview:-1\" \/>\n<meta property=\"og:locale\" content=\"de_DE\" \/>\n<meta property=\"og:type\" content=\"article\" \/>\n<meta property=\"og:title\" content=\"BERKEL Slicer Restoration Kit Schwarz - dev6 Erresse\" \/>\n<meta property=\"og:description\" content=\"Das Restoration Kit ist zum Ausbessern kleinerer Abplatzungen gedacht, die im Laufe der Jahre durch den Gebrauch entstanden sind. Es enth\u00e4lt:\" \/>\n<meta property=\"og:url\" content=\"https:\/\/dev6.erresse-shop.it\/de\/shop\/kleine-elektrogeraete\/aufschnittmaschinen\/berkel-slicer-restoration-kit-schwarz\/\" \/>\n<meta property=\"og:site_name\" content=\"dev6 Erresse\" \/>\n<meta property=\"og:image\" content=\"https:\/\/interpim.erresse-shop.it\/Import\/Prodotti\/berkel-kit.jpg\" \/><meta property=\"og:image\" content=\"https:\/\/interpim.erresse-shop.it\/Import\/Prodotti\/berkel-kit.jpg\" \/>\n\t<meta property=\"og:image:width\" content=\"1024\" \/>\n\t<meta property=\"og:image:height\" content=\"1024\" \/>\n\t<meta property=\"og:image:type\" content=\"image\/jpeg\" \/>\n<meta name=\"twitter:card\" content=\"summary_large_image\" \/>\n<meta name=\"twitter:image\" content=\"https:\/\/interpim.erresse-shop.it\/Import\/Prodotti\/berkel-kit.jpg\" \/>\n<script type=\"application\/ld+json\" class=\"yoast-schema-graph\">{\"@context\":\"https:\/\/schema.org\",\"@graph\":[{\"@type\":\"WebPage\",\"@id\":\"https:\/\/dev6.erresse-shop.it\/de\/shop\/kleine-elektrogeraete\/aufschnittmaschinen\/berkel-slicer-restoration-kit-schwarz\/\",\"url\":\"https:\/\/dev6.erresse-shop.it\/de\/shop\/kleine-elektrogeraete\/aufschnittmaschinen\/berkel-slicer-restoration-kit-schwarz\/\",\"name\":\"BERKEL Slicer Restoration Kit Schwarz - dev6 Erresse\",\"isPartOf\":{\"@id\":\"https:\/\/dev6.erresse-shop.it\/#website\"},\"primaryImageOfPage\":{\"@id\":\"https:\/\/dev6.erresse-shop.it\/de\/shop\/kleine-elektrogeraete\/aufschnittmaschinen\/berkel-slicer-restoration-kit-schwarz\/#primaryimage\"},\"image\":{\"@id\":\"https:\/\/dev6.erresse-shop.it\/de\/shop\/kleine-elektrogeraete\/aufschnittmaschinen\/berkel-slicer-restoration-kit-schwarz\/#primaryimage\"},\"thumbnailUrl\":\"https:\/\/i3.wp.com\/interpim.erresse-shop.it\/Import\/Prodotti\/berkel-kit.jpg?ssl=1\",\"datePublished\":\"2026-04-12T08:19:03+00:00\",\"description\":\"Das Restoration Kit ist zum Ausbessern kleinerer Abplatzungen gedacht, die im Laufe der Jahre durch den Gebrauch entstanden sind. Es enth\u00e4lt:\",\"breadcrumb\":{\"@id\":\"https:\/\/dev6.erresse-shop.it\/de\/shop\/kleine-elektrogeraete\/aufschnittmaschinen\/berkel-slicer-restoration-kit-schwarz\/#breadcrumb\"},\"inLanguage\":\"de\",\"potentialAction\":[{\"@type\":\"ReadAction\",\"target\":[\"https:\/\/dev6.erresse-shop.it\/de\/shop\/kleine-elektrogeraete\/aufschnittmaschinen\/berkel-slicer-restoration-kit-schwarz\/\"]}]},{\"@type\":\"ImageObject\",\"inLanguage\":\"de\",\"@id\":\"https:\/\/dev6.erresse-shop.it\/de\/shop\/kleine-elektrogeraete\/aufschnittmaschinen\/berkel-slicer-restoration-kit-schwarz\/#primaryimage\",\"url\":\"https:\/\/i3.wp.com\/interpim.erresse-shop.it\/Import\/Prodotti\/berkel-kit.jpg?ssl=1\",\"contentUrl\":\"https:\/\/i3.wp.com\/interpim.erresse-shop.it\/Import\/Prodotti\/berkel-kit.jpg?ssl=1\"},{\"@type\":\"BreadcrumbList\",\"@id\":\"https:\/\/dev6.erresse-shop.it\/de\/shop\/kleine-elektrogeraete\/aufschnittmaschinen\/berkel-slicer-restoration-kit-schwarz\/#breadcrumb\",\"itemListElement\":[{\"@type\":\"ListItem\",\"position\":1,\"name\":\"Home\",\"item\":\"https:\/\/dev6.erresse-shop.it\/\"},{\"@type\":\"ListItem\",\"position\":2,\"name\":\"Shop\",\"item\":\"https:\/\/dev6.erresse-shop.it\/shop\/\"},{\"@type\":\"ListItem\",\"position\":3,\"name\":\"BERKEL Slicer Restoration Kit Schwarz\"}]},{\"@type\":\"WebSite\",\"@id\":\"https:\/\/dev6.erresse-shop.it\/#website\",\"url\":\"https:\/\/dev6.erresse-shop.it\/\",\"name\":\"Erresse Shop\",\"description\":\"\",\"publisher\":{\"@id\":\"https:\/\/dev6.erresse-shop.it\/#organization\"},\"potentialAction\":[{\"@type\":\"SearchAction\",\"target\":{\"@type\":\"EntryPoint\",\"urlTemplate\":\"https:\/\/dev6.erresse-shop.it\/?s={search_term_string}\"},\"query-input\":{\"@type\":\"PropertyValueSpecification\",\"valueRequired\":true,\"valueName\":\"search_term_string\"}}],\"inLanguage\":\"de\"},{\"@type\":\"Organization\",\"@id\":\"https:\/\/dev6.erresse-shop.it\/#organization\",\"name\":\"Erresse Shop\",\"url\":\"https:\/\/dev6.erresse-shop.it\/\",\"logo\":{\"@type\":\"ImageObject\",\"inLanguage\":\"de\",\"@id\":\"https:\/\/dev6.erresse-shop.it\/#\/schema\/logo\/image\/\",\"url\":\"https:\/\/dev6.erresse-shop.it\/wp-content\/uploads\/2025\/01\/LOGO-ERRESSE-CLASSICO.svg\",\"contentUrl\":\"https:\/\/dev6.erresse-shop.it\/wp-content\/uploads\/2025\/01\/LOGO-ERRESSE-CLASSICO.svg\",\"caption\":\"Erresse Shop\"},\"image\":{\"@id\":\"https:\/\/dev6.erresse-shop.it\/#\/schema\/logo\/image\/\"}}]}<\/script>\n<!-- \/ Yoast SEO plugin. -->","yoast_head_json":{"title":"BERKEL Slicer Restoration Kit Schwarz - dev6 Erresse","description":"Das Restoration Kit ist zum Ausbessern kleinerer Abplatzungen gedacht, die im Laufe der Jahre durch den Gebrauch entstanden sind. Es enth\u00e4lt:","robots":{"index":"noindex","follow":"follow","max-snippet":"max-snippet:-1","max-image-preview":"max-image-preview:large","max-video-preview":"max-video-preview:-1"},"og_locale":"de_DE","og_type":"article","og_title":"BERKEL Slicer Restoration Kit Schwarz - dev6 Erresse","og_description":"Das Restoration Kit ist zum Ausbessern kleinerer Abplatzungen gedacht, die im Laufe der Jahre durch den Gebrauch entstanden sind. Es enth\u00e4lt:","og_url":"https:\/\/dev6.erresse-shop.it\/de\/shop\/kleine-elektrogeraete\/aufschnittmaschinen\/berkel-slicer-restoration-kit-schwarz\/","og_site_name":"dev6 Erresse","og_image":[{"url":"https:\/\/interpim.erresse-shop.it\/Import\/Prodotti\/berkel-kit.jpg","type":"","width":"","height":""},{"url":"https:\/\/interpim.erresse-shop.it\/Import\/Prodotti\/berkel-kit.jpg","width":1024,"height":1024,"type":"image\/jpeg"}],"twitter_card":"summary_large_image","twitter_image":"https:\/\/interpim.erresse-shop.it\/Import\/Prodotti\/berkel-kit.jpg","schema":{"@context":"https:\/\/schema.org","@graph":[{"@type":"WebPage","@id":"https:\/\/dev6.erresse-shop.it\/de\/shop\/kleine-elektrogeraete\/aufschnittmaschinen\/berkel-slicer-restoration-kit-schwarz\/","url":"https:\/\/dev6.erresse-shop.it\/de\/shop\/kleine-elektrogeraete\/aufschnittmaschinen\/berkel-slicer-restoration-kit-schwarz\/","name":"BERKEL Slicer Restoration Kit Schwarz - dev6 Erresse","isPartOf":{"@id":"https:\/\/dev6.erresse-shop.it\/#website"},"primaryImageOfPage":{"@id":"https:\/\/dev6.erresse-shop.it\/de\/shop\/kleine-elektrogeraete\/aufschnittmaschinen\/berkel-slicer-restoration-kit-schwarz\/#primaryimage"},"image":{"@id":"https:\/\/dev6.erresse-shop.it\/de\/shop\/kleine-elektrogeraete\/aufschnittmaschinen\/berkel-slicer-restoration-kit-schwarz\/#primaryimage"},"thumbnailUrl":"https:\/\/i3.wp.com\/interpim.erresse-shop.it\/Import\/Prodotti\/berkel-kit.jpg?ssl=1","datePublished":"2026-04-12T08:19:03+00:00","description":"Das Restoration Kit ist zum Ausbessern kleinerer Abplatzungen gedacht, die im Laufe der Jahre durch den Gebrauch entstanden sind. Es enth\u00e4lt:","breadcrumb":{"@id":"https:\/\/dev6.erresse-shop.it\/de\/shop\/kleine-elektrogeraete\/aufschnittmaschinen\/berkel-slicer-restoration-kit-schwarz\/#breadcrumb"},"inLanguage":"de","potentialAction":[{"@type":"ReadAction","target":["https:\/\/dev6.erresse-shop.it\/de\/shop\/kleine-elektrogeraete\/aufschnittmaschinen\/berkel-slicer-restoration-kit-schwarz\/"]}]},{"@type":"ImageObject","inLanguage":"de","@id":"https:\/\/dev6.erresse-shop.it\/de\/shop\/kleine-elektrogeraete\/aufschnittmaschinen\/berkel-slicer-restoration-kit-schwarz\/#primaryimage","url":"https:\/\/i3.wp.com\/interpim.erresse-shop.it\/Import\/Prodotti\/berkel-kit.jpg?ssl=1","contentUrl":"https:\/\/i3.wp.com\/interpim.erresse-shop.it\/Import\/Prodotti\/berkel-kit.jpg?ssl=1"},{"@type":"BreadcrumbList","@id":"https:\/\/dev6.erresse-shop.it\/de\/shop\/kleine-elektrogeraete\/aufschnittmaschinen\/berkel-slicer-restoration-kit-schwarz\/#breadcrumb","itemListElement":[{"@type":"ListItem","position":1,"name":"Home","item":"https:\/\/dev6.erresse-shop.it\/"},{"@type":"ListItem","position":2,"name":"Shop","item":"https:\/\/dev6.erresse-shop.it\/shop\/"},{"@type":"ListItem","position":3,"name":"BERKEL Slicer Restoration Kit Schwarz"}]},{"@type":"WebSite","@id":"https:\/\/dev6.erresse-shop.it\/#website","url":"https:\/\/dev6.erresse-shop.it\/","name":"Erresse Shop","description":"","publisher":{"@id":"https:\/\/dev6.erresse-shop.it\/#organization"},"potentialAction":[{"@type":"SearchAction","target":{"@type":"EntryPoint","urlTemplate":"https:\/\/dev6.erresse-shop.it\/?s={search_term_string}"},"query-input":{"@type":"PropertyValueSpecification","valueRequired":true,"valueName":"search_term_string"}}],"inLanguage":"de"},{"@type":"Organization","@id":"https:\/\/dev6.erresse-shop.it\/#organization","name":"Erresse Shop","url":"https:\/\/dev6.erresse-shop.it\/","logo":{"@type":"ImageObject","inLanguage":"de","@id":"https:\/\/dev6.erresse-shop.it\/#\/schema\/logo\/image\/","url":"https:\/\/dev6.erresse-shop.it\/wp-content\/uploads\/2025\/01\/LOGO-ERRESSE-CLASSICO.svg","contentUrl":"https:\/\/dev6.erresse-shop.it\/wp-content\/uploads\/2025\/01\/LOGO-ERRESSE-CLASSICO.svg","caption":"Erresse Shop"},"image":{"@id":"https:\/\/dev6.erresse-shop.it\/#\/schema\/logo\/image\/"}}]}},"df_price":74.25,"df_sale_price":74.25,"df_regular_price":99,"df_image_link":"https:\/\/i3.wp.com\/interpim.erresse-shop.it\/Import\/Prodotti\/berkel-kit.jpg?resize=300,300&ssl=1","fifu_image_url":"https:\/\/interpim.erresse-shop.it\/Import\/Prodotti\/berkel-kit.jpg","_links":{"self":[{"href":"https:\/\/dev6.erresse-shop.it\/de\/wp-json\/wp\/v2\/product\/53986","targetHints":{"allow":["GET"]}}],"collection":[{"href":"https:\/\/dev6.erresse-shop.it\/de\/wp-json\/wp\/v2\/product"}],"about":[{"href":"https:\/\/dev6.erresse-shop.it\/de\/wp-json\/wp\/v2\/types\/product"}],"wp:featuredmedia":[{"embeddable":true,"href":"https:\/\/dev6.erresse-shop.it\/de\/wp-json\/wp\/v2\/media\/6365547"}],"wp:attachment":[{"href":"https:\/\/dev6.erresse-shop.it\/de\/wp-json\/wp\/v2\/media?parent=53986"}],"wp:term":[{"taxonomy":"product_cat","embeddable":true,"href":"https:\/\/dev6.erresse-shop.it\/de\/wp-json\/wp\/v2\/product_cat?post=53986"},{"taxonomy":"product_tag","embeddable":true,"href":"https:\/\/dev6.erresse-shop.it\/de\/wp-json\/wp\/v2\/product_tag?post=53986"}],"curies":[{"name":"wp","href":"https:\/\/api.w.org\/{rel}","templated":true}]}}