{"id":53984,"date":"2026-04-12T10:19:03","date_gmt":"2026-04-12T08:19:03","guid":{"rendered":"https:\/\/dev6.erresse-shop.it\/shop\/unkategorisiert\/berkel-essential-sausage-kit\/"},"modified":"2025-09-14T01:34:30","modified_gmt":"2025-09-13T23:34:30","slug":"berkel-essential-sausage-kit","status":"publish","type":"product","link":"https:\/\/dev6.erresse-shop.it\/de\/shop\/kuche\/messer\/kuechenmesser\/berkel-essential-sausage-kit\/","title":{"rendered":"BERKEL Essential Sausage Kit"},"content":{"rendered":"<p>CHARCUTERIE UNENTBEHRLICH KIT \u2013 ADHOC<br \/>\n16 cm Adhoc Polished Black K\u00fcchenmesser<br \/>\n16 cm Ausbeinmesser Adhoc Polished Black<br \/>\nSchinkenzange<br \/>\nRote Sch\u00fcrze<br \/>\nKratzb\u00fcrste<\/p>\n<p>Gewicht 500 g<\/p>\n<p>Zusammensetzung des Sets<\/p>\n<p>Adhoc-K\u00fcchenmesser, 16 cm, schwarz poliert<br \/>\n16 cm Ausbeinmesser Adhoc Schwarz Poliert<br \/>\nSchinkenzange<br \/>\nRote Sch\u00fcrze<br \/>\nPolierb\u00fcrste<br \/>\nVerwendung und Pflege<br \/>\nWir empfehlen dringend, das Messer von Hand in warmem Wasser zu waschen, um die Integrit\u00e4t und Haltbarkeit des Produkts zu gew\u00e4hrleisten. In jedem Fall empfehlen wir, das Messer nach jedem Waschen zu trocknen. Verwenden Sie keine scheuernden Stoffe oder Schw\u00e4mme.<\/p>\n","protected":false},"excerpt":{"rendered":"<p>CHARCUTERIE UNENTBEHRLICH KIT \u2013 ADHOC 16 cm Adhoc Polished Black K\u00fcchenmesser 16 cm Ausbeinmesser Adhoc Polished Black Schinkenzange Rote Sch\u00fcrze Kratzb\u00fcrste Gewicht 500 g Zusammensetzung des Sets Adhoc-K\u00fcchenmesser, 16 cm, schwarz poliert 16 cm Ausbeinmesser Adhoc Schwarz Poliert Schinkenzange Rote Sch\u00fcrze Polierb\u00fcrste Verwendung und Pflege Wir empfehlen dringend, das Messer von Hand in warmem Wasser [&hellip;]<\/p>\n","protected":false},"featured_media":6365541,"template":"","meta":{"_acf_changed":false},"product_cat":[12100,12105],"product_tag":[],"class_list":{"0":"post-53984","1":"product","2":"type-product","3":"status-publish","4":"has-post-thumbnail","6":"product_cat-kuche","7":"product_cat-kuechenmesser","9":"first","10":"instock","11":"sale","12":"taxable","13":"shipping-taxable","14":"purchasable","15":"product-type-simple","swatches":"rey-swatches","show_selected":"","stretch_labels":"rey-swatches--stretch-labels"},"acf":[],"yoast_head":"<!-- This site is optimized with the Yoast SEO plugin v25.4 - https:\/\/yoast.com\/wordpress\/plugins\/seo\/ -->\n<title>BERKEL Essential Sausage Kit - dev6 Erresse<\/title>\n<meta name=\"description\" content=\"CHARCUTERIE UNENTBEHRLICH KIT \u2013 ADHOC 16 cm Adhoc Polished Black K\u00fcchenmesser 16 cm Ausbeinmesser Adhoc Polished Black Schinkenzange Rote Sch\u00fcrze\" \/>\n<meta name=\"robots\" content=\"noindex, follow, max-snippet:-1, max-image-preview:large, max-video-preview:-1\" \/>\n<meta property=\"og:locale\" content=\"de_DE\" \/>\n<meta property=\"og:type\" content=\"article\" \/>\n<meta property=\"og:title\" content=\"BERKEL Essential Sausage Kit - dev6 Erresse\" \/>\n<meta property=\"og:description\" content=\"CHARCUTERIE UNENTBEHRLICH KIT \u2013 ADHOC 16 cm Adhoc Polished Black K\u00fcchenmesser 16 cm Ausbeinmesser Adhoc Polished Black Schinkenzange Rote Sch\u00fcrze\" \/>\n<meta property=\"og:url\" content=\"https:\/\/dev6.erresse-shop.it\/de\/shop\/kuche\/messer\/kuechenmesser\/berkel-essential-sausage-kit\/\" \/>\n<meta property=\"og:site_name\" content=\"dev6 Erresse\" \/>\n<meta property=\"og:image\" content=\"https:\/\/interpim.erresse-shop.it\/Import\/Prodotti\/berkel-set-salumi.jpg\" \/><meta property=\"og:image\" content=\"https:\/\/interpim.erresse-shop.it\/Import\/Prodotti\/berkel-set-salumi.jpg\" \/>\n\t<meta property=\"og:image:width\" content=\"1024\" \/>\n\t<meta property=\"og:image:height\" content=\"1024\" \/>\n\t<meta property=\"og:image:type\" content=\"image\/jpeg\" \/>\n<meta name=\"twitter:card\" content=\"summary_large_image\" \/>\n<meta name=\"twitter:image\" content=\"https:\/\/interpim.erresse-shop.it\/Import\/Prodotti\/berkel-set-salumi.jpg\" \/>\n<script type=\"application\/ld+json\" class=\"yoast-schema-graph\">{\"@context\":\"https:\/\/schema.org\",\"@graph\":[{\"@type\":\"WebPage\",\"@id\":\"https:\/\/dev6.erresse-shop.it\/de\/shop\/kuche\/messer\/kuechenmesser\/berkel-essential-sausage-kit\/\",\"url\":\"https:\/\/dev6.erresse-shop.it\/de\/shop\/kuche\/messer\/kuechenmesser\/berkel-essential-sausage-kit\/\",\"name\":\"BERKEL Essential Sausage Kit - dev6 Erresse\",\"isPartOf\":{\"@id\":\"https:\/\/dev6.erresse-shop.it\/#website\"},\"primaryImageOfPage\":{\"@id\":\"https:\/\/dev6.erresse-shop.it\/de\/shop\/kuche\/messer\/kuechenmesser\/berkel-essential-sausage-kit\/#primaryimage\"},\"image\":{\"@id\":\"https:\/\/dev6.erresse-shop.it\/de\/shop\/kuche\/messer\/kuechenmesser\/berkel-essential-sausage-kit\/#primaryimage\"},\"thumbnailUrl\":\"https:\/\/i0.wp.com\/interpim.erresse-shop.it\/Import\/Prodotti\/berkel-set-salumi.jpg?ssl=1\",\"datePublished\":\"2026-04-12T08:19:03+00:00\",\"description\":\"CHARCUTERIE UNENTBEHRLICH KIT \u2013 ADHOC 16 cm Adhoc Polished Black K\u00fcchenmesser 16 cm Ausbeinmesser Adhoc Polished Black Schinkenzange Rote Sch\u00fcrze\",\"breadcrumb\":{\"@id\":\"https:\/\/dev6.erresse-shop.it\/de\/shop\/kuche\/messer\/kuechenmesser\/berkel-essential-sausage-kit\/#breadcrumb\"},\"inLanguage\":\"de\",\"potentialAction\":[{\"@type\":\"ReadAction\",\"target\":[\"https:\/\/dev6.erresse-shop.it\/de\/shop\/kuche\/messer\/kuechenmesser\/berkel-essential-sausage-kit\/\"]}]},{\"@type\":\"ImageObject\",\"inLanguage\":\"de\",\"@id\":\"https:\/\/dev6.erresse-shop.it\/de\/shop\/kuche\/messer\/kuechenmesser\/berkel-essential-sausage-kit\/#primaryimage\",\"url\":\"https:\/\/i0.wp.com\/interpim.erresse-shop.it\/Import\/Prodotti\/berkel-set-salumi.jpg?ssl=1\",\"contentUrl\":\"https:\/\/i0.wp.com\/interpim.erresse-shop.it\/Import\/Prodotti\/berkel-set-salumi.jpg?ssl=1\"},{\"@type\":\"BreadcrumbList\",\"@id\":\"https:\/\/dev6.erresse-shop.it\/de\/shop\/kuche\/messer\/kuechenmesser\/berkel-essential-sausage-kit\/#breadcrumb\",\"itemListElement\":[{\"@type\":\"ListItem\",\"position\":1,\"name\":\"Home\",\"item\":\"https:\/\/dev6.erresse-shop.it\/\"},{\"@type\":\"ListItem\",\"position\":2,\"name\":\"Shop\",\"item\":\"https:\/\/dev6.erresse-shop.it\/shop\/\"},{\"@type\":\"ListItem\",\"position\":3,\"name\":\"BERKEL Essential Sausage Kit\"}]},{\"@type\":\"WebSite\",\"@id\":\"https:\/\/dev6.erresse-shop.it\/#website\",\"url\":\"https:\/\/dev6.erresse-shop.it\/\",\"name\":\"Erresse Shop\",\"description\":\"\",\"publisher\":{\"@id\":\"https:\/\/dev6.erresse-shop.it\/#organization\"},\"potentialAction\":[{\"@type\":\"SearchAction\",\"target\":{\"@type\":\"EntryPoint\",\"urlTemplate\":\"https:\/\/dev6.erresse-shop.it\/?s={search_term_string}\"},\"query-input\":{\"@type\":\"PropertyValueSpecification\",\"valueRequired\":true,\"valueName\":\"search_term_string\"}}],\"inLanguage\":\"de\"},{\"@type\":\"Organization\",\"@id\":\"https:\/\/dev6.erresse-shop.it\/#organization\",\"name\":\"Erresse Shop\",\"url\":\"https:\/\/dev6.erresse-shop.it\/\",\"logo\":{\"@type\":\"ImageObject\",\"inLanguage\":\"de\",\"@id\":\"https:\/\/dev6.erresse-shop.it\/#\/schema\/logo\/image\/\",\"url\":\"https:\/\/dev6.erresse-shop.it\/wp-content\/uploads\/2025\/01\/LOGO-ERRESSE-CLASSICO.svg\",\"contentUrl\":\"https:\/\/dev6.erresse-shop.it\/wp-content\/uploads\/2025\/01\/LOGO-ERRESSE-CLASSICO.svg\",\"caption\":\"Erresse Shop\"},\"image\":{\"@id\":\"https:\/\/dev6.erresse-shop.it\/#\/schema\/logo\/image\/\"}}]}<\/script>\n<!-- \/ Yoast SEO plugin. -->","yoast_head_json":{"title":"BERKEL Essential Sausage Kit - dev6 Erresse","description":"CHARCUTERIE UNENTBEHRLICH KIT \u2013 ADHOC 16 cm Adhoc Polished Black K\u00fcchenmesser 16 cm Ausbeinmesser Adhoc Polished Black Schinkenzange Rote Sch\u00fcrze","robots":{"index":"noindex","follow":"follow","max-snippet":"max-snippet:-1","max-image-preview":"max-image-preview:large","max-video-preview":"max-video-preview:-1"},"og_locale":"de_DE","og_type":"article","og_title":"BERKEL Essential Sausage Kit - dev6 Erresse","og_description":"CHARCUTERIE UNENTBEHRLICH KIT \u2013 ADHOC 16 cm Adhoc Polished Black K\u00fcchenmesser 16 cm Ausbeinmesser Adhoc Polished Black Schinkenzange Rote Sch\u00fcrze","og_url":"https:\/\/dev6.erresse-shop.it\/de\/shop\/kuche\/messer\/kuechenmesser\/berkel-essential-sausage-kit\/","og_site_name":"dev6 Erresse","og_image":[{"url":"https:\/\/interpim.erresse-shop.it\/Import\/Prodotti\/berkel-set-salumi.jpg","type":"","width":"","height":""},{"url":"https:\/\/interpim.erresse-shop.it\/Import\/Prodotti\/berkel-set-salumi.jpg","width":1024,"height":1024,"type":"image\/jpeg"}],"twitter_card":"summary_large_image","twitter_image":"https:\/\/interpim.erresse-shop.it\/Import\/Prodotti\/berkel-set-salumi.jpg","schema":{"@context":"https:\/\/schema.org","@graph":[{"@type":"WebPage","@id":"https:\/\/dev6.erresse-shop.it\/de\/shop\/kuche\/messer\/kuechenmesser\/berkel-essential-sausage-kit\/","url":"https:\/\/dev6.erresse-shop.it\/de\/shop\/kuche\/messer\/kuechenmesser\/berkel-essential-sausage-kit\/","name":"BERKEL Essential Sausage Kit - dev6 Erresse","isPartOf":{"@id":"https:\/\/dev6.erresse-shop.it\/#website"},"primaryImageOfPage":{"@id":"https:\/\/dev6.erresse-shop.it\/de\/shop\/kuche\/messer\/kuechenmesser\/berkel-essential-sausage-kit\/#primaryimage"},"image":{"@id":"https:\/\/dev6.erresse-shop.it\/de\/shop\/kuche\/messer\/kuechenmesser\/berkel-essential-sausage-kit\/#primaryimage"},"thumbnailUrl":"https:\/\/i0.wp.com\/interpim.erresse-shop.it\/Import\/Prodotti\/berkel-set-salumi.jpg?ssl=1","datePublished":"2026-04-12T08:19:03+00:00","description":"CHARCUTERIE UNENTBEHRLICH KIT \u2013 ADHOC 16 cm Adhoc Polished Black K\u00fcchenmesser 16 cm Ausbeinmesser Adhoc Polished Black Schinkenzange Rote Sch\u00fcrze","breadcrumb":{"@id":"https:\/\/dev6.erresse-shop.it\/de\/shop\/kuche\/messer\/kuechenmesser\/berkel-essential-sausage-kit\/#breadcrumb"},"inLanguage":"de","potentialAction":[{"@type":"ReadAction","target":["https:\/\/dev6.erresse-shop.it\/de\/shop\/kuche\/messer\/kuechenmesser\/berkel-essential-sausage-kit\/"]}]},{"@type":"ImageObject","inLanguage":"de","@id":"https:\/\/dev6.erresse-shop.it\/de\/shop\/kuche\/messer\/kuechenmesser\/berkel-essential-sausage-kit\/#primaryimage","url":"https:\/\/i0.wp.com\/interpim.erresse-shop.it\/Import\/Prodotti\/berkel-set-salumi.jpg?ssl=1","contentUrl":"https:\/\/i0.wp.com\/interpim.erresse-shop.it\/Import\/Prodotti\/berkel-set-salumi.jpg?ssl=1"},{"@type":"BreadcrumbList","@id":"https:\/\/dev6.erresse-shop.it\/de\/shop\/kuche\/messer\/kuechenmesser\/berkel-essential-sausage-kit\/#breadcrumb","itemListElement":[{"@type":"ListItem","position":1,"name":"Home","item":"https:\/\/dev6.erresse-shop.it\/"},{"@type":"ListItem","position":2,"name":"Shop","item":"https:\/\/dev6.erresse-shop.it\/shop\/"},{"@type":"ListItem","position":3,"name":"BERKEL Essential Sausage Kit"}]},{"@type":"WebSite","@id":"https:\/\/dev6.erresse-shop.it\/#website","url":"https:\/\/dev6.erresse-shop.it\/","name":"Erresse Shop","description":"","publisher":{"@id":"https:\/\/dev6.erresse-shop.it\/#organization"},"potentialAction":[{"@type":"SearchAction","target":{"@type":"EntryPoint","urlTemplate":"https:\/\/dev6.erresse-shop.it\/?s={search_term_string}"},"query-input":{"@type":"PropertyValueSpecification","valueRequired":true,"valueName":"search_term_string"}}],"inLanguage":"de"},{"@type":"Organization","@id":"https:\/\/dev6.erresse-shop.it\/#organization","name":"Erresse Shop","url":"https:\/\/dev6.erresse-shop.it\/","logo":{"@type":"ImageObject","inLanguage":"de","@id":"https:\/\/dev6.erresse-shop.it\/#\/schema\/logo\/image\/","url":"https:\/\/dev6.erresse-shop.it\/wp-content\/uploads\/2025\/01\/LOGO-ERRESSE-CLASSICO.svg","contentUrl":"https:\/\/dev6.erresse-shop.it\/wp-content\/uploads\/2025\/01\/LOGO-ERRESSE-CLASSICO.svg","caption":"Erresse Shop"},"image":{"@id":"https:\/\/dev6.erresse-shop.it\/#\/schema\/logo\/image\/"}}]}},"df_price":89.25,"df_sale_price":89.25,"df_regular_price":119,"df_image_link":"https:\/\/i0.wp.com\/interpim.erresse-shop.it\/Import\/Prodotti\/berkel-set-salumi.jpg?resize=300,300&ssl=1","fifu_image_url":"https:\/\/interpim.erresse-shop.it\/Import\/Prodotti\/berkel-set-salumi.jpg","_links":{"self":[{"href":"https:\/\/dev6.erresse-shop.it\/de\/wp-json\/wp\/v2\/product\/53984","targetHints":{"allow":["GET"]}}],"collection":[{"href":"https:\/\/dev6.erresse-shop.it\/de\/wp-json\/wp\/v2\/product"}],"about":[{"href":"https:\/\/dev6.erresse-shop.it\/de\/wp-json\/wp\/v2\/types\/product"}],"wp:featuredmedia":[{"embeddable":true,"href":"https:\/\/dev6.erresse-shop.it\/de\/wp-json\/wp\/v2\/media\/6365541"}],"wp:attachment":[{"href":"https:\/\/dev6.erresse-shop.it\/de\/wp-json\/wp\/v2\/media?parent=53984"}],"wp:term":[{"taxonomy":"product_cat","embeddable":true,"href":"https:\/\/dev6.erresse-shop.it\/de\/wp-json\/wp\/v2\/product_cat?post=53984"},{"taxonomy":"product_tag","embeddable":true,"href":"https:\/\/dev6.erresse-shop.it\/de\/wp-json\/wp\/v2\/product_tag?post=53984"}],"curies":[{"name":"wp","href":"https:\/\/api.w.org\/{rel}","templated":true}]}}