{"id":53932,"date":"2026-04-04T10:14:47","date_gmt":"2026-04-04T08:14:47","guid":{"rendered":"https:\/\/dev6.erresse-shop.it\/shop\/unkategorisiert\/illy-iperespresso-x7-1-rose-14-kapseln-inbegriffen\/"},"modified":"2025-07-03T21:18:45","modified_gmt":"2025-07-03T19:18:45","slug":"illy-iperespresso-x7-1-rose-14-kapseln-inbegriffen","status":"publish","type":"product","link":"https:\/\/dev6.erresse-shop.it\/de\/shop\/kleine-elektrogeraete\/kaffeemaschinen-espresso\/pads-und-kapseln\/illy-iperespresso-x7-1-rose-14-kapseln-inbegriffen\/","title":{"rendered":"ILLY Iperespresso X7.1 Rose 14 Kapseln inbegriffen"},"content":{"rendered":"<p>Leidenschaftliche Perfektion<br \/>\nDas unverwechselbare Design erinnert an die Geste des Barista, und der Espresso, den Sie zu Hause zubereiten, ist genau wie der an der Bar, die Qualit\u00e4t der Extraktion ist durchweg tadellos:<br \/>\nSie setzen die Kapsel in den Filterhalter ein und starten den Br\u00fchvorgang mit einer Ber\u00fchrung.<\/p>\n<p>Das unverwechselbare, vom Retro-Stil inspirierte Design ist das Werk von Luca Trazzi.<br \/>\nDie Tasten sind Soft-Touch, und die akustischen und leuchtenden Signale zeigen den Betriebszustand deutlich an.<br \/>\nDer Pannarello ist ideal f\u00fcr Liebhaber des tiefen L, aber auch f\u00fcr diejenigen, die nicht auf ihren Cappuccino verzichten k\u00f6nnen, denn er garantiert eine sehr einfache Bedienung und die Wartezeit zwischen Kaffee- und Cappuccino-Modus ist minimal.<br \/>\nDie automatische Abschaltung nach 30 Minuten Inaktivit\u00e4t erm\u00f6glicht erhebliche Energieeinsparungen auch f\u00fcr die am meisten abgelenkten Personen.<br \/>\nMinimale Reinigung und Wartung.<\/p>\n<p>Die unverwechselbare illy-Pr\u00e4zision ist die beste Garantie.<\/p>\n<p>Merkmale:<\/p>\n<p>Garantie: 2 Jahre<br \/>\nProgrammierbares Tassenvolumen<br \/>\nAutomatischer Br\u00fchstopp<br \/>\nAutomatischer Standby-Modus bei Nichtgebrauch<\/p>\n<p>Technische Daten:<\/p>\n<p>Abmessungen (cm): 26 x 29 x 23<br \/>\nTankinhalt: 1 L<br \/>\nSpannung: 230 V, 1 m langes Kabel<br \/>\nPumpendruck: 15 bar<\/p>\n<p>Zubereitung: Espresso-Kapseln (Iperespresso)<br \/>\nKaffeeformat: Iperespresso-Kapseln<br \/>\nKabell\u00e4nge: 1 m<br \/>\nTankinhalt: 1 L<br \/>\nAbmessungen: (cm) 26 x 29 x 23<br \/>\nEinstellbare Kaffeeausgabe: Automatisch<br \/>\nTassenw\u00e4rmer: Nein<br \/>\nEinstellbare Schalenh\u00f6he: Nein<br \/>\nGarantie: 2 Jahre<br \/>\nSpannung: 230 v<br \/>\nMaterial: Kunststoff<br \/>\nMilchaufsch\u00e4umer: Nein<br \/>\nEnergieeinsparung: Ja<br \/>\nArt des Kaffees: Iperespresso-Kapseln<br \/>\nFunktionen: Cappuccino<\/p>\n<p>Die Schachtel enth\u00e4lt 14 Iperespresso Illy-Kapseln.<\/p>\n<p>Nicht zum Verkauf au\u00dferhalb Europas<\/p>\n","protected":false},"excerpt":{"rendered":"<p>Leidenschaftliche Perfektion Das unverwechselbare Design erinnert an die Geste des Barista, und der Espresso, den Sie zu Hause zubereiten, ist genau wie der an der Bar, die Qualit\u00e4t der Extraktion ist durchweg tadellos: Sie setzen die Kapsel in den Filterhalter ein und starten den Br\u00fchvorgang mit einer Ber\u00fchrung. Das unverwechselbare, vom Retro-Stil inspirierte Design ist [&hellip;]<\/p>\n","protected":false},"featured_media":6282210,"template":"","meta":{"_acf_changed":false},"product_cat":[12171,12163,12189],"product_tag":[],"class_list":{"0":"post-53932","1":"product","2":"type-product","3":"status-publish","4":"has-post-thumbnail","6":"product_cat-kaffeemaschinen-espresso","7":"product_cat-kleine-elektrogeraete","8":"product_cat-pads-und-kapseln","10":"first","11":"instock","12":"taxable","13":"shipping-taxable","14":"purchasable","15":"product-type-simple","swatches":"rey-swatches","show_selected":"","stretch_labels":"rey-swatches--stretch-labels"},"acf":[],"yoast_head":"<!-- This site is optimized with the Yoast SEO plugin v25.4 - https:\/\/yoast.com\/wordpress\/plugins\/seo\/ -->\n<title>ILLY Iperespresso X7.1 Rose 14 Kapseln inbegriffen - dev6 Erresse<\/title>\n<meta name=\"description\" content=\"Leidenschaftliche Perfektion Das unverwechselbare Design erinnert an die Geste des Barista, und der Espresso, den Sie zu Hause zubereiten, ist genau wie\" \/>\n<meta name=\"robots\" content=\"noindex, follow, max-snippet:-1, max-image-preview:large, max-video-preview:-1\" \/>\n<meta property=\"og:locale\" content=\"de_DE\" \/>\n<meta property=\"og:type\" content=\"article\" \/>\n<meta property=\"og:title\" content=\"ILLY Iperespresso X7.1 Rose 14 Kapseln inbegriffen - dev6 Erresse\" \/>\n<meta property=\"og:description\" content=\"Leidenschaftliche Perfektion Das unverwechselbare Design erinnert an die Geste des Barista, und der Espresso, den Sie zu Hause zubereiten, ist genau wie\" \/>\n<meta property=\"og:url\" content=\"https:\/\/dev6.erresse-shop.it\/de\/shop\/kleine-elektrogeraete\/kaffeemaschinen-espresso\/pads-und-kapseln\/illy-iperespresso-x7-1-rose-14-kapseln-inbegriffen\/\" \/>\n<meta property=\"og:site_name\" content=\"dev6 Erresse\" \/>\n<meta property=\"og:image\" content=\"https:\/\/interpim.erresse-shop.it\/Import\/Prodotti\/illy-x7.1-rosa.jpg\" \/><meta property=\"og:image\" content=\"https:\/\/interpim.erresse-shop.it\/Import\/Prodotti\/illy-x7.1-rosa.jpg\" \/>\n\t<meta property=\"og:image:width\" content=\"1024\" \/>\n\t<meta property=\"og:image:height\" content=\"1024\" \/>\n\t<meta property=\"og:image:type\" content=\"image\/jpeg\" \/>\n<meta name=\"twitter:card\" content=\"summary_large_image\" \/>\n<meta name=\"twitter:image\" content=\"https:\/\/interpim.erresse-shop.it\/Import\/Prodotti\/illy-x7.1-rosa.jpg\" \/>\n<script type=\"application\/ld+json\" class=\"yoast-schema-graph\">{\"@context\":\"https:\/\/schema.org\",\"@graph\":[{\"@type\":\"WebPage\",\"@id\":\"https:\/\/dev6.erresse-shop.it\/de\/shop\/kleine-elektrogeraete\/kaffeemaschinen-espresso\/pads-und-kapseln\/illy-iperespresso-x7-1-rose-14-kapseln-inbegriffen\/\",\"url\":\"https:\/\/dev6.erresse-shop.it\/de\/shop\/kleine-elektrogeraete\/kaffeemaschinen-espresso\/pads-und-kapseln\/illy-iperespresso-x7-1-rose-14-kapseln-inbegriffen\/\",\"name\":\"ILLY Iperespresso X7.1 Rose 14 Kapseln inbegriffen - dev6 Erresse\",\"isPartOf\":{\"@id\":\"https:\/\/dev6.erresse-shop.it\/#website\"},\"primaryImageOfPage\":{\"@id\":\"https:\/\/dev6.erresse-shop.it\/de\/shop\/kleine-elektrogeraete\/kaffeemaschinen-espresso\/pads-und-kapseln\/illy-iperespresso-x7-1-rose-14-kapseln-inbegriffen\/#primaryimage\"},\"image\":{\"@id\":\"https:\/\/dev6.erresse-shop.it\/de\/shop\/kleine-elektrogeraete\/kaffeemaschinen-espresso\/pads-und-kapseln\/illy-iperespresso-x7-1-rose-14-kapseln-inbegriffen\/#primaryimage\"},\"thumbnailUrl\":\"https:\/\/i2.wp.com\/interpim.erresse-shop.it\/Import\/Prodotti\/illy-x7.1-rosa.jpg?ssl=1\",\"datePublished\":\"2026-04-04T08:14:47+00:00\",\"description\":\"Leidenschaftliche Perfektion Das unverwechselbare Design erinnert an die Geste des Barista, und der Espresso, den Sie zu Hause zubereiten, ist genau wie\",\"breadcrumb\":{\"@id\":\"https:\/\/dev6.erresse-shop.it\/de\/shop\/kleine-elektrogeraete\/kaffeemaschinen-espresso\/pads-und-kapseln\/illy-iperespresso-x7-1-rose-14-kapseln-inbegriffen\/#breadcrumb\"},\"inLanguage\":\"de\",\"potentialAction\":[{\"@type\":\"ReadAction\",\"target\":[\"https:\/\/dev6.erresse-shop.it\/de\/shop\/kleine-elektrogeraete\/kaffeemaschinen-espresso\/pads-und-kapseln\/illy-iperespresso-x7-1-rose-14-kapseln-inbegriffen\/\"]}]},{\"@type\":\"ImageObject\",\"inLanguage\":\"de\",\"@id\":\"https:\/\/dev6.erresse-shop.it\/de\/shop\/kleine-elektrogeraete\/kaffeemaschinen-espresso\/pads-und-kapseln\/illy-iperespresso-x7-1-rose-14-kapseln-inbegriffen\/#primaryimage\",\"url\":\"https:\/\/i2.wp.com\/interpim.erresse-shop.it\/Import\/Prodotti\/illy-x7.1-rosa.jpg?ssl=1\",\"contentUrl\":\"https:\/\/i2.wp.com\/interpim.erresse-shop.it\/Import\/Prodotti\/illy-x7.1-rosa.jpg?ssl=1\"},{\"@type\":\"BreadcrumbList\",\"@id\":\"https:\/\/dev6.erresse-shop.it\/de\/shop\/kleine-elektrogeraete\/kaffeemaschinen-espresso\/pads-und-kapseln\/illy-iperespresso-x7-1-rose-14-kapseln-inbegriffen\/#breadcrumb\",\"itemListElement\":[{\"@type\":\"ListItem\",\"position\":1,\"name\":\"Home\",\"item\":\"https:\/\/dev6.erresse-shop.it\/\"},{\"@type\":\"ListItem\",\"position\":2,\"name\":\"Shop\",\"item\":\"https:\/\/dev6.erresse-shop.it\/shop\/\"},{\"@type\":\"ListItem\",\"position\":3,\"name\":\"ILLY Iperespresso X7.1 Rose 14 Kapseln inbegriffen\"}]},{\"@type\":\"WebSite\",\"@id\":\"https:\/\/dev6.erresse-shop.it\/#website\",\"url\":\"https:\/\/dev6.erresse-shop.it\/\",\"name\":\"Erresse Shop\",\"description\":\"\",\"publisher\":{\"@id\":\"https:\/\/dev6.erresse-shop.it\/#organization\"},\"potentialAction\":[{\"@type\":\"SearchAction\",\"target\":{\"@type\":\"EntryPoint\",\"urlTemplate\":\"https:\/\/dev6.erresse-shop.it\/?s={search_term_string}\"},\"query-input\":{\"@type\":\"PropertyValueSpecification\",\"valueRequired\":true,\"valueName\":\"search_term_string\"}}],\"inLanguage\":\"de\"},{\"@type\":\"Organization\",\"@id\":\"https:\/\/dev6.erresse-shop.it\/#organization\",\"name\":\"Erresse Shop\",\"url\":\"https:\/\/dev6.erresse-shop.it\/\",\"logo\":{\"@type\":\"ImageObject\",\"inLanguage\":\"de\",\"@id\":\"https:\/\/dev6.erresse-shop.it\/#\/schema\/logo\/image\/\",\"url\":\"https:\/\/dev6.erresse-shop.it\/wp-content\/uploads\/2025\/01\/LOGO-ERRESSE-CLASSICO.svg\",\"contentUrl\":\"https:\/\/dev6.erresse-shop.it\/wp-content\/uploads\/2025\/01\/LOGO-ERRESSE-CLASSICO.svg\",\"caption\":\"Erresse Shop\"},\"image\":{\"@id\":\"https:\/\/dev6.erresse-shop.it\/#\/schema\/logo\/image\/\"}}]}<\/script>\n<!-- \/ Yoast SEO plugin. -->","yoast_head_json":{"title":"ILLY Iperespresso X7.1 Rose 14 Kapseln inbegriffen - dev6 Erresse","description":"Leidenschaftliche Perfektion Das unverwechselbare Design erinnert an die Geste des Barista, und der Espresso, den Sie zu Hause zubereiten, ist genau wie","robots":{"index":"noindex","follow":"follow","max-snippet":"max-snippet:-1","max-image-preview":"max-image-preview:large","max-video-preview":"max-video-preview:-1"},"og_locale":"de_DE","og_type":"article","og_title":"ILLY Iperespresso X7.1 Rose 14 Kapseln inbegriffen - dev6 Erresse","og_description":"Leidenschaftliche Perfektion Das unverwechselbare Design erinnert an die Geste des Barista, und der Espresso, den Sie zu Hause zubereiten, ist genau wie","og_url":"https:\/\/dev6.erresse-shop.it\/de\/shop\/kleine-elektrogeraete\/kaffeemaschinen-espresso\/pads-und-kapseln\/illy-iperespresso-x7-1-rose-14-kapseln-inbegriffen\/","og_site_name":"dev6 Erresse","og_image":[{"url":"https:\/\/interpim.erresse-shop.it\/Import\/Prodotti\/illy-x7.1-rosa.jpg","type":"","width":"","height":""},{"url":"https:\/\/interpim.erresse-shop.it\/Import\/Prodotti\/illy-x7.1-rosa.jpg","width":1024,"height":1024,"type":"image\/jpeg"}],"twitter_card":"summary_large_image","twitter_image":"https:\/\/interpim.erresse-shop.it\/Import\/Prodotti\/illy-x7.1-rosa.jpg","schema":{"@context":"https:\/\/schema.org","@graph":[{"@type":"WebPage","@id":"https:\/\/dev6.erresse-shop.it\/de\/shop\/kleine-elektrogeraete\/kaffeemaschinen-espresso\/pads-und-kapseln\/illy-iperespresso-x7-1-rose-14-kapseln-inbegriffen\/","url":"https:\/\/dev6.erresse-shop.it\/de\/shop\/kleine-elektrogeraete\/kaffeemaschinen-espresso\/pads-und-kapseln\/illy-iperespresso-x7-1-rose-14-kapseln-inbegriffen\/","name":"ILLY Iperespresso X7.1 Rose 14 Kapseln inbegriffen - dev6 Erresse","isPartOf":{"@id":"https:\/\/dev6.erresse-shop.it\/#website"},"primaryImageOfPage":{"@id":"https:\/\/dev6.erresse-shop.it\/de\/shop\/kleine-elektrogeraete\/kaffeemaschinen-espresso\/pads-und-kapseln\/illy-iperespresso-x7-1-rose-14-kapseln-inbegriffen\/#primaryimage"},"image":{"@id":"https:\/\/dev6.erresse-shop.it\/de\/shop\/kleine-elektrogeraete\/kaffeemaschinen-espresso\/pads-und-kapseln\/illy-iperespresso-x7-1-rose-14-kapseln-inbegriffen\/#primaryimage"},"thumbnailUrl":"https:\/\/i2.wp.com\/interpim.erresse-shop.it\/Import\/Prodotti\/illy-x7.1-rosa.jpg?ssl=1","datePublished":"2026-04-04T08:14:47+00:00","description":"Leidenschaftliche Perfektion Das unverwechselbare Design erinnert an die Geste des Barista, und der Espresso, den Sie zu Hause zubereiten, ist genau wie","breadcrumb":{"@id":"https:\/\/dev6.erresse-shop.it\/de\/shop\/kleine-elektrogeraete\/kaffeemaschinen-espresso\/pads-und-kapseln\/illy-iperespresso-x7-1-rose-14-kapseln-inbegriffen\/#breadcrumb"},"inLanguage":"de","potentialAction":[{"@type":"ReadAction","target":["https:\/\/dev6.erresse-shop.it\/de\/shop\/kleine-elektrogeraete\/kaffeemaschinen-espresso\/pads-und-kapseln\/illy-iperespresso-x7-1-rose-14-kapseln-inbegriffen\/"]}]},{"@type":"ImageObject","inLanguage":"de","@id":"https:\/\/dev6.erresse-shop.it\/de\/shop\/kleine-elektrogeraete\/kaffeemaschinen-espresso\/pads-und-kapseln\/illy-iperespresso-x7-1-rose-14-kapseln-inbegriffen\/#primaryimage","url":"https:\/\/i2.wp.com\/interpim.erresse-shop.it\/Import\/Prodotti\/illy-x7.1-rosa.jpg?ssl=1","contentUrl":"https:\/\/i2.wp.com\/interpim.erresse-shop.it\/Import\/Prodotti\/illy-x7.1-rosa.jpg?ssl=1"},{"@type":"BreadcrumbList","@id":"https:\/\/dev6.erresse-shop.it\/de\/shop\/kleine-elektrogeraete\/kaffeemaschinen-espresso\/pads-und-kapseln\/illy-iperespresso-x7-1-rose-14-kapseln-inbegriffen\/#breadcrumb","itemListElement":[{"@type":"ListItem","position":1,"name":"Home","item":"https:\/\/dev6.erresse-shop.it\/"},{"@type":"ListItem","position":2,"name":"Shop","item":"https:\/\/dev6.erresse-shop.it\/shop\/"},{"@type":"ListItem","position":3,"name":"ILLY Iperespresso X7.1 Rose 14 Kapseln inbegriffen"}]},{"@type":"WebSite","@id":"https:\/\/dev6.erresse-shop.it\/#website","url":"https:\/\/dev6.erresse-shop.it\/","name":"Erresse Shop","description":"","publisher":{"@id":"https:\/\/dev6.erresse-shop.it\/#organization"},"potentialAction":[{"@type":"SearchAction","target":{"@type":"EntryPoint","urlTemplate":"https:\/\/dev6.erresse-shop.it\/?s={search_term_string}"},"query-input":{"@type":"PropertyValueSpecification","valueRequired":true,"valueName":"search_term_string"}}],"inLanguage":"de"},{"@type":"Organization","@id":"https:\/\/dev6.erresse-shop.it\/#organization","name":"Erresse Shop","url":"https:\/\/dev6.erresse-shop.it\/","logo":{"@type":"ImageObject","inLanguage":"de","@id":"https:\/\/dev6.erresse-shop.it\/#\/schema\/logo\/image\/","url":"https:\/\/dev6.erresse-shop.it\/wp-content\/uploads\/2025\/01\/LOGO-ERRESSE-CLASSICO.svg","contentUrl":"https:\/\/dev6.erresse-shop.it\/wp-content\/uploads\/2025\/01\/LOGO-ERRESSE-CLASSICO.svg","caption":"Erresse Shop"},"image":{"@id":"https:\/\/dev6.erresse-shop.it\/#\/schema\/logo\/image\/"}}]}},"df_price":199,"df_sale_price":"","df_regular_price":199,"df_image_link":"https:\/\/i2.wp.com\/interpim.erresse-shop.it\/Import\/Prodotti\/illy-x7.1-rosa.jpg?resize=300,300&ssl=1","fifu_image_url":"https:\/\/interpim.erresse-shop.it\/Import\/Prodotti\/illy-x7.1-rosa.jpg","_links":{"self":[{"href":"https:\/\/dev6.erresse-shop.it\/de\/wp-json\/wp\/v2\/product\/53932","targetHints":{"allow":["GET"]}}],"collection":[{"href":"https:\/\/dev6.erresse-shop.it\/de\/wp-json\/wp\/v2\/product"}],"about":[{"href":"https:\/\/dev6.erresse-shop.it\/de\/wp-json\/wp\/v2\/types\/product"}],"wp:featuredmedia":[{"embeddable":true,"href":"https:\/\/dev6.erresse-shop.it\/de\/wp-json\/wp\/v2\/media\/6282210"}],"wp:attachment":[{"href":"https:\/\/dev6.erresse-shop.it\/de\/wp-json\/wp\/v2\/media?parent=53932"}],"wp:term":[{"taxonomy":"product_cat","embeddable":true,"href":"https:\/\/dev6.erresse-shop.it\/de\/wp-json\/wp\/v2\/product_cat?post=53932"},{"taxonomy":"product_tag","embeddable":true,"href":"https:\/\/dev6.erresse-shop.it\/de\/wp-json\/wp\/v2\/product_tag?post=53932"}],"curies":[{"name":"wp","href":"https:\/\/api.w.org\/{rel}","templated":true}]}}