{"id":53928,"date":"2026-04-12T10:17:17","date_gmt":"2026-04-12T08:17:17","guid":{"rendered":"https:\/\/dev6.erresse-shop.it\/shop\/unkategorisiert\/les-jardins-de-la-comtesse-riviera-strandtasche\/"},"modified":"2025-09-14T01:33:31","modified_gmt":"2025-09-13T23:33:31","slug":"les-jardins-de-la-comtesse-riviera-strandtasche","status":"publish","type":"product","link":"https:\/\/dev6.erresse-shop.it\/de\/shop\/tisch\/picknickkoerbe\/les-jardins-de-la-comtesse-riviera-strandtasche\/","title":{"rendered":"LES JARDINS DE LA COMTESSE Riviera Strandtasche"},"content":{"rendered":"<p>Isothermische Strandtasche aus gewebtem Raffiabast, was sie leicht macht. Ideal f\u00fcr ein Picknick am Meer.<\/p>\n<p>Die Riviera Tasche ist eine Strandtasche aus Bast mit einem gro\u00dfen isothermischen Fach, um Speisen und Getr\u00e4nke k\u00fchl zu halten.<br \/>\nSie enth\u00e4lt au\u00dferdem ein Set mit Bambusbesteck und Tellern f\u00fcr 4 Personen sowie Gl\u00e4ser aus leichtem, unzerbrechlichem Polypropylen.<br \/>\nDank der breiten Griffe l\u00e4sst er sich leicht auf der Schulter tragen.<\/p>\n<p>Der Korb ist mit einem sch\u00f6nen blau-wei\u00df gestreiften Stoff verziert und wird zum unverzichtbaren Accessoire f\u00fcr Ihren Urlaub am Meer.<\/p>\n<p>In dieser Tasche ist alles enthalten, was Sie f\u00fcr Ihr Picknick brauchen: Teller, Besteck, Gl\u00e4ser und ein Flaschen\u00f6ffner.<\/p>\n<p>Fassungsverm\u00f6gen: 20 Liter<br \/>\nL\u00e4nge: 40 cm<br \/>\nBreite: 16 cm<br \/>\nH\u00f6he: 38 cm<br \/>\nGewicht: 1000 g<\/p>\n<p>Inhalt<br \/>\n\u2013 4 Teller aus Polypropylen<br \/>\n\u2013 4 Gl\u00e4ser aus Polypropylen<br \/>\n\u2013 4 Besteckteile aus Bambus<br \/>\n\u2013 1 Weinkellner<\/p>\n","protected":false},"excerpt":{"rendered":"<p>Isothermische Strandtasche aus gewebtem Raffiabast, was sie leicht macht. Ideal f\u00fcr ein Picknick am Meer. Die Riviera Tasche ist eine Strandtasche aus Bast mit einem gro\u00dfen isothermischen Fach, um Speisen und Getr\u00e4nke k\u00fchl zu halten. Sie enth\u00e4lt au\u00dferdem ein Set mit Bambusbesteck und Tellern f\u00fcr 4 Personen sowie Gl\u00e4ser aus leichtem, unzerbrechlichem Polypropylen. Dank der [&hellip;]<\/p>\n","protected":false},"featured_media":6365462,"template":"","meta":{"_acf_changed":false},"product_cat":[12140,11671,12103],"product_tag":[],"class_list":{"0":"post-53928","1":"product","2":"type-product","3":"status-publish","4":"has-post-thumbnail","6":"product_cat-picknickkoerbe","7":"product_cat-tavola","8":"product_cat-tisch","10":"first","11":"instock","12":"sale","13":"taxable","14":"shipping-taxable","15":"purchasable","16":"product-type-simple","swatches":"rey-swatches","show_selected":"","stretch_labels":"rey-swatches--stretch-labels"},"acf":[],"yoast_head":"<!-- This site is optimized with the Yoast SEO plugin v25.4 - https:\/\/yoast.com\/wordpress\/plugins\/seo\/ -->\n<title>LES JARDINS DE LA COMTESSE Riviera Strandtasche - dev6 Erresse<\/title>\n<meta name=\"description\" content=\"Isothermische Strandtasche aus gewebtem Raffiabast, was sie leicht macht. Ideal f\u00fcr ein Picknick am Meer. Die Riviera Tasche ist eine Strandtasche aus\" \/>\n<meta name=\"robots\" content=\"noindex, follow, max-snippet:-1, max-image-preview:large, max-video-preview:-1\" \/>\n<meta property=\"og:locale\" content=\"de_DE\" \/>\n<meta property=\"og:type\" content=\"article\" \/>\n<meta property=\"og:title\" content=\"LES JARDINS DE LA COMTESSE Riviera Strandtasche - dev6 Erresse\" \/>\n<meta property=\"og:description\" content=\"Isothermische Strandtasche aus gewebtem Raffiabast, was sie leicht macht. Ideal f\u00fcr ein Picknick am Meer. Die Riviera Tasche ist eine Strandtasche aus\" \/>\n<meta property=\"og:url\" content=\"https:\/\/dev6.erresse-shop.it\/de\/shop\/tisch\/picknickkoerbe\/les-jardins-de-la-comtesse-riviera-strandtasche\/\" \/>\n<meta property=\"og:site_name\" content=\"dev6 Erresse\" \/>\n<meta property=\"og:image\" content=\"https:\/\/interpim.erresse-shop.it\/Import\/Prodotti\/les-jardins-de-la-comtesse-sac-de-plage-riviera.jpg\" \/><meta property=\"og:image\" content=\"https:\/\/interpim.erresse-shop.it\/Import\/Prodotti\/les-jardins-de-la-comtesse-sac-de-plage-riviera.jpg\" \/>\n\t<meta property=\"og:image:width\" content=\"1024\" \/>\n\t<meta property=\"og:image:height\" content=\"1024\" \/>\n\t<meta property=\"og:image:type\" content=\"image\/jpeg\" \/>\n<meta name=\"twitter:card\" content=\"summary_large_image\" \/>\n<meta name=\"twitter:image\" content=\"https:\/\/interpim.erresse-shop.it\/Import\/Prodotti\/les-jardins-de-la-comtesse-sac-de-plage-riviera.jpg\" \/>\n<script type=\"application\/ld+json\" class=\"yoast-schema-graph\">{\"@context\":\"https:\/\/schema.org\",\"@graph\":[{\"@type\":\"WebPage\",\"@id\":\"https:\/\/dev6.erresse-shop.it\/de\/shop\/tisch\/picknickkoerbe\/les-jardins-de-la-comtesse-riviera-strandtasche\/\",\"url\":\"https:\/\/dev6.erresse-shop.it\/de\/shop\/tisch\/picknickkoerbe\/les-jardins-de-la-comtesse-riviera-strandtasche\/\",\"name\":\"LES JARDINS DE LA COMTESSE Riviera Strandtasche - dev6 Erresse\",\"isPartOf\":{\"@id\":\"https:\/\/dev6.erresse-shop.it\/#website\"},\"primaryImageOfPage\":{\"@id\":\"https:\/\/dev6.erresse-shop.it\/de\/shop\/tisch\/picknickkoerbe\/les-jardins-de-la-comtesse-riviera-strandtasche\/#primaryimage\"},\"image\":{\"@id\":\"https:\/\/dev6.erresse-shop.it\/de\/shop\/tisch\/picknickkoerbe\/les-jardins-de-la-comtesse-riviera-strandtasche\/#primaryimage\"},\"thumbnailUrl\":\"https:\/\/i2.wp.com\/interpim.erresse-shop.it\/Import\/Prodotti\/les-jardins-de-la-comtesse-sac-de-plage-riviera.jpg?ssl=1\",\"datePublished\":\"2026-04-12T08:17:17+00:00\",\"description\":\"Isothermische Strandtasche aus gewebtem Raffiabast, was sie leicht macht. Ideal f\u00fcr ein Picknick am Meer. Die Riviera Tasche ist eine Strandtasche aus\",\"breadcrumb\":{\"@id\":\"https:\/\/dev6.erresse-shop.it\/de\/shop\/tisch\/picknickkoerbe\/les-jardins-de-la-comtesse-riviera-strandtasche\/#breadcrumb\"},\"inLanguage\":\"de\",\"potentialAction\":[{\"@type\":\"ReadAction\",\"target\":[\"https:\/\/dev6.erresse-shop.it\/de\/shop\/tisch\/picknickkoerbe\/les-jardins-de-la-comtesse-riviera-strandtasche\/\"]}]},{\"@type\":\"ImageObject\",\"inLanguage\":\"de\",\"@id\":\"https:\/\/dev6.erresse-shop.it\/de\/shop\/tisch\/picknickkoerbe\/les-jardins-de-la-comtesse-riviera-strandtasche\/#primaryimage\",\"url\":\"https:\/\/i2.wp.com\/interpim.erresse-shop.it\/Import\/Prodotti\/les-jardins-de-la-comtesse-sac-de-plage-riviera.jpg?ssl=1\",\"contentUrl\":\"https:\/\/i2.wp.com\/interpim.erresse-shop.it\/Import\/Prodotti\/les-jardins-de-la-comtesse-sac-de-plage-riviera.jpg?ssl=1\"},{\"@type\":\"BreadcrumbList\",\"@id\":\"https:\/\/dev6.erresse-shop.it\/de\/shop\/tisch\/picknickkoerbe\/les-jardins-de-la-comtesse-riviera-strandtasche\/#breadcrumb\",\"itemListElement\":[{\"@type\":\"ListItem\",\"position\":1,\"name\":\"Home\",\"item\":\"https:\/\/dev6.erresse-shop.it\/\"},{\"@type\":\"ListItem\",\"position\":2,\"name\":\"Shop\",\"item\":\"https:\/\/dev6.erresse-shop.it\/shop\/\"},{\"@type\":\"ListItem\",\"position\":3,\"name\":\"LES JARDINS DE LA COMTESSE Riviera Strandtasche\"}]},{\"@type\":\"WebSite\",\"@id\":\"https:\/\/dev6.erresse-shop.it\/#website\",\"url\":\"https:\/\/dev6.erresse-shop.it\/\",\"name\":\"Erresse Shop\",\"description\":\"\",\"publisher\":{\"@id\":\"https:\/\/dev6.erresse-shop.it\/#organization\"},\"potentialAction\":[{\"@type\":\"SearchAction\",\"target\":{\"@type\":\"EntryPoint\",\"urlTemplate\":\"https:\/\/dev6.erresse-shop.it\/?s={search_term_string}\"},\"query-input\":{\"@type\":\"PropertyValueSpecification\",\"valueRequired\":true,\"valueName\":\"search_term_string\"}}],\"inLanguage\":\"de\"},{\"@type\":\"Organization\",\"@id\":\"https:\/\/dev6.erresse-shop.it\/#organization\",\"name\":\"Erresse Shop\",\"url\":\"https:\/\/dev6.erresse-shop.it\/\",\"logo\":{\"@type\":\"ImageObject\",\"inLanguage\":\"de\",\"@id\":\"https:\/\/dev6.erresse-shop.it\/#\/schema\/logo\/image\/\",\"url\":\"https:\/\/dev6.erresse-shop.it\/wp-content\/uploads\/2025\/01\/LOGO-ERRESSE-CLASSICO.svg\",\"contentUrl\":\"https:\/\/dev6.erresse-shop.it\/wp-content\/uploads\/2025\/01\/LOGO-ERRESSE-CLASSICO.svg\",\"caption\":\"Erresse Shop\"},\"image\":{\"@id\":\"https:\/\/dev6.erresse-shop.it\/#\/schema\/logo\/image\/\"}}]}<\/script>\n<!-- \/ Yoast SEO plugin. -->","yoast_head_json":{"title":"LES JARDINS DE LA COMTESSE Riviera Strandtasche - dev6 Erresse","description":"Isothermische Strandtasche aus gewebtem Raffiabast, was sie leicht macht. Ideal f\u00fcr ein Picknick am Meer. Die Riviera Tasche ist eine Strandtasche aus","robots":{"index":"noindex","follow":"follow","max-snippet":"max-snippet:-1","max-image-preview":"max-image-preview:large","max-video-preview":"max-video-preview:-1"},"og_locale":"de_DE","og_type":"article","og_title":"LES JARDINS DE LA COMTESSE Riviera Strandtasche - dev6 Erresse","og_description":"Isothermische Strandtasche aus gewebtem Raffiabast, was sie leicht macht. Ideal f\u00fcr ein Picknick am Meer. Die Riviera Tasche ist eine Strandtasche aus","og_url":"https:\/\/dev6.erresse-shop.it\/de\/shop\/tisch\/picknickkoerbe\/les-jardins-de-la-comtesse-riviera-strandtasche\/","og_site_name":"dev6 Erresse","og_image":[{"url":"https:\/\/interpim.erresse-shop.it\/Import\/Prodotti\/les-jardins-de-la-comtesse-sac-de-plage-riviera.jpg","type":"","width":"","height":""},{"url":"https:\/\/interpim.erresse-shop.it\/Import\/Prodotti\/les-jardins-de-la-comtesse-sac-de-plage-riviera.jpg","width":1024,"height":1024,"type":"image\/jpeg"}],"twitter_card":"summary_large_image","twitter_image":"https:\/\/interpim.erresse-shop.it\/Import\/Prodotti\/les-jardins-de-la-comtesse-sac-de-plage-riviera.jpg","schema":{"@context":"https:\/\/schema.org","@graph":[{"@type":"WebPage","@id":"https:\/\/dev6.erresse-shop.it\/de\/shop\/tisch\/picknickkoerbe\/les-jardins-de-la-comtesse-riviera-strandtasche\/","url":"https:\/\/dev6.erresse-shop.it\/de\/shop\/tisch\/picknickkoerbe\/les-jardins-de-la-comtesse-riviera-strandtasche\/","name":"LES JARDINS DE LA COMTESSE Riviera Strandtasche - dev6 Erresse","isPartOf":{"@id":"https:\/\/dev6.erresse-shop.it\/#website"},"primaryImageOfPage":{"@id":"https:\/\/dev6.erresse-shop.it\/de\/shop\/tisch\/picknickkoerbe\/les-jardins-de-la-comtesse-riviera-strandtasche\/#primaryimage"},"image":{"@id":"https:\/\/dev6.erresse-shop.it\/de\/shop\/tisch\/picknickkoerbe\/les-jardins-de-la-comtesse-riviera-strandtasche\/#primaryimage"},"thumbnailUrl":"https:\/\/i2.wp.com\/interpim.erresse-shop.it\/Import\/Prodotti\/les-jardins-de-la-comtesse-sac-de-plage-riviera.jpg?ssl=1","datePublished":"2026-04-12T08:17:17+00:00","description":"Isothermische Strandtasche aus gewebtem Raffiabast, was sie leicht macht. Ideal f\u00fcr ein Picknick am Meer. Die Riviera Tasche ist eine Strandtasche aus","breadcrumb":{"@id":"https:\/\/dev6.erresse-shop.it\/de\/shop\/tisch\/picknickkoerbe\/les-jardins-de-la-comtesse-riviera-strandtasche\/#breadcrumb"},"inLanguage":"de","potentialAction":[{"@type":"ReadAction","target":["https:\/\/dev6.erresse-shop.it\/de\/shop\/tisch\/picknickkoerbe\/les-jardins-de-la-comtesse-riviera-strandtasche\/"]}]},{"@type":"ImageObject","inLanguage":"de","@id":"https:\/\/dev6.erresse-shop.it\/de\/shop\/tisch\/picknickkoerbe\/les-jardins-de-la-comtesse-riviera-strandtasche\/#primaryimage","url":"https:\/\/i2.wp.com\/interpim.erresse-shop.it\/Import\/Prodotti\/les-jardins-de-la-comtesse-sac-de-plage-riviera.jpg?ssl=1","contentUrl":"https:\/\/i2.wp.com\/interpim.erresse-shop.it\/Import\/Prodotti\/les-jardins-de-la-comtesse-sac-de-plage-riviera.jpg?ssl=1"},{"@type":"BreadcrumbList","@id":"https:\/\/dev6.erresse-shop.it\/de\/shop\/tisch\/picknickkoerbe\/les-jardins-de-la-comtesse-riviera-strandtasche\/#breadcrumb","itemListElement":[{"@type":"ListItem","position":1,"name":"Home","item":"https:\/\/dev6.erresse-shop.it\/"},{"@type":"ListItem","position":2,"name":"Shop","item":"https:\/\/dev6.erresse-shop.it\/shop\/"},{"@type":"ListItem","position":3,"name":"LES JARDINS DE LA COMTESSE Riviera Strandtasche"}]},{"@type":"WebSite","@id":"https:\/\/dev6.erresse-shop.it\/#website","url":"https:\/\/dev6.erresse-shop.it\/","name":"Erresse Shop","description":"","publisher":{"@id":"https:\/\/dev6.erresse-shop.it\/#organization"},"potentialAction":[{"@type":"SearchAction","target":{"@type":"EntryPoint","urlTemplate":"https:\/\/dev6.erresse-shop.it\/?s={search_term_string}"},"query-input":{"@type":"PropertyValueSpecification","valueRequired":true,"valueName":"search_term_string"}}],"inLanguage":"de"},{"@type":"Organization","@id":"https:\/\/dev6.erresse-shop.it\/#organization","name":"Erresse Shop","url":"https:\/\/dev6.erresse-shop.it\/","logo":{"@type":"ImageObject","inLanguage":"de","@id":"https:\/\/dev6.erresse-shop.it\/#\/schema\/logo\/image\/","url":"https:\/\/dev6.erresse-shop.it\/wp-content\/uploads\/2025\/01\/LOGO-ERRESSE-CLASSICO.svg","contentUrl":"https:\/\/dev6.erresse-shop.it\/wp-content\/uploads\/2025\/01\/LOGO-ERRESSE-CLASSICO.svg","caption":"Erresse Shop"},"image":{"@id":"https:\/\/dev6.erresse-shop.it\/#\/schema\/logo\/image\/"}}]}},"df_price":56.95,"df_sale_price":56.95,"df_regular_price":60,"df_image_link":"https:\/\/i2.wp.com\/interpim.erresse-shop.it\/Import\/Prodotti\/les-jardins-de-la-comtesse-sac-de-plage-riviera.jpg?resize=300,300&ssl=1","fifu_image_url":"https:\/\/interpim.erresse-shop.it\/Import\/Prodotti\/les-jardins-de-la-comtesse-sac-de-plage-riviera.jpg","_links":{"self":[{"href":"https:\/\/dev6.erresse-shop.it\/de\/wp-json\/wp\/v2\/product\/53928","targetHints":{"allow":["GET"]}}],"collection":[{"href":"https:\/\/dev6.erresse-shop.it\/de\/wp-json\/wp\/v2\/product"}],"about":[{"href":"https:\/\/dev6.erresse-shop.it\/de\/wp-json\/wp\/v2\/types\/product"}],"wp:featuredmedia":[{"embeddable":true,"href":"https:\/\/dev6.erresse-shop.it\/de\/wp-json\/wp\/v2\/media\/6365462"}],"wp:attachment":[{"href":"https:\/\/dev6.erresse-shop.it\/de\/wp-json\/wp\/v2\/media?parent=53928"}],"wp:term":[{"taxonomy":"product_cat","embeddable":true,"href":"https:\/\/dev6.erresse-shop.it\/de\/wp-json\/wp\/v2\/product_cat?post=53928"},{"taxonomy":"product_tag","embeddable":true,"href":"https:\/\/dev6.erresse-shop.it\/de\/wp-json\/wp\/v2\/product_tag?post=53928"}],"curies":[{"name":"wp","href":"https:\/\/api.w.org\/{rel}","templated":true}]}}