{"id":53742,"date":"2026-04-03T10:59:00","date_gmt":"2026-04-03T08:59:00","guid":{"rendered":"https:\/\/dev6.erresse-shop.it\/shop\/unkategorisiert\/berkel-home-slicer-home-line-plus-250-schwarz\/"},"modified":"2025-09-14T01:30:29","modified_gmt":"2025-09-13T23:30:29","slug":"berkel-home-slicer-home-line-plus-250-schwarz","status":"publish","type":"product","link":"https:\/\/dev6.erresse-shop.it\/de\/shop\/kleine-elektrogeraete\/aufschnittmaschinen\/berkel-home-slicer-home-line-plus-250-schwarz\/","title":{"rendered":"BERKEL Home Slicer Home Line Plus 250 Schwarz"},"content":{"rendered":"<p>Home Line PLUS : Berkel bringt Design in die K\u00fcche. Diese Linie von Aufschnittmaschinen f\u00fcr den Hausgebrauch ist die Synthese aus dem Know-how des technischen Teams von Berkel, den funktionellen Anforderungen und den hohen Sicherheits- und Sauberkeitsstandards. Home Line Plus ist die Weiterentwicklung der professionellen Berkel-Schneidetechnik f\u00fcr ein einzigartiges K\u00fcchenerlebnis, das eine hohe Schneidleistung f\u00fcr alle Arten von Lebensmitteln garantiert: Aufschnitt, Fisch, K\u00e4se, Obst, Gem\u00fcse und Brot. Essentielle und abgerundete Linien, die verbl\u00fcffen und faszinieren, aber vor allem in ihren au\u00dfergew\u00f6hnlich kompakten Abmessungen ausgestellt werden sollen. Neben ihrem einzigartigen Design zeichnet sich die Home Line Plus durch ihre technischen und funktionellen Eigenschaften aus, die das Verbrauchererlebnis verbessern: Die professionell profilierte Klinge aus verchromtem Stahl sorgt f\u00fcr einen perfekten Schnitt, reduziert den Abfall und gew\u00e4hrleistet gleichm\u00e4\u00dfige Scheiben. Der Messerschutz mit durchgehendem Profil verbessert die Gl\u00e4tte des zu schneidenden Produkts, und das diagonal \u00f6ffnende Segel erleichtert den Austritt des Schnitts f\u00fcr eine optimale Leistung. Der Motorblock gew\u00e4hrleistet eine bessere Leistung auch beim Schneiden h\u00e4rterer Produkte. Zus\u00e4tzlich sch\u00fctzt die Integration des CE-zertifizierten Sicherheitsschlosses und gew\u00e4hrleistet eine schnelle und einfache Reinigung. Digitale Innovation dank des in der Schneidemaschine integrierten NFC-Tags, der es dem Verbraucher erm\u00f6glicht, mit einem einfachen Smartphone ein exklusives Berkel-Erlebnis vor und nach dem Kauf zu haben.<\/p>\n<p>Einige Details k\u00f6nnen von den auf dem Foto gezeigten abweichen.<\/p>\n<p>PERFORMANCE<\/p>\n<p>Minimale Dicke der letzten Scheibe zur Minimierung des Produktabfalls<br \/>\nHebel zum \u00d6ffnen der Klinge mit 18 Positionen f\u00fcr die millimetergenaue Einstellung des Schnitts<br \/>\nSchiefe Ebene nutzt die Schwerkraft f\u00fcr einen pr\u00e4ziseren und m\u00fcheloseren Schnitt<br \/>\nVerchromte Stahlklinge mit professionellem Profil: reduziert den Abfall und sorgt f\u00fcr gleichm\u00e4\u00dfige Schnitte<br \/>\nDurchgehend profilierter Messerschutz f\u00fcr Stabilit\u00e4t und besseres Gleiten des Schneidgutes<br \/>\nProfessioneller 0,25 PS \/ 0,19 kW Motor f\u00fcr exzellente Schnittleistung selbst bei den h\u00e4rtesten Produkten<br \/>\nEingebauter Klappenabweiser f\u00fcr leichteres Ausl\u00f6sen des Slice<br \/>\nDer Produktunterst\u00fctzungsblock reduziert den Abstand zwischen Schlitten und Segel und erm\u00f6glicht die volle Unterst\u00fctzung der zu schneidenden<br \/>\nScheibe, um den Abfall zu minimieren<br \/>\nGeh\u00e4use und Sockel aus einer speziellen Aluminiumlegierung und gummierte F\u00fc\u00dfe f\u00fcr maximale Stabilit\u00e4t w\u00e4hrend des Gebrauchs<br \/>\nVollst\u00e4ndig abgedichtetes IP65-Bedienfeld<br \/>\nSchr\u00e4ges Segel\u00f6ffnungssystem f\u00fcr einfachen Produktaustritt beim Schneiden<br \/>\nAnspitzer als Option zum Kauf erh\u00e4ltlich<br \/>\nNFC-Tag: Achten Sie auf den gelben Aufkleber, um das Berkel-Erlebnis mit exklusiven Inhalten zu genie\u00dfen<\/p>\n<p>REINIGUNG UND HYGIENE<\/p>\n<p>Geh\u00e4use mit Klingenschutz: eine Schale auf der R\u00fcckseite der Klinge begrenzt die Zwischenr\u00e4ume, um die Ansammlung von Abf\u00e4llen zu verhindern<br \/>\nDurchgehender Klingenschutz aus lebensmittelechtem Aluminium mit schnellem Ausbau zur einfachen Reinigung<br \/>\nKippplatte zur schnellen Reinigung des Maschinenk\u00f6rpers<br \/>\nLeicht abnehmbarer und sp\u00fclmaschinenfester St\u00f6\u00dfel<br \/>\nInklusive Klingenabzieher<br \/>\nSockel mit Aluminiumplatte, so dass kein Spalt zwischen Maschine und Tisch entsteht<\/p>\n<p>SICHERHEIT<\/p>\n<p>CE-Sicherheitsverriegelung: In der gekippten Position der Platte bleibt das Segel geschlossen, um die Gefahr des Einschneidens bei Reinigungsarbeiten zu vermeiden<br \/>\nProfessionelles Bedienfeld mit gut sichtbaren LED-EIN\/AUS-Schaltern<br \/>\nKlingenschutzring aus lebensmittelechtem Aluminium f\u00fcr zus\u00e4tzliche Sicherheit<br \/>\nErgonomische Bedienelemente in bequemer Position, um den Kraftaufwand des Bedieners zu minimieren<br \/>\nAutomatische Abschaltung der Maschine bei Stromausfall<\/p>\n<p>TECHNISCHE MERKMALE<\/p>\n<p>Gewicht: 14,5 kg<br \/>\nH\u00f6he: 315 mm<br \/>\nTiefe: 552 mm<br \/>\nBreite: 340 mm<br \/>\nDurchmesser der Klinge: 250 mm<br \/>\nStecker: Kabel wird mit EU- und CH-Steckern geliefert<br \/>\nElektrische Daten: 230 V 50 Hz<br \/>\nMotorleistung: 0,19 kW<br \/>\nSchnittst\u00e4rke: 0 \u2013 18 mm<br \/>\nSchneidkapazit\u00e4t (kreisf\u00f6rmig): 183 mm<br \/>\nSchnittkapazit\u00e4t (rechteckig): 200\u00d7183 mm<br \/>\nAbnehmbare Teile: Klingenschutz, Schieber, kippbare, aber nicht abnehmbare Schneidplatte<br \/>\nAnspitzer: nicht enthalten, optional im Angebot<br \/>\nKlingenabzieher: f\u00fcr eine gr\u00fcndliche Reinigung enthalten<br \/>\nDetails: Schr\u00e4ge Segel\u00f6ffnung f\u00fcr besseren Scheibenauslauf, durchgehender Profilmesserschutz f\u00fcr besseres Gleiten, Produktauflageblock f\u00fcr vollst\u00e4ndige Auflage der Scheibe und Minimierung des Abfalls<\/p>\n<p>Nicht zum Verkauf au\u00dferhalb Europas<\/p>\n","protected":false},"excerpt":{"rendered":"<p>Home Line PLUS : Berkel bringt Design in die K\u00fcche. Diese Linie von Aufschnittmaschinen f\u00fcr den Hausgebrauch ist die Synthese aus dem Know-how des technischen Teams von Berkel, den funktionellen Anforderungen und den hohen Sicherheits- und Sauberkeitsstandards. Home Line Plus ist die Weiterentwicklung der professionellen Berkel-Schneidetechnik f\u00fcr ein einzigartiges K\u00fcchenerlebnis, das eine hohe Schneidleistung f\u00fcr [&hellip;]<\/p>\n","protected":false},"featured_media":6240257,"template":"","meta":{"_acf_changed":false},"product_cat":[12181,12163],"product_tag":[],"class_list":{"0":"post-53742","1":"product","2":"type-product","3":"status-publish","4":"has-post-thumbnail","6":"product_cat-aufschnittmaschinen","7":"product_cat-kleine-elektrogeraete","9":"first","10":"instock","11":"sale","12":"taxable","13":"shipping-taxable","14":"purchasable","15":"product-type-simple","swatches":"rey-swatches","show_selected":"","stretch_labels":"rey-swatches--stretch-labels"},"acf":[],"yoast_head":"<!-- This site is optimized with the Yoast SEO plugin v25.4 - https:\/\/yoast.com\/wordpress\/plugins\/seo\/ -->\n<title>BERKEL Home Slicer Home Line Plus 250 Schwarz - dev6 Erresse<\/title>\n<meta name=\"description\" content=\"Home Line PLUS : Berkel bringt Design in die K\u00fcche. Diese Linie von Aufschnittmaschinen f\u00fcr den Hausgebrauch ist die Synthese aus dem Know-how des\" \/>\n<meta name=\"robots\" content=\"noindex, follow, max-snippet:-1, max-image-preview:large, max-video-preview:-1\" \/>\n<meta property=\"og:locale\" content=\"de_DE\" \/>\n<meta property=\"og:type\" content=\"article\" \/>\n<meta property=\"og:title\" content=\"BERKEL Home Slicer Home Line Plus 250 Schwarz - dev6 Erresse\" \/>\n<meta property=\"og:description\" content=\"Home Line PLUS : Berkel bringt Design in die K\u00fcche. Diese Linie von Aufschnittmaschinen f\u00fcr den Hausgebrauch ist die Synthese aus dem Know-how des\" \/>\n<meta property=\"og:url\" content=\"https:\/\/dev6.erresse-shop.it\/de\/shop\/kleine-elektrogeraete\/aufschnittmaschinen\/berkel-home-slicer-home-line-plus-250-schwarz\/\" \/>\n<meta property=\"og:site_name\" content=\"dev6 Erresse\" \/>\n<meta property=\"og:image\" content=\"https:\/\/interpim.erresse-shop.it\/Import\/Prodotti\/berkel-home-line-250-plus-nera.jpg\" \/><meta property=\"og:image\" content=\"https:\/\/interpim.erresse-shop.it\/Import\/Prodotti\/berkel-home-line-250-plus-nera.jpg\" \/>\n\t<meta property=\"og:image:width\" content=\"1024\" \/>\n\t<meta property=\"og:image:height\" content=\"1024\" \/>\n\t<meta property=\"og:image:type\" content=\"image\/jpeg\" \/>\n<meta name=\"twitter:card\" content=\"summary_large_image\" \/>\n<meta name=\"twitter:image\" content=\"https:\/\/interpim.erresse-shop.it\/Import\/Prodotti\/berkel-home-line-250-plus-nera.jpg\" \/>\n<script type=\"application\/ld+json\" class=\"yoast-schema-graph\">{\"@context\":\"https:\/\/schema.org\",\"@graph\":[{\"@type\":\"WebPage\",\"@id\":\"https:\/\/dev6.erresse-shop.it\/de\/shop\/kleine-elektrogeraete\/aufschnittmaschinen\/berkel-home-slicer-home-line-plus-250-schwarz\/\",\"url\":\"https:\/\/dev6.erresse-shop.it\/de\/shop\/kleine-elektrogeraete\/aufschnittmaschinen\/berkel-home-slicer-home-line-plus-250-schwarz\/\",\"name\":\"BERKEL Home Slicer Home Line Plus 250 Schwarz - dev6 Erresse\",\"isPartOf\":{\"@id\":\"https:\/\/dev6.erresse-shop.it\/#website\"},\"primaryImageOfPage\":{\"@id\":\"https:\/\/dev6.erresse-shop.it\/de\/shop\/kleine-elektrogeraete\/aufschnittmaschinen\/berkel-home-slicer-home-line-plus-250-schwarz\/#primaryimage\"},\"image\":{\"@id\":\"https:\/\/dev6.erresse-shop.it\/de\/shop\/kleine-elektrogeraete\/aufschnittmaschinen\/berkel-home-slicer-home-line-plus-250-schwarz\/#primaryimage\"},\"thumbnailUrl\":\"https:\/\/i2.wp.com\/interpim.erresse-shop.it\/Import\/Prodotti\/berkel-home-line-250-plus-nera.jpg?ssl=1\",\"datePublished\":\"2026-04-03T08:59:00+00:00\",\"description\":\"Home Line PLUS : Berkel bringt Design in die K\u00fcche. Diese Linie von Aufschnittmaschinen f\u00fcr den Hausgebrauch ist die Synthese aus dem Know-how des\",\"breadcrumb\":{\"@id\":\"https:\/\/dev6.erresse-shop.it\/de\/shop\/kleine-elektrogeraete\/aufschnittmaschinen\/berkel-home-slicer-home-line-plus-250-schwarz\/#breadcrumb\"},\"inLanguage\":\"de\",\"potentialAction\":[{\"@type\":\"ReadAction\",\"target\":[\"https:\/\/dev6.erresse-shop.it\/de\/shop\/kleine-elektrogeraete\/aufschnittmaschinen\/berkel-home-slicer-home-line-plus-250-schwarz\/\"]}]},{\"@type\":\"ImageObject\",\"inLanguage\":\"de\",\"@id\":\"https:\/\/dev6.erresse-shop.it\/de\/shop\/kleine-elektrogeraete\/aufschnittmaschinen\/berkel-home-slicer-home-line-plus-250-schwarz\/#primaryimage\",\"url\":\"https:\/\/i2.wp.com\/interpim.erresse-shop.it\/Import\/Prodotti\/berkel-home-line-250-plus-nera.jpg?ssl=1\",\"contentUrl\":\"https:\/\/i2.wp.com\/interpim.erresse-shop.it\/Import\/Prodotti\/berkel-home-line-250-plus-nera.jpg?ssl=1\"},{\"@type\":\"BreadcrumbList\",\"@id\":\"https:\/\/dev6.erresse-shop.it\/de\/shop\/kleine-elektrogeraete\/aufschnittmaschinen\/berkel-home-slicer-home-line-plus-250-schwarz\/#breadcrumb\",\"itemListElement\":[{\"@type\":\"ListItem\",\"position\":1,\"name\":\"Home\",\"item\":\"https:\/\/dev6.erresse-shop.it\/\"},{\"@type\":\"ListItem\",\"position\":2,\"name\":\"Shop\",\"item\":\"https:\/\/dev6.erresse-shop.it\/shop\/\"},{\"@type\":\"ListItem\",\"position\":3,\"name\":\"BERKEL Home Slicer Home Line Plus 250 Schwarz\"}]},{\"@type\":\"WebSite\",\"@id\":\"https:\/\/dev6.erresse-shop.it\/#website\",\"url\":\"https:\/\/dev6.erresse-shop.it\/\",\"name\":\"Erresse Shop\",\"description\":\"\",\"publisher\":{\"@id\":\"https:\/\/dev6.erresse-shop.it\/#organization\"},\"potentialAction\":[{\"@type\":\"SearchAction\",\"target\":{\"@type\":\"EntryPoint\",\"urlTemplate\":\"https:\/\/dev6.erresse-shop.it\/?s={search_term_string}\"},\"query-input\":{\"@type\":\"PropertyValueSpecification\",\"valueRequired\":true,\"valueName\":\"search_term_string\"}}],\"inLanguage\":\"de\"},{\"@type\":\"Organization\",\"@id\":\"https:\/\/dev6.erresse-shop.it\/#organization\",\"name\":\"Erresse Shop\",\"url\":\"https:\/\/dev6.erresse-shop.it\/\",\"logo\":{\"@type\":\"ImageObject\",\"inLanguage\":\"de\",\"@id\":\"https:\/\/dev6.erresse-shop.it\/#\/schema\/logo\/image\/\",\"url\":\"https:\/\/dev6.erresse-shop.it\/wp-content\/uploads\/2025\/01\/LOGO-ERRESSE-CLASSICO.svg\",\"contentUrl\":\"https:\/\/dev6.erresse-shop.it\/wp-content\/uploads\/2025\/01\/LOGO-ERRESSE-CLASSICO.svg\",\"caption\":\"Erresse Shop\"},\"image\":{\"@id\":\"https:\/\/dev6.erresse-shop.it\/#\/schema\/logo\/image\/\"}}]}<\/script>\n<!-- \/ Yoast SEO plugin. -->","yoast_head_json":{"title":"BERKEL Home Slicer Home Line Plus 250 Schwarz - dev6 Erresse","description":"Home Line PLUS : Berkel bringt Design in die K\u00fcche. Diese Linie von Aufschnittmaschinen f\u00fcr den Hausgebrauch ist die Synthese aus dem Know-how des","robots":{"index":"noindex","follow":"follow","max-snippet":"max-snippet:-1","max-image-preview":"max-image-preview:large","max-video-preview":"max-video-preview:-1"},"og_locale":"de_DE","og_type":"article","og_title":"BERKEL Home Slicer Home Line Plus 250 Schwarz - dev6 Erresse","og_description":"Home Line PLUS : Berkel bringt Design in die K\u00fcche. Diese Linie von Aufschnittmaschinen f\u00fcr den Hausgebrauch ist die Synthese aus dem Know-how des","og_url":"https:\/\/dev6.erresse-shop.it\/de\/shop\/kleine-elektrogeraete\/aufschnittmaschinen\/berkel-home-slicer-home-line-plus-250-schwarz\/","og_site_name":"dev6 Erresse","og_image":[{"url":"https:\/\/interpim.erresse-shop.it\/Import\/Prodotti\/berkel-home-line-250-plus-nera.jpg","type":"","width":"","height":""},{"url":"https:\/\/interpim.erresse-shop.it\/Import\/Prodotti\/berkel-home-line-250-plus-nera.jpg","width":1024,"height":1024,"type":"image\/jpeg"}],"twitter_card":"summary_large_image","twitter_image":"https:\/\/interpim.erresse-shop.it\/Import\/Prodotti\/berkel-home-line-250-plus-nera.jpg","schema":{"@context":"https:\/\/schema.org","@graph":[{"@type":"WebPage","@id":"https:\/\/dev6.erresse-shop.it\/de\/shop\/kleine-elektrogeraete\/aufschnittmaschinen\/berkel-home-slicer-home-line-plus-250-schwarz\/","url":"https:\/\/dev6.erresse-shop.it\/de\/shop\/kleine-elektrogeraete\/aufschnittmaschinen\/berkel-home-slicer-home-line-plus-250-schwarz\/","name":"BERKEL Home Slicer Home Line Plus 250 Schwarz - dev6 Erresse","isPartOf":{"@id":"https:\/\/dev6.erresse-shop.it\/#website"},"primaryImageOfPage":{"@id":"https:\/\/dev6.erresse-shop.it\/de\/shop\/kleine-elektrogeraete\/aufschnittmaschinen\/berkel-home-slicer-home-line-plus-250-schwarz\/#primaryimage"},"image":{"@id":"https:\/\/dev6.erresse-shop.it\/de\/shop\/kleine-elektrogeraete\/aufschnittmaschinen\/berkel-home-slicer-home-line-plus-250-schwarz\/#primaryimage"},"thumbnailUrl":"https:\/\/i2.wp.com\/interpim.erresse-shop.it\/Import\/Prodotti\/berkel-home-line-250-plus-nera.jpg?ssl=1","datePublished":"2026-04-03T08:59:00+00:00","description":"Home Line PLUS : Berkel bringt Design in die K\u00fcche. Diese Linie von Aufschnittmaschinen f\u00fcr den Hausgebrauch ist die Synthese aus dem Know-how des","breadcrumb":{"@id":"https:\/\/dev6.erresse-shop.it\/de\/shop\/kleine-elektrogeraete\/aufschnittmaschinen\/berkel-home-slicer-home-line-plus-250-schwarz\/#breadcrumb"},"inLanguage":"de","potentialAction":[{"@type":"ReadAction","target":["https:\/\/dev6.erresse-shop.it\/de\/shop\/kleine-elektrogeraete\/aufschnittmaschinen\/berkel-home-slicer-home-line-plus-250-schwarz\/"]}]},{"@type":"ImageObject","inLanguage":"de","@id":"https:\/\/dev6.erresse-shop.it\/de\/shop\/kleine-elektrogeraete\/aufschnittmaschinen\/berkel-home-slicer-home-line-plus-250-schwarz\/#primaryimage","url":"https:\/\/i2.wp.com\/interpim.erresse-shop.it\/Import\/Prodotti\/berkel-home-line-250-plus-nera.jpg?ssl=1","contentUrl":"https:\/\/i2.wp.com\/interpim.erresse-shop.it\/Import\/Prodotti\/berkel-home-line-250-plus-nera.jpg?ssl=1"},{"@type":"BreadcrumbList","@id":"https:\/\/dev6.erresse-shop.it\/de\/shop\/kleine-elektrogeraete\/aufschnittmaschinen\/berkel-home-slicer-home-line-plus-250-schwarz\/#breadcrumb","itemListElement":[{"@type":"ListItem","position":1,"name":"Home","item":"https:\/\/dev6.erresse-shop.it\/"},{"@type":"ListItem","position":2,"name":"Shop","item":"https:\/\/dev6.erresse-shop.it\/shop\/"},{"@type":"ListItem","position":3,"name":"BERKEL Home Slicer Home Line Plus 250 Schwarz"}]},{"@type":"WebSite","@id":"https:\/\/dev6.erresse-shop.it\/#website","url":"https:\/\/dev6.erresse-shop.it\/","name":"Erresse Shop","description":"","publisher":{"@id":"https:\/\/dev6.erresse-shop.it\/#organization"},"potentialAction":[{"@type":"SearchAction","target":{"@type":"EntryPoint","urlTemplate":"https:\/\/dev6.erresse-shop.it\/?s={search_term_string}"},"query-input":{"@type":"PropertyValueSpecification","valueRequired":true,"valueName":"search_term_string"}}],"inLanguage":"de"},{"@type":"Organization","@id":"https:\/\/dev6.erresse-shop.it\/#organization","name":"Erresse Shop","url":"https:\/\/dev6.erresse-shop.it\/","logo":{"@type":"ImageObject","inLanguage":"de","@id":"https:\/\/dev6.erresse-shop.it\/#\/schema\/logo\/image\/","url":"https:\/\/dev6.erresse-shop.it\/wp-content\/uploads\/2025\/01\/LOGO-ERRESSE-CLASSICO.svg","contentUrl":"https:\/\/dev6.erresse-shop.it\/wp-content\/uploads\/2025\/01\/LOGO-ERRESSE-CLASSICO.svg","caption":"Erresse Shop"},"image":{"@id":"https:\/\/dev6.erresse-shop.it\/#\/schema\/logo\/image\/"}}]}},"df_price":599,"df_sale_price":599,"df_regular_price":749,"df_image_link":"https:\/\/i2.wp.com\/interpim.erresse-shop.it\/Import\/Prodotti\/berkel-home-line-250-plus-nera.jpg?resize=300,300&ssl=1","fifu_image_url":"https:\/\/interpim.erresse-shop.it\/Import\/Prodotti\/berkel-home-line-250-plus-nera.jpg","_links":{"self":[{"href":"https:\/\/dev6.erresse-shop.it\/de\/wp-json\/wp\/v2\/product\/53742","targetHints":{"allow":["GET"]}}],"collection":[{"href":"https:\/\/dev6.erresse-shop.it\/de\/wp-json\/wp\/v2\/product"}],"about":[{"href":"https:\/\/dev6.erresse-shop.it\/de\/wp-json\/wp\/v2\/types\/product"}],"wp:featuredmedia":[{"embeddable":true,"href":"https:\/\/dev6.erresse-shop.it\/de\/wp-json\/wp\/v2\/media\/6240257"}],"wp:attachment":[{"href":"https:\/\/dev6.erresse-shop.it\/de\/wp-json\/wp\/v2\/media?parent=53742"}],"wp:term":[{"taxonomy":"product_cat","embeddable":true,"href":"https:\/\/dev6.erresse-shop.it\/de\/wp-json\/wp\/v2\/product_cat?post=53742"},{"taxonomy":"product_tag","embeddable":true,"href":"https:\/\/dev6.erresse-shop.it\/de\/wp-json\/wp\/v2\/product_tag?post=53742"}],"curies":[{"name":"wp","href":"https:\/\/api.w.org\/{rel}","templated":true}]}}