{"id":53589,"date":"2026-04-12T10:05:11","date_gmt":"2026-04-12T08:05:11","guid":{"rendered":"https:\/\/dev6.erresse-shop.it\/shop\/unkategorisiert\/jura-kaffeemaschine-ena-8-grossstadtschwarz-einschliesslich-2-kg-kaffee\/"},"modified":"2025-07-03T21:09:51","modified_gmt":"2025-07-03T19:09:51","slug":"jura-kaffeemaschine-ena-8-grossstadtschwarz-einschliesslich-2-kg-kaffee","status":"publish","type":"product","link":"https:\/\/dev6.erresse-shop.it\/de\/shop\/kleine-elektrogeraete\/kaffeemaschinen-espresso\/automatisch\/jura-kaffeemaschine-ena-8-grossstadtschwarz-einschliesslich-2-kg-kaffee\/","title":{"rendered":"JURA Kaffeemaschine ENA 8 Gro\u00dfstadtschwarz &#8211; einschlie\u00dflich 2 kg Kaffee"},"content":{"rendered":"<p>Kompakt, elegant, einfach \u2013 frisch gemahlen, ohne Kapsel<br \/>\nDer neue Tassenautomat der Superlative: kompakt, schlicht, elegant \u2013 ein Muss f\u00fcr \u00c4stheten und alle Kaffeeliebhaber. Die ENA 8 \u00fcberzeugt mit frisch gemahlenen Kaffeespezialit\u00e4ten, nicht mit Kapseln. Dank der Vielfalt, die auf Knopfdruck zur Verf\u00fcgung steht, befriedigt sie auch die anspruchsvollsten Gaumen.<\/p>\n<p>Elegant<br \/>\nDer runde Wassertank ist das Highlight des Designs. Seine Struktur und zylindrische Form sind von kostbaren Kristallkaraffen inspiriert.<\/p>\n<p>Einfach<br \/>\nDas 2,8\u2033-TFT-Display auf der Vorderseite und die klar definierten Bedienfelder garantieren maximale Benutzerfreundlichkeit.<\/p>\n<p>Frisch gemahlen, nicht in Kapselform<br \/>\nAuf Knopfdruck k\u00f6nnen Sie aus zehn verschiedenen Spezialit\u00e4ten w\u00e4hlen. Dank der ersten kompakten VC-Br\u00fcheinheit (Vacuum-Clean) flie\u00dft der Kaffee immer unter idealen Bedingungen in die Tasse. Das gepulste Extraktionsverfahren (P.E.P.\u00ae) optimiert das Aroma von kurzen Spezialit\u00e4ten wie Ristretto und Espresso. Die Mikroschaum-Technologie bereitet einen weichen und sanften Milchschaum f\u00fcr Cappuccino &amp; Co. zu.<\/p>\n<p>Kompakt<br \/>\nMit nur 27,1 cm Breite, 32,3 cm H\u00f6he und 44,5 cm Tiefe findet der Ein-Tassen-Automat \u00fcberall Platz.<\/p>\n<p>MERKMALE:<br \/>\nAnzahl der Spezialit\u00e4ten 10: Ristretto, Espresso, doppelter Espresso, Espresso macchiato, Cappuccino, Flat white, Latte macchiato, Milchschaumportion, Hei\u00dfwasser<br \/>\nJ.O.E.\u00ae-kompatibel<br \/>\nDisplay: 2,8\u2033 Farbdisplay mit Tasten<br \/>\nIndividuell programmierbare Wassermenge f\u00fcr Kaffee<br \/>\nIndividuell programmierbare Kaffeest\u00e4rke: 10 Stufen<br \/>\nIndividuell programmierbare Menge an Milch\/Schaum<br \/>\nIndividuell programmierbare Br\u00fchtemperatur: 3 Stufen<br \/>\nIndividuell programmierbare Hei\u00dfwassertemperatur: 3 Stufen<br \/>\nEnergiesparmodus (E.S.M.\u00a9)<br \/>\nNull-Energie-Schalter oder Netzschalter<br \/>\nProgrammierbare Ausschaltzeit<\/p>\n<p>SPEZIFIKATIONEN:<br \/>\nGepulstes Extraktionsverfahren (P.E.P.\u00ae)<br \/>\n3D-Dosiertechnik<br \/>\nOne-Touch-Funktion<br \/>\nBr\u00fchgruppe mit variabler Kapazit\u00e4t: 6-10g<br \/>\nKaffeem\u00fchle: Aroma G3 Mehr-Grad-M\u00fchle<br \/>\nHochleistungspumpe, 15 bar: 1<br \/>\nThermoblock-Heizsystem: 1<br \/>\nFl\u00fcssigkeitssystem: 1<br \/>\nMilchsystem \/ austauschbarer Milchaufsch\u00e4umer: HP1\/CX1<br \/>\nFach f\u00fcr gemahlenen Kaffee<br \/>\nAromaschutzdeckel<br \/>\nIntelligentes Wassersystem (I.W.S.)<br \/>\nFilterpatrone: CLARIS Smart&#43;<br \/>\nIntegriertes Sp\u00fcl-, Reinigungs- und Entkalkungsprogramm<br \/>\n\u00dcberwachte Wasserauffangschale<br \/>\nJURA Hygiene: T\u00dcV-zertifiziert<br \/>\nTassen-Beleuchtung<\/p>\n<p>DETAILS:<br \/>\nH\u00f6hen-\/Breitenverstellbarer Kombiauslauf: 68-138mm<br \/>\nH\u00f6henverstellbarer Hei\u00dfwasserspender: 68-138 mm<br \/>\nFassungsverm\u00f6gen Wassertank: 1,1 L<br \/>\nFassungsverm\u00f6gen des Kaffeebohnenbeh\u00e4lters: 125g<br \/>\nKaffeesatzbeh\u00e4lter (Portionen): 10<br \/>\nKabell\u00e4nge: 1,1 m<br \/>\nSpannung \/ Leistungsaufnahme: 230 V ~\/ 1450 W<br \/>\nStromst\u00e4rke: 10 A<br \/>\nStand-by-Verbrauch: 0 W<\/p>\n<p>Herstellerland: Made in Portugal<br \/>\nModelljahr 2018<\/p>\n","protected":false},"excerpt":{"rendered":"<p>Kompakt, elegant, einfach \u2013 frisch gemahlen, ohne Kapsel Der neue Tassenautomat der Superlative: kompakt, schlicht, elegant \u2013 ein Muss f\u00fcr \u00c4stheten und alle Kaffeeliebhaber. Die ENA 8 \u00fcberzeugt mit frisch gemahlenen Kaffeespezialit\u00e4ten, nicht mit Kapseln. Dank der Vielfalt, die auf Knopfdruck zur Verf\u00fcgung steht, befriedigt sie auch die anspruchsvollsten Gaumen. Elegant Der runde Wassertank ist [&hellip;]<\/p>\n","protected":false},"featured_media":6364902,"template":"","meta":{"_acf_changed":false},"product_cat":[12184,12171,12163],"product_tag":[],"class_list":{"0":"post-53589","1":"product","2":"type-product","3":"status-publish","4":"has-post-thumbnail","6":"product_cat-automatisch","7":"product_cat-kaffeemaschinen-espresso","8":"product_cat-kleine-elektrogeraete","10":"first","11":"instock","12":"sale","13":"taxable","14":"shipping-taxable","15":"purchasable","16":"product-type-simple","swatches":"rey-swatches","show_selected":"","stretch_labels":"rey-swatches--stretch-labels"},"acf":[],"yoast_head":"<!-- This site is optimized with the Yoast SEO plugin v25.4 - https:\/\/yoast.com\/wordpress\/plugins\/seo\/ -->\n<title>JURA Kaffeemaschine ENA 8 Gro\u00dfstadtschwarz &#8211; einschlie\u00dflich 2 kg Kaffee - dev6 Erresse<\/title>\n<meta name=\"description\" content=\"Kompakt, elegant, einfach \u2013 frisch gemahlen, ohne Kapsel Der neue Tassenautomat der Superlative: kompakt, schlicht, elegant \u2013 ein Muss f\u00fcr \u00c4stheten und\" \/>\n<meta name=\"robots\" content=\"noindex, follow, max-snippet:-1, max-image-preview:large, max-video-preview:-1\" \/>\n<meta property=\"og:locale\" content=\"de_DE\" \/>\n<meta property=\"og:type\" content=\"article\" \/>\n<meta property=\"og:title\" content=\"JURA Kaffeemaschine ENA 8 Gro\u00dfstadtschwarz &#8211; einschlie\u00dflich 2 kg Kaffee - dev6 Erresse\" \/>\n<meta property=\"og:description\" content=\"Kompakt, elegant, einfach \u2013 frisch gemahlen, ohne Kapsel Der neue Tassenautomat der Superlative: kompakt, schlicht, elegant \u2013 ein Muss f\u00fcr \u00c4stheten und\" \/>\n<meta property=\"og:url\" content=\"https:\/\/dev6.erresse-shop.it\/de\/shop\/kleine-elektrogeraete\/kaffeemaschinen-espresso\/automatisch\/jura-kaffeemaschine-ena-8-grossstadtschwarz-einschliesslich-2-kg-kaffee\/\" \/>\n<meta property=\"og:site_name\" content=\"dev6 Erresse\" \/>\n<meta property=\"og:image\" content=\"https:\/\/interpim.erresse-shop.it\/wp-content\/uploads\/2024\/01\/JURA-Macchina-Da-Caffe\u0300-ENA-8-Metropolitan-Nero-inclusi-2-kg-di-caffe\u0300.jpg\/jura-macchina-da-caffe-cc-80-ena-8-metropolitan-nero-inclusi-2-kg-di-caffe-cc-80.jpg\" \/><meta property=\"og:image\" content=\"https:\/\/interpim.erresse-shop.it\/wp-content\/uploads\/2024\/01\/JURA-Macchina-Da-Caffe\u0300-ENA-8-Metropolitan-Nero-inclusi-2-kg-di-caffe\u0300.jpg\/jura-macchina-da-caffe-cc-80-ena-8-metropolitan-nero-inclusi-2-kg-di-caffe-cc-80.jpg\" \/>\n\t<meta property=\"og:image:width\" content=\"1024\" \/>\n\t<meta property=\"og:image:height\" content=\"1024\" \/>\n\t<meta property=\"og:image:type\" content=\"image\/jpeg\" \/>\n<meta name=\"twitter:card\" content=\"summary_large_image\" \/>\n<meta name=\"twitter:image\" content=\"https:\/\/interpim.erresse-shop.it\/wp-content\/uploads\/2024\/01\/JURA-Macchina-Da-Caffe\u0300-ENA-8-Metropolitan-Nero-inclusi-2-kg-di-caffe\u0300.jpg\/jura-macchina-da-caffe-cc-80-ena-8-metropolitan-nero-inclusi-2-kg-di-caffe-cc-80.jpg\" \/>\n<script type=\"application\/ld+json\" class=\"yoast-schema-graph\">{\"@context\":\"https:\/\/schema.org\",\"@graph\":[{\"@type\":\"WebPage\",\"@id\":\"https:\/\/dev6.erresse-shop.it\/de\/shop\/kleine-elektrogeraete\/kaffeemaschinen-espresso\/automatisch\/jura-kaffeemaschine-ena-8-grossstadtschwarz-einschliesslich-2-kg-kaffee\/\",\"url\":\"https:\/\/dev6.erresse-shop.it\/de\/shop\/kleine-elektrogeraete\/kaffeemaschinen-espresso\/automatisch\/jura-kaffeemaschine-ena-8-grossstadtschwarz-einschliesslich-2-kg-kaffee\/\",\"name\":\"JURA Kaffeemaschine ENA 8 Gro\u00dfstadtschwarz &#8211; einschlie\u00dflich 2 kg Kaffee - dev6 Erresse\",\"isPartOf\":{\"@id\":\"https:\/\/dev6.erresse-shop.it\/#website\"},\"primaryImageOfPage\":{\"@id\":\"https:\/\/dev6.erresse-shop.it\/de\/shop\/kleine-elektrogeraete\/kaffeemaschinen-espresso\/automatisch\/jura-kaffeemaschine-ena-8-grossstadtschwarz-einschliesslich-2-kg-kaffee\/#primaryimage\"},\"image\":{\"@id\":\"https:\/\/dev6.erresse-shop.it\/de\/shop\/kleine-elektrogeraete\/kaffeemaschinen-espresso\/automatisch\/jura-kaffeemaschine-ena-8-grossstadtschwarz-einschliesslich-2-kg-kaffee\/#primaryimage\"},\"thumbnailUrl\":\"https:\/\/i3.wp.com\/interpim.erresse-shop.it\/wp-content\/uploads\/2024\/01\/JURA-Macchina-Da-Caffe\u0300-ENA-8-Metropolitan-Nero-inclusi-2-kg-di-caffe\u0300.jpg\/jura-macchina-da-caffe-cc-80-ena-8-metropolitan-nero-inclusi-2-kg-di-caffe-cc-80.jpg?ssl=1\",\"datePublished\":\"2026-04-12T08:05:11+00:00\",\"description\":\"Kompakt, elegant, einfach \u2013 frisch gemahlen, ohne Kapsel Der neue Tassenautomat der Superlative: kompakt, schlicht, elegant \u2013 ein Muss f\u00fcr \u00c4stheten und\",\"breadcrumb\":{\"@id\":\"https:\/\/dev6.erresse-shop.it\/de\/shop\/kleine-elektrogeraete\/kaffeemaschinen-espresso\/automatisch\/jura-kaffeemaschine-ena-8-grossstadtschwarz-einschliesslich-2-kg-kaffee\/#breadcrumb\"},\"inLanguage\":\"de\",\"potentialAction\":[{\"@type\":\"ReadAction\",\"target\":[\"https:\/\/dev6.erresse-shop.it\/de\/shop\/kleine-elektrogeraete\/kaffeemaschinen-espresso\/automatisch\/jura-kaffeemaschine-ena-8-grossstadtschwarz-einschliesslich-2-kg-kaffee\/\"]}]},{\"@type\":\"ImageObject\",\"inLanguage\":\"de\",\"@id\":\"https:\/\/dev6.erresse-shop.it\/de\/shop\/kleine-elektrogeraete\/kaffeemaschinen-espresso\/automatisch\/jura-kaffeemaschine-ena-8-grossstadtschwarz-einschliesslich-2-kg-kaffee\/#primaryimage\",\"url\":\"https:\/\/i3.wp.com\/interpim.erresse-shop.it\/wp-content\/uploads\/2024\/01\/JURA-Macchina-Da-Caffe\u0300-ENA-8-Metropolitan-Nero-inclusi-2-kg-di-caffe\u0300.jpg\/jura-macchina-da-caffe-cc-80-ena-8-metropolitan-nero-inclusi-2-kg-di-caffe-cc-80.jpg?ssl=1\",\"contentUrl\":\"https:\/\/i3.wp.com\/interpim.erresse-shop.it\/wp-content\/uploads\/2024\/01\/JURA-Macchina-Da-Caffe\u0300-ENA-8-Metropolitan-Nero-inclusi-2-kg-di-caffe\u0300.jpg\/jura-macchina-da-caffe-cc-80-ena-8-metropolitan-nero-inclusi-2-kg-di-caffe-cc-80.jpg?ssl=1\"},{\"@type\":\"BreadcrumbList\",\"@id\":\"https:\/\/dev6.erresse-shop.it\/de\/shop\/kleine-elektrogeraete\/kaffeemaschinen-espresso\/automatisch\/jura-kaffeemaschine-ena-8-grossstadtschwarz-einschliesslich-2-kg-kaffee\/#breadcrumb\",\"itemListElement\":[{\"@type\":\"ListItem\",\"position\":1,\"name\":\"Home\",\"item\":\"https:\/\/dev6.erresse-shop.it\/\"},{\"@type\":\"ListItem\",\"position\":2,\"name\":\"Shop\",\"item\":\"https:\/\/dev6.erresse-shop.it\/shop\/\"},{\"@type\":\"ListItem\",\"position\":3,\"name\":\"JURA Kaffeemaschine ENA 8 Gro\u00dfstadtschwarz &#8211; einschlie\u00dflich 2 kg Kaffee\"}]},{\"@type\":\"WebSite\",\"@id\":\"https:\/\/dev6.erresse-shop.it\/#website\",\"url\":\"https:\/\/dev6.erresse-shop.it\/\",\"name\":\"Erresse Shop\",\"description\":\"\",\"publisher\":{\"@id\":\"https:\/\/dev6.erresse-shop.it\/#organization\"},\"potentialAction\":[{\"@type\":\"SearchAction\",\"target\":{\"@type\":\"EntryPoint\",\"urlTemplate\":\"https:\/\/dev6.erresse-shop.it\/?s={search_term_string}\"},\"query-input\":{\"@type\":\"PropertyValueSpecification\",\"valueRequired\":true,\"valueName\":\"search_term_string\"}}],\"inLanguage\":\"de\"},{\"@type\":\"Organization\",\"@id\":\"https:\/\/dev6.erresse-shop.it\/#organization\",\"name\":\"Erresse Shop\",\"url\":\"https:\/\/dev6.erresse-shop.it\/\",\"logo\":{\"@type\":\"ImageObject\",\"inLanguage\":\"de\",\"@id\":\"https:\/\/dev6.erresse-shop.it\/#\/schema\/logo\/image\/\",\"url\":\"https:\/\/dev6.erresse-shop.it\/wp-content\/uploads\/2025\/01\/LOGO-ERRESSE-CLASSICO.svg\",\"contentUrl\":\"https:\/\/dev6.erresse-shop.it\/wp-content\/uploads\/2025\/01\/LOGO-ERRESSE-CLASSICO.svg\",\"caption\":\"Erresse Shop\"},\"image\":{\"@id\":\"https:\/\/dev6.erresse-shop.it\/#\/schema\/logo\/image\/\"}}]}<\/script>\n<!-- \/ Yoast SEO plugin. -->","yoast_head_json":{"title":"JURA Kaffeemaschine ENA 8 Gro\u00dfstadtschwarz &#8211; einschlie\u00dflich 2 kg Kaffee - dev6 Erresse","description":"Kompakt, elegant, einfach \u2013 frisch gemahlen, ohne Kapsel Der neue Tassenautomat der Superlative: kompakt, schlicht, elegant \u2013 ein Muss f\u00fcr \u00c4stheten und","robots":{"index":"noindex","follow":"follow","max-snippet":"max-snippet:-1","max-image-preview":"max-image-preview:large","max-video-preview":"max-video-preview:-1"},"og_locale":"de_DE","og_type":"article","og_title":"JURA Kaffeemaschine ENA 8 Gro\u00dfstadtschwarz &#8211; einschlie\u00dflich 2 kg Kaffee - dev6 Erresse","og_description":"Kompakt, elegant, einfach \u2013 frisch gemahlen, ohne Kapsel Der neue Tassenautomat der Superlative: kompakt, schlicht, elegant \u2013 ein Muss f\u00fcr \u00c4stheten und","og_url":"https:\/\/dev6.erresse-shop.it\/de\/shop\/kleine-elektrogeraete\/kaffeemaschinen-espresso\/automatisch\/jura-kaffeemaschine-ena-8-grossstadtschwarz-einschliesslich-2-kg-kaffee\/","og_site_name":"dev6 Erresse","og_image":[{"url":"https:\/\/interpim.erresse-shop.it\/wp-content\/uploads\/2024\/01\/JURA-Macchina-Da-Caffe\u0300-ENA-8-Metropolitan-Nero-inclusi-2-kg-di-caffe\u0300.jpg\/jura-macchina-da-caffe-cc-80-ena-8-metropolitan-nero-inclusi-2-kg-di-caffe-cc-80.jpg","type":"","width":"","height":""},{"url":"https:\/\/interpim.erresse-shop.it\/wp-content\/uploads\/2024\/01\/JURA-Macchina-Da-Caffe\u0300-ENA-8-Metropolitan-Nero-inclusi-2-kg-di-caffe\u0300.jpg\/jura-macchina-da-caffe-cc-80-ena-8-metropolitan-nero-inclusi-2-kg-di-caffe-cc-80.jpg","width":1024,"height":1024,"type":"image\/jpeg"}],"twitter_card":"summary_large_image","twitter_image":"https:\/\/interpim.erresse-shop.it\/wp-content\/uploads\/2024\/01\/JURA-Macchina-Da-Caffe\u0300-ENA-8-Metropolitan-Nero-inclusi-2-kg-di-caffe\u0300.jpg\/jura-macchina-da-caffe-cc-80-ena-8-metropolitan-nero-inclusi-2-kg-di-caffe-cc-80.jpg","schema":{"@context":"https:\/\/schema.org","@graph":[{"@type":"WebPage","@id":"https:\/\/dev6.erresse-shop.it\/de\/shop\/kleine-elektrogeraete\/kaffeemaschinen-espresso\/automatisch\/jura-kaffeemaschine-ena-8-grossstadtschwarz-einschliesslich-2-kg-kaffee\/","url":"https:\/\/dev6.erresse-shop.it\/de\/shop\/kleine-elektrogeraete\/kaffeemaschinen-espresso\/automatisch\/jura-kaffeemaschine-ena-8-grossstadtschwarz-einschliesslich-2-kg-kaffee\/","name":"JURA Kaffeemaschine ENA 8 Gro\u00dfstadtschwarz &#8211; einschlie\u00dflich 2 kg Kaffee - dev6 Erresse","isPartOf":{"@id":"https:\/\/dev6.erresse-shop.it\/#website"},"primaryImageOfPage":{"@id":"https:\/\/dev6.erresse-shop.it\/de\/shop\/kleine-elektrogeraete\/kaffeemaschinen-espresso\/automatisch\/jura-kaffeemaschine-ena-8-grossstadtschwarz-einschliesslich-2-kg-kaffee\/#primaryimage"},"image":{"@id":"https:\/\/dev6.erresse-shop.it\/de\/shop\/kleine-elektrogeraete\/kaffeemaschinen-espresso\/automatisch\/jura-kaffeemaschine-ena-8-grossstadtschwarz-einschliesslich-2-kg-kaffee\/#primaryimage"},"thumbnailUrl":"https:\/\/i3.wp.com\/interpim.erresse-shop.it\/wp-content\/uploads\/2024\/01\/JURA-Macchina-Da-Caffe\u0300-ENA-8-Metropolitan-Nero-inclusi-2-kg-di-caffe\u0300.jpg\/jura-macchina-da-caffe-cc-80-ena-8-metropolitan-nero-inclusi-2-kg-di-caffe-cc-80.jpg?ssl=1","datePublished":"2026-04-12T08:05:11+00:00","description":"Kompakt, elegant, einfach \u2013 frisch gemahlen, ohne Kapsel Der neue Tassenautomat der Superlative: kompakt, schlicht, elegant \u2013 ein Muss f\u00fcr \u00c4stheten und","breadcrumb":{"@id":"https:\/\/dev6.erresse-shop.it\/de\/shop\/kleine-elektrogeraete\/kaffeemaschinen-espresso\/automatisch\/jura-kaffeemaschine-ena-8-grossstadtschwarz-einschliesslich-2-kg-kaffee\/#breadcrumb"},"inLanguage":"de","potentialAction":[{"@type":"ReadAction","target":["https:\/\/dev6.erresse-shop.it\/de\/shop\/kleine-elektrogeraete\/kaffeemaschinen-espresso\/automatisch\/jura-kaffeemaschine-ena-8-grossstadtschwarz-einschliesslich-2-kg-kaffee\/"]}]},{"@type":"ImageObject","inLanguage":"de","@id":"https:\/\/dev6.erresse-shop.it\/de\/shop\/kleine-elektrogeraete\/kaffeemaschinen-espresso\/automatisch\/jura-kaffeemaschine-ena-8-grossstadtschwarz-einschliesslich-2-kg-kaffee\/#primaryimage","url":"https:\/\/i3.wp.com\/interpim.erresse-shop.it\/wp-content\/uploads\/2024\/01\/JURA-Macchina-Da-Caffe\u0300-ENA-8-Metropolitan-Nero-inclusi-2-kg-di-caffe\u0300.jpg\/jura-macchina-da-caffe-cc-80-ena-8-metropolitan-nero-inclusi-2-kg-di-caffe-cc-80.jpg?ssl=1","contentUrl":"https:\/\/i3.wp.com\/interpim.erresse-shop.it\/wp-content\/uploads\/2024\/01\/JURA-Macchina-Da-Caffe\u0300-ENA-8-Metropolitan-Nero-inclusi-2-kg-di-caffe\u0300.jpg\/jura-macchina-da-caffe-cc-80-ena-8-metropolitan-nero-inclusi-2-kg-di-caffe-cc-80.jpg?ssl=1"},{"@type":"BreadcrumbList","@id":"https:\/\/dev6.erresse-shop.it\/de\/shop\/kleine-elektrogeraete\/kaffeemaschinen-espresso\/automatisch\/jura-kaffeemaschine-ena-8-grossstadtschwarz-einschliesslich-2-kg-kaffee\/#breadcrumb","itemListElement":[{"@type":"ListItem","position":1,"name":"Home","item":"https:\/\/dev6.erresse-shop.it\/"},{"@type":"ListItem","position":2,"name":"Shop","item":"https:\/\/dev6.erresse-shop.it\/shop\/"},{"@type":"ListItem","position":3,"name":"JURA Kaffeemaschine ENA 8 Gro\u00dfstadtschwarz &#8211; einschlie\u00dflich 2 kg Kaffee"}]},{"@type":"WebSite","@id":"https:\/\/dev6.erresse-shop.it\/#website","url":"https:\/\/dev6.erresse-shop.it\/","name":"Erresse Shop","description":"","publisher":{"@id":"https:\/\/dev6.erresse-shop.it\/#organization"},"potentialAction":[{"@type":"SearchAction","target":{"@type":"EntryPoint","urlTemplate":"https:\/\/dev6.erresse-shop.it\/?s={search_term_string}"},"query-input":{"@type":"PropertyValueSpecification","valueRequired":true,"valueName":"search_term_string"}}],"inLanguage":"de"},{"@type":"Organization","@id":"https:\/\/dev6.erresse-shop.it\/#organization","name":"Erresse Shop","url":"https:\/\/dev6.erresse-shop.it\/","logo":{"@type":"ImageObject","inLanguage":"de","@id":"https:\/\/dev6.erresse-shop.it\/#\/schema\/logo\/image\/","url":"https:\/\/dev6.erresse-shop.it\/wp-content\/uploads\/2025\/01\/LOGO-ERRESSE-CLASSICO.svg","contentUrl":"https:\/\/dev6.erresse-shop.it\/wp-content\/uploads\/2025\/01\/LOGO-ERRESSE-CLASSICO.svg","caption":"Erresse Shop"},"image":{"@id":"https:\/\/dev6.erresse-shop.it\/#\/schema\/logo\/image\/"}}]}},"df_price":899.61,"df_sale_price":899.61,"df_regular_price":1029,"df_image_link":"https:\/\/i3.wp.com\/interpim.erresse-shop.it\/wp-content\/uploads\/2024\/01\/JURA-Macchina-Da-Caffe\u0300-ENA-8-Metropolitan-Nero-inclusi-2-kg-di-caffe\u0300.jpg\/jura-macchina-da-caffe-cc-80-ena-8-metropolitan-nero-inclusi-2-kg-di-caffe-cc-80.jpg?resize=300,300&ssl=1","fifu_image_url":"https:\/\/interpim.erresse-shop.it\/wp-content\/uploads\/2024\/01\/JURA-Macchina-Da-Caffe\u0300-ENA-8-Metropolitan-Nero-inclusi-2-kg-di-caffe\u0300.jpg\/jura-macchina-da-caffe-cc-80-ena-8-metropolitan-nero-inclusi-2-kg-di-caffe-cc-80.jpg","_links":{"self":[{"href":"https:\/\/dev6.erresse-shop.it\/de\/wp-json\/wp\/v2\/product\/53589","targetHints":{"allow":["GET"]}}],"collection":[{"href":"https:\/\/dev6.erresse-shop.it\/de\/wp-json\/wp\/v2\/product"}],"about":[{"href":"https:\/\/dev6.erresse-shop.it\/de\/wp-json\/wp\/v2\/types\/product"}],"wp:featuredmedia":[{"embeddable":true,"href":"https:\/\/dev6.erresse-shop.it\/de\/wp-json\/wp\/v2\/media\/6364902"}],"wp:attachment":[{"href":"https:\/\/dev6.erresse-shop.it\/de\/wp-json\/wp\/v2\/media?parent=53589"}],"wp:term":[{"taxonomy":"product_cat","embeddable":true,"href":"https:\/\/dev6.erresse-shop.it\/de\/wp-json\/wp\/v2\/product_cat?post=53589"},{"taxonomy":"product_tag","embeddable":true,"href":"https:\/\/dev6.erresse-shop.it\/de\/wp-json\/wp\/v2\/product_tag?post=53589"}],"curies":[{"name":"wp","href":"https:\/\/api.w.org\/{rel}","templated":true}]}}