{"id":53538,"date":"2026-04-04T10:01:09","date_gmt":"2026-04-04T08:01:09","guid":{"rendered":"https:\/\/dev6.erresse-shop.it\/shop\/unkategorisiert\/ooni-karu-12g-ofen-fuer-pizza-multi-brennen\/"},"modified":"2025-09-14T01:25:23","modified_gmt":"2025-09-13T23:25:23","slug":"ooni-karu-12g-ofen-fuer-pizza-multi-brennen","status":"publish","type":"product","link":"https:\/\/dev6.erresse-shop.it\/de\/shop\/kleine-elektrogeraete\/oefen\/ooni-karu-12g-ofen-fuer-pizza-multi-brennen\/","title":{"rendered":"OONI Karu 12G Ofen F\u00fcr Pizza Multi Brennen"},"content":{"rendered":"<p>Was macht den Ooni Karu 12G so toll?<br \/>\nUnser gesamtes Wissen, das wir in mehr als einem Jahrzehnt Erfahrung in der Herstellung von Pizza\u00f6fen gesammelt haben, ist in das Design des neuen Ooni Karu 12G eingeflossen. Vom hitzebest\u00e4ndigen Griff des Abzugsblechs \u00fcber die pulverbeschichtete Schale bis hin zu den rutschfesten Gummif\u00fc\u00dfen wurde jedes Detail dieses Ofens sorgf\u00e4ltig entworfen, um ein erstklassiges Kocherlebnis zu bieten.<\/p>\n<p>Der Ofen Ooni Karu 12G verbindet optimale Leistung mit hochwertigem Design. Die kleine Gr\u00f6\u00dfe, das pulverbeschichtete Geh\u00e4use und die elegante Silhouette machen Karu 12G zu einem Ofen, der auf jedem Balkon, Garten oder in jeder Au\u00dfenk\u00fcche \u201causgestellt\u201d werden kann.<\/p>\n<p>Tragbar und leistungsstark k\u00f6nnen Sie Ooni Karu 12G \u00fcberall einsetzen, ohne Kompromisse bei der Leistung einzugehen.<\/p>\n<p>Der Ofen Ooni Karu 12G ist auch mit allen vorhandenen Zubeh\u00f6rteilen f\u00fcr den Karu 12 kompatibel, wie dem Gasbrenner f\u00fcr Ooni Karu 12 und dem Transportkoffer f\u00fcr Ooni Karu 12.<\/p>\n<p>Warum einen Ofen mit mehreren Brennstoffen w\u00e4hlen?<\/p>\n<p>Authentisch<br \/>\nKochen mit festen Brennstoffen wie Holz und Holzkohle ist eine alte und traditionelle Methode, die auf der ganzen Welt verwendet wird: Das Aroma des Holzkochens ist unverwechselbar.<\/p>\n<p>Kontrollieren<br \/>\nDer Gasbrenner f\u00fcr Ooni Karu 12G bietet mehr Komfort und Kontrolle.<\/p>\n<p>Flexibel<br \/>\nW\u00e4hlen Sie immer den Brennstoff, den Sie bevorzugen: Entscheiden Sie sich f\u00fcr Holz oder Holzkohle, wenn Ihr Rezept ein rauchiges Aroma oder niedrigere Kochtemperaturen erfordert, oder verwenden Sie Gas, wenn Sie eine Prise mit vielen G\u00e4sten organisieren. Karu 12G ist extrem vielseitig und passt sich Ihren Bed\u00fcrfnissen an.<\/p>\n<p>Der fortschrittlichste tragbare Pizzaofen der Welt.<br \/>\nIsolierte Borosilikatglasplatte zur Kontrolle des Pizzaofens ohne W\u00e4rmeverlust.<br \/>\nDie ClearView\u2122-Technologie verhindert die Ansammlung von Ru\u00df und Asche an der Glast\u00fcr.<br \/>\nSie k\u00f6nnen Holz oder Holzkohle f\u00fcr ein traditionelles Kocherlebnis verwenden oder einen Gasbrenner (separat erh\u00e4ltlich) anschlie\u00dfen und eine LPG-Flasche verwenden, die 36% weniger Gas verbraucht als die Vorg\u00e4ngermodelle.<br \/>\nMax. Temperatur von 500\u00b0C, Pizza in nur 60 Sekunden backen.<br \/>\nErreicht die ideale Gartemperatur von 450\u00b0C, bis zu 29% schneller, in nur 15 Minuten.<br \/>\nIntegriertes Thermometer zur einfachen Temperaturkontrolle.<br \/>\nDer Cool-Touch-Griff bleibt immer frisch im Griff.<br \/>\nSie k\u00f6nnen Pizzen mit einem Durchmesser von 30 cm und mehr auf dem 15 mm dicken Kordierit-Schamottstein backen.<\/p>\n<p>Nicht au\u00dferhalb Europas verk\u00e4uflich<\/p>\n","protected":false},"excerpt":{"rendered":"<p>Was macht den Ooni Karu 12G so toll? Unser gesamtes Wissen, das wir in mehr als einem Jahrzehnt Erfahrung in der Herstellung von Pizza\u00f6fen gesammelt haben, ist in das Design des neuen Ooni Karu 12G eingeflossen. Vom hitzebest\u00e4ndigen Griff des Abzugsblechs \u00fcber die pulverbeschichtete Schale bis hin zu den rutschfesten Gummif\u00fc\u00dfen wurde jedes Detail dieses [&hellip;]<\/p>\n","protected":false},"featured_media":6281495,"template":"","meta":{"_acf_changed":false},"product_cat":[12163,12193],"product_tag":[],"class_list":{"0":"post-53538","1":"product","2":"type-product","3":"status-publish","4":"has-post-thumbnail","6":"product_cat-kleine-elektrogeraete","7":"product_cat-oefen","9":"first","10":"instock","11":"sale","12":"taxable","13":"shipping-taxable","14":"purchasable","15":"product-type-simple","swatches":"rey-swatches","show_selected":"","stretch_labels":"rey-swatches--stretch-labels"},"acf":[],"yoast_head":"<!-- This site is optimized with the Yoast SEO plugin v25.4 - https:\/\/yoast.com\/wordpress\/plugins\/seo\/ -->\n<title>OONI Karu 12G Ofen F\u00fcr Pizza Multi Brennen - dev6 Erresse<\/title>\n<meta name=\"description\" content=\"Was macht den Ooni Karu 12G so toll? Unser gesamtes Wissen, das wir in mehr als einem Jahrzehnt Erfahrung in der Herstellung von Pizza\u00f6fen gesammelt\" \/>\n<meta name=\"robots\" content=\"noindex, follow, max-snippet:-1, max-image-preview:large, max-video-preview:-1\" \/>\n<meta property=\"og:locale\" content=\"de_DE\" \/>\n<meta property=\"og:type\" content=\"article\" \/>\n<meta property=\"og:title\" content=\"OONI Karu 12G Ofen F\u00fcr Pizza Multi Brennen - dev6 Erresse\" \/>\n<meta property=\"og:description\" content=\"Was macht den Ooni Karu 12G so toll? Unser gesamtes Wissen, das wir in mehr als einem Jahrzehnt Erfahrung in der Herstellung von Pizza\u00f6fen gesammelt\" \/>\n<meta property=\"og:url\" content=\"https:\/\/dev6.erresse-shop.it\/de\/shop\/kleine-elektrogeraete\/oefen\/ooni-karu-12g-ofen-fuer-pizza-multi-brennen\/\" \/>\n<meta property=\"og:site_name\" content=\"dev6 Erresse\" \/>\n<meta property=\"og:image\" content=\"https:\/\/interpim.erresse-shop.it\/Import\/Prodotti\/karu-12g.jpg\" \/><meta property=\"og:image\" content=\"https:\/\/interpim.erresse-shop.it\/Import\/Prodotti\/karu-12g.jpg\" \/>\n\t<meta property=\"og:image:width\" content=\"1024\" \/>\n\t<meta property=\"og:image:height\" content=\"1024\" \/>\n\t<meta property=\"og:image:type\" content=\"image\/jpeg\" \/>\n<meta name=\"twitter:card\" content=\"summary_large_image\" \/>\n<meta name=\"twitter:image\" content=\"https:\/\/interpim.erresse-shop.it\/Import\/Prodotti\/karu-12g.jpg\" \/>\n<script type=\"application\/ld+json\" class=\"yoast-schema-graph\">{\"@context\":\"https:\/\/schema.org\",\"@graph\":[{\"@type\":\"WebPage\",\"@id\":\"https:\/\/dev6.erresse-shop.it\/de\/shop\/kleine-elektrogeraete\/oefen\/ooni-karu-12g-ofen-fuer-pizza-multi-brennen\/\",\"url\":\"https:\/\/dev6.erresse-shop.it\/de\/shop\/kleine-elektrogeraete\/oefen\/ooni-karu-12g-ofen-fuer-pizza-multi-brennen\/\",\"name\":\"OONI Karu 12G Ofen F\u00fcr Pizza Multi Brennen - dev6 Erresse\",\"isPartOf\":{\"@id\":\"https:\/\/dev6.erresse-shop.it\/#website\"},\"primaryImageOfPage\":{\"@id\":\"https:\/\/dev6.erresse-shop.it\/de\/shop\/kleine-elektrogeraete\/oefen\/ooni-karu-12g-ofen-fuer-pizza-multi-brennen\/#primaryimage\"},\"image\":{\"@id\":\"https:\/\/dev6.erresse-shop.it\/de\/shop\/kleine-elektrogeraete\/oefen\/ooni-karu-12g-ofen-fuer-pizza-multi-brennen\/#primaryimage\"},\"thumbnailUrl\":\"https:\/\/i0.wp.com\/interpim.erresse-shop.it\/Import\/Prodotti\/karu-12g.jpg?ssl=1\",\"datePublished\":\"2026-04-04T08:01:09+00:00\",\"description\":\"Was macht den Ooni Karu 12G so toll? Unser gesamtes Wissen, das wir in mehr als einem Jahrzehnt Erfahrung in der Herstellung von Pizza\u00f6fen gesammelt\",\"breadcrumb\":{\"@id\":\"https:\/\/dev6.erresse-shop.it\/de\/shop\/kleine-elektrogeraete\/oefen\/ooni-karu-12g-ofen-fuer-pizza-multi-brennen\/#breadcrumb\"},\"inLanguage\":\"de\",\"potentialAction\":[{\"@type\":\"ReadAction\",\"target\":[\"https:\/\/dev6.erresse-shop.it\/de\/shop\/kleine-elektrogeraete\/oefen\/ooni-karu-12g-ofen-fuer-pizza-multi-brennen\/\"]}]},{\"@type\":\"ImageObject\",\"inLanguage\":\"de\",\"@id\":\"https:\/\/dev6.erresse-shop.it\/de\/shop\/kleine-elektrogeraete\/oefen\/ooni-karu-12g-ofen-fuer-pizza-multi-brennen\/#primaryimage\",\"url\":\"https:\/\/i0.wp.com\/interpim.erresse-shop.it\/Import\/Prodotti\/karu-12g.jpg?ssl=1\",\"contentUrl\":\"https:\/\/i0.wp.com\/interpim.erresse-shop.it\/Import\/Prodotti\/karu-12g.jpg?ssl=1\"},{\"@type\":\"BreadcrumbList\",\"@id\":\"https:\/\/dev6.erresse-shop.it\/de\/shop\/kleine-elektrogeraete\/oefen\/ooni-karu-12g-ofen-fuer-pizza-multi-brennen\/#breadcrumb\",\"itemListElement\":[{\"@type\":\"ListItem\",\"position\":1,\"name\":\"Home\",\"item\":\"https:\/\/dev6.erresse-shop.it\/\"},{\"@type\":\"ListItem\",\"position\":2,\"name\":\"Shop\",\"item\":\"https:\/\/dev6.erresse-shop.it\/shop\/\"},{\"@type\":\"ListItem\",\"position\":3,\"name\":\"OONI Karu 12G Ofen F\u00fcr Pizza Multi Brennen\"}]},{\"@type\":\"WebSite\",\"@id\":\"https:\/\/dev6.erresse-shop.it\/#website\",\"url\":\"https:\/\/dev6.erresse-shop.it\/\",\"name\":\"Erresse Shop\",\"description\":\"\",\"publisher\":{\"@id\":\"https:\/\/dev6.erresse-shop.it\/#organization\"},\"potentialAction\":[{\"@type\":\"SearchAction\",\"target\":{\"@type\":\"EntryPoint\",\"urlTemplate\":\"https:\/\/dev6.erresse-shop.it\/?s={search_term_string}\"},\"query-input\":{\"@type\":\"PropertyValueSpecification\",\"valueRequired\":true,\"valueName\":\"search_term_string\"}}],\"inLanguage\":\"de\"},{\"@type\":\"Organization\",\"@id\":\"https:\/\/dev6.erresse-shop.it\/#organization\",\"name\":\"Erresse Shop\",\"url\":\"https:\/\/dev6.erresse-shop.it\/\",\"logo\":{\"@type\":\"ImageObject\",\"inLanguage\":\"de\",\"@id\":\"https:\/\/dev6.erresse-shop.it\/#\/schema\/logo\/image\/\",\"url\":\"https:\/\/dev6.erresse-shop.it\/wp-content\/uploads\/2025\/01\/LOGO-ERRESSE-CLASSICO.svg\",\"contentUrl\":\"https:\/\/dev6.erresse-shop.it\/wp-content\/uploads\/2025\/01\/LOGO-ERRESSE-CLASSICO.svg\",\"caption\":\"Erresse Shop\"},\"image\":{\"@id\":\"https:\/\/dev6.erresse-shop.it\/#\/schema\/logo\/image\/\"}}]}<\/script>\n<!-- \/ Yoast SEO plugin. -->","yoast_head_json":{"title":"OONI Karu 12G Ofen F\u00fcr Pizza Multi Brennen - dev6 Erresse","description":"Was macht den Ooni Karu 12G so toll? Unser gesamtes Wissen, das wir in mehr als einem Jahrzehnt Erfahrung in der Herstellung von Pizza\u00f6fen gesammelt","robots":{"index":"noindex","follow":"follow","max-snippet":"max-snippet:-1","max-image-preview":"max-image-preview:large","max-video-preview":"max-video-preview:-1"},"og_locale":"de_DE","og_type":"article","og_title":"OONI Karu 12G Ofen F\u00fcr Pizza Multi Brennen - dev6 Erresse","og_description":"Was macht den Ooni Karu 12G so toll? Unser gesamtes Wissen, das wir in mehr als einem Jahrzehnt Erfahrung in der Herstellung von Pizza\u00f6fen gesammelt","og_url":"https:\/\/dev6.erresse-shop.it\/de\/shop\/kleine-elektrogeraete\/oefen\/ooni-karu-12g-ofen-fuer-pizza-multi-brennen\/","og_site_name":"dev6 Erresse","og_image":[{"url":"https:\/\/interpim.erresse-shop.it\/Import\/Prodotti\/karu-12g.jpg","type":"","width":"","height":""},{"url":"https:\/\/interpim.erresse-shop.it\/Import\/Prodotti\/karu-12g.jpg","width":1024,"height":1024,"type":"image\/jpeg"}],"twitter_card":"summary_large_image","twitter_image":"https:\/\/interpim.erresse-shop.it\/Import\/Prodotti\/karu-12g.jpg","schema":{"@context":"https:\/\/schema.org","@graph":[{"@type":"WebPage","@id":"https:\/\/dev6.erresse-shop.it\/de\/shop\/kleine-elektrogeraete\/oefen\/ooni-karu-12g-ofen-fuer-pizza-multi-brennen\/","url":"https:\/\/dev6.erresse-shop.it\/de\/shop\/kleine-elektrogeraete\/oefen\/ooni-karu-12g-ofen-fuer-pizza-multi-brennen\/","name":"OONI Karu 12G Ofen F\u00fcr Pizza Multi Brennen - dev6 Erresse","isPartOf":{"@id":"https:\/\/dev6.erresse-shop.it\/#website"},"primaryImageOfPage":{"@id":"https:\/\/dev6.erresse-shop.it\/de\/shop\/kleine-elektrogeraete\/oefen\/ooni-karu-12g-ofen-fuer-pizza-multi-brennen\/#primaryimage"},"image":{"@id":"https:\/\/dev6.erresse-shop.it\/de\/shop\/kleine-elektrogeraete\/oefen\/ooni-karu-12g-ofen-fuer-pizza-multi-brennen\/#primaryimage"},"thumbnailUrl":"https:\/\/i0.wp.com\/interpim.erresse-shop.it\/Import\/Prodotti\/karu-12g.jpg?ssl=1","datePublished":"2026-04-04T08:01:09+00:00","description":"Was macht den Ooni Karu 12G so toll? Unser gesamtes Wissen, das wir in mehr als einem Jahrzehnt Erfahrung in der Herstellung von Pizza\u00f6fen gesammelt","breadcrumb":{"@id":"https:\/\/dev6.erresse-shop.it\/de\/shop\/kleine-elektrogeraete\/oefen\/ooni-karu-12g-ofen-fuer-pizza-multi-brennen\/#breadcrumb"},"inLanguage":"de","potentialAction":[{"@type":"ReadAction","target":["https:\/\/dev6.erresse-shop.it\/de\/shop\/kleine-elektrogeraete\/oefen\/ooni-karu-12g-ofen-fuer-pizza-multi-brennen\/"]}]},{"@type":"ImageObject","inLanguage":"de","@id":"https:\/\/dev6.erresse-shop.it\/de\/shop\/kleine-elektrogeraete\/oefen\/ooni-karu-12g-ofen-fuer-pizza-multi-brennen\/#primaryimage","url":"https:\/\/i0.wp.com\/interpim.erresse-shop.it\/Import\/Prodotti\/karu-12g.jpg?ssl=1","contentUrl":"https:\/\/i0.wp.com\/interpim.erresse-shop.it\/Import\/Prodotti\/karu-12g.jpg?ssl=1"},{"@type":"BreadcrumbList","@id":"https:\/\/dev6.erresse-shop.it\/de\/shop\/kleine-elektrogeraete\/oefen\/ooni-karu-12g-ofen-fuer-pizza-multi-brennen\/#breadcrumb","itemListElement":[{"@type":"ListItem","position":1,"name":"Home","item":"https:\/\/dev6.erresse-shop.it\/"},{"@type":"ListItem","position":2,"name":"Shop","item":"https:\/\/dev6.erresse-shop.it\/shop\/"},{"@type":"ListItem","position":3,"name":"OONI Karu 12G Ofen F\u00fcr Pizza Multi Brennen"}]},{"@type":"WebSite","@id":"https:\/\/dev6.erresse-shop.it\/#website","url":"https:\/\/dev6.erresse-shop.it\/","name":"Erresse Shop","description":"","publisher":{"@id":"https:\/\/dev6.erresse-shop.it\/#organization"},"potentialAction":[{"@type":"SearchAction","target":{"@type":"EntryPoint","urlTemplate":"https:\/\/dev6.erresse-shop.it\/?s={search_term_string}"},"query-input":{"@type":"PropertyValueSpecification","valueRequired":true,"valueName":"search_term_string"}}],"inLanguage":"de"},{"@type":"Organization","@id":"https:\/\/dev6.erresse-shop.it\/#organization","name":"Erresse Shop","url":"https:\/\/dev6.erresse-shop.it\/","logo":{"@type":"ImageObject","inLanguage":"de","@id":"https:\/\/dev6.erresse-shop.it\/#\/schema\/logo\/image\/","url":"https:\/\/dev6.erresse-shop.it\/wp-content\/uploads\/2025\/01\/LOGO-ERRESSE-CLASSICO.svg","contentUrl":"https:\/\/dev6.erresse-shop.it\/wp-content\/uploads\/2025\/01\/LOGO-ERRESSE-CLASSICO.svg","caption":"Erresse Shop"},"image":{"@id":"https:\/\/dev6.erresse-shop.it\/#\/schema\/logo\/image\/"}}]}},"df_price":389,"df_sale_price":389,"df_regular_price":429,"df_image_link":"https:\/\/i0.wp.com\/interpim.erresse-shop.it\/Import\/Prodotti\/karu-12g.jpg?resize=300,300&ssl=1","fifu_image_url":"https:\/\/interpim.erresse-shop.it\/Import\/Prodotti\/karu-12g.jpg","_links":{"self":[{"href":"https:\/\/dev6.erresse-shop.it\/de\/wp-json\/wp\/v2\/product\/53538","targetHints":{"allow":["GET"]}}],"collection":[{"href":"https:\/\/dev6.erresse-shop.it\/de\/wp-json\/wp\/v2\/product"}],"about":[{"href":"https:\/\/dev6.erresse-shop.it\/de\/wp-json\/wp\/v2\/types\/product"}],"wp:featuredmedia":[{"embeddable":true,"href":"https:\/\/dev6.erresse-shop.it\/de\/wp-json\/wp\/v2\/media\/6281495"}],"wp:attachment":[{"href":"https:\/\/dev6.erresse-shop.it\/de\/wp-json\/wp\/v2\/media?parent=53538"}],"wp:term":[{"taxonomy":"product_cat","embeddable":true,"href":"https:\/\/dev6.erresse-shop.it\/de\/wp-json\/wp\/v2\/product_cat?post=53538"},{"taxonomy":"product_tag","embeddable":true,"href":"https:\/\/dev6.erresse-shop.it\/de\/wp-json\/wp\/v2\/product_tag?post=53538"}],"curies":[{"name":"wp","href":"https:\/\/api.w.org\/{rel}","templated":true}]}}