{"id":53534,"date":"2026-04-12T10:03:35","date_gmt":"2026-04-12T08:03:35","guid":{"rendered":"https:\/\/dev6.erresse-shop.it\/shop\/unkategorisiert\/jura-kaffeemaschine-d6-piano-weisse-einschliesslich-2-kg-kaffee\/"},"modified":"2025-07-03T21:08:10","modified_gmt":"2025-07-03T19:08:10","slug":"jura-kaffeemaschine-d6-piano-weisse-einschliesslich-2-kg-kaffee","status":"publish","type":"product","link":"https:\/\/dev6.erresse-shop.it\/de\/shop\/kleine-elektrogeraete\/kaffeemaschinen-espresso\/automatisch\/jura-kaffeemaschine-d6-piano-weisse-einschliesslich-2-kg-kaffee\/","title":{"rendered":"JURA Kaffeemaschine D6 Piano Wei\u00dfe &#8211; einschlie\u00dflich 2 Kg Kaffee"},"content":{"rendered":"<p>Die neueste Generation des erfolgreichsten Kaffeevollautomaten von JURA zeichnet sich durch das neu interpretierte Design und die bisher ausschlie\u00dflich dem Premium-Segment vorbehaltene Funktionalit\u00e4t aus.<\/p>\n<p>Der Professional Aroma Grinder sorgt f\u00fcr ein ideales Mahlergebnis, modernste Br\u00fchvorg\u00e4nge lassen die Aromen in ihrer ganzen Intensit\u00e4t entfalten und der weiche, zarte Milchschaum kr\u00f6nt die trendigen Spezialit\u00e4ten gekonnt. Die innovative E8 kann 17 verschiedene Spezialit\u00e4ten zubereiten \u2013 vom aromatischen Espresso bis zum trendigen Cortado. Auch die langen und leichten Spezialit\u00e4ten wie Barista und Lungo Barista stehen den Kreationen der besten Bars in nichts nach. Ein neues Fluidsystem erm\u00f6glicht die strikte Zubereitung nach Tradition. Wer es noch intensiver mag, kann mit der Zusatzfunktion Extra Shot Cappuccino, Flat White und Latte Macchiato zubereiten.<\/p>\n<p>Dank der Weiterentwicklung des Fluidsystems erfolgt auch die Reinigung des Milchsystems automatisch auf Knopfdruck, eine weitere Funktion der E8, die bisher den Top-Linien von JURA vorbehalten war. Die E8 zeichnet sich zudem durch ein noch intuitiveres Handling und h\u00f6chsten Bedienkomfort aus.<\/p>\n<p>Qualit\u00e4t des erstklassigen Kaffees<br \/>\nDer Professional Aroma Grinder sorgt f\u00fcr 12,2% mehr Aroma* und eine gleichbleibend hohe Mahlqualit\u00e4t, so dass sich die Aromen \u00fcber die gesamte Lebensdauer der Kaffeem\u00fchle in ihrer ganzen Intensit\u00e4t entfalten k\u00f6nnen. Der Pulsextraktionsprozess (P.E.P.\u00ae) erm\u00f6glicht die Zubereitung kurzer Spezialit\u00e4ten mit vollem Geschmack und sorgt f\u00fcr ein intelligentes Vorheizen f\u00fcr eine optimale Temperatur ab der ersten Tasse.<\/p>\n<p>Maximaler Komfort bei der Verwendung<br \/>\nEin 2,8\u2033 Farbdisplay, sechs Tasten und eine v\u00f6llig neue Bedienphilosophie sorgen f\u00fcr eine einfache Handhabung. Die Produkteinstellungen und deren individuelle Platzierung auf dem Display k\u00f6nnen individuell angepasst und Produktnamen angezeigt oder ausgeblendet werden. Alle relevanten Informationen zur automatischen Maschine und Wartungsanleitungen werden \u00fcbersichtlich im Cockpit \u00fcber das Display angezeigt.<\/p>\n<p>Reinigung des One-Touch Milchsystems<br \/>\nDie ausgekl\u00fcgelte Reinigungsfunktion des Milchsystems wird auf Knopfdruck automatisch aktiviert und l\u00e4uft sehr schnell ab. Die Auffangschale zeichnet sich durch maximale Ergonomie aus: Sie l\u00e4sst sich bequem mit einer Hand abnehmen und ihre Struktur verhindert ein \u00dcberlaufen des Wassers.<\/p>\n<p>Harmonisches Design<br \/>\nDas charakteristische Design der Kaffeevollautomaten von JURA zeichnet sich durch schlichte, harmonische Linien aus. Ausgew\u00e4hlte Materialien und sorgf\u00e4ltige Verarbeitung unterstreichen die Premium-Qualit\u00e4t der modernen E8. Bereits seine Form ist Ausdruck von Qualit\u00e4t, Funktionalit\u00e4t und Langlebigkeit, und sein Design wird meisterhaft durch Details wie den Wassertank mit Rillen und das hochwertige Regal mit verchromten Tassen perfektioniert.<\/p>\n<p>Technischen Spezifikationen<\/p>\n<p>Kaffeeauslauf h\u00f6henverstellbar\/breit 65 \u2013 111 mm \/ \u2013<br \/>\nCappuccino-Auslauf h\u00f6henverstellbar 107 \u2013 153 mm<br \/>\nH\u00f6henverstellbarer Warmwasserspender 65 \u2013 111 mm<br \/>\nKapazit\u00e4t des Wassertanks 1.9 l<br \/>\nKapazit\u00e4t des Kaffeebohnenbeh\u00e4lters 280 g<br \/>\nKaffeesatzbeh\u00e4lter (Portionen) 16<br \/>\nL\u00e4nge des Kabels 1.1 m<br \/>\nSpannung \/ Absorption 230 V ~ \/ 1450 W<br \/>\nStromst\u00e4rke 10 A<br \/>\nLeistungsaufnahme im Standby 0 W<br \/>\nGewicht 9.6 kg<br \/>\nMasse (B H T) 28 35.1 44.6 cm<br \/>\nArtikelnummer, Artikelnummer 15353, Piano White (EB)<br \/>\nEAN Code 7610917153534<\/p>\n<p>Land Hersteller Made in Portugal<br \/>\nJahr des Modells 2020<\/p>\n","protected":false},"excerpt":{"rendered":"<p>Die neueste Generation des erfolgreichsten Kaffeevollautomaten von JURA zeichnet sich durch das neu interpretierte Design und die bisher ausschlie\u00dflich dem Premium-Segment vorbehaltene Funktionalit\u00e4t aus. Der Professional Aroma Grinder sorgt f\u00fcr ein ideales Mahlergebnis, modernste Br\u00fchvorg\u00e4nge lassen die Aromen in ihrer ganzen Intensit\u00e4t entfalten und der weiche, zarte Milchschaum kr\u00f6nt die trendigen Spezialit\u00e4ten gekonnt. Die innovative [&hellip;]<\/p>\n","protected":false},"featured_media":6364738,"template":"","meta":{"_acf_changed":false},"product_cat":[12184,12171,12163],"product_tag":[],"class_list":{"0":"post-53534","1":"product","2":"type-product","3":"status-publish","4":"has-post-thumbnail","6":"product_cat-automatisch","7":"product_cat-kaffeemaschinen-espresso","8":"product_cat-kleine-elektrogeraete","10":"first","11":"instock","12":"sale","13":"taxable","14":"shipping-taxable","15":"purchasable","16":"product-type-simple","swatches":"rey-swatches","show_selected":"","stretch_labels":"rey-swatches--stretch-labels"},"acf":[],"yoast_head":"<!-- This site is optimized with the Yoast SEO plugin v25.4 - https:\/\/yoast.com\/wordpress\/plugins\/seo\/ -->\n<title>JURA Kaffeemaschine D6 Piano Wei\u00dfe &#8211; einschlie\u00dflich 2 Kg Kaffee - dev6 Erresse<\/title>\n<meta name=\"description\" content=\"Die neueste Generation des erfolgreichsten Kaffeevollautomaten von JURA zeichnet sich durch das neu interpretierte Design und die bisher ausschlie\u00dflich\" \/>\n<meta name=\"robots\" content=\"noindex, follow, max-snippet:-1, max-image-preview:large, max-video-preview:-1\" \/>\n<meta property=\"og:locale\" content=\"de_DE\" \/>\n<meta property=\"og:type\" content=\"article\" \/>\n<meta property=\"og:title\" content=\"JURA Kaffeemaschine D6 Piano Wei\u00dfe &#8211; einschlie\u00dflich 2 Kg Kaffee - dev6 Erresse\" \/>\n<meta property=\"og:description\" content=\"Die neueste Generation des erfolgreichsten Kaffeevollautomaten von JURA zeichnet sich durch das neu interpretierte Design und die bisher ausschlie\u00dflich\" \/>\n<meta property=\"og:url\" content=\"https:\/\/dev6.erresse-shop.it\/de\/shop\/kleine-elektrogeraete\/kaffeemaschinen-espresso\/automatisch\/jura-kaffeemaschine-d6-piano-weisse-einschliesslich-2-kg-kaffee\/\" \/>\n<meta property=\"og:site_name\" content=\"dev6 Erresse\" \/>\n<meta property=\"og:image\" content=\"https:\/\/interpim.erresse-shop.it\/Import\/Prodotti\/e8-1.jpg\" \/><meta property=\"og:image\" content=\"https:\/\/interpim.erresse-shop.it\/Import\/Prodotti\/e8-1.jpg\" \/>\n\t<meta property=\"og:image:width\" content=\"1024\" \/>\n\t<meta property=\"og:image:height\" content=\"1024\" \/>\n\t<meta property=\"og:image:type\" content=\"image\/jpeg\" \/>\n<meta name=\"twitter:card\" content=\"summary_large_image\" \/>\n<meta name=\"twitter:image\" content=\"https:\/\/interpim.erresse-shop.it\/Import\/Prodotti\/e8-1.jpg\" \/>\n<script type=\"application\/ld+json\" class=\"yoast-schema-graph\">{\"@context\":\"https:\/\/schema.org\",\"@graph\":[{\"@type\":\"WebPage\",\"@id\":\"https:\/\/dev6.erresse-shop.it\/de\/shop\/kleine-elektrogeraete\/kaffeemaschinen-espresso\/automatisch\/jura-kaffeemaschine-d6-piano-weisse-einschliesslich-2-kg-kaffee\/\",\"url\":\"https:\/\/dev6.erresse-shop.it\/de\/shop\/kleine-elektrogeraete\/kaffeemaschinen-espresso\/automatisch\/jura-kaffeemaschine-d6-piano-weisse-einschliesslich-2-kg-kaffee\/\",\"name\":\"JURA Kaffeemaschine D6 Piano Wei\u00dfe &#8211; einschlie\u00dflich 2 Kg Kaffee - dev6 Erresse\",\"isPartOf\":{\"@id\":\"https:\/\/dev6.erresse-shop.it\/#website\"},\"primaryImageOfPage\":{\"@id\":\"https:\/\/dev6.erresse-shop.it\/de\/shop\/kleine-elektrogeraete\/kaffeemaschinen-espresso\/automatisch\/jura-kaffeemaschine-d6-piano-weisse-einschliesslich-2-kg-kaffee\/#primaryimage\"},\"image\":{\"@id\":\"https:\/\/dev6.erresse-shop.it\/de\/shop\/kleine-elektrogeraete\/kaffeemaschinen-espresso\/automatisch\/jura-kaffeemaschine-d6-piano-weisse-einschliesslich-2-kg-kaffee\/#primaryimage\"},\"thumbnailUrl\":\"https:\/\/i2.wp.com\/interpim.erresse-shop.it\/Import\/Prodotti\/e8-1.jpg?ssl=1\",\"datePublished\":\"2026-04-12T08:03:35+00:00\",\"description\":\"Die neueste Generation des erfolgreichsten Kaffeevollautomaten von JURA zeichnet sich durch das neu interpretierte Design und die bisher ausschlie\u00dflich\",\"breadcrumb\":{\"@id\":\"https:\/\/dev6.erresse-shop.it\/de\/shop\/kleine-elektrogeraete\/kaffeemaschinen-espresso\/automatisch\/jura-kaffeemaschine-d6-piano-weisse-einschliesslich-2-kg-kaffee\/#breadcrumb\"},\"inLanguage\":\"de\",\"potentialAction\":[{\"@type\":\"ReadAction\",\"target\":[\"https:\/\/dev6.erresse-shop.it\/de\/shop\/kleine-elektrogeraete\/kaffeemaschinen-espresso\/automatisch\/jura-kaffeemaschine-d6-piano-weisse-einschliesslich-2-kg-kaffee\/\"]}]},{\"@type\":\"ImageObject\",\"inLanguage\":\"de\",\"@id\":\"https:\/\/dev6.erresse-shop.it\/de\/shop\/kleine-elektrogeraete\/kaffeemaschinen-espresso\/automatisch\/jura-kaffeemaschine-d6-piano-weisse-einschliesslich-2-kg-kaffee\/#primaryimage\",\"url\":\"https:\/\/i2.wp.com\/interpim.erresse-shop.it\/Import\/Prodotti\/e8-1.jpg?ssl=1\",\"contentUrl\":\"https:\/\/i2.wp.com\/interpim.erresse-shop.it\/Import\/Prodotti\/e8-1.jpg?ssl=1\"},{\"@type\":\"BreadcrumbList\",\"@id\":\"https:\/\/dev6.erresse-shop.it\/de\/shop\/kleine-elektrogeraete\/kaffeemaschinen-espresso\/automatisch\/jura-kaffeemaschine-d6-piano-weisse-einschliesslich-2-kg-kaffee\/#breadcrumb\",\"itemListElement\":[{\"@type\":\"ListItem\",\"position\":1,\"name\":\"Home\",\"item\":\"https:\/\/dev6.erresse-shop.it\/\"},{\"@type\":\"ListItem\",\"position\":2,\"name\":\"Shop\",\"item\":\"https:\/\/dev6.erresse-shop.it\/shop\/\"},{\"@type\":\"ListItem\",\"position\":3,\"name\":\"JURA Kaffeemaschine D6 Piano Wei\u00dfe &#8211; einschlie\u00dflich 2 Kg Kaffee\"}]},{\"@type\":\"WebSite\",\"@id\":\"https:\/\/dev6.erresse-shop.it\/#website\",\"url\":\"https:\/\/dev6.erresse-shop.it\/\",\"name\":\"Erresse Shop\",\"description\":\"\",\"publisher\":{\"@id\":\"https:\/\/dev6.erresse-shop.it\/#organization\"},\"potentialAction\":[{\"@type\":\"SearchAction\",\"target\":{\"@type\":\"EntryPoint\",\"urlTemplate\":\"https:\/\/dev6.erresse-shop.it\/?s={search_term_string}\"},\"query-input\":{\"@type\":\"PropertyValueSpecification\",\"valueRequired\":true,\"valueName\":\"search_term_string\"}}],\"inLanguage\":\"de\"},{\"@type\":\"Organization\",\"@id\":\"https:\/\/dev6.erresse-shop.it\/#organization\",\"name\":\"Erresse Shop\",\"url\":\"https:\/\/dev6.erresse-shop.it\/\",\"logo\":{\"@type\":\"ImageObject\",\"inLanguage\":\"de\",\"@id\":\"https:\/\/dev6.erresse-shop.it\/#\/schema\/logo\/image\/\",\"url\":\"https:\/\/dev6.erresse-shop.it\/wp-content\/uploads\/2025\/01\/LOGO-ERRESSE-CLASSICO.svg\",\"contentUrl\":\"https:\/\/dev6.erresse-shop.it\/wp-content\/uploads\/2025\/01\/LOGO-ERRESSE-CLASSICO.svg\",\"caption\":\"Erresse Shop\"},\"image\":{\"@id\":\"https:\/\/dev6.erresse-shop.it\/#\/schema\/logo\/image\/\"}}]}<\/script>\n<!-- \/ Yoast SEO plugin. -->","yoast_head_json":{"title":"JURA Kaffeemaschine D6 Piano Wei\u00dfe &#8211; einschlie\u00dflich 2 Kg Kaffee - dev6 Erresse","description":"Die neueste Generation des erfolgreichsten Kaffeevollautomaten von JURA zeichnet sich durch das neu interpretierte Design und die bisher ausschlie\u00dflich","robots":{"index":"noindex","follow":"follow","max-snippet":"max-snippet:-1","max-image-preview":"max-image-preview:large","max-video-preview":"max-video-preview:-1"},"og_locale":"de_DE","og_type":"article","og_title":"JURA Kaffeemaschine D6 Piano Wei\u00dfe &#8211; einschlie\u00dflich 2 Kg Kaffee - dev6 Erresse","og_description":"Die neueste Generation des erfolgreichsten Kaffeevollautomaten von JURA zeichnet sich durch das neu interpretierte Design und die bisher ausschlie\u00dflich","og_url":"https:\/\/dev6.erresse-shop.it\/de\/shop\/kleine-elektrogeraete\/kaffeemaschinen-espresso\/automatisch\/jura-kaffeemaschine-d6-piano-weisse-einschliesslich-2-kg-kaffee\/","og_site_name":"dev6 Erresse","og_image":[{"url":"https:\/\/interpim.erresse-shop.it\/Import\/Prodotti\/e8-1.jpg","type":"","width":"","height":""},{"url":"https:\/\/interpim.erresse-shop.it\/Import\/Prodotti\/e8-1.jpg","width":1024,"height":1024,"type":"image\/jpeg"}],"twitter_card":"summary_large_image","twitter_image":"https:\/\/interpim.erresse-shop.it\/Import\/Prodotti\/e8-1.jpg","schema":{"@context":"https:\/\/schema.org","@graph":[{"@type":"WebPage","@id":"https:\/\/dev6.erresse-shop.it\/de\/shop\/kleine-elektrogeraete\/kaffeemaschinen-espresso\/automatisch\/jura-kaffeemaschine-d6-piano-weisse-einschliesslich-2-kg-kaffee\/","url":"https:\/\/dev6.erresse-shop.it\/de\/shop\/kleine-elektrogeraete\/kaffeemaschinen-espresso\/automatisch\/jura-kaffeemaschine-d6-piano-weisse-einschliesslich-2-kg-kaffee\/","name":"JURA Kaffeemaschine D6 Piano Wei\u00dfe &#8211; einschlie\u00dflich 2 Kg Kaffee - dev6 Erresse","isPartOf":{"@id":"https:\/\/dev6.erresse-shop.it\/#website"},"primaryImageOfPage":{"@id":"https:\/\/dev6.erresse-shop.it\/de\/shop\/kleine-elektrogeraete\/kaffeemaschinen-espresso\/automatisch\/jura-kaffeemaschine-d6-piano-weisse-einschliesslich-2-kg-kaffee\/#primaryimage"},"image":{"@id":"https:\/\/dev6.erresse-shop.it\/de\/shop\/kleine-elektrogeraete\/kaffeemaschinen-espresso\/automatisch\/jura-kaffeemaschine-d6-piano-weisse-einschliesslich-2-kg-kaffee\/#primaryimage"},"thumbnailUrl":"https:\/\/i2.wp.com\/interpim.erresse-shop.it\/Import\/Prodotti\/e8-1.jpg?ssl=1","datePublished":"2026-04-12T08:03:35+00:00","description":"Die neueste Generation des erfolgreichsten Kaffeevollautomaten von JURA zeichnet sich durch das neu interpretierte Design und die bisher ausschlie\u00dflich","breadcrumb":{"@id":"https:\/\/dev6.erresse-shop.it\/de\/shop\/kleine-elektrogeraete\/kaffeemaschinen-espresso\/automatisch\/jura-kaffeemaschine-d6-piano-weisse-einschliesslich-2-kg-kaffee\/#breadcrumb"},"inLanguage":"de","potentialAction":[{"@type":"ReadAction","target":["https:\/\/dev6.erresse-shop.it\/de\/shop\/kleine-elektrogeraete\/kaffeemaschinen-espresso\/automatisch\/jura-kaffeemaschine-d6-piano-weisse-einschliesslich-2-kg-kaffee\/"]}]},{"@type":"ImageObject","inLanguage":"de","@id":"https:\/\/dev6.erresse-shop.it\/de\/shop\/kleine-elektrogeraete\/kaffeemaschinen-espresso\/automatisch\/jura-kaffeemaschine-d6-piano-weisse-einschliesslich-2-kg-kaffee\/#primaryimage","url":"https:\/\/i2.wp.com\/interpim.erresse-shop.it\/Import\/Prodotti\/e8-1.jpg?ssl=1","contentUrl":"https:\/\/i2.wp.com\/interpim.erresse-shop.it\/Import\/Prodotti\/e8-1.jpg?ssl=1"},{"@type":"BreadcrumbList","@id":"https:\/\/dev6.erresse-shop.it\/de\/shop\/kleine-elektrogeraete\/kaffeemaschinen-espresso\/automatisch\/jura-kaffeemaschine-d6-piano-weisse-einschliesslich-2-kg-kaffee\/#breadcrumb","itemListElement":[{"@type":"ListItem","position":1,"name":"Home","item":"https:\/\/dev6.erresse-shop.it\/"},{"@type":"ListItem","position":2,"name":"Shop","item":"https:\/\/dev6.erresse-shop.it\/shop\/"},{"@type":"ListItem","position":3,"name":"JURA Kaffeemaschine D6 Piano Wei\u00dfe &#8211; einschlie\u00dflich 2 Kg Kaffee"}]},{"@type":"WebSite","@id":"https:\/\/dev6.erresse-shop.it\/#website","url":"https:\/\/dev6.erresse-shop.it\/","name":"Erresse Shop","description":"","publisher":{"@id":"https:\/\/dev6.erresse-shop.it\/#organization"},"potentialAction":[{"@type":"SearchAction","target":{"@type":"EntryPoint","urlTemplate":"https:\/\/dev6.erresse-shop.it\/?s={search_term_string}"},"query-input":{"@type":"PropertyValueSpecification","valueRequired":true,"valueName":"search_term_string"}}],"inLanguage":"de"},{"@type":"Organization","@id":"https:\/\/dev6.erresse-shop.it\/#organization","name":"Erresse Shop","url":"https:\/\/dev6.erresse-shop.it\/","logo":{"@type":"ImageObject","inLanguage":"de","@id":"https:\/\/dev6.erresse-shop.it\/#\/schema\/logo\/image\/","url":"https:\/\/dev6.erresse-shop.it\/wp-content\/uploads\/2025\/01\/LOGO-ERRESSE-CLASSICO.svg","contentUrl":"https:\/\/dev6.erresse-shop.it\/wp-content\/uploads\/2025\/01\/LOGO-ERRESSE-CLASSICO.svg","caption":"Erresse Shop"},"image":{"@id":"https:\/\/dev6.erresse-shop.it\/#\/schema\/logo\/image\/"}}]}},"df_price":1259.28,"df_sale_price":1259.28,"df_regular_price":1449,"df_image_link":"https:\/\/i2.wp.com\/interpim.erresse-shop.it\/Import\/Prodotti\/e8-1.jpg?resize=300,300&ssl=1","fifu_image_url":"https:\/\/interpim.erresse-shop.it\/Import\/Prodotti\/e8-1.jpg","_links":{"self":[{"href":"https:\/\/dev6.erresse-shop.it\/de\/wp-json\/wp\/v2\/product\/53534","targetHints":{"allow":["GET"]}}],"collection":[{"href":"https:\/\/dev6.erresse-shop.it\/de\/wp-json\/wp\/v2\/product"}],"about":[{"href":"https:\/\/dev6.erresse-shop.it\/de\/wp-json\/wp\/v2\/types\/product"}],"wp:featuredmedia":[{"embeddable":true,"href":"https:\/\/dev6.erresse-shop.it\/de\/wp-json\/wp\/v2\/media\/6364738"}],"wp:attachment":[{"href":"https:\/\/dev6.erresse-shop.it\/de\/wp-json\/wp\/v2\/media?parent=53534"}],"wp:term":[{"taxonomy":"product_cat","embeddable":true,"href":"https:\/\/dev6.erresse-shop.it\/de\/wp-json\/wp\/v2\/product_cat?post=53534"},{"taxonomy":"product_tag","embeddable":true,"href":"https:\/\/dev6.erresse-shop.it\/de\/wp-json\/wp\/v2\/product_tag?post=53534"}],"curies":[{"name":"wp","href":"https:\/\/api.w.org\/{rel}","templated":true}]}}