{"id":53482,"date":"2026-04-12T14:49:36","date_gmt":"2026-04-12T12:49:36","guid":{"rendered":"https:\/\/dev6.erresse-shop.it\/shop\/unkategorisiert\/cookut-box-mojitos-messbecher-rezepte-und-strohhalme\/"},"modified":"2025-09-14T03:41:52","modified_gmt":"2025-09-14T01:41:52","slug":"cookut-box-mojitos-messbecher-rezepte-und-strohhalme","status":"publish","type":"product","link":"https:\/\/dev6.erresse-shop.it\/de\/shop\/kuche\/zubehor-fur-die-kuche\/cookut-box-mojitos-messbecher-rezepte-und-strohhalme\/","title":{"rendered":"COOKUT Box Mojitos Messbecher Rezepte und Strohhalme"},"content":{"rendered":"<p>Das einzige 4-in-1-Instrument der Welt mit Glasstrohhalmen und einem perfekt ausbalancierten Mojito-Kochbuch.<\/p>\n<p>Bereiten Sie Ihre Mojitos mit einem 4-in-1-Werkzeug vor<\/p>\n<p>Das We Are Mojito-Werkzeug besteht aus einem Rum- und Rohrzuckermessger\u00e4t, einem Hammer f\u00fcr zerkleinertes Eis, einem St\u00f6\u00dfel und einer Zitruspresse. Die Zitrone auspressen, die Minze hacken, den Sirup und den perfekt dosierten Rum einf\u00fcllen, die Eisw\u00fcrfel hacken und etwas kohlens\u00e4urehaltiges Wasser hinzuf\u00fcgen. Und los geht\u2019s!<\/p>\n<p>Keine falsch dosierten Mojitos mehr!<\/p>\n<p>Hausgemachte Mojitos sind oft schlecht dosiert, mit zu wenig oder zu viel Zucker oder Alkohol\u2026 Mit dem integrierten Messger\u00e4t in der Schlaufe ist der Mojito unm\u00f6glich zuzubereiten und immer perfekt ausbalanciert!<\/p>\n<p>Ein umweltfreundliches Material<\/p>\n<p>Die We Are Mojito G\u00fcrtelschlaufe ist aus 100% Naturholz gefertigt. Es ist nicht nur \u00e4sthetisch ansprechend und hochfunktional, sondern auch perfekt recycelbar \u2013 und das gef\u00e4llt uns!<\/p>\n<p>Geschenkbox: 14 Rezepte inklusive und 2 Glastrinkhalme<\/p>\n<p>Wiederverwendbare Trinkhalme aus sto\u00dffestem Glas<\/p>\n<p>\u00dcberraschen Sie Ihre Freunde mit innovativen und originellen Mojito-Rezepten. Wir haben an Sie gedacht, indem wir unsere Lieblingsrezepte in die Geschenkbox packen.<\/p>\n","protected":false},"excerpt":{"rendered":"<p>Das einzige 4-in-1-Instrument der Welt mit Glasstrohhalmen und einem perfekt ausbalancierten Mojito-Kochbuch. Bereiten Sie Ihre Mojitos mit einem 4-in-1-Werkzeug vor Das We Are Mojito-Werkzeug besteht aus einem Rum- und Rohrzuckermessger\u00e4t, einem Hammer f\u00fcr zerkleinertes Eis, einem St\u00f6\u00dfel und einer Zitruspresse. Die Zitrone auspressen, die Minze hacken, den Sirup und den perfekt dosierten Rum einf\u00fcllen, die [&hellip;]<\/p>\n","protected":false},"featured_media":6381398,"template":"","meta":{"_acf_changed":false},"product_cat":[11733,11668,12100,12165],"product_tag":[],"class_list":{"0":"post-53482","1":"product","2":"type-product","3":"status-publish","4":"has-post-thumbnail","6":"product_cat-accessori-cucina","7":"product_cat-cucina","8":"product_cat-kuche","9":"product_cat-zubehor-fur-die-kuche","11":"first","12":"instock","13":"sale","14":"taxable","15":"shipping-taxable","16":"purchasable","17":"product-type-simple","swatches":"rey-swatches","show_selected":"","stretch_labels":"rey-swatches--stretch-labels"},"acf":[],"yoast_head":"<!-- This site is optimized with the Yoast SEO plugin v25.4 - https:\/\/yoast.com\/wordpress\/plugins\/seo\/ -->\n<title>COOKUT Box Mojitos Messbecher Rezepte und Strohhalme - dev6 Erresse<\/title>\n<meta name=\"description\" content=\"Das einzige 4-in-1-Instrument der Welt mit Glasstrohhalmen und einem perfekt ausbalancierten Mojito-Kochbuch. Bereiten Sie Ihre Mojitos mit einem\" \/>\n<meta name=\"robots\" content=\"noindex, follow, max-snippet:-1, max-image-preview:large, max-video-preview:-1\" \/>\n<meta property=\"og:locale\" content=\"de_DE\" \/>\n<meta property=\"og:type\" content=\"article\" \/>\n<meta property=\"og:title\" content=\"COOKUT Box Mojitos Messbecher Rezepte und Strohhalme - dev6 Erresse\" \/>\n<meta property=\"og:description\" content=\"Das einzige 4-in-1-Instrument der Welt mit Glasstrohhalmen und einem perfekt ausbalancierten Mojito-Kochbuch. Bereiten Sie Ihre Mojitos mit einem\" \/>\n<meta property=\"og:url\" content=\"https:\/\/dev6.erresse-shop.it\/de\/shop\/kuche\/zubehor-fur-die-kuche\/cookut-box-mojitos-messbecher-rezepte-und-strohhalme\/\" \/>\n<meta property=\"og:site_name\" content=\"dev6 Erresse\" \/>\n<meta property=\"og:image\" content=\"https:\/\/interpim.erresse-shop.it\/wp-content\/uploads\/2023\/12\/COOKUT-Cofanetto-Mojitos-Misurino-Ricette-e-Cannucce.jpg\/cookut-cofanetto-mojitos-misurino-ricette-e-cannucce.jpg\" \/><meta property=\"og:image\" content=\"https:\/\/interpim.erresse-shop.it\/wp-content\/uploads\/2023\/12\/COOKUT-Cofanetto-Mojitos-Misurino-Ricette-e-Cannucce.jpg\/cookut-cofanetto-mojitos-misurino-ricette-e-cannucce.jpg\" \/>\n\t<meta property=\"og:image:width\" content=\"1024\" \/>\n\t<meta property=\"og:image:height\" content=\"1024\" \/>\n\t<meta property=\"og:image:type\" content=\"image\/jpeg\" \/>\n<meta name=\"twitter:card\" content=\"summary_large_image\" \/>\n<meta name=\"twitter:image\" content=\"https:\/\/interpim.erresse-shop.it\/wp-content\/uploads\/2023\/12\/COOKUT-Cofanetto-Mojitos-Misurino-Ricette-e-Cannucce.jpg\/cookut-cofanetto-mojitos-misurino-ricette-e-cannucce.jpg\" \/>\n<script type=\"application\/ld+json\" class=\"yoast-schema-graph\">{\"@context\":\"https:\/\/schema.org\",\"@graph\":[{\"@type\":\"WebPage\",\"@id\":\"https:\/\/dev6.erresse-shop.it\/de\/shop\/kuche\/zubehor-fur-die-kuche\/cookut-box-mojitos-messbecher-rezepte-und-strohhalme\/\",\"url\":\"https:\/\/dev6.erresse-shop.it\/de\/shop\/kuche\/zubehor-fur-die-kuche\/cookut-box-mojitos-messbecher-rezepte-und-strohhalme\/\",\"name\":\"COOKUT Box Mojitos Messbecher Rezepte und Strohhalme - dev6 Erresse\",\"isPartOf\":{\"@id\":\"https:\/\/dev6.erresse-shop.it\/#website\"},\"primaryImageOfPage\":{\"@id\":\"https:\/\/dev6.erresse-shop.it\/de\/shop\/kuche\/zubehor-fur-die-kuche\/cookut-box-mojitos-messbecher-rezepte-und-strohhalme\/#primaryimage\"},\"image\":{\"@id\":\"https:\/\/dev6.erresse-shop.it\/de\/shop\/kuche\/zubehor-fur-die-kuche\/cookut-box-mojitos-messbecher-rezepte-und-strohhalme\/#primaryimage\"},\"thumbnailUrl\":\"https:\/\/i0.wp.com\/interpim.erresse-shop.it\/wp-content\/uploads\/2023\/12\/COOKUT-Cofanetto-Mojitos-Misurino-Ricette-e-Cannucce.jpg\/cookut-cofanetto-mojitos-misurino-ricette-e-cannucce.jpg?ssl=1\",\"datePublished\":\"2026-04-12T12:49:36+00:00\",\"description\":\"Das einzige 4-in-1-Instrument der Welt mit Glasstrohhalmen und einem perfekt ausbalancierten Mojito-Kochbuch. Bereiten Sie Ihre Mojitos mit einem\",\"breadcrumb\":{\"@id\":\"https:\/\/dev6.erresse-shop.it\/de\/shop\/kuche\/zubehor-fur-die-kuche\/cookut-box-mojitos-messbecher-rezepte-und-strohhalme\/#breadcrumb\"},\"inLanguage\":\"de\",\"potentialAction\":[{\"@type\":\"ReadAction\",\"target\":[\"https:\/\/dev6.erresse-shop.it\/de\/shop\/kuche\/zubehor-fur-die-kuche\/cookut-box-mojitos-messbecher-rezepte-und-strohhalme\/\"]}]},{\"@type\":\"ImageObject\",\"inLanguage\":\"de\",\"@id\":\"https:\/\/dev6.erresse-shop.it\/de\/shop\/kuche\/zubehor-fur-die-kuche\/cookut-box-mojitos-messbecher-rezepte-und-strohhalme\/#primaryimage\",\"url\":\"https:\/\/i0.wp.com\/interpim.erresse-shop.it\/wp-content\/uploads\/2023\/12\/COOKUT-Cofanetto-Mojitos-Misurino-Ricette-e-Cannucce.jpg\/cookut-cofanetto-mojitos-misurino-ricette-e-cannucce.jpg?ssl=1\",\"contentUrl\":\"https:\/\/i0.wp.com\/interpim.erresse-shop.it\/wp-content\/uploads\/2023\/12\/COOKUT-Cofanetto-Mojitos-Misurino-Ricette-e-Cannucce.jpg\/cookut-cofanetto-mojitos-misurino-ricette-e-cannucce.jpg?ssl=1\"},{\"@type\":\"BreadcrumbList\",\"@id\":\"https:\/\/dev6.erresse-shop.it\/de\/shop\/kuche\/zubehor-fur-die-kuche\/cookut-box-mojitos-messbecher-rezepte-und-strohhalme\/#breadcrumb\",\"itemListElement\":[{\"@type\":\"ListItem\",\"position\":1,\"name\":\"Home\",\"item\":\"https:\/\/dev6.erresse-shop.it\/\"},{\"@type\":\"ListItem\",\"position\":2,\"name\":\"Shop\",\"item\":\"https:\/\/dev6.erresse-shop.it\/shop\/\"},{\"@type\":\"ListItem\",\"position\":3,\"name\":\"COOKUT Box Mojitos Messbecher Rezepte und Strohhalme\"}]},{\"@type\":\"WebSite\",\"@id\":\"https:\/\/dev6.erresse-shop.it\/#website\",\"url\":\"https:\/\/dev6.erresse-shop.it\/\",\"name\":\"Erresse Shop\",\"description\":\"\",\"publisher\":{\"@id\":\"https:\/\/dev6.erresse-shop.it\/#organization\"},\"potentialAction\":[{\"@type\":\"SearchAction\",\"target\":{\"@type\":\"EntryPoint\",\"urlTemplate\":\"https:\/\/dev6.erresse-shop.it\/?s={search_term_string}\"},\"query-input\":{\"@type\":\"PropertyValueSpecification\",\"valueRequired\":true,\"valueName\":\"search_term_string\"}}],\"inLanguage\":\"de\"},{\"@type\":\"Organization\",\"@id\":\"https:\/\/dev6.erresse-shop.it\/#organization\",\"name\":\"Erresse Shop\",\"url\":\"https:\/\/dev6.erresse-shop.it\/\",\"logo\":{\"@type\":\"ImageObject\",\"inLanguage\":\"de\",\"@id\":\"https:\/\/dev6.erresse-shop.it\/#\/schema\/logo\/image\/\",\"url\":\"https:\/\/dev6.erresse-shop.it\/wp-content\/uploads\/2025\/01\/LOGO-ERRESSE-CLASSICO.svg\",\"contentUrl\":\"https:\/\/dev6.erresse-shop.it\/wp-content\/uploads\/2025\/01\/LOGO-ERRESSE-CLASSICO.svg\",\"caption\":\"Erresse Shop\"},\"image\":{\"@id\":\"https:\/\/dev6.erresse-shop.it\/#\/schema\/logo\/image\/\"}}]}<\/script>\n<!-- \/ Yoast SEO plugin. -->","yoast_head_json":{"title":"COOKUT Box Mojitos Messbecher Rezepte und Strohhalme - dev6 Erresse","description":"Das einzige 4-in-1-Instrument der Welt mit Glasstrohhalmen und einem perfekt ausbalancierten Mojito-Kochbuch. Bereiten Sie Ihre Mojitos mit einem","robots":{"index":"noindex","follow":"follow","max-snippet":"max-snippet:-1","max-image-preview":"max-image-preview:large","max-video-preview":"max-video-preview:-1"},"og_locale":"de_DE","og_type":"article","og_title":"COOKUT Box Mojitos Messbecher Rezepte und Strohhalme - dev6 Erresse","og_description":"Das einzige 4-in-1-Instrument der Welt mit Glasstrohhalmen und einem perfekt ausbalancierten Mojito-Kochbuch. Bereiten Sie Ihre Mojitos mit einem","og_url":"https:\/\/dev6.erresse-shop.it\/de\/shop\/kuche\/zubehor-fur-die-kuche\/cookut-box-mojitos-messbecher-rezepte-und-strohhalme\/","og_site_name":"dev6 Erresse","og_image":[{"url":"https:\/\/interpim.erresse-shop.it\/wp-content\/uploads\/2023\/12\/COOKUT-Cofanetto-Mojitos-Misurino-Ricette-e-Cannucce.jpg\/cookut-cofanetto-mojitos-misurino-ricette-e-cannucce.jpg","type":"","width":"","height":""},{"url":"https:\/\/interpim.erresse-shop.it\/wp-content\/uploads\/2023\/12\/COOKUT-Cofanetto-Mojitos-Misurino-Ricette-e-Cannucce.jpg\/cookut-cofanetto-mojitos-misurino-ricette-e-cannucce.jpg","width":1024,"height":1024,"type":"image\/jpeg"}],"twitter_card":"summary_large_image","twitter_image":"https:\/\/interpim.erresse-shop.it\/wp-content\/uploads\/2023\/12\/COOKUT-Cofanetto-Mojitos-Misurino-Ricette-e-Cannucce.jpg\/cookut-cofanetto-mojitos-misurino-ricette-e-cannucce.jpg","schema":{"@context":"https:\/\/schema.org","@graph":[{"@type":"WebPage","@id":"https:\/\/dev6.erresse-shop.it\/de\/shop\/kuche\/zubehor-fur-die-kuche\/cookut-box-mojitos-messbecher-rezepte-und-strohhalme\/","url":"https:\/\/dev6.erresse-shop.it\/de\/shop\/kuche\/zubehor-fur-die-kuche\/cookut-box-mojitos-messbecher-rezepte-und-strohhalme\/","name":"COOKUT Box Mojitos Messbecher Rezepte und Strohhalme - dev6 Erresse","isPartOf":{"@id":"https:\/\/dev6.erresse-shop.it\/#website"},"primaryImageOfPage":{"@id":"https:\/\/dev6.erresse-shop.it\/de\/shop\/kuche\/zubehor-fur-die-kuche\/cookut-box-mojitos-messbecher-rezepte-und-strohhalme\/#primaryimage"},"image":{"@id":"https:\/\/dev6.erresse-shop.it\/de\/shop\/kuche\/zubehor-fur-die-kuche\/cookut-box-mojitos-messbecher-rezepte-und-strohhalme\/#primaryimage"},"thumbnailUrl":"https:\/\/i0.wp.com\/interpim.erresse-shop.it\/wp-content\/uploads\/2023\/12\/COOKUT-Cofanetto-Mojitos-Misurino-Ricette-e-Cannucce.jpg\/cookut-cofanetto-mojitos-misurino-ricette-e-cannucce.jpg?ssl=1","datePublished":"2026-04-12T12:49:36+00:00","description":"Das einzige 4-in-1-Instrument der Welt mit Glasstrohhalmen und einem perfekt ausbalancierten Mojito-Kochbuch. Bereiten Sie Ihre Mojitos mit einem","breadcrumb":{"@id":"https:\/\/dev6.erresse-shop.it\/de\/shop\/kuche\/zubehor-fur-die-kuche\/cookut-box-mojitos-messbecher-rezepte-und-strohhalme\/#breadcrumb"},"inLanguage":"de","potentialAction":[{"@type":"ReadAction","target":["https:\/\/dev6.erresse-shop.it\/de\/shop\/kuche\/zubehor-fur-die-kuche\/cookut-box-mojitos-messbecher-rezepte-und-strohhalme\/"]}]},{"@type":"ImageObject","inLanguage":"de","@id":"https:\/\/dev6.erresse-shop.it\/de\/shop\/kuche\/zubehor-fur-die-kuche\/cookut-box-mojitos-messbecher-rezepte-und-strohhalme\/#primaryimage","url":"https:\/\/i0.wp.com\/interpim.erresse-shop.it\/wp-content\/uploads\/2023\/12\/COOKUT-Cofanetto-Mojitos-Misurino-Ricette-e-Cannucce.jpg\/cookut-cofanetto-mojitos-misurino-ricette-e-cannucce.jpg?ssl=1","contentUrl":"https:\/\/i0.wp.com\/interpim.erresse-shop.it\/wp-content\/uploads\/2023\/12\/COOKUT-Cofanetto-Mojitos-Misurino-Ricette-e-Cannucce.jpg\/cookut-cofanetto-mojitos-misurino-ricette-e-cannucce.jpg?ssl=1"},{"@type":"BreadcrumbList","@id":"https:\/\/dev6.erresse-shop.it\/de\/shop\/kuche\/zubehor-fur-die-kuche\/cookut-box-mojitos-messbecher-rezepte-und-strohhalme\/#breadcrumb","itemListElement":[{"@type":"ListItem","position":1,"name":"Home","item":"https:\/\/dev6.erresse-shop.it\/"},{"@type":"ListItem","position":2,"name":"Shop","item":"https:\/\/dev6.erresse-shop.it\/shop\/"},{"@type":"ListItem","position":3,"name":"COOKUT Box Mojitos Messbecher Rezepte und Strohhalme"}]},{"@type":"WebSite","@id":"https:\/\/dev6.erresse-shop.it\/#website","url":"https:\/\/dev6.erresse-shop.it\/","name":"Erresse Shop","description":"","publisher":{"@id":"https:\/\/dev6.erresse-shop.it\/#organization"},"potentialAction":[{"@type":"SearchAction","target":{"@type":"EntryPoint","urlTemplate":"https:\/\/dev6.erresse-shop.it\/?s={search_term_string}"},"query-input":{"@type":"PropertyValueSpecification","valueRequired":true,"valueName":"search_term_string"}}],"inLanguage":"de"},{"@type":"Organization","@id":"https:\/\/dev6.erresse-shop.it\/#organization","name":"Erresse Shop","url":"https:\/\/dev6.erresse-shop.it\/","logo":{"@type":"ImageObject","inLanguage":"de","@id":"https:\/\/dev6.erresse-shop.it\/#\/schema\/logo\/image\/","url":"https:\/\/dev6.erresse-shop.it\/wp-content\/uploads\/2025\/01\/LOGO-ERRESSE-CLASSICO.svg","contentUrl":"https:\/\/dev6.erresse-shop.it\/wp-content\/uploads\/2025\/01\/LOGO-ERRESSE-CLASSICO.svg","caption":"Erresse Shop"},"image":{"@id":"https:\/\/dev6.erresse-shop.it\/#\/schema\/logo\/image\/"}}]}},"df_price":29.9,"df_sale_price":29.9,"df_regular_price":32.9,"df_image_link":"https:\/\/i0.wp.com\/interpim.erresse-shop.it\/wp-content\/uploads\/2023\/12\/COOKUT-Cofanetto-Mojitos-Misurino-Ricette-e-Cannucce.jpg\/cookut-cofanetto-mojitos-misurino-ricette-e-cannucce.jpg?resize=300,300&ssl=1","fifu_image_url":"https:\/\/interpim.erresse-shop.it\/wp-content\/uploads\/2023\/12\/COOKUT-Cofanetto-Mojitos-Misurino-Ricette-e-Cannucce.jpg\/cookut-cofanetto-mojitos-misurino-ricette-e-cannucce.jpg","_links":{"self":[{"href":"https:\/\/dev6.erresse-shop.it\/de\/wp-json\/wp\/v2\/product\/53482","targetHints":{"allow":["GET"]}}],"collection":[{"href":"https:\/\/dev6.erresse-shop.it\/de\/wp-json\/wp\/v2\/product"}],"about":[{"href":"https:\/\/dev6.erresse-shop.it\/de\/wp-json\/wp\/v2\/types\/product"}],"wp:featuredmedia":[{"embeddable":true,"href":"https:\/\/dev6.erresse-shop.it\/de\/wp-json\/wp\/v2\/media\/6381398"}],"wp:attachment":[{"href":"https:\/\/dev6.erresse-shop.it\/de\/wp-json\/wp\/v2\/media?parent=53482"}],"wp:term":[{"taxonomy":"product_cat","embeddable":true,"href":"https:\/\/dev6.erresse-shop.it\/de\/wp-json\/wp\/v2\/product_cat?post=53482"},{"taxonomy":"product_tag","embeddable":true,"href":"https:\/\/dev6.erresse-shop.it\/de\/wp-json\/wp\/v2\/product_tag?post=53482"}],"curies":[{"name":"wp","href":"https:\/\/api.w.org\/{rel}","templated":true}]}}