{"id":53480,"date":"2026-04-12T14:49:36","date_gmt":"2026-04-12T12:49:36","guid":{"rendered":"https:\/\/dev6.erresse-shop.it\/shop\/unkategorisiert\/cookut-veganer-shaker-fuer-crepes-waffeln-und-pfannkuchen\/"},"modified":"2025-07-04T15:29:05","modified_gmt":"2025-07-04T13:29:05","slug":"cookut-veganer-shaker-fuer-crepes-waffeln-und-pfannkuchen","status":"publish","type":"product","link":"https:\/\/dev6.erresse-shop.it\/de\/shop\/kuche\/zubehor-fur-die-kuche\/cookut-veganer-shaker-fuer-crepes-waffeln-und-pfannkuchen\/","title":{"rendered":"COOKUT Veganer Shaker f\u00fcr Crepes, Waffeln und Pfannkuchen"},"content":{"rendered":"<p>Super praktisch!<br \/>\nKeine Rezepte mehr, Roboter, Waage, Schneebesen, Salatsch\u00fcssel oder Kelle!<br \/>\nBefolgen Sie einfach das Rezept f\u00fcr vegane Pfannkuchen mit den Ma\u00dfen der auf der Dose angegebenen Zutaten: pflanzliche Milch, Mehl (mit oder ohne Gluten) und Maisst\u00e4rke.<br \/>\nDann f\u00fcr ein paar Sekunden sch\u00fctteln. Es ist fertig!<br \/>\nDirekt in die Pfanne geben.<\/p>\n<p>Dieser vegane Mixer f\u00fcr Pfannkuchen ist sehr praktisch, um den Teig im K\u00fchlschrank zu lagern und am n\u00e4chsten Tag zu verwenden.<\/p>\n<p>Kein Klumpen mehr<br \/>\nDer Miam Shaker ist mit einer Edelstahlspirale ausgestattet, die Ihnen eine glatte und unbeschreibliche Paste garantiert, die die Klumpen zerst\u00f6rt, und einem zus\u00e4tzlichen Rost, der beim Einf\u00fcllen des Teigs in die Pfanne hinzugef\u00fcgt wird. Was immer perfekte Pfannkuchen bekommen!<\/p>\n<p>Vegane Cr\u00eapes, vegane Pfannkuchen und vegane Waffeln<br \/>\nEs gibt verschiedene vegane Rezepte auf der Dose, um VEGAN Pfannkuchen-, Pfannkuchen- oder Waffelteig leicht herzustellen. Brauchen Sie mehr f\u00fcr Naschkatzen? Bereiten Sie einfach wieder in 2 Minuten!<\/p>\n<p>Kein Schmutz<br \/>\nWenn Sie den veganen Pfannkuchenteig direkt in die Pfanne geben, vermeiden Sie den Schmutz der Sch\u00f6pfkelle, die bei dem delikaten Durchgang zwischen der Sch\u00fcssel und der Pfanne \u00fcberlaufen.<\/p>\n<p>Waschbar in der Sp\u00fclmaschine.<\/p>\n","protected":false},"excerpt":{"rendered":"<p>Super praktisch! Keine Rezepte mehr, Roboter, Waage, Schneebesen, Salatsch\u00fcssel oder Kelle! Befolgen Sie einfach das Rezept f\u00fcr vegane Pfannkuchen mit den Ma\u00dfen der auf der Dose angegebenen Zutaten: pflanzliche Milch, Mehl (mit oder ohne Gluten) und Maisst\u00e4rke. Dann f\u00fcr ein paar Sekunden sch\u00fctteln. Es ist fertig! Direkt in die Pfanne geben. Dieser vegane Mixer f\u00fcr [&hellip;]<\/p>\n","protected":false},"featured_media":6381390,"template":"","meta":{"_acf_changed":false},"product_cat":[11733,11668,12100,12165],"product_tag":[],"class_list":{"0":"post-53480","1":"product","2":"type-product","3":"status-publish","4":"has-post-thumbnail","6":"product_cat-accessori-cucina","7":"product_cat-cucina","8":"product_cat-kuche","9":"product_cat-zubehor-fur-die-kuche","11":"first","12":"instock","13":"sale","14":"taxable","15":"shipping-taxable","16":"purchasable","17":"product-type-simple","swatches":"rey-swatches","show_selected":"","stretch_labels":"rey-swatches--stretch-labels"},"acf":[],"yoast_head":"<!-- This site is optimized with the Yoast SEO plugin v25.4 - https:\/\/yoast.com\/wordpress\/plugins\/seo\/ -->\n<title>COOKUT Veganer Shaker f\u00fcr Crepes, Waffeln und Pfannkuchen - dev6 Erresse<\/title>\n<meta name=\"description\" content=\"Super praktisch! Keine Rezepte mehr, Roboter, Waage, Schneebesen, Salatsch\u00fcssel oder Kelle! Befolgen Sie einfach das Rezept f\u00fcr vegane Pfannkuchen mit den\" \/>\n<meta name=\"robots\" content=\"noindex, follow, max-snippet:-1, max-image-preview:large, max-video-preview:-1\" \/>\n<meta property=\"og:locale\" content=\"de_DE\" \/>\n<meta property=\"og:type\" content=\"article\" \/>\n<meta property=\"og:title\" content=\"COOKUT Veganer Shaker f\u00fcr Crepes, Waffeln und Pfannkuchen - dev6 Erresse\" \/>\n<meta property=\"og:description\" content=\"Super praktisch! Keine Rezepte mehr, Roboter, Waage, Schneebesen, Salatsch\u00fcssel oder Kelle! Befolgen Sie einfach das Rezept f\u00fcr vegane Pfannkuchen mit den\" \/>\n<meta property=\"og:url\" content=\"https:\/\/dev6.erresse-shop.it\/de\/shop\/kuche\/zubehor-fur-die-kuche\/cookut-veganer-shaker-fuer-crepes-waffeln-und-pfannkuchen\/\" \/>\n<meta property=\"og:site_name\" content=\"dev6 Erresse\" \/>\n<meta property=\"og:image\" content=\"https:\/\/interpim.erresse-shop.it\/Import\/Prodotti\/cookut-vegan-miam.jpg\" \/><meta property=\"og:image\" content=\"https:\/\/interpim.erresse-shop.it\/Import\/Prodotti\/cookut-vegan-miam.jpg\" \/>\n\t<meta property=\"og:image:width\" content=\"1024\" \/>\n\t<meta property=\"og:image:height\" content=\"1024\" \/>\n\t<meta property=\"og:image:type\" content=\"image\/jpeg\" \/>\n<meta name=\"twitter:card\" content=\"summary_large_image\" \/>\n<meta name=\"twitter:image\" content=\"https:\/\/interpim.erresse-shop.it\/Import\/Prodotti\/cookut-vegan-miam.jpg\" \/>\n<script type=\"application\/ld+json\" class=\"yoast-schema-graph\">{\"@context\":\"https:\/\/schema.org\",\"@graph\":[{\"@type\":\"WebPage\",\"@id\":\"https:\/\/dev6.erresse-shop.it\/de\/shop\/kuche\/zubehor-fur-die-kuche\/cookut-veganer-shaker-fuer-crepes-waffeln-und-pfannkuchen\/\",\"url\":\"https:\/\/dev6.erresse-shop.it\/de\/shop\/kuche\/zubehor-fur-die-kuche\/cookut-veganer-shaker-fuer-crepes-waffeln-und-pfannkuchen\/\",\"name\":\"COOKUT Veganer Shaker f\u00fcr Crepes, Waffeln und Pfannkuchen - dev6 Erresse\",\"isPartOf\":{\"@id\":\"https:\/\/dev6.erresse-shop.it\/#website\"},\"primaryImageOfPage\":{\"@id\":\"https:\/\/dev6.erresse-shop.it\/de\/shop\/kuche\/zubehor-fur-die-kuche\/cookut-veganer-shaker-fuer-crepes-waffeln-und-pfannkuchen\/#primaryimage\"},\"image\":{\"@id\":\"https:\/\/dev6.erresse-shop.it\/de\/shop\/kuche\/zubehor-fur-die-kuche\/cookut-veganer-shaker-fuer-crepes-waffeln-und-pfannkuchen\/#primaryimage\"},\"thumbnailUrl\":\"https:\/\/i0.wp.com\/interpim.erresse-shop.it\/Import\/Prodotti\/cookut-vegan-miam.jpg?ssl=1\",\"datePublished\":\"2026-04-12T12:49:36+00:00\",\"description\":\"Super praktisch! Keine Rezepte mehr, Roboter, Waage, Schneebesen, Salatsch\u00fcssel oder Kelle! Befolgen Sie einfach das Rezept f\u00fcr vegane Pfannkuchen mit den\",\"breadcrumb\":{\"@id\":\"https:\/\/dev6.erresse-shop.it\/de\/shop\/kuche\/zubehor-fur-die-kuche\/cookut-veganer-shaker-fuer-crepes-waffeln-und-pfannkuchen\/#breadcrumb\"},\"inLanguage\":\"de\",\"potentialAction\":[{\"@type\":\"ReadAction\",\"target\":[\"https:\/\/dev6.erresse-shop.it\/de\/shop\/kuche\/zubehor-fur-die-kuche\/cookut-veganer-shaker-fuer-crepes-waffeln-und-pfannkuchen\/\"]}]},{\"@type\":\"ImageObject\",\"inLanguage\":\"de\",\"@id\":\"https:\/\/dev6.erresse-shop.it\/de\/shop\/kuche\/zubehor-fur-die-kuche\/cookut-veganer-shaker-fuer-crepes-waffeln-und-pfannkuchen\/#primaryimage\",\"url\":\"https:\/\/i0.wp.com\/interpim.erresse-shop.it\/Import\/Prodotti\/cookut-vegan-miam.jpg?ssl=1\",\"contentUrl\":\"https:\/\/i0.wp.com\/interpim.erresse-shop.it\/Import\/Prodotti\/cookut-vegan-miam.jpg?ssl=1\"},{\"@type\":\"BreadcrumbList\",\"@id\":\"https:\/\/dev6.erresse-shop.it\/de\/shop\/kuche\/zubehor-fur-die-kuche\/cookut-veganer-shaker-fuer-crepes-waffeln-und-pfannkuchen\/#breadcrumb\",\"itemListElement\":[{\"@type\":\"ListItem\",\"position\":1,\"name\":\"Home\",\"item\":\"https:\/\/dev6.erresse-shop.it\/\"},{\"@type\":\"ListItem\",\"position\":2,\"name\":\"Shop\",\"item\":\"https:\/\/dev6.erresse-shop.it\/shop\/\"},{\"@type\":\"ListItem\",\"position\":3,\"name\":\"COOKUT Veganer Shaker f\u00fcr Crepes, Waffeln und Pfannkuchen\"}]},{\"@type\":\"WebSite\",\"@id\":\"https:\/\/dev6.erresse-shop.it\/#website\",\"url\":\"https:\/\/dev6.erresse-shop.it\/\",\"name\":\"Erresse Shop\",\"description\":\"\",\"publisher\":{\"@id\":\"https:\/\/dev6.erresse-shop.it\/#organization\"},\"potentialAction\":[{\"@type\":\"SearchAction\",\"target\":{\"@type\":\"EntryPoint\",\"urlTemplate\":\"https:\/\/dev6.erresse-shop.it\/?s={search_term_string}\"},\"query-input\":{\"@type\":\"PropertyValueSpecification\",\"valueRequired\":true,\"valueName\":\"search_term_string\"}}],\"inLanguage\":\"de\"},{\"@type\":\"Organization\",\"@id\":\"https:\/\/dev6.erresse-shop.it\/#organization\",\"name\":\"Erresse Shop\",\"url\":\"https:\/\/dev6.erresse-shop.it\/\",\"logo\":{\"@type\":\"ImageObject\",\"inLanguage\":\"de\",\"@id\":\"https:\/\/dev6.erresse-shop.it\/#\/schema\/logo\/image\/\",\"url\":\"https:\/\/dev6.erresse-shop.it\/wp-content\/uploads\/2025\/01\/LOGO-ERRESSE-CLASSICO.svg\",\"contentUrl\":\"https:\/\/dev6.erresse-shop.it\/wp-content\/uploads\/2025\/01\/LOGO-ERRESSE-CLASSICO.svg\",\"caption\":\"Erresse Shop\"},\"image\":{\"@id\":\"https:\/\/dev6.erresse-shop.it\/#\/schema\/logo\/image\/\"}}]}<\/script>\n<!-- \/ Yoast SEO plugin. -->","yoast_head_json":{"title":"COOKUT Veganer Shaker f\u00fcr Crepes, Waffeln und Pfannkuchen - dev6 Erresse","description":"Super praktisch! Keine Rezepte mehr, Roboter, Waage, Schneebesen, Salatsch\u00fcssel oder Kelle! Befolgen Sie einfach das Rezept f\u00fcr vegane Pfannkuchen mit den","robots":{"index":"noindex","follow":"follow","max-snippet":"max-snippet:-1","max-image-preview":"max-image-preview:large","max-video-preview":"max-video-preview:-1"},"og_locale":"de_DE","og_type":"article","og_title":"COOKUT Veganer Shaker f\u00fcr Crepes, Waffeln und Pfannkuchen - dev6 Erresse","og_description":"Super praktisch! Keine Rezepte mehr, Roboter, Waage, Schneebesen, Salatsch\u00fcssel oder Kelle! Befolgen Sie einfach das Rezept f\u00fcr vegane Pfannkuchen mit den","og_url":"https:\/\/dev6.erresse-shop.it\/de\/shop\/kuche\/zubehor-fur-die-kuche\/cookut-veganer-shaker-fuer-crepes-waffeln-und-pfannkuchen\/","og_site_name":"dev6 Erresse","og_image":[{"url":"https:\/\/interpim.erresse-shop.it\/Import\/Prodotti\/cookut-vegan-miam.jpg","type":"","width":"","height":""},{"url":"https:\/\/interpim.erresse-shop.it\/Import\/Prodotti\/cookut-vegan-miam.jpg","width":1024,"height":1024,"type":"image\/jpeg"}],"twitter_card":"summary_large_image","twitter_image":"https:\/\/interpim.erresse-shop.it\/Import\/Prodotti\/cookut-vegan-miam.jpg","schema":{"@context":"https:\/\/schema.org","@graph":[{"@type":"WebPage","@id":"https:\/\/dev6.erresse-shop.it\/de\/shop\/kuche\/zubehor-fur-die-kuche\/cookut-veganer-shaker-fuer-crepes-waffeln-und-pfannkuchen\/","url":"https:\/\/dev6.erresse-shop.it\/de\/shop\/kuche\/zubehor-fur-die-kuche\/cookut-veganer-shaker-fuer-crepes-waffeln-und-pfannkuchen\/","name":"COOKUT Veganer Shaker f\u00fcr Crepes, Waffeln und Pfannkuchen - dev6 Erresse","isPartOf":{"@id":"https:\/\/dev6.erresse-shop.it\/#website"},"primaryImageOfPage":{"@id":"https:\/\/dev6.erresse-shop.it\/de\/shop\/kuche\/zubehor-fur-die-kuche\/cookut-veganer-shaker-fuer-crepes-waffeln-und-pfannkuchen\/#primaryimage"},"image":{"@id":"https:\/\/dev6.erresse-shop.it\/de\/shop\/kuche\/zubehor-fur-die-kuche\/cookut-veganer-shaker-fuer-crepes-waffeln-und-pfannkuchen\/#primaryimage"},"thumbnailUrl":"https:\/\/i0.wp.com\/interpim.erresse-shop.it\/Import\/Prodotti\/cookut-vegan-miam.jpg?ssl=1","datePublished":"2026-04-12T12:49:36+00:00","description":"Super praktisch! Keine Rezepte mehr, Roboter, Waage, Schneebesen, Salatsch\u00fcssel oder Kelle! Befolgen Sie einfach das Rezept f\u00fcr vegane Pfannkuchen mit den","breadcrumb":{"@id":"https:\/\/dev6.erresse-shop.it\/de\/shop\/kuche\/zubehor-fur-die-kuche\/cookut-veganer-shaker-fuer-crepes-waffeln-und-pfannkuchen\/#breadcrumb"},"inLanguage":"de","potentialAction":[{"@type":"ReadAction","target":["https:\/\/dev6.erresse-shop.it\/de\/shop\/kuche\/zubehor-fur-die-kuche\/cookut-veganer-shaker-fuer-crepes-waffeln-und-pfannkuchen\/"]}]},{"@type":"ImageObject","inLanguage":"de","@id":"https:\/\/dev6.erresse-shop.it\/de\/shop\/kuche\/zubehor-fur-die-kuche\/cookut-veganer-shaker-fuer-crepes-waffeln-und-pfannkuchen\/#primaryimage","url":"https:\/\/i0.wp.com\/interpim.erresse-shop.it\/Import\/Prodotti\/cookut-vegan-miam.jpg?ssl=1","contentUrl":"https:\/\/i0.wp.com\/interpim.erresse-shop.it\/Import\/Prodotti\/cookut-vegan-miam.jpg?ssl=1"},{"@type":"BreadcrumbList","@id":"https:\/\/dev6.erresse-shop.it\/de\/shop\/kuche\/zubehor-fur-die-kuche\/cookut-veganer-shaker-fuer-crepes-waffeln-und-pfannkuchen\/#breadcrumb","itemListElement":[{"@type":"ListItem","position":1,"name":"Home","item":"https:\/\/dev6.erresse-shop.it\/"},{"@type":"ListItem","position":2,"name":"Shop","item":"https:\/\/dev6.erresse-shop.it\/shop\/"},{"@type":"ListItem","position":3,"name":"COOKUT Veganer Shaker f\u00fcr Crepes, Waffeln und Pfannkuchen"}]},{"@type":"WebSite","@id":"https:\/\/dev6.erresse-shop.it\/#website","url":"https:\/\/dev6.erresse-shop.it\/","name":"Erresse Shop","description":"","publisher":{"@id":"https:\/\/dev6.erresse-shop.it\/#organization"},"potentialAction":[{"@type":"SearchAction","target":{"@type":"EntryPoint","urlTemplate":"https:\/\/dev6.erresse-shop.it\/?s={search_term_string}"},"query-input":{"@type":"PropertyValueSpecification","valueRequired":true,"valueName":"search_term_string"}}],"inLanguage":"de"},{"@type":"Organization","@id":"https:\/\/dev6.erresse-shop.it\/#organization","name":"Erresse Shop","url":"https:\/\/dev6.erresse-shop.it\/","logo":{"@type":"ImageObject","inLanguage":"de","@id":"https:\/\/dev6.erresse-shop.it\/#\/schema\/logo\/image\/","url":"https:\/\/dev6.erresse-shop.it\/wp-content\/uploads\/2025\/01\/LOGO-ERRESSE-CLASSICO.svg","contentUrl":"https:\/\/dev6.erresse-shop.it\/wp-content\/uploads\/2025\/01\/LOGO-ERRESSE-CLASSICO.svg","caption":"Erresse Shop"},"image":{"@id":"https:\/\/dev6.erresse-shop.it\/#\/schema\/logo\/image\/"}}]}},"df_price":20.61,"df_sale_price":20.61,"df_regular_price":22.9,"df_image_link":"https:\/\/i0.wp.com\/interpim.erresse-shop.it\/Import\/Prodotti\/cookut-vegan-miam.jpg?resize=300,300&ssl=1","fifu_image_url":"https:\/\/interpim.erresse-shop.it\/Import\/Prodotti\/cookut-vegan-miam.jpg","_links":{"self":[{"href":"https:\/\/dev6.erresse-shop.it\/de\/wp-json\/wp\/v2\/product\/53480","targetHints":{"allow":["GET"]}}],"collection":[{"href":"https:\/\/dev6.erresse-shop.it\/de\/wp-json\/wp\/v2\/product"}],"about":[{"href":"https:\/\/dev6.erresse-shop.it\/de\/wp-json\/wp\/v2\/types\/product"}],"wp:featuredmedia":[{"embeddable":true,"href":"https:\/\/dev6.erresse-shop.it\/de\/wp-json\/wp\/v2\/media\/6381390"}],"wp:attachment":[{"href":"https:\/\/dev6.erresse-shop.it\/de\/wp-json\/wp\/v2\/media?parent=53480"}],"wp:term":[{"taxonomy":"product_cat","embeddable":true,"href":"https:\/\/dev6.erresse-shop.it\/de\/wp-json\/wp\/v2\/product_cat?post=53480"},{"taxonomy":"product_tag","embeddable":true,"href":"https:\/\/dev6.erresse-shop.it\/de\/wp-json\/wp\/v2\/product_tag?post=53480"}],"curies":[{"name":"wp","href":"https:\/\/api.w.org\/{rel}","templated":true}]}}