{"id":53478,"date":"2026-04-12T14:49:36","date_gmt":"2026-04-12T12:49:36","guid":{"rendered":"https:\/\/dev6.erresse-shop.it\/shop\/unkategorisiert\/cookut-shaker-fuer-crepes-waffeln-und-pfannkuchen\/"},"modified":"2025-09-14T03:41:47","modified_gmt":"2025-09-14T01:41:47","slug":"cookut-shaker-fuer-crepes-waffeln-und-pfannkuchen","status":"publish","type":"product","link":"https:\/\/dev6.erresse-shop.it\/de\/shop\/kuche\/zubehor-fur-die-kuche\/cookut-shaker-fuer-crepes-waffeln-und-pfannkuchen\/","title":{"rendered":"COOKUT Shaker f\u00fcr Crepes, Waffeln und Pfannkuchen"},"content":{"rendered":"<p>Der Shaker f\u00fcr Pfannkuchen und Cr\u00eapes ist Ihr neuer Verb\u00fcndeter in der K\u00fcche, um schnell Ihre Lieblingsdolinen zuzubereiten, als Dessert oder als Snack zu genie\u00dfen.<\/p>\n<p>Wie man es benutzt: Sie brauchen keinen Roboter, keine Waage, keinen Schneebesen oder eine Kelle. Folgen Sie einfach den Mengen der Zutaten, die auf dem 80-cl-Glas f\u00fcr Milch, Mehl und Eier angegeben sind. Sch\u00fctteln Sie einige Sekunden und Sie haben einen Teig ohne Klumpen, bereit, in die Pfanne gegossen zu werden. Der Shaker ist auch perfekt, um den restlichen Teig im K\u00fchlschrank zu lagern und am n\u00e4chsten Tag zu verwenden. Materialien: Glas, Metall, PP In der Verpackung: Messbecher aus Glas, Deckel mit Ausguss, Filter gegen Klumpen, Metallspirale gegen Klumpen Einheitsgr\u00f6\u00dfe (cm): 22 x 9 Reinigung: sp\u00fclmaschinenfest<\/p>\n<p>Waschbar in der Sp\u00fclmaschine.<\/p>\n","protected":false},"excerpt":{"rendered":"<p>Der Shaker f\u00fcr Pfannkuchen und Cr\u00eapes ist Ihr neuer Verb\u00fcndeter in der K\u00fcche, um schnell Ihre Lieblingsdolinen zuzubereiten, als Dessert oder als Snack zu genie\u00dfen. Wie man es benutzt: Sie brauchen keinen Roboter, keine Waage, keinen Schneebesen oder eine Kelle. Folgen Sie einfach den Mengen der Zutaten, die auf dem 80-cl-Glas f\u00fcr Milch, Mehl und [&hellip;]<\/p>\n","protected":false},"featured_media":6381383,"template":"","meta":{"_acf_changed":false},"product_cat":[11733,11668,12100,12165],"product_tag":[],"class_list":{"0":"post-53478","1":"product","2":"type-product","3":"status-publish","4":"has-post-thumbnail","6":"product_cat-accessori-cucina","7":"product_cat-cucina","8":"product_cat-kuche","9":"product_cat-zubehor-fur-die-kuche","11":"first","12":"instock","13":"taxable","14":"shipping-taxable","15":"purchasable","16":"product-type-simple","swatches":"rey-swatches","show_selected":"","stretch_labels":"rey-swatches--stretch-labels"},"acf":[],"yoast_head":"<!-- This site is optimized with the Yoast SEO plugin v25.4 - https:\/\/yoast.com\/wordpress\/plugins\/seo\/ -->\n<title>COOKUT Shaker f\u00fcr Crepes, Waffeln und Pfannkuchen - dev6 Erresse<\/title>\n<meta name=\"description\" content=\"Der Shaker f\u00fcr Pfannkuchen und Cr\u00eapes ist Ihr neuer Verb\u00fcndeter in der K\u00fcche, um schnell Ihre Lieblingsdolinen zuzubereiten, als Dessert oder als Snack zu\" \/>\n<meta name=\"robots\" content=\"noindex, follow, max-snippet:-1, max-image-preview:large, max-video-preview:-1\" \/>\n<meta property=\"og:locale\" content=\"de_DE\" \/>\n<meta property=\"og:type\" content=\"article\" \/>\n<meta property=\"og:title\" content=\"COOKUT Shaker f\u00fcr Crepes, Waffeln und Pfannkuchen - dev6 Erresse\" \/>\n<meta property=\"og:description\" content=\"Der Shaker f\u00fcr Pfannkuchen und Cr\u00eapes ist Ihr neuer Verb\u00fcndeter in der K\u00fcche, um schnell Ihre Lieblingsdolinen zuzubereiten, als Dessert oder als Snack zu\" \/>\n<meta property=\"og:url\" content=\"https:\/\/dev6.erresse-shop.it\/de\/shop\/kuche\/zubehor-fur-die-kuche\/cookut-shaker-fuer-crepes-waffeln-und-pfannkuchen\/\" \/>\n<meta property=\"og:site_name\" content=\"dev6 Erresse\" \/>\n<meta property=\"og:image\" content=\"https:\/\/interpim.erresse-shop.it\/Import\/Prodotti\/cookut-shaker-crepes1.jpg\" \/><meta property=\"og:image\" content=\"https:\/\/interpim.erresse-shop.it\/Import\/Prodotti\/cookut-shaker-crepes1.jpg\" \/>\n\t<meta property=\"og:image:width\" content=\"1024\" \/>\n\t<meta property=\"og:image:height\" content=\"1024\" \/>\n\t<meta property=\"og:image:type\" content=\"image\/jpeg\" \/>\n<meta name=\"twitter:card\" content=\"summary_large_image\" \/>\n<meta name=\"twitter:image\" content=\"https:\/\/interpim.erresse-shop.it\/Import\/Prodotti\/cookut-shaker-crepes1.jpg\" \/>\n<script type=\"application\/ld+json\" class=\"yoast-schema-graph\">{\"@context\":\"https:\/\/schema.org\",\"@graph\":[{\"@type\":\"WebPage\",\"@id\":\"https:\/\/dev6.erresse-shop.it\/de\/shop\/kuche\/zubehor-fur-die-kuche\/cookut-shaker-fuer-crepes-waffeln-und-pfannkuchen\/\",\"url\":\"https:\/\/dev6.erresse-shop.it\/de\/shop\/kuche\/zubehor-fur-die-kuche\/cookut-shaker-fuer-crepes-waffeln-und-pfannkuchen\/\",\"name\":\"COOKUT Shaker f\u00fcr Crepes, Waffeln und Pfannkuchen - dev6 Erresse\",\"isPartOf\":{\"@id\":\"https:\/\/dev6.erresse-shop.it\/#website\"},\"primaryImageOfPage\":{\"@id\":\"https:\/\/dev6.erresse-shop.it\/de\/shop\/kuche\/zubehor-fur-die-kuche\/cookut-shaker-fuer-crepes-waffeln-und-pfannkuchen\/#primaryimage\"},\"image\":{\"@id\":\"https:\/\/dev6.erresse-shop.it\/de\/shop\/kuche\/zubehor-fur-die-kuche\/cookut-shaker-fuer-crepes-waffeln-und-pfannkuchen\/#primaryimage\"},\"thumbnailUrl\":\"https:\/\/i2.wp.com\/interpim.erresse-shop.it\/Import\/Prodotti\/cookut-shaker-crepes1.jpg?ssl=1\",\"datePublished\":\"2026-04-12T12:49:36+00:00\",\"description\":\"Der Shaker f\u00fcr Pfannkuchen und Cr\u00eapes ist Ihr neuer Verb\u00fcndeter in der K\u00fcche, um schnell Ihre Lieblingsdolinen zuzubereiten, als Dessert oder als Snack zu\",\"breadcrumb\":{\"@id\":\"https:\/\/dev6.erresse-shop.it\/de\/shop\/kuche\/zubehor-fur-die-kuche\/cookut-shaker-fuer-crepes-waffeln-und-pfannkuchen\/#breadcrumb\"},\"inLanguage\":\"de\",\"potentialAction\":[{\"@type\":\"ReadAction\",\"target\":[\"https:\/\/dev6.erresse-shop.it\/de\/shop\/kuche\/zubehor-fur-die-kuche\/cookut-shaker-fuer-crepes-waffeln-und-pfannkuchen\/\"]}]},{\"@type\":\"ImageObject\",\"inLanguage\":\"de\",\"@id\":\"https:\/\/dev6.erresse-shop.it\/de\/shop\/kuche\/zubehor-fur-die-kuche\/cookut-shaker-fuer-crepes-waffeln-und-pfannkuchen\/#primaryimage\",\"url\":\"https:\/\/i2.wp.com\/interpim.erresse-shop.it\/Import\/Prodotti\/cookut-shaker-crepes1.jpg?ssl=1\",\"contentUrl\":\"https:\/\/i2.wp.com\/interpim.erresse-shop.it\/Import\/Prodotti\/cookut-shaker-crepes1.jpg?ssl=1\"},{\"@type\":\"BreadcrumbList\",\"@id\":\"https:\/\/dev6.erresse-shop.it\/de\/shop\/kuche\/zubehor-fur-die-kuche\/cookut-shaker-fuer-crepes-waffeln-und-pfannkuchen\/#breadcrumb\",\"itemListElement\":[{\"@type\":\"ListItem\",\"position\":1,\"name\":\"Home\",\"item\":\"https:\/\/dev6.erresse-shop.it\/\"},{\"@type\":\"ListItem\",\"position\":2,\"name\":\"Shop\",\"item\":\"https:\/\/dev6.erresse-shop.it\/shop\/\"},{\"@type\":\"ListItem\",\"position\":3,\"name\":\"COOKUT Shaker f\u00fcr Crepes, Waffeln und Pfannkuchen\"}]},{\"@type\":\"WebSite\",\"@id\":\"https:\/\/dev6.erresse-shop.it\/#website\",\"url\":\"https:\/\/dev6.erresse-shop.it\/\",\"name\":\"Erresse Shop\",\"description\":\"\",\"publisher\":{\"@id\":\"https:\/\/dev6.erresse-shop.it\/#organization\"},\"potentialAction\":[{\"@type\":\"SearchAction\",\"target\":{\"@type\":\"EntryPoint\",\"urlTemplate\":\"https:\/\/dev6.erresse-shop.it\/?s={search_term_string}\"},\"query-input\":{\"@type\":\"PropertyValueSpecification\",\"valueRequired\":true,\"valueName\":\"search_term_string\"}}],\"inLanguage\":\"de\"},{\"@type\":\"Organization\",\"@id\":\"https:\/\/dev6.erresse-shop.it\/#organization\",\"name\":\"Erresse Shop\",\"url\":\"https:\/\/dev6.erresse-shop.it\/\",\"logo\":{\"@type\":\"ImageObject\",\"inLanguage\":\"de\",\"@id\":\"https:\/\/dev6.erresse-shop.it\/#\/schema\/logo\/image\/\",\"url\":\"https:\/\/dev6.erresse-shop.it\/wp-content\/uploads\/2025\/01\/LOGO-ERRESSE-CLASSICO.svg\",\"contentUrl\":\"https:\/\/dev6.erresse-shop.it\/wp-content\/uploads\/2025\/01\/LOGO-ERRESSE-CLASSICO.svg\",\"caption\":\"Erresse Shop\"},\"image\":{\"@id\":\"https:\/\/dev6.erresse-shop.it\/#\/schema\/logo\/image\/\"}}]}<\/script>\n<!-- \/ Yoast SEO plugin. -->","yoast_head_json":{"title":"COOKUT Shaker f\u00fcr Crepes, Waffeln und Pfannkuchen - dev6 Erresse","description":"Der Shaker f\u00fcr Pfannkuchen und Cr\u00eapes ist Ihr neuer Verb\u00fcndeter in der K\u00fcche, um schnell Ihre Lieblingsdolinen zuzubereiten, als Dessert oder als Snack zu","robots":{"index":"noindex","follow":"follow","max-snippet":"max-snippet:-1","max-image-preview":"max-image-preview:large","max-video-preview":"max-video-preview:-1"},"og_locale":"de_DE","og_type":"article","og_title":"COOKUT Shaker f\u00fcr Crepes, Waffeln und Pfannkuchen - dev6 Erresse","og_description":"Der Shaker f\u00fcr Pfannkuchen und Cr\u00eapes ist Ihr neuer Verb\u00fcndeter in der K\u00fcche, um schnell Ihre Lieblingsdolinen zuzubereiten, als Dessert oder als Snack zu","og_url":"https:\/\/dev6.erresse-shop.it\/de\/shop\/kuche\/zubehor-fur-die-kuche\/cookut-shaker-fuer-crepes-waffeln-und-pfannkuchen\/","og_site_name":"dev6 Erresse","og_image":[{"url":"https:\/\/interpim.erresse-shop.it\/Import\/Prodotti\/cookut-shaker-crepes1.jpg","type":"","width":"","height":""},{"url":"https:\/\/interpim.erresse-shop.it\/Import\/Prodotti\/cookut-shaker-crepes1.jpg","width":1024,"height":1024,"type":"image\/jpeg"}],"twitter_card":"summary_large_image","twitter_image":"https:\/\/interpim.erresse-shop.it\/Import\/Prodotti\/cookut-shaker-crepes1.jpg","schema":{"@context":"https:\/\/schema.org","@graph":[{"@type":"WebPage","@id":"https:\/\/dev6.erresse-shop.it\/de\/shop\/kuche\/zubehor-fur-die-kuche\/cookut-shaker-fuer-crepes-waffeln-und-pfannkuchen\/","url":"https:\/\/dev6.erresse-shop.it\/de\/shop\/kuche\/zubehor-fur-die-kuche\/cookut-shaker-fuer-crepes-waffeln-und-pfannkuchen\/","name":"COOKUT Shaker f\u00fcr Crepes, Waffeln und Pfannkuchen - dev6 Erresse","isPartOf":{"@id":"https:\/\/dev6.erresse-shop.it\/#website"},"primaryImageOfPage":{"@id":"https:\/\/dev6.erresse-shop.it\/de\/shop\/kuche\/zubehor-fur-die-kuche\/cookut-shaker-fuer-crepes-waffeln-und-pfannkuchen\/#primaryimage"},"image":{"@id":"https:\/\/dev6.erresse-shop.it\/de\/shop\/kuche\/zubehor-fur-die-kuche\/cookut-shaker-fuer-crepes-waffeln-und-pfannkuchen\/#primaryimage"},"thumbnailUrl":"https:\/\/i2.wp.com\/interpim.erresse-shop.it\/Import\/Prodotti\/cookut-shaker-crepes1.jpg?ssl=1","datePublished":"2026-04-12T12:49:36+00:00","description":"Der Shaker f\u00fcr Pfannkuchen und Cr\u00eapes ist Ihr neuer Verb\u00fcndeter in der K\u00fcche, um schnell Ihre Lieblingsdolinen zuzubereiten, als Dessert oder als Snack zu","breadcrumb":{"@id":"https:\/\/dev6.erresse-shop.it\/de\/shop\/kuche\/zubehor-fur-die-kuche\/cookut-shaker-fuer-crepes-waffeln-und-pfannkuchen\/#breadcrumb"},"inLanguage":"de","potentialAction":[{"@type":"ReadAction","target":["https:\/\/dev6.erresse-shop.it\/de\/shop\/kuche\/zubehor-fur-die-kuche\/cookut-shaker-fuer-crepes-waffeln-und-pfannkuchen\/"]}]},{"@type":"ImageObject","inLanguage":"de","@id":"https:\/\/dev6.erresse-shop.it\/de\/shop\/kuche\/zubehor-fur-die-kuche\/cookut-shaker-fuer-crepes-waffeln-und-pfannkuchen\/#primaryimage","url":"https:\/\/i2.wp.com\/interpim.erresse-shop.it\/Import\/Prodotti\/cookut-shaker-crepes1.jpg?ssl=1","contentUrl":"https:\/\/i2.wp.com\/interpim.erresse-shop.it\/Import\/Prodotti\/cookut-shaker-crepes1.jpg?ssl=1"},{"@type":"BreadcrumbList","@id":"https:\/\/dev6.erresse-shop.it\/de\/shop\/kuche\/zubehor-fur-die-kuche\/cookut-shaker-fuer-crepes-waffeln-und-pfannkuchen\/#breadcrumb","itemListElement":[{"@type":"ListItem","position":1,"name":"Home","item":"https:\/\/dev6.erresse-shop.it\/"},{"@type":"ListItem","position":2,"name":"Shop","item":"https:\/\/dev6.erresse-shop.it\/shop\/"},{"@type":"ListItem","position":3,"name":"COOKUT Shaker f\u00fcr Crepes, Waffeln und Pfannkuchen"}]},{"@type":"WebSite","@id":"https:\/\/dev6.erresse-shop.it\/#website","url":"https:\/\/dev6.erresse-shop.it\/","name":"Erresse Shop","description":"","publisher":{"@id":"https:\/\/dev6.erresse-shop.it\/#organization"},"potentialAction":[{"@type":"SearchAction","target":{"@type":"EntryPoint","urlTemplate":"https:\/\/dev6.erresse-shop.it\/?s={search_term_string}"},"query-input":{"@type":"PropertyValueSpecification","valueRequired":true,"valueName":"search_term_string"}}],"inLanguage":"de"},{"@type":"Organization","@id":"https:\/\/dev6.erresse-shop.it\/#organization","name":"Erresse Shop","url":"https:\/\/dev6.erresse-shop.it\/","logo":{"@type":"ImageObject","inLanguage":"de","@id":"https:\/\/dev6.erresse-shop.it\/#\/schema\/logo\/image\/","url":"https:\/\/dev6.erresse-shop.it\/wp-content\/uploads\/2025\/01\/LOGO-ERRESSE-CLASSICO.svg","contentUrl":"https:\/\/dev6.erresse-shop.it\/wp-content\/uploads\/2025\/01\/LOGO-ERRESSE-CLASSICO.svg","caption":"Erresse Shop"},"image":{"@id":"https:\/\/dev6.erresse-shop.it\/#\/schema\/logo\/image\/"}}]}},"df_price":23,"df_sale_price":"","df_regular_price":23,"df_image_link":"https:\/\/i2.wp.com\/interpim.erresse-shop.it\/Import\/Prodotti\/cookut-shaker-crepes1.jpg?resize=300,300&ssl=1","fifu_image_url":"https:\/\/interpim.erresse-shop.it\/Import\/Prodotti\/cookut-shaker-crepes1.jpg","_links":{"self":[{"href":"https:\/\/dev6.erresse-shop.it\/de\/wp-json\/wp\/v2\/product\/53478","targetHints":{"allow":["GET"]}}],"collection":[{"href":"https:\/\/dev6.erresse-shop.it\/de\/wp-json\/wp\/v2\/product"}],"about":[{"href":"https:\/\/dev6.erresse-shop.it\/de\/wp-json\/wp\/v2\/types\/product"}],"wp:featuredmedia":[{"embeddable":true,"href":"https:\/\/dev6.erresse-shop.it\/de\/wp-json\/wp\/v2\/media\/6381383"}],"wp:attachment":[{"href":"https:\/\/dev6.erresse-shop.it\/de\/wp-json\/wp\/v2\/media?parent=53478"}],"wp:term":[{"taxonomy":"product_cat","embeddable":true,"href":"https:\/\/dev6.erresse-shop.it\/de\/wp-json\/wp\/v2\/product_cat?post=53478"},{"taxonomy":"product_tag","embeddable":true,"href":"https:\/\/dev6.erresse-shop.it\/de\/wp-json\/wp\/v2\/product_tag?post=53478"}],"curies":[{"name":"wp","href":"https:\/\/api.w.org\/{rel}","templated":true}]}}