{"id":53472,"date":"2026-04-12T10:01:59","date_gmt":"2026-04-12T08:01:59","guid":{"rendered":"https:\/\/dev6.erresse-shop.it\/shop\/unkategorisiert\/taitu-love-mood-teller-boden-22cm\/"},"modified":"2025-09-14T01:24:56","modified_gmt":"2025-09-13T23:24:56","slug":"taitu-love-mood-teller-boden-22cm","status":"publish","type":"product","link":"https:\/\/dev6.erresse-shop.it\/de\/shop\/tisch\/teller-geschirr\/taitu-love-mood-teller-boden-22cm\/","title":{"rendered":"TAIT\u00d9 Love Mood Teller Boden 22cm"},"content":{"rendered":"<p>Material: Feines Porzellan<\/p>\n<p>Liebe f\u00fcr Eleganz und Design: LOVE MOOD dr\u00fcckt in einer neuen Nuance die Vitalit\u00e4t und Energie von Rot aus, seit jeher die Symbolfarbe von TAIT\u00d9.<br \/>\nErstellen Sie ein einzigartiges MOOD, indem Sie die beiden Komplement\u00e4rfarben JOY und LOVE kombinieren.<\/p>\n<p>WARNUNGEN<br \/>\nDekoriert unter Nagellack.<br \/>\nGeschirrsp\u00fcler und Mikrowelle: Ja<\/p>\n","protected":false},"excerpt":{"rendered":"<p>Material: Feines Porzellan Liebe f\u00fcr Eleganz und Design: LOVE MOOD dr\u00fcckt in einer neuen Nuance die Vitalit\u00e4t und Energie von Rot aus, seit jeher die Symbolfarbe von TAIT\u00d9. Erstellen Sie ein einzigartiges MOOD, indem Sie die beiden Komplement\u00e4rfarben JOY und LOVE kombinieren. WARNUNGEN Dekoriert unter Nagellack. Geschirrsp\u00fcler und Mikrowelle: Ja<\/p>\n","protected":false},"featured_media":6364673,"template":"","meta":{"_acf_changed":false},"product_cat":[11671,12122,12103],"product_tag":[],"class_list":{"0":"post-53472","1":"product","2":"type-product","3":"status-publish","4":"has-post-thumbnail","6":"product_cat-tavola","7":"product_cat-teller-geschirr","8":"product_cat-tisch","10":"first","11":"instock","12":"sale","13":"taxable","14":"shipping-taxable","15":"purchasable","16":"product-type-simple","swatches":"rey-swatches","show_selected":"","stretch_labels":"rey-swatches--stretch-labels"},"acf":[],"yoast_head":"<!-- This site is optimized with the Yoast SEO plugin v25.4 - https:\/\/yoast.com\/wordpress\/plugins\/seo\/ -->\n<title>TAIT\u00d9 Love Mood Teller Boden 22cm - dev6 Erresse<\/title>\n<meta name=\"description\" content=\"Material: Feines Porzellan Liebe f\u00fcr Eleganz und Design: LOVE MOOD dr\u00fcckt in einer neuen Nuance die Vitalit\u00e4t und Energie von Rot aus, seit jeher die\" \/>\n<meta name=\"robots\" content=\"noindex, follow, max-snippet:-1, max-image-preview:large, max-video-preview:-1\" \/>\n<meta property=\"og:locale\" content=\"de_DE\" \/>\n<meta property=\"og:type\" content=\"article\" \/>\n<meta property=\"og:title\" content=\"TAIT\u00d9 Love Mood Teller Boden 22cm - dev6 Erresse\" \/>\n<meta property=\"og:description\" content=\"Material: Feines Porzellan Liebe f\u00fcr Eleganz und Design: LOVE MOOD dr\u00fcckt in einer neuen Nuance die Vitalit\u00e4t und Energie von Rot aus, seit jeher die\" \/>\n<meta property=\"og:url\" content=\"https:\/\/dev6.erresse-shop.it\/de\/shop\/tisch\/teller-geschirr\/taitu-love-mood-teller-boden-22cm\/\" \/>\n<meta property=\"og:site_name\" content=\"dev6 Erresse\" \/>\n<meta property=\"og:image\" content=\"https:\/\/interpim.erresse-shop.it\/img-catalogo\/taitu\/taitu-love-mood-piatto-fondo-22-cm.jpg\" \/><meta property=\"og:image\" content=\"https:\/\/interpim.erresse-shop.it\/img-catalogo\/taitu\/taitu-love-mood-piatto-fondo-22-cm.jpg\" \/>\n\t<meta property=\"og:image:width\" content=\"1024\" \/>\n\t<meta property=\"og:image:height\" content=\"1024\" \/>\n\t<meta property=\"og:image:type\" content=\"image\/jpeg\" \/>\n<meta name=\"twitter:card\" content=\"summary_large_image\" \/>\n<meta name=\"twitter:image\" content=\"https:\/\/interpim.erresse-shop.it\/img-catalogo\/taitu\/taitu-love-mood-piatto-fondo-22-cm.jpg\" \/>\n<script type=\"application\/ld+json\" class=\"yoast-schema-graph\">{\"@context\":\"https:\/\/schema.org\",\"@graph\":[{\"@type\":\"WebPage\",\"@id\":\"https:\/\/dev6.erresse-shop.it\/de\/shop\/tisch\/teller-geschirr\/taitu-love-mood-teller-boden-22cm\/\",\"url\":\"https:\/\/dev6.erresse-shop.it\/de\/shop\/tisch\/teller-geschirr\/taitu-love-mood-teller-boden-22cm\/\",\"name\":\"TAIT\u00d9 Love Mood Teller Boden 22cm - dev6 Erresse\",\"isPartOf\":{\"@id\":\"https:\/\/dev6.erresse-shop.it\/#website\"},\"primaryImageOfPage\":{\"@id\":\"https:\/\/dev6.erresse-shop.it\/de\/shop\/tisch\/teller-geschirr\/taitu-love-mood-teller-boden-22cm\/#primaryimage\"},\"image\":{\"@id\":\"https:\/\/dev6.erresse-shop.it\/de\/shop\/tisch\/teller-geschirr\/taitu-love-mood-teller-boden-22cm\/#primaryimage\"},\"thumbnailUrl\":\"https:\/\/i0.wp.com\/interpim.erresse-shop.it\/img-catalogo\/taitu\/taitu-love-mood-piatto-fondo-22-cm.jpg?ssl=1\",\"datePublished\":\"2026-04-12T08:01:59+00:00\",\"description\":\"Material: Feines Porzellan Liebe f\u00fcr Eleganz und Design: LOVE MOOD dr\u00fcckt in einer neuen Nuance die Vitalit\u00e4t und Energie von Rot aus, seit jeher die\",\"breadcrumb\":{\"@id\":\"https:\/\/dev6.erresse-shop.it\/de\/shop\/tisch\/teller-geschirr\/taitu-love-mood-teller-boden-22cm\/#breadcrumb\"},\"inLanguage\":\"de\",\"potentialAction\":[{\"@type\":\"ReadAction\",\"target\":[\"https:\/\/dev6.erresse-shop.it\/de\/shop\/tisch\/teller-geschirr\/taitu-love-mood-teller-boden-22cm\/\"]}]},{\"@type\":\"ImageObject\",\"inLanguage\":\"de\",\"@id\":\"https:\/\/dev6.erresse-shop.it\/de\/shop\/tisch\/teller-geschirr\/taitu-love-mood-teller-boden-22cm\/#primaryimage\",\"url\":\"https:\/\/i0.wp.com\/interpim.erresse-shop.it\/img-catalogo\/taitu\/taitu-love-mood-piatto-fondo-22-cm.jpg?ssl=1\",\"contentUrl\":\"https:\/\/i0.wp.com\/interpim.erresse-shop.it\/img-catalogo\/taitu\/taitu-love-mood-piatto-fondo-22-cm.jpg?ssl=1\"},{\"@type\":\"BreadcrumbList\",\"@id\":\"https:\/\/dev6.erresse-shop.it\/de\/shop\/tisch\/teller-geschirr\/taitu-love-mood-teller-boden-22cm\/#breadcrumb\",\"itemListElement\":[{\"@type\":\"ListItem\",\"position\":1,\"name\":\"Home\",\"item\":\"https:\/\/dev6.erresse-shop.it\/\"},{\"@type\":\"ListItem\",\"position\":2,\"name\":\"Shop\",\"item\":\"https:\/\/dev6.erresse-shop.it\/shop\/\"},{\"@type\":\"ListItem\",\"position\":3,\"name\":\"TAIT\u00d9 Love Mood Teller Boden 22cm\"}]},{\"@type\":\"WebSite\",\"@id\":\"https:\/\/dev6.erresse-shop.it\/#website\",\"url\":\"https:\/\/dev6.erresse-shop.it\/\",\"name\":\"Erresse Shop\",\"description\":\"\",\"publisher\":{\"@id\":\"https:\/\/dev6.erresse-shop.it\/#organization\"},\"potentialAction\":[{\"@type\":\"SearchAction\",\"target\":{\"@type\":\"EntryPoint\",\"urlTemplate\":\"https:\/\/dev6.erresse-shop.it\/?s={search_term_string}\"},\"query-input\":{\"@type\":\"PropertyValueSpecification\",\"valueRequired\":true,\"valueName\":\"search_term_string\"}}],\"inLanguage\":\"de\"},{\"@type\":\"Organization\",\"@id\":\"https:\/\/dev6.erresse-shop.it\/#organization\",\"name\":\"Erresse Shop\",\"url\":\"https:\/\/dev6.erresse-shop.it\/\",\"logo\":{\"@type\":\"ImageObject\",\"inLanguage\":\"de\",\"@id\":\"https:\/\/dev6.erresse-shop.it\/#\/schema\/logo\/image\/\",\"url\":\"https:\/\/dev6.erresse-shop.it\/wp-content\/uploads\/2025\/01\/LOGO-ERRESSE-CLASSICO.svg\",\"contentUrl\":\"https:\/\/dev6.erresse-shop.it\/wp-content\/uploads\/2025\/01\/LOGO-ERRESSE-CLASSICO.svg\",\"caption\":\"Erresse Shop\"},\"image\":{\"@id\":\"https:\/\/dev6.erresse-shop.it\/#\/schema\/logo\/image\/\"}}]}<\/script>\n<!-- \/ Yoast SEO plugin. -->","yoast_head_json":{"title":"TAIT\u00d9 Love Mood Teller Boden 22cm - dev6 Erresse","description":"Material: Feines Porzellan Liebe f\u00fcr Eleganz und Design: LOVE MOOD dr\u00fcckt in einer neuen Nuance die Vitalit\u00e4t und Energie von Rot aus, seit jeher die","robots":{"index":"noindex","follow":"follow","max-snippet":"max-snippet:-1","max-image-preview":"max-image-preview:large","max-video-preview":"max-video-preview:-1"},"og_locale":"de_DE","og_type":"article","og_title":"TAIT\u00d9 Love Mood Teller Boden 22cm - dev6 Erresse","og_description":"Material: Feines Porzellan Liebe f\u00fcr Eleganz und Design: LOVE MOOD dr\u00fcckt in einer neuen Nuance die Vitalit\u00e4t und Energie von Rot aus, seit jeher die","og_url":"https:\/\/dev6.erresse-shop.it\/de\/shop\/tisch\/teller-geschirr\/taitu-love-mood-teller-boden-22cm\/","og_site_name":"dev6 Erresse","og_image":[{"url":"https:\/\/interpim.erresse-shop.it\/img-catalogo\/taitu\/taitu-love-mood-piatto-fondo-22-cm.jpg","type":"","width":"","height":""},{"url":"https:\/\/interpim.erresse-shop.it\/img-catalogo\/taitu\/taitu-love-mood-piatto-fondo-22-cm.jpg","width":1024,"height":1024,"type":"image\/jpeg"}],"twitter_card":"summary_large_image","twitter_image":"https:\/\/interpim.erresse-shop.it\/img-catalogo\/taitu\/taitu-love-mood-piatto-fondo-22-cm.jpg","schema":{"@context":"https:\/\/schema.org","@graph":[{"@type":"WebPage","@id":"https:\/\/dev6.erresse-shop.it\/de\/shop\/tisch\/teller-geschirr\/taitu-love-mood-teller-boden-22cm\/","url":"https:\/\/dev6.erresse-shop.it\/de\/shop\/tisch\/teller-geschirr\/taitu-love-mood-teller-boden-22cm\/","name":"TAIT\u00d9 Love Mood Teller Boden 22cm - dev6 Erresse","isPartOf":{"@id":"https:\/\/dev6.erresse-shop.it\/#website"},"primaryImageOfPage":{"@id":"https:\/\/dev6.erresse-shop.it\/de\/shop\/tisch\/teller-geschirr\/taitu-love-mood-teller-boden-22cm\/#primaryimage"},"image":{"@id":"https:\/\/dev6.erresse-shop.it\/de\/shop\/tisch\/teller-geschirr\/taitu-love-mood-teller-boden-22cm\/#primaryimage"},"thumbnailUrl":"https:\/\/i0.wp.com\/interpim.erresse-shop.it\/img-catalogo\/taitu\/taitu-love-mood-piatto-fondo-22-cm.jpg?ssl=1","datePublished":"2026-04-12T08:01:59+00:00","description":"Material: Feines Porzellan Liebe f\u00fcr Eleganz und Design: LOVE MOOD dr\u00fcckt in einer neuen Nuance die Vitalit\u00e4t und Energie von Rot aus, seit jeher die","breadcrumb":{"@id":"https:\/\/dev6.erresse-shop.it\/de\/shop\/tisch\/teller-geschirr\/taitu-love-mood-teller-boden-22cm\/#breadcrumb"},"inLanguage":"de","potentialAction":[{"@type":"ReadAction","target":["https:\/\/dev6.erresse-shop.it\/de\/shop\/tisch\/teller-geschirr\/taitu-love-mood-teller-boden-22cm\/"]}]},{"@type":"ImageObject","inLanguage":"de","@id":"https:\/\/dev6.erresse-shop.it\/de\/shop\/tisch\/teller-geschirr\/taitu-love-mood-teller-boden-22cm\/#primaryimage","url":"https:\/\/i0.wp.com\/interpim.erresse-shop.it\/img-catalogo\/taitu\/taitu-love-mood-piatto-fondo-22-cm.jpg?ssl=1","contentUrl":"https:\/\/i0.wp.com\/interpim.erresse-shop.it\/img-catalogo\/taitu\/taitu-love-mood-piatto-fondo-22-cm.jpg?ssl=1"},{"@type":"BreadcrumbList","@id":"https:\/\/dev6.erresse-shop.it\/de\/shop\/tisch\/teller-geschirr\/taitu-love-mood-teller-boden-22cm\/#breadcrumb","itemListElement":[{"@type":"ListItem","position":1,"name":"Home","item":"https:\/\/dev6.erresse-shop.it\/"},{"@type":"ListItem","position":2,"name":"Shop","item":"https:\/\/dev6.erresse-shop.it\/shop\/"},{"@type":"ListItem","position":3,"name":"TAIT\u00d9 Love Mood Teller Boden 22cm"}]},{"@type":"WebSite","@id":"https:\/\/dev6.erresse-shop.it\/#website","url":"https:\/\/dev6.erresse-shop.it\/","name":"Erresse Shop","description":"","publisher":{"@id":"https:\/\/dev6.erresse-shop.it\/#organization"},"potentialAction":[{"@type":"SearchAction","target":{"@type":"EntryPoint","urlTemplate":"https:\/\/dev6.erresse-shop.it\/?s={search_term_string}"},"query-input":{"@type":"PropertyValueSpecification","valueRequired":true,"valueName":"search_term_string"}}],"inLanguage":"de"},{"@type":"Organization","@id":"https:\/\/dev6.erresse-shop.it\/#organization","name":"Erresse Shop","url":"https:\/\/dev6.erresse-shop.it\/","logo":{"@type":"ImageObject","inLanguage":"de","@id":"https:\/\/dev6.erresse-shop.it\/#\/schema\/logo\/image\/","url":"https:\/\/dev6.erresse-shop.it\/wp-content\/uploads\/2025\/01\/LOGO-ERRESSE-CLASSICO.svg","contentUrl":"https:\/\/dev6.erresse-shop.it\/wp-content\/uploads\/2025\/01\/LOGO-ERRESSE-CLASSICO.svg","caption":"Erresse Shop"},"image":{"@id":"https:\/\/dev6.erresse-shop.it\/#\/schema\/logo\/image\/"}}]}},"df_price":80,"df_sale_price":80,"df_regular_price":100,"df_image_link":"https:\/\/i0.wp.com\/interpim.erresse-shop.it\/img-catalogo\/taitu\/taitu-love-mood-piatto-fondo-22-cm.jpg?resize=300,300&ssl=1","fifu_image_url":"https:\/\/interpim.erresse-shop.it\/img-catalogo\/taitu\/taitu-love-mood-piatto-fondo-22-cm.jpg","_links":{"self":[{"href":"https:\/\/dev6.erresse-shop.it\/de\/wp-json\/wp\/v2\/product\/53472","targetHints":{"allow":["GET"]}}],"collection":[{"href":"https:\/\/dev6.erresse-shop.it\/de\/wp-json\/wp\/v2\/product"}],"about":[{"href":"https:\/\/dev6.erresse-shop.it\/de\/wp-json\/wp\/v2\/types\/product"}],"wp:featuredmedia":[{"embeddable":true,"href":"https:\/\/dev6.erresse-shop.it\/de\/wp-json\/wp\/v2\/media\/6364673"}],"wp:attachment":[{"href":"https:\/\/dev6.erresse-shop.it\/de\/wp-json\/wp\/v2\/media?parent=53472"}],"wp:term":[{"taxonomy":"product_cat","embeddable":true,"href":"https:\/\/dev6.erresse-shop.it\/de\/wp-json\/wp\/v2\/product_cat?post=53472"},{"taxonomy":"product_tag","embeddable":true,"href":"https:\/\/dev6.erresse-shop.it\/de\/wp-json\/wp\/v2\/product_tag?post=53472"}],"curies":[{"name":"wp","href":"https:\/\/api.w.org\/{rel}","templated":true}]}}