{"id":53422,"date":"2026-04-12T10:01:59","date_gmt":"2026-04-12T08:01:59","guid":{"rendered":"https:\/\/dev6.erresse-shop.it\/shop\/unkategorisiert\/zafferano-poldina-pro-tischleuchte-schwarz-blatt-gold-farbe-craquele\/"},"modified":"2025-09-14T01:24:04","modified_gmt":"2025-09-13T23:24:04","slug":"zafferano-poldina-pro-tischleuchte-schwarz-blatt-gold-farbe-craquele","status":"publish","type":"product","link":"https:\/\/dev6.erresse-shop.it\/de\/shop\/einrichtung-haus\/lampen\/zafferano-poldina-pro-tischleuchte-schwarz-blatt-gold-farbe-craquele\/","title":{"rendered":"ZAFFERANO Poldina PRO Tischleuchte Schwarz Blatt Gold Farbe Craquel\u00e9"},"content":{"rendered":"<p>Wiederaufladbare Tischleuchte, einschlie\u00dflich Kontakt-Ladestation, mit lackiertem Aluminiumk\u00f6rper, Diffusor aus Polycarbonat und LED-Lichtquelle.<\/p>\n<p>Sie l\u00e4sst sich \u00fcber eine Touch-Taste am Lautsprecher ein-, ausschalten und dimmen und verf\u00fcgt \u00fcber eine Farbtemperaturwahlfunktion (2200K-2700K-3000K).<\/p>\n<p>Schutzart IP65.<\/p>\n<p>Die Batterielebensdauer betr\u00e4gt mindestens 12 Stunden.<\/p>\n<p>Lampen mit Blattfinish in Gold sind nicht f\u00fcr den Au\u00dfenbereich geeignet.<\/p>\n<p>Aufgrund der Technik, die bei der Verarbeitung mit Metallfolie angewendet wird, kann das endg\u00fcltige Aussehen der Lampe unterschiedlich sein. Eventuelle Abweichungen bezeugen den Wert und die Einzigartigkeit jeder Lampe und sollten nicht als M\u00e4ngel betrachtet werden.<\/p>\n<p>GR\u00d6SSEN<br \/>\nH\u00f6he: 380 mm<br \/>\nDurchmesser: 110 mm<\/p>\n","protected":false},"excerpt":{"rendered":"<p>Wiederaufladbare Tischleuchte, einschlie\u00dflich Kontakt-Ladestation, mit lackiertem Aluminiumk\u00f6rper, Diffusor aus Polycarbonat und LED-Lichtquelle. Sie l\u00e4sst sich \u00fcber eine Touch-Taste am Lautsprecher ein-, ausschalten und dimmen und verf\u00fcgt \u00fcber eine Farbtemperaturwahlfunktion (2200K-2700K-3000K). Schutzart IP65. Die Batterielebensdauer betr\u00e4gt mindestens 12 Stunden. Lampen mit Blattfinish in Gold sind nicht f\u00fcr den Au\u00dfenbereich geeignet. Aufgrund der Technik, die bei der [&hellip;]<\/p>\n","protected":false},"featured_media":6364598,"template":"","meta":{"_acf_changed":false},"product_cat":[11666,12098,12127],"product_tag":[],"class_list":{"0":"post-53422","1":"product","2":"type-product","3":"status-publish","4":"has-post-thumbnail","6":"product_cat-arredamento-casa","7":"product_cat-einrichtung-haus","8":"product_cat-lampen","10":"first","11":"instock","12":"sale","13":"taxable","14":"shipping-taxable","15":"purchasable","16":"product-type-simple","swatches":"rey-swatches","show_selected":"","stretch_labels":"rey-swatches--stretch-labels"},"acf":[],"yoast_head":"<!-- This site is optimized with the Yoast SEO plugin v25.4 - https:\/\/yoast.com\/wordpress\/plugins\/seo\/ -->\n<title>ZAFFERANO Poldina PRO Tischleuchte Schwarz Blatt Gold Farbe Craquel\u00e9 - dev6 Erresse<\/title>\n<meta name=\"description\" content=\"Wiederaufladbare Tischleuchte, einschlie\u00dflich Kontakt-Ladestation, mit lackiertem Aluminiumk\u00f6rper, Diffusor aus Polycarbonat und LED-Lichtquelle. Sie\" \/>\n<meta name=\"robots\" content=\"noindex, follow, max-snippet:-1, max-image-preview:large, max-video-preview:-1\" \/>\n<meta property=\"og:locale\" content=\"de_DE\" \/>\n<meta property=\"og:type\" content=\"article\" \/>\n<meta property=\"og:title\" content=\"ZAFFERANO Poldina PRO Tischleuchte Schwarz Blatt Gold Farbe Craquel\u00e9 - dev6 Erresse\" \/>\n<meta property=\"og:description\" content=\"Wiederaufladbare Tischleuchte, einschlie\u00dflich Kontakt-Ladestation, mit lackiertem Aluminiumk\u00f6rper, Diffusor aus Polycarbonat und LED-Lichtquelle. Sie\" \/>\n<meta property=\"og:url\" content=\"https:\/\/dev6.erresse-shop.it\/de\/shop\/einrichtung-haus\/lampen\/zafferano-poldina-pro-tischleuchte-schwarz-blatt-gold-farbe-craquele\/\" \/>\n<meta property=\"og:site_name\" content=\"dev6 Erresse\" \/>\n<meta property=\"og:image\" content=\"https:\/\/interpim.erresse-shop.it\/img-catalogo\/zafferano\/zafferano-poldina-nero-oro.jpg\" \/><meta property=\"og:image\" content=\"https:\/\/interpim.erresse-shop.it\/img-catalogo\/zafferano\/zafferano-poldina-nero-oro.jpg\" \/>\n\t<meta property=\"og:image:width\" content=\"1024\" \/>\n\t<meta property=\"og:image:height\" content=\"1024\" \/>\n\t<meta property=\"og:image:type\" content=\"image\/jpeg\" \/>\n<meta name=\"twitter:card\" content=\"summary_large_image\" \/>\n<meta name=\"twitter:image\" content=\"https:\/\/interpim.erresse-shop.it\/img-catalogo\/zafferano\/zafferano-poldina-nero-oro.jpg\" \/>\n<script type=\"application\/ld+json\" class=\"yoast-schema-graph\">{\"@context\":\"https:\/\/schema.org\",\"@graph\":[{\"@type\":\"WebPage\",\"@id\":\"https:\/\/dev6.erresse-shop.it\/de\/shop\/einrichtung-haus\/lampen\/zafferano-poldina-pro-tischleuchte-schwarz-blatt-gold-farbe-craquele\/\",\"url\":\"https:\/\/dev6.erresse-shop.it\/de\/shop\/einrichtung-haus\/lampen\/zafferano-poldina-pro-tischleuchte-schwarz-blatt-gold-farbe-craquele\/\",\"name\":\"ZAFFERANO Poldina PRO Tischleuchte Schwarz Blatt Gold Farbe Craquel\u00e9 - dev6 Erresse\",\"isPartOf\":{\"@id\":\"https:\/\/dev6.erresse-shop.it\/#website\"},\"primaryImageOfPage\":{\"@id\":\"https:\/\/dev6.erresse-shop.it\/de\/shop\/einrichtung-haus\/lampen\/zafferano-poldina-pro-tischleuchte-schwarz-blatt-gold-farbe-craquele\/#primaryimage\"},\"image\":{\"@id\":\"https:\/\/dev6.erresse-shop.it\/de\/shop\/einrichtung-haus\/lampen\/zafferano-poldina-pro-tischleuchte-schwarz-blatt-gold-farbe-craquele\/#primaryimage\"},\"thumbnailUrl\":\"https:\/\/i2.wp.com\/interpim.erresse-shop.it\/img-catalogo\/zafferano\/zafferano-poldina-nero-oro.jpg?ssl=1\",\"datePublished\":\"2026-04-12T08:01:59+00:00\",\"description\":\"Wiederaufladbare Tischleuchte, einschlie\u00dflich Kontakt-Ladestation, mit lackiertem Aluminiumk\u00f6rper, Diffusor aus Polycarbonat und LED-Lichtquelle. Sie\",\"breadcrumb\":{\"@id\":\"https:\/\/dev6.erresse-shop.it\/de\/shop\/einrichtung-haus\/lampen\/zafferano-poldina-pro-tischleuchte-schwarz-blatt-gold-farbe-craquele\/#breadcrumb\"},\"inLanguage\":\"de\",\"potentialAction\":[{\"@type\":\"ReadAction\",\"target\":[\"https:\/\/dev6.erresse-shop.it\/de\/shop\/einrichtung-haus\/lampen\/zafferano-poldina-pro-tischleuchte-schwarz-blatt-gold-farbe-craquele\/\"]}]},{\"@type\":\"ImageObject\",\"inLanguage\":\"de\",\"@id\":\"https:\/\/dev6.erresse-shop.it\/de\/shop\/einrichtung-haus\/lampen\/zafferano-poldina-pro-tischleuchte-schwarz-blatt-gold-farbe-craquele\/#primaryimage\",\"url\":\"https:\/\/i2.wp.com\/interpim.erresse-shop.it\/img-catalogo\/zafferano\/zafferano-poldina-nero-oro.jpg?ssl=1\",\"contentUrl\":\"https:\/\/i2.wp.com\/interpim.erresse-shop.it\/img-catalogo\/zafferano\/zafferano-poldina-nero-oro.jpg?ssl=1\"},{\"@type\":\"BreadcrumbList\",\"@id\":\"https:\/\/dev6.erresse-shop.it\/de\/shop\/einrichtung-haus\/lampen\/zafferano-poldina-pro-tischleuchte-schwarz-blatt-gold-farbe-craquele\/#breadcrumb\",\"itemListElement\":[{\"@type\":\"ListItem\",\"position\":1,\"name\":\"Home\",\"item\":\"https:\/\/dev6.erresse-shop.it\/\"},{\"@type\":\"ListItem\",\"position\":2,\"name\":\"Shop\",\"item\":\"https:\/\/dev6.erresse-shop.it\/shop\/\"},{\"@type\":\"ListItem\",\"position\":3,\"name\":\"ZAFFERANO Poldina PRO Tischleuchte Schwarz Blatt Gold Farbe Craquel\u00e9\"}]},{\"@type\":\"WebSite\",\"@id\":\"https:\/\/dev6.erresse-shop.it\/#website\",\"url\":\"https:\/\/dev6.erresse-shop.it\/\",\"name\":\"Erresse Shop\",\"description\":\"\",\"publisher\":{\"@id\":\"https:\/\/dev6.erresse-shop.it\/#organization\"},\"potentialAction\":[{\"@type\":\"SearchAction\",\"target\":{\"@type\":\"EntryPoint\",\"urlTemplate\":\"https:\/\/dev6.erresse-shop.it\/?s={search_term_string}\"},\"query-input\":{\"@type\":\"PropertyValueSpecification\",\"valueRequired\":true,\"valueName\":\"search_term_string\"}}],\"inLanguage\":\"de\"},{\"@type\":\"Organization\",\"@id\":\"https:\/\/dev6.erresse-shop.it\/#organization\",\"name\":\"Erresse Shop\",\"url\":\"https:\/\/dev6.erresse-shop.it\/\",\"logo\":{\"@type\":\"ImageObject\",\"inLanguage\":\"de\",\"@id\":\"https:\/\/dev6.erresse-shop.it\/#\/schema\/logo\/image\/\",\"url\":\"https:\/\/dev6.erresse-shop.it\/wp-content\/uploads\/2025\/01\/LOGO-ERRESSE-CLASSICO.svg\",\"contentUrl\":\"https:\/\/dev6.erresse-shop.it\/wp-content\/uploads\/2025\/01\/LOGO-ERRESSE-CLASSICO.svg\",\"caption\":\"Erresse Shop\"},\"image\":{\"@id\":\"https:\/\/dev6.erresse-shop.it\/#\/schema\/logo\/image\/\"}}]}<\/script>\n<!-- \/ Yoast SEO plugin. -->","yoast_head_json":{"title":"ZAFFERANO Poldina PRO Tischleuchte Schwarz Blatt Gold Farbe Craquel\u00e9 - dev6 Erresse","description":"Wiederaufladbare Tischleuchte, einschlie\u00dflich Kontakt-Ladestation, mit lackiertem Aluminiumk\u00f6rper, Diffusor aus Polycarbonat und LED-Lichtquelle. Sie","robots":{"index":"noindex","follow":"follow","max-snippet":"max-snippet:-1","max-image-preview":"max-image-preview:large","max-video-preview":"max-video-preview:-1"},"og_locale":"de_DE","og_type":"article","og_title":"ZAFFERANO Poldina PRO Tischleuchte Schwarz Blatt Gold Farbe Craquel\u00e9 - dev6 Erresse","og_description":"Wiederaufladbare Tischleuchte, einschlie\u00dflich Kontakt-Ladestation, mit lackiertem Aluminiumk\u00f6rper, Diffusor aus Polycarbonat und LED-Lichtquelle. Sie","og_url":"https:\/\/dev6.erresse-shop.it\/de\/shop\/einrichtung-haus\/lampen\/zafferano-poldina-pro-tischleuchte-schwarz-blatt-gold-farbe-craquele\/","og_site_name":"dev6 Erresse","og_image":[{"url":"https:\/\/interpim.erresse-shop.it\/img-catalogo\/zafferano\/zafferano-poldina-nero-oro.jpg","type":"","width":"","height":""},{"url":"https:\/\/interpim.erresse-shop.it\/img-catalogo\/zafferano\/zafferano-poldina-nero-oro.jpg","width":1024,"height":1024,"type":"image\/jpeg"}],"twitter_card":"summary_large_image","twitter_image":"https:\/\/interpim.erresse-shop.it\/img-catalogo\/zafferano\/zafferano-poldina-nero-oro.jpg","schema":{"@context":"https:\/\/schema.org","@graph":[{"@type":"WebPage","@id":"https:\/\/dev6.erresse-shop.it\/de\/shop\/einrichtung-haus\/lampen\/zafferano-poldina-pro-tischleuchte-schwarz-blatt-gold-farbe-craquele\/","url":"https:\/\/dev6.erresse-shop.it\/de\/shop\/einrichtung-haus\/lampen\/zafferano-poldina-pro-tischleuchte-schwarz-blatt-gold-farbe-craquele\/","name":"ZAFFERANO Poldina PRO Tischleuchte Schwarz Blatt Gold Farbe Craquel\u00e9 - dev6 Erresse","isPartOf":{"@id":"https:\/\/dev6.erresse-shop.it\/#website"},"primaryImageOfPage":{"@id":"https:\/\/dev6.erresse-shop.it\/de\/shop\/einrichtung-haus\/lampen\/zafferano-poldina-pro-tischleuchte-schwarz-blatt-gold-farbe-craquele\/#primaryimage"},"image":{"@id":"https:\/\/dev6.erresse-shop.it\/de\/shop\/einrichtung-haus\/lampen\/zafferano-poldina-pro-tischleuchte-schwarz-blatt-gold-farbe-craquele\/#primaryimage"},"thumbnailUrl":"https:\/\/i2.wp.com\/interpim.erresse-shop.it\/img-catalogo\/zafferano\/zafferano-poldina-nero-oro.jpg?ssl=1","datePublished":"2026-04-12T08:01:59+00:00","description":"Wiederaufladbare Tischleuchte, einschlie\u00dflich Kontakt-Ladestation, mit lackiertem Aluminiumk\u00f6rper, Diffusor aus Polycarbonat und LED-Lichtquelle. Sie","breadcrumb":{"@id":"https:\/\/dev6.erresse-shop.it\/de\/shop\/einrichtung-haus\/lampen\/zafferano-poldina-pro-tischleuchte-schwarz-blatt-gold-farbe-craquele\/#breadcrumb"},"inLanguage":"de","potentialAction":[{"@type":"ReadAction","target":["https:\/\/dev6.erresse-shop.it\/de\/shop\/einrichtung-haus\/lampen\/zafferano-poldina-pro-tischleuchte-schwarz-blatt-gold-farbe-craquele\/"]}]},{"@type":"ImageObject","inLanguage":"de","@id":"https:\/\/dev6.erresse-shop.it\/de\/shop\/einrichtung-haus\/lampen\/zafferano-poldina-pro-tischleuchte-schwarz-blatt-gold-farbe-craquele\/#primaryimage","url":"https:\/\/i2.wp.com\/interpim.erresse-shop.it\/img-catalogo\/zafferano\/zafferano-poldina-nero-oro.jpg?ssl=1","contentUrl":"https:\/\/i2.wp.com\/interpim.erresse-shop.it\/img-catalogo\/zafferano\/zafferano-poldina-nero-oro.jpg?ssl=1"},{"@type":"BreadcrumbList","@id":"https:\/\/dev6.erresse-shop.it\/de\/shop\/einrichtung-haus\/lampen\/zafferano-poldina-pro-tischleuchte-schwarz-blatt-gold-farbe-craquele\/#breadcrumb","itemListElement":[{"@type":"ListItem","position":1,"name":"Home","item":"https:\/\/dev6.erresse-shop.it\/"},{"@type":"ListItem","position":2,"name":"Shop","item":"https:\/\/dev6.erresse-shop.it\/shop\/"},{"@type":"ListItem","position":3,"name":"ZAFFERANO Poldina PRO Tischleuchte Schwarz Blatt Gold Farbe Craquel\u00e9"}]},{"@type":"WebSite","@id":"https:\/\/dev6.erresse-shop.it\/#website","url":"https:\/\/dev6.erresse-shop.it\/","name":"Erresse Shop","description":"","publisher":{"@id":"https:\/\/dev6.erresse-shop.it\/#organization"},"potentialAction":[{"@type":"SearchAction","target":{"@type":"EntryPoint","urlTemplate":"https:\/\/dev6.erresse-shop.it\/?s={search_term_string}"},"query-input":{"@type":"PropertyValueSpecification","valueRequired":true,"valueName":"search_term_string"}}],"inLanguage":"de"},{"@type":"Organization","@id":"https:\/\/dev6.erresse-shop.it\/#organization","name":"Erresse Shop","url":"https:\/\/dev6.erresse-shop.it\/","logo":{"@type":"ImageObject","inLanguage":"de","@id":"https:\/\/dev6.erresse-shop.it\/#\/schema\/logo\/image\/","url":"https:\/\/dev6.erresse-shop.it\/wp-content\/uploads\/2025\/01\/LOGO-ERRESSE-CLASSICO.svg","contentUrl":"https:\/\/dev6.erresse-shop.it\/wp-content\/uploads\/2025\/01\/LOGO-ERRESSE-CLASSICO.svg","caption":"Erresse Shop"},"image":{"@id":"https:\/\/dev6.erresse-shop.it\/#\/schema\/logo\/image\/"}}]}},"df_price":199,"df_sale_price":199,"df_regular_price":262,"df_image_link":"https:\/\/i2.wp.com\/interpim.erresse-shop.it\/img-catalogo\/zafferano\/zafferano-poldina-nero-oro.jpg?resize=300,300&ssl=1","fifu_image_url":"https:\/\/interpim.erresse-shop.it\/img-catalogo\/zafferano\/zafferano-poldina-nero-oro.jpg","_links":{"self":[{"href":"https:\/\/dev6.erresse-shop.it\/de\/wp-json\/wp\/v2\/product\/53422","targetHints":{"allow":["GET"]}}],"collection":[{"href":"https:\/\/dev6.erresse-shop.it\/de\/wp-json\/wp\/v2\/product"}],"about":[{"href":"https:\/\/dev6.erresse-shop.it\/de\/wp-json\/wp\/v2\/types\/product"}],"wp:featuredmedia":[{"embeddable":true,"href":"https:\/\/dev6.erresse-shop.it\/de\/wp-json\/wp\/v2\/media\/6364598"}],"wp:attachment":[{"href":"https:\/\/dev6.erresse-shop.it\/de\/wp-json\/wp\/v2\/media?parent=53422"}],"wp:term":[{"taxonomy":"product_cat","embeddable":true,"href":"https:\/\/dev6.erresse-shop.it\/de\/wp-json\/wp\/v2\/product_cat?post=53422"},{"taxonomy":"product_tag","embeddable":true,"href":"https:\/\/dev6.erresse-shop.it\/de\/wp-json\/wp\/v2\/product_tag?post=53422"}],"curies":[{"name":"wp","href":"https:\/\/api.w.org\/{rel}","templated":true}]}}