{"id":53352,"date":"2026-04-12T10:00:23","date_gmt":"2026-04-12T08:00:23","guid":{"rendered":"https:\/\/dev6.erresse-shop.it\/shop\/unkategorisiert\/guzzini-ninfea-waeschekorb-grau\/"},"modified":"2025-09-14T01:23:21","modified_gmt":"2025-09-13T23:23:21","slug":"guzzini-ninfea-waeschekorb-grau","status":"publish","type":"product","link":"https:\/\/dev6.erresse-shop.it\/de\/shop\/einrichtung-haus\/badezimmer\/guzzini-ninfea-waeschekorb-grau\/","title":{"rendered":"GUZZINI Ninfea W\u00e4schekorb Grau"},"content":{"rendered":"<p>Der ger\u00e4umige W\u00e4schekorb Ninfea passt mit seinen harmonischen und beruhigenden Linien in jede Inneneinrichtung. Das Vorhandensein von \u00d6ffnungen und der Deckel sorgen f\u00fcr eine gute Funktionalit\u00e4t durch eine kontinuierliche Bel\u00fcftung des Inhalts. Die Besonderheit der Form und die edlen Farben, in denen er angeboten wird, machen ihn zu einem vielseitigen und n\u00fctzlichen Objekt f\u00fcr verschiedene Verwendungszwecke. Er besteht aus recyceltem Kunststoff und ist antibakteriell.<\/p>\n<p>Detail Farbe: Grau<br \/>\nAbmessungen: \u00f843 x h65 cm<br \/>\nFassungsverm\u00f6gen: 63 Liter<br \/>\nMaterial: 100% recycelter Kunststoff<br \/>\nDesigner: Roberto Giacomucci<\/p>\n","protected":false},"excerpt":{"rendered":"<p>Der ger\u00e4umige W\u00e4schekorb Ninfea passt mit seinen harmonischen und beruhigenden Linien in jede Inneneinrichtung. Das Vorhandensein von \u00d6ffnungen und der Deckel sorgen f\u00fcr eine gute Funktionalit\u00e4t durch eine kontinuierliche Bel\u00fcftung des Inhalts. Die Besonderheit der Form und die edlen Farben, in denen er angeboten wird, machen ihn zu einem vielseitigen und n\u00fctzlichen Objekt f\u00fcr verschiedene [&hellip;]<\/p>\n","protected":false},"featured_media":6364446,"template":"","meta":{"_acf_changed":false},"product_cat":[12182,12098],"product_tag":[],"class_list":{"0":"post-53352","1":"product","2":"type-product","3":"status-publish","4":"has-post-thumbnail","6":"product_cat-badezimmer","7":"product_cat-einrichtung-haus","9":"first","10":"instock","11":"sale","12":"taxable","13":"shipping-taxable","14":"purchasable","15":"product-type-simple","swatches":"rey-swatches","show_selected":"","stretch_labels":"rey-swatches--stretch-labels"},"acf":[],"yoast_head":"<!-- This site is optimized with the Yoast SEO plugin v25.4 - https:\/\/yoast.com\/wordpress\/plugins\/seo\/ -->\n<title>GUZZINI Ninfea W\u00e4schekorb Grau - dev6 Erresse<\/title>\n<meta name=\"description\" content=\"Der ger\u00e4umige W\u00e4schekorb Ninfea passt mit seinen harmonischen und beruhigenden Linien in jede Inneneinrichtung. Das Vorhandensein von \u00d6ffnungen und der\" \/>\n<meta name=\"robots\" content=\"noindex, follow, max-snippet:-1, max-image-preview:large, max-video-preview:-1\" \/>\n<meta property=\"og:locale\" content=\"de_DE\" \/>\n<meta property=\"og:type\" content=\"article\" \/>\n<meta property=\"og:title\" content=\"GUZZINI Ninfea W\u00e4schekorb Grau - dev6 Erresse\" \/>\n<meta property=\"og:description\" content=\"Der ger\u00e4umige W\u00e4schekorb Ninfea passt mit seinen harmonischen und beruhigenden Linien in jede Inneneinrichtung. Das Vorhandensein von \u00d6ffnungen und der\" \/>\n<meta property=\"og:url\" content=\"https:\/\/dev6.erresse-shop.it\/de\/shop\/einrichtung-haus\/badezimmer\/guzzini-ninfea-waeschekorb-grau\/\" \/>\n<meta property=\"og:site_name\" content=\"dev6 Erresse\" \/>\n<meta property=\"og:image\" content=\"https:\/\/interpim.erresse-shop.it\/Import\/Prodotti\/guzzini-ninfea-portabiancheria-grigio.jpg\" \/><meta property=\"og:image\" content=\"https:\/\/interpim.erresse-shop.it\/Import\/Prodotti\/guzzini-ninfea-portabiancheria-grigio.jpg\" \/>\n\t<meta property=\"og:image:width\" content=\"1024\" \/>\n\t<meta property=\"og:image:height\" content=\"1024\" \/>\n\t<meta property=\"og:image:type\" content=\"image\/jpeg\" \/>\n<meta name=\"twitter:card\" content=\"summary_large_image\" \/>\n<meta name=\"twitter:image\" content=\"https:\/\/interpim.erresse-shop.it\/Import\/Prodotti\/guzzini-ninfea-portabiancheria-grigio.jpg\" \/>\n<script type=\"application\/ld+json\" class=\"yoast-schema-graph\">{\"@context\":\"https:\/\/schema.org\",\"@graph\":[{\"@type\":\"WebPage\",\"@id\":\"https:\/\/dev6.erresse-shop.it\/de\/shop\/einrichtung-haus\/badezimmer\/guzzini-ninfea-waeschekorb-grau\/\",\"url\":\"https:\/\/dev6.erresse-shop.it\/de\/shop\/einrichtung-haus\/badezimmer\/guzzini-ninfea-waeschekorb-grau\/\",\"name\":\"GUZZINI Ninfea W\u00e4schekorb Grau - dev6 Erresse\",\"isPartOf\":{\"@id\":\"https:\/\/dev6.erresse-shop.it\/#website\"},\"primaryImageOfPage\":{\"@id\":\"https:\/\/dev6.erresse-shop.it\/de\/shop\/einrichtung-haus\/badezimmer\/guzzini-ninfea-waeschekorb-grau\/#primaryimage\"},\"image\":{\"@id\":\"https:\/\/dev6.erresse-shop.it\/de\/shop\/einrichtung-haus\/badezimmer\/guzzini-ninfea-waeschekorb-grau\/#primaryimage\"},\"thumbnailUrl\":\"https:\/\/i2.wp.com\/interpim.erresse-shop.it\/Import\/Prodotti\/guzzini-ninfea-portabiancheria-grigio.jpg?ssl=1\",\"datePublished\":\"2026-04-12T08:00:23+00:00\",\"description\":\"Der ger\u00e4umige W\u00e4schekorb Ninfea passt mit seinen harmonischen und beruhigenden Linien in jede Inneneinrichtung. Das Vorhandensein von \u00d6ffnungen und der\",\"breadcrumb\":{\"@id\":\"https:\/\/dev6.erresse-shop.it\/de\/shop\/einrichtung-haus\/badezimmer\/guzzini-ninfea-waeschekorb-grau\/#breadcrumb\"},\"inLanguage\":\"de\",\"potentialAction\":[{\"@type\":\"ReadAction\",\"target\":[\"https:\/\/dev6.erresse-shop.it\/de\/shop\/einrichtung-haus\/badezimmer\/guzzini-ninfea-waeschekorb-grau\/\"]}]},{\"@type\":\"ImageObject\",\"inLanguage\":\"de\",\"@id\":\"https:\/\/dev6.erresse-shop.it\/de\/shop\/einrichtung-haus\/badezimmer\/guzzini-ninfea-waeschekorb-grau\/#primaryimage\",\"url\":\"https:\/\/i2.wp.com\/interpim.erresse-shop.it\/Import\/Prodotti\/guzzini-ninfea-portabiancheria-grigio.jpg?ssl=1\",\"contentUrl\":\"https:\/\/i2.wp.com\/interpim.erresse-shop.it\/Import\/Prodotti\/guzzini-ninfea-portabiancheria-grigio.jpg?ssl=1\"},{\"@type\":\"BreadcrumbList\",\"@id\":\"https:\/\/dev6.erresse-shop.it\/de\/shop\/einrichtung-haus\/badezimmer\/guzzini-ninfea-waeschekorb-grau\/#breadcrumb\",\"itemListElement\":[{\"@type\":\"ListItem\",\"position\":1,\"name\":\"Home\",\"item\":\"https:\/\/dev6.erresse-shop.it\/\"},{\"@type\":\"ListItem\",\"position\":2,\"name\":\"Shop\",\"item\":\"https:\/\/dev6.erresse-shop.it\/shop\/\"},{\"@type\":\"ListItem\",\"position\":3,\"name\":\"GUZZINI Ninfea W\u00e4schekorb Grau\"}]},{\"@type\":\"WebSite\",\"@id\":\"https:\/\/dev6.erresse-shop.it\/#website\",\"url\":\"https:\/\/dev6.erresse-shop.it\/\",\"name\":\"Erresse Shop\",\"description\":\"\",\"publisher\":{\"@id\":\"https:\/\/dev6.erresse-shop.it\/#organization\"},\"potentialAction\":[{\"@type\":\"SearchAction\",\"target\":{\"@type\":\"EntryPoint\",\"urlTemplate\":\"https:\/\/dev6.erresse-shop.it\/?s={search_term_string}\"},\"query-input\":{\"@type\":\"PropertyValueSpecification\",\"valueRequired\":true,\"valueName\":\"search_term_string\"}}],\"inLanguage\":\"de\"},{\"@type\":\"Organization\",\"@id\":\"https:\/\/dev6.erresse-shop.it\/#organization\",\"name\":\"Erresse Shop\",\"url\":\"https:\/\/dev6.erresse-shop.it\/\",\"logo\":{\"@type\":\"ImageObject\",\"inLanguage\":\"de\",\"@id\":\"https:\/\/dev6.erresse-shop.it\/#\/schema\/logo\/image\/\",\"url\":\"https:\/\/dev6.erresse-shop.it\/wp-content\/uploads\/2025\/01\/LOGO-ERRESSE-CLASSICO.svg\",\"contentUrl\":\"https:\/\/dev6.erresse-shop.it\/wp-content\/uploads\/2025\/01\/LOGO-ERRESSE-CLASSICO.svg\",\"caption\":\"Erresse Shop\"},\"image\":{\"@id\":\"https:\/\/dev6.erresse-shop.it\/#\/schema\/logo\/image\/\"}}]}<\/script>\n<!-- \/ Yoast SEO plugin. -->","yoast_head_json":{"title":"GUZZINI Ninfea W\u00e4schekorb Grau - dev6 Erresse","description":"Der ger\u00e4umige W\u00e4schekorb Ninfea passt mit seinen harmonischen und beruhigenden Linien in jede Inneneinrichtung. Das Vorhandensein von \u00d6ffnungen und der","robots":{"index":"noindex","follow":"follow","max-snippet":"max-snippet:-1","max-image-preview":"max-image-preview:large","max-video-preview":"max-video-preview:-1"},"og_locale":"de_DE","og_type":"article","og_title":"GUZZINI Ninfea W\u00e4schekorb Grau - dev6 Erresse","og_description":"Der ger\u00e4umige W\u00e4schekorb Ninfea passt mit seinen harmonischen und beruhigenden Linien in jede Inneneinrichtung. Das Vorhandensein von \u00d6ffnungen und der","og_url":"https:\/\/dev6.erresse-shop.it\/de\/shop\/einrichtung-haus\/badezimmer\/guzzini-ninfea-waeschekorb-grau\/","og_site_name":"dev6 Erresse","og_image":[{"url":"https:\/\/interpim.erresse-shop.it\/Import\/Prodotti\/guzzini-ninfea-portabiancheria-grigio.jpg","type":"","width":"","height":""},{"url":"https:\/\/interpim.erresse-shop.it\/Import\/Prodotti\/guzzini-ninfea-portabiancheria-grigio.jpg","width":1024,"height":1024,"type":"image\/jpeg"}],"twitter_card":"summary_large_image","twitter_image":"https:\/\/interpim.erresse-shop.it\/Import\/Prodotti\/guzzini-ninfea-portabiancheria-grigio.jpg","schema":{"@context":"https:\/\/schema.org","@graph":[{"@type":"WebPage","@id":"https:\/\/dev6.erresse-shop.it\/de\/shop\/einrichtung-haus\/badezimmer\/guzzini-ninfea-waeschekorb-grau\/","url":"https:\/\/dev6.erresse-shop.it\/de\/shop\/einrichtung-haus\/badezimmer\/guzzini-ninfea-waeschekorb-grau\/","name":"GUZZINI Ninfea W\u00e4schekorb Grau - dev6 Erresse","isPartOf":{"@id":"https:\/\/dev6.erresse-shop.it\/#website"},"primaryImageOfPage":{"@id":"https:\/\/dev6.erresse-shop.it\/de\/shop\/einrichtung-haus\/badezimmer\/guzzini-ninfea-waeschekorb-grau\/#primaryimage"},"image":{"@id":"https:\/\/dev6.erresse-shop.it\/de\/shop\/einrichtung-haus\/badezimmer\/guzzini-ninfea-waeschekorb-grau\/#primaryimage"},"thumbnailUrl":"https:\/\/i2.wp.com\/interpim.erresse-shop.it\/Import\/Prodotti\/guzzini-ninfea-portabiancheria-grigio.jpg?ssl=1","datePublished":"2026-04-12T08:00:23+00:00","description":"Der ger\u00e4umige W\u00e4schekorb Ninfea passt mit seinen harmonischen und beruhigenden Linien in jede Inneneinrichtung. Das Vorhandensein von \u00d6ffnungen und der","breadcrumb":{"@id":"https:\/\/dev6.erresse-shop.it\/de\/shop\/einrichtung-haus\/badezimmer\/guzzini-ninfea-waeschekorb-grau\/#breadcrumb"},"inLanguage":"de","potentialAction":[{"@type":"ReadAction","target":["https:\/\/dev6.erresse-shop.it\/de\/shop\/einrichtung-haus\/badezimmer\/guzzini-ninfea-waeschekorb-grau\/"]}]},{"@type":"ImageObject","inLanguage":"de","@id":"https:\/\/dev6.erresse-shop.it\/de\/shop\/einrichtung-haus\/badezimmer\/guzzini-ninfea-waeschekorb-grau\/#primaryimage","url":"https:\/\/i2.wp.com\/interpim.erresse-shop.it\/Import\/Prodotti\/guzzini-ninfea-portabiancheria-grigio.jpg?ssl=1","contentUrl":"https:\/\/i2.wp.com\/interpim.erresse-shop.it\/Import\/Prodotti\/guzzini-ninfea-portabiancheria-grigio.jpg?ssl=1"},{"@type":"BreadcrumbList","@id":"https:\/\/dev6.erresse-shop.it\/de\/shop\/einrichtung-haus\/badezimmer\/guzzini-ninfea-waeschekorb-grau\/#breadcrumb","itemListElement":[{"@type":"ListItem","position":1,"name":"Home","item":"https:\/\/dev6.erresse-shop.it\/"},{"@type":"ListItem","position":2,"name":"Shop","item":"https:\/\/dev6.erresse-shop.it\/shop\/"},{"@type":"ListItem","position":3,"name":"GUZZINI Ninfea W\u00e4schekorb Grau"}]},{"@type":"WebSite","@id":"https:\/\/dev6.erresse-shop.it\/#website","url":"https:\/\/dev6.erresse-shop.it\/","name":"Erresse Shop","description":"","publisher":{"@id":"https:\/\/dev6.erresse-shop.it\/#organization"},"potentialAction":[{"@type":"SearchAction","target":{"@type":"EntryPoint","urlTemplate":"https:\/\/dev6.erresse-shop.it\/?s={search_term_string}"},"query-input":{"@type":"PropertyValueSpecification","valueRequired":true,"valueName":"search_term_string"}}],"inLanguage":"de"},{"@type":"Organization","@id":"https:\/\/dev6.erresse-shop.it\/#organization","name":"Erresse Shop","url":"https:\/\/dev6.erresse-shop.it\/","logo":{"@type":"ImageObject","inLanguage":"de","@id":"https:\/\/dev6.erresse-shop.it\/#\/schema\/logo\/image\/","url":"https:\/\/dev6.erresse-shop.it\/wp-content\/uploads\/2025\/01\/LOGO-ERRESSE-CLASSICO.svg","contentUrl":"https:\/\/dev6.erresse-shop.it\/wp-content\/uploads\/2025\/01\/LOGO-ERRESSE-CLASSICO.svg","caption":"Erresse Shop"},"image":{"@id":"https:\/\/dev6.erresse-shop.it\/#\/schema\/logo\/image\/"}}]}},"df_price":79,"df_sale_price":79,"df_regular_price":90.5,"df_image_link":"https:\/\/i2.wp.com\/interpim.erresse-shop.it\/Import\/Prodotti\/guzzini-ninfea-portabiancheria-grigio.jpg?resize=300,300&ssl=1","fifu_image_url":"https:\/\/interpim.erresse-shop.it\/Import\/Prodotti\/guzzini-ninfea-portabiancheria-grigio.jpg","_links":{"self":[{"href":"https:\/\/dev6.erresse-shop.it\/de\/wp-json\/wp\/v2\/product\/53352","targetHints":{"allow":["GET"]}}],"collection":[{"href":"https:\/\/dev6.erresse-shop.it\/de\/wp-json\/wp\/v2\/product"}],"about":[{"href":"https:\/\/dev6.erresse-shop.it\/de\/wp-json\/wp\/v2\/types\/product"}],"wp:featuredmedia":[{"embeddable":true,"href":"https:\/\/dev6.erresse-shop.it\/de\/wp-json\/wp\/v2\/media\/6364446"}],"wp:attachment":[{"href":"https:\/\/dev6.erresse-shop.it\/de\/wp-json\/wp\/v2\/media?parent=53352"}],"wp:term":[{"taxonomy":"product_cat","embeddable":true,"href":"https:\/\/dev6.erresse-shop.it\/de\/wp-json\/wp\/v2\/product_cat?post=53352"},{"taxonomy":"product_tag","embeddable":true,"href":"https:\/\/dev6.erresse-shop.it\/de\/wp-json\/wp\/v2\/product_tag?post=53352"}],"curies":[{"name":"wp","href":"https:\/\/api.w.org\/{rel}","templated":true}]}}