{"id":53280,"date":"2026-04-12T13:05:20","date_gmt":"2026-04-12T11:05:20","guid":{"rendered":"https:\/\/dev6.erresse-shop.it\/shop\/unkategorisiert\/le-creuset-potspans-reinigungscreme-250-ml\/"},"modified":"2025-09-14T02:59:49","modified_gmt":"2025-09-14T00:59:49","slug":"le-creuset-potspans-reinigungscreme-250-ml","status":"publish","type":"product","link":"https:\/\/dev6.erresse-shop.it\/de\/shop\/toepfe-pfannen\/zubehoer-topf-pfanne\/le-creuset-potspans-reinigungscreme-250-ml\/","title":{"rendered":"LE CREUSET Pots&#038;Pans Reinigungscreme 250 ml"},"content":{"rendered":"<p>Bringen Sie Ihre T\u00f6pfe und Pfannen aus verglastem Gusseisen mit unserem Spezialreiniger wieder zum Gl\u00e4nzen. Speziell f\u00fcr emailliertes und verglastes Kochgeschirr entwickelt. Die hochwirksame Formel sch\u00fctzt und reinigt Ihre Le Creuset T\u00f6pfe und Pfannen schonend, entfernt hartn\u00e4ckige Speisereste und verleiht ihnen einen neuen Glanz.<\/p>\n","protected":false},"excerpt":{"rendered":"<p>Bringen Sie Ihre T\u00f6pfe und Pfannen aus verglastem Gusseisen mit unserem Spezialreiniger wieder zum Gl\u00e4nzen. Speziell f\u00fcr emailliertes und verglastes Kochgeschirr entwickelt. Die hochwirksame Formel sch\u00fctzt und reinigt Ihre Le Creuset T\u00f6pfe und Pfannen schonend, entfernt hartn\u00e4ckige Speisereste und verleiht ihnen einen neuen Glanz.<\/p>\n","protected":false},"featured_media":6375961,"template":"","meta":{"_acf_changed":false},"product_cat":[12159,12099],"product_tag":[],"class_list":{"0":"post-53280","1":"product","2":"type-product","3":"status-publish","4":"has-post-thumbnail","6":"product_cat-zubehoer-topf-pfanne","7":"product_cat-toepfe-pfannen","9":"first","10":"instock","11":"taxable","12":"shipping-taxable","13":"purchasable","14":"product-type-simple","swatches":"rey-swatches","show_selected":"","stretch_labels":"rey-swatches--stretch-labels"},"acf":[],"yoast_head":"<!-- This site is optimized with the Yoast SEO plugin v25.4 - https:\/\/yoast.com\/wordpress\/plugins\/seo\/ -->\n<title>LE CREUSET Pots&#038;Pans Reinigungscreme 250 ml - dev6 Erresse<\/title>\n<meta name=\"description\" content=\"Bringen Sie Ihre T\u00f6pfe und Pfannen aus verglastem Gusseisen mit unserem Spezialreiniger wieder zum Gl\u00e4nzen. Speziell f\u00fcr emailliertes und verglastes\" \/>\n<meta name=\"robots\" content=\"noindex, follow, max-snippet:-1, max-image-preview:large, max-video-preview:-1\" \/>\n<meta property=\"og:locale\" content=\"de_DE\" \/>\n<meta property=\"og:type\" content=\"article\" \/>\n<meta property=\"og:title\" content=\"LE CREUSET Pots&#038;Pans Reinigungscreme 250 ml - dev6 Erresse\" \/>\n<meta property=\"og:description\" content=\"Bringen Sie Ihre T\u00f6pfe und Pfannen aus verglastem Gusseisen mit unserem Spezialreiniger wieder zum Gl\u00e4nzen. Speziell f\u00fcr emailliertes und verglastes\" \/>\n<meta property=\"og:url\" content=\"https:\/\/dev6.erresse-shop.it\/de\/shop\/toepfe-pfannen\/zubehoer-topf-pfanne\/le-creuset-potspans-reinigungscreme-250-ml\/\" \/>\n<meta property=\"og:site_name\" content=\"dev6 Erresse\" \/>\n<meta property=\"og:image\" content=\"https:\/\/interpim.erresse-shop.it\/Import\/Prodotti\/le-creuset-potspans-crema-pulente-250-ml.jpg\" \/><meta property=\"og:image\" content=\"https:\/\/interpim.erresse-shop.it\/Import\/Prodotti\/le-creuset-potspans-crema-pulente-250-ml.jpg\" \/>\n\t<meta property=\"og:image:width\" content=\"1024\" \/>\n\t<meta property=\"og:image:height\" content=\"1024\" \/>\n\t<meta property=\"og:image:type\" content=\"image\/jpeg\" \/>\n<meta name=\"twitter:card\" content=\"summary_large_image\" \/>\n<meta name=\"twitter:image\" content=\"https:\/\/interpim.erresse-shop.it\/Import\/Prodotti\/le-creuset-potspans-crema-pulente-250-ml.jpg\" \/>\n<script type=\"application\/ld+json\" class=\"yoast-schema-graph\">{\"@context\":\"https:\/\/schema.org\",\"@graph\":[{\"@type\":\"WebPage\",\"@id\":\"https:\/\/dev6.erresse-shop.it\/de\/shop\/toepfe-pfannen\/zubehoer-topf-pfanne\/le-creuset-potspans-reinigungscreme-250-ml\/\",\"url\":\"https:\/\/dev6.erresse-shop.it\/de\/shop\/toepfe-pfannen\/zubehoer-topf-pfanne\/le-creuset-potspans-reinigungscreme-250-ml\/\",\"name\":\"LE CREUSET Pots&#038;Pans Reinigungscreme 250 ml - dev6 Erresse\",\"isPartOf\":{\"@id\":\"https:\/\/dev6.erresse-shop.it\/#website\"},\"primaryImageOfPage\":{\"@id\":\"https:\/\/dev6.erresse-shop.it\/de\/shop\/toepfe-pfannen\/zubehoer-topf-pfanne\/le-creuset-potspans-reinigungscreme-250-ml\/#primaryimage\"},\"image\":{\"@id\":\"https:\/\/dev6.erresse-shop.it\/de\/shop\/toepfe-pfannen\/zubehoer-topf-pfanne\/le-creuset-potspans-reinigungscreme-250-ml\/#primaryimage\"},\"thumbnailUrl\":\"https:\/\/i1.wp.com\/interpim.erresse-shop.it\/Import\/Prodotti\/le-creuset-potspans-crema-pulente-250-ml.jpg?ssl=1\",\"datePublished\":\"2026-04-12T11:05:20+00:00\",\"description\":\"Bringen Sie Ihre T\u00f6pfe und Pfannen aus verglastem Gusseisen mit unserem Spezialreiniger wieder zum Gl\u00e4nzen. Speziell f\u00fcr emailliertes und verglastes\",\"breadcrumb\":{\"@id\":\"https:\/\/dev6.erresse-shop.it\/de\/shop\/toepfe-pfannen\/zubehoer-topf-pfanne\/le-creuset-potspans-reinigungscreme-250-ml\/#breadcrumb\"},\"inLanguage\":\"de\",\"potentialAction\":[{\"@type\":\"ReadAction\",\"target\":[\"https:\/\/dev6.erresse-shop.it\/de\/shop\/toepfe-pfannen\/zubehoer-topf-pfanne\/le-creuset-potspans-reinigungscreme-250-ml\/\"]}]},{\"@type\":\"ImageObject\",\"inLanguage\":\"de\",\"@id\":\"https:\/\/dev6.erresse-shop.it\/de\/shop\/toepfe-pfannen\/zubehoer-topf-pfanne\/le-creuset-potspans-reinigungscreme-250-ml\/#primaryimage\",\"url\":\"https:\/\/i1.wp.com\/interpim.erresse-shop.it\/Import\/Prodotti\/le-creuset-potspans-crema-pulente-250-ml.jpg?ssl=1\",\"contentUrl\":\"https:\/\/i1.wp.com\/interpim.erresse-shop.it\/Import\/Prodotti\/le-creuset-potspans-crema-pulente-250-ml.jpg?ssl=1\"},{\"@type\":\"BreadcrumbList\",\"@id\":\"https:\/\/dev6.erresse-shop.it\/de\/shop\/toepfe-pfannen\/zubehoer-topf-pfanne\/le-creuset-potspans-reinigungscreme-250-ml\/#breadcrumb\",\"itemListElement\":[{\"@type\":\"ListItem\",\"position\":1,\"name\":\"Home\",\"item\":\"https:\/\/dev6.erresse-shop.it\/\"},{\"@type\":\"ListItem\",\"position\":2,\"name\":\"Shop\",\"item\":\"https:\/\/dev6.erresse-shop.it\/shop\/\"},{\"@type\":\"ListItem\",\"position\":3,\"name\":\"LE CREUSET Pots&#038;Pans Reinigungscreme 250 ml\"}]},{\"@type\":\"WebSite\",\"@id\":\"https:\/\/dev6.erresse-shop.it\/#website\",\"url\":\"https:\/\/dev6.erresse-shop.it\/\",\"name\":\"Erresse Shop\",\"description\":\"\",\"publisher\":{\"@id\":\"https:\/\/dev6.erresse-shop.it\/#organization\"},\"potentialAction\":[{\"@type\":\"SearchAction\",\"target\":{\"@type\":\"EntryPoint\",\"urlTemplate\":\"https:\/\/dev6.erresse-shop.it\/?s={search_term_string}\"},\"query-input\":{\"@type\":\"PropertyValueSpecification\",\"valueRequired\":true,\"valueName\":\"search_term_string\"}}],\"inLanguage\":\"de\"},{\"@type\":\"Organization\",\"@id\":\"https:\/\/dev6.erresse-shop.it\/#organization\",\"name\":\"Erresse Shop\",\"url\":\"https:\/\/dev6.erresse-shop.it\/\",\"logo\":{\"@type\":\"ImageObject\",\"inLanguage\":\"de\",\"@id\":\"https:\/\/dev6.erresse-shop.it\/#\/schema\/logo\/image\/\",\"url\":\"https:\/\/dev6.erresse-shop.it\/wp-content\/uploads\/2025\/01\/LOGO-ERRESSE-CLASSICO.svg\",\"contentUrl\":\"https:\/\/dev6.erresse-shop.it\/wp-content\/uploads\/2025\/01\/LOGO-ERRESSE-CLASSICO.svg\",\"caption\":\"Erresse Shop\"},\"image\":{\"@id\":\"https:\/\/dev6.erresse-shop.it\/#\/schema\/logo\/image\/\"}}]}<\/script>\n<!-- \/ Yoast SEO plugin. -->","yoast_head_json":{"title":"LE CREUSET Pots&#038;Pans Reinigungscreme 250 ml - dev6 Erresse","description":"Bringen Sie Ihre T\u00f6pfe und Pfannen aus verglastem Gusseisen mit unserem Spezialreiniger wieder zum Gl\u00e4nzen. Speziell f\u00fcr emailliertes und verglastes","robots":{"index":"noindex","follow":"follow","max-snippet":"max-snippet:-1","max-image-preview":"max-image-preview:large","max-video-preview":"max-video-preview:-1"},"og_locale":"de_DE","og_type":"article","og_title":"LE CREUSET Pots&#038;Pans Reinigungscreme 250 ml - dev6 Erresse","og_description":"Bringen Sie Ihre T\u00f6pfe und Pfannen aus verglastem Gusseisen mit unserem Spezialreiniger wieder zum Gl\u00e4nzen. Speziell f\u00fcr emailliertes und verglastes","og_url":"https:\/\/dev6.erresse-shop.it\/de\/shop\/toepfe-pfannen\/zubehoer-topf-pfanne\/le-creuset-potspans-reinigungscreme-250-ml\/","og_site_name":"dev6 Erresse","og_image":[{"url":"https:\/\/interpim.erresse-shop.it\/Import\/Prodotti\/le-creuset-potspans-crema-pulente-250-ml.jpg","type":"","width":"","height":""},{"url":"https:\/\/interpim.erresse-shop.it\/Import\/Prodotti\/le-creuset-potspans-crema-pulente-250-ml.jpg","width":1024,"height":1024,"type":"image\/jpeg"}],"twitter_card":"summary_large_image","twitter_image":"https:\/\/interpim.erresse-shop.it\/Import\/Prodotti\/le-creuset-potspans-crema-pulente-250-ml.jpg","schema":{"@context":"https:\/\/schema.org","@graph":[{"@type":"WebPage","@id":"https:\/\/dev6.erresse-shop.it\/de\/shop\/toepfe-pfannen\/zubehoer-topf-pfanne\/le-creuset-potspans-reinigungscreme-250-ml\/","url":"https:\/\/dev6.erresse-shop.it\/de\/shop\/toepfe-pfannen\/zubehoer-topf-pfanne\/le-creuset-potspans-reinigungscreme-250-ml\/","name":"LE CREUSET Pots&#038;Pans Reinigungscreme 250 ml - dev6 Erresse","isPartOf":{"@id":"https:\/\/dev6.erresse-shop.it\/#website"},"primaryImageOfPage":{"@id":"https:\/\/dev6.erresse-shop.it\/de\/shop\/toepfe-pfannen\/zubehoer-topf-pfanne\/le-creuset-potspans-reinigungscreme-250-ml\/#primaryimage"},"image":{"@id":"https:\/\/dev6.erresse-shop.it\/de\/shop\/toepfe-pfannen\/zubehoer-topf-pfanne\/le-creuset-potspans-reinigungscreme-250-ml\/#primaryimage"},"thumbnailUrl":"https:\/\/i1.wp.com\/interpim.erresse-shop.it\/Import\/Prodotti\/le-creuset-potspans-crema-pulente-250-ml.jpg?ssl=1","datePublished":"2026-04-12T11:05:20+00:00","description":"Bringen Sie Ihre T\u00f6pfe und Pfannen aus verglastem Gusseisen mit unserem Spezialreiniger wieder zum Gl\u00e4nzen. Speziell f\u00fcr emailliertes und verglastes","breadcrumb":{"@id":"https:\/\/dev6.erresse-shop.it\/de\/shop\/toepfe-pfannen\/zubehoer-topf-pfanne\/le-creuset-potspans-reinigungscreme-250-ml\/#breadcrumb"},"inLanguage":"de","potentialAction":[{"@type":"ReadAction","target":["https:\/\/dev6.erresse-shop.it\/de\/shop\/toepfe-pfannen\/zubehoer-topf-pfanne\/le-creuset-potspans-reinigungscreme-250-ml\/"]}]},{"@type":"ImageObject","inLanguage":"de","@id":"https:\/\/dev6.erresse-shop.it\/de\/shop\/toepfe-pfannen\/zubehoer-topf-pfanne\/le-creuset-potspans-reinigungscreme-250-ml\/#primaryimage","url":"https:\/\/i1.wp.com\/interpim.erresse-shop.it\/Import\/Prodotti\/le-creuset-potspans-crema-pulente-250-ml.jpg?ssl=1","contentUrl":"https:\/\/i1.wp.com\/interpim.erresse-shop.it\/Import\/Prodotti\/le-creuset-potspans-crema-pulente-250-ml.jpg?ssl=1"},{"@type":"BreadcrumbList","@id":"https:\/\/dev6.erresse-shop.it\/de\/shop\/toepfe-pfannen\/zubehoer-topf-pfanne\/le-creuset-potspans-reinigungscreme-250-ml\/#breadcrumb","itemListElement":[{"@type":"ListItem","position":1,"name":"Home","item":"https:\/\/dev6.erresse-shop.it\/"},{"@type":"ListItem","position":2,"name":"Shop","item":"https:\/\/dev6.erresse-shop.it\/shop\/"},{"@type":"ListItem","position":3,"name":"LE CREUSET Pots&#038;Pans Reinigungscreme 250 ml"}]},{"@type":"WebSite","@id":"https:\/\/dev6.erresse-shop.it\/#website","url":"https:\/\/dev6.erresse-shop.it\/","name":"Erresse Shop","description":"","publisher":{"@id":"https:\/\/dev6.erresse-shop.it\/#organization"},"potentialAction":[{"@type":"SearchAction","target":{"@type":"EntryPoint","urlTemplate":"https:\/\/dev6.erresse-shop.it\/?s={search_term_string}"},"query-input":{"@type":"PropertyValueSpecification","valueRequired":true,"valueName":"search_term_string"}}],"inLanguage":"de"},{"@type":"Organization","@id":"https:\/\/dev6.erresse-shop.it\/#organization","name":"Erresse Shop","url":"https:\/\/dev6.erresse-shop.it\/","logo":{"@type":"ImageObject","inLanguage":"de","@id":"https:\/\/dev6.erresse-shop.it\/#\/schema\/logo\/image\/","url":"https:\/\/dev6.erresse-shop.it\/wp-content\/uploads\/2025\/01\/LOGO-ERRESSE-CLASSICO.svg","contentUrl":"https:\/\/dev6.erresse-shop.it\/wp-content\/uploads\/2025\/01\/LOGO-ERRESSE-CLASSICO.svg","caption":"Erresse Shop"},"image":{"@id":"https:\/\/dev6.erresse-shop.it\/#\/schema\/logo\/image\/"}}]}},"df_price":30,"df_sale_price":"","df_regular_price":30,"df_image_link":"https:\/\/i1.wp.com\/interpim.erresse-shop.it\/Import\/Prodotti\/le-creuset-potspans-crema-pulente-250-ml.jpg?resize=300,300&ssl=1","fifu_image_url":"https:\/\/interpim.erresse-shop.it\/Import\/Prodotti\/le-creuset-potspans-crema-pulente-250-ml.jpg","_links":{"self":[{"href":"https:\/\/dev6.erresse-shop.it\/de\/wp-json\/wp\/v2\/product\/53280","targetHints":{"allow":["GET"]}}],"collection":[{"href":"https:\/\/dev6.erresse-shop.it\/de\/wp-json\/wp\/v2\/product"}],"about":[{"href":"https:\/\/dev6.erresse-shop.it\/de\/wp-json\/wp\/v2\/types\/product"}],"wp:featuredmedia":[{"embeddable":true,"href":"https:\/\/dev6.erresse-shop.it\/de\/wp-json\/wp\/v2\/media\/6375961"}],"wp:attachment":[{"href":"https:\/\/dev6.erresse-shop.it\/de\/wp-json\/wp\/v2\/media?parent=53280"}],"wp:term":[{"taxonomy":"product_cat","embeddable":true,"href":"https:\/\/dev6.erresse-shop.it\/de\/wp-json\/wp\/v2\/product_cat?post=53280"},{"taxonomy":"product_tag","embeddable":true,"href":"https:\/\/dev6.erresse-shop.it\/de\/wp-json\/wp\/v2\/product_tag?post=53280"}],"curies":[{"name":"wp","href":"https:\/\/api.w.org\/{rel}","templated":true}]}}