{"id":53254,"date":"2026-04-04T09:54:40","date_gmt":"2026-04-04T07:54:40","guid":{"rendered":"https:\/\/dev6.erresse-shop.it\/shop\/unkategorisiert\/guzzini-eco-packly-abfallbehaelter-fuer-die-getrennte-sammlung-gelb\/"},"modified":"2025-09-14T01:22:22","modified_gmt":"2025-09-13T23:22:22","slug":"guzzini-eco-packly-abfallbehaelter-fuer-die-getrennte-sammlung-gelb","status":"publish","type":"product","link":"https:\/\/dev6.erresse-shop.it\/de\/shop\/einrichtung-haus\/muelltonnen\/guzzini-eco-packly-abfallbehaelter-fuer-die-getrennte-sammlung-gelb\/","title":{"rendered":"GUZZINI Eco-Packly Abfallbeh\u00e4lter f\u00fcr die getrennte Sammlung Gelb"},"content":{"rendered":"<p>EcoPackly, der innovative, platzsparende Abfalleimer im Faltdesign, ist ideal f\u00fcr die getrennte Sammlung von Papier, Plastik, Glas und Metall zu Hause. Bei Nichtgebrauch l\u00e4sst er sich bequem zusammenfalten und auf kleinem Raum verstauen. 25 Liter Fassungsverm\u00f6gen und das Design des oberen Randes erm\u00f6glichen das Anbringen und Verstauen des Beutels. Er ist in verschiedenen Farben erh\u00e4ltlich, leicht zu reinigen und l\u00e4sst sich dank der beiden praktischen Griffe bequem tragen und entleeren. Er besteht aus recyceltem und zu 100 % recycelbarem Kunststoff und schont die Umwelt auch w\u00e4hrend des Transports und der Lagerung dank seiner innovativen, zusammenklappbaren Struktur, die sein Volumen um 80 % reduziert.<\/p>\n<p>Detail Farbe: Gelb<br \/>\nAbmessungen: 30x25xh45 cm (offen) | 30x5xh45 cm (geschlossen)<br \/>\nFassungsverm\u00f6gen: 25 Liter<br \/>\nMaterial: 100% recycelter Kunststoff<br \/>\nDesigner: Roberto Giacomucci<\/p>\n","protected":false},"excerpt":{"rendered":"<p>EcoPackly, der innovative, platzsparende Abfalleimer im Faltdesign, ist ideal f\u00fcr die getrennte Sammlung von Papier, Plastik, Glas und Metall zu Hause. Bei Nichtgebrauch l\u00e4sst er sich bequem zusammenfalten und auf kleinem Raum verstauen. 25 Liter Fassungsverm\u00f6gen und das Design des oberen Randes erm\u00f6glichen das Anbringen und Verstauen des Beutels. Er ist in verschiedenen Farben erh\u00e4ltlich, [&hellip;]<\/p>\n","protected":false},"featured_media":6281018,"template":"","meta":{"_acf_changed":false},"product_cat":[11666,12098,12137],"product_tag":[],"class_list":{"0":"post-53254","1":"product","2":"type-product","3":"status-publish","4":"has-post-thumbnail","6":"product_cat-arredamento-casa","7":"product_cat-einrichtung-haus","8":"product_cat-muelltonnen","10":"first","11":"instock","12":"taxable","13":"shipping-taxable","14":"purchasable","15":"product-type-simple","swatches":"rey-swatches","show_selected":"","stretch_labels":"rey-swatches--stretch-labels"},"acf":[],"yoast_head":"<!-- This site is optimized with the Yoast SEO plugin v25.4 - https:\/\/yoast.com\/wordpress\/plugins\/seo\/ -->\n<title>GUZZINI Eco-Packly Abfallbeh\u00e4lter f\u00fcr die getrennte Sammlung Gelb - dev6 Erresse<\/title>\n<meta name=\"description\" content=\"EcoPackly, der innovative, platzsparende Abfalleimer im Faltdesign, ist ideal f\u00fcr die getrennte Sammlung von Papier, Plastik, Glas und Metall zu Hause.\" \/>\n<meta name=\"robots\" content=\"noindex, follow, max-snippet:-1, max-image-preview:large, max-video-preview:-1\" \/>\n<meta property=\"og:locale\" content=\"de_DE\" \/>\n<meta property=\"og:type\" content=\"article\" \/>\n<meta property=\"og:title\" content=\"GUZZINI Eco-Packly Abfallbeh\u00e4lter f\u00fcr die getrennte Sammlung Gelb - dev6 Erresse\" \/>\n<meta property=\"og:description\" content=\"EcoPackly, der innovative, platzsparende Abfalleimer im Faltdesign, ist ideal f\u00fcr die getrennte Sammlung von Papier, Plastik, Glas und Metall zu Hause.\" \/>\n<meta property=\"og:url\" content=\"https:\/\/dev6.erresse-shop.it\/de\/shop\/einrichtung-haus\/muelltonnen\/guzzini-eco-packly-abfallbehaelter-fuer-die-getrennte-sammlung-gelb\/\" \/>\n<meta property=\"og:site_name\" content=\"dev6 Erresse\" \/>\n<meta property=\"og:image\" content=\"https:\/\/interpim.erresse-shop.it\/Import\/Prodotti\/guzzini-eco-packly-pattumiera-per-raccolta-differenziata-giallo.jpg\" \/><meta property=\"og:image\" content=\"https:\/\/interpim.erresse-shop.it\/Import\/Prodotti\/guzzini-eco-packly-pattumiera-per-raccolta-differenziata-giallo.jpg\" \/>\n\t<meta property=\"og:image:width\" content=\"1024\" \/>\n\t<meta property=\"og:image:height\" content=\"1024\" \/>\n\t<meta property=\"og:image:type\" content=\"image\/jpeg\" \/>\n<meta name=\"twitter:card\" content=\"summary_large_image\" \/>\n<meta name=\"twitter:image\" content=\"https:\/\/interpim.erresse-shop.it\/Import\/Prodotti\/guzzini-eco-packly-pattumiera-per-raccolta-differenziata-giallo.jpg\" \/>\n<script type=\"application\/ld+json\" class=\"yoast-schema-graph\">{\"@context\":\"https:\/\/schema.org\",\"@graph\":[{\"@type\":\"WebPage\",\"@id\":\"https:\/\/dev6.erresse-shop.it\/de\/shop\/einrichtung-haus\/muelltonnen\/guzzini-eco-packly-abfallbehaelter-fuer-die-getrennte-sammlung-gelb\/\",\"url\":\"https:\/\/dev6.erresse-shop.it\/de\/shop\/einrichtung-haus\/muelltonnen\/guzzini-eco-packly-abfallbehaelter-fuer-die-getrennte-sammlung-gelb\/\",\"name\":\"GUZZINI Eco-Packly Abfallbeh\u00e4lter f\u00fcr die getrennte Sammlung Gelb - dev6 Erresse\",\"isPartOf\":{\"@id\":\"https:\/\/dev6.erresse-shop.it\/#website\"},\"primaryImageOfPage\":{\"@id\":\"https:\/\/dev6.erresse-shop.it\/de\/shop\/einrichtung-haus\/muelltonnen\/guzzini-eco-packly-abfallbehaelter-fuer-die-getrennte-sammlung-gelb\/#primaryimage\"},\"image\":{\"@id\":\"https:\/\/dev6.erresse-shop.it\/de\/shop\/einrichtung-haus\/muelltonnen\/guzzini-eco-packly-abfallbehaelter-fuer-die-getrennte-sammlung-gelb\/#primaryimage\"},\"thumbnailUrl\":\"https:\/\/i3.wp.com\/interpim.erresse-shop.it\/Import\/Prodotti\/guzzini-eco-packly-pattumiera-per-raccolta-differenziata-giallo.jpg?ssl=1\",\"datePublished\":\"2026-04-04T07:54:40+00:00\",\"description\":\"EcoPackly, der innovative, platzsparende Abfalleimer im Faltdesign, ist ideal f\u00fcr die getrennte Sammlung von Papier, Plastik, Glas und Metall zu Hause.\",\"breadcrumb\":{\"@id\":\"https:\/\/dev6.erresse-shop.it\/de\/shop\/einrichtung-haus\/muelltonnen\/guzzini-eco-packly-abfallbehaelter-fuer-die-getrennte-sammlung-gelb\/#breadcrumb\"},\"inLanguage\":\"de\",\"potentialAction\":[{\"@type\":\"ReadAction\",\"target\":[\"https:\/\/dev6.erresse-shop.it\/de\/shop\/einrichtung-haus\/muelltonnen\/guzzini-eco-packly-abfallbehaelter-fuer-die-getrennte-sammlung-gelb\/\"]}]},{\"@type\":\"ImageObject\",\"inLanguage\":\"de\",\"@id\":\"https:\/\/dev6.erresse-shop.it\/de\/shop\/einrichtung-haus\/muelltonnen\/guzzini-eco-packly-abfallbehaelter-fuer-die-getrennte-sammlung-gelb\/#primaryimage\",\"url\":\"https:\/\/i3.wp.com\/interpim.erresse-shop.it\/Import\/Prodotti\/guzzini-eco-packly-pattumiera-per-raccolta-differenziata-giallo.jpg?ssl=1\",\"contentUrl\":\"https:\/\/i3.wp.com\/interpim.erresse-shop.it\/Import\/Prodotti\/guzzini-eco-packly-pattumiera-per-raccolta-differenziata-giallo.jpg?ssl=1\"},{\"@type\":\"BreadcrumbList\",\"@id\":\"https:\/\/dev6.erresse-shop.it\/de\/shop\/einrichtung-haus\/muelltonnen\/guzzini-eco-packly-abfallbehaelter-fuer-die-getrennte-sammlung-gelb\/#breadcrumb\",\"itemListElement\":[{\"@type\":\"ListItem\",\"position\":1,\"name\":\"Home\",\"item\":\"https:\/\/dev6.erresse-shop.it\/\"},{\"@type\":\"ListItem\",\"position\":2,\"name\":\"Shop\",\"item\":\"https:\/\/dev6.erresse-shop.it\/shop\/\"},{\"@type\":\"ListItem\",\"position\":3,\"name\":\"GUZZINI Eco-Packly Abfallbeh\u00e4lter f\u00fcr die getrennte Sammlung Gelb\"}]},{\"@type\":\"WebSite\",\"@id\":\"https:\/\/dev6.erresse-shop.it\/#website\",\"url\":\"https:\/\/dev6.erresse-shop.it\/\",\"name\":\"Erresse Shop\",\"description\":\"\",\"publisher\":{\"@id\":\"https:\/\/dev6.erresse-shop.it\/#organization\"},\"potentialAction\":[{\"@type\":\"SearchAction\",\"target\":{\"@type\":\"EntryPoint\",\"urlTemplate\":\"https:\/\/dev6.erresse-shop.it\/?s={search_term_string}\"},\"query-input\":{\"@type\":\"PropertyValueSpecification\",\"valueRequired\":true,\"valueName\":\"search_term_string\"}}],\"inLanguage\":\"de\"},{\"@type\":\"Organization\",\"@id\":\"https:\/\/dev6.erresse-shop.it\/#organization\",\"name\":\"Erresse Shop\",\"url\":\"https:\/\/dev6.erresse-shop.it\/\",\"logo\":{\"@type\":\"ImageObject\",\"inLanguage\":\"de\",\"@id\":\"https:\/\/dev6.erresse-shop.it\/#\/schema\/logo\/image\/\",\"url\":\"https:\/\/dev6.erresse-shop.it\/wp-content\/uploads\/2025\/01\/LOGO-ERRESSE-CLASSICO.svg\",\"contentUrl\":\"https:\/\/dev6.erresse-shop.it\/wp-content\/uploads\/2025\/01\/LOGO-ERRESSE-CLASSICO.svg\",\"caption\":\"Erresse Shop\"},\"image\":{\"@id\":\"https:\/\/dev6.erresse-shop.it\/#\/schema\/logo\/image\/\"}}]}<\/script>\n<!-- \/ Yoast SEO plugin. -->","yoast_head_json":{"title":"GUZZINI Eco-Packly Abfallbeh\u00e4lter f\u00fcr die getrennte Sammlung Gelb - dev6 Erresse","description":"EcoPackly, der innovative, platzsparende Abfalleimer im Faltdesign, ist ideal f\u00fcr die getrennte Sammlung von Papier, Plastik, Glas und Metall zu Hause.","robots":{"index":"noindex","follow":"follow","max-snippet":"max-snippet:-1","max-image-preview":"max-image-preview:large","max-video-preview":"max-video-preview:-1"},"og_locale":"de_DE","og_type":"article","og_title":"GUZZINI Eco-Packly Abfallbeh\u00e4lter f\u00fcr die getrennte Sammlung Gelb - dev6 Erresse","og_description":"EcoPackly, der innovative, platzsparende Abfalleimer im Faltdesign, ist ideal f\u00fcr die getrennte Sammlung von Papier, Plastik, Glas und Metall zu Hause.","og_url":"https:\/\/dev6.erresse-shop.it\/de\/shop\/einrichtung-haus\/muelltonnen\/guzzini-eco-packly-abfallbehaelter-fuer-die-getrennte-sammlung-gelb\/","og_site_name":"dev6 Erresse","og_image":[{"url":"https:\/\/interpim.erresse-shop.it\/Import\/Prodotti\/guzzini-eco-packly-pattumiera-per-raccolta-differenziata-giallo.jpg","type":"","width":"","height":""},{"url":"https:\/\/interpim.erresse-shop.it\/Import\/Prodotti\/guzzini-eco-packly-pattumiera-per-raccolta-differenziata-giallo.jpg","width":1024,"height":1024,"type":"image\/jpeg"}],"twitter_card":"summary_large_image","twitter_image":"https:\/\/interpim.erresse-shop.it\/Import\/Prodotti\/guzzini-eco-packly-pattumiera-per-raccolta-differenziata-giallo.jpg","schema":{"@context":"https:\/\/schema.org","@graph":[{"@type":"WebPage","@id":"https:\/\/dev6.erresse-shop.it\/de\/shop\/einrichtung-haus\/muelltonnen\/guzzini-eco-packly-abfallbehaelter-fuer-die-getrennte-sammlung-gelb\/","url":"https:\/\/dev6.erresse-shop.it\/de\/shop\/einrichtung-haus\/muelltonnen\/guzzini-eco-packly-abfallbehaelter-fuer-die-getrennte-sammlung-gelb\/","name":"GUZZINI Eco-Packly Abfallbeh\u00e4lter f\u00fcr die getrennte Sammlung Gelb - dev6 Erresse","isPartOf":{"@id":"https:\/\/dev6.erresse-shop.it\/#website"},"primaryImageOfPage":{"@id":"https:\/\/dev6.erresse-shop.it\/de\/shop\/einrichtung-haus\/muelltonnen\/guzzini-eco-packly-abfallbehaelter-fuer-die-getrennte-sammlung-gelb\/#primaryimage"},"image":{"@id":"https:\/\/dev6.erresse-shop.it\/de\/shop\/einrichtung-haus\/muelltonnen\/guzzini-eco-packly-abfallbehaelter-fuer-die-getrennte-sammlung-gelb\/#primaryimage"},"thumbnailUrl":"https:\/\/i3.wp.com\/interpim.erresse-shop.it\/Import\/Prodotti\/guzzini-eco-packly-pattumiera-per-raccolta-differenziata-giallo.jpg?ssl=1","datePublished":"2026-04-04T07:54:40+00:00","description":"EcoPackly, der innovative, platzsparende Abfalleimer im Faltdesign, ist ideal f\u00fcr die getrennte Sammlung von Papier, Plastik, Glas und Metall zu Hause.","breadcrumb":{"@id":"https:\/\/dev6.erresse-shop.it\/de\/shop\/einrichtung-haus\/muelltonnen\/guzzini-eco-packly-abfallbehaelter-fuer-die-getrennte-sammlung-gelb\/#breadcrumb"},"inLanguage":"de","potentialAction":[{"@type":"ReadAction","target":["https:\/\/dev6.erresse-shop.it\/de\/shop\/einrichtung-haus\/muelltonnen\/guzzini-eco-packly-abfallbehaelter-fuer-die-getrennte-sammlung-gelb\/"]}]},{"@type":"ImageObject","inLanguage":"de","@id":"https:\/\/dev6.erresse-shop.it\/de\/shop\/einrichtung-haus\/muelltonnen\/guzzini-eco-packly-abfallbehaelter-fuer-die-getrennte-sammlung-gelb\/#primaryimage","url":"https:\/\/i3.wp.com\/interpim.erresse-shop.it\/Import\/Prodotti\/guzzini-eco-packly-pattumiera-per-raccolta-differenziata-giallo.jpg?ssl=1","contentUrl":"https:\/\/i3.wp.com\/interpim.erresse-shop.it\/Import\/Prodotti\/guzzini-eco-packly-pattumiera-per-raccolta-differenziata-giallo.jpg?ssl=1"},{"@type":"BreadcrumbList","@id":"https:\/\/dev6.erresse-shop.it\/de\/shop\/einrichtung-haus\/muelltonnen\/guzzini-eco-packly-abfallbehaelter-fuer-die-getrennte-sammlung-gelb\/#breadcrumb","itemListElement":[{"@type":"ListItem","position":1,"name":"Home","item":"https:\/\/dev6.erresse-shop.it\/"},{"@type":"ListItem","position":2,"name":"Shop","item":"https:\/\/dev6.erresse-shop.it\/shop\/"},{"@type":"ListItem","position":3,"name":"GUZZINI Eco-Packly Abfallbeh\u00e4lter f\u00fcr die getrennte Sammlung Gelb"}]},{"@type":"WebSite","@id":"https:\/\/dev6.erresse-shop.it\/#website","url":"https:\/\/dev6.erresse-shop.it\/","name":"Erresse Shop","description":"","publisher":{"@id":"https:\/\/dev6.erresse-shop.it\/#organization"},"potentialAction":[{"@type":"SearchAction","target":{"@type":"EntryPoint","urlTemplate":"https:\/\/dev6.erresse-shop.it\/?s={search_term_string}"},"query-input":{"@type":"PropertyValueSpecification","valueRequired":true,"valueName":"search_term_string"}}],"inLanguage":"de"},{"@type":"Organization","@id":"https:\/\/dev6.erresse-shop.it\/#organization","name":"Erresse Shop","url":"https:\/\/dev6.erresse-shop.it\/","logo":{"@type":"ImageObject","inLanguage":"de","@id":"https:\/\/dev6.erresse-shop.it\/#\/schema\/logo\/image\/","url":"https:\/\/dev6.erresse-shop.it\/wp-content\/uploads\/2025\/01\/LOGO-ERRESSE-CLASSICO.svg","contentUrl":"https:\/\/dev6.erresse-shop.it\/wp-content\/uploads\/2025\/01\/LOGO-ERRESSE-CLASSICO.svg","caption":"Erresse Shop"},"image":{"@id":"https:\/\/dev6.erresse-shop.it\/#\/schema\/logo\/image\/"}}]}},"df_price":24.9,"df_sale_price":"","df_regular_price":24.9,"df_image_link":"https:\/\/i3.wp.com\/interpim.erresse-shop.it\/Import\/Prodotti\/guzzini-eco-packly-pattumiera-per-raccolta-differenziata-giallo.jpg?resize=300,300&ssl=1","fifu_image_url":"https:\/\/interpim.erresse-shop.it\/Import\/Prodotti\/guzzini-eco-packly-pattumiera-per-raccolta-differenziata-giallo.jpg","_links":{"self":[{"href":"https:\/\/dev6.erresse-shop.it\/de\/wp-json\/wp\/v2\/product\/53254","targetHints":{"allow":["GET"]}}],"collection":[{"href":"https:\/\/dev6.erresse-shop.it\/de\/wp-json\/wp\/v2\/product"}],"about":[{"href":"https:\/\/dev6.erresse-shop.it\/de\/wp-json\/wp\/v2\/types\/product"}],"wp:featuredmedia":[{"embeddable":true,"href":"https:\/\/dev6.erresse-shop.it\/de\/wp-json\/wp\/v2\/media\/6281018"}],"wp:attachment":[{"href":"https:\/\/dev6.erresse-shop.it\/de\/wp-json\/wp\/v2\/media?parent=53254"}],"wp:term":[{"taxonomy":"product_cat","embeddable":true,"href":"https:\/\/dev6.erresse-shop.it\/de\/wp-json\/wp\/v2\/product_cat?post=53254"},{"taxonomy":"product_tag","embeddable":true,"href":"https:\/\/dev6.erresse-shop.it\/de\/wp-json\/wp\/v2\/product_tag?post=53254"}],"curies":[{"name":"wp","href":"https:\/\/api.w.org\/{rel}","templated":true}]}}