{"id":53211,"date":"2026-04-04T09:53:01","date_gmt":"2026-04-04T07:53:01","guid":{"rendered":"https:\/\/dev6.erresse-shop.it\/shop\/unkategorisiert\/le-creuset-bratpfanne-evolution-doppelschnabel-26-cm-nectar\/"},"modified":"2025-09-14T01:21:50","modified_gmt":"2025-09-13T23:21:50","slug":"le-creuset-bratpfanne-evolution-doppelschnabel-26-cm-nectar","status":"publish","type":"product","link":"https:\/\/dev6.erresse-shop.it\/de\/shop\/toepfe-pfannen\/le-creuset-bratpfanne-evolution-doppelschnabel-26-cm-nectar\/","title":{"rendered":"LE CREUSET Bratpfanne Evolution Doppelschnabel 26 cm Nectar"},"content":{"rendered":"<p>Gleiche Funktion wie die klassische Le Creuset emaillierte Gusseisen-Doppelschnabelpfanne, aber mit dem zus\u00e4tzlichen Vorteil eines h\u00f6heren Randes. Dank des verbesserten Designs h\u00e4lt die tiefe Doppeld\u00fcsenpfanne Spritzer von Speise\u00f6len und Fetten fern und hilft, den Arbeitsbereich sauber zu halten. Au\u00dferdem k\u00f6nnen Sie dank der Zwei-Schnabel-Konstruktion am Rand \u00fcbersch\u00fcssige Fette und Fl\u00fcssigkeiten bequem ablassen, ohne dass Sie daf\u00fcr Werkzeug oder andere Hilfsmittel ben\u00f6tigen. Probieren Sie es f\u00fcr Ihre Gem\u00fcse- oder Fleischrezepte auf dem Grill, es wird Sie \u00fcberraschen.<\/p>\n<p>Entscheiden Sie sich f\u00fcr gesundes, fettarmes Kochen: Diese Pfanne braucht nur wenig \u00d6l! Le Creuset Bratpfannen sind perfekt zum Braten von Fleisch, H\u00fchnchen und Gem\u00fcse geeignet und bewahren dabei ihr ganzes Aroma. Sie sind \u00e4u\u00dferst praktisch und k\u00f6nnen im Backofen und auf dem Grill verwendet werden. Unser ber\u00fchmtes Sortiment an emailliertem Gusseisen erm\u00f6glicht eine perfekte W\u00e4rmeverteilung und -speicherung. Die schwarze Emaille-Innenbeschichtung ist langlebig, hygienisch und leicht zu reinigen. Probieren Sie es aus und das Ergebnis wird Sie \u00fcberraschen.<\/p>\n<p>Eigenschaften von emailliertem Gusseisen:<\/p>\n<p>\u2013 Gleichm\u00e4\u00dfige W\u00e4rmeverteilung ohne \u00dcberhitzungszonen.<br \/>\n\u2013 Hervorragende W\u00e4rmespeicherung.<br \/>\n\u2013 Griffe f\u00fcr hervorragende Griffigkeit.<br \/>\n\u2013 Emaillierte Innen- und Au\u00dfenfl\u00e4chen. Nimmt keine Feuchtigkeit, keinen Geschmack oder Geruch von Lebensmitteln auf.<br \/>\n\u2013 Kompatibel mit allen W\u00e4rmequellen einschlie\u00dflich Induktion.<br \/>\n\u2013 Leicht zu reinigen.<br \/>\n\u2013 Au\u00dfergew\u00f6hnliche Haltbarkeit.<br \/>\n\u2013 Lebenslange Garantie.<\/p>\n<p>See Movie 1See Movie 2<\/p>\n","protected":false},"excerpt":{"rendered":"<p>Gleiche Funktion wie die klassische Le Creuset emaillierte Gusseisen-Doppelschnabelpfanne, aber mit dem zus\u00e4tzlichen Vorteil eines h\u00f6heren Randes. Dank des verbesserten Designs h\u00e4lt die tiefe Doppeld\u00fcsenpfanne Spritzer von Speise\u00f6len und Fetten fern und hilft, den Arbeitsbereich sauber zu halten. Au\u00dferdem k\u00f6nnen Sie dank der Zwei-Schnabel-Konstruktion am Rand \u00fcbersch\u00fcssige Fette und Fl\u00fcssigkeiten bequem ablassen, ohne dass Sie [&hellip;]<\/p>\n","protected":false},"featured_media":6280894,"template":"","meta":{"_acf_changed":false},"product_cat":[12099],"product_tag":[],"class_list":{"0":"post-53211","1":"product","2":"type-product","3":"status-publish","4":"has-post-thumbnail","6":"product_cat-toepfe-pfannen","8":"first","9":"instock","10":"sale","11":"taxable","12":"shipping-taxable","13":"purchasable","14":"product-type-simple","swatches":"rey-swatches","show_selected":"","stretch_labels":"rey-swatches--stretch-labels"},"acf":[],"yoast_head":"<!-- This site is optimized with the Yoast SEO plugin v25.4 - https:\/\/yoast.com\/wordpress\/plugins\/seo\/ -->\n<title>LE CREUSET Bratpfanne Evolution Doppelschnabel 26 cm Nectar - dev6 Erresse<\/title>\n<meta name=\"description\" content=\"Gleiche Funktion wie die klassische Le Creuset emaillierte Gusseisen-Doppelschnabelpfanne, aber mit dem zus\u00e4tzlichen Vorteil eines h\u00f6heren Randes. Dank\" \/>\n<meta name=\"robots\" content=\"noindex, follow, max-snippet:-1, max-image-preview:large, max-video-preview:-1\" \/>\n<meta property=\"og:locale\" content=\"de_DE\" \/>\n<meta property=\"og:type\" content=\"article\" \/>\n<meta property=\"og:title\" content=\"LE CREUSET Bratpfanne Evolution Doppelschnabel 26 cm Nectar - dev6 Erresse\" \/>\n<meta property=\"og:description\" content=\"Gleiche Funktion wie die klassische Le Creuset emaillierte Gusseisen-Doppelschnabelpfanne, aber mit dem zus\u00e4tzlichen Vorteil eines h\u00f6heren Randes. Dank\" \/>\n<meta property=\"og:url\" content=\"https:\/\/dev6.erresse-shop.it\/de\/shop\/toepfe-pfannen\/le-creuset-bratpfanne-evolution-doppelschnabel-26-cm-nectar\/\" \/>\n<meta property=\"og:site_name\" content=\"dev6 Erresse\" \/>\n<meta property=\"og:image\" content=\"https:\/\/interpim.erresse-shop.it\/Import\/Prodotti\/le-creuset-padella-profonda-evolution-doppio-becco-26-cm-nectar.jpg\" \/><meta property=\"og:image\" content=\"https:\/\/interpim.erresse-shop.it\/Import\/Prodotti\/le-creuset-padella-profonda-evolution-doppio-becco-26-cm-nectar.jpg\" \/>\n\t<meta property=\"og:image:width\" content=\"1024\" \/>\n\t<meta property=\"og:image:height\" content=\"1024\" \/>\n\t<meta property=\"og:image:type\" content=\"image\/jpeg\" \/>\n<meta name=\"twitter:card\" content=\"summary_large_image\" \/>\n<meta name=\"twitter:image\" content=\"https:\/\/interpim.erresse-shop.it\/Import\/Prodotti\/le-creuset-padella-profonda-evolution-doppio-becco-26-cm-nectar.jpg\" \/>\n<script type=\"application\/ld+json\" class=\"yoast-schema-graph\">{\"@context\":\"https:\/\/schema.org\",\"@graph\":[{\"@type\":\"WebPage\",\"@id\":\"https:\/\/dev6.erresse-shop.it\/de\/shop\/toepfe-pfannen\/le-creuset-bratpfanne-evolution-doppelschnabel-26-cm-nectar\/\",\"url\":\"https:\/\/dev6.erresse-shop.it\/de\/shop\/toepfe-pfannen\/le-creuset-bratpfanne-evolution-doppelschnabel-26-cm-nectar\/\",\"name\":\"LE CREUSET Bratpfanne Evolution Doppelschnabel 26 cm Nectar - dev6 Erresse\",\"isPartOf\":{\"@id\":\"https:\/\/dev6.erresse-shop.it\/#website\"},\"primaryImageOfPage\":{\"@id\":\"https:\/\/dev6.erresse-shop.it\/de\/shop\/toepfe-pfannen\/le-creuset-bratpfanne-evolution-doppelschnabel-26-cm-nectar\/#primaryimage\"},\"image\":{\"@id\":\"https:\/\/dev6.erresse-shop.it\/de\/shop\/toepfe-pfannen\/le-creuset-bratpfanne-evolution-doppelschnabel-26-cm-nectar\/#primaryimage\"},\"thumbnailUrl\":\"https:\/\/i2.wp.com\/interpim.erresse-shop.it\/Import\/Prodotti\/le-creuset-padella-profonda-evolution-doppio-becco-26-cm-nectar.jpg?ssl=1\",\"datePublished\":\"2026-04-04T07:53:01+00:00\",\"description\":\"Gleiche Funktion wie die klassische Le Creuset emaillierte Gusseisen-Doppelschnabelpfanne, aber mit dem zus\u00e4tzlichen Vorteil eines h\u00f6heren Randes. Dank\",\"breadcrumb\":{\"@id\":\"https:\/\/dev6.erresse-shop.it\/de\/shop\/toepfe-pfannen\/le-creuset-bratpfanne-evolution-doppelschnabel-26-cm-nectar\/#breadcrumb\"},\"inLanguage\":\"de\",\"potentialAction\":[{\"@type\":\"ReadAction\",\"target\":[\"https:\/\/dev6.erresse-shop.it\/de\/shop\/toepfe-pfannen\/le-creuset-bratpfanne-evolution-doppelschnabel-26-cm-nectar\/\"]}]},{\"@type\":\"ImageObject\",\"inLanguage\":\"de\",\"@id\":\"https:\/\/dev6.erresse-shop.it\/de\/shop\/toepfe-pfannen\/le-creuset-bratpfanne-evolution-doppelschnabel-26-cm-nectar\/#primaryimage\",\"url\":\"https:\/\/i2.wp.com\/interpim.erresse-shop.it\/Import\/Prodotti\/le-creuset-padella-profonda-evolution-doppio-becco-26-cm-nectar.jpg?ssl=1\",\"contentUrl\":\"https:\/\/i2.wp.com\/interpim.erresse-shop.it\/Import\/Prodotti\/le-creuset-padella-profonda-evolution-doppio-becco-26-cm-nectar.jpg?ssl=1\"},{\"@type\":\"BreadcrumbList\",\"@id\":\"https:\/\/dev6.erresse-shop.it\/de\/shop\/toepfe-pfannen\/le-creuset-bratpfanne-evolution-doppelschnabel-26-cm-nectar\/#breadcrumb\",\"itemListElement\":[{\"@type\":\"ListItem\",\"position\":1,\"name\":\"Home\",\"item\":\"https:\/\/dev6.erresse-shop.it\/\"},{\"@type\":\"ListItem\",\"position\":2,\"name\":\"Shop\",\"item\":\"https:\/\/dev6.erresse-shop.it\/shop\/\"},{\"@type\":\"ListItem\",\"position\":3,\"name\":\"LE CREUSET Bratpfanne Evolution Doppelschnabel 26 cm Nectar\"}]},{\"@type\":\"WebSite\",\"@id\":\"https:\/\/dev6.erresse-shop.it\/#website\",\"url\":\"https:\/\/dev6.erresse-shop.it\/\",\"name\":\"Erresse Shop\",\"description\":\"\",\"publisher\":{\"@id\":\"https:\/\/dev6.erresse-shop.it\/#organization\"},\"potentialAction\":[{\"@type\":\"SearchAction\",\"target\":{\"@type\":\"EntryPoint\",\"urlTemplate\":\"https:\/\/dev6.erresse-shop.it\/?s={search_term_string}\"},\"query-input\":{\"@type\":\"PropertyValueSpecification\",\"valueRequired\":true,\"valueName\":\"search_term_string\"}}],\"inLanguage\":\"de\"},{\"@type\":\"Organization\",\"@id\":\"https:\/\/dev6.erresse-shop.it\/#organization\",\"name\":\"Erresse Shop\",\"url\":\"https:\/\/dev6.erresse-shop.it\/\",\"logo\":{\"@type\":\"ImageObject\",\"inLanguage\":\"de\",\"@id\":\"https:\/\/dev6.erresse-shop.it\/#\/schema\/logo\/image\/\",\"url\":\"https:\/\/dev6.erresse-shop.it\/wp-content\/uploads\/2025\/01\/LOGO-ERRESSE-CLASSICO.svg\",\"contentUrl\":\"https:\/\/dev6.erresse-shop.it\/wp-content\/uploads\/2025\/01\/LOGO-ERRESSE-CLASSICO.svg\",\"caption\":\"Erresse Shop\"},\"image\":{\"@id\":\"https:\/\/dev6.erresse-shop.it\/#\/schema\/logo\/image\/\"}}]}<\/script>\n<!-- \/ Yoast SEO plugin. -->","yoast_head_json":{"title":"LE CREUSET Bratpfanne Evolution Doppelschnabel 26 cm Nectar - dev6 Erresse","description":"Gleiche Funktion wie die klassische Le Creuset emaillierte Gusseisen-Doppelschnabelpfanne, aber mit dem zus\u00e4tzlichen Vorteil eines h\u00f6heren Randes. Dank","robots":{"index":"noindex","follow":"follow","max-snippet":"max-snippet:-1","max-image-preview":"max-image-preview:large","max-video-preview":"max-video-preview:-1"},"og_locale":"de_DE","og_type":"article","og_title":"LE CREUSET Bratpfanne Evolution Doppelschnabel 26 cm Nectar - dev6 Erresse","og_description":"Gleiche Funktion wie die klassische Le Creuset emaillierte Gusseisen-Doppelschnabelpfanne, aber mit dem zus\u00e4tzlichen Vorteil eines h\u00f6heren Randes. Dank","og_url":"https:\/\/dev6.erresse-shop.it\/de\/shop\/toepfe-pfannen\/le-creuset-bratpfanne-evolution-doppelschnabel-26-cm-nectar\/","og_site_name":"dev6 Erresse","og_image":[{"url":"https:\/\/interpim.erresse-shop.it\/Import\/Prodotti\/le-creuset-padella-profonda-evolution-doppio-becco-26-cm-nectar.jpg","type":"","width":"","height":""},{"url":"https:\/\/interpim.erresse-shop.it\/Import\/Prodotti\/le-creuset-padella-profonda-evolution-doppio-becco-26-cm-nectar.jpg","width":1024,"height":1024,"type":"image\/jpeg"}],"twitter_card":"summary_large_image","twitter_image":"https:\/\/interpim.erresse-shop.it\/Import\/Prodotti\/le-creuset-padella-profonda-evolution-doppio-becco-26-cm-nectar.jpg","schema":{"@context":"https:\/\/schema.org","@graph":[{"@type":"WebPage","@id":"https:\/\/dev6.erresse-shop.it\/de\/shop\/toepfe-pfannen\/le-creuset-bratpfanne-evolution-doppelschnabel-26-cm-nectar\/","url":"https:\/\/dev6.erresse-shop.it\/de\/shop\/toepfe-pfannen\/le-creuset-bratpfanne-evolution-doppelschnabel-26-cm-nectar\/","name":"LE CREUSET Bratpfanne Evolution Doppelschnabel 26 cm Nectar - dev6 Erresse","isPartOf":{"@id":"https:\/\/dev6.erresse-shop.it\/#website"},"primaryImageOfPage":{"@id":"https:\/\/dev6.erresse-shop.it\/de\/shop\/toepfe-pfannen\/le-creuset-bratpfanne-evolution-doppelschnabel-26-cm-nectar\/#primaryimage"},"image":{"@id":"https:\/\/dev6.erresse-shop.it\/de\/shop\/toepfe-pfannen\/le-creuset-bratpfanne-evolution-doppelschnabel-26-cm-nectar\/#primaryimage"},"thumbnailUrl":"https:\/\/i2.wp.com\/interpim.erresse-shop.it\/Import\/Prodotti\/le-creuset-padella-profonda-evolution-doppio-becco-26-cm-nectar.jpg?ssl=1","datePublished":"2026-04-04T07:53:01+00:00","description":"Gleiche Funktion wie die klassische Le Creuset emaillierte Gusseisen-Doppelschnabelpfanne, aber mit dem zus\u00e4tzlichen Vorteil eines h\u00f6heren Randes. Dank","breadcrumb":{"@id":"https:\/\/dev6.erresse-shop.it\/de\/shop\/toepfe-pfannen\/le-creuset-bratpfanne-evolution-doppelschnabel-26-cm-nectar\/#breadcrumb"},"inLanguage":"de","potentialAction":[{"@type":"ReadAction","target":["https:\/\/dev6.erresse-shop.it\/de\/shop\/toepfe-pfannen\/le-creuset-bratpfanne-evolution-doppelschnabel-26-cm-nectar\/"]}]},{"@type":"ImageObject","inLanguage":"de","@id":"https:\/\/dev6.erresse-shop.it\/de\/shop\/toepfe-pfannen\/le-creuset-bratpfanne-evolution-doppelschnabel-26-cm-nectar\/#primaryimage","url":"https:\/\/i2.wp.com\/interpim.erresse-shop.it\/Import\/Prodotti\/le-creuset-padella-profonda-evolution-doppio-becco-26-cm-nectar.jpg?ssl=1","contentUrl":"https:\/\/i2.wp.com\/interpim.erresse-shop.it\/Import\/Prodotti\/le-creuset-padella-profonda-evolution-doppio-becco-26-cm-nectar.jpg?ssl=1"},{"@type":"BreadcrumbList","@id":"https:\/\/dev6.erresse-shop.it\/de\/shop\/toepfe-pfannen\/le-creuset-bratpfanne-evolution-doppelschnabel-26-cm-nectar\/#breadcrumb","itemListElement":[{"@type":"ListItem","position":1,"name":"Home","item":"https:\/\/dev6.erresse-shop.it\/"},{"@type":"ListItem","position":2,"name":"Shop","item":"https:\/\/dev6.erresse-shop.it\/shop\/"},{"@type":"ListItem","position":3,"name":"LE CREUSET Bratpfanne Evolution Doppelschnabel 26 cm Nectar"}]},{"@type":"WebSite","@id":"https:\/\/dev6.erresse-shop.it\/#website","url":"https:\/\/dev6.erresse-shop.it\/","name":"Erresse Shop","description":"","publisher":{"@id":"https:\/\/dev6.erresse-shop.it\/#organization"},"potentialAction":[{"@type":"SearchAction","target":{"@type":"EntryPoint","urlTemplate":"https:\/\/dev6.erresse-shop.it\/?s={search_term_string}"},"query-input":{"@type":"PropertyValueSpecification","valueRequired":true,"valueName":"search_term_string"}}],"inLanguage":"de"},{"@type":"Organization","@id":"https:\/\/dev6.erresse-shop.it\/#organization","name":"Erresse Shop","url":"https:\/\/dev6.erresse-shop.it\/","logo":{"@type":"ImageObject","inLanguage":"de","@id":"https:\/\/dev6.erresse-shop.it\/#\/schema\/logo\/image\/","url":"https:\/\/dev6.erresse-shop.it\/wp-content\/uploads\/2025\/01\/LOGO-ERRESSE-CLASSICO.svg","contentUrl":"https:\/\/dev6.erresse-shop.it\/wp-content\/uploads\/2025\/01\/LOGO-ERRESSE-CLASSICO.svg","caption":"Erresse Shop"},"image":{"@id":"https:\/\/dev6.erresse-shop.it\/#\/schema\/logo\/image\/"}}]}},"df_price":159.95,"df_sale_price":159.95,"df_regular_price":215,"df_image_link":"https:\/\/i2.wp.com\/interpim.erresse-shop.it\/Import\/Prodotti\/le-creuset-padella-profonda-evolution-doppio-becco-26-cm-nectar.jpg?resize=300,300&ssl=1","fifu_image_url":"https:\/\/interpim.erresse-shop.it\/Import\/Prodotti\/le-creuset-padella-profonda-evolution-doppio-becco-26-cm-nectar.jpg","_links":{"self":[{"href":"https:\/\/dev6.erresse-shop.it\/de\/wp-json\/wp\/v2\/product\/53211","targetHints":{"allow":["GET"]}}],"collection":[{"href":"https:\/\/dev6.erresse-shop.it\/de\/wp-json\/wp\/v2\/product"}],"about":[{"href":"https:\/\/dev6.erresse-shop.it\/de\/wp-json\/wp\/v2\/types\/product"}],"wp:featuredmedia":[{"embeddable":true,"href":"https:\/\/dev6.erresse-shop.it\/de\/wp-json\/wp\/v2\/media\/6280894"}],"wp:attachment":[{"href":"https:\/\/dev6.erresse-shop.it\/de\/wp-json\/wp\/v2\/media?parent=53211"}],"wp:term":[{"taxonomy":"product_cat","embeddable":true,"href":"https:\/\/dev6.erresse-shop.it\/de\/wp-json\/wp\/v2\/product_cat?post=53211"},{"taxonomy":"product_tag","embeddable":true,"href":"https:\/\/dev6.erresse-shop.it\/de\/wp-json\/wp\/v2\/product_tag?post=53211"}],"curies":[{"name":"wp","href":"https:\/\/api.w.org\/{rel}","templated":true}]}}