{"id":53207,"date":"2026-04-12T09:55:22","date_gmt":"2026-04-12T07:55:22","guid":{"rendered":"https:\/\/dev6.erresse-shop.it\/shop\/unkategorisiert\/joseph-joseph-tota-waeschekorb-60-liter-gruen\/"},"modified":"2025-07-03T21:01:48","modified_gmt":"2025-07-03T19:01:48","slug":"joseph-joseph-tota-waeschekorb-60-liter-gruen","status":"publish","type":"product","link":"https:\/\/dev6.erresse-shop.it\/de\/shop\/einrichtung-haus\/badezimmer\/joseph-joseph-tota-waeschekorb-60-liter-gruen\/","title":{"rendered":"JOSEPH JOSEPH Tota W\u00e4schekorb 60 Liter Gr\u00fcn"},"content":{"rendered":"<p>Joseph Joseph, der weltweit f\u00fchrende Hersteller von K\u00fcchen- und Haushaltswaren. Das im Jahr 2003 gegr\u00fcndete Unternehmen Joseph Joseph verbindet innovatives Design mit modernem Stil. Die Verwendung von Farbe charakterisiert die Produkte unverkennbar und das sorgf\u00e4ltige Design macht sie absolut funktionell und praktisch.<\/p>\n<p>Merkmale:<br \/>\nDank der zwei F\u00e4cher dieses eleganten W\u00e4schekorbs k\u00f6nnen Sie helle und dunkle oder farbige W\u00e4schest\u00fccke voneinander trennen.<br \/>\nZwei 30-Liter-F\u00e4cher f\u00fcr eine einfache Trennung der Stoffe<br \/>\nAbnehmbare Segeltuchtaschen mit leicht zu tragenden Griffen<br \/>\nDer Griff am Boden des Beutels erleichtert das Entleeren<br \/>\nSchnelle R\u00fcckgabe: Taschen werden automatisch in den Korb zur\u00fcckgelegt<br \/>\nPerfekt f\u00fcr Schlafzimmer, B\u00e4der oder W\u00e4schereien<br \/>\nWird verpackt mit vollst\u00e4ndiger Montageanleitung geliefert<\/p>\n<p>Vorsichtsma\u00dfnahmen und Verwendung<br \/>\nMaschinenwaschbare Leinens\u00e4cke, \u00fcberpr\u00fcfen Sie das Etikett des Artikels, entfernen Sie die Plastikeinlage vor dem Waschen<br \/>\nAu\u00dfen aus Stoff, Handw\u00e4sche empfohlen<br \/>\nDeckel, S\u00e4ume und Rahmen: mit einem feuchten Tuch reinigen<br \/>\nVermeiden Sie es, sich zu setzen oder schwere Gegenst\u00e4nde auf den Korb zu legen<br \/>\nBewahren Sie den Korb au\u00dferhalb der Reichweite von Kindern auf.<br \/>\nMontage ist durch den Benutzer erforderlich<\/p>\n<p>Abmessungen:<br \/>\nH71 x B39,5 x T39,5 cm (H28 x B15\u00be x T15\u00be Zoll)<br \/>\nZusammensetzung des Gewebes<br \/>\nSegeltuchtasche \u2013 100% Baumwolle<br \/>\nAu\u00dfenseite \u2013 100% Polyester<\/p>\n","protected":false},"excerpt":{"rendered":"<p>Joseph Joseph, der weltweit f\u00fchrende Hersteller von K\u00fcchen- und Haushaltswaren. Das im Jahr 2003 gegr\u00fcndete Unternehmen Joseph Joseph verbindet innovatives Design mit modernem Stil. Die Verwendung von Farbe charakterisiert die Produkte unverkennbar und das sorgf\u00e4ltige Design macht sie absolut funktionell und praktisch. Merkmale: Dank der zwei F\u00e4cher dieses eleganten W\u00e4schekorbs k\u00f6nnen Sie helle und dunkle [&hellip;]<\/p>\n","protected":false},"featured_media":6364129,"template":"","meta":{"_acf_changed":false},"product_cat":[12182,12098],"product_tag":[],"class_list":{"0":"post-53207","1":"product","2":"type-product","3":"status-publish","4":"has-post-thumbnail","6":"product_cat-badezimmer","7":"product_cat-einrichtung-haus","9":"first","10":"instock","11":"sale","12":"taxable","13":"shipping-taxable","14":"purchasable","15":"product-type-simple","swatches":"rey-swatches","show_selected":"","stretch_labels":"rey-swatches--stretch-labels"},"acf":[],"yoast_head":"<!-- This site is optimized with the Yoast SEO plugin v25.4 - https:\/\/yoast.com\/wordpress\/plugins\/seo\/ -->\n<title>JOSEPH JOSEPH Tota W\u00e4schekorb 60 Liter Gr\u00fcn - dev6 Erresse<\/title>\n<meta name=\"description\" content=\"Joseph Joseph, der weltweit f\u00fchrende Hersteller von K\u00fcchen- und Haushaltswaren. Das im Jahr 2003 gegr\u00fcndete Unternehmen Joseph Joseph verbindet\" \/>\n<meta name=\"robots\" content=\"noindex, follow, max-snippet:-1, max-image-preview:large, max-video-preview:-1\" \/>\n<meta property=\"og:locale\" content=\"de_DE\" \/>\n<meta property=\"og:type\" content=\"article\" \/>\n<meta property=\"og:title\" content=\"JOSEPH JOSEPH Tota W\u00e4schekorb 60 Liter Gr\u00fcn - dev6 Erresse\" \/>\n<meta property=\"og:description\" content=\"Joseph Joseph, der weltweit f\u00fchrende Hersteller von K\u00fcchen- und Haushaltswaren. Das im Jahr 2003 gegr\u00fcndete Unternehmen Joseph Joseph verbindet\" \/>\n<meta property=\"og:url\" content=\"https:\/\/dev6.erresse-shop.it\/de\/shop\/einrichtung-haus\/badezimmer\/joseph-joseph-tota-waeschekorb-60-liter-gruen\/\" \/>\n<meta property=\"og:site_name\" content=\"dev6 Erresse\" \/>\n<meta property=\"og:image\" content=\"https:\/\/interpim.erresse-shop.it\/Import\/Prodotti\/joseph-joseph-tota-cesto-da-biancheria-60-litri-verde-1.jpg\" \/><meta property=\"og:image\" content=\"https:\/\/interpim.erresse-shop.it\/Import\/Prodotti\/joseph-joseph-tota-cesto-da-biancheria-60-litri-verde-1.jpg\" \/>\n\t<meta property=\"og:image:width\" content=\"1024\" \/>\n\t<meta property=\"og:image:height\" content=\"1024\" \/>\n\t<meta property=\"og:image:type\" content=\"image\/jpeg\" \/>\n<meta name=\"twitter:card\" content=\"summary_large_image\" \/>\n<meta name=\"twitter:image\" content=\"https:\/\/interpim.erresse-shop.it\/Import\/Prodotti\/joseph-joseph-tota-cesto-da-biancheria-60-litri-verde-1.jpg\" \/>\n<script type=\"application\/ld+json\" class=\"yoast-schema-graph\">{\"@context\":\"https:\/\/schema.org\",\"@graph\":[{\"@type\":\"WebPage\",\"@id\":\"https:\/\/dev6.erresse-shop.it\/de\/shop\/einrichtung-haus\/badezimmer\/joseph-joseph-tota-waeschekorb-60-liter-gruen\/\",\"url\":\"https:\/\/dev6.erresse-shop.it\/de\/shop\/einrichtung-haus\/badezimmer\/joseph-joseph-tota-waeschekorb-60-liter-gruen\/\",\"name\":\"JOSEPH JOSEPH Tota W\u00e4schekorb 60 Liter Gr\u00fcn - dev6 Erresse\",\"isPartOf\":{\"@id\":\"https:\/\/dev6.erresse-shop.it\/#website\"},\"primaryImageOfPage\":{\"@id\":\"https:\/\/dev6.erresse-shop.it\/de\/shop\/einrichtung-haus\/badezimmer\/joseph-joseph-tota-waeschekorb-60-liter-gruen\/#primaryimage\"},\"image\":{\"@id\":\"https:\/\/dev6.erresse-shop.it\/de\/shop\/einrichtung-haus\/badezimmer\/joseph-joseph-tota-waeschekorb-60-liter-gruen\/#primaryimage\"},\"thumbnailUrl\":\"https:\/\/i0.wp.com\/interpim.erresse-shop.it\/Import\/Prodotti\/joseph-joseph-tota-cesto-da-biancheria-60-litri-verde-1.jpg?ssl=1\",\"datePublished\":\"2026-04-12T07:55:22+00:00\",\"description\":\"Joseph Joseph, der weltweit f\u00fchrende Hersteller von K\u00fcchen- und Haushaltswaren. Das im Jahr 2003 gegr\u00fcndete Unternehmen Joseph Joseph verbindet\",\"breadcrumb\":{\"@id\":\"https:\/\/dev6.erresse-shop.it\/de\/shop\/einrichtung-haus\/badezimmer\/joseph-joseph-tota-waeschekorb-60-liter-gruen\/#breadcrumb\"},\"inLanguage\":\"de\",\"potentialAction\":[{\"@type\":\"ReadAction\",\"target\":[\"https:\/\/dev6.erresse-shop.it\/de\/shop\/einrichtung-haus\/badezimmer\/joseph-joseph-tota-waeschekorb-60-liter-gruen\/\"]}]},{\"@type\":\"ImageObject\",\"inLanguage\":\"de\",\"@id\":\"https:\/\/dev6.erresse-shop.it\/de\/shop\/einrichtung-haus\/badezimmer\/joseph-joseph-tota-waeschekorb-60-liter-gruen\/#primaryimage\",\"url\":\"https:\/\/i0.wp.com\/interpim.erresse-shop.it\/Import\/Prodotti\/joseph-joseph-tota-cesto-da-biancheria-60-litri-verde-1.jpg?ssl=1\",\"contentUrl\":\"https:\/\/i0.wp.com\/interpim.erresse-shop.it\/Import\/Prodotti\/joseph-joseph-tota-cesto-da-biancheria-60-litri-verde-1.jpg?ssl=1\"},{\"@type\":\"BreadcrumbList\",\"@id\":\"https:\/\/dev6.erresse-shop.it\/de\/shop\/einrichtung-haus\/badezimmer\/joseph-joseph-tota-waeschekorb-60-liter-gruen\/#breadcrumb\",\"itemListElement\":[{\"@type\":\"ListItem\",\"position\":1,\"name\":\"Home\",\"item\":\"https:\/\/dev6.erresse-shop.it\/\"},{\"@type\":\"ListItem\",\"position\":2,\"name\":\"Shop\",\"item\":\"https:\/\/dev6.erresse-shop.it\/shop\/\"},{\"@type\":\"ListItem\",\"position\":3,\"name\":\"JOSEPH JOSEPH Tota W\u00e4schekorb 60 Liter Gr\u00fcn\"}]},{\"@type\":\"WebSite\",\"@id\":\"https:\/\/dev6.erresse-shop.it\/#website\",\"url\":\"https:\/\/dev6.erresse-shop.it\/\",\"name\":\"Erresse Shop\",\"description\":\"\",\"publisher\":{\"@id\":\"https:\/\/dev6.erresse-shop.it\/#organization\"},\"potentialAction\":[{\"@type\":\"SearchAction\",\"target\":{\"@type\":\"EntryPoint\",\"urlTemplate\":\"https:\/\/dev6.erresse-shop.it\/?s={search_term_string}\"},\"query-input\":{\"@type\":\"PropertyValueSpecification\",\"valueRequired\":true,\"valueName\":\"search_term_string\"}}],\"inLanguage\":\"de\"},{\"@type\":\"Organization\",\"@id\":\"https:\/\/dev6.erresse-shop.it\/#organization\",\"name\":\"Erresse Shop\",\"url\":\"https:\/\/dev6.erresse-shop.it\/\",\"logo\":{\"@type\":\"ImageObject\",\"inLanguage\":\"de\",\"@id\":\"https:\/\/dev6.erresse-shop.it\/#\/schema\/logo\/image\/\",\"url\":\"https:\/\/dev6.erresse-shop.it\/wp-content\/uploads\/2025\/01\/LOGO-ERRESSE-CLASSICO.svg\",\"contentUrl\":\"https:\/\/dev6.erresse-shop.it\/wp-content\/uploads\/2025\/01\/LOGO-ERRESSE-CLASSICO.svg\",\"caption\":\"Erresse Shop\"},\"image\":{\"@id\":\"https:\/\/dev6.erresse-shop.it\/#\/schema\/logo\/image\/\"}}]}<\/script>\n<!-- \/ Yoast SEO plugin. -->","yoast_head_json":{"title":"JOSEPH JOSEPH Tota W\u00e4schekorb 60 Liter Gr\u00fcn - dev6 Erresse","description":"Joseph Joseph, der weltweit f\u00fchrende Hersteller von K\u00fcchen- und Haushaltswaren. Das im Jahr 2003 gegr\u00fcndete Unternehmen Joseph Joseph verbindet","robots":{"index":"noindex","follow":"follow","max-snippet":"max-snippet:-1","max-image-preview":"max-image-preview:large","max-video-preview":"max-video-preview:-1"},"og_locale":"de_DE","og_type":"article","og_title":"JOSEPH JOSEPH Tota W\u00e4schekorb 60 Liter Gr\u00fcn - dev6 Erresse","og_description":"Joseph Joseph, der weltweit f\u00fchrende Hersteller von K\u00fcchen- und Haushaltswaren. Das im Jahr 2003 gegr\u00fcndete Unternehmen Joseph Joseph verbindet","og_url":"https:\/\/dev6.erresse-shop.it\/de\/shop\/einrichtung-haus\/badezimmer\/joseph-joseph-tota-waeschekorb-60-liter-gruen\/","og_site_name":"dev6 Erresse","og_image":[{"url":"https:\/\/interpim.erresse-shop.it\/Import\/Prodotti\/joseph-joseph-tota-cesto-da-biancheria-60-litri-verde-1.jpg","type":"","width":"","height":""},{"url":"https:\/\/interpim.erresse-shop.it\/Import\/Prodotti\/joseph-joseph-tota-cesto-da-biancheria-60-litri-verde-1.jpg","width":1024,"height":1024,"type":"image\/jpeg"}],"twitter_card":"summary_large_image","twitter_image":"https:\/\/interpim.erresse-shop.it\/Import\/Prodotti\/joseph-joseph-tota-cesto-da-biancheria-60-litri-verde-1.jpg","schema":{"@context":"https:\/\/schema.org","@graph":[{"@type":"WebPage","@id":"https:\/\/dev6.erresse-shop.it\/de\/shop\/einrichtung-haus\/badezimmer\/joseph-joseph-tota-waeschekorb-60-liter-gruen\/","url":"https:\/\/dev6.erresse-shop.it\/de\/shop\/einrichtung-haus\/badezimmer\/joseph-joseph-tota-waeschekorb-60-liter-gruen\/","name":"JOSEPH JOSEPH Tota W\u00e4schekorb 60 Liter Gr\u00fcn - dev6 Erresse","isPartOf":{"@id":"https:\/\/dev6.erresse-shop.it\/#website"},"primaryImageOfPage":{"@id":"https:\/\/dev6.erresse-shop.it\/de\/shop\/einrichtung-haus\/badezimmer\/joseph-joseph-tota-waeschekorb-60-liter-gruen\/#primaryimage"},"image":{"@id":"https:\/\/dev6.erresse-shop.it\/de\/shop\/einrichtung-haus\/badezimmer\/joseph-joseph-tota-waeschekorb-60-liter-gruen\/#primaryimage"},"thumbnailUrl":"https:\/\/i0.wp.com\/interpim.erresse-shop.it\/Import\/Prodotti\/joseph-joseph-tota-cesto-da-biancheria-60-litri-verde-1.jpg?ssl=1","datePublished":"2026-04-12T07:55:22+00:00","description":"Joseph Joseph, der weltweit f\u00fchrende Hersteller von K\u00fcchen- und Haushaltswaren. Das im Jahr 2003 gegr\u00fcndete Unternehmen Joseph Joseph verbindet","breadcrumb":{"@id":"https:\/\/dev6.erresse-shop.it\/de\/shop\/einrichtung-haus\/badezimmer\/joseph-joseph-tota-waeschekorb-60-liter-gruen\/#breadcrumb"},"inLanguage":"de","potentialAction":[{"@type":"ReadAction","target":["https:\/\/dev6.erresse-shop.it\/de\/shop\/einrichtung-haus\/badezimmer\/joseph-joseph-tota-waeschekorb-60-liter-gruen\/"]}]},{"@type":"ImageObject","inLanguage":"de","@id":"https:\/\/dev6.erresse-shop.it\/de\/shop\/einrichtung-haus\/badezimmer\/joseph-joseph-tota-waeschekorb-60-liter-gruen\/#primaryimage","url":"https:\/\/i0.wp.com\/interpim.erresse-shop.it\/Import\/Prodotti\/joseph-joseph-tota-cesto-da-biancheria-60-litri-verde-1.jpg?ssl=1","contentUrl":"https:\/\/i0.wp.com\/interpim.erresse-shop.it\/Import\/Prodotti\/joseph-joseph-tota-cesto-da-biancheria-60-litri-verde-1.jpg?ssl=1"},{"@type":"BreadcrumbList","@id":"https:\/\/dev6.erresse-shop.it\/de\/shop\/einrichtung-haus\/badezimmer\/joseph-joseph-tota-waeschekorb-60-liter-gruen\/#breadcrumb","itemListElement":[{"@type":"ListItem","position":1,"name":"Home","item":"https:\/\/dev6.erresse-shop.it\/"},{"@type":"ListItem","position":2,"name":"Shop","item":"https:\/\/dev6.erresse-shop.it\/shop\/"},{"@type":"ListItem","position":3,"name":"JOSEPH JOSEPH Tota W\u00e4schekorb 60 Liter Gr\u00fcn"}]},{"@type":"WebSite","@id":"https:\/\/dev6.erresse-shop.it\/#website","url":"https:\/\/dev6.erresse-shop.it\/","name":"Erresse Shop","description":"","publisher":{"@id":"https:\/\/dev6.erresse-shop.it\/#organization"},"potentialAction":[{"@type":"SearchAction","target":{"@type":"EntryPoint","urlTemplate":"https:\/\/dev6.erresse-shop.it\/?s={search_term_string}"},"query-input":{"@type":"PropertyValueSpecification","valueRequired":true,"valueName":"search_term_string"}}],"inLanguage":"de"},{"@type":"Organization","@id":"https:\/\/dev6.erresse-shop.it\/#organization","name":"Erresse Shop","url":"https:\/\/dev6.erresse-shop.it\/","logo":{"@type":"ImageObject","inLanguage":"de","@id":"https:\/\/dev6.erresse-shop.it\/#\/schema\/logo\/image\/","url":"https:\/\/dev6.erresse-shop.it\/wp-content\/uploads\/2025\/01\/LOGO-ERRESSE-CLASSICO.svg","contentUrl":"https:\/\/dev6.erresse-shop.it\/wp-content\/uploads\/2025\/01\/LOGO-ERRESSE-CLASSICO.svg","caption":"Erresse Shop"},"image":{"@id":"https:\/\/dev6.erresse-shop.it\/#\/schema\/logo\/image\/"}}]}},"df_price":89,"df_sale_price":89,"df_regular_price":99.99,"df_image_link":"https:\/\/i0.wp.com\/interpim.erresse-shop.it\/Import\/Prodotti\/joseph-joseph-tota-cesto-da-biancheria-60-litri-verde-1.jpg?resize=300,300&ssl=1","fifu_image_url":"https:\/\/interpim.erresse-shop.it\/Import\/Prodotti\/joseph-joseph-tota-cesto-da-biancheria-60-litri-verde-1.jpg","_links":{"self":[{"href":"https:\/\/dev6.erresse-shop.it\/de\/wp-json\/wp\/v2\/product\/53207","targetHints":{"allow":["GET"]}}],"collection":[{"href":"https:\/\/dev6.erresse-shop.it\/de\/wp-json\/wp\/v2\/product"}],"about":[{"href":"https:\/\/dev6.erresse-shop.it\/de\/wp-json\/wp\/v2\/types\/product"}],"wp:featuredmedia":[{"embeddable":true,"href":"https:\/\/dev6.erresse-shop.it\/de\/wp-json\/wp\/v2\/media\/6364129"}],"wp:attachment":[{"href":"https:\/\/dev6.erresse-shop.it\/de\/wp-json\/wp\/v2\/media?parent=53207"}],"wp:term":[{"taxonomy":"product_cat","embeddable":true,"href":"https:\/\/dev6.erresse-shop.it\/de\/wp-json\/wp\/v2\/product_cat?post=53207"},{"taxonomy":"product_tag","embeddable":true,"href":"https:\/\/dev6.erresse-shop.it\/de\/wp-json\/wp\/v2\/product_tag?post=53207"}],"curies":[{"name":"wp","href":"https:\/\/api.w.org\/{rel}","templated":true}]}}