{"id":53189,"date":"2026-04-04T09:53:01","date_gmt":"2026-04-04T07:53:01","guid":{"rendered":"https:\/\/dev6.erresse-shop.it\/shop\/unkategorisiert\/le-creuset-gusseisen-evolution-oval-cocotte-31-cm-nectar\/"},"modified":"2025-09-14T01:21:21","modified_gmt":"2025-09-13T23:21:21","slug":"le-creuset-gusseisen-evolution-oval-cocotte-31-cm-nectar","status":"publish","type":"product","link":"https:\/\/dev6.erresse-shop.it\/de\/shop\/toepfe-pfannen\/schalldaempfer-und-kokotten\/le-creuset-gusseisen-evolution-oval-cocotte-31-cm-nectar\/","title":{"rendered":"LE CREUSET Gusseisen Evolution Oval Cocotte 31 cm Nectar"},"content":{"rendered":"<p>ALLE AN DEN TISCH!<\/p>\n<p>Genauso vielseitig wie das klassische runde Modell, kann diese ovale Cocotte eine ganze Lammkeule aufnehmen, ohne den gesamten Ofen zu belegen, so dass Sie auch Platz f\u00fcr Beilagen haben. Wohin auch immer Ihre kulinarische Phantasie Sie f\u00fchrt, Sie haben den idealen Begleiter f\u00fcr eine berauschende Reise der Geschm\u00e4cker und Aromen gefunden.<\/p>\n<p>Seit Generationen sch\u00e4tzen Familien die klassische gusseiserne Cocotte, die die W\u00e4rme gleichm\u00e4\u00dfig verteilt. Gusseisen ist ein hervorragender W\u00e4rmeleiter und damit eines der besten Materialien f\u00fcr die K\u00fcche. Au\u00dferdem haben Boden, W\u00e4nde und Deckel die gleiche Dicke, was eine gleichm\u00e4\u00dfige W\u00e4rmeaufnahme und -verteilung gew\u00e4hrleistet, ohne dass \u00fcberhitzte Zonen entstehen. Dadurch verbrennen die Lebensmittel nicht und bleiben nicht roh. Au\u00dferdem verlieren sie beim Kochen keine Fl\u00fcssigkeit, so dass N\u00e4hrstoffe und Vitamine erhalten bleiben.<\/p>\n<p>Eigenschaften von emaillierten gusseisernen T\u00f6pfen<\/p>\n<p>\u2013 Gleichm\u00e4\u00dfige W\u00e4rmeverteilung ohne \u00dcberhitzungszonen.<br \/>\n\u2013 Hervorragende W\u00e4rmespeicherung.<br \/>\n\u2013 Knauf aus rostfreiem Stahl, der allen Temperaturen standh\u00e4lt.<br \/>\n\u2013 Griffe f\u00fcr optimalen Halt.<br \/>\n\u2013 Glasierte Innen- und Au\u00dfenfl\u00e4che. Nimmt keine Feuchtigkeit, keinen Geschmack oder Geruch von Lebensmitteln an.<br \/>\n\u2013 Von Spitzenk\u00f6chen und Bloggern zum Brotbacken empfohlen.<br \/>\n\u2013 Leichte Reinigung.<br \/>\n\u2013 Au\u00dfergew\u00f6hnliche Haltbarkeit.<\/p>\n<p>Material: verglastes Gusseisen<br \/>\nHergestellt in: Frankreich<br \/>\nGarantie: lebenslang<\/p>\n<p>Fassungsverm\u00f6gen: 6,3 l<\/p>\n<p>W\u00e4rmequelle:<\/p>\n<p>Backofen<br \/>\nBackofen Grill-Modus<br \/>\nKochfeld Elektrisch<br \/>\nGlaskeramik<br \/>\nGas-Kochfeld<br \/>\nInduktionskochfeld<\/p>\n<p>Reinigung und Pflege:<\/p>\n<p>Warten Sie, bis das Produkt abgek\u00fchlt ist, bevor Sie es reinigen.<br \/>\nReinigen Sie den Boden und die Seiten des Ger\u00e4ts von Essensresten. Wenn Essensreste daran haften, f\u00fcllen Sie das Ger\u00e4t mit warmem Seifenwasser und lassen Sie es 15-20 Minuten einweichen, bevor Sie es wie gewohnt waschen.<br \/>\nVerwenden Sie keine Scheuermittel oder scheuernde oder sehr steife Metallschw\u00e4mme oder B\u00fcrsten f\u00fcr die Oberfl\u00e4chen.<br \/>\nNach dem Waschen gut abtrocknen und an einem trockenen Ort aufbewahren.<\/p>\n","protected":false},"excerpt":{"rendered":"<p>ALLE AN DEN TISCH! Genauso vielseitig wie das klassische runde Modell, kann diese ovale Cocotte eine ganze Lammkeule aufnehmen, ohne den gesamten Ofen zu belegen, so dass Sie auch Platz f\u00fcr Beilagen haben. Wohin auch immer Ihre kulinarische Phantasie Sie f\u00fchrt, Sie haben den idealen Begleiter f\u00fcr eine berauschende Reise der Geschm\u00e4cker und Aromen gefunden. [&hellip;]<\/p>\n","protected":false},"featured_media":6280716,"template":"","meta":{"_acf_changed":false},"product_cat":[11667,12108,12099],"product_tag":[],"class_list":{"0":"post-53189","1":"product","2":"type-product","3":"status-publish","4":"has-post-thumbnail","6":"product_cat-padelle-pentole","7":"product_cat-schalldaempfer-und-kokotten","8":"product_cat-toepfe-pfannen","10":"first","11":"instock","12":"sale","13":"taxable","14":"shipping-taxable","15":"purchasable","16":"product-type-simple","swatches":"rey-swatches","show_selected":"","stretch_labels":"rey-swatches--stretch-labels"},"acf":[],"yoast_head":"<!-- This site is optimized with the Yoast SEO plugin v25.4 - https:\/\/yoast.com\/wordpress\/plugins\/seo\/ -->\n<title>LE CREUSET Gusseisen Evolution Oval Cocotte 31 cm Nectar - dev6 Erresse<\/title>\n<meta name=\"description\" content=\"ALLE AN DEN TISCH! Genauso vielseitig wie das klassische runde Modell, kann diese ovale Cocotte eine ganze Lammkeule aufnehmen, ohne den gesamten Ofen zu\" \/>\n<meta name=\"robots\" content=\"noindex, follow, max-snippet:-1, max-image-preview:large, max-video-preview:-1\" \/>\n<meta property=\"og:locale\" content=\"de_DE\" \/>\n<meta property=\"og:type\" content=\"article\" \/>\n<meta property=\"og:title\" content=\"LE CREUSET Gusseisen Evolution Oval Cocotte 31 cm Nectar - dev6 Erresse\" \/>\n<meta property=\"og:description\" content=\"ALLE AN DEN TISCH! Genauso vielseitig wie das klassische runde Modell, kann diese ovale Cocotte eine ganze Lammkeule aufnehmen, ohne den gesamten Ofen zu\" \/>\n<meta property=\"og:url\" content=\"https:\/\/dev6.erresse-shop.it\/de\/shop\/toepfe-pfannen\/schalldaempfer-und-kokotten\/le-creuset-gusseisen-evolution-oval-cocotte-31-cm-nectar\/\" \/>\n<meta property=\"og:site_name\" content=\"dev6 Erresse\" \/>\n<meta property=\"og:image\" content=\"https:\/\/interpim.erresse-shop.it\/Import\/Prodotti\/le-creuset-cocotte-evolution-in-ghisa-31-cm-nectar.jpg\" \/><meta property=\"og:image\" content=\"https:\/\/interpim.erresse-shop.it\/Import\/Prodotti\/le-creuset-cocotte-evolution-in-ghisa-31-cm-nectar.jpg\" \/>\n\t<meta property=\"og:image:width\" content=\"1024\" \/>\n\t<meta property=\"og:image:height\" content=\"1024\" \/>\n\t<meta property=\"og:image:type\" content=\"image\/jpeg\" \/>\n<meta name=\"twitter:card\" content=\"summary_large_image\" \/>\n<meta name=\"twitter:image\" content=\"https:\/\/interpim.erresse-shop.it\/Import\/Prodotti\/le-creuset-cocotte-evolution-in-ghisa-31-cm-nectar.jpg\" \/>\n<script type=\"application\/ld+json\" class=\"yoast-schema-graph\">{\"@context\":\"https:\/\/schema.org\",\"@graph\":[{\"@type\":\"WebPage\",\"@id\":\"https:\/\/dev6.erresse-shop.it\/de\/shop\/toepfe-pfannen\/schalldaempfer-und-kokotten\/le-creuset-gusseisen-evolution-oval-cocotte-31-cm-nectar\/\",\"url\":\"https:\/\/dev6.erresse-shop.it\/de\/shop\/toepfe-pfannen\/schalldaempfer-und-kokotten\/le-creuset-gusseisen-evolution-oval-cocotte-31-cm-nectar\/\",\"name\":\"LE CREUSET Gusseisen Evolution Oval Cocotte 31 cm Nectar - dev6 Erresse\",\"isPartOf\":{\"@id\":\"https:\/\/dev6.erresse-shop.it\/#website\"},\"primaryImageOfPage\":{\"@id\":\"https:\/\/dev6.erresse-shop.it\/de\/shop\/toepfe-pfannen\/schalldaempfer-und-kokotten\/le-creuset-gusseisen-evolution-oval-cocotte-31-cm-nectar\/#primaryimage\"},\"image\":{\"@id\":\"https:\/\/dev6.erresse-shop.it\/de\/shop\/toepfe-pfannen\/schalldaempfer-und-kokotten\/le-creuset-gusseisen-evolution-oval-cocotte-31-cm-nectar\/#primaryimage\"},\"thumbnailUrl\":\"https:\/\/i3.wp.com\/interpim.erresse-shop.it\/Import\/Prodotti\/le-creuset-cocotte-evolution-in-ghisa-31-cm-nectar.jpg?ssl=1\",\"datePublished\":\"2026-04-04T07:53:01+00:00\",\"description\":\"ALLE AN DEN TISCH! Genauso vielseitig wie das klassische runde Modell, kann diese ovale Cocotte eine ganze Lammkeule aufnehmen, ohne den gesamten Ofen zu\",\"breadcrumb\":{\"@id\":\"https:\/\/dev6.erresse-shop.it\/de\/shop\/toepfe-pfannen\/schalldaempfer-und-kokotten\/le-creuset-gusseisen-evolution-oval-cocotte-31-cm-nectar\/#breadcrumb\"},\"inLanguage\":\"de\",\"potentialAction\":[{\"@type\":\"ReadAction\",\"target\":[\"https:\/\/dev6.erresse-shop.it\/de\/shop\/toepfe-pfannen\/schalldaempfer-und-kokotten\/le-creuset-gusseisen-evolution-oval-cocotte-31-cm-nectar\/\"]}]},{\"@type\":\"ImageObject\",\"inLanguage\":\"de\",\"@id\":\"https:\/\/dev6.erresse-shop.it\/de\/shop\/toepfe-pfannen\/schalldaempfer-und-kokotten\/le-creuset-gusseisen-evolution-oval-cocotte-31-cm-nectar\/#primaryimage\",\"url\":\"https:\/\/i3.wp.com\/interpim.erresse-shop.it\/Import\/Prodotti\/le-creuset-cocotte-evolution-in-ghisa-31-cm-nectar.jpg?ssl=1\",\"contentUrl\":\"https:\/\/i3.wp.com\/interpim.erresse-shop.it\/Import\/Prodotti\/le-creuset-cocotte-evolution-in-ghisa-31-cm-nectar.jpg?ssl=1\"},{\"@type\":\"BreadcrumbList\",\"@id\":\"https:\/\/dev6.erresse-shop.it\/de\/shop\/toepfe-pfannen\/schalldaempfer-und-kokotten\/le-creuset-gusseisen-evolution-oval-cocotte-31-cm-nectar\/#breadcrumb\",\"itemListElement\":[{\"@type\":\"ListItem\",\"position\":1,\"name\":\"Home\",\"item\":\"https:\/\/dev6.erresse-shop.it\/\"},{\"@type\":\"ListItem\",\"position\":2,\"name\":\"Shop\",\"item\":\"https:\/\/dev6.erresse-shop.it\/shop\/\"},{\"@type\":\"ListItem\",\"position\":3,\"name\":\"LE CREUSET Gusseisen Evolution Oval Cocotte 31 cm Nectar\"}]},{\"@type\":\"WebSite\",\"@id\":\"https:\/\/dev6.erresse-shop.it\/#website\",\"url\":\"https:\/\/dev6.erresse-shop.it\/\",\"name\":\"Erresse Shop\",\"description\":\"\",\"publisher\":{\"@id\":\"https:\/\/dev6.erresse-shop.it\/#organization\"},\"potentialAction\":[{\"@type\":\"SearchAction\",\"target\":{\"@type\":\"EntryPoint\",\"urlTemplate\":\"https:\/\/dev6.erresse-shop.it\/?s={search_term_string}\"},\"query-input\":{\"@type\":\"PropertyValueSpecification\",\"valueRequired\":true,\"valueName\":\"search_term_string\"}}],\"inLanguage\":\"de\"},{\"@type\":\"Organization\",\"@id\":\"https:\/\/dev6.erresse-shop.it\/#organization\",\"name\":\"Erresse Shop\",\"url\":\"https:\/\/dev6.erresse-shop.it\/\",\"logo\":{\"@type\":\"ImageObject\",\"inLanguage\":\"de\",\"@id\":\"https:\/\/dev6.erresse-shop.it\/#\/schema\/logo\/image\/\",\"url\":\"https:\/\/dev6.erresse-shop.it\/wp-content\/uploads\/2025\/01\/LOGO-ERRESSE-CLASSICO.svg\",\"contentUrl\":\"https:\/\/dev6.erresse-shop.it\/wp-content\/uploads\/2025\/01\/LOGO-ERRESSE-CLASSICO.svg\",\"caption\":\"Erresse Shop\"},\"image\":{\"@id\":\"https:\/\/dev6.erresse-shop.it\/#\/schema\/logo\/image\/\"}}]}<\/script>\n<!-- \/ Yoast SEO plugin. -->","yoast_head_json":{"title":"LE CREUSET Gusseisen Evolution Oval Cocotte 31 cm Nectar - dev6 Erresse","description":"ALLE AN DEN TISCH! Genauso vielseitig wie das klassische runde Modell, kann diese ovale Cocotte eine ganze Lammkeule aufnehmen, ohne den gesamten Ofen zu","robots":{"index":"noindex","follow":"follow","max-snippet":"max-snippet:-1","max-image-preview":"max-image-preview:large","max-video-preview":"max-video-preview:-1"},"og_locale":"de_DE","og_type":"article","og_title":"LE CREUSET Gusseisen Evolution Oval Cocotte 31 cm Nectar - dev6 Erresse","og_description":"ALLE AN DEN TISCH! Genauso vielseitig wie das klassische runde Modell, kann diese ovale Cocotte eine ganze Lammkeule aufnehmen, ohne den gesamten Ofen zu","og_url":"https:\/\/dev6.erresse-shop.it\/de\/shop\/toepfe-pfannen\/schalldaempfer-und-kokotten\/le-creuset-gusseisen-evolution-oval-cocotte-31-cm-nectar\/","og_site_name":"dev6 Erresse","og_image":[{"url":"https:\/\/interpim.erresse-shop.it\/Import\/Prodotti\/le-creuset-cocotte-evolution-in-ghisa-31-cm-nectar.jpg","type":"","width":"","height":""},{"url":"https:\/\/interpim.erresse-shop.it\/Import\/Prodotti\/le-creuset-cocotte-evolution-in-ghisa-31-cm-nectar.jpg","width":1024,"height":1024,"type":"image\/jpeg"}],"twitter_card":"summary_large_image","twitter_image":"https:\/\/interpim.erresse-shop.it\/Import\/Prodotti\/le-creuset-cocotte-evolution-in-ghisa-31-cm-nectar.jpg","schema":{"@context":"https:\/\/schema.org","@graph":[{"@type":"WebPage","@id":"https:\/\/dev6.erresse-shop.it\/de\/shop\/toepfe-pfannen\/schalldaempfer-und-kokotten\/le-creuset-gusseisen-evolution-oval-cocotte-31-cm-nectar\/","url":"https:\/\/dev6.erresse-shop.it\/de\/shop\/toepfe-pfannen\/schalldaempfer-und-kokotten\/le-creuset-gusseisen-evolution-oval-cocotte-31-cm-nectar\/","name":"LE CREUSET Gusseisen Evolution Oval Cocotte 31 cm Nectar - dev6 Erresse","isPartOf":{"@id":"https:\/\/dev6.erresse-shop.it\/#website"},"primaryImageOfPage":{"@id":"https:\/\/dev6.erresse-shop.it\/de\/shop\/toepfe-pfannen\/schalldaempfer-und-kokotten\/le-creuset-gusseisen-evolution-oval-cocotte-31-cm-nectar\/#primaryimage"},"image":{"@id":"https:\/\/dev6.erresse-shop.it\/de\/shop\/toepfe-pfannen\/schalldaempfer-und-kokotten\/le-creuset-gusseisen-evolution-oval-cocotte-31-cm-nectar\/#primaryimage"},"thumbnailUrl":"https:\/\/i3.wp.com\/interpim.erresse-shop.it\/Import\/Prodotti\/le-creuset-cocotte-evolution-in-ghisa-31-cm-nectar.jpg?ssl=1","datePublished":"2026-04-04T07:53:01+00:00","description":"ALLE AN DEN TISCH! Genauso vielseitig wie das klassische runde Modell, kann diese ovale Cocotte eine ganze Lammkeule aufnehmen, ohne den gesamten Ofen zu","breadcrumb":{"@id":"https:\/\/dev6.erresse-shop.it\/de\/shop\/toepfe-pfannen\/schalldaempfer-und-kokotten\/le-creuset-gusseisen-evolution-oval-cocotte-31-cm-nectar\/#breadcrumb"},"inLanguage":"de","potentialAction":[{"@type":"ReadAction","target":["https:\/\/dev6.erresse-shop.it\/de\/shop\/toepfe-pfannen\/schalldaempfer-und-kokotten\/le-creuset-gusseisen-evolution-oval-cocotte-31-cm-nectar\/"]}]},{"@type":"ImageObject","inLanguage":"de","@id":"https:\/\/dev6.erresse-shop.it\/de\/shop\/toepfe-pfannen\/schalldaempfer-und-kokotten\/le-creuset-gusseisen-evolution-oval-cocotte-31-cm-nectar\/#primaryimage","url":"https:\/\/i3.wp.com\/interpim.erresse-shop.it\/Import\/Prodotti\/le-creuset-cocotte-evolution-in-ghisa-31-cm-nectar.jpg?ssl=1","contentUrl":"https:\/\/i3.wp.com\/interpim.erresse-shop.it\/Import\/Prodotti\/le-creuset-cocotte-evolution-in-ghisa-31-cm-nectar.jpg?ssl=1"},{"@type":"BreadcrumbList","@id":"https:\/\/dev6.erresse-shop.it\/de\/shop\/toepfe-pfannen\/schalldaempfer-und-kokotten\/le-creuset-gusseisen-evolution-oval-cocotte-31-cm-nectar\/#breadcrumb","itemListElement":[{"@type":"ListItem","position":1,"name":"Home","item":"https:\/\/dev6.erresse-shop.it\/"},{"@type":"ListItem","position":2,"name":"Shop","item":"https:\/\/dev6.erresse-shop.it\/shop\/"},{"@type":"ListItem","position":3,"name":"LE CREUSET Gusseisen Evolution Oval Cocotte 31 cm Nectar"}]},{"@type":"WebSite","@id":"https:\/\/dev6.erresse-shop.it\/#website","url":"https:\/\/dev6.erresse-shop.it\/","name":"Erresse Shop","description":"","publisher":{"@id":"https:\/\/dev6.erresse-shop.it\/#organization"},"potentialAction":[{"@type":"SearchAction","target":{"@type":"EntryPoint","urlTemplate":"https:\/\/dev6.erresse-shop.it\/?s={search_term_string}"},"query-input":{"@type":"PropertyValueSpecification","valueRequired":true,"valueName":"search_term_string"}}],"inLanguage":"de"},{"@type":"Organization","@id":"https:\/\/dev6.erresse-shop.it\/#organization","name":"Erresse Shop","url":"https:\/\/dev6.erresse-shop.it\/","logo":{"@type":"ImageObject","inLanguage":"de","@id":"https:\/\/dev6.erresse-shop.it\/#\/schema\/logo\/image\/","url":"https:\/\/dev6.erresse-shop.it\/wp-content\/uploads\/2025\/01\/LOGO-ERRESSE-CLASSICO.svg","contentUrl":"https:\/\/dev6.erresse-shop.it\/wp-content\/uploads\/2025\/01\/LOGO-ERRESSE-CLASSICO.svg","caption":"Erresse Shop"},"image":{"@id":"https:\/\/dev6.erresse-shop.it\/#\/schema\/logo\/image\/"}}]}},"df_price":289.95,"df_sale_price":289.95,"df_regular_price":425,"df_image_link":"https:\/\/i3.wp.com\/interpim.erresse-shop.it\/Import\/Prodotti\/le-creuset-cocotte-evolution-in-ghisa-31-cm-nectar.jpg?resize=300,300&ssl=1","fifu_image_url":"https:\/\/interpim.erresse-shop.it\/Import\/Prodotti\/le-creuset-cocotte-evolution-in-ghisa-31-cm-nectar.jpg","_links":{"self":[{"href":"https:\/\/dev6.erresse-shop.it\/de\/wp-json\/wp\/v2\/product\/53189","targetHints":{"allow":["GET"]}}],"collection":[{"href":"https:\/\/dev6.erresse-shop.it\/de\/wp-json\/wp\/v2\/product"}],"about":[{"href":"https:\/\/dev6.erresse-shop.it\/de\/wp-json\/wp\/v2\/types\/product"}],"wp:featuredmedia":[{"embeddable":true,"href":"https:\/\/dev6.erresse-shop.it\/de\/wp-json\/wp\/v2\/media\/6280716"}],"wp:attachment":[{"href":"https:\/\/dev6.erresse-shop.it\/de\/wp-json\/wp\/v2\/media?parent=53189"}],"wp:term":[{"taxonomy":"product_cat","embeddable":true,"href":"https:\/\/dev6.erresse-shop.it\/de\/wp-json\/wp\/v2\/product_cat?post=53189"},{"taxonomy":"product_tag","embeddable":true,"href":"https:\/\/dev6.erresse-shop.it\/de\/wp-json\/wp\/v2\/product_tag?post=53189"}],"curies":[{"name":"wp","href":"https:\/\/api.w.org\/{rel}","templated":true}]}}