{"id":53161,"date":"2026-04-12T09:53:45","date_gmt":"2026-04-12T07:53:45","guid":{"rendered":"https:\/\/dev6.erresse-shop.it\/shop\/unkategorisiert\/le-creuset-gusseisen-evolution-runde-cocotte-22-cm-flint\/"},"modified":"2025-09-14T01:20:43","modified_gmt":"2025-09-13T23:20:43","slug":"le-creuset-gusseisen-evolution-runde-cocotte-22-cm-flint","status":"publish","type":"product","link":"https:\/\/dev6.erresse-shop.it\/de\/shop\/toepfe-pfannen\/schalldaempfer-und-kokotten\/le-creuset-gusseisen-evolution-runde-cocotte-22-cm-flint\/","title":{"rendered":"Le Creuset Gusseisen Evolution Runde Cocotte 22 cm Flint"},"content":{"rendered":"<p>DIE K\u00d6NIGIN DER K\u00dcCHE<br \/>\nSeit fast einem Jahrhundert begeistert sie K\u00f6che und K\u00fcchenchefs in aller Welt: die Cocotte von Le Creuset, ein echter Klassiker. Perfekt konstruiert, um aus jedem Rezept ein geschmackliches Meisterwerk zu machen, wird er Ihr untrennbarer Verb\u00fcndeter bei der Zubereitung von Eint\u00f6pfen, Braten, Suppen und Aufl\u00e4ufen, aber auch beim Backen sein.<\/p>\n<p>Die runde Cocotte Evolution von Le Creuset ist in jeder K\u00fcche unverzichtbar f\u00fcr die Zubereitung schmackhafter und gesunder Gerichte! Dank ihrer Vielseitigkeit wird die runde Cocotte von Le Creuset Ihr t\u00e4glicher Verb\u00fcndeter beim Kochen von Gem\u00fcse, Risotto, Saucen, Brot und tausend anderen Rezepten, mit denen Sie Ihre G\u00e4ste \u00fcberraschen werden.<br \/>\nEmailliertes Gusseisen ist als hervorragender W\u00e4rmeleiter eines der besten Materialien, die in der K\u00fcche verwendet werden k\u00f6nnen. Au\u00dferdem haben Boden, W\u00e4nde und Deckel die gleiche Dicke, was eine gleichm\u00e4\u00dfige W\u00e4rmeaufnahme und -verteilung gew\u00e4hrleistet, ohne dass \u00fcberhitzte Zonen entstehen. Dadurch brennen die Lebensmittel nicht an und bleiben im Inneren nicht roh. Au\u00dferdem verlieren sie beim Kochen keine Fl\u00fcssigkeit, so dass ihre N\u00e4hrstoffe und Vitamine erhalten bleiben.<\/p>\n<p>Die gusseiserne, emaillierte Cocotte von Le Creuset ist seit Generationen ein Synonym f\u00fcr gutes Kochen und hohe Qualit\u00e4t. Sie bringt gesundes Kochen auf die Tische und in die K\u00fcchen der ganzen Welt, passend zu den besten Rezepten.<\/p>\n<p>Eigenschaften von emaillierten Gusseisen-Cocottes<\/p>\n<p>\u2013 Gleichm\u00e4\u00dfige W\u00e4rmeverteilung ohne \u00dcberhitzungszonen.<br \/>\n\u2013 Hervorragende W\u00e4rmespeicherung.<br \/>\n\u2013 Knauf aus rostfreiem Stahl, best\u00e4ndig gegen alle Temperaturen.<br \/>\n\u2013 Die Griffe sind f\u00fcr optimalen Halt konzipiert.<br \/>\n\u2013 Innen- und Au\u00dfenfl\u00e4che glasiert. Nimmt keine Feuchtigkeit, keinen Geschmack oder Geruch von Lebensmitteln auf.<br \/>\n\u2013 Von Spitzenk\u00f6chen und Bloggern zum Brotbacken empfohlen.<br \/>\n\u2013 Leichte Reinigung.<br \/>\n\u2013 Au\u00dfergew\u00f6hnliche Haltbarkeit.<\/p>\n<p>Material: verglastes Gusseisen<br \/>\nHergestellt in: Frankreich<br \/>\nGarantie: lebenslang<\/p>\n<p>Capacit\u00e9 : 3,3 L<\/p>\n<p>W\u00e4rmequelle:<\/p>\n<p>Backofen<br \/>\nBackofen Grill-Modus<br \/>\nKochfeld elektrisch<br \/>\nKeramisches Glas<br \/>\nGas-Kochfeld<br \/>\nInduktionskochfeld<\/p>\n<p>Reinigung und Pflege:<\/p>\n<p>Warten Sie, bis das Produkt abgek\u00fchlt ist, bevor Sie es reinigen.<br \/>\nReinigen Sie den Boden und die Seiten des Produkts von eventuellen R\u00fcckst\u00e4nden. Wenn Lebensmittel daran haften, f\u00fcllen Sie das Produkt mit warmer Seifenlauge und lassen Sie es 15-20 Minuten einweichen, bevor Sie es wie gewohnt waschen.<br \/>\nVerwenden Sie keine scheuernden Reinigungsmittel oder scheuernde oder sehr steife Metallschw\u00e4mme oder B\u00fcrsten f\u00fcr die Oberfl\u00e4chen.<br \/>\nNach dem Waschen gut abtrocknen und an einem trockenen Ort aufbewahren.<\/p>\n","protected":false},"excerpt":{"rendered":"<p>DIE K\u00d6NIGIN DER K\u00dcCHE Seit fast einem Jahrhundert begeistert sie K\u00f6che und K\u00fcchenchefs in aller Welt: die Cocotte von Le Creuset, ein echter Klassiker. Perfekt konstruiert, um aus jedem Rezept ein geschmackliches Meisterwerk zu machen, wird er Ihr untrennbarer Verb\u00fcndeter bei der Zubereitung von Eint\u00f6pfen, Braten, Suppen und Aufl\u00e4ufen, aber auch beim Backen sein. Die [&hellip;]<\/p>\n","protected":false},"featured_media":6363801,"template":"","meta":{"_acf_changed":false},"product_cat":[11667,12108,12099],"product_tag":[],"class_list":{"0":"post-53161","1":"product","2":"type-product","3":"status-publish","4":"has-post-thumbnail","6":"product_cat-padelle-pentole","7":"product_cat-schalldaempfer-und-kokotten","8":"product_cat-toepfe-pfannen","10":"first","11":"instock","12":"sale","13":"taxable","14":"shipping-taxable","15":"purchasable","16":"product-type-simple","swatches":"rey-swatches","show_selected":"","stretch_labels":"rey-swatches--stretch-labels"},"acf":[],"yoast_head":"<!-- This site is optimized with the Yoast SEO plugin v25.4 - https:\/\/yoast.com\/wordpress\/plugins\/seo\/ -->\n<title>Le Creuset Gusseisen Evolution Runde Cocotte 22 cm Flint - dev6 Erresse<\/title>\n<meta name=\"description\" content=\"DIE K\u00d6NIGIN DER K\u00dcCHE Seit fast einem Jahrhundert begeistert sie K\u00f6che und K\u00fcchenchefs in aller Welt: die Cocotte von Le Creuset, ein echter Klassiker.\" \/>\n<meta name=\"robots\" content=\"noindex, follow, max-snippet:-1, max-image-preview:large, max-video-preview:-1\" \/>\n<meta property=\"og:locale\" content=\"de_DE\" \/>\n<meta property=\"og:type\" content=\"article\" \/>\n<meta property=\"og:title\" content=\"Le Creuset Gusseisen Evolution Runde Cocotte 22 cm Flint - dev6 Erresse\" \/>\n<meta property=\"og:description\" content=\"DIE K\u00d6NIGIN DER K\u00dcCHE Seit fast einem Jahrhundert begeistert sie K\u00f6che und K\u00fcchenchefs in aller Welt: die Cocotte von Le Creuset, ein echter Klassiker.\" \/>\n<meta property=\"og:url\" content=\"https:\/\/dev6.erresse-shop.it\/de\/shop\/toepfe-pfannen\/schalldaempfer-und-kokotten\/le-creuset-gusseisen-evolution-runde-cocotte-22-cm-flint\/\" \/>\n<meta property=\"og:site_name\" content=\"dev6 Erresse\" \/>\n<meta property=\"og:image\" content=\"https:\/\/interpim.erresse-shop.it\/Import\/Prodotti\/le-creuset-cocotte-rotonda-evolution-in-ghisa-20-cm-flint.jpg\" \/><meta property=\"og:image\" content=\"https:\/\/interpim.erresse-shop.it\/Import\/Prodotti\/le-creuset-cocotte-rotonda-evolution-in-ghisa-20-cm-flint.jpg\" \/>\n\t<meta property=\"og:image:width\" content=\"1024\" \/>\n\t<meta property=\"og:image:height\" content=\"1024\" \/>\n\t<meta property=\"og:image:type\" content=\"image\/jpeg\" \/>\n<meta name=\"twitter:card\" content=\"summary_large_image\" \/>\n<meta name=\"twitter:image\" content=\"https:\/\/interpim.erresse-shop.it\/Import\/Prodotti\/le-creuset-cocotte-rotonda-evolution-in-ghisa-20-cm-flint.jpg\" \/>\n<script type=\"application\/ld+json\" class=\"yoast-schema-graph\">{\"@context\":\"https:\/\/schema.org\",\"@graph\":[{\"@type\":\"WebPage\",\"@id\":\"https:\/\/dev6.erresse-shop.it\/de\/shop\/toepfe-pfannen\/schalldaempfer-und-kokotten\/le-creuset-gusseisen-evolution-runde-cocotte-22-cm-flint\/\",\"url\":\"https:\/\/dev6.erresse-shop.it\/de\/shop\/toepfe-pfannen\/schalldaempfer-und-kokotten\/le-creuset-gusseisen-evolution-runde-cocotte-22-cm-flint\/\",\"name\":\"Le Creuset Gusseisen Evolution Runde Cocotte 22 cm Flint - dev6 Erresse\",\"isPartOf\":{\"@id\":\"https:\/\/dev6.erresse-shop.it\/#website\"},\"primaryImageOfPage\":{\"@id\":\"https:\/\/dev6.erresse-shop.it\/de\/shop\/toepfe-pfannen\/schalldaempfer-und-kokotten\/le-creuset-gusseisen-evolution-runde-cocotte-22-cm-flint\/#primaryimage\"},\"image\":{\"@id\":\"https:\/\/dev6.erresse-shop.it\/de\/shop\/toepfe-pfannen\/schalldaempfer-und-kokotten\/le-creuset-gusseisen-evolution-runde-cocotte-22-cm-flint\/#primaryimage\"},\"thumbnailUrl\":\"https:\/\/i3.wp.com\/interpim.erresse-shop.it\/Import\/Prodotti\/le-creuset-cocotte-rotonda-evolution-in-ghisa-20-cm-flint.jpg?ssl=1\",\"datePublished\":\"2026-04-12T07:53:45+00:00\",\"description\":\"DIE K\u00d6NIGIN DER K\u00dcCHE Seit fast einem Jahrhundert begeistert sie K\u00f6che und K\u00fcchenchefs in aller Welt: die Cocotte von Le Creuset, ein echter Klassiker.\",\"breadcrumb\":{\"@id\":\"https:\/\/dev6.erresse-shop.it\/de\/shop\/toepfe-pfannen\/schalldaempfer-und-kokotten\/le-creuset-gusseisen-evolution-runde-cocotte-22-cm-flint\/#breadcrumb\"},\"inLanguage\":\"de\",\"potentialAction\":[{\"@type\":\"ReadAction\",\"target\":[\"https:\/\/dev6.erresse-shop.it\/de\/shop\/toepfe-pfannen\/schalldaempfer-und-kokotten\/le-creuset-gusseisen-evolution-runde-cocotte-22-cm-flint\/\"]}]},{\"@type\":\"ImageObject\",\"inLanguage\":\"de\",\"@id\":\"https:\/\/dev6.erresse-shop.it\/de\/shop\/toepfe-pfannen\/schalldaempfer-und-kokotten\/le-creuset-gusseisen-evolution-runde-cocotte-22-cm-flint\/#primaryimage\",\"url\":\"https:\/\/i3.wp.com\/interpim.erresse-shop.it\/Import\/Prodotti\/le-creuset-cocotte-rotonda-evolution-in-ghisa-20-cm-flint.jpg?ssl=1\",\"contentUrl\":\"https:\/\/i3.wp.com\/interpim.erresse-shop.it\/Import\/Prodotti\/le-creuset-cocotte-rotonda-evolution-in-ghisa-20-cm-flint.jpg?ssl=1\"},{\"@type\":\"BreadcrumbList\",\"@id\":\"https:\/\/dev6.erresse-shop.it\/de\/shop\/toepfe-pfannen\/schalldaempfer-und-kokotten\/le-creuset-gusseisen-evolution-runde-cocotte-22-cm-flint\/#breadcrumb\",\"itemListElement\":[{\"@type\":\"ListItem\",\"position\":1,\"name\":\"Home\",\"item\":\"https:\/\/dev6.erresse-shop.it\/\"},{\"@type\":\"ListItem\",\"position\":2,\"name\":\"Shop\",\"item\":\"https:\/\/dev6.erresse-shop.it\/shop\/\"},{\"@type\":\"ListItem\",\"position\":3,\"name\":\"Le Creuset Gusseisen Evolution Runde Cocotte 22 cm Flint\"}]},{\"@type\":\"WebSite\",\"@id\":\"https:\/\/dev6.erresse-shop.it\/#website\",\"url\":\"https:\/\/dev6.erresse-shop.it\/\",\"name\":\"Erresse Shop\",\"description\":\"\",\"publisher\":{\"@id\":\"https:\/\/dev6.erresse-shop.it\/#organization\"},\"potentialAction\":[{\"@type\":\"SearchAction\",\"target\":{\"@type\":\"EntryPoint\",\"urlTemplate\":\"https:\/\/dev6.erresse-shop.it\/?s={search_term_string}\"},\"query-input\":{\"@type\":\"PropertyValueSpecification\",\"valueRequired\":true,\"valueName\":\"search_term_string\"}}],\"inLanguage\":\"de\"},{\"@type\":\"Organization\",\"@id\":\"https:\/\/dev6.erresse-shop.it\/#organization\",\"name\":\"Erresse Shop\",\"url\":\"https:\/\/dev6.erresse-shop.it\/\",\"logo\":{\"@type\":\"ImageObject\",\"inLanguage\":\"de\",\"@id\":\"https:\/\/dev6.erresse-shop.it\/#\/schema\/logo\/image\/\",\"url\":\"https:\/\/dev6.erresse-shop.it\/wp-content\/uploads\/2025\/01\/LOGO-ERRESSE-CLASSICO.svg\",\"contentUrl\":\"https:\/\/dev6.erresse-shop.it\/wp-content\/uploads\/2025\/01\/LOGO-ERRESSE-CLASSICO.svg\",\"caption\":\"Erresse Shop\"},\"image\":{\"@id\":\"https:\/\/dev6.erresse-shop.it\/#\/schema\/logo\/image\/\"}}]}<\/script>\n<!-- \/ Yoast SEO plugin. -->","yoast_head_json":{"title":"Le Creuset Gusseisen Evolution Runde Cocotte 22 cm Flint - dev6 Erresse","description":"DIE K\u00d6NIGIN DER K\u00dcCHE Seit fast einem Jahrhundert begeistert sie K\u00f6che und K\u00fcchenchefs in aller Welt: die Cocotte von Le Creuset, ein echter Klassiker.","robots":{"index":"noindex","follow":"follow","max-snippet":"max-snippet:-1","max-image-preview":"max-image-preview:large","max-video-preview":"max-video-preview:-1"},"og_locale":"de_DE","og_type":"article","og_title":"Le Creuset Gusseisen Evolution Runde Cocotte 22 cm Flint - dev6 Erresse","og_description":"DIE K\u00d6NIGIN DER K\u00dcCHE Seit fast einem Jahrhundert begeistert sie K\u00f6che und K\u00fcchenchefs in aller Welt: die Cocotte von Le Creuset, ein echter Klassiker.","og_url":"https:\/\/dev6.erresse-shop.it\/de\/shop\/toepfe-pfannen\/schalldaempfer-und-kokotten\/le-creuset-gusseisen-evolution-runde-cocotte-22-cm-flint\/","og_site_name":"dev6 Erresse","og_image":[{"url":"https:\/\/interpim.erresse-shop.it\/Import\/Prodotti\/le-creuset-cocotte-rotonda-evolution-in-ghisa-20-cm-flint.jpg","type":"","width":"","height":""},{"url":"https:\/\/interpim.erresse-shop.it\/Import\/Prodotti\/le-creuset-cocotte-rotonda-evolution-in-ghisa-20-cm-flint.jpg","width":1024,"height":1024,"type":"image\/jpeg"}],"twitter_card":"summary_large_image","twitter_image":"https:\/\/interpim.erresse-shop.it\/Import\/Prodotti\/le-creuset-cocotte-rotonda-evolution-in-ghisa-20-cm-flint.jpg","schema":{"@context":"https:\/\/schema.org","@graph":[{"@type":"WebPage","@id":"https:\/\/dev6.erresse-shop.it\/de\/shop\/toepfe-pfannen\/schalldaempfer-und-kokotten\/le-creuset-gusseisen-evolution-runde-cocotte-22-cm-flint\/","url":"https:\/\/dev6.erresse-shop.it\/de\/shop\/toepfe-pfannen\/schalldaempfer-und-kokotten\/le-creuset-gusseisen-evolution-runde-cocotte-22-cm-flint\/","name":"Le Creuset Gusseisen Evolution Runde Cocotte 22 cm Flint - dev6 Erresse","isPartOf":{"@id":"https:\/\/dev6.erresse-shop.it\/#website"},"primaryImageOfPage":{"@id":"https:\/\/dev6.erresse-shop.it\/de\/shop\/toepfe-pfannen\/schalldaempfer-und-kokotten\/le-creuset-gusseisen-evolution-runde-cocotte-22-cm-flint\/#primaryimage"},"image":{"@id":"https:\/\/dev6.erresse-shop.it\/de\/shop\/toepfe-pfannen\/schalldaempfer-und-kokotten\/le-creuset-gusseisen-evolution-runde-cocotte-22-cm-flint\/#primaryimage"},"thumbnailUrl":"https:\/\/i3.wp.com\/interpim.erresse-shop.it\/Import\/Prodotti\/le-creuset-cocotte-rotonda-evolution-in-ghisa-20-cm-flint.jpg?ssl=1","datePublished":"2026-04-12T07:53:45+00:00","description":"DIE K\u00d6NIGIN DER K\u00dcCHE Seit fast einem Jahrhundert begeistert sie K\u00f6che und K\u00fcchenchefs in aller Welt: die Cocotte von Le Creuset, ein echter Klassiker.","breadcrumb":{"@id":"https:\/\/dev6.erresse-shop.it\/de\/shop\/toepfe-pfannen\/schalldaempfer-und-kokotten\/le-creuset-gusseisen-evolution-runde-cocotte-22-cm-flint\/#breadcrumb"},"inLanguage":"de","potentialAction":[{"@type":"ReadAction","target":["https:\/\/dev6.erresse-shop.it\/de\/shop\/toepfe-pfannen\/schalldaempfer-und-kokotten\/le-creuset-gusseisen-evolution-runde-cocotte-22-cm-flint\/"]}]},{"@type":"ImageObject","inLanguage":"de","@id":"https:\/\/dev6.erresse-shop.it\/de\/shop\/toepfe-pfannen\/schalldaempfer-und-kokotten\/le-creuset-gusseisen-evolution-runde-cocotte-22-cm-flint\/#primaryimage","url":"https:\/\/i3.wp.com\/interpim.erresse-shop.it\/Import\/Prodotti\/le-creuset-cocotte-rotonda-evolution-in-ghisa-20-cm-flint.jpg?ssl=1","contentUrl":"https:\/\/i3.wp.com\/interpim.erresse-shop.it\/Import\/Prodotti\/le-creuset-cocotte-rotonda-evolution-in-ghisa-20-cm-flint.jpg?ssl=1"},{"@type":"BreadcrumbList","@id":"https:\/\/dev6.erresse-shop.it\/de\/shop\/toepfe-pfannen\/schalldaempfer-und-kokotten\/le-creuset-gusseisen-evolution-runde-cocotte-22-cm-flint\/#breadcrumb","itemListElement":[{"@type":"ListItem","position":1,"name":"Home","item":"https:\/\/dev6.erresse-shop.it\/"},{"@type":"ListItem","position":2,"name":"Shop","item":"https:\/\/dev6.erresse-shop.it\/shop\/"},{"@type":"ListItem","position":3,"name":"Le Creuset Gusseisen Evolution Runde Cocotte 22 cm Flint"}]},{"@type":"WebSite","@id":"https:\/\/dev6.erresse-shop.it\/#website","url":"https:\/\/dev6.erresse-shop.it\/","name":"Erresse Shop","description":"","publisher":{"@id":"https:\/\/dev6.erresse-shop.it\/#organization"},"potentialAction":[{"@type":"SearchAction","target":{"@type":"EntryPoint","urlTemplate":"https:\/\/dev6.erresse-shop.it\/?s={search_term_string}"},"query-input":{"@type":"PropertyValueSpecification","valueRequired":true,"valueName":"search_term_string"}}],"inLanguage":"de"},{"@type":"Organization","@id":"https:\/\/dev6.erresse-shop.it\/#organization","name":"Erresse Shop","url":"https:\/\/dev6.erresse-shop.it\/","logo":{"@type":"ImageObject","inLanguage":"de","@id":"https:\/\/dev6.erresse-shop.it\/#\/schema\/logo\/image\/","url":"https:\/\/dev6.erresse-shop.it\/wp-content\/uploads\/2025\/01\/LOGO-ERRESSE-CLASSICO.svg","contentUrl":"https:\/\/dev6.erresse-shop.it\/wp-content\/uploads\/2025\/01\/LOGO-ERRESSE-CLASSICO.svg","caption":"Erresse Shop"},"image":{"@id":"https:\/\/dev6.erresse-shop.it\/#\/schema\/logo\/image\/"}}]}},"df_price":199.95,"df_sale_price":199.95,"df_regular_price":289,"df_image_link":"https:\/\/i3.wp.com\/interpim.erresse-shop.it\/Import\/Prodotti\/le-creuset-cocotte-rotonda-evolution-in-ghisa-20-cm-flint.jpg?resize=300,300&ssl=1","fifu_image_url":"https:\/\/interpim.erresse-shop.it\/Import\/Prodotti\/le-creuset-cocotte-rotonda-evolution-in-ghisa-20-cm-flint.jpg","_links":{"self":[{"href":"https:\/\/dev6.erresse-shop.it\/de\/wp-json\/wp\/v2\/product\/53161","targetHints":{"allow":["GET"]}}],"collection":[{"href":"https:\/\/dev6.erresse-shop.it\/de\/wp-json\/wp\/v2\/product"}],"about":[{"href":"https:\/\/dev6.erresse-shop.it\/de\/wp-json\/wp\/v2\/types\/product"}],"wp:featuredmedia":[{"embeddable":true,"href":"https:\/\/dev6.erresse-shop.it\/de\/wp-json\/wp\/v2\/media\/6363801"}],"wp:attachment":[{"href":"https:\/\/dev6.erresse-shop.it\/de\/wp-json\/wp\/v2\/media?parent=53161"}],"wp:term":[{"taxonomy":"product_cat","embeddable":true,"href":"https:\/\/dev6.erresse-shop.it\/de\/wp-json\/wp\/v2\/product_cat?post=53161"},{"taxonomy":"product_tag","embeddable":true,"href":"https:\/\/dev6.erresse-shop.it\/de\/wp-json\/wp\/v2\/product_tag?post=53161"}],"curies":[{"name":"wp","href":"https:\/\/api.w.org\/{rel}","templated":true}]}}