{"id":53155,"date":"2026-04-04T09:51:24","date_gmt":"2026-04-04T07:51:24","guid":{"rendered":"https:\/\/dev6.erresse-shop.it\/shop\/unkategorisiert\/rowenta-elektrobesen-x-treme-compact\/"},"modified":"2025-07-03T20:59:45","modified_gmt":"2025-07-03T18:59:45","slug":"rowenta-elektrobesen-x-treme-compact","status":"publish","type":"product","link":"https:\/\/dev6.erresse-shop.it\/de\/shop\/kleine-elektrogeraete\/staubsauger\/rowenta-elektrobesen-x-treme-compact\/","title":{"rendered":"ROWENTA Elektrobesen X-Treme Compact"},"content":{"rendered":"<p>Rowenta X-Trem Kompakt RH1239WO.<\/p>\n<p>Staubbeh\u00e4ltertyp: ohne Beutel,<br \/>\nProduktfarbe: Blau<br \/>\nFassungsverm\u00f6gen des Staubbeh\u00e4lters: 0,4 L<br \/>\nReinigungsart: Trocken<br \/>\nGer\u00e4uschemission: 79 dB<br \/>\nGriffl\u00e4nge: Standard-Griff<br \/>\nStromversorgung: Batterie<br \/>\nAkku-Technologie: Lithium-Ionen<br \/>\nBetriebsdauer: 40 min<br \/>\nVerpackungsbreite: 150 mm<br \/>\nVerpackungstiefe: 690 mm<br \/>\nH\u00f6he der Verpackung: 355 mm<\/p>\n","protected":false},"excerpt":{"rendered":"<p>Rowenta X-Trem Kompakt RH1239WO. Staubbeh\u00e4ltertyp: ohne Beutel, Produktfarbe: Blau Fassungsverm\u00f6gen des Staubbeh\u00e4lters: 0,4 L Reinigungsart: Trocken Ger\u00e4uschemission: 79 dB Griffl\u00e4nge: Standard-Griff Stromversorgung: Batterie Akku-Technologie: Lithium-Ionen Betriebsdauer: 40 min Verpackungsbreite: 150 mm Verpackungstiefe: 690 mm H\u00f6he der Verpackung: 355 mm<\/p>\n","protected":false},"featured_media":6280502,"template":"","meta":{"_acf_changed":false},"product_cat":[12163,12183],"product_tag":[],"class_list":{"0":"post-53155","1":"product","2":"type-product","3":"status-publish","4":"has-post-thumbnail","6":"product_cat-kleine-elektrogeraete","7":"product_cat-staubsauger","9":"first","10":"instock","11":"taxable","12":"shipping-taxable","13":"product-type-simple","swatches":"rey-swatches","show_selected":"","stretch_labels":"rey-swatches--stretch-labels"},"acf":[],"yoast_head":"<!-- This site is optimized with the Yoast SEO plugin v25.4 - https:\/\/yoast.com\/wordpress\/plugins\/seo\/ -->\n<title>ROWENTA Elektrobesen X-Treme Compact - dev6 Erresse<\/title>\n<meta name=\"description\" content=\"Rowenta X-Trem Kompakt RH1239WO. Staubbeh\u00e4ltertyp: ohne Beutel, Produktfarbe: Blau Fassungsverm\u00f6gen des Staubbeh\u00e4lters: 0,4 L Reinigungsart: Trocken\" \/>\n<meta name=\"robots\" content=\"noindex, follow, max-snippet:-1, max-image-preview:large, max-video-preview:-1\" \/>\n<meta property=\"og:locale\" content=\"de_DE\" \/>\n<meta property=\"og:type\" content=\"article\" \/>\n<meta property=\"og:title\" content=\"ROWENTA Elektrobesen X-Treme Compact - dev6 Erresse\" \/>\n<meta property=\"og:description\" content=\"Rowenta X-Trem Kompakt RH1239WO. Staubbeh\u00e4ltertyp: ohne Beutel, Produktfarbe: Blau Fassungsverm\u00f6gen des Staubbeh\u00e4lters: 0,4 L Reinigungsart: Trocken\" \/>\n<meta property=\"og:url\" content=\"https:\/\/dev6.erresse-shop.it\/de\/shop\/kleine-elektrogeraete\/staubsauger\/rowenta-elektrobesen-x-treme-compact\/\" \/>\n<meta property=\"og:site_name\" content=\"dev6 Erresse\" \/>\n<meta property=\"og:image\" content=\"https:\/\/interpim.erresse-shop.it\/img-catalogo\/rowenta\/rowenta-scopa-elettrica-x-treme-compact.jpg\" \/><meta property=\"og:image\" content=\"https:\/\/interpim.erresse-shop.it\/img-catalogo\/rowenta\/rowenta-scopa-elettrica-x-treme-compact.jpg\" \/>\n\t<meta property=\"og:image:width\" content=\"1024\" \/>\n\t<meta property=\"og:image:height\" content=\"1024\" \/>\n\t<meta property=\"og:image:type\" content=\"image\/jpeg\" \/>\n<meta name=\"twitter:card\" content=\"summary_large_image\" \/>\n<meta name=\"twitter:image\" content=\"https:\/\/interpim.erresse-shop.it\/img-catalogo\/rowenta\/rowenta-scopa-elettrica-x-treme-compact.jpg\" \/>\n<script type=\"application\/ld+json\" class=\"yoast-schema-graph\">{\"@context\":\"https:\/\/schema.org\",\"@graph\":[{\"@type\":\"WebPage\",\"@id\":\"https:\/\/dev6.erresse-shop.it\/de\/shop\/kleine-elektrogeraete\/staubsauger\/rowenta-elektrobesen-x-treme-compact\/\",\"url\":\"https:\/\/dev6.erresse-shop.it\/de\/shop\/kleine-elektrogeraete\/staubsauger\/rowenta-elektrobesen-x-treme-compact\/\",\"name\":\"ROWENTA Elektrobesen X-Treme Compact - dev6 Erresse\",\"isPartOf\":{\"@id\":\"https:\/\/dev6.erresse-shop.it\/#website\"},\"primaryImageOfPage\":{\"@id\":\"https:\/\/dev6.erresse-shop.it\/de\/shop\/kleine-elektrogeraete\/staubsauger\/rowenta-elektrobesen-x-treme-compact\/#primaryimage\"},\"image\":{\"@id\":\"https:\/\/dev6.erresse-shop.it\/de\/shop\/kleine-elektrogeraete\/staubsauger\/rowenta-elektrobesen-x-treme-compact\/#primaryimage\"},\"thumbnailUrl\":\"https:\/\/i3.wp.com\/interpim.erresse-shop.it\/img-catalogo\/rowenta\/rowenta-scopa-elettrica-x-treme-compact.jpg?ssl=1\",\"datePublished\":\"2026-04-04T07:51:24+00:00\",\"description\":\"Rowenta X-Trem Kompakt RH1239WO. Staubbeh\u00e4ltertyp: ohne Beutel, Produktfarbe: Blau Fassungsverm\u00f6gen des Staubbeh\u00e4lters: 0,4 L Reinigungsart: Trocken\",\"breadcrumb\":{\"@id\":\"https:\/\/dev6.erresse-shop.it\/de\/shop\/kleine-elektrogeraete\/staubsauger\/rowenta-elektrobesen-x-treme-compact\/#breadcrumb\"},\"inLanguage\":\"de\",\"potentialAction\":[{\"@type\":\"ReadAction\",\"target\":[\"https:\/\/dev6.erresse-shop.it\/de\/shop\/kleine-elektrogeraete\/staubsauger\/rowenta-elektrobesen-x-treme-compact\/\"]}]},{\"@type\":\"ImageObject\",\"inLanguage\":\"de\",\"@id\":\"https:\/\/dev6.erresse-shop.it\/de\/shop\/kleine-elektrogeraete\/staubsauger\/rowenta-elektrobesen-x-treme-compact\/#primaryimage\",\"url\":\"https:\/\/i3.wp.com\/interpim.erresse-shop.it\/img-catalogo\/rowenta\/rowenta-scopa-elettrica-x-treme-compact.jpg?ssl=1\",\"contentUrl\":\"https:\/\/i3.wp.com\/interpim.erresse-shop.it\/img-catalogo\/rowenta\/rowenta-scopa-elettrica-x-treme-compact.jpg?ssl=1\"},{\"@type\":\"BreadcrumbList\",\"@id\":\"https:\/\/dev6.erresse-shop.it\/de\/shop\/kleine-elektrogeraete\/staubsauger\/rowenta-elektrobesen-x-treme-compact\/#breadcrumb\",\"itemListElement\":[{\"@type\":\"ListItem\",\"position\":1,\"name\":\"Home\",\"item\":\"https:\/\/dev6.erresse-shop.it\/\"},{\"@type\":\"ListItem\",\"position\":2,\"name\":\"Shop\",\"item\":\"https:\/\/dev6.erresse-shop.it\/shop\/\"},{\"@type\":\"ListItem\",\"position\":3,\"name\":\"ROWENTA Elektrobesen X-Treme Compact\"}]},{\"@type\":\"WebSite\",\"@id\":\"https:\/\/dev6.erresse-shop.it\/#website\",\"url\":\"https:\/\/dev6.erresse-shop.it\/\",\"name\":\"Erresse Shop\",\"description\":\"\",\"publisher\":{\"@id\":\"https:\/\/dev6.erresse-shop.it\/#organization\"},\"potentialAction\":[{\"@type\":\"SearchAction\",\"target\":{\"@type\":\"EntryPoint\",\"urlTemplate\":\"https:\/\/dev6.erresse-shop.it\/?s={search_term_string}\"},\"query-input\":{\"@type\":\"PropertyValueSpecification\",\"valueRequired\":true,\"valueName\":\"search_term_string\"}}],\"inLanguage\":\"de\"},{\"@type\":\"Organization\",\"@id\":\"https:\/\/dev6.erresse-shop.it\/#organization\",\"name\":\"Erresse Shop\",\"url\":\"https:\/\/dev6.erresse-shop.it\/\",\"logo\":{\"@type\":\"ImageObject\",\"inLanguage\":\"de\",\"@id\":\"https:\/\/dev6.erresse-shop.it\/#\/schema\/logo\/image\/\",\"url\":\"https:\/\/dev6.erresse-shop.it\/wp-content\/uploads\/2025\/01\/LOGO-ERRESSE-CLASSICO.svg\",\"contentUrl\":\"https:\/\/dev6.erresse-shop.it\/wp-content\/uploads\/2025\/01\/LOGO-ERRESSE-CLASSICO.svg\",\"caption\":\"Erresse Shop\"},\"image\":{\"@id\":\"https:\/\/dev6.erresse-shop.it\/#\/schema\/logo\/image\/\"}}]}<\/script>\n<!-- \/ Yoast SEO plugin. -->","yoast_head_json":{"title":"ROWENTA Elektrobesen X-Treme Compact - dev6 Erresse","description":"Rowenta X-Trem Kompakt RH1239WO. Staubbeh\u00e4ltertyp: ohne Beutel, Produktfarbe: Blau Fassungsverm\u00f6gen des Staubbeh\u00e4lters: 0,4 L Reinigungsart: Trocken","robots":{"index":"noindex","follow":"follow","max-snippet":"max-snippet:-1","max-image-preview":"max-image-preview:large","max-video-preview":"max-video-preview:-1"},"og_locale":"de_DE","og_type":"article","og_title":"ROWENTA Elektrobesen X-Treme Compact - dev6 Erresse","og_description":"Rowenta X-Trem Kompakt RH1239WO. Staubbeh\u00e4ltertyp: ohne Beutel, Produktfarbe: Blau Fassungsverm\u00f6gen des Staubbeh\u00e4lters: 0,4 L Reinigungsart: Trocken","og_url":"https:\/\/dev6.erresse-shop.it\/de\/shop\/kleine-elektrogeraete\/staubsauger\/rowenta-elektrobesen-x-treme-compact\/","og_site_name":"dev6 Erresse","og_image":[{"url":"https:\/\/interpim.erresse-shop.it\/img-catalogo\/rowenta\/rowenta-scopa-elettrica-x-treme-compact.jpg","type":"","width":"","height":""},{"url":"https:\/\/interpim.erresse-shop.it\/img-catalogo\/rowenta\/rowenta-scopa-elettrica-x-treme-compact.jpg","width":1024,"height":1024,"type":"image\/jpeg"}],"twitter_card":"summary_large_image","twitter_image":"https:\/\/interpim.erresse-shop.it\/img-catalogo\/rowenta\/rowenta-scopa-elettrica-x-treme-compact.jpg","schema":{"@context":"https:\/\/schema.org","@graph":[{"@type":"WebPage","@id":"https:\/\/dev6.erresse-shop.it\/de\/shop\/kleine-elektrogeraete\/staubsauger\/rowenta-elektrobesen-x-treme-compact\/","url":"https:\/\/dev6.erresse-shop.it\/de\/shop\/kleine-elektrogeraete\/staubsauger\/rowenta-elektrobesen-x-treme-compact\/","name":"ROWENTA Elektrobesen X-Treme Compact - dev6 Erresse","isPartOf":{"@id":"https:\/\/dev6.erresse-shop.it\/#website"},"primaryImageOfPage":{"@id":"https:\/\/dev6.erresse-shop.it\/de\/shop\/kleine-elektrogeraete\/staubsauger\/rowenta-elektrobesen-x-treme-compact\/#primaryimage"},"image":{"@id":"https:\/\/dev6.erresse-shop.it\/de\/shop\/kleine-elektrogeraete\/staubsauger\/rowenta-elektrobesen-x-treme-compact\/#primaryimage"},"thumbnailUrl":"https:\/\/i3.wp.com\/interpim.erresse-shop.it\/img-catalogo\/rowenta\/rowenta-scopa-elettrica-x-treme-compact.jpg?ssl=1","datePublished":"2026-04-04T07:51:24+00:00","description":"Rowenta X-Trem Kompakt RH1239WO. Staubbeh\u00e4ltertyp: ohne Beutel, Produktfarbe: Blau Fassungsverm\u00f6gen des Staubbeh\u00e4lters: 0,4 L Reinigungsart: Trocken","breadcrumb":{"@id":"https:\/\/dev6.erresse-shop.it\/de\/shop\/kleine-elektrogeraete\/staubsauger\/rowenta-elektrobesen-x-treme-compact\/#breadcrumb"},"inLanguage":"de","potentialAction":[{"@type":"ReadAction","target":["https:\/\/dev6.erresse-shop.it\/de\/shop\/kleine-elektrogeraete\/staubsauger\/rowenta-elektrobesen-x-treme-compact\/"]}]},{"@type":"ImageObject","inLanguage":"de","@id":"https:\/\/dev6.erresse-shop.it\/de\/shop\/kleine-elektrogeraete\/staubsauger\/rowenta-elektrobesen-x-treme-compact\/#primaryimage","url":"https:\/\/i3.wp.com\/interpim.erresse-shop.it\/img-catalogo\/rowenta\/rowenta-scopa-elettrica-x-treme-compact.jpg?ssl=1","contentUrl":"https:\/\/i3.wp.com\/interpim.erresse-shop.it\/img-catalogo\/rowenta\/rowenta-scopa-elettrica-x-treme-compact.jpg?ssl=1"},{"@type":"BreadcrumbList","@id":"https:\/\/dev6.erresse-shop.it\/de\/shop\/kleine-elektrogeraete\/staubsauger\/rowenta-elektrobesen-x-treme-compact\/#breadcrumb","itemListElement":[{"@type":"ListItem","position":1,"name":"Home","item":"https:\/\/dev6.erresse-shop.it\/"},{"@type":"ListItem","position":2,"name":"Shop","item":"https:\/\/dev6.erresse-shop.it\/shop\/"},{"@type":"ListItem","position":3,"name":"ROWENTA Elektrobesen X-Treme Compact"}]},{"@type":"WebSite","@id":"https:\/\/dev6.erresse-shop.it\/#website","url":"https:\/\/dev6.erresse-shop.it\/","name":"Erresse Shop","description":"","publisher":{"@id":"https:\/\/dev6.erresse-shop.it\/#organization"},"potentialAction":[{"@type":"SearchAction","target":{"@type":"EntryPoint","urlTemplate":"https:\/\/dev6.erresse-shop.it\/?s={search_term_string}"},"query-input":{"@type":"PropertyValueSpecification","valueRequired":true,"valueName":"search_term_string"}}],"inLanguage":"de"},{"@type":"Organization","@id":"https:\/\/dev6.erresse-shop.it\/#organization","name":"Erresse Shop","url":"https:\/\/dev6.erresse-shop.it\/","logo":{"@type":"ImageObject","inLanguage":"de","@id":"https:\/\/dev6.erresse-shop.it\/#\/schema\/logo\/image\/","url":"https:\/\/dev6.erresse-shop.it\/wp-content\/uploads\/2025\/01\/LOGO-ERRESSE-CLASSICO.svg","contentUrl":"https:\/\/dev6.erresse-shop.it\/wp-content\/uploads\/2025\/01\/LOGO-ERRESSE-CLASSICO.svg","caption":"Erresse Shop"},"image":{"@id":"https:\/\/dev6.erresse-shop.it\/#\/schema\/logo\/image\/"}}]}},"df_price":"","df_sale_price":"","df_regular_price":"","df_image_link":"https:\/\/i3.wp.com\/interpim.erresse-shop.it\/img-catalogo\/rowenta\/rowenta-scopa-elettrica-x-treme-compact.jpg?resize=300,300&ssl=1","fifu_image_url":"https:\/\/interpim.erresse-shop.it\/img-catalogo\/rowenta\/rowenta-scopa-elettrica-x-treme-compact.jpg","_links":{"self":[{"href":"https:\/\/dev6.erresse-shop.it\/de\/wp-json\/wp\/v2\/product\/53155","targetHints":{"allow":["GET"]}}],"collection":[{"href":"https:\/\/dev6.erresse-shop.it\/de\/wp-json\/wp\/v2\/product"}],"about":[{"href":"https:\/\/dev6.erresse-shop.it\/de\/wp-json\/wp\/v2\/types\/product"}],"wp:featuredmedia":[{"embeddable":true,"href":"https:\/\/dev6.erresse-shop.it\/de\/wp-json\/wp\/v2\/media\/6280502"}],"wp:attachment":[{"href":"https:\/\/dev6.erresse-shop.it\/de\/wp-json\/wp\/v2\/media?parent=53155"}],"wp:term":[{"taxonomy":"product_cat","embeddable":true,"href":"https:\/\/dev6.erresse-shop.it\/de\/wp-json\/wp\/v2\/product_cat?post=53155"},{"taxonomy":"product_tag","embeddable":true,"href":"https:\/\/dev6.erresse-shop.it\/de\/wp-json\/wp\/v2\/product_tag?post=53155"}],"curies":[{"name":"wp","href":"https:\/\/api.w.org\/{rel}","templated":true}]}}