{"id":53143,"date":"2026-04-12T09:53:45","date_gmt":"2026-04-12T07:53:45","guid":{"rendered":"https:\/\/dev6.erresse-shop.it\/shop\/unkategorisiert\/baci-milano-sagrada-familia-kopf-die-irriverente-ocker\/"},"modified":"2025-09-14T01:20:23","modified_gmt":"2025-09-13T23:20:23","slug":"baci-milano-sagrada-familia-kopf-die-irriverente-ocker","status":"publish","type":"product","link":"https:\/\/dev6.erresse-shop.it\/de\/shop\/einrichtung-haus\/dekoartikel\/baci-milano-sagrada-familia-kopf-die-irriverente-ocker\/","title":{"rendered":"BACI MILANO Sagrada Familia Kopf Die Irriverente Ocker"},"content":{"rendered":"<p>Dekorativer Kopf aus Polyresin aus der \u00fcberschw\u00e4nglichen und ikonischen Sagrada Familia Kollektion.<\/p>\n<p>Die Irreverente<\/p>\n<p>The Irreverent verk\u00f6rpert die Pers\u00f6nlichkeit derjenigen, die sich \u00fcber Konventionen hinwegsetzen und ihre Individualit\u00e4t auf lebendige und pr\u00e4gnante Weise zum Ausdruck bringen. Sie ist kreativen Denkern, Freigeistern und all jenen gewidmet, die es wagen, die Regeln zu brechen, um ihre eigene, einzigartige Vision der Welt zu verfolgen.<\/p>\n<p>Abmessungen: \u00d8 27 cm \/ H 25,5 cm<\/p>\n","protected":false},"excerpt":{"rendered":"<p>Dekorativer Kopf aus Polyresin aus der \u00fcberschw\u00e4nglichen und ikonischen Sagrada Familia Kollektion. Die Irreverente The Irreverent verk\u00f6rpert die Pers\u00f6nlichkeit derjenigen, die sich \u00fcber Konventionen hinwegsetzen und ihre Individualit\u00e4t auf lebendige und pr\u00e4gnante Weise zum Ausdruck bringen. Sie ist kreativen Denkern, Freigeistern und all jenen gewidmet, die es wagen, die Regeln zu brechen, um ihre eigene, [&hellip;]<\/p>\n","protected":false},"featured_media":6363741,"template":"","meta":{"_acf_changed":false},"product_cat":[11666,12129,12098],"product_tag":[],"class_list":{"0":"post-53143","1":"product","2":"type-product","3":"status-publish","4":"has-post-thumbnail","6":"product_cat-arredamento-casa","7":"product_cat-dekoartikel","8":"product_cat-einrichtung-haus","10":"first","11":"instock","12":"sale","13":"taxable","14":"shipping-taxable","15":"purchasable","16":"product-type-simple","swatches":"rey-swatches","show_selected":"","stretch_labels":"rey-swatches--stretch-labels"},"acf":[],"yoast_head":"<!-- This site is optimized with the Yoast SEO plugin v25.4 - https:\/\/yoast.com\/wordpress\/plugins\/seo\/ -->\n<title>BACI MILANO Sagrada Familia Kopf Die Irriverente Ocker - dev6 Erresse<\/title>\n<meta name=\"description\" content=\"Dekorativer Kopf aus Polyresin aus der \u00fcberschw\u00e4nglichen und ikonischen Sagrada Familia Kollektion. Die Irreverente The Irreverent verk\u00f6rpert die\" \/>\n<meta name=\"robots\" content=\"noindex, follow, max-snippet:-1, max-image-preview:large, max-video-preview:-1\" \/>\n<meta property=\"og:locale\" content=\"de_DE\" \/>\n<meta property=\"og:type\" content=\"article\" \/>\n<meta property=\"og:title\" content=\"BACI MILANO Sagrada Familia Kopf Die Irriverente Ocker - dev6 Erresse\" \/>\n<meta property=\"og:description\" content=\"Dekorativer Kopf aus Polyresin aus der \u00fcberschw\u00e4nglichen und ikonischen Sagrada Familia Kollektion. Die Irreverente The Irreverent verk\u00f6rpert die\" \/>\n<meta property=\"og:url\" content=\"https:\/\/dev6.erresse-shop.it\/de\/shop\/einrichtung-haus\/dekoartikel\/baci-milano-sagrada-familia-kopf-die-irriverente-ocker\/\" \/>\n<meta property=\"og:site_name\" content=\"dev6 Erresse\" \/>\n<meta property=\"og:image\" content=\"https:\/\/interpim.erresse-shop.it\/Import\/Prodotti\/baci-milano-sagrada-familia-testa-lirriverente-ocra.jpg\" \/><meta property=\"og:image\" content=\"https:\/\/interpim.erresse-shop.it\/Import\/Prodotti\/baci-milano-sagrada-familia-testa-lirriverente-ocra.jpg\" \/>\n\t<meta property=\"og:image:width\" content=\"1024\" \/>\n\t<meta property=\"og:image:height\" content=\"1024\" \/>\n\t<meta property=\"og:image:type\" content=\"image\/jpeg\" \/>\n<meta name=\"twitter:card\" content=\"summary_large_image\" \/>\n<meta name=\"twitter:image\" content=\"https:\/\/interpim.erresse-shop.it\/Import\/Prodotti\/baci-milano-sagrada-familia-testa-lirriverente-ocra.jpg\" \/>\n<script type=\"application\/ld+json\" class=\"yoast-schema-graph\">{\"@context\":\"https:\/\/schema.org\",\"@graph\":[{\"@type\":\"WebPage\",\"@id\":\"https:\/\/dev6.erresse-shop.it\/de\/shop\/einrichtung-haus\/dekoartikel\/baci-milano-sagrada-familia-kopf-die-irriverente-ocker\/\",\"url\":\"https:\/\/dev6.erresse-shop.it\/de\/shop\/einrichtung-haus\/dekoartikel\/baci-milano-sagrada-familia-kopf-die-irriverente-ocker\/\",\"name\":\"BACI MILANO Sagrada Familia Kopf Die Irriverente Ocker - dev6 Erresse\",\"isPartOf\":{\"@id\":\"https:\/\/dev6.erresse-shop.it\/#website\"},\"primaryImageOfPage\":{\"@id\":\"https:\/\/dev6.erresse-shop.it\/de\/shop\/einrichtung-haus\/dekoartikel\/baci-milano-sagrada-familia-kopf-die-irriverente-ocker\/#primaryimage\"},\"image\":{\"@id\":\"https:\/\/dev6.erresse-shop.it\/de\/shop\/einrichtung-haus\/dekoartikel\/baci-milano-sagrada-familia-kopf-die-irriverente-ocker\/#primaryimage\"},\"thumbnailUrl\":\"https:\/\/i3.wp.com\/interpim.erresse-shop.it\/Import\/Prodotti\/baci-milano-sagrada-familia-testa-lirriverente-ocra.jpg?ssl=1\",\"datePublished\":\"2026-04-12T07:53:45+00:00\",\"description\":\"Dekorativer Kopf aus Polyresin aus der \u00fcberschw\u00e4nglichen und ikonischen Sagrada Familia Kollektion. Die Irreverente The Irreverent verk\u00f6rpert die\",\"breadcrumb\":{\"@id\":\"https:\/\/dev6.erresse-shop.it\/de\/shop\/einrichtung-haus\/dekoartikel\/baci-milano-sagrada-familia-kopf-die-irriverente-ocker\/#breadcrumb\"},\"inLanguage\":\"de\",\"potentialAction\":[{\"@type\":\"ReadAction\",\"target\":[\"https:\/\/dev6.erresse-shop.it\/de\/shop\/einrichtung-haus\/dekoartikel\/baci-milano-sagrada-familia-kopf-die-irriverente-ocker\/\"]}]},{\"@type\":\"ImageObject\",\"inLanguage\":\"de\",\"@id\":\"https:\/\/dev6.erresse-shop.it\/de\/shop\/einrichtung-haus\/dekoartikel\/baci-milano-sagrada-familia-kopf-die-irriverente-ocker\/#primaryimage\",\"url\":\"https:\/\/i3.wp.com\/interpim.erresse-shop.it\/Import\/Prodotti\/baci-milano-sagrada-familia-testa-lirriverente-ocra.jpg?ssl=1\",\"contentUrl\":\"https:\/\/i3.wp.com\/interpim.erresse-shop.it\/Import\/Prodotti\/baci-milano-sagrada-familia-testa-lirriverente-ocra.jpg?ssl=1\"},{\"@type\":\"BreadcrumbList\",\"@id\":\"https:\/\/dev6.erresse-shop.it\/de\/shop\/einrichtung-haus\/dekoartikel\/baci-milano-sagrada-familia-kopf-die-irriverente-ocker\/#breadcrumb\",\"itemListElement\":[{\"@type\":\"ListItem\",\"position\":1,\"name\":\"Home\",\"item\":\"https:\/\/dev6.erresse-shop.it\/\"},{\"@type\":\"ListItem\",\"position\":2,\"name\":\"Shop\",\"item\":\"https:\/\/dev6.erresse-shop.it\/shop\/\"},{\"@type\":\"ListItem\",\"position\":3,\"name\":\"BACI MILANO Sagrada Familia Kopf Die Irriverente Ocker\"}]},{\"@type\":\"WebSite\",\"@id\":\"https:\/\/dev6.erresse-shop.it\/#website\",\"url\":\"https:\/\/dev6.erresse-shop.it\/\",\"name\":\"Erresse Shop\",\"description\":\"\",\"publisher\":{\"@id\":\"https:\/\/dev6.erresse-shop.it\/#organization\"},\"potentialAction\":[{\"@type\":\"SearchAction\",\"target\":{\"@type\":\"EntryPoint\",\"urlTemplate\":\"https:\/\/dev6.erresse-shop.it\/?s={search_term_string}\"},\"query-input\":{\"@type\":\"PropertyValueSpecification\",\"valueRequired\":true,\"valueName\":\"search_term_string\"}}],\"inLanguage\":\"de\"},{\"@type\":\"Organization\",\"@id\":\"https:\/\/dev6.erresse-shop.it\/#organization\",\"name\":\"Erresse Shop\",\"url\":\"https:\/\/dev6.erresse-shop.it\/\",\"logo\":{\"@type\":\"ImageObject\",\"inLanguage\":\"de\",\"@id\":\"https:\/\/dev6.erresse-shop.it\/#\/schema\/logo\/image\/\",\"url\":\"https:\/\/dev6.erresse-shop.it\/wp-content\/uploads\/2025\/01\/LOGO-ERRESSE-CLASSICO.svg\",\"contentUrl\":\"https:\/\/dev6.erresse-shop.it\/wp-content\/uploads\/2025\/01\/LOGO-ERRESSE-CLASSICO.svg\",\"caption\":\"Erresse Shop\"},\"image\":{\"@id\":\"https:\/\/dev6.erresse-shop.it\/#\/schema\/logo\/image\/\"}}]}<\/script>\n<!-- \/ Yoast SEO plugin. -->","yoast_head_json":{"title":"BACI MILANO Sagrada Familia Kopf Die Irriverente Ocker - dev6 Erresse","description":"Dekorativer Kopf aus Polyresin aus der \u00fcberschw\u00e4nglichen und ikonischen Sagrada Familia Kollektion. Die Irreverente The Irreverent verk\u00f6rpert die","robots":{"index":"noindex","follow":"follow","max-snippet":"max-snippet:-1","max-image-preview":"max-image-preview:large","max-video-preview":"max-video-preview:-1"},"og_locale":"de_DE","og_type":"article","og_title":"BACI MILANO Sagrada Familia Kopf Die Irriverente Ocker - dev6 Erresse","og_description":"Dekorativer Kopf aus Polyresin aus der \u00fcberschw\u00e4nglichen und ikonischen Sagrada Familia Kollektion. Die Irreverente The Irreverent verk\u00f6rpert die","og_url":"https:\/\/dev6.erresse-shop.it\/de\/shop\/einrichtung-haus\/dekoartikel\/baci-milano-sagrada-familia-kopf-die-irriverente-ocker\/","og_site_name":"dev6 Erresse","og_image":[{"url":"https:\/\/interpim.erresse-shop.it\/Import\/Prodotti\/baci-milano-sagrada-familia-testa-lirriverente-ocra.jpg","type":"","width":"","height":""},{"url":"https:\/\/interpim.erresse-shop.it\/Import\/Prodotti\/baci-milano-sagrada-familia-testa-lirriverente-ocra.jpg","width":1024,"height":1024,"type":"image\/jpeg"}],"twitter_card":"summary_large_image","twitter_image":"https:\/\/interpim.erresse-shop.it\/Import\/Prodotti\/baci-milano-sagrada-familia-testa-lirriverente-ocra.jpg","schema":{"@context":"https:\/\/schema.org","@graph":[{"@type":"WebPage","@id":"https:\/\/dev6.erresse-shop.it\/de\/shop\/einrichtung-haus\/dekoartikel\/baci-milano-sagrada-familia-kopf-die-irriverente-ocker\/","url":"https:\/\/dev6.erresse-shop.it\/de\/shop\/einrichtung-haus\/dekoartikel\/baci-milano-sagrada-familia-kopf-die-irriverente-ocker\/","name":"BACI MILANO Sagrada Familia Kopf Die Irriverente Ocker - dev6 Erresse","isPartOf":{"@id":"https:\/\/dev6.erresse-shop.it\/#website"},"primaryImageOfPage":{"@id":"https:\/\/dev6.erresse-shop.it\/de\/shop\/einrichtung-haus\/dekoartikel\/baci-milano-sagrada-familia-kopf-die-irriverente-ocker\/#primaryimage"},"image":{"@id":"https:\/\/dev6.erresse-shop.it\/de\/shop\/einrichtung-haus\/dekoartikel\/baci-milano-sagrada-familia-kopf-die-irriverente-ocker\/#primaryimage"},"thumbnailUrl":"https:\/\/i3.wp.com\/interpim.erresse-shop.it\/Import\/Prodotti\/baci-milano-sagrada-familia-testa-lirriverente-ocra.jpg?ssl=1","datePublished":"2026-04-12T07:53:45+00:00","description":"Dekorativer Kopf aus Polyresin aus der \u00fcberschw\u00e4nglichen und ikonischen Sagrada Familia Kollektion. Die Irreverente The Irreverent verk\u00f6rpert die","breadcrumb":{"@id":"https:\/\/dev6.erresse-shop.it\/de\/shop\/einrichtung-haus\/dekoartikel\/baci-milano-sagrada-familia-kopf-die-irriverente-ocker\/#breadcrumb"},"inLanguage":"de","potentialAction":[{"@type":"ReadAction","target":["https:\/\/dev6.erresse-shop.it\/de\/shop\/einrichtung-haus\/dekoartikel\/baci-milano-sagrada-familia-kopf-die-irriverente-ocker\/"]}]},{"@type":"ImageObject","inLanguage":"de","@id":"https:\/\/dev6.erresse-shop.it\/de\/shop\/einrichtung-haus\/dekoartikel\/baci-milano-sagrada-familia-kopf-die-irriverente-ocker\/#primaryimage","url":"https:\/\/i3.wp.com\/interpim.erresse-shop.it\/Import\/Prodotti\/baci-milano-sagrada-familia-testa-lirriverente-ocra.jpg?ssl=1","contentUrl":"https:\/\/i3.wp.com\/interpim.erresse-shop.it\/Import\/Prodotti\/baci-milano-sagrada-familia-testa-lirriverente-ocra.jpg?ssl=1"},{"@type":"BreadcrumbList","@id":"https:\/\/dev6.erresse-shop.it\/de\/shop\/einrichtung-haus\/dekoartikel\/baci-milano-sagrada-familia-kopf-die-irriverente-ocker\/#breadcrumb","itemListElement":[{"@type":"ListItem","position":1,"name":"Home","item":"https:\/\/dev6.erresse-shop.it\/"},{"@type":"ListItem","position":2,"name":"Shop","item":"https:\/\/dev6.erresse-shop.it\/shop\/"},{"@type":"ListItem","position":3,"name":"BACI MILANO Sagrada Familia Kopf Die Irriverente Ocker"}]},{"@type":"WebSite","@id":"https:\/\/dev6.erresse-shop.it\/#website","url":"https:\/\/dev6.erresse-shop.it\/","name":"Erresse Shop","description":"","publisher":{"@id":"https:\/\/dev6.erresse-shop.it\/#organization"},"potentialAction":[{"@type":"SearchAction","target":{"@type":"EntryPoint","urlTemplate":"https:\/\/dev6.erresse-shop.it\/?s={search_term_string}"},"query-input":{"@type":"PropertyValueSpecification","valueRequired":true,"valueName":"search_term_string"}}],"inLanguage":"de"},{"@type":"Organization","@id":"https:\/\/dev6.erresse-shop.it\/#organization","name":"Erresse Shop","url":"https:\/\/dev6.erresse-shop.it\/","logo":{"@type":"ImageObject","inLanguage":"de","@id":"https:\/\/dev6.erresse-shop.it\/#\/schema\/logo\/image\/","url":"https:\/\/dev6.erresse-shop.it\/wp-content\/uploads\/2025\/01\/LOGO-ERRESSE-CLASSICO.svg","contentUrl":"https:\/\/dev6.erresse-shop.it\/wp-content\/uploads\/2025\/01\/LOGO-ERRESSE-CLASSICO.svg","caption":"Erresse Shop"},"image":{"@id":"https:\/\/dev6.erresse-shop.it\/#\/schema\/logo\/image\/"}}]}},"df_price":79.95,"df_sale_price":79.95,"df_regular_price":97,"df_image_link":"https:\/\/i3.wp.com\/interpim.erresse-shop.it\/Import\/Prodotti\/baci-milano-sagrada-familia-testa-lirriverente-ocra.jpg?resize=300,300&ssl=1","fifu_image_url":"https:\/\/interpim.erresse-shop.it\/Import\/Prodotti\/baci-milano-sagrada-familia-testa-lirriverente-ocra.jpg","_links":{"self":[{"href":"https:\/\/dev6.erresse-shop.it\/de\/wp-json\/wp\/v2\/product\/53143","targetHints":{"allow":["GET"]}}],"collection":[{"href":"https:\/\/dev6.erresse-shop.it\/de\/wp-json\/wp\/v2\/product"}],"about":[{"href":"https:\/\/dev6.erresse-shop.it\/de\/wp-json\/wp\/v2\/types\/product"}],"wp:featuredmedia":[{"embeddable":true,"href":"https:\/\/dev6.erresse-shop.it\/de\/wp-json\/wp\/v2\/media\/6363741"}],"wp:attachment":[{"href":"https:\/\/dev6.erresse-shop.it\/de\/wp-json\/wp\/v2\/media?parent=53143"}],"wp:term":[{"taxonomy":"product_cat","embeddable":true,"href":"https:\/\/dev6.erresse-shop.it\/de\/wp-json\/wp\/v2\/product_cat?post=53143"},{"taxonomy":"product_tag","embeddable":true,"href":"https:\/\/dev6.erresse-shop.it\/de\/wp-json\/wp\/v2\/product_tag?post=53143"}],"curies":[{"name":"wp","href":"https:\/\/api.w.org\/{rel}","templated":true}]}}