{"id":53075,"date":"2026-04-12T13:05:20","date_gmt":"2026-04-12T11:05:20","guid":{"rendered":"https:\/\/dev6.erresse-shop.it\/shop\/unkategorisiert\/brabantia-sinkstyle-organiser-set-2-stuecke-weiss\/"},"modified":"2025-07-04T14:49:04","modified_gmt":"2025-07-04T12:49:04","slug":"brabantia-sinkstyle-organiser-set-2-stuecke-weiss","status":"publish","type":"product","link":"https:\/\/dev6.erresse-shop.it\/de\/shop\/einrichtung-haus\/badezimmer\/brabantia-sinkstyle-organiser-set-2-stuecke-weiss\/","title":{"rendered":"BRABANTIA SinkStyle Organiser Set 2 St\u00fccke Wei\u00df"},"content":{"rendered":"<p>Mit dem Brabantia SinkStyle Organizer halten Sie Ihre Arbeitsfl\u00e4che und Ihre Utensilien sauber und aufger\u00e4umt. Dieser elegante Helfer f\u00fcr die Arbeitsplatte enth\u00e4lt alles, was Sie brauchen, um alle Gegenst\u00e4nde schnell zu reinigen. Das Spezialfach bietet gen\u00fcgend Platz, um Schw\u00e4mme, T\u00fccher, Sp\u00fclb\u00fcrsten und andere Gegenst\u00e4nde au\u00dfer Sichtweite zu bringen. Die innenliegende Abtropfschale sorgt f\u00fcr Luftzirkulation und verhindert so unangenehme Ger\u00fcche. Au\u00dferdem k\u00f6nnen Sie die Geschirrt\u00fccher zum Trocknen aufh\u00e4ngen, und die rutschfeste Ablage verf\u00fcgt \u00fcber ein separates Fach zum Trocknen des Geschirrs mit einem herausnehmbaren Edelstahlgitter \u2013 ein echtes Kinderspiel!<\/p>\n<p>Merkmale:<\/p>\n<p>Alles organisiert \u2013 Set mit Organizer und Trocknungsschale, ideal zum Aufbewahren und Trocknen von Gegenst\u00e4nden.<br \/>\nAlles sauber \u2013 Fach zur Aufbewahrung von Sp\u00fclschwamm, Geschirrt\u00fcchern und Abstreifern.<br \/>\nAtmungsaktiv \u2013 der Deckel und die Abtropfschale des Organizers erm\u00f6glichen einen 360\u00b0-Luftstrom.<br \/>\nEinfaches Abtrocknen des Geschirrs \u2013 der Deckel aus rostfreiem Stahl erm\u00f6glicht einen Luftstrom.<br \/>\nMultifunktional \u2013 die Schale f\u00e4ngt \u00fcbersch\u00fcssiges Wasser auf und kann auch ohne Edelstahldeckel verwendet werden.<br \/>\nEinfaches Trocknen \u2013 elegante Stange zum Aufh\u00e4ngen von Geschirrt\u00fcchern.<br \/>\nRutschfest \u2013 Silikonmatte mit Rippen im Inneren der Schale.<br \/>\nTrockene Arbeitsfl\u00e4che \u2013 die Schale f\u00e4ngt Wasserreste auf.<br \/>\nStrukturierte Oberfl\u00e4che \u2013 Tablett mit moderner Mineralmetallbeschichtung<br \/>\nEinfache Reinigung \u2013 separater Organizer und Tablett.<br \/>\nRutschfest, kratzfest \u2013 rutschfester Boden.<br \/>\nIdeal f\u00fcr nasse Umgebungen \u2013 aus korrosionsbest\u00e4ndigen Materialien hergestellt.<br \/>\nProblemlose Nutzung \u2013 5 Jahre Service und Garantie.<br \/>\nNachhaltige Wahl \u2013 nach Gebrauch zu 96 % recycelbar.<\/p>\n<p>Spezifikationen:<\/p>\n<p>Material: Kunststoff<br \/>\nSp\u00fclmaschinentauglich: Nein<br \/>\nGewicht: 1,8 kg<br \/>\nAbmessungen: H\u00f6he: 15 cm, L\u00e4nge: 13 cm, Breite: 75,1 cm<\/p>\n","protected":false},"excerpt":{"rendered":"<p>Mit dem Brabantia SinkStyle Organizer halten Sie Ihre Arbeitsfl\u00e4che und Ihre Utensilien sauber und aufger\u00e4umt. Dieser elegante Helfer f\u00fcr die Arbeitsplatte enth\u00e4lt alles, was Sie brauchen, um alle Gegenst\u00e4nde schnell zu reinigen. Das Spezialfach bietet gen\u00fcgend Platz, um Schw\u00e4mme, T\u00fccher, Sp\u00fclb\u00fcrsten und andere Gegenst\u00e4nde au\u00dfer Sichtweite zu bringen. Die innenliegende Abtropfschale sorgt f\u00fcr Luftzirkulation und [&hellip;]<\/p>\n","protected":false},"featured_media":6375945,"template":"","meta":{"_acf_changed":false},"product_cat":[12182,12098],"product_tag":[],"class_list":{"0":"post-53075","1":"product","2":"type-product","3":"status-publish","4":"has-post-thumbnail","6":"product_cat-badezimmer","7":"product_cat-einrichtung-haus","9":"first","10":"instock","11":"taxable","12":"shipping-taxable","13":"product-type-simple","swatches":"rey-swatches","show_selected":"","stretch_labels":"rey-swatches--stretch-labels"},"acf":[],"yoast_head":"<!-- This site is optimized with the Yoast SEO plugin v25.4 - https:\/\/yoast.com\/wordpress\/plugins\/seo\/ -->\n<title>BRABANTIA SinkStyle Organiser Set 2 St\u00fccke Wei\u00df - dev6 Erresse<\/title>\n<meta name=\"description\" content=\"Mit dem Brabantia SinkStyle Organizer halten Sie Ihre Arbeitsfl\u00e4che und Ihre Utensilien sauber und aufger\u00e4umt. Dieser elegante Helfer f\u00fcr die\" \/>\n<meta name=\"robots\" content=\"noindex, follow, max-snippet:-1, max-image-preview:large, max-video-preview:-1\" \/>\n<meta property=\"og:locale\" content=\"de_DE\" \/>\n<meta property=\"og:type\" content=\"article\" \/>\n<meta property=\"og:title\" content=\"BRABANTIA SinkStyle Organiser Set 2 St\u00fccke Wei\u00df - dev6 Erresse\" \/>\n<meta property=\"og:description\" content=\"Mit dem Brabantia SinkStyle Organizer halten Sie Ihre Arbeitsfl\u00e4che und Ihre Utensilien sauber und aufger\u00e4umt. Dieser elegante Helfer f\u00fcr die\" \/>\n<meta property=\"og:url\" content=\"https:\/\/dev6.erresse-shop.it\/de\/shop\/einrichtung-haus\/badezimmer\/brabantia-sinkstyle-organiser-set-2-stuecke-weiss\/\" \/>\n<meta property=\"og:site_name\" content=\"dev6 Erresse\" \/>\n<meta property=\"og:image\" content=\"https:\/\/interpim.erresse-shop.it\/Import\/Prodotti\/brabantia-sinkstyle-organiser-set-2-pezzi-bianco.jpg\" \/><meta property=\"og:image\" content=\"https:\/\/interpim.erresse-shop.it\/Import\/Prodotti\/brabantia-sinkstyle-organiser-set-2-pezzi-bianco.jpg\" \/>\n\t<meta property=\"og:image:width\" content=\"1024\" \/>\n\t<meta property=\"og:image:height\" content=\"1024\" \/>\n\t<meta property=\"og:image:type\" content=\"image\/jpeg\" \/>\n<meta name=\"twitter:card\" content=\"summary_large_image\" \/>\n<meta name=\"twitter:image\" content=\"https:\/\/interpim.erresse-shop.it\/Import\/Prodotti\/brabantia-sinkstyle-organiser-set-2-pezzi-bianco.jpg\" \/>\n<script type=\"application\/ld+json\" class=\"yoast-schema-graph\">{\"@context\":\"https:\/\/schema.org\",\"@graph\":[{\"@type\":\"WebPage\",\"@id\":\"https:\/\/dev6.erresse-shop.it\/de\/shop\/einrichtung-haus\/badezimmer\/brabantia-sinkstyle-organiser-set-2-stuecke-weiss\/\",\"url\":\"https:\/\/dev6.erresse-shop.it\/de\/shop\/einrichtung-haus\/badezimmer\/brabantia-sinkstyle-organiser-set-2-stuecke-weiss\/\",\"name\":\"BRABANTIA SinkStyle Organiser Set 2 St\u00fccke Wei\u00df - dev6 Erresse\",\"isPartOf\":{\"@id\":\"https:\/\/dev6.erresse-shop.it\/#website\"},\"primaryImageOfPage\":{\"@id\":\"https:\/\/dev6.erresse-shop.it\/de\/shop\/einrichtung-haus\/badezimmer\/brabantia-sinkstyle-organiser-set-2-stuecke-weiss\/#primaryimage\"},\"image\":{\"@id\":\"https:\/\/dev6.erresse-shop.it\/de\/shop\/einrichtung-haus\/badezimmer\/brabantia-sinkstyle-organiser-set-2-stuecke-weiss\/#primaryimage\"},\"thumbnailUrl\":\"https:\/\/i1.wp.com\/interpim.erresse-shop.it\/Import\/Prodotti\/brabantia-sinkstyle-organiser-set-2-pezzi-bianco.jpg?ssl=1\",\"datePublished\":\"2026-04-12T11:05:20+00:00\",\"description\":\"Mit dem Brabantia SinkStyle Organizer halten Sie Ihre Arbeitsfl\u00e4che und Ihre Utensilien sauber und aufger\u00e4umt. Dieser elegante Helfer f\u00fcr die\",\"breadcrumb\":{\"@id\":\"https:\/\/dev6.erresse-shop.it\/de\/shop\/einrichtung-haus\/badezimmer\/brabantia-sinkstyle-organiser-set-2-stuecke-weiss\/#breadcrumb\"},\"inLanguage\":\"de\",\"potentialAction\":[{\"@type\":\"ReadAction\",\"target\":[\"https:\/\/dev6.erresse-shop.it\/de\/shop\/einrichtung-haus\/badezimmer\/brabantia-sinkstyle-organiser-set-2-stuecke-weiss\/\"]}]},{\"@type\":\"ImageObject\",\"inLanguage\":\"de\",\"@id\":\"https:\/\/dev6.erresse-shop.it\/de\/shop\/einrichtung-haus\/badezimmer\/brabantia-sinkstyle-organiser-set-2-stuecke-weiss\/#primaryimage\",\"url\":\"https:\/\/i1.wp.com\/interpim.erresse-shop.it\/Import\/Prodotti\/brabantia-sinkstyle-organiser-set-2-pezzi-bianco.jpg?ssl=1\",\"contentUrl\":\"https:\/\/i1.wp.com\/interpim.erresse-shop.it\/Import\/Prodotti\/brabantia-sinkstyle-organiser-set-2-pezzi-bianco.jpg?ssl=1\"},{\"@type\":\"BreadcrumbList\",\"@id\":\"https:\/\/dev6.erresse-shop.it\/de\/shop\/einrichtung-haus\/badezimmer\/brabantia-sinkstyle-organiser-set-2-stuecke-weiss\/#breadcrumb\",\"itemListElement\":[{\"@type\":\"ListItem\",\"position\":1,\"name\":\"Home\",\"item\":\"https:\/\/dev6.erresse-shop.it\/\"},{\"@type\":\"ListItem\",\"position\":2,\"name\":\"Shop\",\"item\":\"https:\/\/dev6.erresse-shop.it\/shop\/\"},{\"@type\":\"ListItem\",\"position\":3,\"name\":\"BRABANTIA SinkStyle Organiser Set 2 St\u00fccke Wei\u00df\"}]},{\"@type\":\"WebSite\",\"@id\":\"https:\/\/dev6.erresse-shop.it\/#website\",\"url\":\"https:\/\/dev6.erresse-shop.it\/\",\"name\":\"Erresse Shop\",\"description\":\"\",\"publisher\":{\"@id\":\"https:\/\/dev6.erresse-shop.it\/#organization\"},\"potentialAction\":[{\"@type\":\"SearchAction\",\"target\":{\"@type\":\"EntryPoint\",\"urlTemplate\":\"https:\/\/dev6.erresse-shop.it\/?s={search_term_string}\"},\"query-input\":{\"@type\":\"PropertyValueSpecification\",\"valueRequired\":true,\"valueName\":\"search_term_string\"}}],\"inLanguage\":\"de\"},{\"@type\":\"Organization\",\"@id\":\"https:\/\/dev6.erresse-shop.it\/#organization\",\"name\":\"Erresse Shop\",\"url\":\"https:\/\/dev6.erresse-shop.it\/\",\"logo\":{\"@type\":\"ImageObject\",\"inLanguage\":\"de\",\"@id\":\"https:\/\/dev6.erresse-shop.it\/#\/schema\/logo\/image\/\",\"url\":\"https:\/\/dev6.erresse-shop.it\/wp-content\/uploads\/2025\/01\/LOGO-ERRESSE-CLASSICO.svg\",\"contentUrl\":\"https:\/\/dev6.erresse-shop.it\/wp-content\/uploads\/2025\/01\/LOGO-ERRESSE-CLASSICO.svg\",\"caption\":\"Erresse Shop\"},\"image\":{\"@id\":\"https:\/\/dev6.erresse-shop.it\/#\/schema\/logo\/image\/\"}}]}<\/script>\n<!-- \/ Yoast SEO plugin. -->","yoast_head_json":{"title":"BRABANTIA SinkStyle Organiser Set 2 St\u00fccke Wei\u00df - dev6 Erresse","description":"Mit dem Brabantia SinkStyle Organizer halten Sie Ihre Arbeitsfl\u00e4che und Ihre Utensilien sauber und aufger\u00e4umt. Dieser elegante Helfer f\u00fcr die","robots":{"index":"noindex","follow":"follow","max-snippet":"max-snippet:-1","max-image-preview":"max-image-preview:large","max-video-preview":"max-video-preview:-1"},"og_locale":"de_DE","og_type":"article","og_title":"BRABANTIA SinkStyle Organiser Set 2 St\u00fccke Wei\u00df - dev6 Erresse","og_description":"Mit dem Brabantia SinkStyle Organizer halten Sie Ihre Arbeitsfl\u00e4che und Ihre Utensilien sauber und aufger\u00e4umt. Dieser elegante Helfer f\u00fcr die","og_url":"https:\/\/dev6.erresse-shop.it\/de\/shop\/einrichtung-haus\/badezimmer\/brabantia-sinkstyle-organiser-set-2-stuecke-weiss\/","og_site_name":"dev6 Erresse","og_image":[{"url":"https:\/\/interpim.erresse-shop.it\/Import\/Prodotti\/brabantia-sinkstyle-organiser-set-2-pezzi-bianco.jpg","type":"","width":"","height":""},{"url":"https:\/\/interpim.erresse-shop.it\/Import\/Prodotti\/brabantia-sinkstyle-organiser-set-2-pezzi-bianco.jpg","width":1024,"height":1024,"type":"image\/jpeg"}],"twitter_card":"summary_large_image","twitter_image":"https:\/\/interpim.erresse-shop.it\/Import\/Prodotti\/brabantia-sinkstyle-organiser-set-2-pezzi-bianco.jpg","schema":{"@context":"https:\/\/schema.org","@graph":[{"@type":"WebPage","@id":"https:\/\/dev6.erresse-shop.it\/de\/shop\/einrichtung-haus\/badezimmer\/brabantia-sinkstyle-organiser-set-2-stuecke-weiss\/","url":"https:\/\/dev6.erresse-shop.it\/de\/shop\/einrichtung-haus\/badezimmer\/brabantia-sinkstyle-organiser-set-2-stuecke-weiss\/","name":"BRABANTIA SinkStyle Organiser Set 2 St\u00fccke Wei\u00df - dev6 Erresse","isPartOf":{"@id":"https:\/\/dev6.erresse-shop.it\/#website"},"primaryImageOfPage":{"@id":"https:\/\/dev6.erresse-shop.it\/de\/shop\/einrichtung-haus\/badezimmer\/brabantia-sinkstyle-organiser-set-2-stuecke-weiss\/#primaryimage"},"image":{"@id":"https:\/\/dev6.erresse-shop.it\/de\/shop\/einrichtung-haus\/badezimmer\/brabantia-sinkstyle-organiser-set-2-stuecke-weiss\/#primaryimage"},"thumbnailUrl":"https:\/\/i1.wp.com\/interpim.erresse-shop.it\/Import\/Prodotti\/brabantia-sinkstyle-organiser-set-2-pezzi-bianco.jpg?ssl=1","datePublished":"2026-04-12T11:05:20+00:00","description":"Mit dem Brabantia SinkStyle Organizer halten Sie Ihre Arbeitsfl\u00e4che und Ihre Utensilien sauber und aufger\u00e4umt. Dieser elegante Helfer f\u00fcr die","breadcrumb":{"@id":"https:\/\/dev6.erresse-shop.it\/de\/shop\/einrichtung-haus\/badezimmer\/brabantia-sinkstyle-organiser-set-2-stuecke-weiss\/#breadcrumb"},"inLanguage":"de","potentialAction":[{"@type":"ReadAction","target":["https:\/\/dev6.erresse-shop.it\/de\/shop\/einrichtung-haus\/badezimmer\/brabantia-sinkstyle-organiser-set-2-stuecke-weiss\/"]}]},{"@type":"ImageObject","inLanguage":"de","@id":"https:\/\/dev6.erresse-shop.it\/de\/shop\/einrichtung-haus\/badezimmer\/brabantia-sinkstyle-organiser-set-2-stuecke-weiss\/#primaryimage","url":"https:\/\/i1.wp.com\/interpim.erresse-shop.it\/Import\/Prodotti\/brabantia-sinkstyle-organiser-set-2-pezzi-bianco.jpg?ssl=1","contentUrl":"https:\/\/i1.wp.com\/interpim.erresse-shop.it\/Import\/Prodotti\/brabantia-sinkstyle-organiser-set-2-pezzi-bianco.jpg?ssl=1"},{"@type":"BreadcrumbList","@id":"https:\/\/dev6.erresse-shop.it\/de\/shop\/einrichtung-haus\/badezimmer\/brabantia-sinkstyle-organiser-set-2-stuecke-weiss\/#breadcrumb","itemListElement":[{"@type":"ListItem","position":1,"name":"Home","item":"https:\/\/dev6.erresse-shop.it\/"},{"@type":"ListItem","position":2,"name":"Shop","item":"https:\/\/dev6.erresse-shop.it\/shop\/"},{"@type":"ListItem","position":3,"name":"BRABANTIA SinkStyle Organiser Set 2 St\u00fccke Wei\u00df"}]},{"@type":"WebSite","@id":"https:\/\/dev6.erresse-shop.it\/#website","url":"https:\/\/dev6.erresse-shop.it\/","name":"Erresse Shop","description":"","publisher":{"@id":"https:\/\/dev6.erresse-shop.it\/#organization"},"potentialAction":[{"@type":"SearchAction","target":{"@type":"EntryPoint","urlTemplate":"https:\/\/dev6.erresse-shop.it\/?s={search_term_string}"},"query-input":{"@type":"PropertyValueSpecification","valueRequired":true,"valueName":"search_term_string"}}],"inLanguage":"de"},{"@type":"Organization","@id":"https:\/\/dev6.erresse-shop.it\/#organization","name":"Erresse Shop","url":"https:\/\/dev6.erresse-shop.it\/","logo":{"@type":"ImageObject","inLanguage":"de","@id":"https:\/\/dev6.erresse-shop.it\/#\/schema\/logo\/image\/","url":"https:\/\/dev6.erresse-shop.it\/wp-content\/uploads\/2025\/01\/LOGO-ERRESSE-CLASSICO.svg","contentUrl":"https:\/\/dev6.erresse-shop.it\/wp-content\/uploads\/2025\/01\/LOGO-ERRESSE-CLASSICO.svg","caption":"Erresse Shop"},"image":{"@id":"https:\/\/dev6.erresse-shop.it\/#\/schema\/logo\/image\/"}}]}},"df_price":"","df_sale_price":"","df_regular_price":"","df_image_link":"https:\/\/i1.wp.com\/interpim.erresse-shop.it\/Import\/Prodotti\/brabantia-sinkstyle-organiser-set-2-pezzi-bianco.jpg?resize=300,300&ssl=1","fifu_image_url":"https:\/\/interpim.erresse-shop.it\/Import\/Prodotti\/brabantia-sinkstyle-organiser-set-2-pezzi-bianco.jpg","_links":{"self":[{"href":"https:\/\/dev6.erresse-shop.it\/de\/wp-json\/wp\/v2\/product\/53075","targetHints":{"allow":["GET"]}}],"collection":[{"href":"https:\/\/dev6.erresse-shop.it\/de\/wp-json\/wp\/v2\/product"}],"about":[{"href":"https:\/\/dev6.erresse-shop.it\/de\/wp-json\/wp\/v2\/types\/product"}],"wp:featuredmedia":[{"embeddable":true,"href":"https:\/\/dev6.erresse-shop.it\/de\/wp-json\/wp\/v2\/media\/6375945"}],"wp:attachment":[{"href":"https:\/\/dev6.erresse-shop.it\/de\/wp-json\/wp\/v2\/media?parent=53075"}],"wp:term":[{"taxonomy":"product_cat","embeddable":true,"href":"https:\/\/dev6.erresse-shop.it\/de\/wp-json\/wp\/v2\/product_cat?post=53075"},{"taxonomy":"product_tag","embeddable":true,"href":"https:\/\/dev6.erresse-shop.it\/de\/wp-json\/wp\/v2\/product_tag?post=53075"}],"curies":[{"name":"wp","href":"https:\/\/api.w.org\/{rel}","templated":true}]}}