{"id":52979,"date":"2026-04-12T09:48:54","date_gmt":"2026-04-12T07:48:54","guid":{"rendered":"https:\/\/dev6.erresse-shop.it\/shop\/unkategorisiert\/joseph-joseph-folio-plus-8-teiliges-messer-und-schneidebrett-set-graphit\/"},"modified":"2025-12-08T17:46:40","modified_gmt":"2025-12-08T16:46:40","slug":"joseph-joseph-folio-plus-8-teiliges-messer-und-schneidebrett-set-graphit","status":"publish","type":"product","link":"https:\/\/dev6.erresse-shop.it\/de\/shop\/kuche\/schneidebretter\/joseph-joseph-folio-plus-8-teiliges-messer-und-schneidebrett-set-graphit\/","title":{"rendered":"JOSEPH JOSEPH Folio\u2122 Plus 8-teiliges Messer- und Schneidebrett-Set Graphit"},"content":{"rendered":"<p>Alles, was Sie zum Schneiden brauchen, an einem Ort<br \/>\nFolio\u2122 Plus vereint vier farbcodierte Schneidebretter mit vier entsprechenden Messern. Jedes Schneidebrett bietet eine messerfreundliche Schnittfl\u00e4che, Auswahlleisten aus Edelstahl und rutschfeste F\u00fc\u00dfe. Die vier japanischen Edelstahlmesser sind mit integrierten Werkzeugablagen ausgestattet, die die Hygiene verbessern und die Verschmutzung beim Ablegen der Messer minimieren. Sowohl die Schneidebretter als auch die Messer lassen sich in dem abgewinkelten Geh\u00e4use verstauen, so dass die Arbeitsfl\u00e4che ordentlich und aufger\u00e4umt bleibt und die wichtigsten Schneidwaren immer in Reichweite sind.<\/p>\n<p>Elegantes und praktisches Design, das es Ihnen erm\u00f6glicht, alle Ihre Schneidwerkzeuge besser zu organisieren.<\/p>\n<p>Es wird mit einem schlanken, eleganten Koffer geliefert, der vier farbcodierte Schneidebretter und vier passende Elevate\u2122-Messer enth\u00e4lt.<\/p>\n<p>Schlankes Etui zur geordneten Aufbewahrung.<br \/>\nMehrstufiges Design und Edelstahlstangen an den Brettern f\u00fcr eine einfache Auswahl.<br \/>\nDoppelseitige Bretter mit strukturierter, messerfreundlicher Schnittfl\u00e4che und rutschfesten F\u00fc\u00dfen.<br \/>\nElevate\u2122-Messer mit Klingen aus japanischem Edelstahl und integrierten Werkzeugablagen<br \/>\nEnthaltene Messer: 3,5\u2033 Sch\u00e4lmesser; 4,5\u2033 Messer mit Wellenschliff; 5,5\u2033 Santoku-Messer; 6,5\u2033 Kochmesser.<\/p>\n<p>Pflege und Verwendung:<\/p>\n<p>Tische: Sp\u00fclmaschinenfest.<br \/>\nGeh\u00e4use: Mit einem weichen, feuchten Tuch reinigen.<br \/>\nWie bei allen Kunststoff-Schneidebrettern werden die Messeroberfl\u00e4chen w\u00e4hrend des Gebrauchs eingekerbt.<br \/>\nMesser: Nicht sp\u00fclmaschinengeeignet. Nur von Hand waschen und sofort trocknen.<\/p>\n<p>Entworfen von Joseph Joseph<\/p>\n","protected":false},"excerpt":{"rendered":"<p>Alles, was Sie zum Schneiden brauchen, an einem Ort Folio\u2122 Plus vereint vier farbcodierte Schneidebretter mit vier entsprechenden Messern. Jedes Schneidebrett bietet eine messerfreundliche Schnittfl\u00e4che, Auswahlleisten aus Edelstahl und rutschfeste F\u00fc\u00dfe. Die vier japanischen Edelstahlmesser sind mit integrierten Werkzeugablagen ausgestattet, die die Hygiene verbessern und die Verschmutzung beim Ablegen der Messer minimieren. Sowohl die Schneidebretter [&hellip;]<\/p>\n","protected":false},"featured_media":6363299,"template":"","meta":{"_acf_changed":false},"product_cat":[11668,12100,12150],"product_tag":[],"class_list":{"0":"post-52979","1":"product","2":"type-product","3":"status-publish","4":"has-post-thumbnail","6":"product_cat-cucina","7":"product_cat-kuche","8":"product_cat-schneidebretter","10":"first","11":"instock","12":"sale","13":"taxable","14":"shipping-taxable","15":"purchasable","16":"product-type-simple","swatches":"rey-swatches","show_selected":"","stretch_labels":"rey-swatches--stretch-labels"},"acf":[],"yoast_head":"<!-- This site is optimized with the Yoast SEO plugin v25.4 - https:\/\/yoast.com\/wordpress\/plugins\/seo\/ -->\n<title>JOSEPH JOSEPH Folio\u2122 Plus 8-teiliges Messer- und Schneidebrett-Set Graphit - dev6 Erresse<\/title>\n<meta name=\"description\" content=\"Alles, was Sie zum Schneiden brauchen, an einem Ort Folio\u2122 Plus vereint vier farbcodierte Schneidebretter mit vier entsprechenden Messern. Jedes\" \/>\n<meta name=\"robots\" content=\"noindex, follow, max-snippet:-1, max-image-preview:large, max-video-preview:-1\" \/>\n<meta property=\"og:locale\" content=\"de_DE\" \/>\n<meta property=\"og:type\" content=\"article\" \/>\n<meta property=\"og:title\" content=\"JOSEPH JOSEPH Folio\u2122 Plus 8-teiliges Messer- und Schneidebrett-Set Graphit - dev6 Erresse\" \/>\n<meta property=\"og:description\" content=\"Alles, was Sie zum Schneiden brauchen, an einem Ort Folio\u2122 Plus vereint vier farbcodierte Schneidebretter mit vier entsprechenden Messern. Jedes\" \/>\n<meta property=\"og:url\" content=\"https:\/\/dev6.erresse-shop.it\/de\/shop\/kuche\/schneidebretter\/joseph-joseph-folio-plus-8-teiliges-messer-und-schneidebrett-set-graphit\/\" \/>\n<meta property=\"og:site_name\" content=\"dev6 Erresse\" \/>\n<meta property=\"og:image\" content=\"https:\/\/interpim.erresse-shop.it\/wp-content\/uploads\/2023\/08\/JOSEPH-JOSEPH-Folio\u2122-Plus-Set-di-Coltelli-e-Taglieri-da-8-pezzi-Grafite.jpg\/joseph-joseph-folio-e2-84-a2-plus-set-di-coltelli-e-taglieri-da-8-pezzi-grafite.jpg\" \/><meta property=\"og:image\" content=\"https:\/\/interpim.erresse-shop.it\/wp-content\/uploads\/2023\/08\/JOSEPH-JOSEPH-Folio\u2122-Plus-Set-di-Coltelli-e-Taglieri-da-8-pezzi-Grafite.jpg\/joseph-joseph-folio-e2-84-a2-plus-set-di-coltelli-e-taglieri-da-8-pezzi-grafite.jpg\" \/>\n\t<meta property=\"og:image:width\" content=\"1024\" \/>\n\t<meta property=\"og:image:height\" content=\"1024\" \/>\n\t<meta property=\"og:image:type\" content=\"image\/jpeg\" \/>\n<meta name=\"twitter:card\" content=\"summary_large_image\" \/>\n<meta name=\"twitter:image\" content=\"https:\/\/interpim.erresse-shop.it\/wp-content\/uploads\/2023\/08\/JOSEPH-JOSEPH-Folio\u2122-Plus-Set-di-Coltelli-e-Taglieri-da-8-pezzi-Grafite.jpg\/joseph-joseph-folio-e2-84-a2-plus-set-di-coltelli-e-taglieri-da-8-pezzi-grafite.jpg\" \/>\n<script type=\"application\/ld+json\" class=\"yoast-schema-graph\">{\"@context\":\"https:\/\/schema.org\",\"@graph\":[{\"@type\":\"WebPage\",\"@id\":\"https:\/\/dev6.erresse-shop.it\/de\/shop\/kuche\/schneidebretter\/joseph-joseph-folio-plus-8-teiliges-messer-und-schneidebrett-set-graphit\/\",\"url\":\"https:\/\/dev6.erresse-shop.it\/de\/shop\/kuche\/schneidebretter\/joseph-joseph-folio-plus-8-teiliges-messer-und-schneidebrett-set-graphit\/\",\"name\":\"JOSEPH JOSEPH Folio\u2122 Plus 8-teiliges Messer- und Schneidebrett-Set Graphit - dev6 Erresse\",\"isPartOf\":{\"@id\":\"https:\/\/dev6.erresse-shop.it\/#website\"},\"primaryImageOfPage\":{\"@id\":\"https:\/\/dev6.erresse-shop.it\/de\/shop\/kuche\/schneidebretter\/joseph-joseph-folio-plus-8-teiliges-messer-und-schneidebrett-set-graphit\/#primaryimage\"},\"image\":{\"@id\":\"https:\/\/dev6.erresse-shop.it\/de\/shop\/kuche\/schneidebretter\/joseph-joseph-folio-plus-8-teiliges-messer-und-schneidebrett-set-graphit\/#primaryimage\"},\"thumbnailUrl\":\"https:\/\/i3.wp.com\/interpim.erresse-shop.it\/wp-content\/uploads\/2023\/08\/JOSEPH-JOSEPH-Folio\u2122-Plus-Set-di-Coltelli-e-Taglieri-da-8-pezzi-Grafite.jpg\/joseph-joseph-folio-e2-84-a2-plus-set-di-coltelli-e-taglieri-da-8-pezzi-grafite.jpg?ssl=1\",\"datePublished\":\"2026-04-12T07:48:54+00:00\",\"description\":\"Alles, was Sie zum Schneiden brauchen, an einem Ort Folio\u2122 Plus vereint vier farbcodierte Schneidebretter mit vier entsprechenden Messern. Jedes\",\"breadcrumb\":{\"@id\":\"https:\/\/dev6.erresse-shop.it\/de\/shop\/kuche\/schneidebretter\/joseph-joseph-folio-plus-8-teiliges-messer-und-schneidebrett-set-graphit\/#breadcrumb\"},\"inLanguage\":\"de\",\"potentialAction\":[{\"@type\":\"ReadAction\",\"target\":[\"https:\/\/dev6.erresse-shop.it\/de\/shop\/kuche\/schneidebretter\/joseph-joseph-folio-plus-8-teiliges-messer-und-schneidebrett-set-graphit\/\"]}]},{\"@type\":\"ImageObject\",\"inLanguage\":\"de\",\"@id\":\"https:\/\/dev6.erresse-shop.it\/de\/shop\/kuche\/schneidebretter\/joseph-joseph-folio-plus-8-teiliges-messer-und-schneidebrett-set-graphit\/#primaryimage\",\"url\":\"https:\/\/i3.wp.com\/interpim.erresse-shop.it\/wp-content\/uploads\/2023\/08\/JOSEPH-JOSEPH-Folio\u2122-Plus-Set-di-Coltelli-e-Taglieri-da-8-pezzi-Grafite.jpg\/joseph-joseph-folio-e2-84-a2-plus-set-di-coltelli-e-taglieri-da-8-pezzi-grafite.jpg?ssl=1\",\"contentUrl\":\"https:\/\/i3.wp.com\/interpim.erresse-shop.it\/wp-content\/uploads\/2023\/08\/JOSEPH-JOSEPH-Folio\u2122-Plus-Set-di-Coltelli-e-Taglieri-da-8-pezzi-Grafite.jpg\/joseph-joseph-folio-e2-84-a2-plus-set-di-coltelli-e-taglieri-da-8-pezzi-grafite.jpg?ssl=1\"},{\"@type\":\"BreadcrumbList\",\"@id\":\"https:\/\/dev6.erresse-shop.it\/de\/shop\/kuche\/schneidebretter\/joseph-joseph-folio-plus-8-teiliges-messer-und-schneidebrett-set-graphit\/#breadcrumb\",\"itemListElement\":[{\"@type\":\"ListItem\",\"position\":1,\"name\":\"Home\",\"item\":\"https:\/\/dev6.erresse-shop.it\/\"},{\"@type\":\"ListItem\",\"position\":2,\"name\":\"Shop\",\"item\":\"https:\/\/dev6.erresse-shop.it\/shop\/\"},{\"@type\":\"ListItem\",\"position\":3,\"name\":\"JOSEPH JOSEPH Folio\u2122 Plus 8-teiliges Messer- und Schneidebrett-Set Graphit\"}]},{\"@type\":\"WebSite\",\"@id\":\"https:\/\/dev6.erresse-shop.it\/#website\",\"url\":\"https:\/\/dev6.erresse-shop.it\/\",\"name\":\"Erresse Shop\",\"description\":\"\",\"publisher\":{\"@id\":\"https:\/\/dev6.erresse-shop.it\/#organization\"},\"potentialAction\":[{\"@type\":\"SearchAction\",\"target\":{\"@type\":\"EntryPoint\",\"urlTemplate\":\"https:\/\/dev6.erresse-shop.it\/?s={search_term_string}\"},\"query-input\":{\"@type\":\"PropertyValueSpecification\",\"valueRequired\":true,\"valueName\":\"search_term_string\"}}],\"inLanguage\":\"de\"},{\"@type\":\"Organization\",\"@id\":\"https:\/\/dev6.erresse-shop.it\/#organization\",\"name\":\"Erresse Shop\",\"url\":\"https:\/\/dev6.erresse-shop.it\/\",\"logo\":{\"@type\":\"ImageObject\",\"inLanguage\":\"de\",\"@id\":\"https:\/\/dev6.erresse-shop.it\/#\/schema\/logo\/image\/\",\"url\":\"https:\/\/dev6.erresse-shop.it\/wp-content\/uploads\/2025\/01\/LOGO-ERRESSE-CLASSICO.svg\",\"contentUrl\":\"https:\/\/dev6.erresse-shop.it\/wp-content\/uploads\/2025\/01\/LOGO-ERRESSE-CLASSICO.svg\",\"caption\":\"Erresse Shop\"},\"image\":{\"@id\":\"https:\/\/dev6.erresse-shop.it\/#\/schema\/logo\/image\/\"}}]}<\/script>\n<!-- \/ Yoast SEO plugin. -->","yoast_head_json":{"title":"JOSEPH JOSEPH Folio\u2122 Plus 8-teiliges Messer- und Schneidebrett-Set Graphit - dev6 Erresse","description":"Alles, was Sie zum Schneiden brauchen, an einem Ort Folio\u2122 Plus vereint vier farbcodierte Schneidebretter mit vier entsprechenden Messern. Jedes","robots":{"index":"noindex","follow":"follow","max-snippet":"max-snippet:-1","max-image-preview":"max-image-preview:large","max-video-preview":"max-video-preview:-1"},"og_locale":"de_DE","og_type":"article","og_title":"JOSEPH JOSEPH Folio\u2122 Plus 8-teiliges Messer- und Schneidebrett-Set Graphit - dev6 Erresse","og_description":"Alles, was Sie zum Schneiden brauchen, an einem Ort Folio\u2122 Plus vereint vier farbcodierte Schneidebretter mit vier entsprechenden Messern. Jedes","og_url":"https:\/\/dev6.erresse-shop.it\/de\/shop\/kuche\/schneidebretter\/joseph-joseph-folio-plus-8-teiliges-messer-und-schneidebrett-set-graphit\/","og_site_name":"dev6 Erresse","og_image":[{"url":"https:\/\/interpim.erresse-shop.it\/wp-content\/uploads\/2023\/08\/JOSEPH-JOSEPH-Folio\u2122-Plus-Set-di-Coltelli-e-Taglieri-da-8-pezzi-Grafite.jpg\/joseph-joseph-folio-e2-84-a2-plus-set-di-coltelli-e-taglieri-da-8-pezzi-grafite.jpg","type":"","width":"","height":""},{"url":"https:\/\/interpim.erresse-shop.it\/wp-content\/uploads\/2023\/08\/JOSEPH-JOSEPH-Folio\u2122-Plus-Set-di-Coltelli-e-Taglieri-da-8-pezzi-Grafite.jpg\/joseph-joseph-folio-e2-84-a2-plus-set-di-coltelli-e-taglieri-da-8-pezzi-grafite.jpg","width":1024,"height":1024,"type":"image\/jpeg"}],"twitter_card":"summary_large_image","twitter_image":"https:\/\/interpim.erresse-shop.it\/wp-content\/uploads\/2023\/08\/JOSEPH-JOSEPH-Folio\u2122-Plus-Set-di-Coltelli-e-Taglieri-da-8-pezzi-Grafite.jpg\/joseph-joseph-folio-e2-84-a2-plus-set-di-coltelli-e-taglieri-da-8-pezzi-grafite.jpg","schema":{"@context":"https:\/\/schema.org","@graph":[{"@type":"WebPage","@id":"https:\/\/dev6.erresse-shop.it\/de\/shop\/kuche\/schneidebretter\/joseph-joseph-folio-plus-8-teiliges-messer-und-schneidebrett-set-graphit\/","url":"https:\/\/dev6.erresse-shop.it\/de\/shop\/kuche\/schneidebretter\/joseph-joseph-folio-plus-8-teiliges-messer-und-schneidebrett-set-graphit\/","name":"JOSEPH JOSEPH Folio\u2122 Plus 8-teiliges Messer- und Schneidebrett-Set Graphit - dev6 Erresse","isPartOf":{"@id":"https:\/\/dev6.erresse-shop.it\/#website"},"primaryImageOfPage":{"@id":"https:\/\/dev6.erresse-shop.it\/de\/shop\/kuche\/schneidebretter\/joseph-joseph-folio-plus-8-teiliges-messer-und-schneidebrett-set-graphit\/#primaryimage"},"image":{"@id":"https:\/\/dev6.erresse-shop.it\/de\/shop\/kuche\/schneidebretter\/joseph-joseph-folio-plus-8-teiliges-messer-und-schneidebrett-set-graphit\/#primaryimage"},"thumbnailUrl":"https:\/\/i3.wp.com\/interpim.erresse-shop.it\/wp-content\/uploads\/2023\/08\/JOSEPH-JOSEPH-Folio\u2122-Plus-Set-di-Coltelli-e-Taglieri-da-8-pezzi-Grafite.jpg\/joseph-joseph-folio-e2-84-a2-plus-set-di-coltelli-e-taglieri-da-8-pezzi-grafite.jpg?ssl=1","datePublished":"2026-04-12T07:48:54+00:00","description":"Alles, was Sie zum Schneiden brauchen, an einem Ort Folio\u2122 Plus vereint vier farbcodierte Schneidebretter mit vier entsprechenden Messern. Jedes","breadcrumb":{"@id":"https:\/\/dev6.erresse-shop.it\/de\/shop\/kuche\/schneidebretter\/joseph-joseph-folio-plus-8-teiliges-messer-und-schneidebrett-set-graphit\/#breadcrumb"},"inLanguage":"de","potentialAction":[{"@type":"ReadAction","target":["https:\/\/dev6.erresse-shop.it\/de\/shop\/kuche\/schneidebretter\/joseph-joseph-folio-plus-8-teiliges-messer-und-schneidebrett-set-graphit\/"]}]},{"@type":"ImageObject","inLanguage":"de","@id":"https:\/\/dev6.erresse-shop.it\/de\/shop\/kuche\/schneidebretter\/joseph-joseph-folio-plus-8-teiliges-messer-und-schneidebrett-set-graphit\/#primaryimage","url":"https:\/\/i3.wp.com\/interpim.erresse-shop.it\/wp-content\/uploads\/2023\/08\/JOSEPH-JOSEPH-Folio\u2122-Plus-Set-di-Coltelli-e-Taglieri-da-8-pezzi-Grafite.jpg\/joseph-joseph-folio-e2-84-a2-plus-set-di-coltelli-e-taglieri-da-8-pezzi-grafite.jpg?ssl=1","contentUrl":"https:\/\/i3.wp.com\/interpim.erresse-shop.it\/wp-content\/uploads\/2023\/08\/JOSEPH-JOSEPH-Folio\u2122-Plus-Set-di-Coltelli-e-Taglieri-da-8-pezzi-Grafite.jpg\/joseph-joseph-folio-e2-84-a2-plus-set-di-coltelli-e-taglieri-da-8-pezzi-grafite.jpg?ssl=1"},{"@type":"BreadcrumbList","@id":"https:\/\/dev6.erresse-shop.it\/de\/shop\/kuche\/schneidebretter\/joseph-joseph-folio-plus-8-teiliges-messer-und-schneidebrett-set-graphit\/#breadcrumb","itemListElement":[{"@type":"ListItem","position":1,"name":"Home","item":"https:\/\/dev6.erresse-shop.it\/"},{"@type":"ListItem","position":2,"name":"Shop","item":"https:\/\/dev6.erresse-shop.it\/shop\/"},{"@type":"ListItem","position":3,"name":"JOSEPH JOSEPH Folio\u2122 Plus 8-teiliges Messer- und Schneidebrett-Set Graphit"}]},{"@type":"WebSite","@id":"https:\/\/dev6.erresse-shop.it\/#website","url":"https:\/\/dev6.erresse-shop.it\/","name":"Erresse Shop","description":"","publisher":{"@id":"https:\/\/dev6.erresse-shop.it\/#organization"},"potentialAction":[{"@type":"SearchAction","target":{"@type":"EntryPoint","urlTemplate":"https:\/\/dev6.erresse-shop.it\/?s={search_term_string}"},"query-input":{"@type":"PropertyValueSpecification","valueRequired":true,"valueName":"search_term_string"}}],"inLanguage":"de"},{"@type":"Organization","@id":"https:\/\/dev6.erresse-shop.it\/#organization","name":"Erresse Shop","url":"https:\/\/dev6.erresse-shop.it\/","logo":{"@type":"ImageObject","inLanguage":"de","@id":"https:\/\/dev6.erresse-shop.it\/#\/schema\/logo\/image\/","url":"https:\/\/dev6.erresse-shop.it\/wp-content\/uploads\/2025\/01\/LOGO-ERRESSE-CLASSICO.svg","contentUrl":"https:\/\/dev6.erresse-shop.it\/wp-content\/uploads\/2025\/01\/LOGO-ERRESSE-CLASSICO.svg","caption":"Erresse Shop"},"image":{"@id":"https:\/\/dev6.erresse-shop.it\/#\/schema\/logo\/image\/"}}]}},"df_price":109.95,"df_sale_price":109.95,"df_regular_price":139.99,"df_image_link":"https:\/\/i3.wp.com\/interpim.erresse-shop.it\/wp-content\/uploads\/2023\/08\/JOSEPH-JOSEPH-Folio\u2122-Plus-Set-di-Coltelli-e-Taglieri-da-8-pezzi-Grafite.jpg\/joseph-joseph-folio-e2-84-a2-plus-set-di-coltelli-e-taglieri-da-8-pezzi-grafite.jpg?resize=300,300&ssl=1","fifu_image_url":"https:\/\/interpim.erresse-shop.it\/wp-content\/uploads\/2023\/08\/JOSEPH-JOSEPH-Folio\u2122-Plus-Set-di-Coltelli-e-Taglieri-da-8-pezzi-Grafite.jpg\/joseph-joseph-folio-e2-84-a2-plus-set-di-coltelli-e-taglieri-da-8-pezzi-grafite.jpg","_links":{"self":[{"href":"https:\/\/dev6.erresse-shop.it\/de\/wp-json\/wp\/v2\/product\/52979","targetHints":{"allow":["GET"]}}],"collection":[{"href":"https:\/\/dev6.erresse-shop.it\/de\/wp-json\/wp\/v2\/product"}],"about":[{"href":"https:\/\/dev6.erresse-shop.it\/de\/wp-json\/wp\/v2\/types\/product"}],"wp:featuredmedia":[{"embeddable":true,"href":"https:\/\/dev6.erresse-shop.it\/de\/wp-json\/wp\/v2\/media\/6363299"}],"wp:attachment":[{"href":"https:\/\/dev6.erresse-shop.it\/de\/wp-json\/wp\/v2\/media?parent=52979"}],"wp:term":[{"taxonomy":"product_cat","embeddable":true,"href":"https:\/\/dev6.erresse-shop.it\/de\/wp-json\/wp\/v2\/product_cat?post=52979"},{"taxonomy":"product_tag","embeddable":true,"href":"https:\/\/dev6.erresse-shop.it\/de\/wp-json\/wp\/v2\/product_tag?post=52979"}],"curies":[{"name":"wp","href":"https:\/\/api.w.org\/{rel}","templated":true}]}}