{"id":52974,"date":"2026-04-12T09:48:54","date_gmt":"2026-04-12T07:48:54","guid":{"rendered":"https:\/\/dev6.erresse-shop.it\/shop\/unkategorisiert\/light-notes-sockel-aus-metall-rosegold\/"},"modified":"2025-09-14T01:17:58","modified_gmt":"2025-09-13T23:17:58","slug":"light-notes-sockel-aus-metall-rosegold","status":"publish","type":"product","link":"https:\/\/dev6.erresse-shop.it\/de\/shop\/einrichtung-haus\/lampen\/light-notes-sockel-aus-metall-rosegold\/","title":{"rendered":"LIGHT NOTES Sockel aus Metall Ros\u00e9gold"},"content":{"rendered":"<p>Light Notes ist der Spiegel unserer Gef\u00fchle: ein einfaches Wort, um unsere Pers\u00f6nlichkeit und Stimmung auszudr\u00fccken.<br \/>\nEine Botschaft, eine Liebeserkl\u00e4rung durch eine handgefertigte Gl\u00fchbirne, die das Herz des Empf\u00e4ngers erw\u00e4rmen wird.<\/p>\n","protected":false},"excerpt":{"rendered":"<p>Light Notes ist der Spiegel unserer Gef\u00fchle: ein einfaches Wort, um unsere Pers\u00f6nlichkeit und Stimmung auszudr\u00fccken. Eine Botschaft, eine Liebeserkl\u00e4rung durch eine handgefertigte Gl\u00fchbirne, die das Herz des Empf\u00e4ngers erw\u00e4rmen wird.<\/p>\n","protected":false},"featured_media":6363287,"template":"","meta":{"_acf_changed":false},"product_cat":[12129,12098,11695,12127],"product_tag":[],"class_list":{"0":"post-52974","1":"product","2":"type-product","3":"status-publish","4":"has-post-thumbnail","6":"product_cat-dekoartikel","7":"product_cat-einrichtung-haus","8":"product_cat-lampade","9":"product_cat-lampen","11":"first","12":"instock","13":"sale","14":"taxable","15":"shipping-taxable","16":"purchasable","17":"product-type-simple","swatches":"rey-swatches","show_selected":"","stretch_labels":"rey-swatches--stretch-labels"},"acf":[],"yoast_head":"<!-- This site is optimized with the Yoast SEO plugin v25.4 - https:\/\/yoast.com\/wordpress\/plugins\/seo\/ -->\n<title>LIGHT NOTES Sockel aus Metall Ros\u00e9gold - dev6 Erresse<\/title>\n<meta name=\"description\" content=\"Light Notes ist der Spiegel unserer Gef\u00fchle: ein einfaches Wort, um unsere Pers\u00f6nlichkeit und Stimmung auszudr\u00fccken. Eine Botschaft, eine Liebeserkl\u00e4rung\" \/>\n<meta name=\"robots\" content=\"noindex, follow, max-snippet:-1, max-image-preview:large, max-video-preview:-1\" \/>\n<meta property=\"og:locale\" content=\"de_DE\" \/>\n<meta property=\"og:type\" content=\"article\" \/>\n<meta property=\"og:title\" content=\"LIGHT NOTES Sockel aus Metall Ros\u00e9gold - dev6 Erresse\" \/>\n<meta property=\"og:description\" content=\"Light Notes ist der Spiegel unserer Gef\u00fchle: ein einfaches Wort, um unsere Pers\u00f6nlichkeit und Stimmung auszudr\u00fccken. Eine Botschaft, eine Liebeserkl\u00e4rung\" \/>\n<meta property=\"og:url\" content=\"https:\/\/dev6.erresse-shop.it\/de\/shop\/einrichtung-haus\/lampen\/light-notes-sockel-aus-metall-rosegold\/\" \/>\n<meta property=\"og:site_name\" content=\"dev6 Erresse\" \/>\n<meta property=\"og:image\" content=\"https:\/\/interpim.erresse-shop.it\/Import\/Prodotti\/light-notes-base-in-metallo-oro-rosa.jpg\" \/><meta property=\"og:image\" content=\"https:\/\/interpim.erresse-shop.it\/Import\/Prodotti\/light-notes-base-in-metallo-oro-rosa.jpg\" \/>\n\t<meta property=\"og:image:width\" content=\"1024\" \/>\n\t<meta property=\"og:image:height\" content=\"1024\" \/>\n\t<meta property=\"og:image:type\" content=\"image\/jpeg\" \/>\n<meta name=\"twitter:card\" content=\"summary_large_image\" \/>\n<meta name=\"twitter:image\" content=\"https:\/\/interpim.erresse-shop.it\/Import\/Prodotti\/light-notes-base-in-metallo-oro-rosa.jpg\" \/>\n<script type=\"application\/ld+json\" class=\"yoast-schema-graph\">{\"@context\":\"https:\/\/schema.org\",\"@graph\":[{\"@type\":\"WebPage\",\"@id\":\"https:\/\/dev6.erresse-shop.it\/de\/shop\/einrichtung-haus\/lampen\/light-notes-sockel-aus-metall-rosegold\/\",\"url\":\"https:\/\/dev6.erresse-shop.it\/de\/shop\/einrichtung-haus\/lampen\/light-notes-sockel-aus-metall-rosegold\/\",\"name\":\"LIGHT NOTES Sockel aus Metall Ros\u00e9gold - dev6 Erresse\",\"isPartOf\":{\"@id\":\"https:\/\/dev6.erresse-shop.it\/#website\"},\"primaryImageOfPage\":{\"@id\":\"https:\/\/dev6.erresse-shop.it\/de\/shop\/einrichtung-haus\/lampen\/light-notes-sockel-aus-metall-rosegold\/#primaryimage\"},\"image\":{\"@id\":\"https:\/\/dev6.erresse-shop.it\/de\/shop\/einrichtung-haus\/lampen\/light-notes-sockel-aus-metall-rosegold\/#primaryimage\"},\"thumbnailUrl\":\"https:\/\/i0.wp.com\/interpim.erresse-shop.it\/Import\/Prodotti\/light-notes-base-in-metallo-oro-rosa.jpg?ssl=1\",\"datePublished\":\"2026-04-12T07:48:54+00:00\",\"description\":\"Light Notes ist der Spiegel unserer Gef\u00fchle: ein einfaches Wort, um unsere Pers\u00f6nlichkeit und Stimmung auszudr\u00fccken. Eine Botschaft, eine Liebeserkl\u00e4rung\",\"breadcrumb\":{\"@id\":\"https:\/\/dev6.erresse-shop.it\/de\/shop\/einrichtung-haus\/lampen\/light-notes-sockel-aus-metall-rosegold\/#breadcrumb\"},\"inLanguage\":\"de\",\"potentialAction\":[{\"@type\":\"ReadAction\",\"target\":[\"https:\/\/dev6.erresse-shop.it\/de\/shop\/einrichtung-haus\/lampen\/light-notes-sockel-aus-metall-rosegold\/\"]}]},{\"@type\":\"ImageObject\",\"inLanguage\":\"de\",\"@id\":\"https:\/\/dev6.erresse-shop.it\/de\/shop\/einrichtung-haus\/lampen\/light-notes-sockel-aus-metall-rosegold\/#primaryimage\",\"url\":\"https:\/\/i0.wp.com\/interpim.erresse-shop.it\/Import\/Prodotti\/light-notes-base-in-metallo-oro-rosa.jpg?ssl=1\",\"contentUrl\":\"https:\/\/i0.wp.com\/interpim.erresse-shop.it\/Import\/Prodotti\/light-notes-base-in-metallo-oro-rosa.jpg?ssl=1\"},{\"@type\":\"BreadcrumbList\",\"@id\":\"https:\/\/dev6.erresse-shop.it\/de\/shop\/einrichtung-haus\/lampen\/light-notes-sockel-aus-metall-rosegold\/#breadcrumb\",\"itemListElement\":[{\"@type\":\"ListItem\",\"position\":1,\"name\":\"Home\",\"item\":\"https:\/\/dev6.erresse-shop.it\/\"},{\"@type\":\"ListItem\",\"position\":2,\"name\":\"Shop\",\"item\":\"https:\/\/dev6.erresse-shop.it\/shop\/\"},{\"@type\":\"ListItem\",\"position\":3,\"name\":\"LIGHT NOTES Sockel aus Metall Ros\u00e9gold\"}]},{\"@type\":\"WebSite\",\"@id\":\"https:\/\/dev6.erresse-shop.it\/#website\",\"url\":\"https:\/\/dev6.erresse-shop.it\/\",\"name\":\"Erresse Shop\",\"description\":\"\",\"publisher\":{\"@id\":\"https:\/\/dev6.erresse-shop.it\/#organization\"},\"potentialAction\":[{\"@type\":\"SearchAction\",\"target\":{\"@type\":\"EntryPoint\",\"urlTemplate\":\"https:\/\/dev6.erresse-shop.it\/?s={search_term_string}\"},\"query-input\":{\"@type\":\"PropertyValueSpecification\",\"valueRequired\":true,\"valueName\":\"search_term_string\"}}],\"inLanguage\":\"de\"},{\"@type\":\"Organization\",\"@id\":\"https:\/\/dev6.erresse-shop.it\/#organization\",\"name\":\"Erresse Shop\",\"url\":\"https:\/\/dev6.erresse-shop.it\/\",\"logo\":{\"@type\":\"ImageObject\",\"inLanguage\":\"de\",\"@id\":\"https:\/\/dev6.erresse-shop.it\/#\/schema\/logo\/image\/\",\"url\":\"https:\/\/dev6.erresse-shop.it\/wp-content\/uploads\/2025\/01\/LOGO-ERRESSE-CLASSICO.svg\",\"contentUrl\":\"https:\/\/dev6.erresse-shop.it\/wp-content\/uploads\/2025\/01\/LOGO-ERRESSE-CLASSICO.svg\",\"caption\":\"Erresse Shop\"},\"image\":{\"@id\":\"https:\/\/dev6.erresse-shop.it\/#\/schema\/logo\/image\/\"}}]}<\/script>\n<!-- \/ Yoast SEO plugin. -->","yoast_head_json":{"title":"LIGHT NOTES Sockel aus Metall Ros\u00e9gold - dev6 Erresse","description":"Light Notes ist der Spiegel unserer Gef\u00fchle: ein einfaches Wort, um unsere Pers\u00f6nlichkeit und Stimmung auszudr\u00fccken. Eine Botschaft, eine Liebeserkl\u00e4rung","robots":{"index":"noindex","follow":"follow","max-snippet":"max-snippet:-1","max-image-preview":"max-image-preview:large","max-video-preview":"max-video-preview:-1"},"og_locale":"de_DE","og_type":"article","og_title":"LIGHT NOTES Sockel aus Metall Ros\u00e9gold - dev6 Erresse","og_description":"Light Notes ist der Spiegel unserer Gef\u00fchle: ein einfaches Wort, um unsere Pers\u00f6nlichkeit und Stimmung auszudr\u00fccken. Eine Botschaft, eine Liebeserkl\u00e4rung","og_url":"https:\/\/dev6.erresse-shop.it\/de\/shop\/einrichtung-haus\/lampen\/light-notes-sockel-aus-metall-rosegold\/","og_site_name":"dev6 Erresse","og_image":[{"url":"https:\/\/interpim.erresse-shop.it\/Import\/Prodotti\/light-notes-base-in-metallo-oro-rosa.jpg","type":"","width":"","height":""},{"url":"https:\/\/interpim.erresse-shop.it\/Import\/Prodotti\/light-notes-base-in-metallo-oro-rosa.jpg","width":1024,"height":1024,"type":"image\/jpeg"}],"twitter_card":"summary_large_image","twitter_image":"https:\/\/interpim.erresse-shop.it\/Import\/Prodotti\/light-notes-base-in-metallo-oro-rosa.jpg","schema":{"@context":"https:\/\/schema.org","@graph":[{"@type":"WebPage","@id":"https:\/\/dev6.erresse-shop.it\/de\/shop\/einrichtung-haus\/lampen\/light-notes-sockel-aus-metall-rosegold\/","url":"https:\/\/dev6.erresse-shop.it\/de\/shop\/einrichtung-haus\/lampen\/light-notes-sockel-aus-metall-rosegold\/","name":"LIGHT NOTES Sockel aus Metall Ros\u00e9gold - dev6 Erresse","isPartOf":{"@id":"https:\/\/dev6.erresse-shop.it\/#website"},"primaryImageOfPage":{"@id":"https:\/\/dev6.erresse-shop.it\/de\/shop\/einrichtung-haus\/lampen\/light-notes-sockel-aus-metall-rosegold\/#primaryimage"},"image":{"@id":"https:\/\/dev6.erresse-shop.it\/de\/shop\/einrichtung-haus\/lampen\/light-notes-sockel-aus-metall-rosegold\/#primaryimage"},"thumbnailUrl":"https:\/\/i0.wp.com\/interpim.erresse-shop.it\/Import\/Prodotti\/light-notes-base-in-metallo-oro-rosa.jpg?ssl=1","datePublished":"2026-04-12T07:48:54+00:00","description":"Light Notes ist der Spiegel unserer Gef\u00fchle: ein einfaches Wort, um unsere Pers\u00f6nlichkeit und Stimmung auszudr\u00fccken. Eine Botschaft, eine Liebeserkl\u00e4rung","breadcrumb":{"@id":"https:\/\/dev6.erresse-shop.it\/de\/shop\/einrichtung-haus\/lampen\/light-notes-sockel-aus-metall-rosegold\/#breadcrumb"},"inLanguage":"de","potentialAction":[{"@type":"ReadAction","target":["https:\/\/dev6.erresse-shop.it\/de\/shop\/einrichtung-haus\/lampen\/light-notes-sockel-aus-metall-rosegold\/"]}]},{"@type":"ImageObject","inLanguage":"de","@id":"https:\/\/dev6.erresse-shop.it\/de\/shop\/einrichtung-haus\/lampen\/light-notes-sockel-aus-metall-rosegold\/#primaryimage","url":"https:\/\/i0.wp.com\/interpim.erresse-shop.it\/Import\/Prodotti\/light-notes-base-in-metallo-oro-rosa.jpg?ssl=1","contentUrl":"https:\/\/i0.wp.com\/interpim.erresse-shop.it\/Import\/Prodotti\/light-notes-base-in-metallo-oro-rosa.jpg?ssl=1"},{"@type":"BreadcrumbList","@id":"https:\/\/dev6.erresse-shop.it\/de\/shop\/einrichtung-haus\/lampen\/light-notes-sockel-aus-metall-rosegold\/#breadcrumb","itemListElement":[{"@type":"ListItem","position":1,"name":"Home","item":"https:\/\/dev6.erresse-shop.it\/"},{"@type":"ListItem","position":2,"name":"Shop","item":"https:\/\/dev6.erresse-shop.it\/shop\/"},{"@type":"ListItem","position":3,"name":"LIGHT NOTES Sockel aus Metall Ros\u00e9gold"}]},{"@type":"WebSite","@id":"https:\/\/dev6.erresse-shop.it\/#website","url":"https:\/\/dev6.erresse-shop.it\/","name":"Erresse Shop","description":"","publisher":{"@id":"https:\/\/dev6.erresse-shop.it\/#organization"},"potentialAction":[{"@type":"SearchAction","target":{"@type":"EntryPoint","urlTemplate":"https:\/\/dev6.erresse-shop.it\/?s={search_term_string}"},"query-input":{"@type":"PropertyValueSpecification","valueRequired":true,"valueName":"search_term_string"}}],"inLanguage":"de"},{"@type":"Organization","@id":"https:\/\/dev6.erresse-shop.it\/#organization","name":"Erresse Shop","url":"https:\/\/dev6.erresse-shop.it\/","logo":{"@type":"ImageObject","inLanguage":"de","@id":"https:\/\/dev6.erresse-shop.it\/#\/schema\/logo\/image\/","url":"https:\/\/dev6.erresse-shop.it\/wp-content\/uploads\/2025\/01\/LOGO-ERRESSE-CLASSICO.svg","contentUrl":"https:\/\/dev6.erresse-shop.it\/wp-content\/uploads\/2025\/01\/LOGO-ERRESSE-CLASSICO.svg","caption":"Erresse Shop"},"image":{"@id":"https:\/\/dev6.erresse-shop.it\/#\/schema\/logo\/image\/"}}]}},"df_price":32.95,"df_sale_price":32.95,"df_regular_price":54.9,"df_image_link":"https:\/\/i0.wp.com\/interpim.erresse-shop.it\/Import\/Prodotti\/light-notes-base-in-metallo-oro-rosa.jpg?resize=300,300&ssl=1","fifu_image_url":"https:\/\/interpim.erresse-shop.it\/Import\/Prodotti\/light-notes-base-in-metallo-oro-rosa.jpg","_links":{"self":[{"href":"https:\/\/dev6.erresse-shop.it\/de\/wp-json\/wp\/v2\/product\/52974","targetHints":{"allow":["GET"]}}],"collection":[{"href":"https:\/\/dev6.erresse-shop.it\/de\/wp-json\/wp\/v2\/product"}],"about":[{"href":"https:\/\/dev6.erresse-shop.it\/de\/wp-json\/wp\/v2\/types\/product"}],"wp:featuredmedia":[{"embeddable":true,"href":"https:\/\/dev6.erresse-shop.it\/de\/wp-json\/wp\/v2\/media\/6363287"}],"wp:attachment":[{"href":"https:\/\/dev6.erresse-shop.it\/de\/wp-json\/wp\/v2\/media?parent=52974"}],"wp:term":[{"taxonomy":"product_cat","embeddable":true,"href":"https:\/\/dev6.erresse-shop.it\/de\/wp-json\/wp\/v2\/product_cat?post=52974"},{"taxonomy":"product_tag","embeddable":true,"href":"https:\/\/dev6.erresse-shop.it\/de\/wp-json\/wp\/v2\/product_tag?post=52974"}],"curies":[{"name":"wp","href":"https:\/\/api.w.org\/{rel}","templated":true}]}}