{"id":52966,"date":"2026-04-12T09:48:54","date_gmt":"2026-04-12T07:48:54","guid":{"rendered":"https:\/\/dev6.erresse-shop.it\/shop\/unkategorisiert\/light-notes-gluehbirne-mai-na-gioia\/"},"modified":"2026-02-05T18:32:28","modified_gmt":"2026-02-05T17:32:28","slug":"light-notes-gluehbirne-mai-na-gioia","status":"publish","type":"product","link":"https:\/\/dev6.erresse-shop.it\/de\/shop\/einrichtung-haus\/lampen\/light-notes-gluehbirne-mai-na-gioia\/","title":{"rendered":"LIGHT NOTES Gl\u00fchbirne &#8220;Mai Na Gioia&#8221;"},"content":{"rendered":"<p>Light Notes ist der Spiegel unserer Gef\u00fchle: ein einfaches Wort, um unsere Pers\u00f6nlichkeit und Stimmung auszudr\u00fccken.<br \/>\nEine Botschaft, eine Liebeserkl\u00e4rung durch eine handgefertigte Gl\u00fchbirne, die das Herz des Empf\u00e4ngers erw\u00e4rmen wird.<\/p>\n<p>Sie k\u00f6nnen sie mit jedem beliebigen Sockel\/Lampe kombinieren.<\/p>\n<p>Der Sockel ist nicht im Lieferumfang enthalten.<\/p>\n<p>Abmessungen: 12,5 x 17,5h cm<br \/>\nLED 4W, 220-240V, SOCKEL E27<\/p>\n","protected":false},"excerpt":{"rendered":"<p>Light Notes ist der Spiegel unserer Gef\u00fchle: ein einfaches Wort, um unsere Pers\u00f6nlichkeit und Stimmung auszudr\u00fccken. Eine Botschaft, eine Liebeserkl\u00e4rung durch eine handgefertigte Gl\u00fchbirne, die das Herz des Empf\u00e4ngers erw\u00e4rmen wird. Sie k\u00f6nnen sie mit jedem beliebigen Sockel\/Lampe kombinieren. Der Sockel ist nicht im Lieferumfang enthalten. Abmessungen: 12,5 x 17,5h cm LED 4W, 220-240V, SOCKEL [&hellip;]<\/p>\n","protected":false},"featured_media":6363269,"template":"","meta":{"_acf_changed":false},"product_cat":[12129,12098,11695,12127],"product_tag":[],"class_list":{"0":"post-52966","1":"product","2":"type-product","3":"status-publish","4":"has-post-thumbnail","6":"product_cat-dekoartikel","7":"product_cat-einrichtung-haus","8":"product_cat-lampade","9":"product_cat-lampen","11":"first","12":"instock","13":"sale","14":"taxable","15":"shipping-taxable","16":"purchasable","17":"product-type-simple","swatches":"rey-swatches","show_selected":"","stretch_labels":"rey-swatches--stretch-labels"},"acf":[],"yoast_head":"<!-- This site is optimized with the Yoast SEO plugin v25.4 - https:\/\/yoast.com\/wordpress\/plugins\/seo\/ -->\n<title>LIGHT NOTES Gl\u00fchbirne &#8220;Mai Na Gioia&#8221; - dev6 Erresse<\/title>\n<meta name=\"description\" content=\"Light Notes ist der Spiegel unserer Gef\u00fchle: ein einfaches Wort, um unsere Pers\u00f6nlichkeit und Stimmung auszudr\u00fccken. Eine Botschaft, eine Liebeserkl\u00e4rung\" \/>\n<meta name=\"robots\" content=\"noindex, follow, max-snippet:-1, max-image-preview:large, max-video-preview:-1\" \/>\n<meta property=\"og:locale\" content=\"de_DE\" \/>\n<meta property=\"og:type\" content=\"article\" \/>\n<meta property=\"og:title\" content=\"LIGHT NOTES Gl\u00fchbirne &#8220;Mai Na Gioia&#8221; - dev6 Erresse\" \/>\n<meta property=\"og:description\" content=\"Light Notes ist der Spiegel unserer Gef\u00fchle: ein einfaches Wort, um unsere Pers\u00f6nlichkeit und Stimmung auszudr\u00fccken. Eine Botschaft, eine Liebeserkl\u00e4rung\" \/>\n<meta property=\"og:url\" content=\"https:\/\/dev6.erresse-shop.it\/de\/shop\/einrichtung-haus\/lampen\/light-notes-gluehbirne-mai-na-gioia\/\" \/>\n<meta property=\"og:site_name\" content=\"dev6 Erresse\" \/>\n<meta property=\"og:image\" content=\"https:\/\/interpim.erresse-shop.it\/Import\/Prodotti\/light-notes-lampadina-mai-na-gioia.jpg\" \/><meta property=\"og:image\" content=\"https:\/\/interpim.erresse-shop.it\/Import\/Prodotti\/light-notes-lampadina-mai-na-gioia.jpg\" \/>\n\t<meta property=\"og:image:width\" content=\"1024\" \/>\n\t<meta property=\"og:image:height\" content=\"1024\" \/>\n\t<meta property=\"og:image:type\" content=\"image\/jpeg\" \/>\n<meta name=\"twitter:card\" content=\"summary_large_image\" \/>\n<meta name=\"twitter:image\" content=\"https:\/\/interpim.erresse-shop.it\/Import\/Prodotti\/light-notes-lampadina-mai-na-gioia.jpg\" \/>\n<script type=\"application\/ld+json\" class=\"yoast-schema-graph\">{\"@context\":\"https:\/\/schema.org\",\"@graph\":[{\"@type\":\"WebPage\",\"@id\":\"https:\/\/dev6.erresse-shop.it\/de\/shop\/einrichtung-haus\/lampen\/light-notes-gluehbirne-mai-na-gioia\/\",\"url\":\"https:\/\/dev6.erresse-shop.it\/de\/shop\/einrichtung-haus\/lampen\/light-notes-gluehbirne-mai-na-gioia\/\",\"name\":\"LIGHT NOTES Gl\u00fchbirne &#8220;Mai Na Gioia&#8221; - dev6 Erresse\",\"isPartOf\":{\"@id\":\"https:\/\/dev6.erresse-shop.it\/#website\"},\"primaryImageOfPage\":{\"@id\":\"https:\/\/dev6.erresse-shop.it\/de\/shop\/einrichtung-haus\/lampen\/light-notes-gluehbirne-mai-na-gioia\/#primaryimage\"},\"image\":{\"@id\":\"https:\/\/dev6.erresse-shop.it\/de\/shop\/einrichtung-haus\/lampen\/light-notes-gluehbirne-mai-na-gioia\/#primaryimage\"},\"thumbnailUrl\":\"https:\/\/i0.wp.com\/interpim.erresse-shop.it\/Import\/Prodotti\/light-notes-lampadina-mai-na-gioia.jpg?ssl=1\",\"datePublished\":\"2026-04-12T07:48:54+00:00\",\"description\":\"Light Notes ist der Spiegel unserer Gef\u00fchle: ein einfaches Wort, um unsere Pers\u00f6nlichkeit und Stimmung auszudr\u00fccken. Eine Botschaft, eine Liebeserkl\u00e4rung\",\"breadcrumb\":{\"@id\":\"https:\/\/dev6.erresse-shop.it\/de\/shop\/einrichtung-haus\/lampen\/light-notes-gluehbirne-mai-na-gioia\/#breadcrumb\"},\"inLanguage\":\"de\",\"potentialAction\":[{\"@type\":\"ReadAction\",\"target\":[\"https:\/\/dev6.erresse-shop.it\/de\/shop\/einrichtung-haus\/lampen\/light-notes-gluehbirne-mai-na-gioia\/\"]}]},{\"@type\":\"ImageObject\",\"inLanguage\":\"de\",\"@id\":\"https:\/\/dev6.erresse-shop.it\/de\/shop\/einrichtung-haus\/lampen\/light-notes-gluehbirne-mai-na-gioia\/#primaryimage\",\"url\":\"https:\/\/i0.wp.com\/interpim.erresse-shop.it\/Import\/Prodotti\/light-notes-lampadina-mai-na-gioia.jpg?ssl=1\",\"contentUrl\":\"https:\/\/i0.wp.com\/interpim.erresse-shop.it\/Import\/Prodotti\/light-notes-lampadina-mai-na-gioia.jpg?ssl=1\"},{\"@type\":\"BreadcrumbList\",\"@id\":\"https:\/\/dev6.erresse-shop.it\/de\/shop\/einrichtung-haus\/lampen\/light-notes-gluehbirne-mai-na-gioia\/#breadcrumb\",\"itemListElement\":[{\"@type\":\"ListItem\",\"position\":1,\"name\":\"Home\",\"item\":\"https:\/\/dev6.erresse-shop.it\/\"},{\"@type\":\"ListItem\",\"position\":2,\"name\":\"Shop\",\"item\":\"https:\/\/dev6.erresse-shop.it\/shop\/\"},{\"@type\":\"ListItem\",\"position\":3,\"name\":\"LIGHT NOTES Gl\u00fchbirne &#8220;Mai Na Gioia&#8221;\"}]},{\"@type\":\"WebSite\",\"@id\":\"https:\/\/dev6.erresse-shop.it\/#website\",\"url\":\"https:\/\/dev6.erresse-shop.it\/\",\"name\":\"Erresse Shop\",\"description\":\"\",\"publisher\":{\"@id\":\"https:\/\/dev6.erresse-shop.it\/#organization\"},\"potentialAction\":[{\"@type\":\"SearchAction\",\"target\":{\"@type\":\"EntryPoint\",\"urlTemplate\":\"https:\/\/dev6.erresse-shop.it\/?s={search_term_string}\"},\"query-input\":{\"@type\":\"PropertyValueSpecification\",\"valueRequired\":true,\"valueName\":\"search_term_string\"}}],\"inLanguage\":\"de\"},{\"@type\":\"Organization\",\"@id\":\"https:\/\/dev6.erresse-shop.it\/#organization\",\"name\":\"Erresse Shop\",\"url\":\"https:\/\/dev6.erresse-shop.it\/\",\"logo\":{\"@type\":\"ImageObject\",\"inLanguage\":\"de\",\"@id\":\"https:\/\/dev6.erresse-shop.it\/#\/schema\/logo\/image\/\",\"url\":\"https:\/\/dev6.erresse-shop.it\/wp-content\/uploads\/2025\/01\/LOGO-ERRESSE-CLASSICO.svg\",\"contentUrl\":\"https:\/\/dev6.erresse-shop.it\/wp-content\/uploads\/2025\/01\/LOGO-ERRESSE-CLASSICO.svg\",\"caption\":\"Erresse Shop\"},\"image\":{\"@id\":\"https:\/\/dev6.erresse-shop.it\/#\/schema\/logo\/image\/\"}}]}<\/script>\n<!-- \/ Yoast SEO plugin. -->","yoast_head_json":{"title":"LIGHT NOTES Gl\u00fchbirne &#8220;Mai Na Gioia&#8221; - dev6 Erresse","description":"Light Notes ist der Spiegel unserer Gef\u00fchle: ein einfaches Wort, um unsere Pers\u00f6nlichkeit und Stimmung auszudr\u00fccken. Eine Botschaft, eine Liebeserkl\u00e4rung","robots":{"index":"noindex","follow":"follow","max-snippet":"max-snippet:-1","max-image-preview":"max-image-preview:large","max-video-preview":"max-video-preview:-1"},"og_locale":"de_DE","og_type":"article","og_title":"LIGHT NOTES Gl\u00fchbirne &#8220;Mai Na Gioia&#8221; - dev6 Erresse","og_description":"Light Notes ist der Spiegel unserer Gef\u00fchle: ein einfaches Wort, um unsere Pers\u00f6nlichkeit und Stimmung auszudr\u00fccken. Eine Botschaft, eine Liebeserkl\u00e4rung","og_url":"https:\/\/dev6.erresse-shop.it\/de\/shop\/einrichtung-haus\/lampen\/light-notes-gluehbirne-mai-na-gioia\/","og_site_name":"dev6 Erresse","og_image":[{"url":"https:\/\/interpim.erresse-shop.it\/Import\/Prodotti\/light-notes-lampadina-mai-na-gioia.jpg","type":"","width":"","height":""},{"url":"https:\/\/interpim.erresse-shop.it\/Import\/Prodotti\/light-notes-lampadina-mai-na-gioia.jpg","width":1024,"height":1024,"type":"image\/jpeg"}],"twitter_card":"summary_large_image","twitter_image":"https:\/\/interpim.erresse-shop.it\/Import\/Prodotti\/light-notes-lampadina-mai-na-gioia.jpg","schema":{"@context":"https:\/\/schema.org","@graph":[{"@type":"WebPage","@id":"https:\/\/dev6.erresse-shop.it\/de\/shop\/einrichtung-haus\/lampen\/light-notes-gluehbirne-mai-na-gioia\/","url":"https:\/\/dev6.erresse-shop.it\/de\/shop\/einrichtung-haus\/lampen\/light-notes-gluehbirne-mai-na-gioia\/","name":"LIGHT NOTES Gl\u00fchbirne &#8220;Mai Na Gioia&#8221; - dev6 Erresse","isPartOf":{"@id":"https:\/\/dev6.erresse-shop.it\/#website"},"primaryImageOfPage":{"@id":"https:\/\/dev6.erresse-shop.it\/de\/shop\/einrichtung-haus\/lampen\/light-notes-gluehbirne-mai-na-gioia\/#primaryimage"},"image":{"@id":"https:\/\/dev6.erresse-shop.it\/de\/shop\/einrichtung-haus\/lampen\/light-notes-gluehbirne-mai-na-gioia\/#primaryimage"},"thumbnailUrl":"https:\/\/i0.wp.com\/interpim.erresse-shop.it\/Import\/Prodotti\/light-notes-lampadina-mai-na-gioia.jpg?ssl=1","datePublished":"2026-04-12T07:48:54+00:00","description":"Light Notes ist der Spiegel unserer Gef\u00fchle: ein einfaches Wort, um unsere Pers\u00f6nlichkeit und Stimmung auszudr\u00fccken. Eine Botschaft, eine Liebeserkl\u00e4rung","breadcrumb":{"@id":"https:\/\/dev6.erresse-shop.it\/de\/shop\/einrichtung-haus\/lampen\/light-notes-gluehbirne-mai-na-gioia\/#breadcrumb"},"inLanguage":"de","potentialAction":[{"@type":"ReadAction","target":["https:\/\/dev6.erresse-shop.it\/de\/shop\/einrichtung-haus\/lampen\/light-notes-gluehbirne-mai-na-gioia\/"]}]},{"@type":"ImageObject","inLanguage":"de","@id":"https:\/\/dev6.erresse-shop.it\/de\/shop\/einrichtung-haus\/lampen\/light-notes-gluehbirne-mai-na-gioia\/#primaryimage","url":"https:\/\/i0.wp.com\/interpim.erresse-shop.it\/Import\/Prodotti\/light-notes-lampadina-mai-na-gioia.jpg?ssl=1","contentUrl":"https:\/\/i0.wp.com\/interpim.erresse-shop.it\/Import\/Prodotti\/light-notes-lampadina-mai-na-gioia.jpg?ssl=1"},{"@type":"BreadcrumbList","@id":"https:\/\/dev6.erresse-shop.it\/de\/shop\/einrichtung-haus\/lampen\/light-notes-gluehbirne-mai-na-gioia\/#breadcrumb","itemListElement":[{"@type":"ListItem","position":1,"name":"Home","item":"https:\/\/dev6.erresse-shop.it\/"},{"@type":"ListItem","position":2,"name":"Shop","item":"https:\/\/dev6.erresse-shop.it\/shop\/"},{"@type":"ListItem","position":3,"name":"LIGHT NOTES Gl\u00fchbirne &#8220;Mai Na Gioia&#8221;"}]},{"@type":"WebSite","@id":"https:\/\/dev6.erresse-shop.it\/#website","url":"https:\/\/dev6.erresse-shop.it\/","name":"Erresse Shop","description":"","publisher":{"@id":"https:\/\/dev6.erresse-shop.it\/#organization"},"potentialAction":[{"@type":"SearchAction","target":{"@type":"EntryPoint","urlTemplate":"https:\/\/dev6.erresse-shop.it\/?s={search_term_string}"},"query-input":{"@type":"PropertyValueSpecification","valueRequired":true,"valueName":"search_term_string"}}],"inLanguage":"de"},{"@type":"Organization","@id":"https:\/\/dev6.erresse-shop.it\/#organization","name":"Erresse Shop","url":"https:\/\/dev6.erresse-shop.it\/","logo":{"@type":"ImageObject","inLanguage":"de","@id":"https:\/\/dev6.erresse-shop.it\/#\/schema\/logo\/image\/","url":"https:\/\/dev6.erresse-shop.it\/wp-content\/uploads\/2025\/01\/LOGO-ERRESSE-CLASSICO.svg","contentUrl":"https:\/\/dev6.erresse-shop.it\/wp-content\/uploads\/2025\/01\/LOGO-ERRESSE-CLASSICO.svg","caption":"Erresse Shop"},"image":{"@id":"https:\/\/dev6.erresse-shop.it\/#\/schema\/logo\/image\/"}}]}},"df_price":19,"df_sale_price":19,"df_regular_price":44,"df_image_link":"https:\/\/i0.wp.com\/interpim.erresse-shop.it\/Import\/Prodotti\/light-notes-lampadina-mai-na-gioia.jpg?resize=300,300&ssl=1","fifu_image_url":"https:\/\/interpim.erresse-shop.it\/Import\/Prodotti\/light-notes-lampadina-mai-na-gioia.jpg","_links":{"self":[{"href":"https:\/\/dev6.erresse-shop.it\/de\/wp-json\/wp\/v2\/product\/52966","targetHints":{"allow":["GET"]}}],"collection":[{"href":"https:\/\/dev6.erresse-shop.it\/de\/wp-json\/wp\/v2\/product"}],"about":[{"href":"https:\/\/dev6.erresse-shop.it\/de\/wp-json\/wp\/v2\/types\/product"}],"wp:featuredmedia":[{"embeddable":true,"href":"https:\/\/dev6.erresse-shop.it\/de\/wp-json\/wp\/v2\/media\/6363269"}],"wp:attachment":[{"href":"https:\/\/dev6.erresse-shop.it\/de\/wp-json\/wp\/v2\/media?parent=52966"}],"wp:term":[{"taxonomy":"product_cat","embeddable":true,"href":"https:\/\/dev6.erresse-shop.it\/de\/wp-json\/wp\/v2\/product_cat?post=52966"},{"taxonomy":"product_tag","embeddable":true,"href":"https:\/\/dev6.erresse-shop.it\/de\/wp-json\/wp\/v2\/product_tag?post=52966"}],"curies":[{"name":"wp","href":"https:\/\/api.w.org\/{rel}","templated":true}]}}