{"id":52940,"date":"2026-04-12T09:48:54","date_gmt":"2026-04-12T07:48:54","guid":{"rendered":"https:\/\/dev6.erresse-shop.it\/shop\/unkategorisiert\/stoobz-ehrfurchtsloser-zwerg-20-cm-weiss\/"},"modified":"2025-07-03T20:55:23","modified_gmt":"2025-07-03T18:55:23","slug":"stoobz-ehrfurchtsloser-zwerg-20-cm-weiss","status":"publish","type":"product","link":"https:\/\/dev6.erresse-shop.it\/de\/shop\/einrichtung-haus\/dekoartikel\/stoobz-ehrfurchtsloser-zwerg-20-cm-weiss\/","title":{"rendered":"STOOBZ Ehrfurchtsloser Zwerg 20 cm Wei\u00df"},"content":{"rendered":"<p>Eine Geste sagt mehr als tausend Worte! Schicken Sie die Negativit\u00e4t zur H\u00f6lle mit Ihrem eigenen respektlosen Zwerg. Ein respektloser und freundlicher Gartenzwerg, der all die Negativit\u00e4t um Sie herum aufnimmt und sie mit Schrecken in \u201cdieses Land\u201d schickt. Aus Polyresin gefertigt und von Hand mit einer gl\u00e4nzenden Oberfl\u00e4che versehen. Verschlagener Blick, Hand in der Tasche, ungepflegter Bart und umgedrehter Hut und\u2026 das ist noch nicht alles! Seine Haltung wird Ihren Alltag mit einem Hauch von Schwung bereichern. Die Palette der angebotenen Farben ist riesig: schlichte Farben wie Wei\u00df oder Schwarz, kr\u00e4ftige Farben wie Fuchsia, Rot und S\u00e4uregr\u00fcn, \u00fcber Blau und Orange, edle Farben wie Gold und Silber mit Metallic-Effekt werden Sie \u00fcberraschen, wenn Sie sie im Sonnenlicht betrachten. Kurzum, f\u00fcr jeden Geschmack gibt es den passenden Farbton, Sie haben die Wahl! Herrlich neben einer Blumenvase oder einem einfachen Fotohalter oder warum nicht als Star des Wohnzimmers, wird es Charakter geben und wird sicherlich ein L\u00e4cheln zu denen, die es zum ersten Mal sehen zu bringen. Eine wunderbare Geschenkidee f\u00fcr diejenigen, die es verstehen, sich \u00fcber sich selbst lustig zu machen, oder f\u00fcr diejenigen, die mit einem originellen Geschenk in Erinnerung bleiben wollen, das ihnen immer viel Gl\u00fcck w\u00fcnscht, was, wie Sie wissen, nie genug ist! Es ist auch ideal, um es vor dem Haus aufzustellen, um ungebetene G\u00e4ste abzuwehren. Einige unserer Kunden stellen sie auf ihrem Balkon auf, denn dank der Emaillebeschichtung kann sie im Freien aufgestellt werden und ist auch regenfest. Stellen Sie sich vor, dass er sogar als Gast bei Ihren Aperitifs im Garten anwesend ist. B\u00f6se Gedanken werden sicher fern bleiben und Ihr Mittagessen oder Ihre Snacks sind sicher. Ich denke, es ist auch eine sch\u00f6ne, farbenfrohe und auff\u00e4llige Einrichtungsidee f\u00fcr Ihr Zuhause.<\/p>\n<p>Hergestellt aus Polyresin und von Hand bearbeitet<\/p>\n","protected":false},"excerpt":{"rendered":"<p>Eine Geste sagt mehr als tausend Worte! Schicken Sie die Negativit\u00e4t zur H\u00f6lle mit Ihrem eigenen respektlosen Zwerg. Ein respektloser und freundlicher Gartenzwerg, der all die Negativit\u00e4t um Sie herum aufnimmt und sie mit Schrecken in \u201cdieses Land\u201d schickt. Aus Polyresin gefertigt und von Hand mit einer gl\u00e4nzenden Oberfl\u00e4che versehen. Verschlagener Blick, Hand in der [&hellip;]<\/p>\n","protected":false},"featured_media":6363249,"template":"","meta":{"_acf_changed":false},"product_cat":[11666,12129,12098],"product_tag":[],"class_list":{"0":"post-52940","1":"product","2":"type-product","3":"status-publish","4":"has-post-thumbnail","6":"product_cat-arredamento-casa","7":"product_cat-dekoartikel","8":"product_cat-einrichtung-haus","10":"first","11":"instock","12":"taxable","13":"shipping-taxable","14":"purchasable","15":"product-type-simple","swatches":"rey-swatches","show_selected":"","stretch_labels":"rey-swatches--stretch-labels"},"acf":[],"yoast_head":"<!-- This site is optimized with the Yoast SEO plugin v25.4 - https:\/\/yoast.com\/wordpress\/plugins\/seo\/ -->\n<title>STOOBZ Ehrfurchtsloser Zwerg 20 cm Wei\u00df - dev6 Erresse<\/title>\n<meta name=\"description\" content=\"Eine Geste sagt mehr als tausend Worte! Schicken Sie die Negativit\u00e4t zur H\u00f6lle mit Ihrem eigenen respektlosen Zwerg. Ein respektloser und freundlicher\" \/>\n<meta name=\"robots\" content=\"noindex, follow, max-snippet:-1, max-image-preview:large, max-video-preview:-1\" \/>\n<meta property=\"og:locale\" content=\"de_DE\" \/>\n<meta property=\"og:type\" content=\"article\" \/>\n<meta property=\"og:title\" content=\"STOOBZ Ehrfurchtsloser Zwerg 20 cm Wei\u00df - dev6 Erresse\" \/>\n<meta property=\"og:description\" content=\"Eine Geste sagt mehr als tausend Worte! Schicken Sie die Negativit\u00e4t zur H\u00f6lle mit Ihrem eigenen respektlosen Zwerg. Ein respektloser und freundlicher\" \/>\n<meta property=\"og:url\" content=\"https:\/\/dev6.erresse-shop.it\/de\/shop\/einrichtung-haus\/dekoartikel\/stoobz-ehrfurchtsloser-zwerg-20-cm-weiss\/\" \/>\n<meta property=\"og:site_name\" content=\"dev6 Erresse\" \/>\n<meta property=\"og:image\" content=\"https:\/\/interpim.erresse-shop.it\/img-catalogo\/stoobz\/stoobz-nano-irriverente-33-cm-bianco.jpg\" \/><meta property=\"og:image\" content=\"https:\/\/interpim.erresse-shop.it\/img-catalogo\/stoobz\/stoobz-nano-irriverente-33-cm-bianco.jpg\" \/>\n\t<meta property=\"og:image:width\" content=\"1024\" \/>\n\t<meta property=\"og:image:height\" content=\"1024\" \/>\n\t<meta property=\"og:image:type\" content=\"image\/jpeg\" \/>\n<meta name=\"twitter:card\" content=\"summary_large_image\" \/>\n<meta name=\"twitter:image\" content=\"https:\/\/interpim.erresse-shop.it\/img-catalogo\/stoobz\/stoobz-nano-irriverente-33-cm-bianco.jpg\" \/>\n<script type=\"application\/ld+json\" class=\"yoast-schema-graph\">{\"@context\":\"https:\/\/schema.org\",\"@graph\":[{\"@type\":\"WebPage\",\"@id\":\"https:\/\/dev6.erresse-shop.it\/de\/shop\/einrichtung-haus\/dekoartikel\/stoobz-ehrfurchtsloser-zwerg-20-cm-weiss\/\",\"url\":\"https:\/\/dev6.erresse-shop.it\/de\/shop\/einrichtung-haus\/dekoartikel\/stoobz-ehrfurchtsloser-zwerg-20-cm-weiss\/\",\"name\":\"STOOBZ Ehrfurchtsloser Zwerg 20 cm Wei\u00df - dev6 Erresse\",\"isPartOf\":{\"@id\":\"https:\/\/dev6.erresse-shop.it\/#website\"},\"primaryImageOfPage\":{\"@id\":\"https:\/\/dev6.erresse-shop.it\/de\/shop\/einrichtung-haus\/dekoartikel\/stoobz-ehrfurchtsloser-zwerg-20-cm-weiss\/#primaryimage\"},\"image\":{\"@id\":\"https:\/\/dev6.erresse-shop.it\/de\/shop\/einrichtung-haus\/dekoartikel\/stoobz-ehrfurchtsloser-zwerg-20-cm-weiss\/#primaryimage\"},\"thumbnailUrl\":\"https:\/\/i2.wp.com\/interpim.erresse-shop.it\/img-catalogo\/stoobz\/stoobz-nano-irriverente-33-cm-bianco.jpg?ssl=1\",\"datePublished\":\"2026-04-12T07:48:54+00:00\",\"description\":\"Eine Geste sagt mehr als tausend Worte! Schicken Sie die Negativit\u00e4t zur H\u00f6lle mit Ihrem eigenen respektlosen Zwerg. Ein respektloser und freundlicher\",\"breadcrumb\":{\"@id\":\"https:\/\/dev6.erresse-shop.it\/de\/shop\/einrichtung-haus\/dekoartikel\/stoobz-ehrfurchtsloser-zwerg-20-cm-weiss\/#breadcrumb\"},\"inLanguage\":\"de\",\"potentialAction\":[{\"@type\":\"ReadAction\",\"target\":[\"https:\/\/dev6.erresse-shop.it\/de\/shop\/einrichtung-haus\/dekoartikel\/stoobz-ehrfurchtsloser-zwerg-20-cm-weiss\/\"]}]},{\"@type\":\"ImageObject\",\"inLanguage\":\"de\",\"@id\":\"https:\/\/dev6.erresse-shop.it\/de\/shop\/einrichtung-haus\/dekoartikel\/stoobz-ehrfurchtsloser-zwerg-20-cm-weiss\/#primaryimage\",\"url\":\"https:\/\/i2.wp.com\/interpim.erresse-shop.it\/img-catalogo\/stoobz\/stoobz-nano-irriverente-33-cm-bianco.jpg?ssl=1\",\"contentUrl\":\"https:\/\/i2.wp.com\/interpim.erresse-shop.it\/img-catalogo\/stoobz\/stoobz-nano-irriverente-33-cm-bianco.jpg?ssl=1\"},{\"@type\":\"BreadcrumbList\",\"@id\":\"https:\/\/dev6.erresse-shop.it\/de\/shop\/einrichtung-haus\/dekoartikel\/stoobz-ehrfurchtsloser-zwerg-20-cm-weiss\/#breadcrumb\",\"itemListElement\":[{\"@type\":\"ListItem\",\"position\":1,\"name\":\"Home\",\"item\":\"https:\/\/dev6.erresse-shop.it\/\"},{\"@type\":\"ListItem\",\"position\":2,\"name\":\"Shop\",\"item\":\"https:\/\/dev6.erresse-shop.it\/shop\/\"},{\"@type\":\"ListItem\",\"position\":3,\"name\":\"STOOBZ Ehrfurchtsloser Zwerg 20 cm Wei\u00df\"}]},{\"@type\":\"WebSite\",\"@id\":\"https:\/\/dev6.erresse-shop.it\/#website\",\"url\":\"https:\/\/dev6.erresse-shop.it\/\",\"name\":\"Erresse Shop\",\"description\":\"\",\"publisher\":{\"@id\":\"https:\/\/dev6.erresse-shop.it\/#organization\"},\"potentialAction\":[{\"@type\":\"SearchAction\",\"target\":{\"@type\":\"EntryPoint\",\"urlTemplate\":\"https:\/\/dev6.erresse-shop.it\/?s={search_term_string}\"},\"query-input\":{\"@type\":\"PropertyValueSpecification\",\"valueRequired\":true,\"valueName\":\"search_term_string\"}}],\"inLanguage\":\"de\"},{\"@type\":\"Organization\",\"@id\":\"https:\/\/dev6.erresse-shop.it\/#organization\",\"name\":\"Erresse Shop\",\"url\":\"https:\/\/dev6.erresse-shop.it\/\",\"logo\":{\"@type\":\"ImageObject\",\"inLanguage\":\"de\",\"@id\":\"https:\/\/dev6.erresse-shop.it\/#\/schema\/logo\/image\/\",\"url\":\"https:\/\/dev6.erresse-shop.it\/wp-content\/uploads\/2025\/01\/LOGO-ERRESSE-CLASSICO.svg\",\"contentUrl\":\"https:\/\/dev6.erresse-shop.it\/wp-content\/uploads\/2025\/01\/LOGO-ERRESSE-CLASSICO.svg\",\"caption\":\"Erresse Shop\"},\"image\":{\"@id\":\"https:\/\/dev6.erresse-shop.it\/#\/schema\/logo\/image\/\"}}]}<\/script>\n<!-- \/ Yoast SEO plugin. -->","yoast_head_json":{"title":"STOOBZ Ehrfurchtsloser Zwerg 20 cm Wei\u00df - dev6 Erresse","description":"Eine Geste sagt mehr als tausend Worte! Schicken Sie die Negativit\u00e4t zur H\u00f6lle mit Ihrem eigenen respektlosen Zwerg. Ein respektloser und freundlicher","robots":{"index":"noindex","follow":"follow","max-snippet":"max-snippet:-1","max-image-preview":"max-image-preview:large","max-video-preview":"max-video-preview:-1"},"og_locale":"de_DE","og_type":"article","og_title":"STOOBZ Ehrfurchtsloser Zwerg 20 cm Wei\u00df - dev6 Erresse","og_description":"Eine Geste sagt mehr als tausend Worte! Schicken Sie die Negativit\u00e4t zur H\u00f6lle mit Ihrem eigenen respektlosen Zwerg. Ein respektloser und freundlicher","og_url":"https:\/\/dev6.erresse-shop.it\/de\/shop\/einrichtung-haus\/dekoartikel\/stoobz-ehrfurchtsloser-zwerg-20-cm-weiss\/","og_site_name":"dev6 Erresse","og_image":[{"url":"https:\/\/interpim.erresse-shop.it\/img-catalogo\/stoobz\/stoobz-nano-irriverente-33-cm-bianco.jpg","type":"","width":"","height":""},{"url":"https:\/\/interpim.erresse-shop.it\/img-catalogo\/stoobz\/stoobz-nano-irriverente-33-cm-bianco.jpg","width":1024,"height":1024,"type":"image\/jpeg"}],"twitter_card":"summary_large_image","twitter_image":"https:\/\/interpim.erresse-shop.it\/img-catalogo\/stoobz\/stoobz-nano-irriverente-33-cm-bianco.jpg","schema":{"@context":"https:\/\/schema.org","@graph":[{"@type":"WebPage","@id":"https:\/\/dev6.erresse-shop.it\/de\/shop\/einrichtung-haus\/dekoartikel\/stoobz-ehrfurchtsloser-zwerg-20-cm-weiss\/","url":"https:\/\/dev6.erresse-shop.it\/de\/shop\/einrichtung-haus\/dekoartikel\/stoobz-ehrfurchtsloser-zwerg-20-cm-weiss\/","name":"STOOBZ Ehrfurchtsloser Zwerg 20 cm Wei\u00df - dev6 Erresse","isPartOf":{"@id":"https:\/\/dev6.erresse-shop.it\/#website"},"primaryImageOfPage":{"@id":"https:\/\/dev6.erresse-shop.it\/de\/shop\/einrichtung-haus\/dekoartikel\/stoobz-ehrfurchtsloser-zwerg-20-cm-weiss\/#primaryimage"},"image":{"@id":"https:\/\/dev6.erresse-shop.it\/de\/shop\/einrichtung-haus\/dekoartikel\/stoobz-ehrfurchtsloser-zwerg-20-cm-weiss\/#primaryimage"},"thumbnailUrl":"https:\/\/i2.wp.com\/interpim.erresse-shop.it\/img-catalogo\/stoobz\/stoobz-nano-irriverente-33-cm-bianco.jpg?ssl=1","datePublished":"2026-04-12T07:48:54+00:00","description":"Eine Geste sagt mehr als tausend Worte! Schicken Sie die Negativit\u00e4t zur H\u00f6lle mit Ihrem eigenen respektlosen Zwerg. Ein respektloser und freundlicher","breadcrumb":{"@id":"https:\/\/dev6.erresse-shop.it\/de\/shop\/einrichtung-haus\/dekoartikel\/stoobz-ehrfurchtsloser-zwerg-20-cm-weiss\/#breadcrumb"},"inLanguage":"de","potentialAction":[{"@type":"ReadAction","target":["https:\/\/dev6.erresse-shop.it\/de\/shop\/einrichtung-haus\/dekoartikel\/stoobz-ehrfurchtsloser-zwerg-20-cm-weiss\/"]}]},{"@type":"ImageObject","inLanguage":"de","@id":"https:\/\/dev6.erresse-shop.it\/de\/shop\/einrichtung-haus\/dekoartikel\/stoobz-ehrfurchtsloser-zwerg-20-cm-weiss\/#primaryimage","url":"https:\/\/i2.wp.com\/interpim.erresse-shop.it\/img-catalogo\/stoobz\/stoobz-nano-irriverente-33-cm-bianco.jpg?ssl=1","contentUrl":"https:\/\/i2.wp.com\/interpim.erresse-shop.it\/img-catalogo\/stoobz\/stoobz-nano-irriverente-33-cm-bianco.jpg?ssl=1"},{"@type":"BreadcrumbList","@id":"https:\/\/dev6.erresse-shop.it\/de\/shop\/einrichtung-haus\/dekoartikel\/stoobz-ehrfurchtsloser-zwerg-20-cm-weiss\/#breadcrumb","itemListElement":[{"@type":"ListItem","position":1,"name":"Home","item":"https:\/\/dev6.erresse-shop.it\/"},{"@type":"ListItem","position":2,"name":"Shop","item":"https:\/\/dev6.erresse-shop.it\/shop\/"},{"@type":"ListItem","position":3,"name":"STOOBZ Ehrfurchtsloser Zwerg 20 cm Wei\u00df"}]},{"@type":"WebSite","@id":"https:\/\/dev6.erresse-shop.it\/#website","url":"https:\/\/dev6.erresse-shop.it\/","name":"Erresse Shop","description":"","publisher":{"@id":"https:\/\/dev6.erresse-shop.it\/#organization"},"potentialAction":[{"@type":"SearchAction","target":{"@type":"EntryPoint","urlTemplate":"https:\/\/dev6.erresse-shop.it\/?s={search_term_string}"},"query-input":{"@type":"PropertyValueSpecification","valueRequired":true,"valueName":"search_term_string"}}],"inLanguage":"de"},{"@type":"Organization","@id":"https:\/\/dev6.erresse-shop.it\/#organization","name":"Erresse Shop","url":"https:\/\/dev6.erresse-shop.it\/","logo":{"@type":"ImageObject","inLanguage":"de","@id":"https:\/\/dev6.erresse-shop.it\/#\/schema\/logo\/image\/","url":"https:\/\/dev6.erresse-shop.it\/wp-content\/uploads\/2025\/01\/LOGO-ERRESSE-CLASSICO.svg","contentUrl":"https:\/\/dev6.erresse-shop.it\/wp-content\/uploads\/2025\/01\/LOGO-ERRESSE-CLASSICO.svg","caption":"Erresse Shop"},"image":{"@id":"https:\/\/dev6.erresse-shop.it\/#\/schema\/logo\/image\/"}}]}},"df_price":24,"df_sale_price":"","df_regular_price":24,"df_image_link":"https:\/\/i2.wp.com\/interpim.erresse-shop.it\/img-catalogo\/stoobz\/stoobz-nano-irriverente-33-cm-bianco.jpg?resize=300,300&ssl=1","fifu_image_url":"https:\/\/interpim.erresse-shop.it\/img-catalogo\/stoobz\/stoobz-nano-irriverente-33-cm-bianco.jpg","_links":{"self":[{"href":"https:\/\/dev6.erresse-shop.it\/de\/wp-json\/wp\/v2\/product\/52940","targetHints":{"allow":["GET"]}}],"collection":[{"href":"https:\/\/dev6.erresse-shop.it\/de\/wp-json\/wp\/v2\/product"}],"about":[{"href":"https:\/\/dev6.erresse-shop.it\/de\/wp-json\/wp\/v2\/types\/product"}],"wp:featuredmedia":[{"embeddable":true,"href":"https:\/\/dev6.erresse-shop.it\/de\/wp-json\/wp\/v2\/media\/6363249"}],"wp:attachment":[{"href":"https:\/\/dev6.erresse-shop.it\/de\/wp-json\/wp\/v2\/media?parent=52940"}],"wp:term":[{"taxonomy":"product_cat","embeddable":true,"href":"https:\/\/dev6.erresse-shop.it\/de\/wp-json\/wp\/v2\/product_cat?post=52940"},{"taxonomy":"product_tag","embeddable":true,"href":"https:\/\/dev6.erresse-shop.it\/de\/wp-json\/wp\/v2\/product_tag?post=52940"}],"curies":[{"name":"wp","href":"https:\/\/api.w.org\/{rel}","templated":true}]}}