{"id":52920,"date":"2026-04-04T09:45:09","date_gmt":"2026-04-04T07:45:09","guid":{"rendered":"https:\/\/dev6.erresse-shop.it\/shop\/unkategorisiert\/wmf-diadem-plus-set-5-stueck\/"},"modified":"2025-07-03T20:55:18","modified_gmt":"2025-07-03T18:55:18","slug":"wmf-diadem-plus-set-5-stueck","status":"publish","type":"product","link":"https:\/\/dev6.erresse-shop.it\/de\/shop\/toepfe-pfannen\/topfsets\/wmf-diadem-plus-set-5-stueck\/","title":{"rendered":"WMF Diadem Plus Set 5 St\u00fcck"},"content":{"rendered":"<p>WMF Diadem Plus Kochgeschirrset: hervorragende Ergebnisse<\/p>\n<p>Au\u00dfergew\u00f6hnliches Kochgeschirr, das Leistung und \u00c4sthetik vereint: Das WMF Diadem Plus Kochgeschirr-Set verleiht Ihrer K\u00fcche einen Hauch von Raffinesse, mit einem eleganten Design und hochwertigen Ergebnissen jeden Tag. Unser Premium-Kochgeschirr zeichnet sich durch seine au\u00dfergew\u00f6hnliche Langlebigkeit aus. Es ist aus hochwertigem Cromargan\u00ae-Edelstahl 18\/10 gefertigt, sp\u00fclmaschinenfest, s\u00e4urebest\u00e4ndig und f\u00fcr den Backofen bis 200 \u00b0C (Deckel bis 130 \u00b0C) geeignet und garantiert vollen Geschmack und dauerhafte Leistung. Entdecken Sie au\u00dfergew\u00f6hnliche T\u00f6pfe und Pfannen, die praktische Eigenschaften wie breite Sch\u00fcttr\u00e4nder, raffiniertes Design mit anmutigen Kurven, elegante Knaufgriffe und eine glatte Chromoberfl\u00e4che f\u00fcr zeitlose Eleganz Tag f\u00fcr Tag vereinen.<\/p>\n<p>20 cm Pfanne mit elegantem Glasdeckel<br \/>\nStielkasserolle 16\/20\/24 cm mit elegantem Glasdeckel<br \/>\n16 cm Stielkasserolle<\/p>\n<p>Langlebig und robust<br \/>\nEntdecken Sie hochwertiges Kochgeschirr mit elegantem Design und hervorragender Leistung und kochen Sie Tag f\u00fcr Tag noch eleganter.<\/p>\n<p>Hochwertiger Glasdeckel<br \/>\nDie eleganten, transparenten Deckel aus hochwertigem Glas mit Edelstahlgriffen erm\u00f6glichen eine einfache Kontrolle w\u00e4hrend des Kochens. Mit integriertem Foto f\u00fcr kontrollierten Dampfaustritt.<\/p>\n<p>Sch\u00fcttrand<br \/>\nDer breite Sch\u00fcttrand sorgt f\u00fcr leichteres und tropffreies Ausgie\u00dfen, f\u00fcr m\u00fcheloses Servieren und eine stets makellose K\u00fcche<\/p>\n<p>TransTherm\u00ae-Universalboden<br \/>\nDer TransTherm\u00ae-Universalboden, der mit allen Kochfeldern einschlie\u00dflich Induktion kompatibel ist, erm\u00f6glicht energiesparendes Kochen dank optimaler W\u00e4rmeverteilung und -erhaltung.<\/p>\n<p>Cromargan\u00ae<br \/>\nHergestellt aus robustem und elegantem Cromargan\u00ae Edelstahl 18\/10, f\u00fcr ein besonders langlebiges, hygienisches und sp\u00fclmaschinenfestes Produkt.<\/p>\n<p>Elegante Merkmale und Design<br \/>\nAnmutige Kurven bieten eine \u00c4sthetik, die immer wieder beeindruckt, mit dem zeitlosen Touch eines Knopfgriffs und einer eleganten Chromoberfl\u00e4che f\u00fcr ein auff\u00e4lliges Design.<\/p>\n","protected":false},"excerpt":{"rendered":"<p>WMF Diadem Plus Kochgeschirrset: hervorragende Ergebnisse Au\u00dfergew\u00f6hnliches Kochgeschirr, das Leistung und \u00c4sthetik vereint: Das WMF Diadem Plus Kochgeschirr-Set verleiht Ihrer K\u00fcche einen Hauch von Raffinesse, mit einem eleganten Design und hochwertigen Ergebnissen jeden Tag. Unser Premium-Kochgeschirr zeichnet sich durch seine au\u00dfergew\u00f6hnliche Langlebigkeit aus. Es ist aus hochwertigem Cromargan\u00ae-Edelstahl 18\/10 gefertigt, sp\u00fclmaschinenfest, s\u00e4urebest\u00e4ndig und f\u00fcr den [&hellip;]<\/p>\n","protected":false},"featured_media":6279953,"template":"","meta":{"_acf_changed":false},"product_cat":[11667,12099,12132],"product_tag":[],"class_list":{"0":"post-52920","1":"product","2":"type-product","3":"status-publish","4":"has-post-thumbnail","6":"product_cat-padelle-pentole","7":"product_cat-toepfe-pfannen","8":"product_cat-topfsets","10":"first","11":"instock","12":"taxable","13":"shipping-taxable","14":"product-type-simple","swatches":"rey-swatches","show_selected":"","stretch_labels":"rey-swatches--stretch-labels"},"acf":[],"yoast_head":"<!-- This site is optimized with the Yoast SEO plugin v25.4 - https:\/\/yoast.com\/wordpress\/plugins\/seo\/ -->\n<title>WMF Diadem Plus Set 5 St\u00fcck - dev6 Erresse<\/title>\n<meta name=\"description\" content=\"WMF Diadem Plus Kochgeschirrset: hervorragende Ergebnisse Au\u00dfergew\u00f6hnliches Kochgeschirr, das Leistung und \u00c4sthetik vereint: Das WMF Diadem Plus\" \/>\n<meta name=\"robots\" content=\"noindex, follow, max-snippet:-1, max-image-preview:large, max-video-preview:-1\" \/>\n<meta property=\"og:locale\" content=\"de_DE\" \/>\n<meta property=\"og:type\" content=\"article\" \/>\n<meta property=\"og:title\" content=\"WMF Diadem Plus Set 5 St\u00fcck - dev6 Erresse\" \/>\n<meta property=\"og:description\" content=\"WMF Diadem Plus Kochgeschirrset: hervorragende Ergebnisse Au\u00dfergew\u00f6hnliches Kochgeschirr, das Leistung und \u00c4sthetik vereint: Das WMF Diadem Plus\" \/>\n<meta property=\"og:url\" content=\"https:\/\/dev6.erresse-shop.it\/de\/shop\/toepfe-pfannen\/topfsets\/wmf-diadem-plus-set-5-stueck\/\" \/>\n<meta property=\"og:site_name\" content=\"dev6 Erresse\" \/>\n<meta property=\"og:image\" content=\"https:\/\/interpim.erresse-shop.it\/img-catalogo\/wmf\/wmf-diadem-plus-set-5-pezzi.jpg\" \/><meta property=\"og:image\" content=\"https:\/\/interpim.erresse-shop.it\/img-catalogo\/wmf\/wmf-diadem-plus-set-5-pezzi.jpg\" \/>\n\t<meta property=\"og:image:width\" content=\"1024\" \/>\n\t<meta property=\"og:image:height\" content=\"1024\" \/>\n\t<meta property=\"og:image:type\" content=\"image\/jpeg\" \/>\n<meta name=\"twitter:card\" content=\"summary_large_image\" \/>\n<meta name=\"twitter:image\" content=\"https:\/\/interpim.erresse-shop.it\/img-catalogo\/wmf\/wmf-diadem-plus-set-5-pezzi.jpg\" \/>\n<script type=\"application\/ld+json\" class=\"yoast-schema-graph\">{\"@context\":\"https:\/\/schema.org\",\"@graph\":[{\"@type\":\"WebPage\",\"@id\":\"https:\/\/dev6.erresse-shop.it\/de\/shop\/toepfe-pfannen\/topfsets\/wmf-diadem-plus-set-5-stueck\/\",\"url\":\"https:\/\/dev6.erresse-shop.it\/de\/shop\/toepfe-pfannen\/topfsets\/wmf-diadem-plus-set-5-stueck\/\",\"name\":\"WMF Diadem Plus Set 5 St\u00fcck - dev6 Erresse\",\"isPartOf\":{\"@id\":\"https:\/\/dev6.erresse-shop.it\/#website\"},\"primaryImageOfPage\":{\"@id\":\"https:\/\/dev6.erresse-shop.it\/de\/shop\/toepfe-pfannen\/topfsets\/wmf-diadem-plus-set-5-stueck\/#primaryimage\"},\"image\":{\"@id\":\"https:\/\/dev6.erresse-shop.it\/de\/shop\/toepfe-pfannen\/topfsets\/wmf-diadem-plus-set-5-stueck\/#primaryimage\"},\"thumbnailUrl\":\"https:\/\/i1.wp.com\/interpim.erresse-shop.it\/img-catalogo\/wmf\/wmf-diadem-plus-set-5-pezzi.jpg?ssl=1\",\"datePublished\":\"2026-04-04T07:45:09+00:00\",\"description\":\"WMF Diadem Plus Kochgeschirrset: hervorragende Ergebnisse Au\u00dfergew\u00f6hnliches Kochgeschirr, das Leistung und \u00c4sthetik vereint: Das WMF Diadem Plus\",\"breadcrumb\":{\"@id\":\"https:\/\/dev6.erresse-shop.it\/de\/shop\/toepfe-pfannen\/topfsets\/wmf-diadem-plus-set-5-stueck\/#breadcrumb\"},\"inLanguage\":\"de\",\"potentialAction\":[{\"@type\":\"ReadAction\",\"target\":[\"https:\/\/dev6.erresse-shop.it\/de\/shop\/toepfe-pfannen\/topfsets\/wmf-diadem-plus-set-5-stueck\/\"]}]},{\"@type\":\"ImageObject\",\"inLanguage\":\"de\",\"@id\":\"https:\/\/dev6.erresse-shop.it\/de\/shop\/toepfe-pfannen\/topfsets\/wmf-diadem-plus-set-5-stueck\/#primaryimage\",\"url\":\"https:\/\/i1.wp.com\/interpim.erresse-shop.it\/img-catalogo\/wmf\/wmf-diadem-plus-set-5-pezzi.jpg?ssl=1\",\"contentUrl\":\"https:\/\/i1.wp.com\/interpim.erresse-shop.it\/img-catalogo\/wmf\/wmf-diadem-plus-set-5-pezzi.jpg?ssl=1\"},{\"@type\":\"BreadcrumbList\",\"@id\":\"https:\/\/dev6.erresse-shop.it\/de\/shop\/toepfe-pfannen\/topfsets\/wmf-diadem-plus-set-5-stueck\/#breadcrumb\",\"itemListElement\":[{\"@type\":\"ListItem\",\"position\":1,\"name\":\"Home\",\"item\":\"https:\/\/dev6.erresse-shop.it\/\"},{\"@type\":\"ListItem\",\"position\":2,\"name\":\"Shop\",\"item\":\"https:\/\/dev6.erresse-shop.it\/shop\/\"},{\"@type\":\"ListItem\",\"position\":3,\"name\":\"WMF Diadem Plus Set 5 St\u00fcck\"}]},{\"@type\":\"WebSite\",\"@id\":\"https:\/\/dev6.erresse-shop.it\/#website\",\"url\":\"https:\/\/dev6.erresse-shop.it\/\",\"name\":\"Erresse Shop\",\"description\":\"\",\"publisher\":{\"@id\":\"https:\/\/dev6.erresse-shop.it\/#organization\"},\"potentialAction\":[{\"@type\":\"SearchAction\",\"target\":{\"@type\":\"EntryPoint\",\"urlTemplate\":\"https:\/\/dev6.erresse-shop.it\/?s={search_term_string}\"},\"query-input\":{\"@type\":\"PropertyValueSpecification\",\"valueRequired\":true,\"valueName\":\"search_term_string\"}}],\"inLanguage\":\"de\"},{\"@type\":\"Organization\",\"@id\":\"https:\/\/dev6.erresse-shop.it\/#organization\",\"name\":\"Erresse Shop\",\"url\":\"https:\/\/dev6.erresse-shop.it\/\",\"logo\":{\"@type\":\"ImageObject\",\"inLanguage\":\"de\",\"@id\":\"https:\/\/dev6.erresse-shop.it\/#\/schema\/logo\/image\/\",\"url\":\"https:\/\/dev6.erresse-shop.it\/wp-content\/uploads\/2025\/01\/LOGO-ERRESSE-CLASSICO.svg\",\"contentUrl\":\"https:\/\/dev6.erresse-shop.it\/wp-content\/uploads\/2025\/01\/LOGO-ERRESSE-CLASSICO.svg\",\"caption\":\"Erresse Shop\"},\"image\":{\"@id\":\"https:\/\/dev6.erresse-shop.it\/#\/schema\/logo\/image\/\"}}]}<\/script>\n<!-- \/ Yoast SEO plugin. -->","yoast_head_json":{"title":"WMF Diadem Plus Set 5 St\u00fcck - dev6 Erresse","description":"WMF Diadem Plus Kochgeschirrset: hervorragende Ergebnisse Au\u00dfergew\u00f6hnliches Kochgeschirr, das Leistung und \u00c4sthetik vereint: Das WMF Diadem Plus","robots":{"index":"noindex","follow":"follow","max-snippet":"max-snippet:-1","max-image-preview":"max-image-preview:large","max-video-preview":"max-video-preview:-1"},"og_locale":"de_DE","og_type":"article","og_title":"WMF Diadem Plus Set 5 St\u00fcck - dev6 Erresse","og_description":"WMF Diadem Plus Kochgeschirrset: hervorragende Ergebnisse Au\u00dfergew\u00f6hnliches Kochgeschirr, das Leistung und \u00c4sthetik vereint: Das WMF Diadem Plus","og_url":"https:\/\/dev6.erresse-shop.it\/de\/shop\/toepfe-pfannen\/topfsets\/wmf-diadem-plus-set-5-stueck\/","og_site_name":"dev6 Erresse","og_image":[{"url":"https:\/\/interpim.erresse-shop.it\/img-catalogo\/wmf\/wmf-diadem-plus-set-5-pezzi.jpg","type":"","width":"","height":""},{"url":"https:\/\/interpim.erresse-shop.it\/img-catalogo\/wmf\/wmf-diadem-plus-set-5-pezzi.jpg","width":1024,"height":1024,"type":"image\/jpeg"}],"twitter_card":"summary_large_image","twitter_image":"https:\/\/interpim.erresse-shop.it\/img-catalogo\/wmf\/wmf-diadem-plus-set-5-pezzi.jpg","schema":{"@context":"https:\/\/schema.org","@graph":[{"@type":"WebPage","@id":"https:\/\/dev6.erresse-shop.it\/de\/shop\/toepfe-pfannen\/topfsets\/wmf-diadem-plus-set-5-stueck\/","url":"https:\/\/dev6.erresse-shop.it\/de\/shop\/toepfe-pfannen\/topfsets\/wmf-diadem-plus-set-5-stueck\/","name":"WMF Diadem Plus Set 5 St\u00fcck - dev6 Erresse","isPartOf":{"@id":"https:\/\/dev6.erresse-shop.it\/#website"},"primaryImageOfPage":{"@id":"https:\/\/dev6.erresse-shop.it\/de\/shop\/toepfe-pfannen\/topfsets\/wmf-diadem-plus-set-5-stueck\/#primaryimage"},"image":{"@id":"https:\/\/dev6.erresse-shop.it\/de\/shop\/toepfe-pfannen\/topfsets\/wmf-diadem-plus-set-5-stueck\/#primaryimage"},"thumbnailUrl":"https:\/\/i1.wp.com\/interpim.erresse-shop.it\/img-catalogo\/wmf\/wmf-diadem-plus-set-5-pezzi.jpg?ssl=1","datePublished":"2026-04-04T07:45:09+00:00","description":"WMF Diadem Plus Kochgeschirrset: hervorragende Ergebnisse Au\u00dfergew\u00f6hnliches Kochgeschirr, das Leistung und \u00c4sthetik vereint: Das WMF Diadem Plus","breadcrumb":{"@id":"https:\/\/dev6.erresse-shop.it\/de\/shop\/toepfe-pfannen\/topfsets\/wmf-diadem-plus-set-5-stueck\/#breadcrumb"},"inLanguage":"de","potentialAction":[{"@type":"ReadAction","target":["https:\/\/dev6.erresse-shop.it\/de\/shop\/toepfe-pfannen\/topfsets\/wmf-diadem-plus-set-5-stueck\/"]}]},{"@type":"ImageObject","inLanguage":"de","@id":"https:\/\/dev6.erresse-shop.it\/de\/shop\/toepfe-pfannen\/topfsets\/wmf-diadem-plus-set-5-stueck\/#primaryimage","url":"https:\/\/i1.wp.com\/interpim.erresse-shop.it\/img-catalogo\/wmf\/wmf-diadem-plus-set-5-pezzi.jpg?ssl=1","contentUrl":"https:\/\/i1.wp.com\/interpim.erresse-shop.it\/img-catalogo\/wmf\/wmf-diadem-plus-set-5-pezzi.jpg?ssl=1"},{"@type":"BreadcrumbList","@id":"https:\/\/dev6.erresse-shop.it\/de\/shop\/toepfe-pfannen\/topfsets\/wmf-diadem-plus-set-5-stueck\/#breadcrumb","itemListElement":[{"@type":"ListItem","position":1,"name":"Home","item":"https:\/\/dev6.erresse-shop.it\/"},{"@type":"ListItem","position":2,"name":"Shop","item":"https:\/\/dev6.erresse-shop.it\/shop\/"},{"@type":"ListItem","position":3,"name":"WMF Diadem Plus Set 5 St\u00fcck"}]},{"@type":"WebSite","@id":"https:\/\/dev6.erresse-shop.it\/#website","url":"https:\/\/dev6.erresse-shop.it\/","name":"Erresse Shop","description":"","publisher":{"@id":"https:\/\/dev6.erresse-shop.it\/#organization"},"potentialAction":[{"@type":"SearchAction","target":{"@type":"EntryPoint","urlTemplate":"https:\/\/dev6.erresse-shop.it\/?s={search_term_string}"},"query-input":{"@type":"PropertyValueSpecification","valueRequired":true,"valueName":"search_term_string"}}],"inLanguage":"de"},{"@type":"Organization","@id":"https:\/\/dev6.erresse-shop.it\/#organization","name":"Erresse Shop","url":"https:\/\/dev6.erresse-shop.it\/","logo":{"@type":"ImageObject","inLanguage":"de","@id":"https:\/\/dev6.erresse-shop.it\/#\/schema\/logo\/image\/","url":"https:\/\/dev6.erresse-shop.it\/wp-content\/uploads\/2025\/01\/LOGO-ERRESSE-CLASSICO.svg","contentUrl":"https:\/\/dev6.erresse-shop.it\/wp-content\/uploads\/2025\/01\/LOGO-ERRESSE-CLASSICO.svg","caption":"Erresse Shop"},"image":{"@id":"https:\/\/dev6.erresse-shop.it\/#\/schema\/logo\/image\/"}}]}},"df_price":"","df_sale_price":"","df_regular_price":"","df_image_link":"https:\/\/i1.wp.com\/interpim.erresse-shop.it\/img-catalogo\/wmf\/wmf-diadem-plus-set-5-pezzi.jpg?resize=300,300&ssl=1","fifu_image_url":"https:\/\/interpim.erresse-shop.it\/img-catalogo\/wmf\/wmf-diadem-plus-set-5-pezzi.jpg","_links":{"self":[{"href":"https:\/\/dev6.erresse-shop.it\/de\/wp-json\/wp\/v2\/product\/52920","targetHints":{"allow":["GET"]}}],"collection":[{"href":"https:\/\/dev6.erresse-shop.it\/de\/wp-json\/wp\/v2\/product"}],"about":[{"href":"https:\/\/dev6.erresse-shop.it\/de\/wp-json\/wp\/v2\/types\/product"}],"wp:featuredmedia":[{"embeddable":true,"href":"https:\/\/dev6.erresse-shop.it\/de\/wp-json\/wp\/v2\/media\/6279953"}],"wp:attachment":[{"href":"https:\/\/dev6.erresse-shop.it\/de\/wp-json\/wp\/v2\/media?parent=52920"}],"wp:term":[{"taxonomy":"product_cat","embeddable":true,"href":"https:\/\/dev6.erresse-shop.it\/de\/wp-json\/wp\/v2\/product_cat?post=52920"},{"taxonomy":"product_tag","embeddable":true,"href":"https:\/\/dev6.erresse-shop.it\/de\/wp-json\/wp\/v2\/product_tag?post=52920"}],"curies":[{"name":"wp","href":"https:\/\/api.w.org\/{rel}","templated":true}]}}