{"id":52898,"date":"2026-04-04T09:45:09","date_gmt":"2026-04-04T07:45:09","guid":{"rendered":"https:\/\/dev6.erresse-shop.it\/shop\/unkategorisiert\/united-pets-milano-seletti-schale-new-york-300-ml\/"},"modified":"2025-09-14T01:17:11","modified_gmt":"2025-09-13T23:17:11","slug":"united-pets-milano-seletti-schale-new-york-300-ml","status":"publish","type":"product","link":"https:\/\/dev6.erresse-shop.it\/de\/shop\/kuche\/united-pets-milano-seletti-schale-new-york-300-ml\/","title":{"rendered":"UNITED PETS MILANO &#8211; SELETTI Schale New York 300 ml"},"content":{"rendered":"<p>Sch\u00fcssel aus polierter Keramik. Keramik ist ein hygienisches Material, das leicht zu reinigen ist und keine Essensger\u00fcche annimmt. Das Gewicht des Napfes macht ihn extrem stabil.<br \/>\nSeletti und United Pets vereinen ihre Kr\u00e4fte, um eine revolution\u00e4re Kollektion f\u00fcr Vierbeiner zu schaffen. Zwinger- und Unterlegmatte, Napf und Unterlage in vier originellen Mustern: Maldives, Les Alpes, New York, DoggyMood.<br \/>\nWelches ist Ihr Favorit?<\/p>\n<p>Sp\u00fclmaschinenfest<\/p>\n","protected":false},"excerpt":{"rendered":"<p>Sch\u00fcssel aus polierter Keramik. Keramik ist ein hygienisches Material, das leicht zu reinigen ist und keine Essensger\u00fcche annimmt. Das Gewicht des Napfes macht ihn extrem stabil. Seletti und United Pets vereinen ihre Kr\u00e4fte, um eine revolution\u00e4re Kollektion f\u00fcr Vierbeiner zu schaffen. Zwinger- und Unterlegmatte, Napf und Unterlage in vier originellen Mustern: Maldives, Les Alpes, New [&hellip;]<\/p>\n","protected":false},"featured_media":6279897,"template":"","meta":{"_acf_changed":false},"product_cat":[12100],"product_tag":[],"class_list":{"0":"post-52898","1":"product","2":"type-product","3":"status-publish","4":"has-post-thumbnail","6":"product_cat-kuche","8":"first","9":"instock","10":"sale","11":"taxable","12":"shipping-taxable","13":"purchasable","14":"product-type-simple","swatches":"rey-swatches","show_selected":"","stretch_labels":"rey-swatches--stretch-labels"},"acf":[],"yoast_head":"<!-- This site is optimized with the Yoast SEO plugin v25.4 - https:\/\/yoast.com\/wordpress\/plugins\/seo\/ -->\n<title>UNITED PETS MILANO &#8211; SELETTI Schale New York 300 ml - dev6 Erresse<\/title>\n<meta name=\"description\" content=\"Sch\u00fcssel aus polierter Keramik. Keramik ist ein hygienisches Material, das leicht zu reinigen ist und keine Essensger\u00fcche annimmt. Das Gewicht des Napfes\" \/>\n<meta name=\"robots\" content=\"noindex, follow, max-snippet:-1, max-image-preview:large, max-video-preview:-1\" \/>\n<meta property=\"og:locale\" content=\"de_DE\" \/>\n<meta property=\"og:type\" content=\"article\" \/>\n<meta property=\"og:title\" content=\"UNITED PETS MILANO &#8211; SELETTI Schale New York 300 ml - dev6 Erresse\" \/>\n<meta property=\"og:description\" content=\"Sch\u00fcssel aus polierter Keramik. Keramik ist ein hygienisches Material, das leicht zu reinigen ist und keine Essensger\u00fcche annimmt. Das Gewicht des Napfes\" \/>\n<meta property=\"og:url\" content=\"https:\/\/dev6.erresse-shop.it\/de\/shop\/kuche\/united-pets-milano-seletti-schale-new-york-300-ml\/\" \/>\n<meta property=\"og:site_name\" content=\"dev6 Erresse\" \/>\n<meta property=\"og:image\" content=\"https:\/\/interpim.erresse-shop.it\/img-catalogo\/united-pets\/united-pets-milano-seletti-ciotola-new-york-300-ml.jpg\" \/><meta property=\"og:image\" content=\"https:\/\/interpim.erresse-shop.it\/img-catalogo\/united-pets\/united-pets-milano-seletti-ciotola-new-york-300-ml.jpg\" \/>\n\t<meta property=\"og:image:width\" content=\"1024\" \/>\n\t<meta property=\"og:image:height\" content=\"1024\" \/>\n\t<meta property=\"og:image:type\" content=\"image\/jpeg\" \/>\n<meta name=\"twitter:card\" content=\"summary_large_image\" \/>\n<meta name=\"twitter:image\" content=\"https:\/\/interpim.erresse-shop.it\/img-catalogo\/united-pets\/united-pets-milano-seletti-ciotola-new-york-300-ml.jpg\" \/>\n<script type=\"application\/ld+json\" class=\"yoast-schema-graph\">{\"@context\":\"https:\/\/schema.org\",\"@graph\":[{\"@type\":\"WebPage\",\"@id\":\"https:\/\/dev6.erresse-shop.it\/de\/shop\/kuche\/united-pets-milano-seletti-schale-new-york-300-ml\/\",\"url\":\"https:\/\/dev6.erresse-shop.it\/de\/shop\/kuche\/united-pets-milano-seletti-schale-new-york-300-ml\/\",\"name\":\"UNITED PETS MILANO &#8211; SELETTI Schale New York 300 ml - dev6 Erresse\",\"isPartOf\":{\"@id\":\"https:\/\/dev6.erresse-shop.it\/#website\"},\"primaryImageOfPage\":{\"@id\":\"https:\/\/dev6.erresse-shop.it\/de\/shop\/kuche\/united-pets-milano-seletti-schale-new-york-300-ml\/#primaryimage\"},\"image\":{\"@id\":\"https:\/\/dev6.erresse-shop.it\/de\/shop\/kuche\/united-pets-milano-seletti-schale-new-york-300-ml\/#primaryimage\"},\"thumbnailUrl\":\"https:\/\/i1.wp.com\/interpim.erresse-shop.it\/img-catalogo\/united-pets\/united-pets-milano-seletti-ciotola-new-york-300-ml.jpg?ssl=1\",\"datePublished\":\"2026-04-04T07:45:09+00:00\",\"description\":\"Sch\u00fcssel aus polierter Keramik. Keramik ist ein hygienisches Material, das leicht zu reinigen ist und keine Essensger\u00fcche annimmt. Das Gewicht des Napfes\",\"breadcrumb\":{\"@id\":\"https:\/\/dev6.erresse-shop.it\/de\/shop\/kuche\/united-pets-milano-seletti-schale-new-york-300-ml\/#breadcrumb\"},\"inLanguage\":\"de\",\"potentialAction\":[{\"@type\":\"ReadAction\",\"target\":[\"https:\/\/dev6.erresse-shop.it\/de\/shop\/kuche\/united-pets-milano-seletti-schale-new-york-300-ml\/\"]}]},{\"@type\":\"ImageObject\",\"inLanguage\":\"de\",\"@id\":\"https:\/\/dev6.erresse-shop.it\/de\/shop\/kuche\/united-pets-milano-seletti-schale-new-york-300-ml\/#primaryimage\",\"url\":\"https:\/\/i1.wp.com\/interpim.erresse-shop.it\/img-catalogo\/united-pets\/united-pets-milano-seletti-ciotola-new-york-300-ml.jpg?ssl=1\",\"contentUrl\":\"https:\/\/i1.wp.com\/interpim.erresse-shop.it\/img-catalogo\/united-pets\/united-pets-milano-seletti-ciotola-new-york-300-ml.jpg?ssl=1\"},{\"@type\":\"BreadcrumbList\",\"@id\":\"https:\/\/dev6.erresse-shop.it\/de\/shop\/kuche\/united-pets-milano-seletti-schale-new-york-300-ml\/#breadcrumb\",\"itemListElement\":[{\"@type\":\"ListItem\",\"position\":1,\"name\":\"Home\",\"item\":\"https:\/\/dev6.erresse-shop.it\/\"},{\"@type\":\"ListItem\",\"position\":2,\"name\":\"Shop\",\"item\":\"https:\/\/dev6.erresse-shop.it\/shop\/\"},{\"@type\":\"ListItem\",\"position\":3,\"name\":\"UNITED PETS MILANO &#8211; SELETTI Schale New York 300 ml\"}]},{\"@type\":\"WebSite\",\"@id\":\"https:\/\/dev6.erresse-shop.it\/#website\",\"url\":\"https:\/\/dev6.erresse-shop.it\/\",\"name\":\"Erresse Shop\",\"description\":\"\",\"publisher\":{\"@id\":\"https:\/\/dev6.erresse-shop.it\/#organization\"},\"potentialAction\":[{\"@type\":\"SearchAction\",\"target\":{\"@type\":\"EntryPoint\",\"urlTemplate\":\"https:\/\/dev6.erresse-shop.it\/?s={search_term_string}\"},\"query-input\":{\"@type\":\"PropertyValueSpecification\",\"valueRequired\":true,\"valueName\":\"search_term_string\"}}],\"inLanguage\":\"de\"},{\"@type\":\"Organization\",\"@id\":\"https:\/\/dev6.erresse-shop.it\/#organization\",\"name\":\"Erresse Shop\",\"url\":\"https:\/\/dev6.erresse-shop.it\/\",\"logo\":{\"@type\":\"ImageObject\",\"inLanguage\":\"de\",\"@id\":\"https:\/\/dev6.erresse-shop.it\/#\/schema\/logo\/image\/\",\"url\":\"https:\/\/dev6.erresse-shop.it\/wp-content\/uploads\/2025\/01\/LOGO-ERRESSE-CLASSICO.svg\",\"contentUrl\":\"https:\/\/dev6.erresse-shop.it\/wp-content\/uploads\/2025\/01\/LOGO-ERRESSE-CLASSICO.svg\",\"caption\":\"Erresse Shop\"},\"image\":{\"@id\":\"https:\/\/dev6.erresse-shop.it\/#\/schema\/logo\/image\/\"}}]}<\/script>\n<!-- \/ Yoast SEO plugin. -->","yoast_head_json":{"title":"UNITED PETS MILANO &#8211; SELETTI Schale New York 300 ml - dev6 Erresse","description":"Sch\u00fcssel aus polierter Keramik. Keramik ist ein hygienisches Material, das leicht zu reinigen ist und keine Essensger\u00fcche annimmt. Das Gewicht des Napfes","robots":{"index":"noindex","follow":"follow","max-snippet":"max-snippet:-1","max-image-preview":"max-image-preview:large","max-video-preview":"max-video-preview:-1"},"og_locale":"de_DE","og_type":"article","og_title":"UNITED PETS MILANO &#8211; SELETTI Schale New York 300 ml - dev6 Erresse","og_description":"Sch\u00fcssel aus polierter Keramik. Keramik ist ein hygienisches Material, das leicht zu reinigen ist und keine Essensger\u00fcche annimmt. Das Gewicht des Napfes","og_url":"https:\/\/dev6.erresse-shop.it\/de\/shop\/kuche\/united-pets-milano-seletti-schale-new-york-300-ml\/","og_site_name":"dev6 Erresse","og_image":[{"url":"https:\/\/interpim.erresse-shop.it\/img-catalogo\/united-pets\/united-pets-milano-seletti-ciotola-new-york-300-ml.jpg","type":"","width":"","height":""},{"url":"https:\/\/interpim.erresse-shop.it\/img-catalogo\/united-pets\/united-pets-milano-seletti-ciotola-new-york-300-ml.jpg","width":1024,"height":1024,"type":"image\/jpeg"}],"twitter_card":"summary_large_image","twitter_image":"https:\/\/interpim.erresse-shop.it\/img-catalogo\/united-pets\/united-pets-milano-seletti-ciotola-new-york-300-ml.jpg","schema":{"@context":"https:\/\/schema.org","@graph":[{"@type":"WebPage","@id":"https:\/\/dev6.erresse-shop.it\/de\/shop\/kuche\/united-pets-milano-seletti-schale-new-york-300-ml\/","url":"https:\/\/dev6.erresse-shop.it\/de\/shop\/kuche\/united-pets-milano-seletti-schale-new-york-300-ml\/","name":"UNITED PETS MILANO &#8211; SELETTI Schale New York 300 ml - dev6 Erresse","isPartOf":{"@id":"https:\/\/dev6.erresse-shop.it\/#website"},"primaryImageOfPage":{"@id":"https:\/\/dev6.erresse-shop.it\/de\/shop\/kuche\/united-pets-milano-seletti-schale-new-york-300-ml\/#primaryimage"},"image":{"@id":"https:\/\/dev6.erresse-shop.it\/de\/shop\/kuche\/united-pets-milano-seletti-schale-new-york-300-ml\/#primaryimage"},"thumbnailUrl":"https:\/\/i1.wp.com\/interpim.erresse-shop.it\/img-catalogo\/united-pets\/united-pets-milano-seletti-ciotola-new-york-300-ml.jpg?ssl=1","datePublished":"2026-04-04T07:45:09+00:00","description":"Sch\u00fcssel aus polierter Keramik. Keramik ist ein hygienisches Material, das leicht zu reinigen ist und keine Essensger\u00fcche annimmt. Das Gewicht des Napfes","breadcrumb":{"@id":"https:\/\/dev6.erresse-shop.it\/de\/shop\/kuche\/united-pets-milano-seletti-schale-new-york-300-ml\/#breadcrumb"},"inLanguage":"de","potentialAction":[{"@type":"ReadAction","target":["https:\/\/dev6.erresse-shop.it\/de\/shop\/kuche\/united-pets-milano-seletti-schale-new-york-300-ml\/"]}]},{"@type":"ImageObject","inLanguage":"de","@id":"https:\/\/dev6.erresse-shop.it\/de\/shop\/kuche\/united-pets-milano-seletti-schale-new-york-300-ml\/#primaryimage","url":"https:\/\/i1.wp.com\/interpim.erresse-shop.it\/img-catalogo\/united-pets\/united-pets-milano-seletti-ciotola-new-york-300-ml.jpg?ssl=1","contentUrl":"https:\/\/i1.wp.com\/interpim.erresse-shop.it\/img-catalogo\/united-pets\/united-pets-milano-seletti-ciotola-new-york-300-ml.jpg?ssl=1"},{"@type":"BreadcrumbList","@id":"https:\/\/dev6.erresse-shop.it\/de\/shop\/kuche\/united-pets-milano-seletti-schale-new-york-300-ml\/#breadcrumb","itemListElement":[{"@type":"ListItem","position":1,"name":"Home","item":"https:\/\/dev6.erresse-shop.it\/"},{"@type":"ListItem","position":2,"name":"Shop","item":"https:\/\/dev6.erresse-shop.it\/shop\/"},{"@type":"ListItem","position":3,"name":"UNITED PETS MILANO &#8211; SELETTI Schale New York 300 ml"}]},{"@type":"WebSite","@id":"https:\/\/dev6.erresse-shop.it\/#website","url":"https:\/\/dev6.erresse-shop.it\/","name":"Erresse Shop","description":"","publisher":{"@id":"https:\/\/dev6.erresse-shop.it\/#organization"},"potentialAction":[{"@type":"SearchAction","target":{"@type":"EntryPoint","urlTemplate":"https:\/\/dev6.erresse-shop.it\/?s={search_term_string}"},"query-input":{"@type":"PropertyValueSpecification","valueRequired":true,"valueName":"search_term_string"}}],"inLanguage":"de"},{"@type":"Organization","@id":"https:\/\/dev6.erresse-shop.it\/#organization","name":"Erresse Shop","url":"https:\/\/dev6.erresse-shop.it\/","logo":{"@type":"ImageObject","inLanguage":"de","@id":"https:\/\/dev6.erresse-shop.it\/#\/schema\/logo\/image\/","url":"https:\/\/dev6.erresse-shop.it\/wp-content\/uploads\/2025\/01\/LOGO-ERRESSE-CLASSICO.svg","contentUrl":"https:\/\/dev6.erresse-shop.it\/wp-content\/uploads\/2025\/01\/LOGO-ERRESSE-CLASSICO.svg","caption":"Erresse Shop"},"image":{"@id":"https:\/\/dev6.erresse-shop.it\/#\/schema\/logo\/image\/"}}]}},"df_price":59.95,"df_sale_price":59.95,"df_regular_price":70,"df_image_link":"https:\/\/i1.wp.com\/interpim.erresse-shop.it\/img-catalogo\/united-pets\/united-pets-milano-seletti-ciotola-new-york-300-ml.jpg?resize=300,300&ssl=1","fifu_image_url":"https:\/\/interpim.erresse-shop.it\/img-catalogo\/united-pets\/united-pets-milano-seletti-ciotola-new-york-300-ml.jpg","_links":{"self":[{"href":"https:\/\/dev6.erresse-shop.it\/de\/wp-json\/wp\/v2\/product\/52898","targetHints":{"allow":["GET"]}}],"collection":[{"href":"https:\/\/dev6.erresse-shop.it\/de\/wp-json\/wp\/v2\/product"}],"about":[{"href":"https:\/\/dev6.erresse-shop.it\/de\/wp-json\/wp\/v2\/types\/product"}],"wp:featuredmedia":[{"embeddable":true,"href":"https:\/\/dev6.erresse-shop.it\/de\/wp-json\/wp\/v2\/media\/6279897"}],"wp:attachment":[{"href":"https:\/\/dev6.erresse-shop.it\/de\/wp-json\/wp\/v2\/media?parent=52898"}],"wp:term":[{"taxonomy":"product_cat","embeddable":true,"href":"https:\/\/dev6.erresse-shop.it\/de\/wp-json\/wp\/v2\/product_cat?post=52898"},{"taxonomy":"product_tag","embeddable":true,"href":"https:\/\/dev6.erresse-shop.it\/de\/wp-json\/wp\/v2\/product_tag?post=52898"}],"curies":[{"name":"wp","href":"https:\/\/api.w.org\/{rel}","templated":true}]}}