{"id":52880,"date":"2026-04-04T09:45:09","date_gmt":"2026-04-04T07:45:09","guid":{"rendered":"https:\/\/dev6.erresse-shop.it\/shop\/unkategorisiert\/g3-ferrari-rosto-58-l-mit-rotisserie\/"},"modified":"2025-09-14T01:17:02","modified_gmt":"2025-09-13T23:17:02","slug":"g3-ferrari-rosto-58-l-mit-rotisserie","status":"publish","type":"product","link":"https:\/\/dev6.erresse-shop.it\/de\/shop\/kleine-elektrogeraete\/oefen\/g3-ferrari-rosto-58-l-mit-rotisserie\/","title":{"rendered":"G3 FERRARI Rost\u00f2 58 L mit Rotisserie"},"content":{"rendered":"<p>ROST\u00d3 58 ist funktionell und gleichzeitig ger\u00e4umig mit einem Garraum von 58 Litern. Mit der M\u00f6glichkeit, sogar 2 G\u00e4nge gleichzeitig in kurzer Zeit und mit begrenztem Energieverbrauch zu garen, wird er zu einem wertvollen Hilfsger\u00e4t. Er ist leicht zu transportieren und eignet sich f\u00fcr eine Vielzahl von Situationen sowohl innerhalb als auch au\u00dferhalb des Hauses und bietet in der bel\u00fcfteten Version alle M\u00f6glichkeiten, um Speisen in k\u00fcrzerer Zeit zu garen. Die Innentemperatur, die 300 Grad \u00fcberschreiten kann, und das mitgelieferte runde Backblech machen ihn besonders geeignet f\u00fcr die Zubereitung von Pizza und Focaccia. Der Drehspie\u00dfaufsatz und die emaillierten W\u00e4nde machen ihn praktisch zum \u201cFull Function\u201d-Ger\u00e4t.<\/p>\n<p>Technische Daten<\/p>\n<p>Fassungsverm\u00f6gen: 58 Lt<br \/>\nBel\u00fcftung<br \/>\nInterne Lampe<br \/>\nRotisserie-Spie\u00df<br \/>\nKann ein Gericht mit 41 cm Durchmesser aufnehmen<br \/>\nDoppelglas f\u00fcr W\u00e4rmed\u00e4mmung<br \/>\n90-Minuten-Timer mit akustischem Signal<br \/>\nEinstellbarer Thermostat von 40\u00b0 bis 300\u00b0C<br \/>\nHeizelemente aus Panzerstahl<br \/>\nKochfunktionen: Basis, Grill, kombiniert<br \/>\nBetriebskontrollleuchte<br \/>\nLeicht zu reinigen! Emaillierte Innenw\u00e4nde<br \/>\nZubeh\u00f6r: 1 Grill, 1 rechteckige Auffangschale, 1 runde Auffangschale \u00d841cm, 1 Drehspie\u00df-Set<br \/>\nStromversorgung: AC 230V ~ 50-60Hz<br \/>\nLeistung: 1800 W<br \/>\nAbmessungen (B x H x T): 63 x 41,5 x 49,5 cm<br \/>\nGewicht: 18,8 kg<\/p>\n<p>Nicht zum Verkauf au\u00dferhalb Europas<\/p>\n","protected":false},"excerpt":{"rendered":"<p>ROST\u00d3 58 ist funktionell und gleichzeitig ger\u00e4umig mit einem Garraum von 58 Litern. Mit der M\u00f6glichkeit, sogar 2 G\u00e4nge gleichzeitig in kurzer Zeit und mit begrenztem Energieverbrauch zu garen, wird er zu einem wertvollen Hilfsger\u00e4t. Er ist leicht zu transportieren und eignet sich f\u00fcr eine Vielzahl von Situationen sowohl innerhalb als auch au\u00dferhalb des Hauses [&hellip;]<\/p>\n","protected":false},"featured_media":6279860,"template":"","meta":{"_acf_changed":false},"product_cat":[12163,12193],"product_tag":[],"class_list":{"0":"post-52880","1":"product","2":"type-product","3":"status-publish","4":"has-post-thumbnail","6":"product_cat-kleine-elektrogeraete","7":"product_cat-oefen","9":"first","10":"instock","11":"sale","12":"taxable","13":"shipping-taxable","14":"purchasable","15":"product-type-simple","swatches":"rey-swatches","show_selected":"","stretch_labels":"rey-swatches--stretch-labels"},"acf":[],"yoast_head":"<!-- This site is optimized with the Yoast SEO plugin v25.4 - https:\/\/yoast.com\/wordpress\/plugins\/seo\/ -->\n<title>G3 FERRARI Rost\u00f2 58 L mit Rotisserie - dev6 Erresse<\/title>\n<meta name=\"description\" content=\"ROST\u00d3 58 ist funktionell und gleichzeitig ger\u00e4umig mit einem Garraum von 58 Litern. Mit der M\u00f6glichkeit, sogar 2 G\u00e4nge gleichzeitig in kurzer Zeit und mit\" \/>\n<meta name=\"robots\" content=\"noindex, follow, max-snippet:-1, max-image-preview:large, max-video-preview:-1\" \/>\n<meta property=\"og:locale\" content=\"de_DE\" \/>\n<meta property=\"og:type\" content=\"article\" \/>\n<meta property=\"og:title\" content=\"G3 FERRARI Rost\u00f2 58 L mit Rotisserie - dev6 Erresse\" \/>\n<meta property=\"og:description\" content=\"ROST\u00d3 58 ist funktionell und gleichzeitig ger\u00e4umig mit einem Garraum von 58 Litern. Mit der M\u00f6glichkeit, sogar 2 G\u00e4nge gleichzeitig in kurzer Zeit und mit\" \/>\n<meta property=\"og:url\" content=\"https:\/\/dev6.erresse-shop.it\/de\/shop\/kleine-elektrogeraete\/oefen\/g3-ferrari-rosto-58-l-mit-rotisserie\/\" \/>\n<meta property=\"og:site_name\" content=\"dev6 Erresse\" \/>\n<meta property=\"og:image\" content=\"https:\/\/interpim.erresse-shop.it\/wp-content\/uploads\/2023\/07\/G3-FERRARI-Rosto\u0300-58-L-con-Girarrosto.jpg\/g3-ferrari-rosto-cc-80-58-l-con-girarrosto.jpg\" \/><meta property=\"og:image\" content=\"https:\/\/interpim.erresse-shop.it\/wp-content\/uploads\/2023\/07\/G3-FERRARI-Rosto\u0300-58-L-con-Girarrosto.jpg\/g3-ferrari-rosto-cc-80-58-l-con-girarrosto.jpg\" \/>\n\t<meta property=\"og:image:width\" content=\"1024\" \/>\n\t<meta property=\"og:image:height\" content=\"1024\" \/>\n\t<meta property=\"og:image:type\" content=\"image\/jpeg\" \/>\n<meta name=\"twitter:card\" content=\"summary_large_image\" \/>\n<meta name=\"twitter:image\" content=\"https:\/\/interpim.erresse-shop.it\/wp-content\/uploads\/2023\/07\/G3-FERRARI-Rosto\u0300-58-L-con-Girarrosto.jpg\/g3-ferrari-rosto-cc-80-58-l-con-girarrosto.jpg\" \/>\n<script type=\"application\/ld+json\" class=\"yoast-schema-graph\">{\"@context\":\"https:\/\/schema.org\",\"@graph\":[{\"@type\":\"WebPage\",\"@id\":\"https:\/\/dev6.erresse-shop.it\/de\/shop\/kleine-elektrogeraete\/oefen\/g3-ferrari-rosto-58-l-mit-rotisserie\/\",\"url\":\"https:\/\/dev6.erresse-shop.it\/de\/shop\/kleine-elektrogeraete\/oefen\/g3-ferrari-rosto-58-l-mit-rotisserie\/\",\"name\":\"G3 FERRARI Rost\u00f2 58 L mit Rotisserie - dev6 Erresse\",\"isPartOf\":{\"@id\":\"https:\/\/dev6.erresse-shop.it\/#website\"},\"primaryImageOfPage\":{\"@id\":\"https:\/\/dev6.erresse-shop.it\/de\/shop\/kleine-elektrogeraete\/oefen\/g3-ferrari-rosto-58-l-mit-rotisserie\/#primaryimage\"},\"image\":{\"@id\":\"https:\/\/dev6.erresse-shop.it\/de\/shop\/kleine-elektrogeraete\/oefen\/g3-ferrari-rosto-58-l-mit-rotisserie\/#primaryimage\"},\"thumbnailUrl\":\"https:\/\/i1.wp.com\/interpim.erresse-shop.it\/wp-content\/uploads\/2023\/07\/G3-FERRARI-Rosto\u0300-58-L-con-Girarrosto.jpg\/g3-ferrari-rosto-cc-80-58-l-con-girarrosto.jpg?ssl=1\",\"datePublished\":\"2026-04-04T07:45:09+00:00\",\"description\":\"ROST\u00d3 58 ist funktionell und gleichzeitig ger\u00e4umig mit einem Garraum von 58 Litern. Mit der M\u00f6glichkeit, sogar 2 G\u00e4nge gleichzeitig in kurzer Zeit und mit\",\"breadcrumb\":{\"@id\":\"https:\/\/dev6.erresse-shop.it\/de\/shop\/kleine-elektrogeraete\/oefen\/g3-ferrari-rosto-58-l-mit-rotisserie\/#breadcrumb\"},\"inLanguage\":\"de\",\"potentialAction\":[{\"@type\":\"ReadAction\",\"target\":[\"https:\/\/dev6.erresse-shop.it\/de\/shop\/kleine-elektrogeraete\/oefen\/g3-ferrari-rosto-58-l-mit-rotisserie\/\"]}]},{\"@type\":\"ImageObject\",\"inLanguage\":\"de\",\"@id\":\"https:\/\/dev6.erresse-shop.it\/de\/shop\/kleine-elektrogeraete\/oefen\/g3-ferrari-rosto-58-l-mit-rotisserie\/#primaryimage\",\"url\":\"https:\/\/i1.wp.com\/interpim.erresse-shop.it\/wp-content\/uploads\/2023\/07\/G3-FERRARI-Rosto\u0300-58-L-con-Girarrosto.jpg\/g3-ferrari-rosto-cc-80-58-l-con-girarrosto.jpg?ssl=1\",\"contentUrl\":\"https:\/\/i1.wp.com\/interpim.erresse-shop.it\/wp-content\/uploads\/2023\/07\/G3-FERRARI-Rosto\u0300-58-L-con-Girarrosto.jpg\/g3-ferrari-rosto-cc-80-58-l-con-girarrosto.jpg?ssl=1\"},{\"@type\":\"BreadcrumbList\",\"@id\":\"https:\/\/dev6.erresse-shop.it\/de\/shop\/kleine-elektrogeraete\/oefen\/g3-ferrari-rosto-58-l-mit-rotisserie\/#breadcrumb\",\"itemListElement\":[{\"@type\":\"ListItem\",\"position\":1,\"name\":\"Home\",\"item\":\"https:\/\/dev6.erresse-shop.it\/\"},{\"@type\":\"ListItem\",\"position\":2,\"name\":\"Shop\",\"item\":\"https:\/\/dev6.erresse-shop.it\/shop\/\"},{\"@type\":\"ListItem\",\"position\":3,\"name\":\"G3 FERRARI Rost\u00f2 58 L mit Rotisserie\"}]},{\"@type\":\"WebSite\",\"@id\":\"https:\/\/dev6.erresse-shop.it\/#website\",\"url\":\"https:\/\/dev6.erresse-shop.it\/\",\"name\":\"Erresse Shop\",\"description\":\"\",\"publisher\":{\"@id\":\"https:\/\/dev6.erresse-shop.it\/#organization\"},\"potentialAction\":[{\"@type\":\"SearchAction\",\"target\":{\"@type\":\"EntryPoint\",\"urlTemplate\":\"https:\/\/dev6.erresse-shop.it\/?s={search_term_string}\"},\"query-input\":{\"@type\":\"PropertyValueSpecification\",\"valueRequired\":true,\"valueName\":\"search_term_string\"}}],\"inLanguage\":\"de\"},{\"@type\":\"Organization\",\"@id\":\"https:\/\/dev6.erresse-shop.it\/#organization\",\"name\":\"Erresse Shop\",\"url\":\"https:\/\/dev6.erresse-shop.it\/\",\"logo\":{\"@type\":\"ImageObject\",\"inLanguage\":\"de\",\"@id\":\"https:\/\/dev6.erresse-shop.it\/#\/schema\/logo\/image\/\",\"url\":\"https:\/\/dev6.erresse-shop.it\/wp-content\/uploads\/2025\/01\/LOGO-ERRESSE-CLASSICO.svg\",\"contentUrl\":\"https:\/\/dev6.erresse-shop.it\/wp-content\/uploads\/2025\/01\/LOGO-ERRESSE-CLASSICO.svg\",\"caption\":\"Erresse Shop\"},\"image\":{\"@id\":\"https:\/\/dev6.erresse-shop.it\/#\/schema\/logo\/image\/\"}}]}<\/script>\n<!-- \/ Yoast SEO plugin. -->","yoast_head_json":{"title":"G3 FERRARI Rost\u00f2 58 L mit Rotisserie - dev6 Erresse","description":"ROST\u00d3 58 ist funktionell und gleichzeitig ger\u00e4umig mit einem Garraum von 58 Litern. Mit der M\u00f6glichkeit, sogar 2 G\u00e4nge gleichzeitig in kurzer Zeit und mit","robots":{"index":"noindex","follow":"follow","max-snippet":"max-snippet:-1","max-image-preview":"max-image-preview:large","max-video-preview":"max-video-preview:-1"},"og_locale":"de_DE","og_type":"article","og_title":"G3 FERRARI Rost\u00f2 58 L mit Rotisserie - dev6 Erresse","og_description":"ROST\u00d3 58 ist funktionell und gleichzeitig ger\u00e4umig mit einem Garraum von 58 Litern. Mit der M\u00f6glichkeit, sogar 2 G\u00e4nge gleichzeitig in kurzer Zeit und mit","og_url":"https:\/\/dev6.erresse-shop.it\/de\/shop\/kleine-elektrogeraete\/oefen\/g3-ferrari-rosto-58-l-mit-rotisserie\/","og_site_name":"dev6 Erresse","og_image":[{"url":"https:\/\/interpim.erresse-shop.it\/wp-content\/uploads\/2023\/07\/G3-FERRARI-Rosto\u0300-58-L-con-Girarrosto.jpg\/g3-ferrari-rosto-cc-80-58-l-con-girarrosto.jpg","type":"","width":"","height":""},{"url":"https:\/\/interpim.erresse-shop.it\/wp-content\/uploads\/2023\/07\/G3-FERRARI-Rosto\u0300-58-L-con-Girarrosto.jpg\/g3-ferrari-rosto-cc-80-58-l-con-girarrosto.jpg","width":1024,"height":1024,"type":"image\/jpeg"}],"twitter_card":"summary_large_image","twitter_image":"https:\/\/interpim.erresse-shop.it\/wp-content\/uploads\/2023\/07\/G3-FERRARI-Rosto\u0300-58-L-con-Girarrosto.jpg\/g3-ferrari-rosto-cc-80-58-l-con-girarrosto.jpg","schema":{"@context":"https:\/\/schema.org","@graph":[{"@type":"WebPage","@id":"https:\/\/dev6.erresse-shop.it\/de\/shop\/kleine-elektrogeraete\/oefen\/g3-ferrari-rosto-58-l-mit-rotisserie\/","url":"https:\/\/dev6.erresse-shop.it\/de\/shop\/kleine-elektrogeraete\/oefen\/g3-ferrari-rosto-58-l-mit-rotisserie\/","name":"G3 FERRARI Rost\u00f2 58 L mit Rotisserie - dev6 Erresse","isPartOf":{"@id":"https:\/\/dev6.erresse-shop.it\/#website"},"primaryImageOfPage":{"@id":"https:\/\/dev6.erresse-shop.it\/de\/shop\/kleine-elektrogeraete\/oefen\/g3-ferrari-rosto-58-l-mit-rotisserie\/#primaryimage"},"image":{"@id":"https:\/\/dev6.erresse-shop.it\/de\/shop\/kleine-elektrogeraete\/oefen\/g3-ferrari-rosto-58-l-mit-rotisserie\/#primaryimage"},"thumbnailUrl":"https:\/\/i1.wp.com\/interpim.erresse-shop.it\/wp-content\/uploads\/2023\/07\/G3-FERRARI-Rosto\u0300-58-L-con-Girarrosto.jpg\/g3-ferrari-rosto-cc-80-58-l-con-girarrosto.jpg?ssl=1","datePublished":"2026-04-04T07:45:09+00:00","description":"ROST\u00d3 58 ist funktionell und gleichzeitig ger\u00e4umig mit einem Garraum von 58 Litern. Mit der M\u00f6glichkeit, sogar 2 G\u00e4nge gleichzeitig in kurzer Zeit und mit","breadcrumb":{"@id":"https:\/\/dev6.erresse-shop.it\/de\/shop\/kleine-elektrogeraete\/oefen\/g3-ferrari-rosto-58-l-mit-rotisserie\/#breadcrumb"},"inLanguage":"de","potentialAction":[{"@type":"ReadAction","target":["https:\/\/dev6.erresse-shop.it\/de\/shop\/kleine-elektrogeraete\/oefen\/g3-ferrari-rosto-58-l-mit-rotisserie\/"]}]},{"@type":"ImageObject","inLanguage":"de","@id":"https:\/\/dev6.erresse-shop.it\/de\/shop\/kleine-elektrogeraete\/oefen\/g3-ferrari-rosto-58-l-mit-rotisserie\/#primaryimage","url":"https:\/\/i1.wp.com\/interpim.erresse-shop.it\/wp-content\/uploads\/2023\/07\/G3-FERRARI-Rosto\u0300-58-L-con-Girarrosto.jpg\/g3-ferrari-rosto-cc-80-58-l-con-girarrosto.jpg?ssl=1","contentUrl":"https:\/\/i1.wp.com\/interpim.erresse-shop.it\/wp-content\/uploads\/2023\/07\/G3-FERRARI-Rosto\u0300-58-L-con-Girarrosto.jpg\/g3-ferrari-rosto-cc-80-58-l-con-girarrosto.jpg?ssl=1"},{"@type":"BreadcrumbList","@id":"https:\/\/dev6.erresse-shop.it\/de\/shop\/kleine-elektrogeraete\/oefen\/g3-ferrari-rosto-58-l-mit-rotisserie\/#breadcrumb","itemListElement":[{"@type":"ListItem","position":1,"name":"Home","item":"https:\/\/dev6.erresse-shop.it\/"},{"@type":"ListItem","position":2,"name":"Shop","item":"https:\/\/dev6.erresse-shop.it\/shop\/"},{"@type":"ListItem","position":3,"name":"G3 FERRARI Rost\u00f2 58 L mit Rotisserie"}]},{"@type":"WebSite","@id":"https:\/\/dev6.erresse-shop.it\/#website","url":"https:\/\/dev6.erresse-shop.it\/","name":"Erresse Shop","description":"","publisher":{"@id":"https:\/\/dev6.erresse-shop.it\/#organization"},"potentialAction":[{"@type":"SearchAction","target":{"@type":"EntryPoint","urlTemplate":"https:\/\/dev6.erresse-shop.it\/?s={search_term_string}"},"query-input":{"@type":"PropertyValueSpecification","valueRequired":true,"valueName":"search_term_string"}}],"inLanguage":"de"},{"@type":"Organization","@id":"https:\/\/dev6.erresse-shop.it\/#organization","name":"Erresse Shop","url":"https:\/\/dev6.erresse-shop.it\/","logo":{"@type":"ImageObject","inLanguage":"de","@id":"https:\/\/dev6.erresse-shop.it\/#\/schema\/logo\/image\/","url":"https:\/\/dev6.erresse-shop.it\/wp-content\/uploads\/2025\/01\/LOGO-ERRESSE-CLASSICO.svg","contentUrl":"https:\/\/dev6.erresse-shop.it\/wp-content\/uploads\/2025\/01\/LOGO-ERRESSE-CLASSICO.svg","caption":"Erresse Shop"},"image":{"@id":"https:\/\/dev6.erresse-shop.it\/#\/schema\/logo\/image\/"}}]}},"df_price":199,"df_sale_price":199,"df_regular_price":229.9,"df_image_link":"https:\/\/i1.wp.com\/interpim.erresse-shop.it\/wp-content\/uploads\/2023\/07\/G3-FERRARI-Rosto\u0300-58-L-con-Girarrosto.jpg\/g3-ferrari-rosto-cc-80-58-l-con-girarrosto.jpg?resize=300,300&ssl=1","fifu_image_url":"https:\/\/interpim.erresse-shop.it\/wp-content\/uploads\/2023\/07\/G3-FERRARI-Rosto\u0300-58-L-con-Girarrosto.jpg\/g3-ferrari-rosto-cc-80-58-l-con-girarrosto.jpg","_links":{"self":[{"href":"https:\/\/dev6.erresse-shop.it\/de\/wp-json\/wp\/v2\/product\/52880","targetHints":{"allow":["GET"]}}],"collection":[{"href":"https:\/\/dev6.erresse-shop.it\/de\/wp-json\/wp\/v2\/product"}],"about":[{"href":"https:\/\/dev6.erresse-shop.it\/de\/wp-json\/wp\/v2\/types\/product"}],"wp:featuredmedia":[{"embeddable":true,"href":"https:\/\/dev6.erresse-shop.it\/de\/wp-json\/wp\/v2\/media\/6279860"}],"wp:attachment":[{"href":"https:\/\/dev6.erresse-shop.it\/de\/wp-json\/wp\/v2\/media?parent=52880"}],"wp:term":[{"taxonomy":"product_cat","embeddable":true,"href":"https:\/\/dev6.erresse-shop.it\/de\/wp-json\/wp\/v2\/product_cat?post=52880"},{"taxonomy":"product_tag","embeddable":true,"href":"https:\/\/dev6.erresse-shop.it\/de\/wp-json\/wp\/v2\/product_tag?post=52880"}],"curies":[{"name":"wp","href":"https:\/\/api.w.org\/{rel}","templated":true}]}}