{"id":52823,"date":"2026-04-12T09:47:20","date_gmt":"2026-04-12T07:47:20","guid":{"rendered":"https:\/\/dev6.erresse-shop.it\/shop\/unkategorisiert\/kitchenaid-blender-immersion-2-geschwindigkeiten-schwarz\/"},"modified":"2025-07-03T20:54:43","modified_gmt":"2025-07-03T18:54:43","slug":"kitchenaid-blender-immersion-2-geschwindigkeiten-schwarz","status":"publish","type":"product","link":"https:\/\/dev6.erresse-shop.it\/de\/shop\/kleine-elektrogeraete\/mixer\/kitchenaid-blender-immersion-2-geschwindigkeiten-schwarz\/","title":{"rendered":"KITCHENAID Blender Immersion 2 Geschwindigkeiten Schwarz"},"content":{"rendered":"<p>Kreieren Sie schnell und einfach unz\u00e4hlige kulinarische Meisterwerke.<\/p>\n<p>Stabmixer mit Kabel 5KHBL1321SOB mit 180 W Leistung. Er hat 2 Geschwindigkeitsstufen und ein Fassungsverm\u00f6gen von 0,7 Litern. P\u00fcriert, zerkleinert und p\u00fcriert Smoothies, Saucen, Suppen und vieles mehr. Leistungsstarker Gleichstrommotor mit 2 Geschwindigkeitsstufen f\u00fcr hervorragende, leise Steuerung und lang anhaltenden Betrieb. Bisphenolfreier, abgestufter Mixbecher. Reduziert den Bedarf an mehreren R\u00fchrsch\u00fcsseln oder Messbechern. Einfaches Quirlen, Servieren und Aufbewahren von Speisen in einer Sch\u00fcssel. Farbe: schwarz, onyx.<\/p>\n","protected":false},"excerpt":{"rendered":"<p>Kreieren Sie schnell und einfach unz\u00e4hlige kulinarische Meisterwerke. Stabmixer mit Kabel 5KHBL1321SOB mit 180 W Leistung. Er hat 2 Geschwindigkeitsstufen und ein Fassungsverm\u00f6gen von 0,7 Litern. P\u00fcriert, zerkleinert und p\u00fcriert Smoothies, Saucen, Suppen und vieles mehr. Leistungsstarker Gleichstrommotor mit 2 Geschwindigkeitsstufen f\u00fcr hervorragende, leise Steuerung und lang anhaltenden Betrieb. Bisphenolfreier, abgestufter Mixbecher. Reduziert den Bedarf [&hellip;]<\/p>\n","protected":false},"featured_media":6363103,"template":"","meta":{"_acf_changed":false},"product_cat":[12163,12169],"product_tag":[],"class_list":{"0":"post-52823","1":"product","2":"type-product","3":"status-publish","4":"has-post-thumbnail","6":"product_cat-kleine-elektrogeraete","7":"product_cat-mixer","9":"first","10":"instock","11":"sale","12":"taxable","13":"shipping-taxable","14":"purchasable","15":"product-type-simple","swatches":"rey-swatches","show_selected":"","stretch_labels":"rey-swatches--stretch-labels"},"acf":[],"yoast_head":"<!-- This site is optimized with the Yoast SEO plugin v25.4 - https:\/\/yoast.com\/wordpress\/plugins\/seo\/ -->\n<title>KITCHENAID Blender Immersion 2 Geschwindigkeiten Schwarz - dev6 Erresse<\/title>\n<meta name=\"description\" content=\"Kreieren Sie schnell und einfach unz\u00e4hlige kulinarische Meisterwerke. Stabmixer mit Kabel 5KHBL1321SOB mit 180 W Leistung. Er hat 2 Geschwindigkeitsstufen\" \/>\n<meta name=\"robots\" content=\"noindex, follow, max-snippet:-1, max-image-preview:large, max-video-preview:-1\" \/>\n<meta property=\"og:locale\" content=\"de_DE\" \/>\n<meta property=\"og:type\" content=\"article\" \/>\n<meta property=\"og:title\" content=\"KITCHENAID Blender Immersion 2 Geschwindigkeiten Schwarz - dev6 Erresse\" \/>\n<meta property=\"og:description\" content=\"Kreieren Sie schnell und einfach unz\u00e4hlige kulinarische Meisterwerke. Stabmixer mit Kabel 5KHBL1321SOB mit 180 W Leistung. Er hat 2 Geschwindigkeitsstufen\" \/>\n<meta property=\"og:url\" content=\"https:\/\/dev6.erresse-shop.it\/de\/shop\/kleine-elektrogeraete\/mixer\/kitchenaid-blender-immersion-2-geschwindigkeiten-schwarz\/\" \/>\n<meta property=\"og:site_name\" content=\"dev6 Erresse\" \/>\n<meta property=\"og:image\" content=\"https:\/\/interpim.erresse-shop.it\/wp-content\/uploads\/2023\/07\/KITCHENAID-Frullatore-Immersione-2-Velocita\u0300-Nero.jpg\/kitchenaid-frullatore-immersione-2-velocita-cc-80-nero.jpg\" \/><meta property=\"og:image\" content=\"https:\/\/interpim.erresse-shop.it\/wp-content\/uploads\/2023\/07\/KITCHENAID-Frullatore-Immersione-2-Velocita\u0300-Nero.jpg\/kitchenaid-frullatore-immersione-2-velocita-cc-80-nero.jpg\" \/>\n\t<meta property=\"og:image:width\" content=\"1024\" \/>\n\t<meta property=\"og:image:height\" content=\"1024\" \/>\n\t<meta property=\"og:image:type\" content=\"image\/jpeg\" \/>\n<meta name=\"twitter:card\" content=\"summary_large_image\" \/>\n<meta name=\"twitter:image\" content=\"https:\/\/interpim.erresse-shop.it\/wp-content\/uploads\/2023\/07\/KITCHENAID-Frullatore-Immersione-2-Velocita\u0300-Nero.jpg\/kitchenaid-frullatore-immersione-2-velocita-cc-80-nero.jpg\" \/>\n<script type=\"application\/ld+json\" class=\"yoast-schema-graph\">{\"@context\":\"https:\/\/schema.org\",\"@graph\":[{\"@type\":\"WebPage\",\"@id\":\"https:\/\/dev6.erresse-shop.it\/de\/shop\/kleine-elektrogeraete\/mixer\/kitchenaid-blender-immersion-2-geschwindigkeiten-schwarz\/\",\"url\":\"https:\/\/dev6.erresse-shop.it\/de\/shop\/kleine-elektrogeraete\/mixer\/kitchenaid-blender-immersion-2-geschwindigkeiten-schwarz\/\",\"name\":\"KITCHENAID Blender Immersion 2 Geschwindigkeiten Schwarz - dev6 Erresse\",\"isPartOf\":{\"@id\":\"https:\/\/dev6.erresse-shop.it\/#website\"},\"primaryImageOfPage\":{\"@id\":\"https:\/\/dev6.erresse-shop.it\/de\/shop\/kleine-elektrogeraete\/mixer\/kitchenaid-blender-immersion-2-geschwindigkeiten-schwarz\/#primaryimage\"},\"image\":{\"@id\":\"https:\/\/dev6.erresse-shop.it\/de\/shop\/kleine-elektrogeraete\/mixer\/kitchenaid-blender-immersion-2-geschwindigkeiten-schwarz\/#primaryimage\"},\"thumbnailUrl\":\"https:\/\/i3.wp.com\/interpim.erresse-shop.it\/wp-content\/uploads\/2023\/07\/KITCHENAID-Frullatore-Immersione-2-Velocita\u0300-Nero.jpg\/kitchenaid-frullatore-immersione-2-velocita-cc-80-nero.jpg?ssl=1\",\"datePublished\":\"2026-04-12T07:47:20+00:00\",\"description\":\"Kreieren Sie schnell und einfach unz\u00e4hlige kulinarische Meisterwerke. Stabmixer mit Kabel 5KHBL1321SOB mit 180 W Leistung. Er hat 2 Geschwindigkeitsstufen\",\"breadcrumb\":{\"@id\":\"https:\/\/dev6.erresse-shop.it\/de\/shop\/kleine-elektrogeraete\/mixer\/kitchenaid-blender-immersion-2-geschwindigkeiten-schwarz\/#breadcrumb\"},\"inLanguage\":\"de\",\"potentialAction\":[{\"@type\":\"ReadAction\",\"target\":[\"https:\/\/dev6.erresse-shop.it\/de\/shop\/kleine-elektrogeraete\/mixer\/kitchenaid-blender-immersion-2-geschwindigkeiten-schwarz\/\"]}]},{\"@type\":\"ImageObject\",\"inLanguage\":\"de\",\"@id\":\"https:\/\/dev6.erresse-shop.it\/de\/shop\/kleine-elektrogeraete\/mixer\/kitchenaid-blender-immersion-2-geschwindigkeiten-schwarz\/#primaryimage\",\"url\":\"https:\/\/i3.wp.com\/interpim.erresse-shop.it\/wp-content\/uploads\/2023\/07\/KITCHENAID-Frullatore-Immersione-2-Velocita\u0300-Nero.jpg\/kitchenaid-frullatore-immersione-2-velocita-cc-80-nero.jpg?ssl=1\",\"contentUrl\":\"https:\/\/i3.wp.com\/interpim.erresse-shop.it\/wp-content\/uploads\/2023\/07\/KITCHENAID-Frullatore-Immersione-2-Velocita\u0300-Nero.jpg\/kitchenaid-frullatore-immersione-2-velocita-cc-80-nero.jpg?ssl=1\"},{\"@type\":\"BreadcrumbList\",\"@id\":\"https:\/\/dev6.erresse-shop.it\/de\/shop\/kleine-elektrogeraete\/mixer\/kitchenaid-blender-immersion-2-geschwindigkeiten-schwarz\/#breadcrumb\",\"itemListElement\":[{\"@type\":\"ListItem\",\"position\":1,\"name\":\"Home\",\"item\":\"https:\/\/dev6.erresse-shop.it\/\"},{\"@type\":\"ListItem\",\"position\":2,\"name\":\"Shop\",\"item\":\"https:\/\/dev6.erresse-shop.it\/shop\/\"},{\"@type\":\"ListItem\",\"position\":3,\"name\":\"KITCHENAID Blender Immersion 2 Geschwindigkeiten Schwarz\"}]},{\"@type\":\"WebSite\",\"@id\":\"https:\/\/dev6.erresse-shop.it\/#website\",\"url\":\"https:\/\/dev6.erresse-shop.it\/\",\"name\":\"Erresse Shop\",\"description\":\"\",\"publisher\":{\"@id\":\"https:\/\/dev6.erresse-shop.it\/#organization\"},\"potentialAction\":[{\"@type\":\"SearchAction\",\"target\":{\"@type\":\"EntryPoint\",\"urlTemplate\":\"https:\/\/dev6.erresse-shop.it\/?s={search_term_string}\"},\"query-input\":{\"@type\":\"PropertyValueSpecification\",\"valueRequired\":true,\"valueName\":\"search_term_string\"}}],\"inLanguage\":\"de\"},{\"@type\":\"Organization\",\"@id\":\"https:\/\/dev6.erresse-shop.it\/#organization\",\"name\":\"Erresse Shop\",\"url\":\"https:\/\/dev6.erresse-shop.it\/\",\"logo\":{\"@type\":\"ImageObject\",\"inLanguage\":\"de\",\"@id\":\"https:\/\/dev6.erresse-shop.it\/#\/schema\/logo\/image\/\",\"url\":\"https:\/\/dev6.erresse-shop.it\/wp-content\/uploads\/2025\/01\/LOGO-ERRESSE-CLASSICO.svg\",\"contentUrl\":\"https:\/\/dev6.erresse-shop.it\/wp-content\/uploads\/2025\/01\/LOGO-ERRESSE-CLASSICO.svg\",\"caption\":\"Erresse Shop\"},\"image\":{\"@id\":\"https:\/\/dev6.erresse-shop.it\/#\/schema\/logo\/image\/\"}}]}<\/script>\n<!-- \/ Yoast SEO plugin. -->","yoast_head_json":{"title":"KITCHENAID Blender Immersion 2 Geschwindigkeiten Schwarz - dev6 Erresse","description":"Kreieren Sie schnell und einfach unz\u00e4hlige kulinarische Meisterwerke. Stabmixer mit Kabel 5KHBL1321SOB mit 180 W Leistung. Er hat 2 Geschwindigkeitsstufen","robots":{"index":"noindex","follow":"follow","max-snippet":"max-snippet:-1","max-image-preview":"max-image-preview:large","max-video-preview":"max-video-preview:-1"},"og_locale":"de_DE","og_type":"article","og_title":"KITCHENAID Blender Immersion 2 Geschwindigkeiten Schwarz - dev6 Erresse","og_description":"Kreieren Sie schnell und einfach unz\u00e4hlige kulinarische Meisterwerke. Stabmixer mit Kabel 5KHBL1321SOB mit 180 W Leistung. Er hat 2 Geschwindigkeitsstufen","og_url":"https:\/\/dev6.erresse-shop.it\/de\/shop\/kleine-elektrogeraete\/mixer\/kitchenaid-blender-immersion-2-geschwindigkeiten-schwarz\/","og_site_name":"dev6 Erresse","og_image":[{"url":"https:\/\/interpim.erresse-shop.it\/wp-content\/uploads\/2023\/07\/KITCHENAID-Frullatore-Immersione-2-Velocita\u0300-Nero.jpg\/kitchenaid-frullatore-immersione-2-velocita-cc-80-nero.jpg","type":"","width":"","height":""},{"url":"https:\/\/interpim.erresse-shop.it\/wp-content\/uploads\/2023\/07\/KITCHENAID-Frullatore-Immersione-2-Velocita\u0300-Nero.jpg\/kitchenaid-frullatore-immersione-2-velocita-cc-80-nero.jpg","width":1024,"height":1024,"type":"image\/jpeg"}],"twitter_card":"summary_large_image","twitter_image":"https:\/\/interpim.erresse-shop.it\/wp-content\/uploads\/2023\/07\/KITCHENAID-Frullatore-Immersione-2-Velocita\u0300-Nero.jpg\/kitchenaid-frullatore-immersione-2-velocita-cc-80-nero.jpg","schema":{"@context":"https:\/\/schema.org","@graph":[{"@type":"WebPage","@id":"https:\/\/dev6.erresse-shop.it\/de\/shop\/kleine-elektrogeraete\/mixer\/kitchenaid-blender-immersion-2-geschwindigkeiten-schwarz\/","url":"https:\/\/dev6.erresse-shop.it\/de\/shop\/kleine-elektrogeraete\/mixer\/kitchenaid-blender-immersion-2-geschwindigkeiten-schwarz\/","name":"KITCHENAID Blender Immersion 2 Geschwindigkeiten Schwarz - dev6 Erresse","isPartOf":{"@id":"https:\/\/dev6.erresse-shop.it\/#website"},"primaryImageOfPage":{"@id":"https:\/\/dev6.erresse-shop.it\/de\/shop\/kleine-elektrogeraete\/mixer\/kitchenaid-blender-immersion-2-geschwindigkeiten-schwarz\/#primaryimage"},"image":{"@id":"https:\/\/dev6.erresse-shop.it\/de\/shop\/kleine-elektrogeraete\/mixer\/kitchenaid-blender-immersion-2-geschwindigkeiten-schwarz\/#primaryimage"},"thumbnailUrl":"https:\/\/i3.wp.com\/interpim.erresse-shop.it\/wp-content\/uploads\/2023\/07\/KITCHENAID-Frullatore-Immersione-2-Velocita\u0300-Nero.jpg\/kitchenaid-frullatore-immersione-2-velocita-cc-80-nero.jpg?ssl=1","datePublished":"2026-04-12T07:47:20+00:00","description":"Kreieren Sie schnell und einfach unz\u00e4hlige kulinarische Meisterwerke. Stabmixer mit Kabel 5KHBL1321SOB mit 180 W Leistung. Er hat 2 Geschwindigkeitsstufen","breadcrumb":{"@id":"https:\/\/dev6.erresse-shop.it\/de\/shop\/kleine-elektrogeraete\/mixer\/kitchenaid-blender-immersion-2-geschwindigkeiten-schwarz\/#breadcrumb"},"inLanguage":"de","potentialAction":[{"@type":"ReadAction","target":["https:\/\/dev6.erresse-shop.it\/de\/shop\/kleine-elektrogeraete\/mixer\/kitchenaid-blender-immersion-2-geschwindigkeiten-schwarz\/"]}]},{"@type":"ImageObject","inLanguage":"de","@id":"https:\/\/dev6.erresse-shop.it\/de\/shop\/kleine-elektrogeraete\/mixer\/kitchenaid-blender-immersion-2-geschwindigkeiten-schwarz\/#primaryimage","url":"https:\/\/i3.wp.com\/interpim.erresse-shop.it\/wp-content\/uploads\/2023\/07\/KITCHENAID-Frullatore-Immersione-2-Velocita\u0300-Nero.jpg\/kitchenaid-frullatore-immersione-2-velocita-cc-80-nero.jpg?ssl=1","contentUrl":"https:\/\/i3.wp.com\/interpim.erresse-shop.it\/wp-content\/uploads\/2023\/07\/KITCHENAID-Frullatore-Immersione-2-Velocita\u0300-Nero.jpg\/kitchenaid-frullatore-immersione-2-velocita-cc-80-nero.jpg?ssl=1"},{"@type":"BreadcrumbList","@id":"https:\/\/dev6.erresse-shop.it\/de\/shop\/kleine-elektrogeraete\/mixer\/kitchenaid-blender-immersion-2-geschwindigkeiten-schwarz\/#breadcrumb","itemListElement":[{"@type":"ListItem","position":1,"name":"Home","item":"https:\/\/dev6.erresse-shop.it\/"},{"@type":"ListItem","position":2,"name":"Shop","item":"https:\/\/dev6.erresse-shop.it\/shop\/"},{"@type":"ListItem","position":3,"name":"KITCHENAID Blender Immersion 2 Geschwindigkeiten Schwarz"}]},{"@type":"WebSite","@id":"https:\/\/dev6.erresse-shop.it\/#website","url":"https:\/\/dev6.erresse-shop.it\/","name":"Erresse Shop","description":"","publisher":{"@id":"https:\/\/dev6.erresse-shop.it\/#organization"},"potentialAction":[{"@type":"SearchAction","target":{"@type":"EntryPoint","urlTemplate":"https:\/\/dev6.erresse-shop.it\/?s={search_term_string}"},"query-input":{"@type":"PropertyValueSpecification","valueRequired":true,"valueName":"search_term_string"}}],"inLanguage":"de"},{"@type":"Organization","@id":"https:\/\/dev6.erresse-shop.it\/#organization","name":"Erresse Shop","url":"https:\/\/dev6.erresse-shop.it\/","logo":{"@type":"ImageObject","inLanguage":"de","@id":"https:\/\/dev6.erresse-shop.it\/#\/schema\/logo\/image\/","url":"https:\/\/dev6.erresse-shop.it\/wp-content\/uploads\/2025\/01\/LOGO-ERRESSE-CLASSICO.svg","contentUrl":"https:\/\/dev6.erresse-shop.it\/wp-content\/uploads\/2025\/01\/LOGO-ERRESSE-CLASSICO.svg","caption":"Erresse Shop"},"image":{"@id":"https:\/\/dev6.erresse-shop.it\/#\/schema\/logo\/image\/"}}]}},"df_price":89.95,"df_sale_price":89.95,"df_regular_price":99,"df_image_link":"https:\/\/i3.wp.com\/interpim.erresse-shop.it\/wp-content\/uploads\/2023\/07\/KITCHENAID-Frullatore-Immersione-2-Velocita\u0300-Nero.jpg\/kitchenaid-frullatore-immersione-2-velocita-cc-80-nero.jpg?resize=300,300&ssl=1","fifu_image_url":"https:\/\/interpim.erresse-shop.it\/wp-content\/uploads\/2023\/07\/KITCHENAID-Frullatore-Immersione-2-Velocita\u0300-Nero.jpg\/kitchenaid-frullatore-immersione-2-velocita-cc-80-nero.jpg","_links":{"self":[{"href":"https:\/\/dev6.erresse-shop.it\/de\/wp-json\/wp\/v2\/product\/52823","targetHints":{"allow":["GET"]}}],"collection":[{"href":"https:\/\/dev6.erresse-shop.it\/de\/wp-json\/wp\/v2\/product"}],"about":[{"href":"https:\/\/dev6.erresse-shop.it\/de\/wp-json\/wp\/v2\/types\/product"}],"wp:featuredmedia":[{"embeddable":true,"href":"https:\/\/dev6.erresse-shop.it\/de\/wp-json\/wp\/v2\/media\/6363103"}],"wp:attachment":[{"href":"https:\/\/dev6.erresse-shop.it\/de\/wp-json\/wp\/v2\/media?parent=52823"}],"wp:term":[{"taxonomy":"product_cat","embeddable":true,"href":"https:\/\/dev6.erresse-shop.it\/de\/wp-json\/wp\/v2\/product_cat?post=52823"},{"taxonomy":"product_tag","embeddable":true,"href":"https:\/\/dev6.erresse-shop.it\/de\/wp-json\/wp\/v2\/product_tag?post=52823"}],"curies":[{"name":"wp","href":"https:\/\/api.w.org\/{rel}","templated":true}]}}