{"id":52822,"date":"2026-04-12T09:47:20","date_gmt":"2026-04-12T07:47:20","guid":{"rendered":"https:\/\/dev6.erresse-shop.it\/shop\/unkategorisiert\/kitchenaid-elektrischer-schneebesen-9-geschwindigkeiten-versilbert\/"},"modified":"2025-07-03T20:54:40","modified_gmt":"2025-07-03T18:54:40","slug":"kitchenaid-elektrischer-schneebesen-9-geschwindigkeiten-versilbert","status":"publish","type":"product","link":"https:\/\/dev6.erresse-shop.it\/de\/shop\/kleine-elektrogeraete\/mischer\/kitchenaid-elektrischer-schneebesen-9-geschwindigkeiten-versilbert\/","title":{"rendered":"KITCHENAID Elektrischer Schneebesen 9 Geschwindigkeiten Versilbert"},"content":{"rendered":"<p>Der elektrische Schneebesen f\u00fcr vielbesch\u00e4ftigte K\u00f6che<\/p>\n<p>Der KitchenAid 5KHM9212 9-Gang-Schneebesen ist kompakt und liefert dennoch gro\u00dfartige Ergebnisse. Er wurde von der weltweit f\u00fchrenden Marke f\u00fcr K\u00fcchenmaschinen \u207d\u00b9\u207e entwickelt und ist so vielseitig wie ein Planetenr\u00fchrer. Mit ihm k\u00f6nnen Sie alles zubereiten, von k\u00f6stlichen Alltagsgerichten bis hin zu aufwendigen Men\u00fcs, wenn Sie G\u00e4ste haben.<\/p>\n<p>Schnelles, problemloses Mixen<\/p>\n<p>Mit dem elektrischen Mixer von KitchenAid entscheiden Sie selbst, ob Sie langsam oder kr\u00e4ftig mixen m\u00f6chten \u2013 dank der 9 Geschwindigkeitsstufen, die Sie per Tastendruck einstellen k\u00f6nnen. Von Stufe 1 zum langsamen Mischen dicker Zutaten \u00fcber Stufe 5 zum R\u00fchren von Kuchenteig oder Kartoffelp\u00fcree bis hin zu Stufe 9 zum Aufschlagen von Baiser.<\/p>\n<p>Die Soft-Start-Funktion ist ideal f\u00fcr elektrische R\u00fchrger\u00e4te, da sie verhindert, dass Puderzucker \u00fcberall hinflie\u00dft und Butterklumpen aus der Sch\u00fcssel laufen.<\/p>\n<p>Die perfekte Mischung aus Leistung und Pr\u00e4zision<\/p>\n<p>Der leistungsstarke 85-Watt-Gleichstrommotor verarbeitet die Zutaten mit Leichtigkeit, ohne dabei laut zu sein. Stellen Sie die Geschwindigkeit mit den Tasten UP und DOWN auf Ihre Vorlieben ein und erhalten Sie die perfekte Mischung mit pr\u00e4ziser, leicht zu kontrollierender Leistung.<\/p>\n<p>Die digitale LED-Geschwindigkeitsanzeige zeigt die Geschwindigkeitsstufe von 1 bis 9 an, so dass Sie die aktuelle Geschwindigkeit deutlich sehen und mit dem Daumen (\u00fcber die Pfeile) entscheiden k\u00f6nnen, ob Sie sie erh\u00f6hen oder verringern m\u00f6chten.<\/p>\n<p>Viel mehr als nur ein elektrischer R\u00fchrbesen<\/p>\n<p>Der 9-stufige Schneebesen von KitchenAid verf\u00fcgt nicht nur \u00fcber 2 Turbobesen, sondern auch \u00fcber einen Schneebesen, 2 Knethaken und einen Schneebesenschaft (Immersionsmixer), alles aus hochwertigem Edelstahl und komplett mit einem Baumwollbeutel.<\/p>\n<p>Mit all diesem zus\u00e4tzlichen Zubeh\u00f6r k\u00f6nnen Sie Gerichte aller Art zubereiten. Mit diesem praktischen Ger\u00e4t k\u00f6nnen Sie nicht nur schnell mixen, sondern auch schlagen, kneten und emulgieren, von Kuchen und Keksen bis hin zu Mousse, Smoothies und Salatdressings. Er ist wie ein Planetenmischer, den Sie in der Hand halten k\u00f6nnen.<\/p>\n<p>Praktischer elektrischer Schneebesen f\u00fcr den Genuss in der K\u00fcche<\/p>\n<p>Dank seines Softgrip-Griffs liegt der KitchenAid-Schneebesen mit 9 Geschwindigkeiten gut in der Hand, sodass Sie beim Mixen die volle Kontrolle \u00fcber die Bewegungen haben.<\/p>\n<p>Dank des langen Kabels k\u00f6nnen Sie auch abseits einer Steckdose arbeiten, w\u00e4hrend das innovative Drehkabel Ihnen mehr Flexibilit\u00e4t bietet, da Sie es auf beiden Seiten arretieren k\u00f6nnen, je nachdem, welche Hand Sie lieber benutzen. Finden Sie den richtigen Winkel, w\u00e4hrend Sie nach den Zutaten greifen, und erledigen Sie mehrere Aufgaben in der K\u00fcche. Sie werden nicht mehr aufzuhalten sein.<\/p>\n<p>Technische Daten:<\/p>\n<p>Spannung: 220-240 V<br \/>\nLeistung: 85 W<br \/>\nFrequenz: 50\/60 Hz<br \/>\nKabell\u00e4nge: 153 cm<\/p>\n<p>In der Packung enthalten:<\/p>\n<p>Elektrischer Quirlfu\u00df<br \/>\n2 Edelstahl-Schlagbesen<br \/>\nSchneebesen mit 16 Dr\u00e4hten<br \/>\n2 Knethaken<br \/>\nR\u00fchrstab<br \/>\nAufbewahrungsetui aus Baumwolle<\/p>\n","protected":false},"excerpt":{"rendered":"<p>Der elektrische Schneebesen f\u00fcr vielbesch\u00e4ftigte K\u00f6che Der KitchenAid 5KHM9212 9-Gang-Schneebesen ist kompakt und liefert dennoch gro\u00dfartige Ergebnisse. Er wurde von der weltweit f\u00fchrenden Marke f\u00fcr K\u00fcchenmaschinen \u207d\u00b9\u207e entwickelt und ist so vielseitig wie ein Planetenr\u00fchrer. Mit ihm k\u00f6nnen Sie alles zubereiten, von k\u00f6stlichen Alltagsgerichten bis hin zu aufwendigen Men\u00fcs, wenn Sie G\u00e4ste haben. Schnelles, problemloses [&hellip;]<\/p>\n","protected":false},"featured_media":6363094,"template":"","meta":{"_acf_changed":false},"product_cat":[12163,12201],"product_tag":[],"class_list":{"0":"post-52822","1":"product","2":"type-product","3":"status-publish","4":"has-post-thumbnail","6":"product_cat-kleine-elektrogeraete","7":"product_cat-mischer","9":"first","10":"instock","11":"sale","12":"taxable","13":"shipping-taxable","14":"purchasable","15":"product-type-simple","swatches":"rey-swatches","show_selected":"","stretch_labels":"rey-swatches--stretch-labels"},"acf":[],"yoast_head":"<!-- This site is optimized with the Yoast SEO plugin v25.4 - https:\/\/yoast.com\/wordpress\/plugins\/seo\/ -->\n<title>KITCHENAID Elektrischer Schneebesen 9 Geschwindigkeiten Versilbert - dev6 Erresse<\/title>\n<meta name=\"description\" content=\"Der elektrische Schneebesen f\u00fcr vielbesch\u00e4ftigte K\u00f6che Der KitchenAid 5KHM9212 9-Gang-Schneebesen ist kompakt und liefert dennoch gro\u00dfartige Ergebnisse.\" \/>\n<meta name=\"robots\" content=\"noindex, follow, max-snippet:-1, max-image-preview:large, max-video-preview:-1\" \/>\n<meta property=\"og:locale\" content=\"de_DE\" \/>\n<meta property=\"og:type\" content=\"article\" \/>\n<meta property=\"og:title\" content=\"KITCHENAID Elektrischer Schneebesen 9 Geschwindigkeiten Versilbert - dev6 Erresse\" \/>\n<meta property=\"og:description\" content=\"Der elektrische Schneebesen f\u00fcr vielbesch\u00e4ftigte K\u00f6che Der KitchenAid 5KHM9212 9-Gang-Schneebesen ist kompakt und liefert dennoch gro\u00dfartige Ergebnisse.\" \/>\n<meta property=\"og:url\" content=\"https:\/\/dev6.erresse-shop.it\/de\/shop\/kleine-elektrogeraete\/mischer\/kitchenaid-elektrischer-schneebesen-9-geschwindigkeiten-versilbert\/\" \/>\n<meta property=\"og:site_name\" content=\"dev6 Erresse\" \/>\n<meta property=\"og:image\" content=\"https:\/\/interpim.erresse-shop.it\/wp-content\/uploads\/2023\/07\/KITCHENAID-Sbattitore-Elettrico-9-Velocita\u0300-Argento-Placcato.jpg\/kitchenaid-sbattitore-elettrico-9-velocita-cc-80-argento-placcato.jpg\" \/><meta property=\"og:image\" content=\"https:\/\/interpim.erresse-shop.it\/wp-content\/uploads\/2023\/07\/KITCHENAID-Sbattitore-Elettrico-9-Velocita\u0300-Argento-Placcato.jpg\/kitchenaid-sbattitore-elettrico-9-velocita-cc-80-argento-placcato.jpg\" \/>\n\t<meta property=\"og:image:width\" content=\"1024\" \/>\n\t<meta property=\"og:image:height\" content=\"1024\" \/>\n\t<meta property=\"og:image:type\" content=\"image\/jpeg\" \/>\n<meta name=\"twitter:card\" content=\"summary_large_image\" \/>\n<meta name=\"twitter:image\" content=\"https:\/\/interpim.erresse-shop.it\/wp-content\/uploads\/2023\/07\/KITCHENAID-Sbattitore-Elettrico-9-Velocita\u0300-Argento-Placcato.jpg\/kitchenaid-sbattitore-elettrico-9-velocita-cc-80-argento-placcato.jpg\" \/>\n<script type=\"application\/ld+json\" class=\"yoast-schema-graph\">{\"@context\":\"https:\/\/schema.org\",\"@graph\":[{\"@type\":\"WebPage\",\"@id\":\"https:\/\/dev6.erresse-shop.it\/de\/shop\/kleine-elektrogeraete\/mischer\/kitchenaid-elektrischer-schneebesen-9-geschwindigkeiten-versilbert\/\",\"url\":\"https:\/\/dev6.erresse-shop.it\/de\/shop\/kleine-elektrogeraete\/mischer\/kitchenaid-elektrischer-schneebesen-9-geschwindigkeiten-versilbert\/\",\"name\":\"KITCHENAID Elektrischer Schneebesen 9 Geschwindigkeiten Versilbert - dev6 Erresse\",\"isPartOf\":{\"@id\":\"https:\/\/dev6.erresse-shop.it\/#website\"},\"primaryImageOfPage\":{\"@id\":\"https:\/\/dev6.erresse-shop.it\/de\/shop\/kleine-elektrogeraete\/mischer\/kitchenaid-elektrischer-schneebesen-9-geschwindigkeiten-versilbert\/#primaryimage\"},\"image\":{\"@id\":\"https:\/\/dev6.erresse-shop.it\/de\/shop\/kleine-elektrogeraete\/mischer\/kitchenaid-elektrischer-schneebesen-9-geschwindigkeiten-versilbert\/#primaryimage\"},\"thumbnailUrl\":\"https:\/\/i1.wp.com\/interpim.erresse-shop.it\/wp-content\/uploads\/2023\/07\/KITCHENAID-Sbattitore-Elettrico-9-Velocita\u0300-Argento-Placcato.jpg\/kitchenaid-sbattitore-elettrico-9-velocita-cc-80-argento-placcato.jpg?ssl=1\",\"datePublished\":\"2026-04-12T07:47:20+00:00\",\"description\":\"Der elektrische Schneebesen f\u00fcr vielbesch\u00e4ftigte K\u00f6che Der KitchenAid 5KHM9212 9-Gang-Schneebesen ist kompakt und liefert dennoch gro\u00dfartige Ergebnisse.\",\"breadcrumb\":{\"@id\":\"https:\/\/dev6.erresse-shop.it\/de\/shop\/kleine-elektrogeraete\/mischer\/kitchenaid-elektrischer-schneebesen-9-geschwindigkeiten-versilbert\/#breadcrumb\"},\"inLanguage\":\"de\",\"potentialAction\":[{\"@type\":\"ReadAction\",\"target\":[\"https:\/\/dev6.erresse-shop.it\/de\/shop\/kleine-elektrogeraete\/mischer\/kitchenaid-elektrischer-schneebesen-9-geschwindigkeiten-versilbert\/\"]}]},{\"@type\":\"ImageObject\",\"inLanguage\":\"de\",\"@id\":\"https:\/\/dev6.erresse-shop.it\/de\/shop\/kleine-elektrogeraete\/mischer\/kitchenaid-elektrischer-schneebesen-9-geschwindigkeiten-versilbert\/#primaryimage\",\"url\":\"https:\/\/i1.wp.com\/interpim.erresse-shop.it\/wp-content\/uploads\/2023\/07\/KITCHENAID-Sbattitore-Elettrico-9-Velocita\u0300-Argento-Placcato.jpg\/kitchenaid-sbattitore-elettrico-9-velocita-cc-80-argento-placcato.jpg?ssl=1\",\"contentUrl\":\"https:\/\/i1.wp.com\/interpim.erresse-shop.it\/wp-content\/uploads\/2023\/07\/KITCHENAID-Sbattitore-Elettrico-9-Velocita\u0300-Argento-Placcato.jpg\/kitchenaid-sbattitore-elettrico-9-velocita-cc-80-argento-placcato.jpg?ssl=1\"},{\"@type\":\"BreadcrumbList\",\"@id\":\"https:\/\/dev6.erresse-shop.it\/de\/shop\/kleine-elektrogeraete\/mischer\/kitchenaid-elektrischer-schneebesen-9-geschwindigkeiten-versilbert\/#breadcrumb\",\"itemListElement\":[{\"@type\":\"ListItem\",\"position\":1,\"name\":\"Home\",\"item\":\"https:\/\/dev6.erresse-shop.it\/\"},{\"@type\":\"ListItem\",\"position\":2,\"name\":\"Shop\",\"item\":\"https:\/\/dev6.erresse-shop.it\/shop\/\"},{\"@type\":\"ListItem\",\"position\":3,\"name\":\"KITCHENAID Elektrischer Schneebesen 9 Geschwindigkeiten Versilbert\"}]},{\"@type\":\"WebSite\",\"@id\":\"https:\/\/dev6.erresse-shop.it\/#website\",\"url\":\"https:\/\/dev6.erresse-shop.it\/\",\"name\":\"Erresse Shop\",\"description\":\"\",\"publisher\":{\"@id\":\"https:\/\/dev6.erresse-shop.it\/#organization\"},\"potentialAction\":[{\"@type\":\"SearchAction\",\"target\":{\"@type\":\"EntryPoint\",\"urlTemplate\":\"https:\/\/dev6.erresse-shop.it\/?s={search_term_string}\"},\"query-input\":{\"@type\":\"PropertyValueSpecification\",\"valueRequired\":true,\"valueName\":\"search_term_string\"}}],\"inLanguage\":\"de\"},{\"@type\":\"Organization\",\"@id\":\"https:\/\/dev6.erresse-shop.it\/#organization\",\"name\":\"Erresse Shop\",\"url\":\"https:\/\/dev6.erresse-shop.it\/\",\"logo\":{\"@type\":\"ImageObject\",\"inLanguage\":\"de\",\"@id\":\"https:\/\/dev6.erresse-shop.it\/#\/schema\/logo\/image\/\",\"url\":\"https:\/\/dev6.erresse-shop.it\/wp-content\/uploads\/2025\/01\/LOGO-ERRESSE-CLASSICO.svg\",\"contentUrl\":\"https:\/\/dev6.erresse-shop.it\/wp-content\/uploads\/2025\/01\/LOGO-ERRESSE-CLASSICO.svg\",\"caption\":\"Erresse Shop\"},\"image\":{\"@id\":\"https:\/\/dev6.erresse-shop.it\/#\/schema\/logo\/image\/\"}}]}<\/script>\n<!-- \/ Yoast SEO plugin. -->","yoast_head_json":{"title":"KITCHENAID Elektrischer Schneebesen 9 Geschwindigkeiten Versilbert - dev6 Erresse","description":"Der elektrische Schneebesen f\u00fcr vielbesch\u00e4ftigte K\u00f6che Der KitchenAid 5KHM9212 9-Gang-Schneebesen ist kompakt und liefert dennoch gro\u00dfartige Ergebnisse.","robots":{"index":"noindex","follow":"follow","max-snippet":"max-snippet:-1","max-image-preview":"max-image-preview:large","max-video-preview":"max-video-preview:-1"},"og_locale":"de_DE","og_type":"article","og_title":"KITCHENAID Elektrischer Schneebesen 9 Geschwindigkeiten Versilbert - dev6 Erresse","og_description":"Der elektrische Schneebesen f\u00fcr vielbesch\u00e4ftigte K\u00f6che Der KitchenAid 5KHM9212 9-Gang-Schneebesen ist kompakt und liefert dennoch gro\u00dfartige Ergebnisse.","og_url":"https:\/\/dev6.erresse-shop.it\/de\/shop\/kleine-elektrogeraete\/mischer\/kitchenaid-elektrischer-schneebesen-9-geschwindigkeiten-versilbert\/","og_site_name":"dev6 Erresse","og_image":[{"url":"https:\/\/interpim.erresse-shop.it\/wp-content\/uploads\/2023\/07\/KITCHENAID-Sbattitore-Elettrico-9-Velocita\u0300-Argento-Placcato.jpg\/kitchenaid-sbattitore-elettrico-9-velocita-cc-80-argento-placcato.jpg","type":"","width":"","height":""},{"url":"https:\/\/interpim.erresse-shop.it\/wp-content\/uploads\/2023\/07\/KITCHENAID-Sbattitore-Elettrico-9-Velocita\u0300-Argento-Placcato.jpg\/kitchenaid-sbattitore-elettrico-9-velocita-cc-80-argento-placcato.jpg","width":1024,"height":1024,"type":"image\/jpeg"}],"twitter_card":"summary_large_image","twitter_image":"https:\/\/interpim.erresse-shop.it\/wp-content\/uploads\/2023\/07\/KITCHENAID-Sbattitore-Elettrico-9-Velocita\u0300-Argento-Placcato.jpg\/kitchenaid-sbattitore-elettrico-9-velocita-cc-80-argento-placcato.jpg","schema":{"@context":"https:\/\/schema.org","@graph":[{"@type":"WebPage","@id":"https:\/\/dev6.erresse-shop.it\/de\/shop\/kleine-elektrogeraete\/mischer\/kitchenaid-elektrischer-schneebesen-9-geschwindigkeiten-versilbert\/","url":"https:\/\/dev6.erresse-shop.it\/de\/shop\/kleine-elektrogeraete\/mischer\/kitchenaid-elektrischer-schneebesen-9-geschwindigkeiten-versilbert\/","name":"KITCHENAID Elektrischer Schneebesen 9 Geschwindigkeiten Versilbert - dev6 Erresse","isPartOf":{"@id":"https:\/\/dev6.erresse-shop.it\/#website"},"primaryImageOfPage":{"@id":"https:\/\/dev6.erresse-shop.it\/de\/shop\/kleine-elektrogeraete\/mischer\/kitchenaid-elektrischer-schneebesen-9-geschwindigkeiten-versilbert\/#primaryimage"},"image":{"@id":"https:\/\/dev6.erresse-shop.it\/de\/shop\/kleine-elektrogeraete\/mischer\/kitchenaid-elektrischer-schneebesen-9-geschwindigkeiten-versilbert\/#primaryimage"},"thumbnailUrl":"https:\/\/i1.wp.com\/interpim.erresse-shop.it\/wp-content\/uploads\/2023\/07\/KITCHENAID-Sbattitore-Elettrico-9-Velocita\u0300-Argento-Placcato.jpg\/kitchenaid-sbattitore-elettrico-9-velocita-cc-80-argento-placcato.jpg?ssl=1","datePublished":"2026-04-12T07:47:20+00:00","description":"Der elektrische Schneebesen f\u00fcr vielbesch\u00e4ftigte K\u00f6che Der KitchenAid 5KHM9212 9-Gang-Schneebesen ist kompakt und liefert dennoch gro\u00dfartige Ergebnisse.","breadcrumb":{"@id":"https:\/\/dev6.erresse-shop.it\/de\/shop\/kleine-elektrogeraete\/mischer\/kitchenaid-elektrischer-schneebesen-9-geschwindigkeiten-versilbert\/#breadcrumb"},"inLanguage":"de","potentialAction":[{"@type":"ReadAction","target":["https:\/\/dev6.erresse-shop.it\/de\/shop\/kleine-elektrogeraete\/mischer\/kitchenaid-elektrischer-schneebesen-9-geschwindigkeiten-versilbert\/"]}]},{"@type":"ImageObject","inLanguage":"de","@id":"https:\/\/dev6.erresse-shop.it\/de\/shop\/kleine-elektrogeraete\/mischer\/kitchenaid-elektrischer-schneebesen-9-geschwindigkeiten-versilbert\/#primaryimage","url":"https:\/\/i1.wp.com\/interpim.erresse-shop.it\/wp-content\/uploads\/2023\/07\/KITCHENAID-Sbattitore-Elettrico-9-Velocita\u0300-Argento-Placcato.jpg\/kitchenaid-sbattitore-elettrico-9-velocita-cc-80-argento-placcato.jpg?ssl=1","contentUrl":"https:\/\/i1.wp.com\/interpim.erresse-shop.it\/wp-content\/uploads\/2023\/07\/KITCHENAID-Sbattitore-Elettrico-9-Velocita\u0300-Argento-Placcato.jpg\/kitchenaid-sbattitore-elettrico-9-velocita-cc-80-argento-placcato.jpg?ssl=1"},{"@type":"BreadcrumbList","@id":"https:\/\/dev6.erresse-shop.it\/de\/shop\/kleine-elektrogeraete\/mischer\/kitchenaid-elektrischer-schneebesen-9-geschwindigkeiten-versilbert\/#breadcrumb","itemListElement":[{"@type":"ListItem","position":1,"name":"Home","item":"https:\/\/dev6.erresse-shop.it\/"},{"@type":"ListItem","position":2,"name":"Shop","item":"https:\/\/dev6.erresse-shop.it\/shop\/"},{"@type":"ListItem","position":3,"name":"KITCHENAID Elektrischer Schneebesen 9 Geschwindigkeiten Versilbert"}]},{"@type":"WebSite","@id":"https:\/\/dev6.erresse-shop.it\/#website","url":"https:\/\/dev6.erresse-shop.it\/","name":"Erresse Shop","description":"","publisher":{"@id":"https:\/\/dev6.erresse-shop.it\/#organization"},"potentialAction":[{"@type":"SearchAction","target":{"@type":"EntryPoint","urlTemplate":"https:\/\/dev6.erresse-shop.it\/?s={search_term_string}"},"query-input":{"@type":"PropertyValueSpecification","valueRequired":true,"valueName":"search_term_string"}}],"inLanguage":"de"},{"@type":"Organization","@id":"https:\/\/dev6.erresse-shop.it\/#organization","name":"Erresse Shop","url":"https:\/\/dev6.erresse-shop.it\/","logo":{"@type":"ImageObject","inLanguage":"de","@id":"https:\/\/dev6.erresse-shop.it\/#\/schema\/logo\/image\/","url":"https:\/\/dev6.erresse-shop.it\/wp-content\/uploads\/2025\/01\/LOGO-ERRESSE-CLASSICO.svg","contentUrl":"https:\/\/dev6.erresse-shop.it\/wp-content\/uploads\/2025\/01\/LOGO-ERRESSE-CLASSICO.svg","caption":"Erresse Shop"},"image":{"@id":"https:\/\/dev6.erresse-shop.it\/#\/schema\/logo\/image\/"}}]}},"df_price":139.95,"df_sale_price":139.95,"df_regular_price":169,"df_image_link":"https:\/\/i1.wp.com\/interpim.erresse-shop.it\/wp-content\/uploads\/2023\/07\/KITCHENAID-Sbattitore-Elettrico-9-Velocita\u0300-Argento-Placcato.jpg\/kitchenaid-sbattitore-elettrico-9-velocita-cc-80-argento-placcato.jpg?resize=300,300&ssl=1","fifu_image_url":"https:\/\/interpim.erresse-shop.it\/wp-content\/uploads\/2023\/07\/KITCHENAID-Sbattitore-Elettrico-9-Velocita\u0300-Argento-Placcato.jpg\/kitchenaid-sbattitore-elettrico-9-velocita-cc-80-argento-placcato.jpg","_links":{"self":[{"href":"https:\/\/dev6.erresse-shop.it\/de\/wp-json\/wp\/v2\/product\/52822","targetHints":{"allow":["GET"]}}],"collection":[{"href":"https:\/\/dev6.erresse-shop.it\/de\/wp-json\/wp\/v2\/product"}],"about":[{"href":"https:\/\/dev6.erresse-shop.it\/de\/wp-json\/wp\/v2\/types\/product"}],"wp:featuredmedia":[{"embeddable":true,"href":"https:\/\/dev6.erresse-shop.it\/de\/wp-json\/wp\/v2\/media\/6363094"}],"wp:attachment":[{"href":"https:\/\/dev6.erresse-shop.it\/de\/wp-json\/wp\/v2\/media?parent=52822"}],"wp:term":[{"taxonomy":"product_cat","embeddable":true,"href":"https:\/\/dev6.erresse-shop.it\/de\/wp-json\/wp\/v2\/product_cat?post=52822"},{"taxonomy":"product_tag","embeddable":true,"href":"https:\/\/dev6.erresse-shop.it\/de\/wp-json\/wp\/v2\/product_tag?post=52822"}],"curies":[{"name":"wp","href":"https:\/\/api.w.org\/{rel}","templated":true}]}}